{"id":573019,"date":"2025-10-16T02:29:28","date_gmt":"2025-10-16T00:29:28","guid":{"rendered":"https:\/\/perle-in.com\/produit\/gobelet-hudson-double-paroi-en-plastique-recycle-de-180-ml\/"},"modified":"2025-10-16T02:29:34","modified_gmt":"2025-10-16T00:29:34","slug":"gobelet-hudson-double-paroi-en-plastique-recycle-de-180-ml","status":"publish","type":"product","link":"https:\/\/perle-in.com\/en\/product\/gobelet-hudson-double-paroi-en-plastique-recycle-de-180-ml\/","title":{"rendered":"Gobelet Hudson double paroi en plastique recycl\u00e9 de 180\u00a0ml"},"content":{"rendered":"","protected":false},"excerpt":{"rendered":"<p>Gobelet au design simple qui s&#8217;adapte \u00e0 la plupart des machines \u00e0 caf\u00e9 et des porte-gobelets de voiture. Construction \u00e0 double paroi avec un ext\u00e9rieur en plastique PP recycl\u00e9 et un int\u00e9rieur en plastique PP. Le couvercle coulissant est fabriqu\u00e9 en plastique AS et PP. Capacit\u00e9\u00a0: 180\u00a0ml.<\/p>","protected":false},"featured_media":573007,"template":"","meta":{"_eb_attr":""},"product_brand":[],"product_cat":[173,1209],"product_tag":[275,225,308,190,227],"class_list":{"0":"post-573019","1":"product","2":"type-product","3":"status-publish","4":"has-post-thumbnail","6":"product_cat-drinkware","7":"product_cat-mugs-pour-voyager","8":"product_tag-boissons","9":"product_tag-cafe","10":"product_tag-gobelet","11":"product_tag-mug","12":"product_tag-the","13":"pa_couleurs-blanc","14":"pa_couleurs-bleu","15":"pa_couleurs-marine","16":"pa_couleurs-noir","17":"pa_couleurs-rouge","18":"pa_green-points-2139","19":"pa_matiere-plastique-recycle","21":"first","22":"instock","23":"shipping-taxable","24":"purchasable","25":"product-type-variable"},"yoast_head":"<!-- This site is optimized with the Yoast SEO plugin v27.4 - https:\/\/yoast.com\/product\/yoast-seo-wordpress\/ -->\n<title>Gobelet Hudson double paroi en plastique recycl\u00e9 de 180\u00a0ml - PERLE IN<\/title>\n<meta name=\"robots\" content=\"noindex, follow, max-snippet:-1, max-image-preview:large, max-video-preview:-1\" \/>\n<meta property=\"og:locale\" content=\"en_US\" \/>\n<meta property=\"og:type\" content=\"article\" \/>\n<meta property=\"og:title\" content=\"Gobelet Hudson double paroi en plastique recycl\u00e9 de 180\u00a0ml - PERLE IN\" \/>\n<meta property=\"og:description\" content=\"Gobelet au design simple qui s&#039;adapte \u00e0 la plupart des machines \u00e0 caf\u00e9 et des porte-gobelets de voiture. Construction \u00e0 double paroi avec un ext\u00e9rieur en plastique PP recycl\u00e9 et un int\u00e9rieur en plastique PP. Le couvercle coulissant est fabriqu\u00e9 en plastique AS et PP. Capacit\u00e9\u00a0: 180\u00a0ml.\" \/>\n<meta property=\"og:url\" content=\"https:\/\/perle-in.com\/en\/product\/gobelet-hudson-double-paroi-en-plastique-recycle-de-180-ml\/\" \/>\n<meta property=\"og:site_name\" content=\"PERLE IN\" \/>\n<meta property=\"article:modified_time\" content=\"2025-10-16T00:29:34+00:00\" \/>\n<meta property=\"og:image\" content=\"https:\/\/perle-in.com\/wp-content\/uploads\/2025\/10\/10085201-1.jpg\" \/>\n\t<meta property=\"og:image:width\" content=\"1600\" \/>\n\t<meta property=\"og:image:height\" content=\"1600\" \/>\n\t<meta property=\"og:image:type\" content=\"image\/jpeg\" \/>\n<meta name=\"twitter:card\" content=\"summary_large_image\" \/>\n<script type=\"application\/ld+json\" class=\"yoast-schema-graph\">{\"@context\":\"https:\\\/\\\/schema.org\",\"@graph\":[{\"@type\":\"WebPage\",\"@id\":\"https:\\\/\\\/perle-in.com\\\/produit\\\/gobelet-hudson-double-paroi-en-plastique-recycle-de-180-ml\\\/\",\"url\":\"https:\\\/\\\/perle-in.com\\\/produit\\\/gobelet-hudson-double-paroi-en-plastique-recycle-de-180-ml\\\/\",\"name\":\"Gobelet Hudson double paroi en plastique recycl\u00e9 de 180\u00a0ml - PERLE IN\",\"isPartOf\":{\"@id\":\"https:\\\/\\\/perle-in.com\\\/#website\"},\"primaryImageOfPage\":{\"@id\":\"https:\\\/\\\/perle-in.com\\\/produit\\\/gobelet-hudson-double-paroi-en-plastique-recycle-de-180-ml\\\/#primaryimage\"},\"image\":{\"@id\":\"https:\\\/\\\/perle-in.com\\\/produit\\\/gobelet-hudson-double-paroi-en-plastique-recycle-de-180-ml\\\/#primaryimage\"},\"thumbnailUrl\":\"https:\\\/\\\/perle-in.com\\\/wp-content\\\/uploads\\\/2025\\\/10\\\/10085201-1.jpg\",\"datePublished\":\"2025-10-16T00:29:28+00:00\",\"dateModified\":\"2025-10-16T00:29:34+00:00\",\"breadcrumb\":{\"@id\":\"https:\\\/\\\/perle-in.com\\\/produit\\\/gobelet-hudson-double-paroi-en-plastique-recycle-de-180-ml\\\/#breadcrumb\"},\"inLanguage\":\"en-CA\",\"potentialAction\":[{\"@type\":\"ReadAction\",\"target\":[\"https:\\\/\\\/perle-in.com\\\/produit\\\/gobelet-hudson-double-paroi-en-plastique-recycle-de-180-ml\\\/\"]}]},{\"@type\":\"ImageObject\",\"inLanguage\":\"en-CA\",\"@id\":\"https:\\\/\\\/perle-in.com\\\/produit\\\/gobelet-hudson-double-paroi-en-plastique-recycle-de-180-ml\\\/#primaryimage\",\"url\":\"https:\\\/\\\/perle-in.com\\\/wp-content\\\/uploads\\\/2025\\\/10\\\/10085201-1.jpg\",\"contentUrl\":\"https:\\\/\\\/perle-in.com\\\/wp-content\\\/uploads\\\/2025\\\/10\\\/10085201-1.jpg\",\"width\":1600,\"height\":1600},{\"@type\":\"BreadcrumbList\",\"@id\":\"https:\\\/\\\/perle-in.com\\\/produit\\\/gobelet-hudson-double-paroi-en-plastique-recycle-de-180-ml\\\/#breadcrumb\",\"itemListElement\":[{\"@type\":\"ListItem\",\"position\":1,\"name\":\"Accueil\",\"item\":\"https:\\\/\\\/perle-in.com\\\/\"},{\"@type\":\"ListItem\",\"position\":2,\"name\":\"Boutique\",\"item\":\"https:\\\/\\\/perle-in.com\\\/boutique\\\/\"},{\"@type\":\"ListItem\",\"position\":3,\"name\":\"Gobelet Hudson double paroi en plastique recycl\u00e9 de 180\u00a0ml\"}]},{\"@type\":\"WebSite\",\"@id\":\"https:\\\/\\\/perle-in.com\\\/#website\",\"url\":\"https:\\\/\\\/perle-in.com\\\/\",\"name\":\"PERLE IN\",\"description\":\"\",\"publisher\":{\"@id\":\"https:\\\/\\\/perle-in.com\\\/#organization\"},\"potentialAction\":[{\"@type\":\"SearchAction\",\"target\":{\"@type\":\"EntryPoint\",\"urlTemplate\":\"https:\\\/\\\/perle-in.com\\\/?s={search_term_string}\"},\"query-input\":{\"@type\":\"PropertyValueSpecification\",\"valueRequired\":true,\"valueName\":\"search_term_string\"}}],\"inLanguage\":\"en-CA\"},{\"@type\":\"Organization\",\"@id\":\"https:\\\/\\\/perle-in.com\\\/#organization\",\"name\":\"PERLE IN\",\"url\":\"https:\\\/\\\/perle-in.com\\\/\",\"logo\":{\"@type\":\"ImageObject\",\"inLanguage\":\"en-CA\",\"@id\":\"https:\\\/\\\/perle-in.com\\\/#\\\/schema\\\/logo\\\/image\\\/\",\"url\":\"https:\\\/\\\/perle-in.com\\\/wp-content\\\/uploads\\\/2022\\\/12\\\/LOGO-PERLE-IN-COULEUR@3x.webp\",\"contentUrl\":\"https:\\\/\\\/perle-in.com\\\/wp-content\\\/uploads\\\/2022\\\/12\\\/LOGO-PERLE-IN-COULEUR@3x.webp\",\"width\":1600,\"height\":490,\"caption\":\"PERLE IN\"},\"image\":{\"@id\":\"https:\\\/\\\/perle-in.com\\\/#\\\/schema\\\/logo\\\/image\\\/\"}}]}<\/script>\n<!-- \/ Yoast SEO plugin. -->","yoast_head_json":{"title":"Gobelet Hudson double paroi en plastique recycl\u00e9 de 180\u00a0ml - PERLE IN","robots":{"index":"noindex","follow":"follow","max-snippet":"max-snippet:-1","max-image-preview":"max-image-preview:large","max-video-preview":"max-video-preview:-1"},"og_locale":"en_US","og_type":"article","og_title":"Gobelet Hudson double paroi en plastique recycl\u00e9 de 180\u00a0ml - PERLE IN","og_description":"Gobelet au design simple qui s'adapte \u00e0 la plupart des machines \u00e0 caf\u00e9 et des porte-gobelets de voiture. Construction \u00e0 double paroi avec un ext\u00e9rieur en plastique PP recycl\u00e9 et un int\u00e9rieur en plastique PP. Le couvercle coulissant est fabriqu\u00e9 en plastique AS et PP. Capacit\u00e9\u00a0: 180\u00a0ml.","og_url":"https:\/\/perle-in.com\/en\/product\/gobelet-hudson-double-paroi-en-plastique-recycle-de-180-ml\/","og_site_name":"PERLE IN","article_modified_time":"2025-10-16T00:29:34+00:00","og_image":[{"width":1600,"height":1600,"url":"https:\/\/perle-in.com\/wp-content\/uploads\/2025\/10\/10085201-1.jpg","type":"image\/jpeg"}],"twitter_card":"summary_large_image","schema":{"@context":"https:\/\/schema.org","@graph":[{"@type":"WebPage","@id":"https:\/\/perle-in.com\/produit\/gobelet-hudson-double-paroi-en-plastique-recycle-de-180-ml\/","url":"https:\/\/perle-in.com\/produit\/gobelet-hudson-double-paroi-en-plastique-recycle-de-180-ml\/","name":"Gobelet Hudson double paroi en plastique recycl\u00e9 de 180\u00a0ml - PERLE IN","isPartOf":{"@id":"https:\/\/perle-in.com\/#website"},"primaryImageOfPage":{"@id":"https:\/\/perle-in.com\/produit\/gobelet-hudson-double-paroi-en-plastique-recycle-de-180-ml\/#primaryimage"},"image":{"@id":"https:\/\/perle-in.com\/produit\/gobelet-hudson-double-paroi-en-plastique-recycle-de-180-ml\/#primaryimage"},"thumbnailUrl":"https:\/\/perle-in.com\/wp-content\/uploads\/2025\/10\/10085201-1.jpg","datePublished":"2025-10-16T00:29:28+00:00","dateModified":"2025-10-16T00:29:34+00:00","breadcrumb":{"@id":"https:\/\/perle-in.com\/produit\/gobelet-hudson-double-paroi-en-plastique-recycle-de-180-ml\/#breadcrumb"},"inLanguage":"en-CA","potentialAction":[{"@type":"ReadAction","target":["https:\/\/perle-in.com\/produit\/gobelet-hudson-double-paroi-en-plastique-recycle-de-180-ml\/"]}]},{"@type":"ImageObject","inLanguage":"en-CA","@id":"https:\/\/perle-in.com\/produit\/gobelet-hudson-double-paroi-en-plastique-recycle-de-180-ml\/#primaryimage","url":"https:\/\/perle-in.com\/wp-content\/uploads\/2025\/10\/10085201-1.jpg","contentUrl":"https:\/\/perle-in.com\/wp-content\/uploads\/2025\/10\/10085201-1.jpg","width":1600,"height":1600},{"@type":"BreadcrumbList","@id":"https:\/\/perle-in.com\/produit\/gobelet-hudson-double-paroi-en-plastique-recycle-de-180-ml\/#breadcrumb","itemListElement":[{"@type":"ListItem","position":1,"name":"Accueil","item":"https:\/\/perle-in.com\/"},{"@type":"ListItem","position":2,"name":"Boutique","item":"https:\/\/perle-in.com\/boutique\/"},{"@type":"ListItem","position":3,"name":"Gobelet Hudson double paroi en plastique recycl\u00e9 de 180\u00a0ml"}]},{"@type":"WebSite","@id":"https:\/\/perle-in.com\/#website","url":"https:\/\/perle-in.com\/","name":"PERLE IN","description":"","publisher":{"@id":"https:\/\/perle-in.com\/#organization"},"potentialAction":[{"@type":"SearchAction","target":{"@type":"EntryPoint","urlTemplate":"https:\/\/perle-in.com\/?s={search_term_string}"},"query-input":{"@type":"PropertyValueSpecification","valueRequired":true,"valueName":"search_term_string"}}],"inLanguage":"en-CA"},{"@type":"Organization","@id":"https:\/\/perle-in.com\/#organization","name":"PERLE IN","url":"https:\/\/perle-in.com\/","logo":{"@type":"ImageObject","inLanguage":"en-CA","@id":"https:\/\/perle-in.com\/#\/schema\/logo\/image\/","url":"https:\/\/perle-in.com\/wp-content\/uploads\/2022\/12\/LOGO-PERLE-IN-COULEUR@3x.webp","contentUrl":"https:\/\/perle-in.com\/wp-content\/uploads\/2022\/12\/LOGO-PERLE-IN-COULEUR@3x.webp","width":1600,"height":490,"caption":"PERLE IN"},"image":{"@id":"https:\/\/perle-in.com\/#\/schema\/logo\/image\/"}}]}},"jetpack_sharing_enabled":true,"_links":{"self":[{"href":"https:\/\/perle-in.com\/en\/wp-json\/wp\/v2\/product\/573019","targetHints":{"allow":["GET"]}}],"collection":[{"href":"https:\/\/perle-in.com\/en\/wp-json\/wp\/v2\/product"}],"about":[{"href":"https:\/\/perle-in.com\/en\/wp-json\/wp\/v2\/types\/product"}],"version-history":[{"count":0,"href":"https:\/\/perle-in.com\/en\/wp-json\/wp\/v2\/product\/573019\/revisions"}],"wp:featuredmedia":[{"embeddable":true,"href":"https:\/\/perle-in.com\/en\/wp-json\/wp\/v2\/media\/573007"}],"wp:attachment":[{"href":"https:\/\/perle-in.com\/en\/wp-json\/wp\/v2\/media?parent=573019"}],"wp:term":[{"taxonomy":"product_brand","embeddable":true,"href":"https:\/\/perle-in.com\/en\/wp-json\/wp\/v2\/product_brand?post=573019"},{"taxonomy":"product_cat","embeddable":true,"href":"https:\/\/perle-in.com\/en\/wp-json\/wp\/v2\/product_cat?post=573019"},{"taxonomy":"product_tag","embeddable":true,"href":"https:\/\/perle-in.com\/en\/wp-json\/wp\/v2\/product_tag?post=573019"}],"curies":[{"name":"wp","href":"https:\/\/api.w.org\/{rel}","templated":true}]}}