{"id":573003,"date":"2025-10-16T02:28:30","date_gmt":"2025-10-16T00:28:30","guid":{"rendered":"https:\/\/perle-in.com\/produit\/gobelet-camden-de-350-ml-en-acier-inoxydable-certifie-rcs\/"},"modified":"2025-10-16T02:28:33","modified_gmt":"2025-10-16T00:28:33","slug":"gobelet-camden-de-350-ml-en-acier-inoxydable-certifie-rcs","status":"publish","type":"product","link":"https:\/\/perle-in.com\/en\/product\/gobelet-camden-de-350-ml-en-acier-inoxydable-certifie-rcs\/","title":{"rendered":"Gobelet Camden de 350\u00a0ml en acier inoxydable certifi\u00e9 RCS"},"content":{"rendered":"","protected":false},"excerpt":{"rendered":"<p>Gobelet \u00e0 emporter de qualit\u00e9 sup\u00e9rieure dot\u00e9 d&#8217;un m\u00e9canisme d&#8217;ouverture pratique en acier inoxydable qui permet de l&#8217;utiliser d&#8217;une seule main. Corps en acier inoxydable certifi\u00e9 RCS avec un rev\u00eatement durable. Le couvercle est en acier inoxydable certifi\u00e9 RCS et en plastique PP. Rev\u00eatement cuivre et int\u00e9rieur c\u00e9ramique. S&#8217;adapte \u00e0 la plupart des porte-gobelets de voiture. Les boissons restent chaudes pendant 12\u00a0heures ou froides pendant 24\u00a0heures. Livr\u00e9 dans un coffret cadeau en carton recycl\u00e9. Capacit\u00e9\u00a0: 350\u00a0ml.<\/p>","protected":false},"featured_media":572994,"template":"","meta":{"_eb_attr":""},"product_brand":[],"product_cat":[173,1209],"product_tag":[275,225,837,308,190,2884,836,227],"class_list":{"0":"post-573003","1":"product","2":"type-product","3":"status-publish","4":"has-post-thumbnail","6":"product_cat-drinkware","7":"product_cat-mugs-pour-voyager","8":"product_tag-boissons","9":"product_tag-cafe","10":"product_tag-durable","11":"product_tag-gobelet","12":"product_tag-mug","13":"product_tag-rcs","14":"product_tag-recycle","15":"product_tag-the","16":"pa_couleurs-argent","17":"pa_couleurs-blanc","18":"pa_couleurs-noir","19":"pa_green-points-3218","20":"pa_matiere-acier-inoxydable-recycle-certifie-rcs","22":"first","23":"instock","24":"shipping-taxable","25":"purchasable","26":"product-type-variable"},"yoast_head":"<!-- This site is optimized with the Yoast SEO plugin v27.4 - https:\/\/yoast.com\/product\/yoast-seo-wordpress\/ -->\n<title>Gobelet Camden de 350\u00a0ml en acier inoxydable certifi\u00e9 RCS - PERLE IN<\/title>\n<meta name=\"robots\" content=\"noindex, follow, max-snippet:-1, max-image-preview:large, max-video-preview:-1\" \/>\n<meta property=\"og:locale\" content=\"en_US\" \/>\n<meta property=\"og:type\" content=\"article\" \/>\n<meta property=\"og:title\" content=\"Gobelet Camden de 350\u00a0ml en acier inoxydable certifi\u00e9 RCS - PERLE IN\" \/>\n<meta property=\"og:description\" content=\"Gobelet \u00e0 emporter de qualit\u00e9 sup\u00e9rieure dot\u00e9 d&#039;un m\u00e9canisme d&#039;ouverture pratique en acier inoxydable qui permet de l&#039;utiliser d&#039;une seule main. Corps en acier inoxydable certifi\u00e9 RCS avec un rev\u00eatement durable. Le couvercle est en acier inoxydable certifi\u00e9 RCS et en plastique PP. Rev\u00eatement cuivre et int\u00e9rieur c\u00e9ramique. S&#039;adapte \u00e0 la plupart des porte-gobelets de voiture. Les boissons restent chaudes pendant 12\u00a0heures ou froides pendant 24\u00a0heures. Livr\u00e9 dans un coffret cadeau en carton recycl\u00e9. Capacit\u00e9\u00a0: 350\u00a0ml.\" \/>\n<meta property=\"og:url\" content=\"https:\/\/perle-in.com\/en\/product\/gobelet-camden-de-350-ml-en-acier-inoxydable-certifie-rcs\/\" \/>\n<meta property=\"og:site_name\" content=\"PERLE IN\" \/>\n<meta property=\"article:modified_time\" content=\"2025-10-16T00:28:33+00:00\" \/>\n<meta property=\"og:image\" content=\"https:\/\/perle-in.com\/wp-content\/uploads\/2025\/10\/10084901-1.jpg\" \/>\n\t<meta property=\"og:image:width\" content=\"1600\" \/>\n\t<meta property=\"og:image:height\" content=\"1600\" \/>\n\t<meta property=\"og:image:type\" content=\"image\/jpeg\" \/>\n<meta name=\"twitter:card\" content=\"summary_large_image\" \/>\n<script type=\"application\/ld+json\" class=\"yoast-schema-graph\">{\"@context\":\"https:\\\/\\\/schema.org\",\"@graph\":[{\"@type\":\"WebPage\",\"@id\":\"https:\\\/\\\/perle-in.com\\\/produit\\\/gobelet-camden-de-350-ml-en-acier-inoxydable-certifie-rcs\\\/\",\"url\":\"https:\\\/\\\/perle-in.com\\\/produit\\\/gobelet-camden-de-350-ml-en-acier-inoxydable-certifie-rcs\\\/\",\"name\":\"Gobelet Camden de 350\u00a0ml en acier inoxydable certifi\u00e9 RCS - PERLE IN\",\"isPartOf\":{\"@id\":\"https:\\\/\\\/perle-in.com\\\/#website\"},\"primaryImageOfPage\":{\"@id\":\"https:\\\/\\\/perle-in.com\\\/produit\\\/gobelet-camden-de-350-ml-en-acier-inoxydable-certifie-rcs\\\/#primaryimage\"},\"image\":{\"@id\":\"https:\\\/\\\/perle-in.com\\\/produit\\\/gobelet-camden-de-350-ml-en-acier-inoxydable-certifie-rcs\\\/#primaryimage\"},\"thumbnailUrl\":\"https:\\\/\\\/perle-in.com\\\/wp-content\\\/uploads\\\/2025\\\/10\\\/10084901-1.jpg\",\"datePublished\":\"2025-10-16T00:28:30+00:00\",\"dateModified\":\"2025-10-16T00:28:33+00:00\",\"breadcrumb\":{\"@id\":\"https:\\\/\\\/perle-in.com\\\/produit\\\/gobelet-camden-de-350-ml-en-acier-inoxydable-certifie-rcs\\\/#breadcrumb\"},\"inLanguage\":\"en-CA\",\"potentialAction\":[{\"@type\":\"ReadAction\",\"target\":[\"https:\\\/\\\/perle-in.com\\\/produit\\\/gobelet-camden-de-350-ml-en-acier-inoxydable-certifie-rcs\\\/\"]}]},{\"@type\":\"ImageObject\",\"inLanguage\":\"en-CA\",\"@id\":\"https:\\\/\\\/perle-in.com\\\/produit\\\/gobelet-camden-de-350-ml-en-acier-inoxydable-certifie-rcs\\\/#primaryimage\",\"url\":\"https:\\\/\\\/perle-in.com\\\/wp-content\\\/uploads\\\/2025\\\/10\\\/10084901-1.jpg\",\"contentUrl\":\"https:\\\/\\\/perle-in.com\\\/wp-content\\\/uploads\\\/2025\\\/10\\\/10084901-1.jpg\",\"width\":1600,\"height\":1600},{\"@type\":\"BreadcrumbList\",\"@id\":\"https:\\\/\\\/perle-in.com\\\/produit\\\/gobelet-camden-de-350-ml-en-acier-inoxydable-certifie-rcs\\\/#breadcrumb\",\"itemListElement\":[{\"@type\":\"ListItem\",\"position\":1,\"name\":\"Accueil\",\"item\":\"https:\\\/\\\/perle-in.com\\\/\"},{\"@type\":\"ListItem\",\"position\":2,\"name\":\"Boutique\",\"item\":\"https:\\\/\\\/perle-in.com\\\/boutique\\\/\"},{\"@type\":\"ListItem\",\"position\":3,\"name\":\"Gobelet Camden de 350\u00a0ml en acier inoxydable certifi\u00e9 RCS\"}]},{\"@type\":\"WebSite\",\"@id\":\"https:\\\/\\\/perle-in.com\\\/#website\",\"url\":\"https:\\\/\\\/perle-in.com\\\/\",\"name\":\"PERLE IN\",\"description\":\"\",\"publisher\":{\"@id\":\"https:\\\/\\\/perle-in.com\\\/#organization\"},\"potentialAction\":[{\"@type\":\"SearchAction\",\"target\":{\"@type\":\"EntryPoint\",\"urlTemplate\":\"https:\\\/\\\/perle-in.com\\\/?s={search_term_string}\"},\"query-input\":{\"@type\":\"PropertyValueSpecification\",\"valueRequired\":true,\"valueName\":\"search_term_string\"}}],\"inLanguage\":\"en-CA\"},{\"@type\":\"Organization\",\"@id\":\"https:\\\/\\\/perle-in.com\\\/#organization\",\"name\":\"PERLE IN\",\"url\":\"https:\\\/\\\/perle-in.com\\\/\",\"logo\":{\"@type\":\"ImageObject\",\"inLanguage\":\"en-CA\",\"@id\":\"https:\\\/\\\/perle-in.com\\\/#\\\/schema\\\/logo\\\/image\\\/\",\"url\":\"https:\\\/\\\/perle-in.com\\\/wp-content\\\/uploads\\\/2022\\\/12\\\/LOGO-PERLE-IN-COULEUR@3x.webp\",\"contentUrl\":\"https:\\\/\\\/perle-in.com\\\/wp-content\\\/uploads\\\/2022\\\/12\\\/LOGO-PERLE-IN-COULEUR@3x.webp\",\"width\":1600,\"height\":490,\"caption\":\"PERLE IN\"},\"image\":{\"@id\":\"https:\\\/\\\/perle-in.com\\\/#\\\/schema\\\/logo\\\/image\\\/\"}}]}<\/script>\n<!-- \/ Yoast SEO plugin. -->","yoast_head_json":{"title":"Gobelet Camden de 350\u00a0ml en acier inoxydable certifi\u00e9 RCS - PERLE IN","robots":{"index":"noindex","follow":"follow","max-snippet":"max-snippet:-1","max-image-preview":"max-image-preview:large","max-video-preview":"max-video-preview:-1"},"og_locale":"en_US","og_type":"article","og_title":"Gobelet Camden de 350\u00a0ml en acier inoxydable certifi\u00e9 RCS - PERLE IN","og_description":"Gobelet \u00e0 emporter de qualit\u00e9 sup\u00e9rieure dot\u00e9 d'un m\u00e9canisme d'ouverture pratique en acier inoxydable qui permet de l'utiliser d'une seule main. Corps en acier inoxydable certifi\u00e9 RCS avec un rev\u00eatement durable. Le couvercle est en acier inoxydable certifi\u00e9 RCS et en plastique PP. Rev\u00eatement cuivre et int\u00e9rieur c\u00e9ramique. S'adapte \u00e0 la plupart des porte-gobelets de voiture. Les boissons restent chaudes pendant 12\u00a0heures ou froides pendant 24\u00a0heures. Livr\u00e9 dans un coffret cadeau en carton recycl\u00e9. Capacit\u00e9\u00a0: 350\u00a0ml.","og_url":"https:\/\/perle-in.com\/en\/product\/gobelet-camden-de-350-ml-en-acier-inoxydable-certifie-rcs\/","og_site_name":"PERLE IN","article_modified_time":"2025-10-16T00:28:33+00:00","og_image":[{"width":1600,"height":1600,"url":"https:\/\/perle-in.com\/wp-content\/uploads\/2025\/10\/10084901-1.jpg","type":"image\/jpeg"}],"twitter_card":"summary_large_image","schema":{"@context":"https:\/\/schema.org","@graph":[{"@type":"WebPage","@id":"https:\/\/perle-in.com\/produit\/gobelet-camden-de-350-ml-en-acier-inoxydable-certifie-rcs\/","url":"https:\/\/perle-in.com\/produit\/gobelet-camden-de-350-ml-en-acier-inoxydable-certifie-rcs\/","name":"Gobelet Camden de 350\u00a0ml en acier inoxydable certifi\u00e9 RCS - PERLE IN","isPartOf":{"@id":"https:\/\/perle-in.com\/#website"},"primaryImageOfPage":{"@id":"https:\/\/perle-in.com\/produit\/gobelet-camden-de-350-ml-en-acier-inoxydable-certifie-rcs\/#primaryimage"},"image":{"@id":"https:\/\/perle-in.com\/produit\/gobelet-camden-de-350-ml-en-acier-inoxydable-certifie-rcs\/#primaryimage"},"thumbnailUrl":"https:\/\/perle-in.com\/wp-content\/uploads\/2025\/10\/10084901-1.jpg","datePublished":"2025-10-16T00:28:30+00:00","dateModified":"2025-10-16T00:28:33+00:00","breadcrumb":{"@id":"https:\/\/perle-in.com\/produit\/gobelet-camden-de-350-ml-en-acier-inoxydable-certifie-rcs\/#breadcrumb"},"inLanguage":"en-CA","potentialAction":[{"@type":"ReadAction","target":["https:\/\/perle-in.com\/produit\/gobelet-camden-de-350-ml-en-acier-inoxydable-certifie-rcs\/"]}]},{"@type":"ImageObject","inLanguage":"en-CA","@id":"https:\/\/perle-in.com\/produit\/gobelet-camden-de-350-ml-en-acier-inoxydable-certifie-rcs\/#primaryimage","url":"https:\/\/perle-in.com\/wp-content\/uploads\/2025\/10\/10084901-1.jpg","contentUrl":"https:\/\/perle-in.com\/wp-content\/uploads\/2025\/10\/10084901-1.jpg","width":1600,"height":1600},{"@type":"BreadcrumbList","@id":"https:\/\/perle-in.com\/produit\/gobelet-camden-de-350-ml-en-acier-inoxydable-certifie-rcs\/#breadcrumb","itemListElement":[{"@type":"ListItem","position":1,"name":"Accueil","item":"https:\/\/perle-in.com\/"},{"@type":"ListItem","position":2,"name":"Boutique","item":"https:\/\/perle-in.com\/boutique\/"},{"@type":"ListItem","position":3,"name":"Gobelet Camden de 350\u00a0ml en acier inoxydable certifi\u00e9 RCS"}]},{"@type":"WebSite","@id":"https:\/\/perle-in.com\/#website","url":"https:\/\/perle-in.com\/","name":"PERLE IN","description":"","publisher":{"@id":"https:\/\/perle-in.com\/#organization"},"potentialAction":[{"@type":"SearchAction","target":{"@type":"EntryPoint","urlTemplate":"https:\/\/perle-in.com\/?s={search_term_string}"},"query-input":{"@type":"PropertyValueSpecification","valueRequired":true,"valueName":"search_term_string"}}],"inLanguage":"en-CA"},{"@type":"Organization","@id":"https:\/\/perle-in.com\/#organization","name":"PERLE IN","url":"https:\/\/perle-in.com\/","logo":{"@type":"ImageObject","inLanguage":"en-CA","@id":"https:\/\/perle-in.com\/#\/schema\/logo\/image\/","url":"https:\/\/perle-in.com\/wp-content\/uploads\/2022\/12\/LOGO-PERLE-IN-COULEUR@3x.webp","contentUrl":"https:\/\/perle-in.com\/wp-content\/uploads\/2022\/12\/LOGO-PERLE-IN-COULEUR@3x.webp","width":1600,"height":490,"caption":"PERLE IN"},"image":{"@id":"https:\/\/perle-in.com\/#\/schema\/logo\/image\/"}}]}},"jetpack_sharing_enabled":true,"_links":{"self":[{"href":"https:\/\/perle-in.com\/en\/wp-json\/wp\/v2\/product\/573003","targetHints":{"allow":["GET"]}}],"collection":[{"href":"https:\/\/perle-in.com\/en\/wp-json\/wp\/v2\/product"}],"about":[{"href":"https:\/\/perle-in.com\/en\/wp-json\/wp\/v2\/types\/product"}],"version-history":[{"count":0,"href":"https:\/\/perle-in.com\/en\/wp-json\/wp\/v2\/product\/573003\/revisions"}],"wp:featuredmedia":[{"embeddable":true,"href":"https:\/\/perle-in.com\/en\/wp-json\/wp\/v2\/media\/572994"}],"wp:attachment":[{"href":"https:\/\/perle-in.com\/en\/wp-json\/wp\/v2\/media?parent=573003"}],"wp:term":[{"taxonomy":"product_brand","embeddable":true,"href":"https:\/\/perle-in.com\/en\/wp-json\/wp\/v2\/product_brand?post=573003"},{"taxonomy":"product_cat","embeddable":true,"href":"https:\/\/perle-in.com\/en\/wp-json\/wp\/v2\/product_cat?post=573003"},{"taxonomy":"product_tag","embeddable":true,"href":"https:\/\/perle-in.com\/en\/wp-json\/wp\/v2\/product_tag?post=573003"}],"curies":[{"name":"wp","href":"https:\/\/api.w.org\/{rel}","templated":true}]}}