{"id":572989,"date":"2025-10-16T02:27:17","date_gmt":"2025-10-16T00:27:17","guid":{"rendered":"https:\/\/perle-in.com\/produit\/mug-billie-en-ceramique-de-300-ml-avec-details-en-liege-et-finition-matte\/"},"modified":"2025-10-16T02:27:20","modified_gmt":"2025-10-16T00:27:20","slug":"mug-billie-en-ceramique-de-300-ml-avec-details-en-liege-et-finition-matte","status":"publish","type":"product","link":"https:\/\/perle-in.com\/en\/product\/mug-billie-en-ceramique-de-300-ml-avec-details-en-liege-et-finition-matte\/","title":{"rendered":"Mug Billie en c\u00e9ramique de 300\u00a0ml avec d\u00e9tails en li\u00e8ge et finition matte"},"content":{"rendered":"","protected":false},"excerpt":{"rendered":"<p>Mug en c\u00e9ramique avec d\u00e9tail en li\u00e8ge sur le fond. Ext\u00e9rieur mat et int\u00e9rieur brillant. Laver \u00e0 la main avec de l&#8217;eau chaude et des d\u00e9tergents doux. Livr\u00e9e dans un coffret cadeau en carton recycl\u00e9. Capacit\u00e9\u00a0: 300\u00a0ml.<\/p>","protected":false},"featured_media":572980,"template":"","meta":{"_eb_attr":""},"product_brand":[],"product_cat":[173,222],"product_tag":[225,223,1630,190,230,227],"class_list":{"0":"post-572989","1":"product","2":"type-product","3":"status-publish","4":"has-post-thumbnail","6":"product_cat-drinkware","7":"product_cat-mugs-standard","8":"product_tag-cafe","9":"product_tag-ceramique","10":"product_tag-liege","11":"product_tag-mug","12":"product_tag-tasse","13":"product_tag-the","14":"pa_couleurs-blanc","15":"pa_couleurs-bleu-glacier","16":"pa_couleurs-noir","17":"pa_couleurs-rose-poudre","18":"pa_matiere-90-ceramique-10-liege","20":"first","21":"instock","22":"shipping-taxable","23":"purchasable","24":"product-type-variable"},"yoast_head":"<!-- This site is optimized with the Yoast SEO plugin v27.4 - https:\/\/yoast.com\/product\/yoast-seo-wordpress\/ -->\n<title>Mug Billie en c\u00e9ramique de 300\u00a0ml avec d\u00e9tails en li\u00e8ge et finition matte - PERLE IN<\/title>\n<meta name=\"robots\" content=\"noindex, follow, max-snippet:-1, max-image-preview:large, max-video-preview:-1\" \/>\n<meta property=\"og:locale\" content=\"en_US\" \/>\n<meta property=\"og:type\" content=\"article\" \/>\n<meta property=\"og:title\" content=\"Mug Billie en c\u00e9ramique de 300\u00a0ml avec d\u00e9tails en li\u00e8ge et finition matte - PERLE IN\" \/>\n<meta property=\"og:description\" content=\"Mug en c\u00e9ramique avec d\u00e9tail en li\u00e8ge sur le fond. Ext\u00e9rieur mat et int\u00e9rieur brillant. Laver \u00e0 la main avec de l&#039;eau chaude et des d\u00e9tergents doux. Livr\u00e9e dans un coffret cadeau en carton recycl\u00e9. Capacit\u00e9\u00a0: 300\u00a0ml.\" \/>\n<meta property=\"og:url\" content=\"https:\/\/perle-in.com\/en\/product\/mug-billie-en-ceramique-de-300-ml-avec-details-en-liege-et-finition-matte\/\" \/>\n<meta property=\"og:site_name\" content=\"PERLE IN\" \/>\n<meta property=\"article:modified_time\" content=\"2025-10-16T00:27:20+00:00\" \/>\n<meta property=\"og:image\" content=\"https:\/\/perle-in.com\/wp-content\/uploads\/2025\/10\/10084701-1.jpg\" \/>\n\t<meta property=\"og:image:width\" content=\"1600\" \/>\n\t<meta property=\"og:image:height\" content=\"1600\" \/>\n\t<meta property=\"og:image:type\" content=\"image\/jpeg\" \/>\n<meta name=\"twitter:card\" content=\"summary_large_image\" \/>\n<script type=\"application\/ld+json\" class=\"yoast-schema-graph\">{\"@context\":\"https:\\\/\\\/schema.org\",\"@graph\":[{\"@type\":\"WebPage\",\"@id\":\"https:\\\/\\\/perle-in.com\\\/produit\\\/mug-billie-en-ceramique-de-300-ml-avec-details-en-liege-et-finition-matte\\\/\",\"url\":\"https:\\\/\\\/perle-in.com\\\/produit\\\/mug-billie-en-ceramique-de-300-ml-avec-details-en-liege-et-finition-matte\\\/\",\"name\":\"Mug Billie en c\u00e9ramique de 300\u00a0ml avec d\u00e9tails en li\u00e8ge et finition matte - PERLE IN\",\"isPartOf\":{\"@id\":\"https:\\\/\\\/perle-in.com\\\/#website\"},\"primaryImageOfPage\":{\"@id\":\"https:\\\/\\\/perle-in.com\\\/produit\\\/mug-billie-en-ceramique-de-300-ml-avec-details-en-liege-et-finition-matte\\\/#primaryimage\"},\"image\":{\"@id\":\"https:\\\/\\\/perle-in.com\\\/produit\\\/mug-billie-en-ceramique-de-300-ml-avec-details-en-liege-et-finition-matte\\\/#primaryimage\"},\"thumbnailUrl\":\"https:\\\/\\\/perle-in.com\\\/wp-content\\\/uploads\\\/2025\\\/10\\\/10084701-1.jpg\",\"datePublished\":\"2025-10-16T00:27:17+00:00\",\"dateModified\":\"2025-10-16T00:27:20+00:00\",\"breadcrumb\":{\"@id\":\"https:\\\/\\\/perle-in.com\\\/produit\\\/mug-billie-en-ceramique-de-300-ml-avec-details-en-liege-et-finition-matte\\\/#breadcrumb\"},\"inLanguage\":\"en-CA\",\"potentialAction\":[{\"@type\":\"ReadAction\",\"target\":[\"https:\\\/\\\/perle-in.com\\\/produit\\\/mug-billie-en-ceramique-de-300-ml-avec-details-en-liege-et-finition-matte\\\/\"]}]},{\"@type\":\"ImageObject\",\"inLanguage\":\"en-CA\",\"@id\":\"https:\\\/\\\/perle-in.com\\\/produit\\\/mug-billie-en-ceramique-de-300-ml-avec-details-en-liege-et-finition-matte\\\/#primaryimage\",\"url\":\"https:\\\/\\\/perle-in.com\\\/wp-content\\\/uploads\\\/2025\\\/10\\\/10084701-1.jpg\",\"contentUrl\":\"https:\\\/\\\/perle-in.com\\\/wp-content\\\/uploads\\\/2025\\\/10\\\/10084701-1.jpg\",\"width\":1600,\"height\":1600},{\"@type\":\"BreadcrumbList\",\"@id\":\"https:\\\/\\\/perle-in.com\\\/produit\\\/mug-billie-en-ceramique-de-300-ml-avec-details-en-liege-et-finition-matte\\\/#breadcrumb\",\"itemListElement\":[{\"@type\":\"ListItem\",\"position\":1,\"name\":\"Accueil\",\"item\":\"https:\\\/\\\/perle-in.com\\\/\"},{\"@type\":\"ListItem\",\"position\":2,\"name\":\"Boutique\",\"item\":\"https:\\\/\\\/perle-in.com\\\/boutique\\\/\"},{\"@type\":\"ListItem\",\"position\":3,\"name\":\"Mug Billie en c\u00e9ramique de 300\u00a0ml avec d\u00e9tails en li\u00e8ge et finition matte\"}]},{\"@type\":\"WebSite\",\"@id\":\"https:\\\/\\\/perle-in.com\\\/#website\",\"url\":\"https:\\\/\\\/perle-in.com\\\/\",\"name\":\"PERLE IN\",\"description\":\"\",\"publisher\":{\"@id\":\"https:\\\/\\\/perle-in.com\\\/#organization\"},\"potentialAction\":[{\"@type\":\"SearchAction\",\"target\":{\"@type\":\"EntryPoint\",\"urlTemplate\":\"https:\\\/\\\/perle-in.com\\\/?s={search_term_string}\"},\"query-input\":{\"@type\":\"PropertyValueSpecification\",\"valueRequired\":true,\"valueName\":\"search_term_string\"}}],\"inLanguage\":\"en-CA\"},{\"@type\":\"Organization\",\"@id\":\"https:\\\/\\\/perle-in.com\\\/#organization\",\"name\":\"PERLE IN\",\"url\":\"https:\\\/\\\/perle-in.com\\\/\",\"logo\":{\"@type\":\"ImageObject\",\"inLanguage\":\"en-CA\",\"@id\":\"https:\\\/\\\/perle-in.com\\\/#\\\/schema\\\/logo\\\/image\\\/\",\"url\":\"https:\\\/\\\/perle-in.com\\\/wp-content\\\/uploads\\\/2022\\\/12\\\/LOGO-PERLE-IN-COULEUR@3x.webp\",\"contentUrl\":\"https:\\\/\\\/perle-in.com\\\/wp-content\\\/uploads\\\/2022\\\/12\\\/LOGO-PERLE-IN-COULEUR@3x.webp\",\"width\":1600,\"height\":490,\"caption\":\"PERLE IN\"},\"image\":{\"@id\":\"https:\\\/\\\/perle-in.com\\\/#\\\/schema\\\/logo\\\/image\\\/\"}}]}<\/script>\n<!-- \/ Yoast SEO plugin. -->","yoast_head_json":{"title":"Mug Billie en c\u00e9ramique de 300\u00a0ml avec d\u00e9tails en li\u00e8ge et finition matte - PERLE IN","robots":{"index":"noindex","follow":"follow","max-snippet":"max-snippet:-1","max-image-preview":"max-image-preview:large","max-video-preview":"max-video-preview:-1"},"og_locale":"en_US","og_type":"article","og_title":"Mug Billie en c\u00e9ramique de 300\u00a0ml avec d\u00e9tails en li\u00e8ge et finition matte - PERLE IN","og_description":"Mug en c\u00e9ramique avec d\u00e9tail en li\u00e8ge sur le fond. Ext\u00e9rieur mat et int\u00e9rieur brillant. Laver \u00e0 la main avec de l'eau chaude et des d\u00e9tergents doux. Livr\u00e9e dans un coffret cadeau en carton recycl\u00e9. Capacit\u00e9\u00a0: 300\u00a0ml.","og_url":"https:\/\/perle-in.com\/en\/product\/mug-billie-en-ceramique-de-300-ml-avec-details-en-liege-et-finition-matte\/","og_site_name":"PERLE IN","article_modified_time":"2025-10-16T00:27:20+00:00","og_image":[{"width":1600,"height":1600,"url":"https:\/\/perle-in.com\/wp-content\/uploads\/2025\/10\/10084701-1.jpg","type":"image\/jpeg"}],"twitter_card":"summary_large_image","schema":{"@context":"https:\/\/schema.org","@graph":[{"@type":"WebPage","@id":"https:\/\/perle-in.com\/produit\/mug-billie-en-ceramique-de-300-ml-avec-details-en-liege-et-finition-matte\/","url":"https:\/\/perle-in.com\/produit\/mug-billie-en-ceramique-de-300-ml-avec-details-en-liege-et-finition-matte\/","name":"Mug Billie en c\u00e9ramique de 300\u00a0ml avec d\u00e9tails en li\u00e8ge et finition matte - PERLE IN","isPartOf":{"@id":"https:\/\/perle-in.com\/#website"},"primaryImageOfPage":{"@id":"https:\/\/perle-in.com\/produit\/mug-billie-en-ceramique-de-300-ml-avec-details-en-liege-et-finition-matte\/#primaryimage"},"image":{"@id":"https:\/\/perle-in.com\/produit\/mug-billie-en-ceramique-de-300-ml-avec-details-en-liege-et-finition-matte\/#primaryimage"},"thumbnailUrl":"https:\/\/perle-in.com\/wp-content\/uploads\/2025\/10\/10084701-1.jpg","datePublished":"2025-10-16T00:27:17+00:00","dateModified":"2025-10-16T00:27:20+00:00","breadcrumb":{"@id":"https:\/\/perle-in.com\/produit\/mug-billie-en-ceramique-de-300-ml-avec-details-en-liege-et-finition-matte\/#breadcrumb"},"inLanguage":"en-CA","potentialAction":[{"@type":"ReadAction","target":["https:\/\/perle-in.com\/produit\/mug-billie-en-ceramique-de-300-ml-avec-details-en-liege-et-finition-matte\/"]}]},{"@type":"ImageObject","inLanguage":"en-CA","@id":"https:\/\/perle-in.com\/produit\/mug-billie-en-ceramique-de-300-ml-avec-details-en-liege-et-finition-matte\/#primaryimage","url":"https:\/\/perle-in.com\/wp-content\/uploads\/2025\/10\/10084701-1.jpg","contentUrl":"https:\/\/perle-in.com\/wp-content\/uploads\/2025\/10\/10084701-1.jpg","width":1600,"height":1600},{"@type":"BreadcrumbList","@id":"https:\/\/perle-in.com\/produit\/mug-billie-en-ceramique-de-300-ml-avec-details-en-liege-et-finition-matte\/#breadcrumb","itemListElement":[{"@type":"ListItem","position":1,"name":"Accueil","item":"https:\/\/perle-in.com\/"},{"@type":"ListItem","position":2,"name":"Boutique","item":"https:\/\/perle-in.com\/boutique\/"},{"@type":"ListItem","position":3,"name":"Mug Billie en c\u00e9ramique de 300\u00a0ml avec d\u00e9tails en li\u00e8ge et finition matte"}]},{"@type":"WebSite","@id":"https:\/\/perle-in.com\/#website","url":"https:\/\/perle-in.com\/","name":"PERLE IN","description":"","publisher":{"@id":"https:\/\/perle-in.com\/#organization"},"potentialAction":[{"@type":"SearchAction","target":{"@type":"EntryPoint","urlTemplate":"https:\/\/perle-in.com\/?s={search_term_string}"},"query-input":{"@type":"PropertyValueSpecification","valueRequired":true,"valueName":"search_term_string"}}],"inLanguage":"en-CA"},{"@type":"Organization","@id":"https:\/\/perle-in.com\/#organization","name":"PERLE IN","url":"https:\/\/perle-in.com\/","logo":{"@type":"ImageObject","inLanguage":"en-CA","@id":"https:\/\/perle-in.com\/#\/schema\/logo\/image\/","url":"https:\/\/perle-in.com\/wp-content\/uploads\/2022\/12\/LOGO-PERLE-IN-COULEUR@3x.webp","contentUrl":"https:\/\/perle-in.com\/wp-content\/uploads\/2022\/12\/LOGO-PERLE-IN-COULEUR@3x.webp","width":1600,"height":490,"caption":"PERLE IN"},"image":{"@id":"https:\/\/perle-in.com\/#\/schema\/logo\/image\/"}}]}},"jetpack_sharing_enabled":true,"_links":{"self":[{"href":"https:\/\/perle-in.com\/en\/wp-json\/wp\/v2\/product\/572989","targetHints":{"allow":["GET"]}}],"collection":[{"href":"https:\/\/perle-in.com\/en\/wp-json\/wp\/v2\/product"}],"about":[{"href":"https:\/\/perle-in.com\/en\/wp-json\/wp\/v2\/types\/product"}],"version-history":[{"count":0,"href":"https:\/\/perle-in.com\/en\/wp-json\/wp\/v2\/product\/572989\/revisions"}],"wp:featuredmedia":[{"embeddable":true,"href":"https:\/\/perle-in.com\/en\/wp-json\/wp\/v2\/media\/572980"}],"wp:attachment":[{"href":"https:\/\/perle-in.com\/en\/wp-json\/wp\/v2\/media?parent=572989"}],"wp:term":[{"taxonomy":"product_brand","embeddable":true,"href":"https:\/\/perle-in.com\/en\/wp-json\/wp\/v2\/product_brand?post=572989"},{"taxonomy":"product_cat","embeddable":true,"href":"https:\/\/perle-in.com\/en\/wp-json\/wp\/v2\/product_cat?post=572989"},{"taxonomy":"product_tag","embeddable":true,"href":"https:\/\/perle-in.com\/en\/wp-json\/wp\/v2\/product_tag?post=572989"}],"curies":[{"name":"wp","href":"https:\/\/api.w.org\/{rel}","templated":true}]}}