{"id":572978,"date":"2025-10-16T02:26:07","date_gmt":"2025-10-16T00:26:07","guid":{"rendered":"https:\/\/perle-in.com\/produit\/mug-billie-en-ceramique-pour-sublimation-de-300-ml-avec-details-en-liege\/"},"modified":"2025-10-16T02:26:08","modified_gmt":"2025-10-16T00:26:08","slug":"mug-billie-en-ceramique-pour-sublimation-de-300-ml-avec-details-en-liege","status":"publish","type":"product","link":"https:\/\/perle-in.com\/en\/product\/mug-billie-en-ceramique-pour-sublimation-de-300-ml-avec-details-en-liege\/","title":{"rendered":"Mug Billie en c\u00e9ramique pour sublimation de 300\u00a0ml avec d\u00e9tails en li\u00e8ge"},"content":{"rendered":"","protected":false},"excerpt":{"rendered":"<p>Mug en c\u00e9ramique avec des d\u00e9tails en li\u00e8ge sur le fond et un rev\u00eatement sp\u00e9cial sur l&#8217;ext\u00e9rieur qui permet une impression par sublimation. Int\u00e9rieur et ext\u00e9rieur blanc brillant. le laver \u00e0 la main avec de l&#8217;eau chaude et des d\u00e9tergents doux. Livr\u00e9 dans un coffret cadeau en carton recycl\u00e9. Capacit\u00e9\u00a0: 300\u00a0ml.<\/p>","protected":false},"featured_media":572973,"template":"","meta":{"_eb_attr":""},"product_brand":[],"product_cat":[173,222],"product_tag":[225,223,1630,190,921,230,227],"class_list":{"0":"post-572978","1":"product","2":"type-product","3":"status-publish","4":"has-post-thumbnail","6":"product_cat-drinkware","7":"product_cat-mugs-standard","8":"product_tag-cafe","9":"product_tag-ceramique","10":"product_tag-liege","11":"product_tag-mug","12":"product_tag-sublimation","13":"product_tag-tasse","14":"product_tag-the","15":"pa_couleurs-blanc","16":"pa_matiere-90-ceramique-10-liege","18":"first","19":"instock","20":"shipping-taxable","21":"purchasable","22":"product-type-variable"},"yoast_head":"<!-- This site is optimized with the Yoast SEO plugin v27.4 - https:\/\/yoast.com\/product\/yoast-seo-wordpress\/ -->\n<title>Mug Billie en c\u00e9ramique pour sublimation de 300\u00a0ml avec d\u00e9tails en li\u00e8ge - PERLE IN<\/title>\n<meta name=\"robots\" content=\"noindex, follow, max-snippet:-1, max-image-preview:large, max-video-preview:-1\" \/>\n<meta property=\"og:locale\" content=\"en_US\" \/>\n<meta property=\"og:type\" content=\"article\" \/>\n<meta property=\"og:title\" content=\"Mug Billie en c\u00e9ramique pour sublimation de 300\u00a0ml avec d\u00e9tails en li\u00e8ge - PERLE IN\" \/>\n<meta property=\"og:description\" content=\"Mug en c\u00e9ramique avec des d\u00e9tails en li\u00e8ge sur le fond et un rev\u00eatement sp\u00e9cial sur l&#039;ext\u00e9rieur qui permet une impression par sublimation. Int\u00e9rieur et ext\u00e9rieur blanc brillant. le laver \u00e0 la main avec de l&#039;eau chaude et des d\u00e9tergents doux. Livr\u00e9 dans un coffret cadeau en carton recycl\u00e9. Capacit\u00e9\u00a0: 300\u00a0ml.\" \/>\n<meta property=\"og:url\" content=\"https:\/\/perle-in.com\/en\/product\/mug-billie-en-ceramique-pour-sublimation-de-300-ml-avec-details-en-liege\/\" \/>\n<meta property=\"og:site_name\" content=\"PERLE IN\" \/>\n<meta property=\"article:modified_time\" content=\"2025-10-16T00:26:08+00:00\" \/>\n<meta property=\"og:image\" content=\"https:\/\/perle-in.com\/wp-content\/uploads\/2025\/10\/10084601-1.jpg\" \/>\n\t<meta property=\"og:image:width\" content=\"1600\" \/>\n\t<meta property=\"og:image:height\" content=\"1600\" \/>\n\t<meta property=\"og:image:type\" content=\"image\/jpeg\" \/>\n<meta name=\"twitter:card\" content=\"summary_large_image\" \/>\n<script type=\"application\/ld+json\" class=\"yoast-schema-graph\">{\"@context\":\"https:\\\/\\\/schema.org\",\"@graph\":[{\"@type\":\"WebPage\",\"@id\":\"https:\\\/\\\/perle-in.com\\\/produit\\\/mug-billie-en-ceramique-pour-sublimation-de-300-ml-avec-details-en-liege\\\/\",\"url\":\"https:\\\/\\\/perle-in.com\\\/produit\\\/mug-billie-en-ceramique-pour-sublimation-de-300-ml-avec-details-en-liege\\\/\",\"name\":\"Mug Billie en c\u00e9ramique pour sublimation de 300\u00a0ml avec d\u00e9tails en li\u00e8ge - PERLE IN\",\"isPartOf\":{\"@id\":\"https:\\\/\\\/perle-in.com\\\/#website\"},\"primaryImageOfPage\":{\"@id\":\"https:\\\/\\\/perle-in.com\\\/produit\\\/mug-billie-en-ceramique-pour-sublimation-de-300-ml-avec-details-en-liege\\\/#primaryimage\"},\"image\":{\"@id\":\"https:\\\/\\\/perle-in.com\\\/produit\\\/mug-billie-en-ceramique-pour-sublimation-de-300-ml-avec-details-en-liege\\\/#primaryimage\"},\"thumbnailUrl\":\"https:\\\/\\\/perle-in.com\\\/wp-content\\\/uploads\\\/2025\\\/10\\\/10084601-1.jpg\",\"datePublished\":\"2025-10-16T00:26:07+00:00\",\"dateModified\":\"2025-10-16T00:26:08+00:00\",\"breadcrumb\":{\"@id\":\"https:\\\/\\\/perle-in.com\\\/produit\\\/mug-billie-en-ceramique-pour-sublimation-de-300-ml-avec-details-en-liege\\\/#breadcrumb\"},\"inLanguage\":\"en-CA\",\"potentialAction\":[{\"@type\":\"ReadAction\",\"target\":[\"https:\\\/\\\/perle-in.com\\\/produit\\\/mug-billie-en-ceramique-pour-sublimation-de-300-ml-avec-details-en-liege\\\/\"]}]},{\"@type\":\"ImageObject\",\"inLanguage\":\"en-CA\",\"@id\":\"https:\\\/\\\/perle-in.com\\\/produit\\\/mug-billie-en-ceramique-pour-sublimation-de-300-ml-avec-details-en-liege\\\/#primaryimage\",\"url\":\"https:\\\/\\\/perle-in.com\\\/wp-content\\\/uploads\\\/2025\\\/10\\\/10084601-1.jpg\",\"contentUrl\":\"https:\\\/\\\/perle-in.com\\\/wp-content\\\/uploads\\\/2025\\\/10\\\/10084601-1.jpg\",\"width\":1600,\"height\":1600},{\"@type\":\"BreadcrumbList\",\"@id\":\"https:\\\/\\\/perle-in.com\\\/produit\\\/mug-billie-en-ceramique-pour-sublimation-de-300-ml-avec-details-en-liege\\\/#breadcrumb\",\"itemListElement\":[{\"@type\":\"ListItem\",\"position\":1,\"name\":\"Accueil\",\"item\":\"https:\\\/\\\/perle-in.com\\\/\"},{\"@type\":\"ListItem\",\"position\":2,\"name\":\"Boutique\",\"item\":\"https:\\\/\\\/perle-in.com\\\/boutique\\\/\"},{\"@type\":\"ListItem\",\"position\":3,\"name\":\"Mug Billie en c\u00e9ramique pour sublimation de 300\u00a0ml avec d\u00e9tails en li\u00e8ge\"}]},{\"@type\":\"WebSite\",\"@id\":\"https:\\\/\\\/perle-in.com\\\/#website\",\"url\":\"https:\\\/\\\/perle-in.com\\\/\",\"name\":\"PERLE IN\",\"description\":\"\",\"publisher\":{\"@id\":\"https:\\\/\\\/perle-in.com\\\/#organization\"},\"potentialAction\":[{\"@type\":\"SearchAction\",\"target\":{\"@type\":\"EntryPoint\",\"urlTemplate\":\"https:\\\/\\\/perle-in.com\\\/?s={search_term_string}\"},\"query-input\":{\"@type\":\"PropertyValueSpecification\",\"valueRequired\":true,\"valueName\":\"search_term_string\"}}],\"inLanguage\":\"en-CA\"},{\"@type\":\"Organization\",\"@id\":\"https:\\\/\\\/perle-in.com\\\/#organization\",\"name\":\"PERLE IN\",\"url\":\"https:\\\/\\\/perle-in.com\\\/\",\"logo\":{\"@type\":\"ImageObject\",\"inLanguage\":\"en-CA\",\"@id\":\"https:\\\/\\\/perle-in.com\\\/#\\\/schema\\\/logo\\\/image\\\/\",\"url\":\"https:\\\/\\\/perle-in.com\\\/wp-content\\\/uploads\\\/2022\\\/12\\\/LOGO-PERLE-IN-COULEUR@3x.webp\",\"contentUrl\":\"https:\\\/\\\/perle-in.com\\\/wp-content\\\/uploads\\\/2022\\\/12\\\/LOGO-PERLE-IN-COULEUR@3x.webp\",\"width\":1600,\"height\":490,\"caption\":\"PERLE IN\"},\"image\":{\"@id\":\"https:\\\/\\\/perle-in.com\\\/#\\\/schema\\\/logo\\\/image\\\/\"}}]}<\/script>\n<!-- \/ Yoast SEO plugin. -->","yoast_head_json":{"title":"Mug Billie en c\u00e9ramique pour sublimation de 300\u00a0ml avec d\u00e9tails en li\u00e8ge - PERLE IN","robots":{"index":"noindex","follow":"follow","max-snippet":"max-snippet:-1","max-image-preview":"max-image-preview:large","max-video-preview":"max-video-preview:-1"},"og_locale":"en_US","og_type":"article","og_title":"Mug Billie en c\u00e9ramique pour sublimation de 300\u00a0ml avec d\u00e9tails en li\u00e8ge - PERLE IN","og_description":"Mug en c\u00e9ramique avec des d\u00e9tails en li\u00e8ge sur le fond et un rev\u00eatement sp\u00e9cial sur l'ext\u00e9rieur qui permet une impression par sublimation. Int\u00e9rieur et ext\u00e9rieur blanc brillant. le laver \u00e0 la main avec de l'eau chaude et des d\u00e9tergents doux. Livr\u00e9 dans un coffret cadeau en carton recycl\u00e9. Capacit\u00e9\u00a0: 300\u00a0ml.","og_url":"https:\/\/perle-in.com\/en\/product\/mug-billie-en-ceramique-pour-sublimation-de-300-ml-avec-details-en-liege\/","og_site_name":"PERLE IN","article_modified_time":"2025-10-16T00:26:08+00:00","og_image":[{"width":1600,"height":1600,"url":"https:\/\/perle-in.com\/wp-content\/uploads\/2025\/10\/10084601-1.jpg","type":"image\/jpeg"}],"twitter_card":"summary_large_image","schema":{"@context":"https:\/\/schema.org","@graph":[{"@type":"WebPage","@id":"https:\/\/perle-in.com\/produit\/mug-billie-en-ceramique-pour-sublimation-de-300-ml-avec-details-en-liege\/","url":"https:\/\/perle-in.com\/produit\/mug-billie-en-ceramique-pour-sublimation-de-300-ml-avec-details-en-liege\/","name":"Mug Billie en c\u00e9ramique pour sublimation de 300\u00a0ml avec d\u00e9tails en li\u00e8ge - PERLE IN","isPartOf":{"@id":"https:\/\/perle-in.com\/#website"},"primaryImageOfPage":{"@id":"https:\/\/perle-in.com\/produit\/mug-billie-en-ceramique-pour-sublimation-de-300-ml-avec-details-en-liege\/#primaryimage"},"image":{"@id":"https:\/\/perle-in.com\/produit\/mug-billie-en-ceramique-pour-sublimation-de-300-ml-avec-details-en-liege\/#primaryimage"},"thumbnailUrl":"https:\/\/perle-in.com\/wp-content\/uploads\/2025\/10\/10084601-1.jpg","datePublished":"2025-10-16T00:26:07+00:00","dateModified":"2025-10-16T00:26:08+00:00","breadcrumb":{"@id":"https:\/\/perle-in.com\/produit\/mug-billie-en-ceramique-pour-sublimation-de-300-ml-avec-details-en-liege\/#breadcrumb"},"inLanguage":"en-CA","potentialAction":[{"@type":"ReadAction","target":["https:\/\/perle-in.com\/produit\/mug-billie-en-ceramique-pour-sublimation-de-300-ml-avec-details-en-liege\/"]}]},{"@type":"ImageObject","inLanguage":"en-CA","@id":"https:\/\/perle-in.com\/produit\/mug-billie-en-ceramique-pour-sublimation-de-300-ml-avec-details-en-liege\/#primaryimage","url":"https:\/\/perle-in.com\/wp-content\/uploads\/2025\/10\/10084601-1.jpg","contentUrl":"https:\/\/perle-in.com\/wp-content\/uploads\/2025\/10\/10084601-1.jpg","width":1600,"height":1600},{"@type":"BreadcrumbList","@id":"https:\/\/perle-in.com\/produit\/mug-billie-en-ceramique-pour-sublimation-de-300-ml-avec-details-en-liege\/#breadcrumb","itemListElement":[{"@type":"ListItem","position":1,"name":"Accueil","item":"https:\/\/perle-in.com\/"},{"@type":"ListItem","position":2,"name":"Boutique","item":"https:\/\/perle-in.com\/boutique\/"},{"@type":"ListItem","position":3,"name":"Mug Billie en c\u00e9ramique pour sublimation de 300\u00a0ml avec d\u00e9tails en li\u00e8ge"}]},{"@type":"WebSite","@id":"https:\/\/perle-in.com\/#website","url":"https:\/\/perle-in.com\/","name":"PERLE IN","description":"","publisher":{"@id":"https:\/\/perle-in.com\/#organization"},"potentialAction":[{"@type":"SearchAction","target":{"@type":"EntryPoint","urlTemplate":"https:\/\/perle-in.com\/?s={search_term_string}"},"query-input":{"@type":"PropertyValueSpecification","valueRequired":true,"valueName":"search_term_string"}}],"inLanguage":"en-CA"},{"@type":"Organization","@id":"https:\/\/perle-in.com\/#organization","name":"PERLE IN","url":"https:\/\/perle-in.com\/","logo":{"@type":"ImageObject","inLanguage":"en-CA","@id":"https:\/\/perle-in.com\/#\/schema\/logo\/image\/","url":"https:\/\/perle-in.com\/wp-content\/uploads\/2022\/12\/LOGO-PERLE-IN-COULEUR@3x.webp","contentUrl":"https:\/\/perle-in.com\/wp-content\/uploads\/2022\/12\/LOGO-PERLE-IN-COULEUR@3x.webp","width":1600,"height":490,"caption":"PERLE IN"},"image":{"@id":"https:\/\/perle-in.com\/#\/schema\/logo\/image\/"}}]}},"jetpack_sharing_enabled":true,"_links":{"self":[{"href":"https:\/\/perle-in.com\/en\/wp-json\/wp\/v2\/product\/572978","targetHints":{"allow":["GET"]}}],"collection":[{"href":"https:\/\/perle-in.com\/en\/wp-json\/wp\/v2\/product"}],"about":[{"href":"https:\/\/perle-in.com\/en\/wp-json\/wp\/v2\/types\/product"}],"version-history":[{"count":0,"href":"https:\/\/perle-in.com\/en\/wp-json\/wp\/v2\/product\/572978\/revisions"}],"wp:featuredmedia":[{"embeddable":true,"href":"https:\/\/perle-in.com\/en\/wp-json\/wp\/v2\/media\/572973"}],"wp:attachment":[{"href":"https:\/\/perle-in.com\/en\/wp-json\/wp\/v2\/media?parent=572978"}],"wp:term":[{"taxonomy":"product_brand","embeddable":true,"href":"https:\/\/perle-in.com\/en\/wp-json\/wp\/v2\/product_brand?post=572978"},{"taxonomy":"product_cat","embeddable":true,"href":"https:\/\/perle-in.com\/en\/wp-json\/wp\/v2\/product_cat?post=572978"},{"taxonomy":"product_tag","embeddable":true,"href":"https:\/\/perle-in.com\/en\/wp-json\/wp\/v2\/product_tag?post=572978"}],"curies":[{"name":"wp","href":"https:\/\/api.w.org\/{rel}","templated":true}]}}