{"id":572869,"date":"2025-10-16T02:18:13","date_gmt":"2025-10-16T00:18:13","guid":{"rendered":"https:\/\/perle-in.com\/produit\/bouteille-sport-ryder-de-900-ml-en-rpet-certifie-rcs-avec-couvercle-multifonctions\/"},"modified":"2025-10-16T02:18:20","modified_gmt":"2025-10-16T00:18:20","slug":"bouteille-sport-ryder-de-900-ml-en-rpet-certifie-rcs-avec-couvercle-multifonctions","status":"publish","type":"product","link":"https:\/\/perle-in.com\/en\/product\/bouteille-sport-ryder-de-900-ml-en-rpet-certifie-rcs-avec-couvercle-multifonctions\/","title":{"rendered":"Bouteille sport Ryder de 900\u00a0ml en RPET certifi\u00e9 RCS avec couvercle multifonctions"},"content":{"rendered":"","protected":false},"excerpt":{"rendered":"<p>Bouteille de sport \u00e0 simple paroi fabriqu\u00e9e en RPET certifi\u00e9 RCS, dot\u00e9e d\u2019un bouchon \u00e0 vis et d\u2019un couvercle \u00e9tanche avec une poign\u00e9e de transport pratique int\u00e9gr\u00e9e au bouchon. Design \u00e0 double ouverture pour faciliter le nettoyage et le remplissage. Conforme au processus de recyclage des produits PET approuv\u00e9 par l\u2019EFSA (Autorit\u00e9 europ\u00e9enne de s\u00e9curit\u00e9 des aliments). Capacit\u00e9\u00a0: 900\u00a0ml.<\/p>","protected":false},"featured_media":572857,"template":"","meta":{"_eb_attr":""},"product_brand":[],"product_cat":[202,173],"product_tag":[275,175,837,274,2884,836,203,237],"class_list":{"0":"post-572869","1":"product","2":"type-product","3":"status-publish","4":"has-post-thumbnail","6":"product_cat-bouteilles-de-sport","7":"product_cat-drinkware","8":"product_tag-boissons","9":"product_tag-bouteille","10":"product_tag-durable","11":"product_tag-eau","12":"product_tag-rcs","13":"product_tag-recycle","14":"product_tag-sport","15":"product_tag-sports","16":"pa_couleurs-blanc","17":"pa_couleurs-bleu-royal","18":"pa_couleurs-citron-vert","19":"pa_couleurs-noir","20":"pa_couleurs-rouge","21":"pa_couleurs-turquoise","22":"pa_green-points-2847","23":"pa_matiere-plastique-recycle-pet","25":"first","26":"instock","27":"shipping-taxable","28":"purchasable","29":"product-type-variable"},"yoast_head":"<!-- This site is optimized with the Yoast SEO plugin v27.4 - https:\/\/yoast.com\/product\/yoast-seo-wordpress\/ -->\n<title>Bouteille sport Ryder de 900\u00a0ml en RPET certifi\u00e9 RCS avec couvercle multifonctions - PERLE IN<\/title>\n<meta name=\"robots\" content=\"noindex, follow, max-snippet:-1, max-image-preview:large, max-video-preview:-1\" \/>\n<meta property=\"og:locale\" content=\"en_US\" \/>\n<meta property=\"og:type\" content=\"article\" \/>\n<meta property=\"og:title\" content=\"Bouteille sport Ryder de 900\u00a0ml en RPET certifi\u00e9 RCS avec couvercle multifonctions - PERLE IN\" \/>\n<meta property=\"og:description\" content=\"Bouteille de sport \u00e0 simple paroi fabriqu\u00e9e en RPET certifi\u00e9 RCS, dot\u00e9e d\u2019un bouchon \u00e0 vis et d\u2019un couvercle \u00e9tanche avec une poign\u00e9e de transport pratique int\u00e9gr\u00e9e au bouchon. Design \u00e0 double ouverture pour faciliter le nettoyage et le remplissage. Conforme au processus de recyclage des produits PET approuv\u00e9 par l\u2019EFSA (Autorit\u00e9 europ\u00e9enne de s\u00e9curit\u00e9 des aliments). Capacit\u00e9\u00a0: 900\u00a0ml.\" \/>\n<meta property=\"og:url\" content=\"https:\/\/perle-in.com\/en\/product\/bouteille-sport-ryder-de-900-ml-en-rpet-certifie-rcs-avec-couvercle-multifonctions\/\" \/>\n<meta property=\"og:site_name\" content=\"PERLE IN\" \/>\n<meta property=\"article:modified_time\" content=\"2025-10-16T00:18:20+00:00\" \/>\n<meta property=\"og:image\" content=\"https:\/\/perle-in.com\/wp-content\/uploads\/2025\/10\/10083701-1.jpg\" \/>\n\t<meta property=\"og:image:width\" content=\"1600\" \/>\n\t<meta property=\"og:image:height\" content=\"1600\" \/>\n\t<meta property=\"og:image:type\" content=\"image\/jpeg\" \/>\n<meta name=\"twitter:card\" content=\"summary_large_image\" \/>\n<script type=\"application\/ld+json\" class=\"yoast-schema-graph\">{\"@context\":\"https:\\\/\\\/schema.org\",\"@graph\":[{\"@type\":\"WebPage\",\"@id\":\"https:\\\/\\\/perle-in.com\\\/produit\\\/bouteille-sport-ryder-de-900-ml-en-rpet-certifie-rcs-avec-couvercle-multifonctions\\\/\",\"url\":\"https:\\\/\\\/perle-in.com\\\/produit\\\/bouteille-sport-ryder-de-900-ml-en-rpet-certifie-rcs-avec-couvercle-multifonctions\\\/\",\"name\":\"Bouteille sport Ryder de 900\u00a0ml en RPET certifi\u00e9 RCS avec couvercle multifonctions - PERLE IN\",\"isPartOf\":{\"@id\":\"https:\\\/\\\/perle-in.com\\\/#website\"},\"primaryImageOfPage\":{\"@id\":\"https:\\\/\\\/perle-in.com\\\/produit\\\/bouteille-sport-ryder-de-900-ml-en-rpet-certifie-rcs-avec-couvercle-multifonctions\\\/#primaryimage\"},\"image\":{\"@id\":\"https:\\\/\\\/perle-in.com\\\/produit\\\/bouteille-sport-ryder-de-900-ml-en-rpet-certifie-rcs-avec-couvercle-multifonctions\\\/#primaryimage\"},\"thumbnailUrl\":\"https:\\\/\\\/perle-in.com\\\/wp-content\\\/uploads\\\/2025\\\/10\\\/10083701-1.jpg\",\"datePublished\":\"2025-10-16T00:18:13+00:00\",\"dateModified\":\"2025-10-16T00:18:20+00:00\",\"breadcrumb\":{\"@id\":\"https:\\\/\\\/perle-in.com\\\/produit\\\/bouteille-sport-ryder-de-900-ml-en-rpet-certifie-rcs-avec-couvercle-multifonctions\\\/#breadcrumb\"},\"inLanguage\":\"en-CA\",\"potentialAction\":[{\"@type\":\"ReadAction\",\"target\":[\"https:\\\/\\\/perle-in.com\\\/produit\\\/bouteille-sport-ryder-de-900-ml-en-rpet-certifie-rcs-avec-couvercle-multifonctions\\\/\"]}]},{\"@type\":\"ImageObject\",\"inLanguage\":\"en-CA\",\"@id\":\"https:\\\/\\\/perle-in.com\\\/produit\\\/bouteille-sport-ryder-de-900-ml-en-rpet-certifie-rcs-avec-couvercle-multifonctions\\\/#primaryimage\",\"url\":\"https:\\\/\\\/perle-in.com\\\/wp-content\\\/uploads\\\/2025\\\/10\\\/10083701-1.jpg\",\"contentUrl\":\"https:\\\/\\\/perle-in.com\\\/wp-content\\\/uploads\\\/2025\\\/10\\\/10083701-1.jpg\",\"width\":1600,\"height\":1600},{\"@type\":\"BreadcrumbList\",\"@id\":\"https:\\\/\\\/perle-in.com\\\/produit\\\/bouteille-sport-ryder-de-900-ml-en-rpet-certifie-rcs-avec-couvercle-multifonctions\\\/#breadcrumb\",\"itemListElement\":[{\"@type\":\"ListItem\",\"position\":1,\"name\":\"Accueil\",\"item\":\"https:\\\/\\\/perle-in.com\\\/\"},{\"@type\":\"ListItem\",\"position\":2,\"name\":\"Boutique\",\"item\":\"https:\\\/\\\/perle-in.com\\\/boutique\\\/\"},{\"@type\":\"ListItem\",\"position\":3,\"name\":\"Bouteille sport Ryder de 900\u00a0ml en RPET certifi\u00e9 RCS avec couvercle multifonctions\"}]},{\"@type\":\"WebSite\",\"@id\":\"https:\\\/\\\/perle-in.com\\\/#website\",\"url\":\"https:\\\/\\\/perle-in.com\\\/\",\"name\":\"PERLE IN\",\"description\":\"\",\"publisher\":{\"@id\":\"https:\\\/\\\/perle-in.com\\\/#organization\"},\"potentialAction\":[{\"@type\":\"SearchAction\",\"target\":{\"@type\":\"EntryPoint\",\"urlTemplate\":\"https:\\\/\\\/perle-in.com\\\/?s={search_term_string}\"},\"query-input\":{\"@type\":\"PropertyValueSpecification\",\"valueRequired\":true,\"valueName\":\"search_term_string\"}}],\"inLanguage\":\"en-CA\"},{\"@type\":\"Organization\",\"@id\":\"https:\\\/\\\/perle-in.com\\\/#organization\",\"name\":\"PERLE IN\",\"url\":\"https:\\\/\\\/perle-in.com\\\/\",\"logo\":{\"@type\":\"ImageObject\",\"inLanguage\":\"en-CA\",\"@id\":\"https:\\\/\\\/perle-in.com\\\/#\\\/schema\\\/logo\\\/image\\\/\",\"url\":\"https:\\\/\\\/perle-in.com\\\/wp-content\\\/uploads\\\/2022\\\/12\\\/LOGO-PERLE-IN-COULEUR@3x.webp\",\"contentUrl\":\"https:\\\/\\\/perle-in.com\\\/wp-content\\\/uploads\\\/2022\\\/12\\\/LOGO-PERLE-IN-COULEUR@3x.webp\",\"width\":1600,\"height\":490,\"caption\":\"PERLE IN\"},\"image\":{\"@id\":\"https:\\\/\\\/perle-in.com\\\/#\\\/schema\\\/logo\\\/image\\\/\"}}]}<\/script>\n<!-- \/ Yoast SEO plugin. -->","yoast_head_json":{"title":"Bouteille sport Ryder de 900\u00a0ml en RPET certifi\u00e9 RCS avec couvercle multifonctions - PERLE IN","robots":{"index":"noindex","follow":"follow","max-snippet":"max-snippet:-1","max-image-preview":"max-image-preview:large","max-video-preview":"max-video-preview:-1"},"og_locale":"en_US","og_type":"article","og_title":"Bouteille sport Ryder de 900\u00a0ml en RPET certifi\u00e9 RCS avec couvercle multifonctions - PERLE IN","og_description":"Bouteille de sport \u00e0 simple paroi fabriqu\u00e9e en RPET certifi\u00e9 RCS, dot\u00e9e d\u2019un bouchon \u00e0 vis et d\u2019un couvercle \u00e9tanche avec une poign\u00e9e de transport pratique int\u00e9gr\u00e9e au bouchon. Design \u00e0 double ouverture pour faciliter le nettoyage et le remplissage. Conforme au processus de recyclage des produits PET approuv\u00e9 par l\u2019EFSA (Autorit\u00e9 europ\u00e9enne de s\u00e9curit\u00e9 des aliments). Capacit\u00e9\u00a0: 900\u00a0ml.","og_url":"https:\/\/perle-in.com\/en\/product\/bouteille-sport-ryder-de-900-ml-en-rpet-certifie-rcs-avec-couvercle-multifonctions\/","og_site_name":"PERLE IN","article_modified_time":"2025-10-16T00:18:20+00:00","og_image":[{"width":1600,"height":1600,"url":"https:\/\/perle-in.com\/wp-content\/uploads\/2025\/10\/10083701-1.jpg","type":"image\/jpeg"}],"twitter_card":"summary_large_image","schema":{"@context":"https:\/\/schema.org","@graph":[{"@type":"WebPage","@id":"https:\/\/perle-in.com\/produit\/bouteille-sport-ryder-de-900-ml-en-rpet-certifie-rcs-avec-couvercle-multifonctions\/","url":"https:\/\/perle-in.com\/produit\/bouteille-sport-ryder-de-900-ml-en-rpet-certifie-rcs-avec-couvercle-multifonctions\/","name":"Bouteille sport Ryder de 900\u00a0ml en RPET certifi\u00e9 RCS avec couvercle multifonctions - PERLE IN","isPartOf":{"@id":"https:\/\/perle-in.com\/#website"},"primaryImageOfPage":{"@id":"https:\/\/perle-in.com\/produit\/bouteille-sport-ryder-de-900-ml-en-rpet-certifie-rcs-avec-couvercle-multifonctions\/#primaryimage"},"image":{"@id":"https:\/\/perle-in.com\/produit\/bouteille-sport-ryder-de-900-ml-en-rpet-certifie-rcs-avec-couvercle-multifonctions\/#primaryimage"},"thumbnailUrl":"https:\/\/perle-in.com\/wp-content\/uploads\/2025\/10\/10083701-1.jpg","datePublished":"2025-10-16T00:18:13+00:00","dateModified":"2025-10-16T00:18:20+00:00","breadcrumb":{"@id":"https:\/\/perle-in.com\/produit\/bouteille-sport-ryder-de-900-ml-en-rpet-certifie-rcs-avec-couvercle-multifonctions\/#breadcrumb"},"inLanguage":"en-CA","potentialAction":[{"@type":"ReadAction","target":["https:\/\/perle-in.com\/produit\/bouteille-sport-ryder-de-900-ml-en-rpet-certifie-rcs-avec-couvercle-multifonctions\/"]}]},{"@type":"ImageObject","inLanguage":"en-CA","@id":"https:\/\/perle-in.com\/produit\/bouteille-sport-ryder-de-900-ml-en-rpet-certifie-rcs-avec-couvercle-multifonctions\/#primaryimage","url":"https:\/\/perle-in.com\/wp-content\/uploads\/2025\/10\/10083701-1.jpg","contentUrl":"https:\/\/perle-in.com\/wp-content\/uploads\/2025\/10\/10083701-1.jpg","width":1600,"height":1600},{"@type":"BreadcrumbList","@id":"https:\/\/perle-in.com\/produit\/bouteille-sport-ryder-de-900-ml-en-rpet-certifie-rcs-avec-couvercle-multifonctions\/#breadcrumb","itemListElement":[{"@type":"ListItem","position":1,"name":"Accueil","item":"https:\/\/perle-in.com\/"},{"@type":"ListItem","position":2,"name":"Boutique","item":"https:\/\/perle-in.com\/boutique\/"},{"@type":"ListItem","position":3,"name":"Bouteille sport Ryder de 900\u00a0ml en RPET certifi\u00e9 RCS avec couvercle multifonctions"}]},{"@type":"WebSite","@id":"https:\/\/perle-in.com\/#website","url":"https:\/\/perle-in.com\/","name":"PERLE IN","description":"","publisher":{"@id":"https:\/\/perle-in.com\/#organization"},"potentialAction":[{"@type":"SearchAction","target":{"@type":"EntryPoint","urlTemplate":"https:\/\/perle-in.com\/?s={search_term_string}"},"query-input":{"@type":"PropertyValueSpecification","valueRequired":true,"valueName":"search_term_string"}}],"inLanguage":"en-CA"},{"@type":"Organization","@id":"https:\/\/perle-in.com\/#organization","name":"PERLE IN","url":"https:\/\/perle-in.com\/","logo":{"@type":"ImageObject","inLanguage":"en-CA","@id":"https:\/\/perle-in.com\/#\/schema\/logo\/image\/","url":"https:\/\/perle-in.com\/wp-content\/uploads\/2022\/12\/LOGO-PERLE-IN-COULEUR@3x.webp","contentUrl":"https:\/\/perle-in.com\/wp-content\/uploads\/2022\/12\/LOGO-PERLE-IN-COULEUR@3x.webp","width":1600,"height":490,"caption":"PERLE IN"},"image":{"@id":"https:\/\/perle-in.com\/#\/schema\/logo\/image\/"}}]}},"jetpack_sharing_enabled":true,"_links":{"self":[{"href":"https:\/\/perle-in.com\/en\/wp-json\/wp\/v2\/product\/572869","targetHints":{"allow":["GET"]}}],"collection":[{"href":"https:\/\/perle-in.com\/en\/wp-json\/wp\/v2\/product"}],"about":[{"href":"https:\/\/perle-in.com\/en\/wp-json\/wp\/v2\/types\/product"}],"version-history":[{"count":0,"href":"https:\/\/perle-in.com\/en\/wp-json\/wp\/v2\/product\/572869\/revisions"}],"wp:featuredmedia":[{"embeddable":true,"href":"https:\/\/perle-in.com\/en\/wp-json\/wp\/v2\/media\/572857"}],"wp:attachment":[{"href":"https:\/\/perle-in.com\/en\/wp-json\/wp\/v2\/media?parent=572869"}],"wp:term":[{"taxonomy":"product_brand","embeddable":true,"href":"https:\/\/perle-in.com\/en\/wp-json\/wp\/v2\/product_brand?post=572869"},{"taxonomy":"product_cat","embeddable":true,"href":"https:\/\/perle-in.com\/en\/wp-json\/wp\/v2\/product_cat?post=572869"},{"taxonomy":"product_tag","embeddable":true,"href":"https:\/\/perle-in.com\/en\/wp-json\/wp\/v2\/product_tag?post=572869"}],"curies":[{"name":"wp","href":"https:\/\/api.w.org\/{rel}","templated":true}]}}