{"id":572796,"date":"2025-10-16T02:14:50","date_gmt":"2025-10-16T00:14:50","guid":{"rendered":"https:\/\/perle-in.com\/produit\/gobelet-de-1-200-ml-stanley-quencher-h2-0\/"},"modified":"2025-10-16T02:14:54","modified_gmt":"2025-10-16T00:14:54","slug":"gobelet-de-1-200-ml-stanley-quencher-h2-0","status":"publish","type":"product","link":"https:\/\/perle-in.com\/en\/product\/gobelet-de-1-200-ml-stanley-quencher-h2-0\/","title":{"rendered":"Gobelet de 1\u00a0200\u00a0ml Stanley Quencher H2.0"},"content":{"rendered":"","protected":false},"excerpt":{"rendered":"<p>Le gobelet de 1\u00a0200\u00a0ml Stanley Quencher H2.0 est fabriqu\u00e9 en acier inoxydable recycl\u00e9, ce qui en fait un choix plus \u00e9cologique. Le couvercle avanc\u00e9 FlowState\u2122 est dot\u00e9 d&#8217;un syst\u00e8me rotatif \u00e0 trois positions\u00a0: une ouverture pour la paille con\u00e7ue pour \u00e9viter les \u00e9claboussures tout en maintenant la paille r\u00e9utilisable en place, une ouverture pour boire et un couvercle int\u00e9gral. Gr\u00e2ce \u00e0 l&#8217;isolation sous vide, les boissons restent froides pendant 11\u00a0heures (48\u00a0heures pour les boissons glac\u00e9es). La poign\u00e9e ergonomique est dot\u00e9e d&#8217;inserts confortables pour faciliter le transport, et la base \u00e9troite s&#8217;adapte \u00e0 la plupart des porte-gobelets de voiture.<\/p>","protected":false},"featured_media":572788,"template":"","meta":{"_eb_attr":""},"product_brand":[],"product_cat":[173,189],"product_tag":[275,274,308,192,3895,3823],"class_list":{"0":"post-572796","1":"product","2":"type-product","3":"status-publish","4":"has-post-thumbnail","6":"product_cat-drinkware","7":"product_cat-mugs-isothermes","8":"product_tag-boissons","9":"product_tag-eau","10":"product_tag-gobelet","11":"product_tag-gourde","12":"product_tag-quencher","13":"product_tag-stanley","14":"pa_couleurs-creme","15":"pa_couleurs-gris","16":"pa_couleurs-noir","17":"pa_green-points-1619","18":"pa_marque-stanley","19":"pa_matiere-acier-inoxydable-recycle","21":"first","22":"instock","23":"shipping-taxable","24":"purchasable","25":"product-type-variable"},"yoast_head":"<!-- This site is optimized with the Yoast SEO plugin v27.4 - https:\/\/yoast.com\/product\/yoast-seo-wordpress\/ -->\n<title>Gobelet de 1\u00a0200\u00a0ml Stanley Quencher H2.0 - PERLE IN<\/title>\n<meta name=\"robots\" content=\"noindex, follow, max-snippet:-1, max-image-preview:large, max-video-preview:-1\" \/>\n<meta property=\"og:locale\" content=\"en_US\" \/>\n<meta property=\"og:type\" content=\"article\" \/>\n<meta property=\"og:title\" content=\"Gobelet de 1\u00a0200\u00a0ml Stanley Quencher H2.0 - PERLE IN\" \/>\n<meta property=\"og:description\" content=\"Le gobelet de 1\u00a0200\u00a0ml Stanley Quencher H2.0 est fabriqu\u00e9 en acier inoxydable recycl\u00e9, ce qui en fait un choix plus \u00e9cologique. Le couvercle avanc\u00e9 FlowState\u2122 est dot\u00e9 d&#039;un syst\u00e8me rotatif \u00e0 trois positions\u00a0: une ouverture pour la paille con\u00e7ue pour \u00e9viter les \u00e9claboussures tout en maintenant la paille r\u00e9utilisable en place, une ouverture pour boire et un couvercle int\u00e9gral. Gr\u00e2ce \u00e0 l&#039;isolation sous vide, les boissons restent froides pendant 11\u00a0heures (48\u00a0heures pour les boissons glac\u00e9es). La poign\u00e9e ergonomique est dot\u00e9e d&#039;inserts confortables pour faciliter le transport, et la base \u00e9troite s&#039;adapte \u00e0 la plupart des porte-gobelets de voiture.\" \/>\n<meta property=\"og:url\" content=\"https:\/\/perle-in.com\/en\/product\/gobelet-de-1-200-ml-stanley-quencher-h2-0\/\" \/>\n<meta property=\"og:site_name\" content=\"PERLE IN\" \/>\n<meta property=\"article:modified_time\" content=\"2025-10-16T00:14:54+00:00\" \/>\n<meta property=\"og:image\" content=\"https:\/\/perle-in.com\/wp-content\/uploads\/2025\/10\/10083410-1.jpg\" \/>\n\t<meta property=\"og:image:width\" content=\"1600\" \/>\n\t<meta property=\"og:image:height\" content=\"1600\" \/>\n\t<meta property=\"og:image:type\" content=\"image\/jpeg\" \/>\n<meta name=\"twitter:card\" content=\"summary_large_image\" \/>\n<script type=\"application\/ld+json\" class=\"yoast-schema-graph\">{\"@context\":\"https:\\\/\\\/schema.org\",\"@graph\":[{\"@type\":\"WebPage\",\"@id\":\"https:\\\/\\\/perle-in.com\\\/en\\\/product\\\/gobelet-de-1-200-ml-stanley-quencher-h2-0\\\/\",\"url\":\"https:\\\/\\\/perle-in.com\\\/en\\\/product\\\/gobelet-de-1-200-ml-stanley-quencher-h2-0\\\/\",\"name\":\"Gobelet de 1\u00a0200\u00a0ml Stanley Quencher H2.0 - PERLE IN\",\"isPartOf\":{\"@id\":\"https:\\\/\\\/perle-in.com\\\/#website\"},\"primaryImageOfPage\":{\"@id\":\"https:\\\/\\\/perle-in.com\\\/en\\\/product\\\/gobelet-de-1-200-ml-stanley-quencher-h2-0\\\/#primaryimage\"},\"image\":{\"@id\":\"https:\\\/\\\/perle-in.com\\\/en\\\/product\\\/gobelet-de-1-200-ml-stanley-quencher-h2-0\\\/#primaryimage\"},\"thumbnailUrl\":\"https:\\\/\\\/perle-in.com\\\/wp-content\\\/uploads\\\/2025\\\/10\\\/10083410-1.jpg\",\"datePublished\":\"2025-10-16T00:14:50+00:00\",\"dateModified\":\"2025-10-16T00:14:54+00:00\",\"breadcrumb\":{\"@id\":\"https:\\\/\\\/perle-in.com\\\/en\\\/product\\\/gobelet-de-1-200-ml-stanley-quencher-h2-0\\\/#breadcrumb\"},\"inLanguage\":\"en-CA\",\"potentialAction\":[{\"@type\":\"ReadAction\",\"target\":[\"https:\\\/\\\/perle-in.com\\\/en\\\/product\\\/gobelet-de-1-200-ml-stanley-quencher-h2-0\\\/\"]}]},{\"@type\":\"ImageObject\",\"inLanguage\":\"en-CA\",\"@id\":\"https:\\\/\\\/perle-in.com\\\/en\\\/product\\\/gobelet-de-1-200-ml-stanley-quencher-h2-0\\\/#primaryimage\",\"url\":\"https:\\\/\\\/perle-in.com\\\/wp-content\\\/uploads\\\/2025\\\/10\\\/10083410-1.jpg\",\"contentUrl\":\"https:\\\/\\\/perle-in.com\\\/wp-content\\\/uploads\\\/2025\\\/10\\\/10083410-1.jpg\",\"width\":1600,\"height\":1600},{\"@type\":\"BreadcrumbList\",\"@id\":\"https:\\\/\\\/perle-in.com\\\/en\\\/product\\\/gobelet-de-1-200-ml-stanley-quencher-h2-0\\\/#breadcrumb\",\"itemListElement\":[{\"@type\":\"ListItem\",\"position\":1,\"name\":\"Accueil\",\"item\":\"https:\\\/\\\/perle-in.com\\\/\"},{\"@type\":\"ListItem\",\"position\":2,\"name\":\"Boutique\",\"item\":\"https:\\\/\\\/perle-in.com\\\/boutique\\\/\"},{\"@type\":\"ListItem\",\"position\":3,\"name\":\"Gobelet de 1\u00a0200\u00a0ml Stanley Quencher H2.0\"}]},{\"@type\":\"WebSite\",\"@id\":\"https:\\\/\\\/perle-in.com\\\/#website\",\"url\":\"https:\\\/\\\/perle-in.com\\\/\",\"name\":\"PERLE IN\",\"description\":\"\",\"publisher\":{\"@id\":\"https:\\\/\\\/perle-in.com\\\/#organization\"},\"potentialAction\":[{\"@type\":\"SearchAction\",\"target\":{\"@type\":\"EntryPoint\",\"urlTemplate\":\"https:\\\/\\\/perle-in.com\\\/?s={search_term_string}\"},\"query-input\":{\"@type\":\"PropertyValueSpecification\",\"valueRequired\":true,\"valueName\":\"search_term_string\"}}],\"inLanguage\":\"en-CA\"},{\"@type\":\"Organization\",\"@id\":\"https:\\\/\\\/perle-in.com\\\/#organization\",\"name\":\"PERLE IN\",\"url\":\"https:\\\/\\\/perle-in.com\\\/\",\"logo\":{\"@type\":\"ImageObject\",\"inLanguage\":\"en-CA\",\"@id\":\"https:\\\/\\\/perle-in.com\\\/#\\\/schema\\\/logo\\\/image\\\/\",\"url\":\"https:\\\/\\\/perle-in.com\\\/wp-content\\\/uploads\\\/2022\\\/12\\\/LOGO-PERLE-IN-COULEUR@3x.webp\",\"contentUrl\":\"https:\\\/\\\/perle-in.com\\\/wp-content\\\/uploads\\\/2022\\\/12\\\/LOGO-PERLE-IN-COULEUR@3x.webp\",\"width\":1600,\"height\":490,\"caption\":\"PERLE IN\"},\"image\":{\"@id\":\"https:\\\/\\\/perle-in.com\\\/#\\\/schema\\\/logo\\\/image\\\/\"}}]}<\/script>\n<!-- \/ Yoast SEO plugin. -->","yoast_head_json":{"title":"Gobelet de 1\u00a0200\u00a0ml Stanley Quencher H2.0 - PERLE IN","robots":{"index":"noindex","follow":"follow","max-snippet":"max-snippet:-1","max-image-preview":"max-image-preview:large","max-video-preview":"max-video-preview:-1"},"og_locale":"en_US","og_type":"article","og_title":"Gobelet de 1\u00a0200\u00a0ml Stanley Quencher H2.0 - PERLE IN","og_description":"Le gobelet de 1\u00a0200\u00a0ml Stanley Quencher H2.0 est fabriqu\u00e9 en acier inoxydable recycl\u00e9, ce qui en fait un choix plus \u00e9cologique. Le couvercle avanc\u00e9 FlowState\u2122 est dot\u00e9 d'un syst\u00e8me rotatif \u00e0 trois positions\u00a0: une ouverture pour la paille con\u00e7ue pour \u00e9viter les \u00e9claboussures tout en maintenant la paille r\u00e9utilisable en place, une ouverture pour boire et un couvercle int\u00e9gral. Gr\u00e2ce \u00e0 l'isolation sous vide, les boissons restent froides pendant 11\u00a0heures (48\u00a0heures pour les boissons glac\u00e9es). La poign\u00e9e ergonomique est dot\u00e9e d'inserts confortables pour faciliter le transport, et la base \u00e9troite s'adapte \u00e0 la plupart des porte-gobelets de voiture.","og_url":"https:\/\/perle-in.com\/en\/product\/gobelet-de-1-200-ml-stanley-quencher-h2-0\/","og_site_name":"PERLE IN","article_modified_time":"2025-10-16T00:14:54+00:00","og_image":[{"width":1600,"height":1600,"url":"https:\/\/perle-in.com\/wp-content\/uploads\/2025\/10\/10083410-1.jpg","type":"image\/jpeg"}],"twitter_card":"summary_large_image","schema":{"@context":"https:\/\/schema.org","@graph":[{"@type":"WebPage","@id":"https:\/\/perle-in.com\/en\/product\/gobelet-de-1-200-ml-stanley-quencher-h2-0\/","url":"https:\/\/perle-in.com\/en\/product\/gobelet-de-1-200-ml-stanley-quencher-h2-0\/","name":"Gobelet de 1\u00a0200\u00a0ml Stanley Quencher H2.0 - PERLE IN","isPartOf":{"@id":"https:\/\/perle-in.com\/#website"},"primaryImageOfPage":{"@id":"https:\/\/perle-in.com\/en\/product\/gobelet-de-1-200-ml-stanley-quencher-h2-0\/#primaryimage"},"image":{"@id":"https:\/\/perle-in.com\/en\/product\/gobelet-de-1-200-ml-stanley-quencher-h2-0\/#primaryimage"},"thumbnailUrl":"https:\/\/perle-in.com\/wp-content\/uploads\/2025\/10\/10083410-1.jpg","datePublished":"2025-10-16T00:14:50+00:00","dateModified":"2025-10-16T00:14:54+00:00","breadcrumb":{"@id":"https:\/\/perle-in.com\/en\/product\/gobelet-de-1-200-ml-stanley-quencher-h2-0\/#breadcrumb"},"inLanguage":"en-CA","potentialAction":[{"@type":"ReadAction","target":["https:\/\/perle-in.com\/en\/product\/gobelet-de-1-200-ml-stanley-quencher-h2-0\/"]}]},{"@type":"ImageObject","inLanguage":"en-CA","@id":"https:\/\/perle-in.com\/en\/product\/gobelet-de-1-200-ml-stanley-quencher-h2-0\/#primaryimage","url":"https:\/\/perle-in.com\/wp-content\/uploads\/2025\/10\/10083410-1.jpg","contentUrl":"https:\/\/perle-in.com\/wp-content\/uploads\/2025\/10\/10083410-1.jpg","width":1600,"height":1600},{"@type":"BreadcrumbList","@id":"https:\/\/perle-in.com\/en\/product\/gobelet-de-1-200-ml-stanley-quencher-h2-0\/#breadcrumb","itemListElement":[{"@type":"ListItem","position":1,"name":"Accueil","item":"https:\/\/perle-in.com\/"},{"@type":"ListItem","position":2,"name":"Boutique","item":"https:\/\/perle-in.com\/boutique\/"},{"@type":"ListItem","position":3,"name":"Gobelet de 1\u00a0200\u00a0ml Stanley Quencher H2.0"}]},{"@type":"WebSite","@id":"https:\/\/perle-in.com\/#website","url":"https:\/\/perle-in.com\/","name":"PERLE IN","description":"","publisher":{"@id":"https:\/\/perle-in.com\/#organization"},"potentialAction":[{"@type":"SearchAction","target":{"@type":"EntryPoint","urlTemplate":"https:\/\/perle-in.com\/?s={search_term_string}"},"query-input":{"@type":"PropertyValueSpecification","valueRequired":true,"valueName":"search_term_string"}}],"inLanguage":"en-CA"},{"@type":"Organization","@id":"https:\/\/perle-in.com\/#organization","name":"PERLE IN","url":"https:\/\/perle-in.com\/","logo":{"@type":"ImageObject","inLanguage":"en-CA","@id":"https:\/\/perle-in.com\/#\/schema\/logo\/image\/","url":"https:\/\/perle-in.com\/wp-content\/uploads\/2022\/12\/LOGO-PERLE-IN-COULEUR@3x.webp","contentUrl":"https:\/\/perle-in.com\/wp-content\/uploads\/2022\/12\/LOGO-PERLE-IN-COULEUR@3x.webp","width":1600,"height":490,"caption":"PERLE IN"},"image":{"@id":"https:\/\/perle-in.com\/#\/schema\/logo\/image\/"}}]}},"jetpack_sharing_enabled":true,"_links":{"self":[{"href":"https:\/\/perle-in.com\/en\/wp-json\/wp\/v2\/product\/572796","targetHints":{"allow":["GET"]}}],"collection":[{"href":"https:\/\/perle-in.com\/en\/wp-json\/wp\/v2\/product"}],"about":[{"href":"https:\/\/perle-in.com\/en\/wp-json\/wp\/v2\/types\/product"}],"version-history":[{"count":0,"href":"https:\/\/perle-in.com\/en\/wp-json\/wp\/v2\/product\/572796\/revisions"}],"wp:featuredmedia":[{"embeddable":true,"href":"https:\/\/perle-in.com\/en\/wp-json\/wp\/v2\/media\/572788"}],"wp:attachment":[{"href":"https:\/\/perle-in.com\/en\/wp-json\/wp\/v2\/media?parent=572796"}],"wp:term":[{"taxonomy":"product_brand","embeddable":true,"href":"https:\/\/perle-in.com\/en\/wp-json\/wp\/v2\/product_brand?post=572796"},{"taxonomy":"product_cat","embeddable":true,"href":"https:\/\/perle-in.com\/en\/wp-json\/wp\/v2\/product_cat?post=572796"},{"taxonomy":"product_tag","embeddable":true,"href":"https:\/\/perle-in.com\/en\/wp-json\/wp\/v2\/product_tag?post=572796"}],"curies":[{"name":"wp","href":"https:\/\/api.w.org\/{rel}","templated":true}]}}