{"id":572720,"date":"2025-10-16T02:04:32","date_gmt":"2025-10-16T00:04:32","guid":{"rendered":"https:\/\/perle-in.com\/produit\/tasse-de-camping-stanley-classic-de-350-ml\/"},"modified":"2025-10-16T02:04:33","modified_gmt":"2025-10-16T00:04:33","slug":"tasse-de-camping-stanley-classic-de-350-ml","status":"publish","type":"product","link":"https:\/\/perle-in.com\/en\/product\/tasse-de-camping-stanley-classic-de-350-ml\/","title":{"rendered":"Tasse de camping Stanley\u00a0Classic de 350\u00a0ml"},"content":{"rendered":"","protected":false},"excerpt":{"rendered":"<p>La tasse de camping de 350\u00a0ml Stanley\u00a0Classic est dot\u00e9e d&#8217;une double paroi avec isolation sous vide qui permet de garder les boissons chaudes pendant 1,5\u00a0heure et froides pendant 3\u00a0heures. Le couvercle s\u00e9curis\u00e9 en Tritan\u2122 \u00e9vite les \u00e9claboussures afin que vous puissiez facilement siroter votre boisson dans la cuisine, au bureau ou lors d&#8217;un moment de d\u00e9tente autour d&#8217;un feu de camp. Passe au lave-vaisselle. Convient \u00e0 la plupart des cafeti\u00e8res\/machines.<\/p>","protected":false},"featured_media":572715,"template":"","meta":{"_eb_attr":""},"product_brand":[],"product_cat":[173,189],"product_tag":[275,225,3885,1943,190,1142,3823,227],"class_list":{"0":"post-572720","1":"product","2":"type-product","3":"status-publish","4":"has-post-thumbnail","6":"product_cat-drinkware","7":"product_cat-mugs-isothermes","8":"product_tag-boissons","9":"product_tag-cafe","10":"product_tag-camp","11":"product_tag-camping","12":"product_tag-mug","13":"product_tag-plein-air","14":"product_tag-stanley","15":"product_tag-the","16":"pa_couleurs-noir","17":"pa_marque-stanley","18":"pa_matiere-90-acier-inoxydable-10-tritan","20":"first","21":"outofstock","22":"shipping-taxable","23":"purchasable","24":"product-type-variable"},"yoast_head":"<!-- This site is optimized with the Yoast SEO plugin v27.4 - https:\/\/yoast.com\/product\/yoast-seo-wordpress\/ -->\n<title>Tasse de camping Stanley\u00a0Classic de 350\u00a0ml - PERLE IN<\/title>\n<meta name=\"robots\" content=\"noindex, follow, max-snippet:-1, max-image-preview:large, max-video-preview:-1\" \/>\n<meta property=\"og:locale\" content=\"en_US\" \/>\n<meta property=\"og:type\" content=\"article\" \/>\n<meta property=\"og:title\" content=\"Tasse de camping Stanley\u00a0Classic de 350\u00a0ml - PERLE IN\" \/>\n<meta property=\"og:description\" content=\"La tasse de camping de 350\u00a0ml Stanley\u00a0Classic est dot\u00e9e d&#039;une double paroi avec isolation sous vide qui permet de garder les boissons chaudes pendant 1,5\u00a0heure et froides pendant 3\u00a0heures. Le couvercle s\u00e9curis\u00e9 en Tritan\u2122 \u00e9vite les \u00e9claboussures afin que vous puissiez facilement siroter votre boisson dans la cuisine, au bureau ou lors d&#039;un moment de d\u00e9tente autour d&#039;un feu de camp. Passe au lave-vaisselle. Convient \u00e0 la plupart des cafeti\u00e8res\/machines.\" \/>\n<meta property=\"og:url\" content=\"https:\/\/perle-in.com\/en\/product\/tasse-de-camping-stanley-classic-de-350-ml\/\" \/>\n<meta property=\"og:site_name\" content=\"PERLE IN\" \/>\n<meta property=\"article:modified_time\" content=\"2025-10-16T00:04:33+00:00\" \/>\n<meta property=\"og:image\" content=\"https:\/\/perle-in.com\/wp-content\/uploads\/2025\/10\/10083290-1.jpg\" \/>\n\t<meta property=\"og:image:width\" content=\"1600\" \/>\n\t<meta property=\"og:image:height\" content=\"1600\" \/>\n\t<meta property=\"og:image:type\" content=\"image\/jpeg\" \/>\n<meta name=\"twitter:card\" content=\"summary_large_image\" \/>\n<script type=\"application\/ld+json\" class=\"yoast-schema-graph\">{\"@context\":\"https:\\\/\\\/schema.org\",\"@graph\":[{\"@type\":\"WebPage\",\"@id\":\"https:\\\/\\\/perle-in.com\\\/en\\\/product\\\/tasse-de-camping-stanley-classic-de-350-ml\\\/\",\"url\":\"https:\\\/\\\/perle-in.com\\\/en\\\/product\\\/tasse-de-camping-stanley-classic-de-350-ml\\\/\",\"name\":\"Tasse de camping Stanley\u00a0Classic de 350\u00a0ml - PERLE IN\",\"isPartOf\":{\"@id\":\"https:\\\/\\\/perle-in.com\\\/#website\"},\"primaryImageOfPage\":{\"@id\":\"https:\\\/\\\/perle-in.com\\\/en\\\/product\\\/tasse-de-camping-stanley-classic-de-350-ml\\\/#primaryimage\"},\"image\":{\"@id\":\"https:\\\/\\\/perle-in.com\\\/en\\\/product\\\/tasse-de-camping-stanley-classic-de-350-ml\\\/#primaryimage\"},\"thumbnailUrl\":\"https:\\\/\\\/perle-in.com\\\/wp-content\\\/uploads\\\/2025\\\/10\\\/10083290-1.jpg\",\"datePublished\":\"2025-10-16T00:04:32+00:00\",\"dateModified\":\"2025-10-16T00:04:33+00:00\",\"breadcrumb\":{\"@id\":\"https:\\\/\\\/perle-in.com\\\/en\\\/product\\\/tasse-de-camping-stanley-classic-de-350-ml\\\/#breadcrumb\"},\"inLanguage\":\"en-CA\",\"potentialAction\":[{\"@type\":\"ReadAction\",\"target\":[\"https:\\\/\\\/perle-in.com\\\/en\\\/product\\\/tasse-de-camping-stanley-classic-de-350-ml\\\/\"]}]},{\"@type\":\"ImageObject\",\"inLanguage\":\"en-CA\",\"@id\":\"https:\\\/\\\/perle-in.com\\\/en\\\/product\\\/tasse-de-camping-stanley-classic-de-350-ml\\\/#primaryimage\",\"url\":\"https:\\\/\\\/perle-in.com\\\/wp-content\\\/uploads\\\/2025\\\/10\\\/10083290-1.jpg\",\"contentUrl\":\"https:\\\/\\\/perle-in.com\\\/wp-content\\\/uploads\\\/2025\\\/10\\\/10083290-1.jpg\",\"width\":1600,\"height\":1600},{\"@type\":\"BreadcrumbList\",\"@id\":\"https:\\\/\\\/perle-in.com\\\/en\\\/product\\\/tasse-de-camping-stanley-classic-de-350-ml\\\/#breadcrumb\",\"itemListElement\":[{\"@type\":\"ListItem\",\"position\":1,\"name\":\"Accueil\",\"item\":\"https:\\\/\\\/perle-in.com\\\/\"},{\"@type\":\"ListItem\",\"position\":2,\"name\":\"Boutique\",\"item\":\"https:\\\/\\\/perle-in.com\\\/boutique\\\/\"},{\"@type\":\"ListItem\",\"position\":3,\"name\":\"Tasse de camping Stanley\u00a0Classic de 350\u00a0ml\"}]},{\"@type\":\"WebSite\",\"@id\":\"https:\\\/\\\/perle-in.com\\\/#website\",\"url\":\"https:\\\/\\\/perle-in.com\\\/\",\"name\":\"PERLE IN\",\"description\":\"\",\"publisher\":{\"@id\":\"https:\\\/\\\/perle-in.com\\\/#organization\"},\"potentialAction\":[{\"@type\":\"SearchAction\",\"target\":{\"@type\":\"EntryPoint\",\"urlTemplate\":\"https:\\\/\\\/perle-in.com\\\/?s={search_term_string}\"},\"query-input\":{\"@type\":\"PropertyValueSpecification\",\"valueRequired\":true,\"valueName\":\"search_term_string\"}}],\"inLanguage\":\"en-CA\"},{\"@type\":\"Organization\",\"@id\":\"https:\\\/\\\/perle-in.com\\\/#organization\",\"name\":\"PERLE IN\",\"url\":\"https:\\\/\\\/perle-in.com\\\/\",\"logo\":{\"@type\":\"ImageObject\",\"inLanguage\":\"en-CA\",\"@id\":\"https:\\\/\\\/perle-in.com\\\/#\\\/schema\\\/logo\\\/image\\\/\",\"url\":\"https:\\\/\\\/perle-in.com\\\/wp-content\\\/uploads\\\/2022\\\/12\\\/LOGO-PERLE-IN-COULEUR@3x.webp\",\"contentUrl\":\"https:\\\/\\\/perle-in.com\\\/wp-content\\\/uploads\\\/2022\\\/12\\\/LOGO-PERLE-IN-COULEUR@3x.webp\",\"width\":1600,\"height\":490,\"caption\":\"PERLE IN\"},\"image\":{\"@id\":\"https:\\\/\\\/perle-in.com\\\/#\\\/schema\\\/logo\\\/image\\\/\"}}]}<\/script>\n<!-- \/ Yoast SEO plugin. -->","yoast_head_json":{"title":"Tasse de camping Stanley\u00a0Classic de 350\u00a0ml - PERLE IN","robots":{"index":"noindex","follow":"follow","max-snippet":"max-snippet:-1","max-image-preview":"max-image-preview:large","max-video-preview":"max-video-preview:-1"},"og_locale":"en_US","og_type":"article","og_title":"Tasse de camping Stanley\u00a0Classic de 350\u00a0ml - PERLE IN","og_description":"La tasse de camping de 350\u00a0ml Stanley\u00a0Classic est dot\u00e9e d'une double paroi avec isolation sous vide qui permet de garder les boissons chaudes pendant 1,5\u00a0heure et froides pendant 3\u00a0heures. Le couvercle s\u00e9curis\u00e9 en Tritan\u2122 \u00e9vite les \u00e9claboussures afin que vous puissiez facilement siroter votre boisson dans la cuisine, au bureau ou lors d'un moment de d\u00e9tente autour d'un feu de camp. Passe au lave-vaisselle. Convient \u00e0 la plupart des cafeti\u00e8res\/machines.","og_url":"https:\/\/perle-in.com\/en\/product\/tasse-de-camping-stanley-classic-de-350-ml\/","og_site_name":"PERLE IN","article_modified_time":"2025-10-16T00:04:33+00:00","og_image":[{"width":1600,"height":1600,"url":"https:\/\/perle-in.com\/wp-content\/uploads\/2025\/10\/10083290-1.jpg","type":"image\/jpeg"}],"twitter_card":"summary_large_image","schema":{"@context":"https:\/\/schema.org","@graph":[{"@type":"WebPage","@id":"https:\/\/perle-in.com\/en\/product\/tasse-de-camping-stanley-classic-de-350-ml\/","url":"https:\/\/perle-in.com\/en\/product\/tasse-de-camping-stanley-classic-de-350-ml\/","name":"Tasse de camping Stanley\u00a0Classic de 350\u00a0ml - PERLE IN","isPartOf":{"@id":"https:\/\/perle-in.com\/#website"},"primaryImageOfPage":{"@id":"https:\/\/perle-in.com\/en\/product\/tasse-de-camping-stanley-classic-de-350-ml\/#primaryimage"},"image":{"@id":"https:\/\/perle-in.com\/en\/product\/tasse-de-camping-stanley-classic-de-350-ml\/#primaryimage"},"thumbnailUrl":"https:\/\/perle-in.com\/wp-content\/uploads\/2025\/10\/10083290-1.jpg","datePublished":"2025-10-16T00:04:32+00:00","dateModified":"2025-10-16T00:04:33+00:00","breadcrumb":{"@id":"https:\/\/perle-in.com\/en\/product\/tasse-de-camping-stanley-classic-de-350-ml\/#breadcrumb"},"inLanguage":"en-CA","potentialAction":[{"@type":"ReadAction","target":["https:\/\/perle-in.com\/en\/product\/tasse-de-camping-stanley-classic-de-350-ml\/"]}]},{"@type":"ImageObject","inLanguage":"en-CA","@id":"https:\/\/perle-in.com\/en\/product\/tasse-de-camping-stanley-classic-de-350-ml\/#primaryimage","url":"https:\/\/perle-in.com\/wp-content\/uploads\/2025\/10\/10083290-1.jpg","contentUrl":"https:\/\/perle-in.com\/wp-content\/uploads\/2025\/10\/10083290-1.jpg","width":1600,"height":1600},{"@type":"BreadcrumbList","@id":"https:\/\/perle-in.com\/en\/product\/tasse-de-camping-stanley-classic-de-350-ml\/#breadcrumb","itemListElement":[{"@type":"ListItem","position":1,"name":"Accueil","item":"https:\/\/perle-in.com\/"},{"@type":"ListItem","position":2,"name":"Boutique","item":"https:\/\/perle-in.com\/boutique\/"},{"@type":"ListItem","position":3,"name":"Tasse de camping Stanley\u00a0Classic de 350\u00a0ml"}]},{"@type":"WebSite","@id":"https:\/\/perle-in.com\/#website","url":"https:\/\/perle-in.com\/","name":"PERLE IN","description":"","publisher":{"@id":"https:\/\/perle-in.com\/#organization"},"potentialAction":[{"@type":"SearchAction","target":{"@type":"EntryPoint","urlTemplate":"https:\/\/perle-in.com\/?s={search_term_string}"},"query-input":{"@type":"PropertyValueSpecification","valueRequired":true,"valueName":"search_term_string"}}],"inLanguage":"en-CA"},{"@type":"Organization","@id":"https:\/\/perle-in.com\/#organization","name":"PERLE IN","url":"https:\/\/perle-in.com\/","logo":{"@type":"ImageObject","inLanguage":"en-CA","@id":"https:\/\/perle-in.com\/#\/schema\/logo\/image\/","url":"https:\/\/perle-in.com\/wp-content\/uploads\/2022\/12\/LOGO-PERLE-IN-COULEUR@3x.webp","contentUrl":"https:\/\/perle-in.com\/wp-content\/uploads\/2022\/12\/LOGO-PERLE-IN-COULEUR@3x.webp","width":1600,"height":490,"caption":"PERLE IN"},"image":{"@id":"https:\/\/perle-in.com\/#\/schema\/logo\/image\/"}}]}},"jetpack_sharing_enabled":true,"_links":{"self":[{"href":"https:\/\/perle-in.com\/en\/wp-json\/wp\/v2\/product\/572720","targetHints":{"allow":["GET"]}}],"collection":[{"href":"https:\/\/perle-in.com\/en\/wp-json\/wp\/v2\/product"}],"about":[{"href":"https:\/\/perle-in.com\/en\/wp-json\/wp\/v2\/types\/product"}],"version-history":[{"count":0,"href":"https:\/\/perle-in.com\/en\/wp-json\/wp\/v2\/product\/572720\/revisions"}],"wp:featuredmedia":[{"embeddable":true,"href":"https:\/\/perle-in.com\/en\/wp-json\/wp\/v2\/media\/572715"}],"wp:attachment":[{"href":"https:\/\/perle-in.com\/en\/wp-json\/wp\/v2\/media?parent=572720"}],"wp:term":[{"taxonomy":"product_brand","embeddable":true,"href":"https:\/\/perle-in.com\/en\/wp-json\/wp\/v2\/product_brand?post=572720"},{"taxonomy":"product_cat","embeddable":true,"href":"https:\/\/perle-in.com\/en\/wp-json\/wp\/v2\/product_cat?post=572720"},{"taxonomy":"product_tag","embeddable":true,"href":"https:\/\/perle-in.com\/en\/wp-json\/wp\/v2\/product_tag?post=572720"}],"curies":[{"name":"wp","href":"https:\/\/api.w.org\/{rel}","templated":true}]}}