{"id":572314,"date":"2025-10-16T01:37:42","date_gmt":"2025-10-15T23:37:42","guid":{"rendered":"https:\/\/perle-in.com\/produit\/sac-shopping-a-soufflets-felta-grs-en-feutrine-recyclee-de-20l\/"},"modified":"2025-10-16T01:37:44","modified_gmt":"2025-10-15T23:37:44","slug":"sac-shopping-a-soufflets-felta-grs-en-feutrine-recyclee-de-20l","status":"publish","type":"product","link":"https:\/\/perle-in.com\/en\/product\/sac-shopping-a-soufflets-felta-grs-en-feutrine-recyclee-de-20l\/","title":{"rendered":"Sac shopping \u00e0 soufflets Felta GRS en feutrine recycl\u00e9e de 20L"},"content":{"rendered":"","protected":false},"excerpt":{"rendered":"<p>Grand sac shopping \u00e0 soufflet, en feutrine recycl\u00e9e douce, durable, certifi\u00e9e GRS et de haute qualit\u00e9. Le sac est dot\u00e9 d&#8217;un grand compartiment principal tr\u00e8s spacieux (jusqu&#8217;\u00e0 20\u00a0litres), de poign\u00e9es renforc\u00e9es en coton tiss\u00e9 (30\u00a0x\u00a02,5\u00a0cm) pour un confort de portage optimal, et d&#8217;un bouton de fermeture sur le dessus.<\/p>","protected":false},"featured_media":572307,"template":"","meta":{"_eb_attr":""},"product_brand":[],"product_cat":[159,959],"product_tag":[905,837,3135,2654,836,282,1877,1790,283,1791,904,3086,1779],"class_list":{"0":"post-572314","1":"product","2":"type-product","3":"status-publish","4":"has-post-thumbnail","6":"product_cat-sacs","7":"product_cat-sacs-de-shopping","8":"product_tag-courses","9":"product_tag-durable","10":"product_tag-feutrine","11":"product_tag-grs","12":"product_tag-recycle","13":"product_tag-sac","14":"product_tag-sac-fourre-tout","15":"product_tag-sac-shopping","16":"product_tag-sacs","17":"product_tag-sacs-shopping","18":"product_tag-shopping","19":"product_tag-tote-bag","20":"product_tag-totebag","21":"pa_couleurs-gris-moyen","22":"pa_green-points-2652","23":"pa_matiere-polyester-recycle-certifie-grs","25":"first","26":"instock","27":"shipping-taxable","28":"purchasable","29":"product-type-variable"},"yoast_head":"<!-- This site is optimized with the Yoast SEO plugin v27.4 - https:\/\/yoast.com\/product\/yoast-seo-wordpress\/ -->\n<title>Sac shopping \u00e0 soufflets Felta GRS en feutrine recycl\u00e9e de 20L - PERLE IN<\/title>\n<meta name=\"robots\" content=\"noindex, follow, max-snippet:-1, max-image-preview:large, max-video-preview:-1\" \/>\n<meta property=\"og:locale\" content=\"en_US\" \/>\n<meta property=\"og:type\" content=\"article\" \/>\n<meta property=\"og:title\" content=\"Sac shopping \u00e0 soufflets Felta GRS en feutrine recycl\u00e9e de 20L - PERLE IN\" \/>\n<meta property=\"og:description\" content=\"Grand sac shopping \u00e0 soufflet, en feutrine recycl\u00e9e douce, durable, certifi\u00e9e GRS et de haute qualit\u00e9. Le sac est dot\u00e9 d&#039;un grand compartiment principal tr\u00e8s spacieux (jusqu&#039;\u00e0 20\u00a0litres), de poign\u00e9es renforc\u00e9es en coton tiss\u00e9 (30\u00a0x\u00a02,5\u00a0cm) pour un confort de portage optimal, et d&#039;un bouton de fermeture sur le dessus.\" \/>\n<meta property=\"og:url\" content=\"https:\/\/perle-in.com\/en\/product\/sac-shopping-a-soufflets-felta-grs-en-feutrine-recyclee-de-20l\/\" \/>\n<meta property=\"og:site_name\" content=\"PERLE IN\" \/>\n<meta property=\"article:modified_time\" content=\"2025-10-15T23:37:44+00:00\" \/>\n<meta property=\"og:image\" content=\"https:\/\/perle-in.com\/wp-content\/uploads\/2025\/10\/13007582-1.jpg\" \/>\n\t<meta property=\"og:image:width\" content=\"1600\" \/>\n\t<meta property=\"og:image:height\" content=\"1600\" \/>\n\t<meta property=\"og:image:type\" content=\"image\/jpeg\" \/>\n<meta name=\"twitter:card\" content=\"summary_large_image\" \/>\n<script type=\"application\/ld+json\" class=\"yoast-schema-graph\">{\"@context\":\"https:\\\/\\\/schema.org\",\"@graph\":[{\"@type\":\"WebPage\",\"@id\":\"https:\\\/\\\/perle-in.com\\\/produit\\\/sac-shopping-a-soufflets-felta-grs-en-feutrine-recyclee-de-20l\\\/\",\"url\":\"https:\\\/\\\/perle-in.com\\\/produit\\\/sac-shopping-a-soufflets-felta-grs-en-feutrine-recyclee-de-20l\\\/\",\"name\":\"Sac shopping \u00e0 soufflets Felta GRS en feutrine recycl\u00e9e de 20L - PERLE IN\",\"isPartOf\":{\"@id\":\"https:\\\/\\\/perle-in.com\\\/#website\"},\"primaryImageOfPage\":{\"@id\":\"https:\\\/\\\/perle-in.com\\\/produit\\\/sac-shopping-a-soufflets-felta-grs-en-feutrine-recyclee-de-20l\\\/#primaryimage\"},\"image\":{\"@id\":\"https:\\\/\\\/perle-in.com\\\/produit\\\/sac-shopping-a-soufflets-felta-grs-en-feutrine-recyclee-de-20l\\\/#primaryimage\"},\"thumbnailUrl\":\"https:\\\/\\\/perle-in.com\\\/wp-content\\\/uploads\\\/2025\\\/10\\\/13007582-1.jpg\",\"datePublished\":\"2025-10-15T23:37:42+00:00\",\"dateModified\":\"2025-10-15T23:37:44+00:00\",\"breadcrumb\":{\"@id\":\"https:\\\/\\\/perle-in.com\\\/produit\\\/sac-shopping-a-soufflets-felta-grs-en-feutrine-recyclee-de-20l\\\/#breadcrumb\"},\"inLanguage\":\"en-CA\",\"potentialAction\":[{\"@type\":\"ReadAction\",\"target\":[\"https:\\\/\\\/perle-in.com\\\/produit\\\/sac-shopping-a-soufflets-felta-grs-en-feutrine-recyclee-de-20l\\\/\"]}]},{\"@type\":\"ImageObject\",\"inLanguage\":\"en-CA\",\"@id\":\"https:\\\/\\\/perle-in.com\\\/produit\\\/sac-shopping-a-soufflets-felta-grs-en-feutrine-recyclee-de-20l\\\/#primaryimage\",\"url\":\"https:\\\/\\\/perle-in.com\\\/wp-content\\\/uploads\\\/2025\\\/10\\\/13007582-1.jpg\",\"contentUrl\":\"https:\\\/\\\/perle-in.com\\\/wp-content\\\/uploads\\\/2025\\\/10\\\/13007582-1.jpg\",\"width\":1600,\"height\":1600},{\"@type\":\"BreadcrumbList\",\"@id\":\"https:\\\/\\\/perle-in.com\\\/produit\\\/sac-shopping-a-soufflets-felta-grs-en-feutrine-recyclee-de-20l\\\/#breadcrumb\",\"itemListElement\":[{\"@type\":\"ListItem\",\"position\":1,\"name\":\"Accueil\",\"item\":\"https:\\\/\\\/perle-in.com\\\/\"},{\"@type\":\"ListItem\",\"position\":2,\"name\":\"Boutique\",\"item\":\"https:\\\/\\\/perle-in.com\\\/boutique\\\/\"},{\"@type\":\"ListItem\",\"position\":3,\"name\":\"Sac shopping \u00e0 soufflets Felta GRS en feutrine recycl\u00e9e de 20L\"}]},{\"@type\":\"WebSite\",\"@id\":\"https:\\\/\\\/perle-in.com\\\/#website\",\"url\":\"https:\\\/\\\/perle-in.com\\\/\",\"name\":\"PERLE IN\",\"description\":\"\",\"publisher\":{\"@id\":\"https:\\\/\\\/perle-in.com\\\/#organization\"},\"potentialAction\":[{\"@type\":\"SearchAction\",\"target\":{\"@type\":\"EntryPoint\",\"urlTemplate\":\"https:\\\/\\\/perle-in.com\\\/?s={search_term_string}\"},\"query-input\":{\"@type\":\"PropertyValueSpecification\",\"valueRequired\":true,\"valueName\":\"search_term_string\"}}],\"inLanguage\":\"en-CA\"},{\"@type\":\"Organization\",\"@id\":\"https:\\\/\\\/perle-in.com\\\/#organization\",\"name\":\"PERLE IN\",\"url\":\"https:\\\/\\\/perle-in.com\\\/\",\"logo\":{\"@type\":\"ImageObject\",\"inLanguage\":\"en-CA\",\"@id\":\"https:\\\/\\\/perle-in.com\\\/#\\\/schema\\\/logo\\\/image\\\/\",\"url\":\"https:\\\/\\\/perle-in.com\\\/wp-content\\\/uploads\\\/2022\\\/12\\\/LOGO-PERLE-IN-COULEUR@3x.webp\",\"contentUrl\":\"https:\\\/\\\/perle-in.com\\\/wp-content\\\/uploads\\\/2022\\\/12\\\/LOGO-PERLE-IN-COULEUR@3x.webp\",\"width\":1600,\"height\":490,\"caption\":\"PERLE IN\"},\"image\":{\"@id\":\"https:\\\/\\\/perle-in.com\\\/#\\\/schema\\\/logo\\\/image\\\/\"}}]}<\/script>\n<!-- \/ Yoast SEO plugin. -->","yoast_head_json":{"title":"Sac shopping \u00e0 soufflets Felta GRS en feutrine recycl\u00e9e de 20L - PERLE IN","robots":{"index":"noindex","follow":"follow","max-snippet":"max-snippet:-1","max-image-preview":"max-image-preview:large","max-video-preview":"max-video-preview:-1"},"og_locale":"en_US","og_type":"article","og_title":"Sac shopping \u00e0 soufflets Felta GRS en feutrine recycl\u00e9e de 20L - PERLE IN","og_description":"Grand sac shopping \u00e0 soufflet, en feutrine recycl\u00e9e douce, durable, certifi\u00e9e GRS et de haute qualit\u00e9. Le sac est dot\u00e9 d'un grand compartiment principal tr\u00e8s spacieux (jusqu'\u00e0 20\u00a0litres), de poign\u00e9es renforc\u00e9es en coton tiss\u00e9 (30\u00a0x\u00a02,5\u00a0cm) pour un confort de portage optimal, et d'un bouton de fermeture sur le dessus.","og_url":"https:\/\/perle-in.com\/en\/product\/sac-shopping-a-soufflets-felta-grs-en-feutrine-recyclee-de-20l\/","og_site_name":"PERLE IN","article_modified_time":"2025-10-15T23:37:44+00:00","og_image":[{"width":1600,"height":1600,"url":"https:\/\/perle-in.com\/wp-content\/uploads\/2025\/10\/13007582-1.jpg","type":"image\/jpeg"}],"twitter_card":"summary_large_image","schema":{"@context":"https:\/\/schema.org","@graph":[{"@type":"WebPage","@id":"https:\/\/perle-in.com\/produit\/sac-shopping-a-soufflets-felta-grs-en-feutrine-recyclee-de-20l\/","url":"https:\/\/perle-in.com\/produit\/sac-shopping-a-soufflets-felta-grs-en-feutrine-recyclee-de-20l\/","name":"Sac shopping \u00e0 soufflets Felta GRS en feutrine recycl\u00e9e de 20L - PERLE IN","isPartOf":{"@id":"https:\/\/perle-in.com\/#website"},"primaryImageOfPage":{"@id":"https:\/\/perle-in.com\/produit\/sac-shopping-a-soufflets-felta-grs-en-feutrine-recyclee-de-20l\/#primaryimage"},"image":{"@id":"https:\/\/perle-in.com\/produit\/sac-shopping-a-soufflets-felta-grs-en-feutrine-recyclee-de-20l\/#primaryimage"},"thumbnailUrl":"https:\/\/perle-in.com\/wp-content\/uploads\/2025\/10\/13007582-1.jpg","datePublished":"2025-10-15T23:37:42+00:00","dateModified":"2025-10-15T23:37:44+00:00","breadcrumb":{"@id":"https:\/\/perle-in.com\/produit\/sac-shopping-a-soufflets-felta-grs-en-feutrine-recyclee-de-20l\/#breadcrumb"},"inLanguage":"en-CA","potentialAction":[{"@type":"ReadAction","target":["https:\/\/perle-in.com\/produit\/sac-shopping-a-soufflets-felta-grs-en-feutrine-recyclee-de-20l\/"]}]},{"@type":"ImageObject","inLanguage":"en-CA","@id":"https:\/\/perle-in.com\/produit\/sac-shopping-a-soufflets-felta-grs-en-feutrine-recyclee-de-20l\/#primaryimage","url":"https:\/\/perle-in.com\/wp-content\/uploads\/2025\/10\/13007582-1.jpg","contentUrl":"https:\/\/perle-in.com\/wp-content\/uploads\/2025\/10\/13007582-1.jpg","width":1600,"height":1600},{"@type":"BreadcrumbList","@id":"https:\/\/perle-in.com\/produit\/sac-shopping-a-soufflets-felta-grs-en-feutrine-recyclee-de-20l\/#breadcrumb","itemListElement":[{"@type":"ListItem","position":1,"name":"Accueil","item":"https:\/\/perle-in.com\/"},{"@type":"ListItem","position":2,"name":"Boutique","item":"https:\/\/perle-in.com\/boutique\/"},{"@type":"ListItem","position":3,"name":"Sac shopping \u00e0 soufflets Felta GRS en feutrine recycl\u00e9e de 20L"}]},{"@type":"WebSite","@id":"https:\/\/perle-in.com\/#website","url":"https:\/\/perle-in.com\/","name":"PERLE IN","description":"","publisher":{"@id":"https:\/\/perle-in.com\/#organization"},"potentialAction":[{"@type":"SearchAction","target":{"@type":"EntryPoint","urlTemplate":"https:\/\/perle-in.com\/?s={search_term_string}"},"query-input":{"@type":"PropertyValueSpecification","valueRequired":true,"valueName":"search_term_string"}}],"inLanguage":"en-CA"},{"@type":"Organization","@id":"https:\/\/perle-in.com\/#organization","name":"PERLE IN","url":"https:\/\/perle-in.com\/","logo":{"@type":"ImageObject","inLanguage":"en-CA","@id":"https:\/\/perle-in.com\/#\/schema\/logo\/image\/","url":"https:\/\/perle-in.com\/wp-content\/uploads\/2022\/12\/LOGO-PERLE-IN-COULEUR@3x.webp","contentUrl":"https:\/\/perle-in.com\/wp-content\/uploads\/2022\/12\/LOGO-PERLE-IN-COULEUR@3x.webp","width":1600,"height":490,"caption":"PERLE IN"},"image":{"@id":"https:\/\/perle-in.com\/#\/schema\/logo\/image\/"}}]}},"jetpack_sharing_enabled":true,"_links":{"self":[{"href":"https:\/\/perle-in.com\/en\/wp-json\/wp\/v2\/product\/572314","targetHints":{"allow":["GET"]}}],"collection":[{"href":"https:\/\/perle-in.com\/en\/wp-json\/wp\/v2\/product"}],"about":[{"href":"https:\/\/perle-in.com\/en\/wp-json\/wp\/v2\/types\/product"}],"version-history":[{"count":0,"href":"https:\/\/perle-in.com\/en\/wp-json\/wp\/v2\/product\/572314\/revisions"}],"wp:featuredmedia":[{"embeddable":true,"href":"https:\/\/perle-in.com\/en\/wp-json\/wp\/v2\/media\/572307"}],"wp:attachment":[{"href":"https:\/\/perle-in.com\/en\/wp-json\/wp\/v2\/media?parent=572314"}],"wp:term":[{"taxonomy":"product_brand","embeddable":true,"href":"https:\/\/perle-in.com\/en\/wp-json\/wp\/v2\/product_brand?post=572314"},{"taxonomy":"product_cat","embeddable":true,"href":"https:\/\/perle-in.com\/en\/wp-json\/wp\/v2\/product_cat?post=572314"},{"taxonomy":"product_tag","embeddable":true,"href":"https:\/\/perle-in.com\/en\/wp-json\/wp\/v2\/product_tag?post=572314"}],"curies":[{"name":"wp","href":"https:\/\/api.w.org\/{rel}","templated":true}]}}