{"id":572125,"date":"2025-10-16T01:21:52","date_gmt":"2025-10-15T23:21:52","guid":{"rendered":"https:\/\/perle-in.com\/produit\/veste-en-polaire-entierement-zippee-luciane-pour-homme\/"},"modified":"2025-10-16T01:22:10","modified_gmt":"2025-10-15T23:22:10","slug":"veste-en-polaire-entierement-zippee-luciane-pour-homme","status":"publish","type":"product","link":"https:\/\/perle-in.com\/en\/product\/veste-en-polaire-entierement-zippee-luciane-pour-homme\/","title":{"rendered":"Veste en polaire enti\u00e8rement zipp\u00e9e Luciane pour homme"},"content":{"rendered":"","protected":false},"excerpt":{"rendered":"<p>Veste en micropolaire pour un usage quotidien, avec col montant, manches longues et lizer\u00e9 contrast\u00e9. Poche avec fermeture zipp\u00e9e contrast\u00e9e sur la manche gauche et fermeture zipp\u00e9econtrast\u00e9e sur le devant. Coutures lat\u00e9rales et poitrine. Coudi\u00e8res ton sur ton.       <\/p>","protected":false},"featured_media":571182,"template":"","meta":{"_eb_attr":""},"product_brand":[],"product_cat":[1252,1024],"product_tag":[3445,2548,2549],"class_list":{"0":"post-572125","1":"product","2":"type-product","3":"status-publish","4":"has-post-thumbnail","6":"product_cat-polaires","7":"product_cat-vetements","8":"product_tag-roly","9":"product_tag-veste","10":"product_tag-vestes","11":"pa_couleurs-bleu-marine","12":"pa_couleurs-grenat","13":"pa_couleurs-noir","14":"pa_genre-male","15":"pa_marque-roly","16":"pa_matiere-micropolaire-100-polyester-300-g-m2","17":"pa_pays-d-origine-bengladesh","18":"pa_taille-2xl","19":"pa_taille-3xl","20":"pa_taille-l","21":"pa_taille-m","22":"pa_taille-s","23":"pa_taille-xl","25":"first","26":"instock","27":"shipping-taxable","28":"purchasable","29":"product-type-variable"},"yoast_head":"<!-- This site is optimized with the Yoast SEO plugin v27.4 - https:\/\/yoast.com\/product\/yoast-seo-wordpress\/ -->\n<title>Veste en polaire enti\u00e8rement zipp\u00e9e Luciane pour homme - PERLE IN<\/title>\n<meta name=\"robots\" content=\"noindex, follow, max-snippet:-1, max-image-preview:large, max-video-preview:-1\" \/>\n<meta property=\"og:locale\" content=\"en_US\" \/>\n<meta property=\"og:type\" content=\"article\" \/>\n<meta property=\"og:title\" content=\"Veste en polaire enti\u00e8rement zipp\u00e9e Luciane pour homme - PERLE IN\" \/>\n<meta property=\"og:description\" content=\"Veste en micropolaire pour un usage quotidien, avec col montant, manches longues et lizer\u00e9 contrast\u00e9. Poche avec fermeture zipp\u00e9e contrast\u00e9e sur la manche gauche et fermeture zipp\u00e9econtrast\u00e9e sur le devant. Coutures lat\u00e9rales et poitrine. Coudi\u00e8res ton sur ton.\" \/>\n<meta property=\"og:url\" content=\"https:\/\/perle-in.com\/en\/product\/veste-en-polaire-entierement-zippee-luciane-pour-homme\/\" \/>\n<meta property=\"og:site_name\" content=\"PERLE IN\" \/>\n<meta property=\"article:modified_time\" content=\"2025-10-15T23:22:10+00:00\" \/>\n<meta property=\"og:image\" content=\"https:\/\/perle-in.com\/wp-content\/uploads\/2025\/10\/R11951R-2.jpg\" \/>\n\t<meta property=\"og:image:width\" content=\"1600\" \/>\n\t<meta property=\"og:image:height\" content=\"1600\" \/>\n\t<meta property=\"og:image:type\" content=\"image\/jpeg\" \/>\n<meta name=\"twitter:card\" content=\"summary_large_image\" \/>\n<script type=\"application\/ld+json\" class=\"yoast-schema-graph\">{\"@context\":\"https:\\\/\\\/schema.org\",\"@graph\":[{\"@type\":\"WebPage\",\"@id\":\"https:\\\/\\\/perle-in.com\\\/produit\\\/veste-en-polaire-entierement-zippee-luciane-pour-homme\\\/\",\"url\":\"https:\\\/\\\/perle-in.com\\\/produit\\\/veste-en-polaire-entierement-zippee-luciane-pour-homme\\\/\",\"name\":\"Veste en polaire enti\u00e8rement zipp\u00e9e Luciane pour homme - PERLE IN\",\"isPartOf\":{\"@id\":\"https:\\\/\\\/perle-in.com\\\/#website\"},\"primaryImageOfPage\":{\"@id\":\"https:\\\/\\\/perle-in.com\\\/produit\\\/veste-en-polaire-entierement-zippee-luciane-pour-homme\\\/#primaryimage\"},\"image\":{\"@id\":\"https:\\\/\\\/perle-in.com\\\/produit\\\/veste-en-polaire-entierement-zippee-luciane-pour-homme\\\/#primaryimage\"},\"thumbnailUrl\":\"https:\\\/\\\/perle-in.com\\\/wp-content\\\/uploads\\\/2025\\\/10\\\/R11951R-2.jpg\",\"datePublished\":\"2025-10-15T23:21:52+00:00\",\"dateModified\":\"2025-10-15T23:22:10+00:00\",\"breadcrumb\":{\"@id\":\"https:\\\/\\\/perle-in.com\\\/produit\\\/veste-en-polaire-entierement-zippee-luciane-pour-homme\\\/#breadcrumb\"},\"inLanguage\":\"en-CA\",\"potentialAction\":[{\"@type\":\"ReadAction\",\"target\":[\"https:\\\/\\\/perle-in.com\\\/produit\\\/veste-en-polaire-entierement-zippee-luciane-pour-homme\\\/\"]}]},{\"@type\":\"ImageObject\",\"inLanguage\":\"en-CA\",\"@id\":\"https:\\\/\\\/perle-in.com\\\/produit\\\/veste-en-polaire-entierement-zippee-luciane-pour-homme\\\/#primaryimage\",\"url\":\"https:\\\/\\\/perle-in.com\\\/wp-content\\\/uploads\\\/2025\\\/10\\\/R11951R-2.jpg\",\"contentUrl\":\"https:\\\/\\\/perle-in.com\\\/wp-content\\\/uploads\\\/2025\\\/10\\\/R11951R-2.jpg\",\"width\":1600,\"height\":1600},{\"@type\":\"BreadcrumbList\",\"@id\":\"https:\\\/\\\/perle-in.com\\\/produit\\\/veste-en-polaire-entierement-zippee-luciane-pour-homme\\\/#breadcrumb\",\"itemListElement\":[{\"@type\":\"ListItem\",\"position\":1,\"name\":\"Accueil\",\"item\":\"https:\\\/\\\/perle-in.com\\\/\"},{\"@type\":\"ListItem\",\"position\":2,\"name\":\"Boutique\",\"item\":\"https:\\\/\\\/perle-in.com\\\/boutique\\\/\"},{\"@type\":\"ListItem\",\"position\":3,\"name\":\"Veste en polaire enti\u00e8rement zipp\u00e9e Luciane pour homme\"}]},{\"@type\":\"WebSite\",\"@id\":\"https:\\\/\\\/perle-in.com\\\/#website\",\"url\":\"https:\\\/\\\/perle-in.com\\\/\",\"name\":\"PERLE IN\",\"description\":\"\",\"publisher\":{\"@id\":\"https:\\\/\\\/perle-in.com\\\/#organization\"},\"potentialAction\":[{\"@type\":\"SearchAction\",\"target\":{\"@type\":\"EntryPoint\",\"urlTemplate\":\"https:\\\/\\\/perle-in.com\\\/?s={search_term_string}\"},\"query-input\":{\"@type\":\"PropertyValueSpecification\",\"valueRequired\":true,\"valueName\":\"search_term_string\"}}],\"inLanguage\":\"en-CA\"},{\"@type\":\"Organization\",\"@id\":\"https:\\\/\\\/perle-in.com\\\/#organization\",\"name\":\"PERLE IN\",\"url\":\"https:\\\/\\\/perle-in.com\\\/\",\"logo\":{\"@type\":\"ImageObject\",\"inLanguage\":\"en-CA\",\"@id\":\"https:\\\/\\\/perle-in.com\\\/#\\\/schema\\\/logo\\\/image\\\/\",\"url\":\"https:\\\/\\\/perle-in.com\\\/wp-content\\\/uploads\\\/2022\\\/12\\\/LOGO-PERLE-IN-COULEUR@3x.webp\",\"contentUrl\":\"https:\\\/\\\/perle-in.com\\\/wp-content\\\/uploads\\\/2022\\\/12\\\/LOGO-PERLE-IN-COULEUR@3x.webp\",\"width\":1600,\"height\":490,\"caption\":\"PERLE IN\"},\"image\":{\"@id\":\"https:\\\/\\\/perle-in.com\\\/#\\\/schema\\\/logo\\\/image\\\/\"}}]}<\/script>\n<!-- \/ Yoast SEO plugin. -->","yoast_head_json":{"title":"Veste en polaire enti\u00e8rement zipp\u00e9e Luciane pour homme - PERLE IN","robots":{"index":"noindex","follow":"follow","max-snippet":"max-snippet:-1","max-image-preview":"max-image-preview:large","max-video-preview":"max-video-preview:-1"},"og_locale":"en_US","og_type":"article","og_title":"Veste en polaire enti\u00e8rement zipp\u00e9e Luciane pour homme - PERLE IN","og_description":"Veste en micropolaire pour un usage quotidien, avec col montant, manches longues et lizer\u00e9 contrast\u00e9. Poche avec fermeture zipp\u00e9e contrast\u00e9e sur la manche gauche et fermeture zipp\u00e9econtrast\u00e9e sur le devant. Coutures lat\u00e9rales et poitrine. Coudi\u00e8res ton sur ton.","og_url":"https:\/\/perle-in.com\/en\/product\/veste-en-polaire-entierement-zippee-luciane-pour-homme\/","og_site_name":"PERLE IN","article_modified_time":"2025-10-15T23:22:10+00:00","og_image":[{"width":1600,"height":1600,"url":"https:\/\/perle-in.com\/wp-content\/uploads\/2025\/10\/R11951R-2.jpg","type":"image\/jpeg"}],"twitter_card":"summary_large_image","schema":{"@context":"https:\/\/schema.org","@graph":[{"@type":"WebPage","@id":"https:\/\/perle-in.com\/produit\/veste-en-polaire-entierement-zippee-luciane-pour-homme\/","url":"https:\/\/perle-in.com\/produit\/veste-en-polaire-entierement-zippee-luciane-pour-homme\/","name":"Veste en polaire enti\u00e8rement zipp\u00e9e Luciane pour homme - PERLE IN","isPartOf":{"@id":"https:\/\/perle-in.com\/#website"},"primaryImageOfPage":{"@id":"https:\/\/perle-in.com\/produit\/veste-en-polaire-entierement-zippee-luciane-pour-homme\/#primaryimage"},"image":{"@id":"https:\/\/perle-in.com\/produit\/veste-en-polaire-entierement-zippee-luciane-pour-homme\/#primaryimage"},"thumbnailUrl":"https:\/\/perle-in.com\/wp-content\/uploads\/2025\/10\/R11951R-2.jpg","datePublished":"2025-10-15T23:21:52+00:00","dateModified":"2025-10-15T23:22:10+00:00","breadcrumb":{"@id":"https:\/\/perle-in.com\/produit\/veste-en-polaire-entierement-zippee-luciane-pour-homme\/#breadcrumb"},"inLanguage":"en-CA","potentialAction":[{"@type":"ReadAction","target":["https:\/\/perle-in.com\/produit\/veste-en-polaire-entierement-zippee-luciane-pour-homme\/"]}]},{"@type":"ImageObject","inLanguage":"en-CA","@id":"https:\/\/perle-in.com\/produit\/veste-en-polaire-entierement-zippee-luciane-pour-homme\/#primaryimage","url":"https:\/\/perle-in.com\/wp-content\/uploads\/2025\/10\/R11951R-2.jpg","contentUrl":"https:\/\/perle-in.com\/wp-content\/uploads\/2025\/10\/R11951R-2.jpg","width":1600,"height":1600},{"@type":"BreadcrumbList","@id":"https:\/\/perle-in.com\/produit\/veste-en-polaire-entierement-zippee-luciane-pour-homme\/#breadcrumb","itemListElement":[{"@type":"ListItem","position":1,"name":"Accueil","item":"https:\/\/perle-in.com\/"},{"@type":"ListItem","position":2,"name":"Boutique","item":"https:\/\/perle-in.com\/boutique\/"},{"@type":"ListItem","position":3,"name":"Veste en polaire enti\u00e8rement zipp\u00e9e Luciane pour homme"}]},{"@type":"WebSite","@id":"https:\/\/perle-in.com\/#website","url":"https:\/\/perle-in.com\/","name":"PERLE IN","description":"","publisher":{"@id":"https:\/\/perle-in.com\/#organization"},"potentialAction":[{"@type":"SearchAction","target":{"@type":"EntryPoint","urlTemplate":"https:\/\/perle-in.com\/?s={search_term_string}"},"query-input":{"@type":"PropertyValueSpecification","valueRequired":true,"valueName":"search_term_string"}}],"inLanguage":"en-CA"},{"@type":"Organization","@id":"https:\/\/perle-in.com\/#organization","name":"PERLE IN","url":"https:\/\/perle-in.com\/","logo":{"@type":"ImageObject","inLanguage":"en-CA","@id":"https:\/\/perle-in.com\/#\/schema\/logo\/image\/","url":"https:\/\/perle-in.com\/wp-content\/uploads\/2022\/12\/LOGO-PERLE-IN-COULEUR@3x.webp","contentUrl":"https:\/\/perle-in.com\/wp-content\/uploads\/2022\/12\/LOGO-PERLE-IN-COULEUR@3x.webp","width":1600,"height":490,"caption":"PERLE IN"},"image":{"@id":"https:\/\/perle-in.com\/#\/schema\/logo\/image\/"}}]}},"jetpack_sharing_enabled":true,"_links":{"self":[{"href":"https:\/\/perle-in.com\/en\/wp-json\/wp\/v2\/product\/572125","targetHints":{"allow":["GET"]}}],"collection":[{"href":"https:\/\/perle-in.com\/en\/wp-json\/wp\/v2\/product"}],"about":[{"href":"https:\/\/perle-in.com\/en\/wp-json\/wp\/v2\/types\/product"}],"version-history":[{"count":0,"href":"https:\/\/perle-in.com\/en\/wp-json\/wp\/v2\/product\/572125\/revisions"}],"wp:featuredmedia":[{"embeddable":true,"href":"https:\/\/perle-in.com\/en\/wp-json\/wp\/v2\/media\/571182"}],"wp:attachment":[{"href":"https:\/\/perle-in.com\/en\/wp-json\/wp\/v2\/media?parent=572125"}],"wp:term":[{"taxonomy":"product_brand","embeddable":true,"href":"https:\/\/perle-in.com\/en\/wp-json\/wp\/v2\/product_brand?post=572125"},{"taxonomy":"product_cat","embeddable":true,"href":"https:\/\/perle-in.com\/en\/wp-json\/wp\/v2\/product_cat?post=572125"},{"taxonomy":"product_tag","embeddable":true,"href":"https:\/\/perle-in.com\/en\/wp-json\/wp\/v2\/product_tag?post=572125"}],"curies":[{"name":"wp","href":"https:\/\/api.w.org\/{rel}","templated":true}]}}