{"id":569988,"date":"2025-10-16T00:21:48","date_gmt":"2025-10-15T22:21:48","guid":{"rendered":"https:\/\/perle-in.com\/produit\/t-shirt-dogo-premium-a-manches-courtes-pour-homme\/"},"modified":"2025-10-16T00:25:53","modified_gmt":"2025-10-15T22:25:53","slug":"t-shirt-dogo-premium-a-manches-courtes-pour-homme","status":"publish","type":"product","link":"https:\/\/perle-in.com\/en\/product\/t-shirt-dogo-premium-a-manches-courtes-pour-homme\/","title":{"rendered":"T-shirt Dogo Premium \u00e0 manches courtes pour homme"},"content":{"rendered":"","protected":false},"excerpt":{"rendered":"<p>T-shirt \u00e0 manches courtes avec col rond, quadruple \u00e9paisseur, et bande de propret\u00e9 pour encolure et \u00e9paules. Coutures lat\u00e9rales. Les tailles 4XL et 5XL ne sont disponibles que dans certaines couleurs. \u00c9tiquette d\u00e9tachable.<\/p>","protected":false},"featured_media":569866,"template":"","meta":{"_eb_attr":""},"product_brand":[],"product_cat":[1258,1024],"product_tag":[3445,2376],"class_list":{"0":"post-569988","1":"product","2":"type-product","3":"status-publish","4":"has-post-thumbnail","6":"product_cat-t-shirts","7":"product_cat-vetements","8":"product_tag-roly","9":"product_tag-t-shirt","10":"pa_couleurs-angora","11":"pa_couleurs-blanc","12":"pa_couleurs-bleu","13":"pa_couleurs-bleu-ciel","14":"pa_couleurs-bleu-denim","15":"pa_couleurs-bleu-marine","16":"pa_couleurs-bleu-ocean","17":"pa_couleurs-chocolat","18":"pa_couleurs-citron-vert","19":"pa_couleurs-ebene","20":"pa_couleurs-grenat","21":"pa_couleurs-gris-chine","22":"pa_couleurs-jaune","23":"pa_couleurs-noir","24":"pa_couleurs-noyer","25":"pa_couleurs-orange","26":"pa_couleurs-orchidee","27":"pa_couleurs-plomb-fonce","28":"pa_couleurs-rose-clair","29":"pa_couleurs-rosette","30":"pa_couleurs-rouge","31":"pa_couleurs-sable","32":"pa_couleurs-turquoise","33":"pa_couleurs-vert-bouteille","34":"pa_couleurs-vert-herbe","35":"pa_couleurs-vert-irlandais","36":"pa_couleurs-vert-militaire","37":"pa_couleurs-vert-oasis","38":"pa_couleurs-vert-tropical","39":"pa_couleurs-vert-venture","40":"pa_couleurs-violet","41":"pa_genre-male","42":"pa_marque-roly","43":"pa_matiere-maille-jersey-simple-100-coton-165-g-m2","44":"pa_pays-d-origine-bengladesh","45":"pa_taille-2xl","46":"pa_taille-3xl","47":"pa_taille-4xl","48":"pa_taille-5xl","49":"pa_taille-l","50":"pa_taille-m","51":"pa_taille-s","52":"pa_taille-xl","54":"first","55":"instock","56":"shipping-taxable","57":"purchasable","58":"product-type-variable"},"yoast_head":"<!-- This site is optimized with the Yoast SEO plugin v27.4 - https:\/\/yoast.com\/product\/yoast-seo-wordpress\/ -->\n<title>T-shirt Dogo Premium \u00e0 manches courtes pour homme - PERLE IN<\/title>\n<meta name=\"robots\" content=\"noindex, follow, max-snippet:-1, max-image-preview:large, max-video-preview:-1\" \/>\n<meta property=\"og:locale\" content=\"en_US\" \/>\n<meta property=\"og:type\" content=\"article\" \/>\n<meta property=\"og:title\" content=\"T-shirt Dogo Premium \u00e0 manches courtes pour homme - PERLE IN\" \/>\n<meta property=\"og:description\" content=\"T-shirt \u00e0 manches courtes avec col rond, quadruple \u00e9paisseur, et bande de propret\u00e9 pour encolure et \u00e9paules. Coutures lat\u00e9rales. Les tailles 4XL et 5XL ne sont disponibles que dans certaines couleurs. \u00c9tiquette d\u00e9tachable.\" \/>\n<meta property=\"og:url\" content=\"https:\/\/perle-in.com\/en\/product\/t-shirt-dogo-premium-a-manches-courtes-pour-homme\/\" \/>\n<meta property=\"og:site_name\" content=\"PERLE IN\" \/>\n<meta property=\"article:modified_time\" content=\"2025-10-15T22:25:53+00:00\" \/>\n<meta property=\"og:image\" content=\"https:\/\/perle-in.com\/wp-content\/uploads\/2025\/10\/R65021B-1.jpg\" \/>\n\t<meta property=\"og:image:width\" content=\"1600\" \/>\n\t<meta property=\"og:image:height\" content=\"1600\" \/>\n\t<meta property=\"og:image:type\" content=\"image\/jpeg\" \/>\n<meta name=\"twitter:card\" content=\"summary_large_image\" \/>\n<script type=\"application\/ld+json\" class=\"yoast-schema-graph\">{\"@context\":\"https:\\\/\\\/schema.org\",\"@graph\":[{\"@type\":\"WebPage\",\"@id\":\"https:\\\/\\\/perle-in.com\\\/produit\\\/t-shirt-dogo-premium-a-manches-courtes-pour-homme\\\/\",\"url\":\"https:\\\/\\\/perle-in.com\\\/produit\\\/t-shirt-dogo-premium-a-manches-courtes-pour-homme\\\/\",\"name\":\"T-shirt Dogo Premium \u00e0 manches courtes pour homme - PERLE IN\",\"isPartOf\":{\"@id\":\"https:\\\/\\\/perle-in.com\\\/#website\"},\"primaryImageOfPage\":{\"@id\":\"https:\\\/\\\/perle-in.com\\\/produit\\\/t-shirt-dogo-premium-a-manches-courtes-pour-homme\\\/#primaryimage\"},\"image\":{\"@id\":\"https:\\\/\\\/perle-in.com\\\/produit\\\/t-shirt-dogo-premium-a-manches-courtes-pour-homme\\\/#primaryimage\"},\"thumbnailUrl\":\"https:\\\/\\\/perle-in.com\\\/wp-content\\\/uploads\\\/2025\\\/10\\\/R65021B-1.jpg\",\"datePublished\":\"2025-10-15T22:21:48+00:00\",\"dateModified\":\"2025-10-15T22:25:53+00:00\",\"breadcrumb\":{\"@id\":\"https:\\\/\\\/perle-in.com\\\/produit\\\/t-shirt-dogo-premium-a-manches-courtes-pour-homme\\\/#breadcrumb\"},\"inLanguage\":\"en-CA\",\"potentialAction\":[{\"@type\":\"ReadAction\",\"target\":[\"https:\\\/\\\/perle-in.com\\\/produit\\\/t-shirt-dogo-premium-a-manches-courtes-pour-homme\\\/\"]}]},{\"@type\":\"ImageObject\",\"inLanguage\":\"en-CA\",\"@id\":\"https:\\\/\\\/perle-in.com\\\/produit\\\/t-shirt-dogo-premium-a-manches-courtes-pour-homme\\\/#primaryimage\",\"url\":\"https:\\\/\\\/perle-in.com\\\/wp-content\\\/uploads\\\/2025\\\/10\\\/R65021B-1.jpg\",\"contentUrl\":\"https:\\\/\\\/perle-in.com\\\/wp-content\\\/uploads\\\/2025\\\/10\\\/R65021B-1.jpg\",\"width\":1600,\"height\":1600},{\"@type\":\"BreadcrumbList\",\"@id\":\"https:\\\/\\\/perle-in.com\\\/produit\\\/t-shirt-dogo-premium-a-manches-courtes-pour-homme\\\/#breadcrumb\",\"itemListElement\":[{\"@type\":\"ListItem\",\"position\":1,\"name\":\"Accueil\",\"item\":\"https:\\\/\\\/perle-in.com\\\/\"},{\"@type\":\"ListItem\",\"position\":2,\"name\":\"Boutique\",\"item\":\"https:\\\/\\\/perle-in.com\\\/boutique\\\/\"},{\"@type\":\"ListItem\",\"position\":3,\"name\":\"T-shirt Dogo Premium \u00e0 manches courtes pour homme\"}]},{\"@type\":\"WebSite\",\"@id\":\"https:\\\/\\\/perle-in.com\\\/#website\",\"url\":\"https:\\\/\\\/perle-in.com\\\/\",\"name\":\"PERLE IN\",\"description\":\"\",\"publisher\":{\"@id\":\"https:\\\/\\\/perle-in.com\\\/#organization\"},\"potentialAction\":[{\"@type\":\"SearchAction\",\"target\":{\"@type\":\"EntryPoint\",\"urlTemplate\":\"https:\\\/\\\/perle-in.com\\\/?s={search_term_string}\"},\"query-input\":{\"@type\":\"PropertyValueSpecification\",\"valueRequired\":true,\"valueName\":\"search_term_string\"}}],\"inLanguage\":\"en-CA\"},{\"@type\":\"Organization\",\"@id\":\"https:\\\/\\\/perle-in.com\\\/#organization\",\"name\":\"PERLE IN\",\"url\":\"https:\\\/\\\/perle-in.com\\\/\",\"logo\":{\"@type\":\"ImageObject\",\"inLanguage\":\"en-CA\",\"@id\":\"https:\\\/\\\/perle-in.com\\\/#\\\/schema\\\/logo\\\/image\\\/\",\"url\":\"https:\\\/\\\/perle-in.com\\\/wp-content\\\/uploads\\\/2022\\\/12\\\/LOGO-PERLE-IN-COULEUR@3x.webp\",\"contentUrl\":\"https:\\\/\\\/perle-in.com\\\/wp-content\\\/uploads\\\/2022\\\/12\\\/LOGO-PERLE-IN-COULEUR@3x.webp\",\"width\":1600,\"height\":490,\"caption\":\"PERLE IN\"},\"image\":{\"@id\":\"https:\\\/\\\/perle-in.com\\\/#\\\/schema\\\/logo\\\/image\\\/\"}}]}<\/script>\n<!-- \/ Yoast SEO plugin. -->","yoast_head_json":{"title":"T-shirt Dogo Premium \u00e0 manches courtes pour homme - PERLE IN","robots":{"index":"noindex","follow":"follow","max-snippet":"max-snippet:-1","max-image-preview":"max-image-preview:large","max-video-preview":"max-video-preview:-1"},"og_locale":"en_US","og_type":"article","og_title":"T-shirt Dogo Premium \u00e0 manches courtes pour homme - PERLE IN","og_description":"T-shirt \u00e0 manches courtes avec col rond, quadruple \u00e9paisseur, et bande de propret\u00e9 pour encolure et \u00e9paules. Coutures lat\u00e9rales. Les tailles 4XL et 5XL ne sont disponibles que dans certaines couleurs. \u00c9tiquette d\u00e9tachable.","og_url":"https:\/\/perle-in.com\/en\/product\/t-shirt-dogo-premium-a-manches-courtes-pour-homme\/","og_site_name":"PERLE IN","article_modified_time":"2025-10-15T22:25:53+00:00","og_image":[{"width":1600,"height":1600,"url":"https:\/\/perle-in.com\/wp-content\/uploads\/2025\/10\/R65021B-1.jpg","type":"image\/jpeg"}],"twitter_card":"summary_large_image","schema":{"@context":"https:\/\/schema.org","@graph":[{"@type":"WebPage","@id":"https:\/\/perle-in.com\/produit\/t-shirt-dogo-premium-a-manches-courtes-pour-homme\/","url":"https:\/\/perle-in.com\/produit\/t-shirt-dogo-premium-a-manches-courtes-pour-homme\/","name":"T-shirt Dogo Premium \u00e0 manches courtes pour homme - PERLE IN","isPartOf":{"@id":"https:\/\/perle-in.com\/#website"},"primaryImageOfPage":{"@id":"https:\/\/perle-in.com\/produit\/t-shirt-dogo-premium-a-manches-courtes-pour-homme\/#primaryimage"},"image":{"@id":"https:\/\/perle-in.com\/produit\/t-shirt-dogo-premium-a-manches-courtes-pour-homme\/#primaryimage"},"thumbnailUrl":"https:\/\/perle-in.com\/wp-content\/uploads\/2025\/10\/R65021B-1.jpg","datePublished":"2025-10-15T22:21:48+00:00","dateModified":"2025-10-15T22:25:53+00:00","breadcrumb":{"@id":"https:\/\/perle-in.com\/produit\/t-shirt-dogo-premium-a-manches-courtes-pour-homme\/#breadcrumb"},"inLanguage":"en-CA","potentialAction":[{"@type":"ReadAction","target":["https:\/\/perle-in.com\/produit\/t-shirt-dogo-premium-a-manches-courtes-pour-homme\/"]}]},{"@type":"ImageObject","inLanguage":"en-CA","@id":"https:\/\/perle-in.com\/produit\/t-shirt-dogo-premium-a-manches-courtes-pour-homme\/#primaryimage","url":"https:\/\/perle-in.com\/wp-content\/uploads\/2025\/10\/R65021B-1.jpg","contentUrl":"https:\/\/perle-in.com\/wp-content\/uploads\/2025\/10\/R65021B-1.jpg","width":1600,"height":1600},{"@type":"BreadcrumbList","@id":"https:\/\/perle-in.com\/produit\/t-shirt-dogo-premium-a-manches-courtes-pour-homme\/#breadcrumb","itemListElement":[{"@type":"ListItem","position":1,"name":"Accueil","item":"https:\/\/perle-in.com\/"},{"@type":"ListItem","position":2,"name":"Boutique","item":"https:\/\/perle-in.com\/boutique\/"},{"@type":"ListItem","position":3,"name":"T-shirt Dogo Premium \u00e0 manches courtes pour homme"}]},{"@type":"WebSite","@id":"https:\/\/perle-in.com\/#website","url":"https:\/\/perle-in.com\/","name":"PERLE IN","description":"","publisher":{"@id":"https:\/\/perle-in.com\/#organization"},"potentialAction":[{"@type":"SearchAction","target":{"@type":"EntryPoint","urlTemplate":"https:\/\/perle-in.com\/?s={search_term_string}"},"query-input":{"@type":"PropertyValueSpecification","valueRequired":true,"valueName":"search_term_string"}}],"inLanguage":"en-CA"},{"@type":"Organization","@id":"https:\/\/perle-in.com\/#organization","name":"PERLE IN","url":"https:\/\/perle-in.com\/","logo":{"@type":"ImageObject","inLanguage":"en-CA","@id":"https:\/\/perle-in.com\/#\/schema\/logo\/image\/","url":"https:\/\/perle-in.com\/wp-content\/uploads\/2022\/12\/LOGO-PERLE-IN-COULEUR@3x.webp","contentUrl":"https:\/\/perle-in.com\/wp-content\/uploads\/2022\/12\/LOGO-PERLE-IN-COULEUR@3x.webp","width":1600,"height":490,"caption":"PERLE IN"},"image":{"@id":"https:\/\/perle-in.com\/#\/schema\/logo\/image\/"}}]}},"jetpack_sharing_enabled":true,"_links":{"self":[{"href":"https:\/\/perle-in.com\/en\/wp-json\/wp\/v2\/product\/569988","targetHints":{"allow":["GET"]}}],"collection":[{"href":"https:\/\/perle-in.com\/en\/wp-json\/wp\/v2\/product"}],"about":[{"href":"https:\/\/perle-in.com\/en\/wp-json\/wp\/v2\/types\/product"}],"version-history":[{"count":0,"href":"https:\/\/perle-in.com\/en\/wp-json\/wp\/v2\/product\/569988\/revisions"}],"wp:featuredmedia":[{"embeddable":true,"href":"https:\/\/perle-in.com\/en\/wp-json\/wp\/v2\/media\/569866"}],"wp:attachment":[{"href":"https:\/\/perle-in.com\/en\/wp-json\/wp\/v2\/media?parent=569988"}],"wp:term":[{"taxonomy":"product_brand","embeddable":true,"href":"https:\/\/perle-in.com\/en\/wp-json\/wp\/v2\/product_brand?post=569988"},{"taxonomy":"product_cat","embeddable":true,"href":"https:\/\/perle-in.com\/en\/wp-json\/wp\/v2\/product_cat?post=569988"},{"taxonomy":"product_tag","embeddable":true,"href":"https:\/\/perle-in.com\/en\/wp-json\/wp\/v2\/product_tag?post=569988"}],"curies":[{"name":"wp","href":"https:\/\/api.w.org\/{rel}","templated":true}]}}