{"id":569766,"date":"2025-10-16T00:15:20","date_gmt":"2025-10-15T22:15:20","guid":{"rendered":"https:\/\/perle-in.com\/produit\/baskets-baylor-unisexes\/"},"modified":"2025-10-16T00:15:37","modified_gmt":"2025-10-15T22:15:37","slug":"baskets-baylor-unisexes","status":"publish","type":"product","link":"https:\/\/perle-in.com\/en\/product\/baskets-baylor-unisexes\/","title":{"rendered":"Baskets Baylor unisexes"},"content":{"rendered":"","protected":false},"excerpt":{"rendered":"<p>Baskets d\u00e9contract\u00e9es, id\u00e9ales pour un usage quotidien, avec une semelle en caoutchouc. Embout et languette microperfor\u00e9s pour une meilleure respirabilit\u00e9. Fermeture \u00e0 lacet plat avec \u0153illets m\u00e9talliques pour un meilleur ajustement. Semelle int\u00e9rieure en mousse.<\/p>","protected":false},"featured_media":569748,"template":"","meta":{"_eb_attr":""},"product_brand":[],"product_cat":[1251,1024],"product_tag":[3849,3847,3848,3846,3445],"class_list":{"0":"post-569766","1":"product","2":"type-product","3":"status-publish","4":"has-post-thumbnail","6":"product_cat-chaussures","7":"product_cat-vetements","8":"product_tag-basket","9":"product_tag-baskets","10":"product_tag-chaussures","11":"product_tag-chaussures-de-sport","12":"product_tag-roly","13":"pa_couleurs-blanc","14":"pa_genre-unisex","15":"pa_marque-roly","16":"pa_matiere-100-micro-polyester","17":"pa_taille-3835","18":"pa_taille-3836","19":"pa_taille-3837","20":"pa_taille-3838","21":"pa_taille-3839","22":"pa_taille-3840","23":"pa_taille-3841","24":"pa_taille-3842","25":"pa_taille-3843","26":"pa_taille-3844","27":"pa_taille-3845","29":"first","30":"instock","31":"shipping-taxable","32":"purchasable","33":"product-type-variable"},"yoast_head":"<!-- This site is optimized with the Yoast SEO plugin v27.4 - https:\/\/yoast.com\/product\/yoast-seo-wordpress\/ -->\n<title>Baskets Baylor unisexes - PERLE IN<\/title>\n<meta name=\"robots\" content=\"noindex, follow, max-snippet:-1, max-image-preview:large, max-video-preview:-1\" \/>\n<meta property=\"og:locale\" content=\"en_US\" \/>\n<meta property=\"og:type\" content=\"article\" \/>\n<meta property=\"og:title\" content=\"Baskets Baylor unisexes - PERLE IN\" \/>\n<meta property=\"og:description\" content=\"Baskets d\u00e9contract\u00e9es, id\u00e9ales pour un usage quotidien, avec une semelle en caoutchouc. Embout et languette microperfor\u00e9s pour une meilleure respirabilit\u00e9. Fermeture \u00e0 lacet plat avec \u0153illets m\u00e9talliques pour un meilleur ajustement. Semelle int\u00e9rieure en mousse.\" \/>\n<meta property=\"og:url\" content=\"https:\/\/perle-in.com\/en\/product\/baskets-baylor-unisexes\/\" \/>\n<meta property=\"og:site_name\" content=\"PERLE IN\" \/>\n<meta property=\"article:modified_time\" content=\"2025-10-15T22:15:37+00:00\" \/>\n<meta property=\"og:image\" content=\"https:\/\/perle-in.com\/wp-content\/uploads\/2025\/10\/R83241Z-1.jpg\" \/>\n\t<meta property=\"og:image:width\" content=\"1600\" \/>\n\t<meta property=\"og:image:height\" content=\"1600\" \/>\n\t<meta property=\"og:image:type\" content=\"image\/jpeg\" \/>\n<meta name=\"twitter:card\" content=\"summary_large_image\" \/>\n<script type=\"application\/ld+json\" class=\"yoast-schema-graph\">{\"@context\":\"https:\\\/\\\/schema.org\",\"@graph\":[{\"@type\":\"WebPage\",\"@id\":\"https:\\\/\\\/perle-in.com\\\/en\\\/product\\\/baskets-baylor-unisexes\\\/\",\"url\":\"https:\\\/\\\/perle-in.com\\\/en\\\/product\\\/baskets-baylor-unisexes\\\/\",\"name\":\"Baskets Baylor unisexes - PERLE IN\",\"isPartOf\":{\"@id\":\"https:\\\/\\\/perle-in.com\\\/#website\"},\"primaryImageOfPage\":{\"@id\":\"https:\\\/\\\/perle-in.com\\\/en\\\/product\\\/baskets-baylor-unisexes\\\/#primaryimage\"},\"image\":{\"@id\":\"https:\\\/\\\/perle-in.com\\\/en\\\/product\\\/baskets-baylor-unisexes\\\/#primaryimage\"},\"thumbnailUrl\":\"https:\\\/\\\/perle-in.com\\\/wp-content\\\/uploads\\\/2025\\\/10\\\/R83241Z-1.jpg\",\"datePublished\":\"2025-10-15T22:15:20+00:00\",\"dateModified\":\"2025-10-15T22:15:37+00:00\",\"breadcrumb\":{\"@id\":\"https:\\\/\\\/perle-in.com\\\/en\\\/product\\\/baskets-baylor-unisexes\\\/#breadcrumb\"},\"inLanguage\":\"en-CA\",\"potentialAction\":[{\"@type\":\"ReadAction\",\"target\":[\"https:\\\/\\\/perle-in.com\\\/en\\\/product\\\/baskets-baylor-unisexes\\\/\"]}]},{\"@type\":\"ImageObject\",\"inLanguage\":\"en-CA\",\"@id\":\"https:\\\/\\\/perle-in.com\\\/en\\\/product\\\/baskets-baylor-unisexes\\\/#primaryimage\",\"url\":\"https:\\\/\\\/perle-in.com\\\/wp-content\\\/uploads\\\/2025\\\/10\\\/R83241Z-1.jpg\",\"contentUrl\":\"https:\\\/\\\/perle-in.com\\\/wp-content\\\/uploads\\\/2025\\\/10\\\/R83241Z-1.jpg\",\"width\":1600,\"height\":1600},{\"@type\":\"BreadcrumbList\",\"@id\":\"https:\\\/\\\/perle-in.com\\\/en\\\/product\\\/baskets-baylor-unisexes\\\/#breadcrumb\",\"itemListElement\":[{\"@type\":\"ListItem\",\"position\":1,\"name\":\"Accueil\",\"item\":\"https:\\\/\\\/perle-in.com\\\/\"},{\"@type\":\"ListItem\",\"position\":2,\"name\":\"Boutique\",\"item\":\"https:\\\/\\\/perle-in.com\\\/boutique\\\/\"},{\"@type\":\"ListItem\",\"position\":3,\"name\":\"Baskets Baylor unisexes\"}]},{\"@type\":\"WebSite\",\"@id\":\"https:\\\/\\\/perle-in.com\\\/#website\",\"url\":\"https:\\\/\\\/perle-in.com\\\/\",\"name\":\"PERLE IN\",\"description\":\"\",\"publisher\":{\"@id\":\"https:\\\/\\\/perle-in.com\\\/#organization\"},\"potentialAction\":[{\"@type\":\"SearchAction\",\"target\":{\"@type\":\"EntryPoint\",\"urlTemplate\":\"https:\\\/\\\/perle-in.com\\\/?s={search_term_string}\"},\"query-input\":{\"@type\":\"PropertyValueSpecification\",\"valueRequired\":true,\"valueName\":\"search_term_string\"}}],\"inLanguage\":\"en-CA\"},{\"@type\":\"Organization\",\"@id\":\"https:\\\/\\\/perle-in.com\\\/#organization\",\"name\":\"PERLE IN\",\"url\":\"https:\\\/\\\/perle-in.com\\\/\",\"logo\":{\"@type\":\"ImageObject\",\"inLanguage\":\"en-CA\",\"@id\":\"https:\\\/\\\/perle-in.com\\\/#\\\/schema\\\/logo\\\/image\\\/\",\"url\":\"https:\\\/\\\/perle-in.com\\\/wp-content\\\/uploads\\\/2022\\\/12\\\/LOGO-PERLE-IN-COULEUR@3x.webp\",\"contentUrl\":\"https:\\\/\\\/perle-in.com\\\/wp-content\\\/uploads\\\/2022\\\/12\\\/LOGO-PERLE-IN-COULEUR@3x.webp\",\"width\":1600,\"height\":490,\"caption\":\"PERLE IN\"},\"image\":{\"@id\":\"https:\\\/\\\/perle-in.com\\\/#\\\/schema\\\/logo\\\/image\\\/\"}}]}<\/script>\n<!-- \/ Yoast SEO plugin. -->","yoast_head_json":{"title":"Baskets Baylor unisexes - PERLE IN","robots":{"index":"noindex","follow":"follow","max-snippet":"max-snippet:-1","max-image-preview":"max-image-preview:large","max-video-preview":"max-video-preview:-1"},"og_locale":"en_US","og_type":"article","og_title":"Baskets Baylor unisexes - PERLE IN","og_description":"Baskets d\u00e9contract\u00e9es, id\u00e9ales pour un usage quotidien, avec une semelle en caoutchouc. Embout et languette microperfor\u00e9s pour une meilleure respirabilit\u00e9. Fermeture \u00e0 lacet plat avec \u0153illets m\u00e9talliques pour un meilleur ajustement. Semelle int\u00e9rieure en mousse.","og_url":"https:\/\/perle-in.com\/en\/product\/baskets-baylor-unisexes\/","og_site_name":"PERLE IN","article_modified_time":"2025-10-15T22:15:37+00:00","og_image":[{"width":1600,"height":1600,"url":"https:\/\/perle-in.com\/wp-content\/uploads\/2025\/10\/R83241Z-1.jpg","type":"image\/jpeg"}],"twitter_card":"summary_large_image","schema":{"@context":"https:\/\/schema.org","@graph":[{"@type":"WebPage","@id":"https:\/\/perle-in.com\/en\/product\/baskets-baylor-unisexes\/","url":"https:\/\/perle-in.com\/en\/product\/baskets-baylor-unisexes\/","name":"Baskets Baylor unisexes - PERLE IN","isPartOf":{"@id":"https:\/\/perle-in.com\/#website"},"primaryImageOfPage":{"@id":"https:\/\/perle-in.com\/en\/product\/baskets-baylor-unisexes\/#primaryimage"},"image":{"@id":"https:\/\/perle-in.com\/en\/product\/baskets-baylor-unisexes\/#primaryimage"},"thumbnailUrl":"https:\/\/perle-in.com\/wp-content\/uploads\/2025\/10\/R83241Z-1.jpg","datePublished":"2025-10-15T22:15:20+00:00","dateModified":"2025-10-15T22:15:37+00:00","breadcrumb":{"@id":"https:\/\/perle-in.com\/en\/product\/baskets-baylor-unisexes\/#breadcrumb"},"inLanguage":"en-CA","potentialAction":[{"@type":"ReadAction","target":["https:\/\/perle-in.com\/en\/product\/baskets-baylor-unisexes\/"]}]},{"@type":"ImageObject","inLanguage":"en-CA","@id":"https:\/\/perle-in.com\/en\/product\/baskets-baylor-unisexes\/#primaryimage","url":"https:\/\/perle-in.com\/wp-content\/uploads\/2025\/10\/R83241Z-1.jpg","contentUrl":"https:\/\/perle-in.com\/wp-content\/uploads\/2025\/10\/R83241Z-1.jpg","width":1600,"height":1600},{"@type":"BreadcrumbList","@id":"https:\/\/perle-in.com\/en\/product\/baskets-baylor-unisexes\/#breadcrumb","itemListElement":[{"@type":"ListItem","position":1,"name":"Accueil","item":"https:\/\/perle-in.com\/"},{"@type":"ListItem","position":2,"name":"Boutique","item":"https:\/\/perle-in.com\/boutique\/"},{"@type":"ListItem","position":3,"name":"Baskets Baylor unisexes"}]},{"@type":"WebSite","@id":"https:\/\/perle-in.com\/#website","url":"https:\/\/perle-in.com\/","name":"PERLE IN","description":"","publisher":{"@id":"https:\/\/perle-in.com\/#organization"},"potentialAction":[{"@type":"SearchAction","target":{"@type":"EntryPoint","urlTemplate":"https:\/\/perle-in.com\/?s={search_term_string}"},"query-input":{"@type":"PropertyValueSpecification","valueRequired":true,"valueName":"search_term_string"}}],"inLanguage":"en-CA"},{"@type":"Organization","@id":"https:\/\/perle-in.com\/#organization","name":"PERLE IN","url":"https:\/\/perle-in.com\/","logo":{"@type":"ImageObject","inLanguage":"en-CA","@id":"https:\/\/perle-in.com\/#\/schema\/logo\/image\/","url":"https:\/\/perle-in.com\/wp-content\/uploads\/2022\/12\/LOGO-PERLE-IN-COULEUR@3x.webp","contentUrl":"https:\/\/perle-in.com\/wp-content\/uploads\/2022\/12\/LOGO-PERLE-IN-COULEUR@3x.webp","width":1600,"height":490,"caption":"PERLE IN"},"image":{"@id":"https:\/\/perle-in.com\/#\/schema\/logo\/image\/"}}]}},"jetpack_sharing_enabled":true,"_links":{"self":[{"href":"https:\/\/perle-in.com\/en\/wp-json\/wp\/v2\/product\/569766","targetHints":{"allow":["GET"]}}],"collection":[{"href":"https:\/\/perle-in.com\/en\/wp-json\/wp\/v2\/product"}],"about":[{"href":"https:\/\/perle-in.com\/en\/wp-json\/wp\/v2\/types\/product"}],"version-history":[{"count":0,"href":"https:\/\/perle-in.com\/en\/wp-json\/wp\/v2\/product\/569766\/revisions"}],"wp:featuredmedia":[{"embeddable":true,"href":"https:\/\/perle-in.com\/en\/wp-json\/wp\/v2\/media\/569748"}],"wp:attachment":[{"href":"https:\/\/perle-in.com\/en\/wp-json\/wp\/v2\/media?parent=569766"}],"wp:term":[{"taxonomy":"product_brand","embeddable":true,"href":"https:\/\/perle-in.com\/en\/wp-json\/wp\/v2\/product_brand?post=569766"},{"taxonomy":"product_cat","embeddable":true,"href":"https:\/\/perle-in.com\/en\/wp-json\/wp\/v2\/product_cat?post=569766"},{"taxonomy":"product_tag","embeddable":true,"href":"https:\/\/perle-in.com\/en\/wp-json\/wp\/v2\/product_tag?post=569766"}],"curies":[{"name":"wp","href":"https:\/\/api.w.org\/{rel}","templated":true}]}}