{"id":569527,"date":"2025-10-16T00:07:58","date_gmt":"2025-10-15T22:07:58","guid":{"rendered":"https:\/\/perle-in.com\/produit\/sweat-a-capuche-badet-unisexe-bicolore\/"},"modified":"2025-10-16T00:09:27","modified_gmt":"2025-10-15T22:09:27","slug":"sweat-a-capuche-badet-unisexe-bicolore","status":"publish","type":"product","link":"https:\/\/perle-in.com\/en\/product\/sweat-a-capuche-badet-unisexe-bicolore\/","title":{"rendered":"Sweat \u00e0 capuche Badet unisexe bicolore"},"content":{"rendered":"","protected":false},"excerpt":{"rendered":"<p>Sweat \u00e0 capuche unisexe bicolore. Capuche avec col crois\u00e9 et \u0153illets m\u00e9talliques. Capuche int\u00e9rieure contrast\u00e9e, cordon de serrage et manches raglan. Poche kangourou. Poignets et bas en c\u00f4te avec \u00e9lasthanne 1&#215;1. \u00c9tiquette d\u00e9tachable.     <\/p>","protected":false},"featured_media":569497,"template":"","meta":{"_eb_attr":""},"product_brand":[],"product_cat":[1254,1024],"product_tag":[3445,2439,2437,2440,2662],"class_list":{"0":"post-569527","1":"product","2":"type-product","3":"status-publish","4":"has-post-thumbnail","6":"product_cat-sweaters-a-capuche","7":"product_cat-vetements","8":"product_tag-roly","9":"product_tag-sweat-a-capuche","10":"product_tag-sweat-shirt","11":"product_tag-sweats-a-capuche","12":"product_tag-sweatshirt","13":"pa_couleurs-bleu-marine-gris","14":"pa_couleurs-gris-bleu-royal","15":"pa_couleurs-gris-grenat","16":"pa_couleurs-gris-noir","17":"pa_couleurs-gris-rose-clair","18":"pa_couleurs-gris-rouge","19":"pa_couleurs-gris-vert-bouteille","20":"pa_couleurs-gris-violet","21":"pa_couleurs-noir-gris","22":"pa_genre-unisex","23":"pa_marque-roly","24":"pa_matiere-sweater-dos-brosse-50-coton-et-50-polyester-280-g-m2","25":"pa_pays-d-origine-bengladesh","26":"pa_taille-2xl","27":"pa_taille-3xl","28":"pa_taille-l","29":"pa_taille-m","30":"pa_taille-s","31":"pa_taille-xl","32":"pa_taille-xs","34":"first","35":"instock","36":"shipping-taxable","37":"purchasable","38":"product-type-variable"},"yoast_head":"<!-- This site is optimized with the Yoast SEO plugin v27.4 - https:\/\/yoast.com\/product\/yoast-seo-wordpress\/ -->\n<title>Sweat \u00e0 capuche Badet unisexe bicolore - PERLE IN<\/title>\n<meta name=\"robots\" content=\"noindex, follow, max-snippet:-1, max-image-preview:large, max-video-preview:-1\" \/>\n<meta property=\"og:locale\" content=\"en_US\" \/>\n<meta property=\"og:type\" content=\"article\" \/>\n<meta property=\"og:title\" content=\"Sweat \u00e0 capuche Badet unisexe bicolore - PERLE IN\" \/>\n<meta property=\"og:description\" content=\"Sweat \u00e0 capuche unisexe bicolore. Capuche avec col crois\u00e9 et \u0153illets m\u00e9talliques. Capuche int\u00e9rieure contrast\u00e9e, cordon de serrage et manches raglan. Poche kangourou. Poignets et bas en c\u00f4te avec \u00e9lasthanne 1x1. \u00c9tiquette d\u00e9tachable.\" \/>\n<meta property=\"og:url\" content=\"https:\/\/perle-in.com\/en\/product\/sweat-a-capuche-badet-unisexe-bicolore\/\" \/>\n<meta property=\"og:site_name\" content=\"PERLE IN\" \/>\n<meta property=\"article:modified_time\" content=\"2025-10-15T22:09:27+00:00\" \/>\n<meta property=\"og:image\" content=\"https:\/\/perle-in.com\/wp-content\/uploads\/2025\/10\/R10588B-1.jpg\" \/>\n\t<meta property=\"og:image:width\" content=\"1600\" \/>\n\t<meta property=\"og:image:height\" content=\"1600\" \/>\n\t<meta property=\"og:image:type\" content=\"image\/jpeg\" \/>\n<meta name=\"twitter:card\" content=\"summary_large_image\" \/>\n<script type=\"application\/ld+json\" class=\"yoast-schema-graph\">{\"@context\":\"https:\\\/\\\/schema.org\",\"@graph\":[{\"@type\":\"WebPage\",\"@id\":\"https:\\\/\\\/perle-in.com\\\/produit\\\/sweat-a-capuche-badet-unisexe-bicolore\\\/\",\"url\":\"https:\\\/\\\/perle-in.com\\\/produit\\\/sweat-a-capuche-badet-unisexe-bicolore\\\/\",\"name\":\"Sweat \u00e0 capuche Badet unisexe bicolore - PERLE IN\",\"isPartOf\":{\"@id\":\"https:\\\/\\\/perle-in.com\\\/#website\"},\"primaryImageOfPage\":{\"@id\":\"https:\\\/\\\/perle-in.com\\\/produit\\\/sweat-a-capuche-badet-unisexe-bicolore\\\/#primaryimage\"},\"image\":{\"@id\":\"https:\\\/\\\/perle-in.com\\\/produit\\\/sweat-a-capuche-badet-unisexe-bicolore\\\/#primaryimage\"},\"thumbnailUrl\":\"https:\\\/\\\/perle-in.com\\\/wp-content\\\/uploads\\\/2025\\\/10\\\/R10588B-1.jpg\",\"datePublished\":\"2025-10-15T22:07:58+00:00\",\"dateModified\":\"2025-10-15T22:09:27+00:00\",\"breadcrumb\":{\"@id\":\"https:\\\/\\\/perle-in.com\\\/produit\\\/sweat-a-capuche-badet-unisexe-bicolore\\\/#breadcrumb\"},\"inLanguage\":\"en-CA\",\"potentialAction\":[{\"@type\":\"ReadAction\",\"target\":[\"https:\\\/\\\/perle-in.com\\\/produit\\\/sweat-a-capuche-badet-unisexe-bicolore\\\/\"]}]},{\"@type\":\"ImageObject\",\"inLanguage\":\"en-CA\",\"@id\":\"https:\\\/\\\/perle-in.com\\\/produit\\\/sweat-a-capuche-badet-unisexe-bicolore\\\/#primaryimage\",\"url\":\"https:\\\/\\\/perle-in.com\\\/wp-content\\\/uploads\\\/2025\\\/10\\\/R10588B-1.jpg\",\"contentUrl\":\"https:\\\/\\\/perle-in.com\\\/wp-content\\\/uploads\\\/2025\\\/10\\\/R10588B-1.jpg\",\"width\":1600,\"height\":1600},{\"@type\":\"BreadcrumbList\",\"@id\":\"https:\\\/\\\/perle-in.com\\\/produit\\\/sweat-a-capuche-badet-unisexe-bicolore\\\/#breadcrumb\",\"itemListElement\":[{\"@type\":\"ListItem\",\"position\":1,\"name\":\"Accueil\",\"item\":\"https:\\\/\\\/perle-in.com\\\/\"},{\"@type\":\"ListItem\",\"position\":2,\"name\":\"Boutique\",\"item\":\"https:\\\/\\\/perle-in.com\\\/boutique\\\/\"},{\"@type\":\"ListItem\",\"position\":3,\"name\":\"Sweat \u00e0 capuche Badet unisexe bicolore\"}]},{\"@type\":\"WebSite\",\"@id\":\"https:\\\/\\\/perle-in.com\\\/#website\",\"url\":\"https:\\\/\\\/perle-in.com\\\/\",\"name\":\"PERLE IN\",\"description\":\"\",\"publisher\":{\"@id\":\"https:\\\/\\\/perle-in.com\\\/#organization\"},\"potentialAction\":[{\"@type\":\"SearchAction\",\"target\":{\"@type\":\"EntryPoint\",\"urlTemplate\":\"https:\\\/\\\/perle-in.com\\\/?s={search_term_string}\"},\"query-input\":{\"@type\":\"PropertyValueSpecification\",\"valueRequired\":true,\"valueName\":\"search_term_string\"}}],\"inLanguage\":\"en-CA\"},{\"@type\":\"Organization\",\"@id\":\"https:\\\/\\\/perle-in.com\\\/#organization\",\"name\":\"PERLE IN\",\"url\":\"https:\\\/\\\/perle-in.com\\\/\",\"logo\":{\"@type\":\"ImageObject\",\"inLanguage\":\"en-CA\",\"@id\":\"https:\\\/\\\/perle-in.com\\\/#\\\/schema\\\/logo\\\/image\\\/\",\"url\":\"https:\\\/\\\/perle-in.com\\\/wp-content\\\/uploads\\\/2022\\\/12\\\/LOGO-PERLE-IN-COULEUR@3x.webp\",\"contentUrl\":\"https:\\\/\\\/perle-in.com\\\/wp-content\\\/uploads\\\/2022\\\/12\\\/LOGO-PERLE-IN-COULEUR@3x.webp\",\"width\":1600,\"height\":490,\"caption\":\"PERLE IN\"},\"image\":{\"@id\":\"https:\\\/\\\/perle-in.com\\\/#\\\/schema\\\/logo\\\/image\\\/\"}}]}<\/script>\n<!-- \/ Yoast SEO plugin. -->","yoast_head_json":{"title":"Sweat \u00e0 capuche Badet unisexe bicolore - PERLE IN","robots":{"index":"noindex","follow":"follow","max-snippet":"max-snippet:-1","max-image-preview":"max-image-preview:large","max-video-preview":"max-video-preview:-1"},"og_locale":"en_US","og_type":"article","og_title":"Sweat \u00e0 capuche Badet unisexe bicolore - PERLE IN","og_description":"Sweat \u00e0 capuche unisexe bicolore. Capuche avec col crois\u00e9 et \u0153illets m\u00e9talliques. Capuche int\u00e9rieure contrast\u00e9e, cordon de serrage et manches raglan. Poche kangourou. Poignets et bas en c\u00f4te avec \u00e9lasthanne 1x1. \u00c9tiquette d\u00e9tachable.","og_url":"https:\/\/perle-in.com\/en\/product\/sweat-a-capuche-badet-unisexe-bicolore\/","og_site_name":"PERLE IN","article_modified_time":"2025-10-15T22:09:27+00:00","og_image":[{"width":1600,"height":1600,"url":"https:\/\/perle-in.com\/wp-content\/uploads\/2025\/10\/R10588B-1.jpg","type":"image\/jpeg"}],"twitter_card":"summary_large_image","schema":{"@context":"https:\/\/schema.org","@graph":[{"@type":"WebPage","@id":"https:\/\/perle-in.com\/produit\/sweat-a-capuche-badet-unisexe-bicolore\/","url":"https:\/\/perle-in.com\/produit\/sweat-a-capuche-badet-unisexe-bicolore\/","name":"Sweat \u00e0 capuche Badet unisexe bicolore - PERLE IN","isPartOf":{"@id":"https:\/\/perle-in.com\/#website"},"primaryImageOfPage":{"@id":"https:\/\/perle-in.com\/produit\/sweat-a-capuche-badet-unisexe-bicolore\/#primaryimage"},"image":{"@id":"https:\/\/perle-in.com\/produit\/sweat-a-capuche-badet-unisexe-bicolore\/#primaryimage"},"thumbnailUrl":"https:\/\/perle-in.com\/wp-content\/uploads\/2025\/10\/R10588B-1.jpg","datePublished":"2025-10-15T22:07:58+00:00","dateModified":"2025-10-15T22:09:27+00:00","breadcrumb":{"@id":"https:\/\/perle-in.com\/produit\/sweat-a-capuche-badet-unisexe-bicolore\/#breadcrumb"},"inLanguage":"en-CA","potentialAction":[{"@type":"ReadAction","target":["https:\/\/perle-in.com\/produit\/sweat-a-capuche-badet-unisexe-bicolore\/"]}]},{"@type":"ImageObject","inLanguage":"en-CA","@id":"https:\/\/perle-in.com\/produit\/sweat-a-capuche-badet-unisexe-bicolore\/#primaryimage","url":"https:\/\/perle-in.com\/wp-content\/uploads\/2025\/10\/R10588B-1.jpg","contentUrl":"https:\/\/perle-in.com\/wp-content\/uploads\/2025\/10\/R10588B-1.jpg","width":1600,"height":1600},{"@type":"BreadcrumbList","@id":"https:\/\/perle-in.com\/produit\/sweat-a-capuche-badet-unisexe-bicolore\/#breadcrumb","itemListElement":[{"@type":"ListItem","position":1,"name":"Accueil","item":"https:\/\/perle-in.com\/"},{"@type":"ListItem","position":2,"name":"Boutique","item":"https:\/\/perle-in.com\/boutique\/"},{"@type":"ListItem","position":3,"name":"Sweat \u00e0 capuche Badet unisexe bicolore"}]},{"@type":"WebSite","@id":"https:\/\/perle-in.com\/#website","url":"https:\/\/perle-in.com\/","name":"PERLE IN","description":"","publisher":{"@id":"https:\/\/perle-in.com\/#organization"},"potentialAction":[{"@type":"SearchAction","target":{"@type":"EntryPoint","urlTemplate":"https:\/\/perle-in.com\/?s={search_term_string}"},"query-input":{"@type":"PropertyValueSpecification","valueRequired":true,"valueName":"search_term_string"}}],"inLanguage":"en-CA"},{"@type":"Organization","@id":"https:\/\/perle-in.com\/#organization","name":"PERLE IN","url":"https:\/\/perle-in.com\/","logo":{"@type":"ImageObject","inLanguage":"en-CA","@id":"https:\/\/perle-in.com\/#\/schema\/logo\/image\/","url":"https:\/\/perle-in.com\/wp-content\/uploads\/2022\/12\/LOGO-PERLE-IN-COULEUR@3x.webp","contentUrl":"https:\/\/perle-in.com\/wp-content\/uploads\/2022\/12\/LOGO-PERLE-IN-COULEUR@3x.webp","width":1600,"height":490,"caption":"PERLE IN"},"image":{"@id":"https:\/\/perle-in.com\/#\/schema\/logo\/image\/"}}]}},"jetpack_sharing_enabled":true,"_links":{"self":[{"href":"https:\/\/perle-in.com\/en\/wp-json\/wp\/v2\/product\/569527","targetHints":{"allow":["GET"]}}],"collection":[{"href":"https:\/\/perle-in.com\/en\/wp-json\/wp\/v2\/product"}],"about":[{"href":"https:\/\/perle-in.com\/en\/wp-json\/wp\/v2\/types\/product"}],"version-history":[{"count":0,"href":"https:\/\/perle-in.com\/en\/wp-json\/wp\/v2\/product\/569527\/revisions"}],"wp:featuredmedia":[{"embeddable":true,"href":"https:\/\/perle-in.com\/en\/wp-json\/wp\/v2\/media\/569497"}],"wp:attachment":[{"href":"https:\/\/perle-in.com\/en\/wp-json\/wp\/v2\/media?parent=569527"}],"wp:term":[{"taxonomy":"product_brand","embeddable":true,"href":"https:\/\/perle-in.com\/en\/wp-json\/wp\/v2\/product_brand?post=569527"},{"taxonomy":"product_cat","embeddable":true,"href":"https:\/\/perle-in.com\/en\/wp-json\/wp\/v2\/product_cat?post=569527"},{"taxonomy":"product_tag","embeddable":true,"href":"https:\/\/perle-in.com\/en\/wp-json\/wp\/v2\/product_tag?post=569527"}],"curies":[{"name":"wp","href":"https:\/\/api.w.org\/{rel}","templated":true}]}}