{"id":569215,"date":"2025-10-15T23:48:37","date_gmt":"2025-10-15T21:48:37","guid":{"rendered":"https:\/\/perle-in.com\/produit\/carnet-a5-rechargeable-avec-deux-cahiers-slyk\/"},"modified":"2025-10-15T23:48:38","modified_gmt":"2025-10-15T21:48:38","slug":"carnet-a5-rechargeable-avec-deux-cahiers-slyk","status":"publish","type":"product","link":"https:\/\/perle-in.com\/en\/product\/carnet-a5-rechargeable-avec-deux-cahiers-slyk\/","title":{"rendered":"Carnet A5 rechargeable avec deux cahiers Slyk"},"content":{"rendered":"","protected":false},"excerpt":{"rendered":"<p>Le carnet rechargeable A5 Slyk est dot\u00e9 d\u2019une couverture en plastique recycl\u00e9 avec une fermeture \u00e0 bande \u00e9lastique qui maintient en toute s\u00e9curit\u00e9 deux cahiers internes\u00a0: un pointill\u00e9 et un lign\u00e9. Chaque cahier comprend 32\u00a0feuilles de couleur cr\u00e8me fabriqu\u00e9es \u00e0 partir d\u2019un papier de 70\u00a0g\/m\u00b2, avec des coins arrondis et des coutures visibles au dos pour un aspect artisanal. Les couvertures des cahiers sont en carton. Les recharges des cahiers sont disponibles s\u00e9par\u00e9ment dans une vari\u00e9t\u00e9 de mises en page, y compris avec pointill\u00e9s, agenda et lignes.<\/p>","protected":false},"featured_media":569209,"template":"","meta":{"_eb_attr":""},"product_brand":[],"product_cat":[1224,4196],"product_tag":[614,1526,1513,1514,2683,3812],"class_list":{"0":"post-569215","1":"product","2":"type-product","3":"status-publish","4":"has-post-thumbnail","6":"product_cat-bloc-notes-couverture-souple","7":"product_cat-blocs-notes-et-papeterie-personnalisee","8":"product_tag-a5","9":"product_tag-cahier","10":"product_tag-carnet","11":"product_tag-carnets","12":"product_tag-ecriture","13":"product_tag-rechargeable","14":"pa_couleurs-gris","15":"pa_green-points-1536","17":"first","18":"instock","19":"shipping-taxable","20":"purchasable","21":"product-type-variable"},"yoast_head":"<!-- This site is optimized with the Yoast SEO plugin v27.4 - https:\/\/yoast.com\/product\/yoast-seo-wordpress\/ -->\n<title>Carnet A5 rechargeable avec deux cahiers Slyk - PERLE IN<\/title>\n<meta name=\"robots\" content=\"noindex, follow, max-snippet:-1, max-image-preview:large, max-video-preview:-1\" \/>\n<meta property=\"og:locale\" content=\"en_US\" \/>\n<meta property=\"og:type\" content=\"article\" \/>\n<meta property=\"og:title\" content=\"Carnet A5 rechargeable avec deux cahiers Slyk - PERLE IN\" \/>\n<meta property=\"og:description\" content=\"Le carnet rechargeable A5 Slyk est dot\u00e9 d\u2019une couverture en plastique recycl\u00e9 avec une fermeture \u00e0 bande \u00e9lastique qui maintient en toute s\u00e9curit\u00e9 deux cahiers internes\u00a0: un pointill\u00e9 et un lign\u00e9. Chaque cahier comprend 32\u00a0feuilles de couleur cr\u00e8me fabriqu\u00e9es \u00e0 partir d\u2019un papier de 70\u00a0g\/m\u00b2, avec des coins arrondis et des coutures visibles au dos pour un aspect artisanal. Les couvertures des cahiers sont en carton. Les recharges des cahiers sont disponibles s\u00e9par\u00e9ment dans une vari\u00e9t\u00e9 de mises en page, y compris avec pointill\u00e9s, agenda et lignes.\" \/>\n<meta property=\"og:url\" content=\"https:\/\/perle-in.com\/en\/product\/carnet-a5-rechargeable-avec-deux-cahiers-slyk\/\" \/>\n<meta property=\"og:site_name\" content=\"PERLE IN\" \/>\n<meta property=\"article:modified_time\" content=\"2025-10-15T21:48:38+00:00\" \/>\n<meta property=\"og:image\" content=\"https:\/\/perle-in.com\/wp-content\/uploads\/2025\/10\/10798082-1.jpg\" \/>\n\t<meta property=\"og:image:width\" content=\"1600\" \/>\n\t<meta property=\"og:image:height\" content=\"1600\" \/>\n\t<meta property=\"og:image:type\" content=\"image\/jpeg\" \/>\n<meta name=\"twitter:card\" content=\"summary_large_image\" \/>\n<script type=\"application\/ld+json\" class=\"yoast-schema-graph\">{\"@context\":\"https:\\\/\\\/schema.org\",\"@graph\":[{\"@type\":\"WebPage\",\"@id\":\"https:\\\/\\\/perle-in.com\\\/produit\\\/carnet-a5-rechargeable-avec-deux-cahiers-slyk\\\/\",\"url\":\"https:\\\/\\\/perle-in.com\\\/produit\\\/carnet-a5-rechargeable-avec-deux-cahiers-slyk\\\/\",\"name\":\"Carnet A5 rechargeable avec deux cahiers Slyk - PERLE IN\",\"isPartOf\":{\"@id\":\"https:\\\/\\\/perle-in.com\\\/#website\"},\"primaryImageOfPage\":{\"@id\":\"https:\\\/\\\/perle-in.com\\\/produit\\\/carnet-a5-rechargeable-avec-deux-cahiers-slyk\\\/#primaryimage\"},\"image\":{\"@id\":\"https:\\\/\\\/perle-in.com\\\/produit\\\/carnet-a5-rechargeable-avec-deux-cahiers-slyk\\\/#primaryimage\"},\"thumbnailUrl\":\"https:\\\/\\\/perle-in.com\\\/wp-content\\\/uploads\\\/2025\\\/10\\\/10798082-1.jpg\",\"datePublished\":\"2025-10-15T21:48:37+00:00\",\"dateModified\":\"2025-10-15T21:48:38+00:00\",\"breadcrumb\":{\"@id\":\"https:\\\/\\\/perle-in.com\\\/produit\\\/carnet-a5-rechargeable-avec-deux-cahiers-slyk\\\/#breadcrumb\"},\"inLanguage\":\"en-CA\",\"potentialAction\":[{\"@type\":\"ReadAction\",\"target\":[\"https:\\\/\\\/perle-in.com\\\/produit\\\/carnet-a5-rechargeable-avec-deux-cahiers-slyk\\\/\"]}]},{\"@type\":\"ImageObject\",\"inLanguage\":\"en-CA\",\"@id\":\"https:\\\/\\\/perle-in.com\\\/produit\\\/carnet-a5-rechargeable-avec-deux-cahiers-slyk\\\/#primaryimage\",\"url\":\"https:\\\/\\\/perle-in.com\\\/wp-content\\\/uploads\\\/2025\\\/10\\\/10798082-1.jpg\",\"contentUrl\":\"https:\\\/\\\/perle-in.com\\\/wp-content\\\/uploads\\\/2025\\\/10\\\/10798082-1.jpg\",\"width\":1600,\"height\":1600},{\"@type\":\"BreadcrumbList\",\"@id\":\"https:\\\/\\\/perle-in.com\\\/produit\\\/carnet-a5-rechargeable-avec-deux-cahiers-slyk\\\/#breadcrumb\",\"itemListElement\":[{\"@type\":\"ListItem\",\"position\":1,\"name\":\"Accueil\",\"item\":\"https:\\\/\\\/perle-in.com\\\/\"},{\"@type\":\"ListItem\",\"position\":2,\"name\":\"Boutique\",\"item\":\"https:\\\/\\\/perle-in.com\\\/boutique\\\/\"},{\"@type\":\"ListItem\",\"position\":3,\"name\":\"Carnet A5 rechargeable avec deux cahiers Slyk\"}]},{\"@type\":\"WebSite\",\"@id\":\"https:\\\/\\\/perle-in.com\\\/#website\",\"url\":\"https:\\\/\\\/perle-in.com\\\/\",\"name\":\"PERLE IN\",\"description\":\"\",\"publisher\":{\"@id\":\"https:\\\/\\\/perle-in.com\\\/#organization\"},\"potentialAction\":[{\"@type\":\"SearchAction\",\"target\":{\"@type\":\"EntryPoint\",\"urlTemplate\":\"https:\\\/\\\/perle-in.com\\\/?s={search_term_string}\"},\"query-input\":{\"@type\":\"PropertyValueSpecification\",\"valueRequired\":true,\"valueName\":\"search_term_string\"}}],\"inLanguage\":\"en-CA\"},{\"@type\":\"Organization\",\"@id\":\"https:\\\/\\\/perle-in.com\\\/#organization\",\"name\":\"PERLE IN\",\"url\":\"https:\\\/\\\/perle-in.com\\\/\",\"logo\":{\"@type\":\"ImageObject\",\"inLanguage\":\"en-CA\",\"@id\":\"https:\\\/\\\/perle-in.com\\\/#\\\/schema\\\/logo\\\/image\\\/\",\"url\":\"https:\\\/\\\/perle-in.com\\\/wp-content\\\/uploads\\\/2022\\\/12\\\/LOGO-PERLE-IN-COULEUR@3x.webp\",\"contentUrl\":\"https:\\\/\\\/perle-in.com\\\/wp-content\\\/uploads\\\/2022\\\/12\\\/LOGO-PERLE-IN-COULEUR@3x.webp\",\"width\":1600,\"height\":490,\"caption\":\"PERLE IN\"},\"image\":{\"@id\":\"https:\\\/\\\/perle-in.com\\\/#\\\/schema\\\/logo\\\/image\\\/\"}}]}<\/script>\n<!-- \/ Yoast SEO plugin. -->","yoast_head_json":{"title":"Carnet A5 rechargeable avec deux cahiers Slyk - PERLE IN","robots":{"index":"noindex","follow":"follow","max-snippet":"max-snippet:-1","max-image-preview":"max-image-preview:large","max-video-preview":"max-video-preview:-1"},"og_locale":"en_US","og_type":"article","og_title":"Carnet A5 rechargeable avec deux cahiers Slyk - PERLE IN","og_description":"Le carnet rechargeable A5 Slyk est dot\u00e9 d\u2019une couverture en plastique recycl\u00e9 avec une fermeture \u00e0 bande \u00e9lastique qui maintient en toute s\u00e9curit\u00e9 deux cahiers internes\u00a0: un pointill\u00e9 et un lign\u00e9. Chaque cahier comprend 32\u00a0feuilles de couleur cr\u00e8me fabriqu\u00e9es \u00e0 partir d\u2019un papier de 70\u00a0g\/m\u00b2, avec des coins arrondis et des coutures visibles au dos pour un aspect artisanal. Les couvertures des cahiers sont en carton. Les recharges des cahiers sont disponibles s\u00e9par\u00e9ment dans une vari\u00e9t\u00e9 de mises en page, y compris avec pointill\u00e9s, agenda et lignes.","og_url":"https:\/\/perle-in.com\/en\/product\/carnet-a5-rechargeable-avec-deux-cahiers-slyk\/","og_site_name":"PERLE IN","article_modified_time":"2025-10-15T21:48:38+00:00","og_image":[{"width":1600,"height":1600,"url":"https:\/\/perle-in.com\/wp-content\/uploads\/2025\/10\/10798082-1.jpg","type":"image\/jpeg"}],"twitter_card":"summary_large_image","schema":{"@context":"https:\/\/schema.org","@graph":[{"@type":"WebPage","@id":"https:\/\/perle-in.com\/produit\/carnet-a5-rechargeable-avec-deux-cahiers-slyk\/","url":"https:\/\/perle-in.com\/produit\/carnet-a5-rechargeable-avec-deux-cahiers-slyk\/","name":"Carnet A5 rechargeable avec deux cahiers Slyk - PERLE IN","isPartOf":{"@id":"https:\/\/perle-in.com\/#website"},"primaryImageOfPage":{"@id":"https:\/\/perle-in.com\/produit\/carnet-a5-rechargeable-avec-deux-cahiers-slyk\/#primaryimage"},"image":{"@id":"https:\/\/perle-in.com\/produit\/carnet-a5-rechargeable-avec-deux-cahiers-slyk\/#primaryimage"},"thumbnailUrl":"https:\/\/perle-in.com\/wp-content\/uploads\/2025\/10\/10798082-1.jpg","datePublished":"2025-10-15T21:48:37+00:00","dateModified":"2025-10-15T21:48:38+00:00","breadcrumb":{"@id":"https:\/\/perle-in.com\/produit\/carnet-a5-rechargeable-avec-deux-cahiers-slyk\/#breadcrumb"},"inLanguage":"en-CA","potentialAction":[{"@type":"ReadAction","target":["https:\/\/perle-in.com\/produit\/carnet-a5-rechargeable-avec-deux-cahiers-slyk\/"]}]},{"@type":"ImageObject","inLanguage":"en-CA","@id":"https:\/\/perle-in.com\/produit\/carnet-a5-rechargeable-avec-deux-cahiers-slyk\/#primaryimage","url":"https:\/\/perle-in.com\/wp-content\/uploads\/2025\/10\/10798082-1.jpg","contentUrl":"https:\/\/perle-in.com\/wp-content\/uploads\/2025\/10\/10798082-1.jpg","width":1600,"height":1600},{"@type":"BreadcrumbList","@id":"https:\/\/perle-in.com\/produit\/carnet-a5-rechargeable-avec-deux-cahiers-slyk\/#breadcrumb","itemListElement":[{"@type":"ListItem","position":1,"name":"Accueil","item":"https:\/\/perle-in.com\/"},{"@type":"ListItem","position":2,"name":"Boutique","item":"https:\/\/perle-in.com\/boutique\/"},{"@type":"ListItem","position":3,"name":"Carnet A5 rechargeable avec deux cahiers Slyk"}]},{"@type":"WebSite","@id":"https:\/\/perle-in.com\/#website","url":"https:\/\/perle-in.com\/","name":"PERLE IN","description":"","publisher":{"@id":"https:\/\/perle-in.com\/#organization"},"potentialAction":[{"@type":"SearchAction","target":{"@type":"EntryPoint","urlTemplate":"https:\/\/perle-in.com\/?s={search_term_string}"},"query-input":{"@type":"PropertyValueSpecification","valueRequired":true,"valueName":"search_term_string"}}],"inLanguage":"en-CA"},{"@type":"Organization","@id":"https:\/\/perle-in.com\/#organization","name":"PERLE IN","url":"https:\/\/perle-in.com\/","logo":{"@type":"ImageObject","inLanguage":"en-CA","@id":"https:\/\/perle-in.com\/#\/schema\/logo\/image\/","url":"https:\/\/perle-in.com\/wp-content\/uploads\/2022\/12\/LOGO-PERLE-IN-COULEUR@3x.webp","contentUrl":"https:\/\/perle-in.com\/wp-content\/uploads\/2022\/12\/LOGO-PERLE-IN-COULEUR@3x.webp","width":1600,"height":490,"caption":"PERLE IN"},"image":{"@id":"https:\/\/perle-in.com\/#\/schema\/logo\/image\/"}}]}},"jetpack_sharing_enabled":true,"_links":{"self":[{"href":"https:\/\/perle-in.com\/en\/wp-json\/wp\/v2\/product\/569215","targetHints":{"allow":["GET"]}}],"collection":[{"href":"https:\/\/perle-in.com\/en\/wp-json\/wp\/v2\/product"}],"about":[{"href":"https:\/\/perle-in.com\/en\/wp-json\/wp\/v2\/types\/product"}],"version-history":[{"count":0,"href":"https:\/\/perle-in.com\/en\/wp-json\/wp\/v2\/product\/569215\/revisions"}],"wp:featuredmedia":[{"embeddable":true,"href":"https:\/\/perle-in.com\/en\/wp-json\/wp\/v2\/media\/569209"}],"wp:attachment":[{"href":"https:\/\/perle-in.com\/en\/wp-json\/wp\/v2\/media?parent=569215"}],"wp:term":[{"taxonomy":"product_brand","embeddable":true,"href":"https:\/\/perle-in.com\/en\/wp-json\/wp\/v2\/product_brand?post=569215"},{"taxonomy":"product_cat","embeddable":true,"href":"https:\/\/perle-in.com\/en\/wp-json\/wp\/v2\/product_cat?post=569215"},{"taxonomy":"product_tag","embeddable":true,"href":"https:\/\/perle-in.com\/en\/wp-json\/wp\/v2\/product_tag?post=569215"}],"curies":[{"name":"wp","href":"https:\/\/api.w.org\/{rel}","templated":true}]}}