{"id":569057,"date":"2025-10-15T23:24:59","date_gmt":"2025-10-15T21:24:59","guid":{"rendered":"https:\/\/perle-in.com\/produit\/haut-parleur-sans-fil-diya-de-3-w-en-plastique-recycle\/"},"modified":"2025-10-15T23:25:05","modified_gmt":"2025-10-15T21:25:05","slug":"haut-parleur-sans-fil-diya-de-3-w-en-plastique-recycle","status":"publish","type":"product","link":"https:\/\/perle-in.com\/en\/product\/haut-parleur-sans-fil-diya-de-3-w-en-plastique-recycle\/","title":{"rendered":"Haut-parleur sans fil Diya de 3\u00a0W en plastique recycl\u00e9"},"content":{"rendered":"","protected":false},"excerpt":{"rendered":"<p>Le  haut-parleur sans fil Diya, fabriqu\u00e9 \u00e0 partir de plastique recycl\u00e9, est dot\u00e9 d\u2019une sangle en PU pour une portabilit\u00e9 ais\u00e9e. Il d\u00e9livre un son puissant de 3\u00a0watts et prend en charge la lecture de fichiers\u00a0MP3 via Micro\u00a0SD. Profitez d\u2019une connectivit\u00e9 sans faille avec une option d\u2019entr\u00e9e line-in et rechargez sans effort gr\u00e2ce au port de charge Type-C. La dur\u00e9e de lecture \u00e0 volume maximal est d\u2019environ 3\u00a0heures et le haut-parleur peut \u00eatre enti\u00e8rement recharg\u00e9 de 0 \u00e0 100\u00a0% en 2\u00a0heures environ.<\/p>","protected":false},"featured_media":569047,"template":"","meta":{"_eb_attr":""},"product_brand":[],"product_cat":[817,667],"product_tag":[818,1656,819,820,1019],"class_list":{"0":"post-569057","1":"product","2":"type-product","3":"status-publish","4":"has-post-thumbnail","6":"product_cat-enceintes","7":"product_cat-technologie","8":"product_tag-bluetooth","9":"product_tag-enceinte","10":"product_tag-haut-parleur","11":"product_tag-haut-parleurs","12":"product_tag-sans-fil","13":"pa_couleurs-blanc","14":"pa_couleurs-noir","15":"pa_green-points-2710","16":"pa_matiere-plastique-recycle-abs","18":"first","19":"instock","20":"shipping-taxable","21":"purchasable","22":"product-type-variable"},"yoast_head":"<!-- This site is optimized with the Yoast SEO plugin v27.4 - https:\/\/yoast.com\/product\/yoast-seo-wordpress\/ -->\n<title>Haut-parleur sans fil Diya de 3\u00a0W en plastique recycl\u00e9 - PERLE IN<\/title>\n<meta name=\"robots\" content=\"noindex, follow, max-snippet:-1, max-image-preview:large, max-video-preview:-1\" \/>\n<meta property=\"og:locale\" content=\"en_US\" \/>\n<meta property=\"og:type\" content=\"article\" \/>\n<meta property=\"og:title\" content=\"Haut-parleur sans fil Diya de 3\u00a0W en plastique recycl\u00e9 - PERLE IN\" \/>\n<meta property=\"og:description\" content=\"Le haut-parleur sans fil Diya, fabriqu\u00e9 \u00e0 partir de plastique recycl\u00e9, est dot\u00e9 d\u2019une sangle en PU pour une portabilit\u00e9 ais\u00e9e. Il d\u00e9livre un son puissant de 3\u00a0watts et prend en charge la lecture de fichiers\u00a0MP3 via Micro\u00a0SD. Profitez d\u2019une connectivit\u00e9 sans faille avec une option d\u2019entr\u00e9e line-in et rechargez sans effort gr\u00e2ce au port de charge Type-C. La dur\u00e9e de lecture \u00e0 volume maximal est d\u2019environ 3\u00a0heures et le haut-parleur peut \u00eatre enti\u00e8rement recharg\u00e9 de 0 \u00e0 100\u00a0% en 2\u00a0heures environ.\" \/>\n<meta property=\"og:url\" content=\"https:\/\/perle-in.com\/en\/product\/haut-parleur-sans-fil-diya-de-3-w-en-plastique-recycle\/\" \/>\n<meta property=\"og:site_name\" content=\"PERLE IN\" \/>\n<meta property=\"article:modified_time\" content=\"2025-10-15T21:25:05+00:00\" \/>\n<meta property=\"og:image\" content=\"https:\/\/perle-in.com\/wp-content\/uploads\/2025\/10\/12443601-1.jpg\" \/>\n\t<meta property=\"og:image:width\" content=\"1600\" \/>\n\t<meta property=\"og:image:height\" content=\"1600\" \/>\n\t<meta property=\"og:image:type\" content=\"image\/jpeg\" \/>\n<meta name=\"twitter:card\" content=\"summary_large_image\" \/>\n<script type=\"application\/ld+json\" class=\"yoast-schema-graph\">{\"@context\":\"https:\\\/\\\/schema.org\",\"@graph\":[{\"@type\":\"WebPage\",\"@id\":\"https:\\\/\\\/perle-in.com\\\/produit\\\/haut-parleur-sans-fil-diya-de-3-w-en-plastique-recycle\\\/\",\"url\":\"https:\\\/\\\/perle-in.com\\\/produit\\\/haut-parleur-sans-fil-diya-de-3-w-en-plastique-recycle\\\/\",\"name\":\"Haut-parleur sans fil Diya de 3\u00a0W en plastique recycl\u00e9 - PERLE IN\",\"isPartOf\":{\"@id\":\"https:\\\/\\\/perle-in.com\\\/#website\"},\"primaryImageOfPage\":{\"@id\":\"https:\\\/\\\/perle-in.com\\\/produit\\\/haut-parleur-sans-fil-diya-de-3-w-en-plastique-recycle\\\/#primaryimage\"},\"image\":{\"@id\":\"https:\\\/\\\/perle-in.com\\\/produit\\\/haut-parleur-sans-fil-diya-de-3-w-en-plastique-recycle\\\/#primaryimage\"},\"thumbnailUrl\":\"https:\\\/\\\/perle-in.com\\\/wp-content\\\/uploads\\\/2025\\\/10\\\/12443601-1.jpg\",\"datePublished\":\"2025-10-15T21:24:59+00:00\",\"dateModified\":\"2025-10-15T21:25:05+00:00\",\"breadcrumb\":{\"@id\":\"https:\\\/\\\/perle-in.com\\\/produit\\\/haut-parleur-sans-fil-diya-de-3-w-en-plastique-recycle\\\/#breadcrumb\"},\"inLanguage\":\"en-CA\",\"potentialAction\":[{\"@type\":\"ReadAction\",\"target\":[\"https:\\\/\\\/perle-in.com\\\/produit\\\/haut-parleur-sans-fil-diya-de-3-w-en-plastique-recycle\\\/\"]}]},{\"@type\":\"ImageObject\",\"inLanguage\":\"en-CA\",\"@id\":\"https:\\\/\\\/perle-in.com\\\/produit\\\/haut-parleur-sans-fil-diya-de-3-w-en-plastique-recycle\\\/#primaryimage\",\"url\":\"https:\\\/\\\/perle-in.com\\\/wp-content\\\/uploads\\\/2025\\\/10\\\/12443601-1.jpg\",\"contentUrl\":\"https:\\\/\\\/perle-in.com\\\/wp-content\\\/uploads\\\/2025\\\/10\\\/12443601-1.jpg\",\"width\":1600,\"height\":1600},{\"@type\":\"BreadcrumbList\",\"@id\":\"https:\\\/\\\/perle-in.com\\\/produit\\\/haut-parleur-sans-fil-diya-de-3-w-en-plastique-recycle\\\/#breadcrumb\",\"itemListElement\":[{\"@type\":\"ListItem\",\"position\":1,\"name\":\"Accueil\",\"item\":\"https:\\\/\\\/perle-in.com\\\/\"},{\"@type\":\"ListItem\",\"position\":2,\"name\":\"Boutique\",\"item\":\"https:\\\/\\\/perle-in.com\\\/boutique\\\/\"},{\"@type\":\"ListItem\",\"position\":3,\"name\":\"Haut-parleur sans fil Diya de 3\u00a0W en plastique recycl\u00e9\"}]},{\"@type\":\"WebSite\",\"@id\":\"https:\\\/\\\/perle-in.com\\\/#website\",\"url\":\"https:\\\/\\\/perle-in.com\\\/\",\"name\":\"PERLE IN\",\"description\":\"\",\"publisher\":{\"@id\":\"https:\\\/\\\/perle-in.com\\\/#organization\"},\"potentialAction\":[{\"@type\":\"SearchAction\",\"target\":{\"@type\":\"EntryPoint\",\"urlTemplate\":\"https:\\\/\\\/perle-in.com\\\/?s={search_term_string}\"},\"query-input\":{\"@type\":\"PropertyValueSpecification\",\"valueRequired\":true,\"valueName\":\"search_term_string\"}}],\"inLanguage\":\"en-CA\"},{\"@type\":\"Organization\",\"@id\":\"https:\\\/\\\/perle-in.com\\\/#organization\",\"name\":\"PERLE IN\",\"url\":\"https:\\\/\\\/perle-in.com\\\/\",\"logo\":{\"@type\":\"ImageObject\",\"inLanguage\":\"en-CA\",\"@id\":\"https:\\\/\\\/perle-in.com\\\/#\\\/schema\\\/logo\\\/image\\\/\",\"url\":\"https:\\\/\\\/perle-in.com\\\/wp-content\\\/uploads\\\/2022\\\/12\\\/LOGO-PERLE-IN-COULEUR@3x.webp\",\"contentUrl\":\"https:\\\/\\\/perle-in.com\\\/wp-content\\\/uploads\\\/2022\\\/12\\\/LOGO-PERLE-IN-COULEUR@3x.webp\",\"width\":1600,\"height\":490,\"caption\":\"PERLE IN\"},\"image\":{\"@id\":\"https:\\\/\\\/perle-in.com\\\/#\\\/schema\\\/logo\\\/image\\\/\"}}]}<\/script>\n<!-- \/ Yoast SEO plugin. -->","yoast_head_json":{"title":"Haut-parleur sans fil Diya de 3\u00a0W en plastique recycl\u00e9 - PERLE IN","robots":{"index":"noindex","follow":"follow","max-snippet":"max-snippet:-1","max-image-preview":"max-image-preview:large","max-video-preview":"max-video-preview:-1"},"og_locale":"en_US","og_type":"article","og_title":"Haut-parleur sans fil Diya de 3\u00a0W en plastique recycl\u00e9 - PERLE IN","og_description":"Le haut-parleur sans fil Diya, fabriqu\u00e9 \u00e0 partir de plastique recycl\u00e9, est dot\u00e9 d\u2019une sangle en PU pour une portabilit\u00e9 ais\u00e9e. Il d\u00e9livre un son puissant de 3\u00a0watts et prend en charge la lecture de fichiers\u00a0MP3 via Micro\u00a0SD. Profitez d\u2019une connectivit\u00e9 sans faille avec une option d\u2019entr\u00e9e line-in et rechargez sans effort gr\u00e2ce au port de charge Type-C. La dur\u00e9e de lecture \u00e0 volume maximal est d\u2019environ 3\u00a0heures et le haut-parleur peut \u00eatre enti\u00e8rement recharg\u00e9 de 0 \u00e0 100\u00a0% en 2\u00a0heures environ.","og_url":"https:\/\/perle-in.com\/en\/product\/haut-parleur-sans-fil-diya-de-3-w-en-plastique-recycle\/","og_site_name":"PERLE IN","article_modified_time":"2025-10-15T21:25:05+00:00","og_image":[{"width":1600,"height":1600,"url":"https:\/\/perle-in.com\/wp-content\/uploads\/2025\/10\/12443601-1.jpg","type":"image\/jpeg"}],"twitter_card":"summary_large_image","schema":{"@context":"https:\/\/schema.org","@graph":[{"@type":"WebPage","@id":"https:\/\/perle-in.com\/produit\/haut-parleur-sans-fil-diya-de-3-w-en-plastique-recycle\/","url":"https:\/\/perle-in.com\/produit\/haut-parleur-sans-fil-diya-de-3-w-en-plastique-recycle\/","name":"Haut-parleur sans fil Diya de 3\u00a0W en plastique recycl\u00e9 - PERLE IN","isPartOf":{"@id":"https:\/\/perle-in.com\/#website"},"primaryImageOfPage":{"@id":"https:\/\/perle-in.com\/produit\/haut-parleur-sans-fil-diya-de-3-w-en-plastique-recycle\/#primaryimage"},"image":{"@id":"https:\/\/perle-in.com\/produit\/haut-parleur-sans-fil-diya-de-3-w-en-plastique-recycle\/#primaryimage"},"thumbnailUrl":"https:\/\/perle-in.com\/wp-content\/uploads\/2025\/10\/12443601-1.jpg","datePublished":"2025-10-15T21:24:59+00:00","dateModified":"2025-10-15T21:25:05+00:00","breadcrumb":{"@id":"https:\/\/perle-in.com\/produit\/haut-parleur-sans-fil-diya-de-3-w-en-plastique-recycle\/#breadcrumb"},"inLanguage":"en-CA","potentialAction":[{"@type":"ReadAction","target":["https:\/\/perle-in.com\/produit\/haut-parleur-sans-fil-diya-de-3-w-en-plastique-recycle\/"]}]},{"@type":"ImageObject","inLanguage":"en-CA","@id":"https:\/\/perle-in.com\/produit\/haut-parleur-sans-fil-diya-de-3-w-en-plastique-recycle\/#primaryimage","url":"https:\/\/perle-in.com\/wp-content\/uploads\/2025\/10\/12443601-1.jpg","contentUrl":"https:\/\/perle-in.com\/wp-content\/uploads\/2025\/10\/12443601-1.jpg","width":1600,"height":1600},{"@type":"BreadcrumbList","@id":"https:\/\/perle-in.com\/produit\/haut-parleur-sans-fil-diya-de-3-w-en-plastique-recycle\/#breadcrumb","itemListElement":[{"@type":"ListItem","position":1,"name":"Accueil","item":"https:\/\/perle-in.com\/"},{"@type":"ListItem","position":2,"name":"Boutique","item":"https:\/\/perle-in.com\/boutique\/"},{"@type":"ListItem","position":3,"name":"Haut-parleur sans fil Diya de 3\u00a0W en plastique recycl\u00e9"}]},{"@type":"WebSite","@id":"https:\/\/perle-in.com\/#website","url":"https:\/\/perle-in.com\/","name":"PERLE IN","description":"","publisher":{"@id":"https:\/\/perle-in.com\/#organization"},"potentialAction":[{"@type":"SearchAction","target":{"@type":"EntryPoint","urlTemplate":"https:\/\/perle-in.com\/?s={search_term_string}"},"query-input":{"@type":"PropertyValueSpecification","valueRequired":true,"valueName":"search_term_string"}}],"inLanguage":"en-CA"},{"@type":"Organization","@id":"https:\/\/perle-in.com\/#organization","name":"PERLE IN","url":"https:\/\/perle-in.com\/","logo":{"@type":"ImageObject","inLanguage":"en-CA","@id":"https:\/\/perle-in.com\/#\/schema\/logo\/image\/","url":"https:\/\/perle-in.com\/wp-content\/uploads\/2022\/12\/LOGO-PERLE-IN-COULEUR@3x.webp","contentUrl":"https:\/\/perle-in.com\/wp-content\/uploads\/2022\/12\/LOGO-PERLE-IN-COULEUR@3x.webp","width":1600,"height":490,"caption":"PERLE IN"},"image":{"@id":"https:\/\/perle-in.com\/#\/schema\/logo\/image\/"}}]}},"jetpack_sharing_enabled":true,"_links":{"self":[{"href":"https:\/\/perle-in.com\/en\/wp-json\/wp\/v2\/product\/569057","targetHints":{"allow":["GET"]}}],"collection":[{"href":"https:\/\/perle-in.com\/en\/wp-json\/wp\/v2\/product"}],"about":[{"href":"https:\/\/perle-in.com\/en\/wp-json\/wp\/v2\/types\/product"}],"version-history":[{"count":0,"href":"https:\/\/perle-in.com\/en\/wp-json\/wp\/v2\/product\/569057\/revisions"}],"wp:featuredmedia":[{"embeddable":true,"href":"https:\/\/perle-in.com\/en\/wp-json\/wp\/v2\/media\/569047"}],"wp:attachment":[{"href":"https:\/\/perle-in.com\/en\/wp-json\/wp\/v2\/media?parent=569057"}],"wp:term":[{"taxonomy":"product_brand","embeddable":true,"href":"https:\/\/perle-in.com\/en\/wp-json\/wp\/v2\/product_brand?post=569057"},{"taxonomy":"product_cat","embeddable":true,"href":"https:\/\/perle-in.com\/en\/wp-json\/wp\/v2\/product_cat?post=569057"},{"taxonomy":"product_tag","embeddable":true,"href":"https:\/\/perle-in.com\/en\/wp-json\/wp\/v2\/product_tag?post=569057"}],"curies":[{"name":"wp","href":"https:\/\/api.w.org\/{rel}","templated":true}]}}