{"id":568982,"date":"2025-10-15T23:15:03","date_gmt":"2025-10-15T21:15:03","guid":{"rendered":"https:\/\/perle-in.com\/produit\/boite-dechantillons-de-sacs-shopping-lamines\/"},"modified":"2025-10-15T23:15:15","modified_gmt":"2025-10-15T21:15:15","slug":"boite-dechantillons-de-sacs-shopping-lamines","status":"publish","type":"product","link":"https:\/\/perle-in.com\/en\/product\/boite-dechantillons-de-sacs-shopping-lamines\/","title":{"rendered":"Bo\u00eete d&#8217;\u00e9chantillons de sacs shopping lamin\u00e9s"},"content":{"rendered":"","protected":false},"excerpt":{"rendered":"<p>Bo\u00eete d&#8217;\u00e9chantillons de sacs shopping lamin\u00e9s comprenant 4\u00a0sacs de tailles diff\u00e9rentes\u00a0: Sac shopping tiss\u00e9 lamin\u00e9 en rPET 140\u00a0g\/m\u00b2 (36\u00a0x\u00a032\u00a0x\u00a012\u00a0cm), sac shopping non tiss\u00e9 lamin\u00e9 120\u00a0g\/m\u00b2 (40\u00a0x\u00a045\u00a0x\u00a017\u00a0cm), sac shopping non tiss\u00e9 lamin\u00e9 120\u00a0g\/m\u00b2 (40\u00a0x\u00a035\u00a0x\u00a020\u00a0cm) et sac shopping tiss\u00e9 lamin\u00e9 140\u00a0g\/m\u00b2 (42\u00a0x\u00a032\u00a0x\u00a016\u00a0cm).<\/p>","protected":false},"featured_media":568977,"template":"","meta":{"_eb_attr":""},"product_brand":[],"product_cat":[159,959],"product_tag":[2729,3803,905,3804,3805,282,1790,1791,904],"class_list":{"0":"post-568982","1":"product","2":"type-product","3":"status-publish","4":"has-post-thumbnail","6":"product_cat-sacs","7":"product_cat-sacs-de-shopping","8":"product_tag-boite","9":"product_tag-boite-dechantillons","10":"product_tag-courses","11":"product_tag-echantillon","12":"product_tag-lamine","13":"product_tag-sac","14":"product_tag-sac-shopping","15":"product_tag-sacs-shopping","16":"product_tag-shopping","17":"pa_couleurs-blanc","19":"first","20":"instock","21":"shipping-taxable","22":"purchasable","23":"product-type-variable"},"yoast_head":"<!-- This site is optimized with the Yoast SEO plugin v27.4 - https:\/\/yoast.com\/product\/yoast-seo-wordpress\/ -->\n<title>Bo\u00eete d&#039;\u00e9chantillons de sacs shopping lamin\u00e9s - PERLE IN<\/title>\n<meta name=\"robots\" content=\"noindex, follow, max-snippet:-1, max-image-preview:large, max-video-preview:-1\" \/>\n<meta property=\"og:locale\" content=\"en_US\" \/>\n<meta property=\"og:type\" content=\"article\" \/>\n<meta property=\"og:title\" content=\"Bo\u00eete d&#039;\u00e9chantillons de sacs shopping lamin\u00e9s - PERLE IN\" \/>\n<meta property=\"og:description\" content=\"Bo\u00eete d&#039;\u00e9chantillons de sacs shopping lamin\u00e9s comprenant 4\u00a0sacs de tailles diff\u00e9rentes\u00a0: Sac shopping tiss\u00e9 lamin\u00e9 en rPET 140\u00a0g\/m\u00b2 (36\u00a0x\u00a032\u00a0x\u00a012\u00a0cm), sac shopping non tiss\u00e9 lamin\u00e9 120\u00a0g\/m\u00b2 (40\u00a0x\u00a045\u00a0x\u00a017\u00a0cm), sac shopping non tiss\u00e9 lamin\u00e9 120\u00a0g\/m\u00b2 (40\u00a0x\u00a035\u00a0x\u00a020\u00a0cm) et sac shopping tiss\u00e9 lamin\u00e9 140\u00a0g\/m\u00b2 (42\u00a0x\u00a032\u00a0x\u00a016\u00a0cm).\" \/>\n<meta property=\"og:url\" content=\"https:\/\/perle-in.com\/en\/product\/boite-dechantillons-de-sacs-shopping-lamines\/\" \/>\n<meta property=\"og:site_name\" content=\"PERLE IN\" \/>\n<meta property=\"article:modified_time\" content=\"2025-10-15T21:15:15+00:00\" \/>\n<meta property=\"og:image\" content=\"https:\/\/perle-in.com\/wp-content\/uploads\/2025\/10\/1PW01001-1.jpg\" \/>\n\t<meta property=\"og:image:width\" content=\"1600\" \/>\n\t<meta property=\"og:image:height\" content=\"1600\" \/>\n\t<meta property=\"og:image:type\" content=\"image\/jpeg\" \/>\n<meta name=\"twitter:card\" content=\"summary_large_image\" \/>\n<script type=\"application\/ld+json\" class=\"yoast-schema-graph\">{\"@context\":\"https:\\\/\\\/schema.org\",\"@graph\":[{\"@type\":\"WebPage\",\"@id\":\"https:\\\/\\\/perle-in.com\\\/produit\\\/boite-dechantillons-de-sacs-shopping-lamines\\\/\",\"url\":\"https:\\\/\\\/perle-in.com\\\/produit\\\/boite-dechantillons-de-sacs-shopping-lamines\\\/\",\"name\":\"Bo\u00eete d'\u00e9chantillons de sacs shopping lamin\u00e9s - PERLE IN\",\"isPartOf\":{\"@id\":\"https:\\\/\\\/perle-in.com\\\/#website\"},\"primaryImageOfPage\":{\"@id\":\"https:\\\/\\\/perle-in.com\\\/produit\\\/boite-dechantillons-de-sacs-shopping-lamines\\\/#primaryimage\"},\"image\":{\"@id\":\"https:\\\/\\\/perle-in.com\\\/produit\\\/boite-dechantillons-de-sacs-shopping-lamines\\\/#primaryimage\"},\"thumbnailUrl\":\"https:\\\/\\\/perle-in.com\\\/wp-content\\\/uploads\\\/2025\\\/10\\\/1PW01001-1.jpg\",\"datePublished\":\"2025-10-15T21:15:03+00:00\",\"dateModified\":\"2025-10-15T21:15:15+00:00\",\"breadcrumb\":{\"@id\":\"https:\\\/\\\/perle-in.com\\\/produit\\\/boite-dechantillons-de-sacs-shopping-lamines\\\/#breadcrumb\"},\"inLanguage\":\"en-CA\",\"potentialAction\":[{\"@type\":\"ReadAction\",\"target\":[\"https:\\\/\\\/perle-in.com\\\/produit\\\/boite-dechantillons-de-sacs-shopping-lamines\\\/\"]}]},{\"@type\":\"ImageObject\",\"inLanguage\":\"en-CA\",\"@id\":\"https:\\\/\\\/perle-in.com\\\/produit\\\/boite-dechantillons-de-sacs-shopping-lamines\\\/#primaryimage\",\"url\":\"https:\\\/\\\/perle-in.com\\\/wp-content\\\/uploads\\\/2025\\\/10\\\/1PW01001-1.jpg\",\"contentUrl\":\"https:\\\/\\\/perle-in.com\\\/wp-content\\\/uploads\\\/2025\\\/10\\\/1PW01001-1.jpg\",\"width\":1600,\"height\":1600},{\"@type\":\"BreadcrumbList\",\"@id\":\"https:\\\/\\\/perle-in.com\\\/produit\\\/boite-dechantillons-de-sacs-shopping-lamines\\\/#breadcrumb\",\"itemListElement\":[{\"@type\":\"ListItem\",\"position\":1,\"name\":\"Accueil\",\"item\":\"https:\\\/\\\/perle-in.com\\\/\"},{\"@type\":\"ListItem\",\"position\":2,\"name\":\"Boutique\",\"item\":\"https:\\\/\\\/perle-in.com\\\/boutique\\\/\"},{\"@type\":\"ListItem\",\"position\":3,\"name\":\"Bo\u00eete d&#8217;\u00e9chantillons de sacs shopping lamin\u00e9s\"}]},{\"@type\":\"WebSite\",\"@id\":\"https:\\\/\\\/perle-in.com\\\/#website\",\"url\":\"https:\\\/\\\/perle-in.com\\\/\",\"name\":\"PERLE IN\",\"description\":\"\",\"publisher\":{\"@id\":\"https:\\\/\\\/perle-in.com\\\/#organization\"},\"potentialAction\":[{\"@type\":\"SearchAction\",\"target\":{\"@type\":\"EntryPoint\",\"urlTemplate\":\"https:\\\/\\\/perle-in.com\\\/?s={search_term_string}\"},\"query-input\":{\"@type\":\"PropertyValueSpecification\",\"valueRequired\":true,\"valueName\":\"search_term_string\"}}],\"inLanguage\":\"en-CA\"},{\"@type\":\"Organization\",\"@id\":\"https:\\\/\\\/perle-in.com\\\/#organization\",\"name\":\"PERLE IN\",\"url\":\"https:\\\/\\\/perle-in.com\\\/\",\"logo\":{\"@type\":\"ImageObject\",\"inLanguage\":\"en-CA\",\"@id\":\"https:\\\/\\\/perle-in.com\\\/#\\\/schema\\\/logo\\\/image\\\/\",\"url\":\"https:\\\/\\\/perle-in.com\\\/wp-content\\\/uploads\\\/2022\\\/12\\\/LOGO-PERLE-IN-COULEUR@3x.webp\",\"contentUrl\":\"https:\\\/\\\/perle-in.com\\\/wp-content\\\/uploads\\\/2022\\\/12\\\/LOGO-PERLE-IN-COULEUR@3x.webp\",\"width\":1600,\"height\":490,\"caption\":\"PERLE IN\"},\"image\":{\"@id\":\"https:\\\/\\\/perle-in.com\\\/#\\\/schema\\\/logo\\\/image\\\/\"}}]}<\/script>\n<!-- \/ Yoast SEO plugin. -->","yoast_head_json":{"title":"Bo\u00eete d'\u00e9chantillons de sacs shopping lamin\u00e9s - PERLE IN","robots":{"index":"noindex","follow":"follow","max-snippet":"max-snippet:-1","max-image-preview":"max-image-preview:large","max-video-preview":"max-video-preview:-1"},"og_locale":"en_US","og_type":"article","og_title":"Bo\u00eete d'\u00e9chantillons de sacs shopping lamin\u00e9s - PERLE IN","og_description":"Bo\u00eete d'\u00e9chantillons de sacs shopping lamin\u00e9s comprenant 4\u00a0sacs de tailles diff\u00e9rentes\u00a0: Sac shopping tiss\u00e9 lamin\u00e9 en rPET 140\u00a0g\/m\u00b2 (36\u00a0x\u00a032\u00a0x\u00a012\u00a0cm), sac shopping non tiss\u00e9 lamin\u00e9 120\u00a0g\/m\u00b2 (40\u00a0x\u00a045\u00a0x\u00a017\u00a0cm), sac shopping non tiss\u00e9 lamin\u00e9 120\u00a0g\/m\u00b2 (40\u00a0x\u00a035\u00a0x\u00a020\u00a0cm) et sac shopping tiss\u00e9 lamin\u00e9 140\u00a0g\/m\u00b2 (42\u00a0x\u00a032\u00a0x\u00a016\u00a0cm).","og_url":"https:\/\/perle-in.com\/en\/product\/boite-dechantillons-de-sacs-shopping-lamines\/","og_site_name":"PERLE IN","article_modified_time":"2025-10-15T21:15:15+00:00","og_image":[{"width":1600,"height":1600,"url":"https:\/\/perle-in.com\/wp-content\/uploads\/2025\/10\/1PW01001-1.jpg","type":"image\/jpeg"}],"twitter_card":"summary_large_image","schema":{"@context":"https:\/\/schema.org","@graph":[{"@type":"WebPage","@id":"https:\/\/perle-in.com\/produit\/boite-dechantillons-de-sacs-shopping-lamines\/","url":"https:\/\/perle-in.com\/produit\/boite-dechantillons-de-sacs-shopping-lamines\/","name":"Bo\u00eete d'\u00e9chantillons de sacs shopping lamin\u00e9s - PERLE IN","isPartOf":{"@id":"https:\/\/perle-in.com\/#website"},"primaryImageOfPage":{"@id":"https:\/\/perle-in.com\/produit\/boite-dechantillons-de-sacs-shopping-lamines\/#primaryimage"},"image":{"@id":"https:\/\/perle-in.com\/produit\/boite-dechantillons-de-sacs-shopping-lamines\/#primaryimage"},"thumbnailUrl":"https:\/\/perle-in.com\/wp-content\/uploads\/2025\/10\/1PW01001-1.jpg","datePublished":"2025-10-15T21:15:03+00:00","dateModified":"2025-10-15T21:15:15+00:00","breadcrumb":{"@id":"https:\/\/perle-in.com\/produit\/boite-dechantillons-de-sacs-shopping-lamines\/#breadcrumb"},"inLanguage":"en-CA","potentialAction":[{"@type":"ReadAction","target":["https:\/\/perle-in.com\/produit\/boite-dechantillons-de-sacs-shopping-lamines\/"]}]},{"@type":"ImageObject","inLanguage":"en-CA","@id":"https:\/\/perle-in.com\/produit\/boite-dechantillons-de-sacs-shopping-lamines\/#primaryimage","url":"https:\/\/perle-in.com\/wp-content\/uploads\/2025\/10\/1PW01001-1.jpg","contentUrl":"https:\/\/perle-in.com\/wp-content\/uploads\/2025\/10\/1PW01001-1.jpg","width":1600,"height":1600},{"@type":"BreadcrumbList","@id":"https:\/\/perle-in.com\/produit\/boite-dechantillons-de-sacs-shopping-lamines\/#breadcrumb","itemListElement":[{"@type":"ListItem","position":1,"name":"Accueil","item":"https:\/\/perle-in.com\/"},{"@type":"ListItem","position":2,"name":"Boutique","item":"https:\/\/perle-in.com\/boutique\/"},{"@type":"ListItem","position":3,"name":"Bo\u00eete d&#8217;\u00e9chantillons de sacs shopping lamin\u00e9s"}]},{"@type":"WebSite","@id":"https:\/\/perle-in.com\/#website","url":"https:\/\/perle-in.com\/","name":"PERLE IN","description":"","publisher":{"@id":"https:\/\/perle-in.com\/#organization"},"potentialAction":[{"@type":"SearchAction","target":{"@type":"EntryPoint","urlTemplate":"https:\/\/perle-in.com\/?s={search_term_string}"},"query-input":{"@type":"PropertyValueSpecification","valueRequired":true,"valueName":"search_term_string"}}],"inLanguage":"en-CA"},{"@type":"Organization","@id":"https:\/\/perle-in.com\/#organization","name":"PERLE IN","url":"https:\/\/perle-in.com\/","logo":{"@type":"ImageObject","inLanguage":"en-CA","@id":"https:\/\/perle-in.com\/#\/schema\/logo\/image\/","url":"https:\/\/perle-in.com\/wp-content\/uploads\/2022\/12\/LOGO-PERLE-IN-COULEUR@3x.webp","contentUrl":"https:\/\/perle-in.com\/wp-content\/uploads\/2022\/12\/LOGO-PERLE-IN-COULEUR@3x.webp","width":1600,"height":490,"caption":"PERLE IN"},"image":{"@id":"https:\/\/perle-in.com\/#\/schema\/logo\/image\/"}}]}},"jetpack_sharing_enabled":true,"_links":{"self":[{"href":"https:\/\/perle-in.com\/en\/wp-json\/wp\/v2\/product\/568982","targetHints":{"allow":["GET"]}}],"collection":[{"href":"https:\/\/perle-in.com\/en\/wp-json\/wp\/v2\/product"}],"about":[{"href":"https:\/\/perle-in.com\/en\/wp-json\/wp\/v2\/types\/product"}],"version-history":[{"count":0,"href":"https:\/\/perle-in.com\/en\/wp-json\/wp\/v2\/product\/568982\/revisions"}],"wp:featuredmedia":[{"embeddable":true,"href":"https:\/\/perle-in.com\/en\/wp-json\/wp\/v2\/media\/568977"}],"wp:attachment":[{"href":"https:\/\/perle-in.com\/en\/wp-json\/wp\/v2\/media?parent=568982"}],"wp:term":[{"taxonomy":"product_brand","embeddable":true,"href":"https:\/\/perle-in.com\/en\/wp-json\/wp\/v2\/product_brand?post=568982"},{"taxonomy":"product_cat","embeddable":true,"href":"https:\/\/perle-in.com\/en\/wp-json\/wp\/v2\/product_cat?post=568982"},{"taxonomy":"product_tag","embeddable":true,"href":"https:\/\/perle-in.com\/en\/wp-json\/wp\/v2\/product_tag?post=568982"}],"curies":[{"name":"wp","href":"https:\/\/api.w.org\/{rel}","templated":true}]}}