{"id":568916,"date":"2025-10-15T23:09:47","date_gmt":"2025-10-15T21:09:47","guid":{"rendered":"https:\/\/perle-in.com\/produit\/serviette-de-sport-lucas-en-rpet-70-x-140-cm\/"},"modified":"2025-10-15T23:09:52","modified_gmt":"2025-10-15T21:09:52","slug":"serviette-de-sport-lucas-en-rpet-70-x-140-cm","status":"publish","type":"product","link":"https:\/\/perle-in.com\/en\/product\/serviette-de-sport-lucas-en-rpet-70-x-140-cm\/","title":{"rendered":"Serviette de sport Lucas en rPET 70\u00a0x\u00a0140\u00a0cm"},"content":{"rendered":"","protected":false},"excerpt":{"rendered":"<p>La serviette de bain Lucas en RPET est fabriqu\u00e9e \u00e0 partir de 100\u00a0% de polyester recycl\u00e9, offrant une surface douce et absorbante id\u00e9ale pour l&#8217;entra\u00eenement ou les activit\u00e9s de plein air. Avec un poids de 140\u00a0g\/m\u00b2, elle offre un \u00e9quilibre entre durabilit\u00e9 et l\u00e9g\u00e8ret\u00e9. La serviette est munie d&#8217;un cordon en plastique pratique pour fixer la serviette et la pochette, ce qui la rend facile \u00e0 transporter et \u00e0 ranger. Livr\u00e9e avec une pochette non tiss\u00e9e (16 x 21\u00a0cm), \u00e9galement en polyester 100\u00a0% recycl\u00e9. Dimensions du torchon\u00a0: 70\u00a0x\u00a0140\u00a0cm.<\/p>","protected":false},"featured_media":568905,"template":"","meta":{"_eb_attr":""},"product_brand":[],"product_cat":[390,1243],"product_tag":[3713,167,1800,1801,203],"class_list":{"0":"post-568916","1":"product","2":"type-product","3":"status-publish","4":"has-post-thumbnail","6":"product_cat-sant-et-hygine-personnelle","7":"product_cat-serviettes","8":"product_tag-piscine","9":"product_tag-plage","10":"product_tag-serviette","11":"product_tag-serviettes","12":"product_tag-sport","13":"pa_couleurs-blanc","14":"pa_couleurs-bleu-royal","15":"pa_couleurs-marine","16":"pa_couleurs-noir","17":"pa_couleurs-rouge","18":"pa_green-points-2652","19":"pa_matiere-tricot-polyester-recycle-140-g-m2","21":"first","22":"instock","23":"shipping-taxable","24":"purchasable","25":"product-type-variable"},"yoast_head":"<!-- This site is optimized with the Yoast SEO plugin v27.4 - https:\/\/yoast.com\/product\/yoast-seo-wordpress\/ -->\n<title>Serviette de sport Lucas en rPET 70\u00a0x\u00a0140\u00a0cm - PERLE IN<\/title>\n<meta name=\"robots\" content=\"noindex, follow, max-snippet:-1, max-image-preview:large, max-video-preview:-1\" \/>\n<meta property=\"og:locale\" content=\"en_US\" \/>\n<meta property=\"og:type\" content=\"article\" \/>\n<meta property=\"og:title\" content=\"Serviette de sport Lucas en rPET 70\u00a0x\u00a0140\u00a0cm - PERLE IN\" \/>\n<meta property=\"og:description\" content=\"La serviette de bain Lucas en RPET est fabriqu\u00e9e \u00e0 partir de 100\u00a0% de polyester recycl\u00e9, offrant une surface douce et absorbante id\u00e9ale pour l&#039;entra\u00eenement ou les activit\u00e9s de plein air. Avec un poids de 140\u00a0g\/m\u00b2, elle offre un \u00e9quilibre entre durabilit\u00e9 et l\u00e9g\u00e8ret\u00e9. La serviette est munie d&#039;un cordon en plastique pratique pour fixer la serviette et la pochette, ce qui la rend facile \u00e0 transporter et \u00e0 ranger. Livr\u00e9e avec une pochette non tiss\u00e9e (16 x 21\u00a0cm), \u00e9galement en polyester 100\u00a0% recycl\u00e9. Dimensions du torchon\u00a0: 70\u00a0x\u00a0140\u00a0cm.\" \/>\n<meta property=\"og:url\" content=\"https:\/\/perle-in.com\/en\/product\/serviette-de-sport-lucas-en-rpet-70-x-140-cm\/\" \/>\n<meta property=\"og:site_name\" content=\"PERLE IN\" \/>\n<meta property=\"article:modified_time\" content=\"2025-10-15T21:09:52+00:00\" \/>\n<meta property=\"og:image\" content=\"https:\/\/perle-in.com\/wp-content\/uploads\/2025\/10\/11350301-1.jpg\" \/>\n\t<meta property=\"og:image:width\" content=\"1600\" \/>\n\t<meta property=\"og:image:height\" content=\"1600\" \/>\n\t<meta property=\"og:image:type\" content=\"image\/jpeg\" \/>\n<meta name=\"twitter:card\" content=\"summary_large_image\" \/>\n<script type=\"application\/ld+json\" class=\"yoast-schema-graph\">{\"@context\":\"https:\\\/\\\/schema.org\",\"@graph\":[{\"@type\":\"WebPage\",\"@id\":\"https:\\\/\\\/perle-in.com\\\/produit\\\/serviette-de-sport-lucas-en-rpet-70-x-140-cm\\\/\",\"url\":\"https:\\\/\\\/perle-in.com\\\/produit\\\/serviette-de-sport-lucas-en-rpet-70-x-140-cm\\\/\",\"name\":\"Serviette de sport Lucas en rPET 70\u00a0x\u00a0140\u00a0cm - PERLE IN\",\"isPartOf\":{\"@id\":\"https:\\\/\\\/perle-in.com\\\/#website\"},\"primaryImageOfPage\":{\"@id\":\"https:\\\/\\\/perle-in.com\\\/produit\\\/serviette-de-sport-lucas-en-rpet-70-x-140-cm\\\/#primaryimage\"},\"image\":{\"@id\":\"https:\\\/\\\/perle-in.com\\\/produit\\\/serviette-de-sport-lucas-en-rpet-70-x-140-cm\\\/#primaryimage\"},\"thumbnailUrl\":\"https:\\\/\\\/perle-in.com\\\/wp-content\\\/uploads\\\/2025\\\/10\\\/11350301-1.jpg\",\"datePublished\":\"2025-10-15T21:09:47+00:00\",\"dateModified\":\"2025-10-15T21:09:52+00:00\",\"breadcrumb\":{\"@id\":\"https:\\\/\\\/perle-in.com\\\/produit\\\/serviette-de-sport-lucas-en-rpet-70-x-140-cm\\\/#breadcrumb\"},\"inLanguage\":\"en-CA\",\"potentialAction\":[{\"@type\":\"ReadAction\",\"target\":[\"https:\\\/\\\/perle-in.com\\\/produit\\\/serviette-de-sport-lucas-en-rpet-70-x-140-cm\\\/\"]}]},{\"@type\":\"ImageObject\",\"inLanguage\":\"en-CA\",\"@id\":\"https:\\\/\\\/perle-in.com\\\/produit\\\/serviette-de-sport-lucas-en-rpet-70-x-140-cm\\\/#primaryimage\",\"url\":\"https:\\\/\\\/perle-in.com\\\/wp-content\\\/uploads\\\/2025\\\/10\\\/11350301-1.jpg\",\"contentUrl\":\"https:\\\/\\\/perle-in.com\\\/wp-content\\\/uploads\\\/2025\\\/10\\\/11350301-1.jpg\",\"width\":1600,\"height\":1600},{\"@type\":\"BreadcrumbList\",\"@id\":\"https:\\\/\\\/perle-in.com\\\/produit\\\/serviette-de-sport-lucas-en-rpet-70-x-140-cm\\\/#breadcrumb\",\"itemListElement\":[{\"@type\":\"ListItem\",\"position\":1,\"name\":\"Accueil\",\"item\":\"https:\\\/\\\/perle-in.com\\\/\"},{\"@type\":\"ListItem\",\"position\":2,\"name\":\"Boutique\",\"item\":\"https:\\\/\\\/perle-in.com\\\/boutique\\\/\"},{\"@type\":\"ListItem\",\"position\":3,\"name\":\"Serviette de sport Lucas en rPET 70\u00a0x\u00a0140\u00a0cm\"}]},{\"@type\":\"WebSite\",\"@id\":\"https:\\\/\\\/perle-in.com\\\/#website\",\"url\":\"https:\\\/\\\/perle-in.com\\\/\",\"name\":\"PERLE IN\",\"description\":\"\",\"publisher\":{\"@id\":\"https:\\\/\\\/perle-in.com\\\/#organization\"},\"potentialAction\":[{\"@type\":\"SearchAction\",\"target\":{\"@type\":\"EntryPoint\",\"urlTemplate\":\"https:\\\/\\\/perle-in.com\\\/?s={search_term_string}\"},\"query-input\":{\"@type\":\"PropertyValueSpecification\",\"valueRequired\":true,\"valueName\":\"search_term_string\"}}],\"inLanguage\":\"en-CA\"},{\"@type\":\"Organization\",\"@id\":\"https:\\\/\\\/perle-in.com\\\/#organization\",\"name\":\"PERLE IN\",\"url\":\"https:\\\/\\\/perle-in.com\\\/\",\"logo\":{\"@type\":\"ImageObject\",\"inLanguage\":\"en-CA\",\"@id\":\"https:\\\/\\\/perle-in.com\\\/#\\\/schema\\\/logo\\\/image\\\/\",\"url\":\"https:\\\/\\\/perle-in.com\\\/wp-content\\\/uploads\\\/2022\\\/12\\\/LOGO-PERLE-IN-COULEUR@3x.webp\",\"contentUrl\":\"https:\\\/\\\/perle-in.com\\\/wp-content\\\/uploads\\\/2022\\\/12\\\/LOGO-PERLE-IN-COULEUR@3x.webp\",\"width\":1600,\"height\":490,\"caption\":\"PERLE IN\"},\"image\":{\"@id\":\"https:\\\/\\\/perle-in.com\\\/#\\\/schema\\\/logo\\\/image\\\/\"}}]}<\/script>\n<!-- \/ Yoast SEO plugin. -->","yoast_head_json":{"title":"Serviette de sport Lucas en rPET 70\u00a0x\u00a0140\u00a0cm - PERLE IN","robots":{"index":"noindex","follow":"follow","max-snippet":"max-snippet:-1","max-image-preview":"max-image-preview:large","max-video-preview":"max-video-preview:-1"},"og_locale":"en_US","og_type":"article","og_title":"Serviette de sport Lucas en rPET 70\u00a0x\u00a0140\u00a0cm - PERLE IN","og_description":"La serviette de bain Lucas en RPET est fabriqu\u00e9e \u00e0 partir de 100\u00a0% de polyester recycl\u00e9, offrant une surface douce et absorbante id\u00e9ale pour l'entra\u00eenement ou les activit\u00e9s de plein air. Avec un poids de 140\u00a0g\/m\u00b2, elle offre un \u00e9quilibre entre durabilit\u00e9 et l\u00e9g\u00e8ret\u00e9. La serviette est munie d'un cordon en plastique pratique pour fixer la serviette et la pochette, ce qui la rend facile \u00e0 transporter et \u00e0 ranger. Livr\u00e9e avec une pochette non tiss\u00e9e (16 x 21\u00a0cm), \u00e9galement en polyester 100\u00a0% recycl\u00e9. Dimensions du torchon\u00a0: 70\u00a0x\u00a0140\u00a0cm.","og_url":"https:\/\/perle-in.com\/en\/product\/serviette-de-sport-lucas-en-rpet-70-x-140-cm\/","og_site_name":"PERLE IN","article_modified_time":"2025-10-15T21:09:52+00:00","og_image":[{"width":1600,"height":1600,"url":"https:\/\/perle-in.com\/wp-content\/uploads\/2025\/10\/11350301-1.jpg","type":"image\/jpeg"}],"twitter_card":"summary_large_image","schema":{"@context":"https:\/\/schema.org","@graph":[{"@type":"WebPage","@id":"https:\/\/perle-in.com\/produit\/serviette-de-sport-lucas-en-rpet-70-x-140-cm\/","url":"https:\/\/perle-in.com\/produit\/serviette-de-sport-lucas-en-rpet-70-x-140-cm\/","name":"Serviette de sport Lucas en rPET 70\u00a0x\u00a0140\u00a0cm - PERLE IN","isPartOf":{"@id":"https:\/\/perle-in.com\/#website"},"primaryImageOfPage":{"@id":"https:\/\/perle-in.com\/produit\/serviette-de-sport-lucas-en-rpet-70-x-140-cm\/#primaryimage"},"image":{"@id":"https:\/\/perle-in.com\/produit\/serviette-de-sport-lucas-en-rpet-70-x-140-cm\/#primaryimage"},"thumbnailUrl":"https:\/\/perle-in.com\/wp-content\/uploads\/2025\/10\/11350301-1.jpg","datePublished":"2025-10-15T21:09:47+00:00","dateModified":"2025-10-15T21:09:52+00:00","breadcrumb":{"@id":"https:\/\/perle-in.com\/produit\/serviette-de-sport-lucas-en-rpet-70-x-140-cm\/#breadcrumb"},"inLanguage":"en-CA","potentialAction":[{"@type":"ReadAction","target":["https:\/\/perle-in.com\/produit\/serviette-de-sport-lucas-en-rpet-70-x-140-cm\/"]}]},{"@type":"ImageObject","inLanguage":"en-CA","@id":"https:\/\/perle-in.com\/produit\/serviette-de-sport-lucas-en-rpet-70-x-140-cm\/#primaryimage","url":"https:\/\/perle-in.com\/wp-content\/uploads\/2025\/10\/11350301-1.jpg","contentUrl":"https:\/\/perle-in.com\/wp-content\/uploads\/2025\/10\/11350301-1.jpg","width":1600,"height":1600},{"@type":"BreadcrumbList","@id":"https:\/\/perle-in.com\/produit\/serviette-de-sport-lucas-en-rpet-70-x-140-cm\/#breadcrumb","itemListElement":[{"@type":"ListItem","position":1,"name":"Accueil","item":"https:\/\/perle-in.com\/"},{"@type":"ListItem","position":2,"name":"Boutique","item":"https:\/\/perle-in.com\/boutique\/"},{"@type":"ListItem","position":3,"name":"Serviette de sport Lucas en rPET 70\u00a0x\u00a0140\u00a0cm"}]},{"@type":"WebSite","@id":"https:\/\/perle-in.com\/#website","url":"https:\/\/perle-in.com\/","name":"PERLE IN","description":"","publisher":{"@id":"https:\/\/perle-in.com\/#organization"},"potentialAction":[{"@type":"SearchAction","target":{"@type":"EntryPoint","urlTemplate":"https:\/\/perle-in.com\/?s={search_term_string}"},"query-input":{"@type":"PropertyValueSpecification","valueRequired":true,"valueName":"search_term_string"}}],"inLanguage":"en-CA"},{"@type":"Organization","@id":"https:\/\/perle-in.com\/#organization","name":"PERLE IN","url":"https:\/\/perle-in.com\/","logo":{"@type":"ImageObject","inLanguage":"en-CA","@id":"https:\/\/perle-in.com\/#\/schema\/logo\/image\/","url":"https:\/\/perle-in.com\/wp-content\/uploads\/2022\/12\/LOGO-PERLE-IN-COULEUR@3x.webp","contentUrl":"https:\/\/perle-in.com\/wp-content\/uploads\/2022\/12\/LOGO-PERLE-IN-COULEUR@3x.webp","width":1600,"height":490,"caption":"PERLE IN"},"image":{"@id":"https:\/\/perle-in.com\/#\/schema\/logo\/image\/"}}]}},"jetpack_sharing_enabled":true,"_links":{"self":[{"href":"https:\/\/perle-in.com\/en\/wp-json\/wp\/v2\/product\/568916","targetHints":{"allow":["GET"]}}],"collection":[{"href":"https:\/\/perle-in.com\/en\/wp-json\/wp\/v2\/product"}],"about":[{"href":"https:\/\/perle-in.com\/en\/wp-json\/wp\/v2\/types\/product"}],"version-history":[{"count":0,"href":"https:\/\/perle-in.com\/en\/wp-json\/wp\/v2\/product\/568916\/revisions"}],"wp:featuredmedia":[{"embeddable":true,"href":"https:\/\/perle-in.com\/en\/wp-json\/wp\/v2\/media\/568905"}],"wp:attachment":[{"href":"https:\/\/perle-in.com\/en\/wp-json\/wp\/v2\/media?parent=568916"}],"wp:term":[{"taxonomy":"product_brand","embeddable":true,"href":"https:\/\/perle-in.com\/en\/wp-json\/wp\/v2\/product_brand?post=568916"},{"taxonomy":"product_cat","embeddable":true,"href":"https:\/\/perle-in.com\/en\/wp-json\/wp\/v2\/product_cat?post=568916"},{"taxonomy":"product_tag","embeddable":true,"href":"https:\/\/perle-in.com\/en\/wp-json\/wp\/v2\/product_tag?post=568916"}],"curies":[{"name":"wp","href":"https:\/\/api.w.org\/{rel}","templated":true}]}}