{"id":568856,"date":"2025-10-15T23:03:58","date_gmt":"2025-10-15T21:03:58","guid":{"rendered":"https:\/\/perle-in.com\/produit\/pochette-etanche-dombay-pour-telephone-portable-taille-xl\/"},"modified":"2025-10-15T23:04:00","modified_gmt":"2025-10-15T21:04:00","slug":"pochette-etanche-dombay-pour-telephone-portable-taille-xl","status":"publish","type":"product","link":"https:\/\/perle-in.com\/en\/product\/pochette-etanche-dombay-pour-telephone-portable-taille-xl\/","title":{"rendered":"Pochette \u00e9tanche Dombay pour t\u00e9l\u00e9phone portable taille XL"},"content":{"rendered":"","protected":false},"excerpt":{"rendered":"<p>Pochette \u00e9tanche pour t\u00e9l\u00e9phone portable de tr\u00e8s grande taille (XL) avec certification\u00a0IPX7, prot\u00e9geant des dommages caus\u00e9s par l\u2019eau. La lani\u00e8re incluse permet un port autour du cou. Parfait pour les journ\u00e9es \u00e0 la plage, les randonn\u00e9es ou les activit\u00e9s nautiques.<\/p>","protected":false},"featured_media":568850,"template":"","meta":{"_eb_attr":""},"product_brand":[],"product_cat":[668,667],"product_tag":[1374,254,3696,1675,917,680,671],"class_list":{"0":"post-568856","1":"product","2":"type-product","3":"status-publish","4":"has-post-thumbnail","6":"product_cat-accessoires-pour-telephone-et-tablette","7":"product_cat-technologie","8":"product_tag-etanche","9":"product_tag-impermeable","10":"product_tag-ipx7","11":"product_tag-pochette","12":"product_tag-protection","13":"product_tag-smartphone","14":"product_tag-telephone","15":"pa_couleurs-translucide","17":"first","18":"instock","19":"shipping-taxable","20":"purchasable","21":"product-type-variable"},"yoast_head":"<!-- This site is optimized with the Yoast SEO plugin v27.4 - https:\/\/yoast.com\/product\/yoast-seo-wordpress\/ -->\n<title>Pochette \u00e9tanche Dombay pour t\u00e9l\u00e9phone portable taille XL - PERLE IN<\/title>\n<meta name=\"robots\" content=\"noindex, follow, max-snippet:-1, max-image-preview:large, max-video-preview:-1\" \/>\n<meta property=\"og:locale\" content=\"en_US\" \/>\n<meta property=\"og:type\" content=\"article\" \/>\n<meta property=\"og:title\" content=\"Pochette \u00e9tanche Dombay pour t\u00e9l\u00e9phone portable taille XL - PERLE IN\" \/>\n<meta property=\"og:description\" content=\"Pochette \u00e9tanche pour t\u00e9l\u00e9phone portable de tr\u00e8s grande taille (XL) avec certification\u00a0IPX7, prot\u00e9geant des dommages caus\u00e9s par l\u2019eau. La lani\u00e8re incluse permet un port autour du cou. Parfait pour les journ\u00e9es \u00e0 la plage, les randonn\u00e9es ou les activit\u00e9s nautiques.\" \/>\n<meta property=\"og:url\" content=\"https:\/\/perle-in.com\/en\/product\/pochette-etanche-dombay-pour-telephone-portable-taille-xl\/\" \/>\n<meta property=\"og:site_name\" content=\"PERLE IN\" \/>\n<meta property=\"article:modified_time\" content=\"2025-10-15T21:04:00+00:00\" \/>\n<meta property=\"og:image\" content=\"https:\/\/perle-in.com\/wp-content\/uploads\/2025\/10\/12443101-1.jpg\" \/>\n\t<meta property=\"og:image:width\" content=\"1600\" \/>\n\t<meta property=\"og:image:height\" content=\"1600\" \/>\n\t<meta property=\"og:image:type\" content=\"image\/jpeg\" \/>\n<meta name=\"twitter:card\" content=\"summary_large_image\" \/>\n<script type=\"application\/ld+json\" class=\"yoast-schema-graph\">{\"@context\":\"https:\\\/\\\/schema.org\",\"@graph\":[{\"@type\":\"WebPage\",\"@id\":\"https:\\\/\\\/perle-in.com\\\/produit\\\/pochette-etanche-dombay-pour-telephone-portable-taille-xl\\\/\",\"url\":\"https:\\\/\\\/perle-in.com\\\/produit\\\/pochette-etanche-dombay-pour-telephone-portable-taille-xl\\\/\",\"name\":\"Pochette \u00e9tanche Dombay pour t\u00e9l\u00e9phone portable taille XL - PERLE IN\",\"isPartOf\":{\"@id\":\"https:\\\/\\\/perle-in.com\\\/#website\"},\"primaryImageOfPage\":{\"@id\":\"https:\\\/\\\/perle-in.com\\\/produit\\\/pochette-etanche-dombay-pour-telephone-portable-taille-xl\\\/#primaryimage\"},\"image\":{\"@id\":\"https:\\\/\\\/perle-in.com\\\/produit\\\/pochette-etanche-dombay-pour-telephone-portable-taille-xl\\\/#primaryimage\"},\"thumbnailUrl\":\"https:\\\/\\\/perle-in.com\\\/wp-content\\\/uploads\\\/2025\\\/10\\\/12443101-1.jpg\",\"datePublished\":\"2025-10-15T21:03:58+00:00\",\"dateModified\":\"2025-10-15T21:04:00+00:00\",\"breadcrumb\":{\"@id\":\"https:\\\/\\\/perle-in.com\\\/produit\\\/pochette-etanche-dombay-pour-telephone-portable-taille-xl\\\/#breadcrumb\"},\"inLanguage\":\"en-CA\",\"potentialAction\":[{\"@type\":\"ReadAction\",\"target\":[\"https:\\\/\\\/perle-in.com\\\/produit\\\/pochette-etanche-dombay-pour-telephone-portable-taille-xl\\\/\"]}]},{\"@type\":\"ImageObject\",\"inLanguage\":\"en-CA\",\"@id\":\"https:\\\/\\\/perle-in.com\\\/produit\\\/pochette-etanche-dombay-pour-telephone-portable-taille-xl\\\/#primaryimage\",\"url\":\"https:\\\/\\\/perle-in.com\\\/wp-content\\\/uploads\\\/2025\\\/10\\\/12443101-1.jpg\",\"contentUrl\":\"https:\\\/\\\/perle-in.com\\\/wp-content\\\/uploads\\\/2025\\\/10\\\/12443101-1.jpg\",\"width\":1600,\"height\":1600},{\"@type\":\"BreadcrumbList\",\"@id\":\"https:\\\/\\\/perle-in.com\\\/produit\\\/pochette-etanche-dombay-pour-telephone-portable-taille-xl\\\/#breadcrumb\",\"itemListElement\":[{\"@type\":\"ListItem\",\"position\":1,\"name\":\"Accueil\",\"item\":\"https:\\\/\\\/perle-in.com\\\/\"},{\"@type\":\"ListItem\",\"position\":2,\"name\":\"Boutique\",\"item\":\"https:\\\/\\\/perle-in.com\\\/boutique\\\/\"},{\"@type\":\"ListItem\",\"position\":3,\"name\":\"Pochette \u00e9tanche Dombay pour t\u00e9l\u00e9phone portable taille XL\"}]},{\"@type\":\"WebSite\",\"@id\":\"https:\\\/\\\/perle-in.com\\\/#website\",\"url\":\"https:\\\/\\\/perle-in.com\\\/\",\"name\":\"PERLE IN\",\"description\":\"\",\"publisher\":{\"@id\":\"https:\\\/\\\/perle-in.com\\\/#organization\"},\"potentialAction\":[{\"@type\":\"SearchAction\",\"target\":{\"@type\":\"EntryPoint\",\"urlTemplate\":\"https:\\\/\\\/perle-in.com\\\/?s={search_term_string}\"},\"query-input\":{\"@type\":\"PropertyValueSpecification\",\"valueRequired\":true,\"valueName\":\"search_term_string\"}}],\"inLanguage\":\"en-CA\"},{\"@type\":\"Organization\",\"@id\":\"https:\\\/\\\/perle-in.com\\\/#organization\",\"name\":\"PERLE IN\",\"url\":\"https:\\\/\\\/perle-in.com\\\/\",\"logo\":{\"@type\":\"ImageObject\",\"inLanguage\":\"en-CA\",\"@id\":\"https:\\\/\\\/perle-in.com\\\/#\\\/schema\\\/logo\\\/image\\\/\",\"url\":\"https:\\\/\\\/perle-in.com\\\/wp-content\\\/uploads\\\/2022\\\/12\\\/LOGO-PERLE-IN-COULEUR@3x.webp\",\"contentUrl\":\"https:\\\/\\\/perle-in.com\\\/wp-content\\\/uploads\\\/2022\\\/12\\\/LOGO-PERLE-IN-COULEUR@3x.webp\",\"width\":1600,\"height\":490,\"caption\":\"PERLE IN\"},\"image\":{\"@id\":\"https:\\\/\\\/perle-in.com\\\/#\\\/schema\\\/logo\\\/image\\\/\"}}]}<\/script>\n<!-- \/ Yoast SEO plugin. -->","yoast_head_json":{"title":"Pochette \u00e9tanche Dombay pour t\u00e9l\u00e9phone portable taille XL - PERLE IN","robots":{"index":"noindex","follow":"follow","max-snippet":"max-snippet:-1","max-image-preview":"max-image-preview:large","max-video-preview":"max-video-preview:-1"},"og_locale":"en_US","og_type":"article","og_title":"Pochette \u00e9tanche Dombay pour t\u00e9l\u00e9phone portable taille XL - PERLE IN","og_description":"Pochette \u00e9tanche pour t\u00e9l\u00e9phone portable de tr\u00e8s grande taille (XL) avec certification\u00a0IPX7, prot\u00e9geant des dommages caus\u00e9s par l\u2019eau. La lani\u00e8re incluse permet un port autour du cou. Parfait pour les journ\u00e9es \u00e0 la plage, les randonn\u00e9es ou les activit\u00e9s nautiques.","og_url":"https:\/\/perle-in.com\/en\/product\/pochette-etanche-dombay-pour-telephone-portable-taille-xl\/","og_site_name":"PERLE IN","article_modified_time":"2025-10-15T21:04:00+00:00","og_image":[{"width":1600,"height":1600,"url":"https:\/\/perle-in.com\/wp-content\/uploads\/2025\/10\/12443101-1.jpg","type":"image\/jpeg"}],"twitter_card":"summary_large_image","schema":{"@context":"https:\/\/schema.org","@graph":[{"@type":"WebPage","@id":"https:\/\/perle-in.com\/produit\/pochette-etanche-dombay-pour-telephone-portable-taille-xl\/","url":"https:\/\/perle-in.com\/produit\/pochette-etanche-dombay-pour-telephone-portable-taille-xl\/","name":"Pochette \u00e9tanche Dombay pour t\u00e9l\u00e9phone portable taille XL - PERLE IN","isPartOf":{"@id":"https:\/\/perle-in.com\/#website"},"primaryImageOfPage":{"@id":"https:\/\/perle-in.com\/produit\/pochette-etanche-dombay-pour-telephone-portable-taille-xl\/#primaryimage"},"image":{"@id":"https:\/\/perle-in.com\/produit\/pochette-etanche-dombay-pour-telephone-portable-taille-xl\/#primaryimage"},"thumbnailUrl":"https:\/\/perle-in.com\/wp-content\/uploads\/2025\/10\/12443101-1.jpg","datePublished":"2025-10-15T21:03:58+00:00","dateModified":"2025-10-15T21:04:00+00:00","breadcrumb":{"@id":"https:\/\/perle-in.com\/produit\/pochette-etanche-dombay-pour-telephone-portable-taille-xl\/#breadcrumb"},"inLanguage":"en-CA","potentialAction":[{"@type":"ReadAction","target":["https:\/\/perle-in.com\/produit\/pochette-etanche-dombay-pour-telephone-portable-taille-xl\/"]}]},{"@type":"ImageObject","inLanguage":"en-CA","@id":"https:\/\/perle-in.com\/produit\/pochette-etanche-dombay-pour-telephone-portable-taille-xl\/#primaryimage","url":"https:\/\/perle-in.com\/wp-content\/uploads\/2025\/10\/12443101-1.jpg","contentUrl":"https:\/\/perle-in.com\/wp-content\/uploads\/2025\/10\/12443101-1.jpg","width":1600,"height":1600},{"@type":"BreadcrumbList","@id":"https:\/\/perle-in.com\/produit\/pochette-etanche-dombay-pour-telephone-portable-taille-xl\/#breadcrumb","itemListElement":[{"@type":"ListItem","position":1,"name":"Accueil","item":"https:\/\/perle-in.com\/"},{"@type":"ListItem","position":2,"name":"Boutique","item":"https:\/\/perle-in.com\/boutique\/"},{"@type":"ListItem","position":3,"name":"Pochette \u00e9tanche Dombay pour t\u00e9l\u00e9phone portable taille XL"}]},{"@type":"WebSite","@id":"https:\/\/perle-in.com\/#website","url":"https:\/\/perle-in.com\/","name":"PERLE IN","description":"","publisher":{"@id":"https:\/\/perle-in.com\/#organization"},"potentialAction":[{"@type":"SearchAction","target":{"@type":"EntryPoint","urlTemplate":"https:\/\/perle-in.com\/?s={search_term_string}"},"query-input":{"@type":"PropertyValueSpecification","valueRequired":true,"valueName":"search_term_string"}}],"inLanguage":"en-CA"},{"@type":"Organization","@id":"https:\/\/perle-in.com\/#organization","name":"PERLE IN","url":"https:\/\/perle-in.com\/","logo":{"@type":"ImageObject","inLanguage":"en-CA","@id":"https:\/\/perle-in.com\/#\/schema\/logo\/image\/","url":"https:\/\/perle-in.com\/wp-content\/uploads\/2022\/12\/LOGO-PERLE-IN-COULEUR@3x.webp","contentUrl":"https:\/\/perle-in.com\/wp-content\/uploads\/2022\/12\/LOGO-PERLE-IN-COULEUR@3x.webp","width":1600,"height":490,"caption":"PERLE IN"},"image":{"@id":"https:\/\/perle-in.com\/#\/schema\/logo\/image\/"}}]}},"jetpack_sharing_enabled":true,"_links":{"self":[{"href":"https:\/\/perle-in.com\/en\/wp-json\/wp\/v2\/product\/568856","targetHints":{"allow":["GET"]}}],"collection":[{"href":"https:\/\/perle-in.com\/en\/wp-json\/wp\/v2\/product"}],"about":[{"href":"https:\/\/perle-in.com\/en\/wp-json\/wp\/v2\/types\/product"}],"version-history":[{"count":0,"href":"https:\/\/perle-in.com\/en\/wp-json\/wp\/v2\/product\/568856\/revisions"}],"wp:featuredmedia":[{"embeddable":true,"href":"https:\/\/perle-in.com\/en\/wp-json\/wp\/v2\/media\/568850"}],"wp:attachment":[{"href":"https:\/\/perle-in.com\/en\/wp-json\/wp\/v2\/media?parent=568856"}],"wp:term":[{"taxonomy":"product_brand","embeddable":true,"href":"https:\/\/perle-in.com\/en\/wp-json\/wp\/v2\/product_brand?post=568856"},{"taxonomy":"product_cat","embeddable":true,"href":"https:\/\/perle-in.com\/en\/wp-json\/wp\/v2\/product_cat?post=568856"},{"taxonomy":"product_tag","embeddable":true,"href":"https:\/\/perle-in.com\/en\/wp-json\/wp\/v2\/product_tag?post=568856"}],"curies":[{"name":"wp","href":"https:\/\/api.w.org\/{rel}","templated":true}]}}