{"id":568820,"date":"2025-10-15T22:47:38","date_gmt":"2025-10-15T20:47:38","guid":{"rendered":"https:\/\/perle-in.com\/produit\/support-telephone-en-bambou-bubup-a-2-angles-pour-tablettes-et-telephone\/"},"modified":"2025-10-15T22:47:40","modified_gmt":"2025-10-15T20:47:40","slug":"support-telephone-en-bambou-bubup-a-2-angles-pour-tablettes-et-telephone","status":"publish","type":"product","link":"https:\/\/perle-in.com\/en\/product\/support-telephone-en-bambou-bubup-a-2-angles-pour-tablettes-et-telephone\/","title":{"rendered":"Support t\u00e9l\u00e9phone en bambou Bubup \u00e0 2\u00a0angles pour tablettes et t\u00e9l\u00e9phone"},"content":{"rendered":"","protected":false},"excerpt":{"rendered":"<p>Faites l\u2019exp\u00e9rience de la polyvalence avec le support \u00e0 2\u00a0angles pour tablettes et t\u00e9l\u00e9phones Bubup, fabriqu\u00e9 \u00e0 partir de bambou provenant de sources responsables. Avec deux\u00a0angles de vue r\u00e9glables, ce support \u00e9l\u00e9gant offre une position parfaite pour regarder des vid\u00e9os, chatter ou lire.<\/p>","protected":false},"featured_media":568813,"template":"","meta":{"_eb_attr":""},"product_brand":[],"product_cat":[1207,667],"product_tag":[1128,680,2912,1973,1189,671],"class_list":{"0":"post-568820","1":"product","2":"type-product","3":"status-publish","4":"has-post-thumbnail","6":"product_cat-supports","7":"product_cat-technologie","8":"product_tag-bambou","9":"product_tag-smartphone","10":"product_tag-socle","11":"product_tag-support","12":"product_tag-tablette","13":"product_tag-telephone","14":"pa_couleurs-bois","15":"pa_green-points-3218","16":"pa_matiere-bambou-certifie-fsc","18":"first","19":"instock","20":"shipping-taxable","21":"purchasable","22":"product-type-variable"},"yoast_head":"<!-- This site is optimized with the Yoast SEO plugin v27.4 - https:\/\/yoast.com\/product\/yoast-seo-wordpress\/ -->\n<title>Support t\u00e9l\u00e9phone en bambou Bubup \u00e0 2\u00a0angles pour tablettes et t\u00e9l\u00e9phone - PERLE IN<\/title>\n<meta name=\"robots\" content=\"noindex, follow, max-snippet:-1, max-image-preview:large, max-video-preview:-1\" \/>\n<meta property=\"og:locale\" content=\"en_US\" \/>\n<meta property=\"og:type\" content=\"article\" \/>\n<meta property=\"og:title\" content=\"Support t\u00e9l\u00e9phone en bambou Bubup \u00e0 2\u00a0angles pour tablettes et t\u00e9l\u00e9phone - PERLE IN\" \/>\n<meta property=\"og:description\" content=\"Faites l\u2019exp\u00e9rience de la polyvalence avec le support \u00e0 2\u00a0angles pour tablettes et t\u00e9l\u00e9phones Bubup, fabriqu\u00e9 \u00e0 partir de bambou provenant de sources responsables. Avec deux\u00a0angles de vue r\u00e9glables, ce support \u00e9l\u00e9gant offre une position parfaite pour regarder des vid\u00e9os, chatter ou lire.\" \/>\n<meta property=\"og:url\" content=\"https:\/\/perle-in.com\/en\/product\/support-telephone-en-bambou-bubup-a-2-angles-pour-tablettes-et-telephone\/\" \/>\n<meta property=\"og:site_name\" content=\"PERLE IN\" \/>\n<meta property=\"article:modified_time\" content=\"2025-10-15T20:47:40+00:00\" \/>\n<meta property=\"og:image\" content=\"https:\/\/perle-in.com\/wp-content\/uploads\/2025\/10\/10460371-1.jpg\" \/>\n\t<meta property=\"og:image:width\" content=\"1600\" \/>\n\t<meta property=\"og:image:height\" content=\"1600\" \/>\n\t<meta property=\"og:image:type\" content=\"image\/jpeg\" \/>\n<meta name=\"twitter:card\" content=\"summary_large_image\" \/>\n<script type=\"application\/ld+json\" class=\"yoast-schema-graph\">{\"@context\":\"https:\\\/\\\/schema.org\",\"@graph\":[{\"@type\":\"WebPage\",\"@id\":\"https:\\\/\\\/perle-in.com\\\/produit\\\/support-telephone-en-bambou-bubup-a-2-angles-pour-tablettes-et-telephone\\\/\",\"url\":\"https:\\\/\\\/perle-in.com\\\/produit\\\/support-telephone-en-bambou-bubup-a-2-angles-pour-tablettes-et-telephone\\\/\",\"name\":\"Support t\u00e9l\u00e9phone en bambou Bubup \u00e0 2\u00a0angles pour tablettes et t\u00e9l\u00e9phone - PERLE IN\",\"isPartOf\":{\"@id\":\"https:\\\/\\\/perle-in.com\\\/#website\"},\"primaryImageOfPage\":{\"@id\":\"https:\\\/\\\/perle-in.com\\\/produit\\\/support-telephone-en-bambou-bubup-a-2-angles-pour-tablettes-et-telephone\\\/#primaryimage\"},\"image\":{\"@id\":\"https:\\\/\\\/perle-in.com\\\/produit\\\/support-telephone-en-bambou-bubup-a-2-angles-pour-tablettes-et-telephone\\\/#primaryimage\"},\"thumbnailUrl\":\"https:\\\/\\\/perle-in.com\\\/wp-content\\\/uploads\\\/2025\\\/10\\\/10460371-1.jpg\",\"datePublished\":\"2025-10-15T20:47:38+00:00\",\"dateModified\":\"2025-10-15T20:47:40+00:00\",\"breadcrumb\":{\"@id\":\"https:\\\/\\\/perle-in.com\\\/produit\\\/support-telephone-en-bambou-bubup-a-2-angles-pour-tablettes-et-telephone\\\/#breadcrumb\"},\"inLanguage\":\"en-CA\",\"potentialAction\":[{\"@type\":\"ReadAction\",\"target\":[\"https:\\\/\\\/perle-in.com\\\/produit\\\/support-telephone-en-bambou-bubup-a-2-angles-pour-tablettes-et-telephone\\\/\"]}]},{\"@type\":\"ImageObject\",\"inLanguage\":\"en-CA\",\"@id\":\"https:\\\/\\\/perle-in.com\\\/produit\\\/support-telephone-en-bambou-bubup-a-2-angles-pour-tablettes-et-telephone\\\/#primaryimage\",\"url\":\"https:\\\/\\\/perle-in.com\\\/wp-content\\\/uploads\\\/2025\\\/10\\\/10460371-1.jpg\",\"contentUrl\":\"https:\\\/\\\/perle-in.com\\\/wp-content\\\/uploads\\\/2025\\\/10\\\/10460371-1.jpg\",\"width\":1600,\"height\":1600},{\"@type\":\"BreadcrumbList\",\"@id\":\"https:\\\/\\\/perle-in.com\\\/produit\\\/support-telephone-en-bambou-bubup-a-2-angles-pour-tablettes-et-telephone\\\/#breadcrumb\",\"itemListElement\":[{\"@type\":\"ListItem\",\"position\":1,\"name\":\"Accueil\",\"item\":\"https:\\\/\\\/perle-in.com\\\/\"},{\"@type\":\"ListItem\",\"position\":2,\"name\":\"Boutique\",\"item\":\"https:\\\/\\\/perle-in.com\\\/boutique\\\/\"},{\"@type\":\"ListItem\",\"position\":3,\"name\":\"Support t\u00e9l\u00e9phone en bambou Bubup \u00e0 2\u00a0angles pour tablettes et t\u00e9l\u00e9phone\"}]},{\"@type\":\"WebSite\",\"@id\":\"https:\\\/\\\/perle-in.com\\\/#website\",\"url\":\"https:\\\/\\\/perle-in.com\\\/\",\"name\":\"PERLE IN\",\"description\":\"\",\"publisher\":{\"@id\":\"https:\\\/\\\/perle-in.com\\\/#organization\"},\"potentialAction\":[{\"@type\":\"SearchAction\",\"target\":{\"@type\":\"EntryPoint\",\"urlTemplate\":\"https:\\\/\\\/perle-in.com\\\/?s={search_term_string}\"},\"query-input\":{\"@type\":\"PropertyValueSpecification\",\"valueRequired\":true,\"valueName\":\"search_term_string\"}}],\"inLanguage\":\"en-CA\"},{\"@type\":\"Organization\",\"@id\":\"https:\\\/\\\/perle-in.com\\\/#organization\",\"name\":\"PERLE IN\",\"url\":\"https:\\\/\\\/perle-in.com\\\/\",\"logo\":{\"@type\":\"ImageObject\",\"inLanguage\":\"en-CA\",\"@id\":\"https:\\\/\\\/perle-in.com\\\/#\\\/schema\\\/logo\\\/image\\\/\",\"url\":\"https:\\\/\\\/perle-in.com\\\/wp-content\\\/uploads\\\/2022\\\/12\\\/LOGO-PERLE-IN-COULEUR@3x.webp\",\"contentUrl\":\"https:\\\/\\\/perle-in.com\\\/wp-content\\\/uploads\\\/2022\\\/12\\\/LOGO-PERLE-IN-COULEUR@3x.webp\",\"width\":1600,\"height\":490,\"caption\":\"PERLE IN\"},\"image\":{\"@id\":\"https:\\\/\\\/perle-in.com\\\/#\\\/schema\\\/logo\\\/image\\\/\"}}]}<\/script>\n<!-- \/ Yoast SEO plugin. -->","yoast_head_json":{"title":"Support t\u00e9l\u00e9phone en bambou Bubup \u00e0 2\u00a0angles pour tablettes et t\u00e9l\u00e9phone - PERLE IN","robots":{"index":"noindex","follow":"follow","max-snippet":"max-snippet:-1","max-image-preview":"max-image-preview:large","max-video-preview":"max-video-preview:-1"},"og_locale":"en_US","og_type":"article","og_title":"Support t\u00e9l\u00e9phone en bambou Bubup \u00e0 2\u00a0angles pour tablettes et t\u00e9l\u00e9phone - PERLE IN","og_description":"Faites l\u2019exp\u00e9rience de la polyvalence avec le support \u00e0 2\u00a0angles pour tablettes et t\u00e9l\u00e9phones Bubup, fabriqu\u00e9 \u00e0 partir de bambou provenant de sources responsables. Avec deux\u00a0angles de vue r\u00e9glables, ce support \u00e9l\u00e9gant offre une position parfaite pour regarder des vid\u00e9os, chatter ou lire.","og_url":"https:\/\/perle-in.com\/en\/product\/support-telephone-en-bambou-bubup-a-2-angles-pour-tablettes-et-telephone\/","og_site_name":"PERLE IN","article_modified_time":"2025-10-15T20:47:40+00:00","og_image":[{"width":1600,"height":1600,"url":"https:\/\/perle-in.com\/wp-content\/uploads\/2025\/10\/10460371-1.jpg","type":"image\/jpeg"}],"twitter_card":"summary_large_image","schema":{"@context":"https:\/\/schema.org","@graph":[{"@type":"WebPage","@id":"https:\/\/perle-in.com\/produit\/support-telephone-en-bambou-bubup-a-2-angles-pour-tablettes-et-telephone\/","url":"https:\/\/perle-in.com\/produit\/support-telephone-en-bambou-bubup-a-2-angles-pour-tablettes-et-telephone\/","name":"Support t\u00e9l\u00e9phone en bambou Bubup \u00e0 2\u00a0angles pour tablettes et t\u00e9l\u00e9phone - PERLE IN","isPartOf":{"@id":"https:\/\/perle-in.com\/#website"},"primaryImageOfPage":{"@id":"https:\/\/perle-in.com\/produit\/support-telephone-en-bambou-bubup-a-2-angles-pour-tablettes-et-telephone\/#primaryimage"},"image":{"@id":"https:\/\/perle-in.com\/produit\/support-telephone-en-bambou-bubup-a-2-angles-pour-tablettes-et-telephone\/#primaryimage"},"thumbnailUrl":"https:\/\/perle-in.com\/wp-content\/uploads\/2025\/10\/10460371-1.jpg","datePublished":"2025-10-15T20:47:38+00:00","dateModified":"2025-10-15T20:47:40+00:00","breadcrumb":{"@id":"https:\/\/perle-in.com\/produit\/support-telephone-en-bambou-bubup-a-2-angles-pour-tablettes-et-telephone\/#breadcrumb"},"inLanguage":"en-CA","potentialAction":[{"@type":"ReadAction","target":["https:\/\/perle-in.com\/produit\/support-telephone-en-bambou-bubup-a-2-angles-pour-tablettes-et-telephone\/"]}]},{"@type":"ImageObject","inLanguage":"en-CA","@id":"https:\/\/perle-in.com\/produit\/support-telephone-en-bambou-bubup-a-2-angles-pour-tablettes-et-telephone\/#primaryimage","url":"https:\/\/perle-in.com\/wp-content\/uploads\/2025\/10\/10460371-1.jpg","contentUrl":"https:\/\/perle-in.com\/wp-content\/uploads\/2025\/10\/10460371-1.jpg","width":1600,"height":1600},{"@type":"BreadcrumbList","@id":"https:\/\/perle-in.com\/produit\/support-telephone-en-bambou-bubup-a-2-angles-pour-tablettes-et-telephone\/#breadcrumb","itemListElement":[{"@type":"ListItem","position":1,"name":"Accueil","item":"https:\/\/perle-in.com\/"},{"@type":"ListItem","position":2,"name":"Boutique","item":"https:\/\/perle-in.com\/boutique\/"},{"@type":"ListItem","position":3,"name":"Support t\u00e9l\u00e9phone en bambou Bubup \u00e0 2\u00a0angles pour tablettes et t\u00e9l\u00e9phone"}]},{"@type":"WebSite","@id":"https:\/\/perle-in.com\/#website","url":"https:\/\/perle-in.com\/","name":"PERLE IN","description":"","publisher":{"@id":"https:\/\/perle-in.com\/#organization"},"potentialAction":[{"@type":"SearchAction","target":{"@type":"EntryPoint","urlTemplate":"https:\/\/perle-in.com\/?s={search_term_string}"},"query-input":{"@type":"PropertyValueSpecification","valueRequired":true,"valueName":"search_term_string"}}],"inLanguage":"en-CA"},{"@type":"Organization","@id":"https:\/\/perle-in.com\/#organization","name":"PERLE IN","url":"https:\/\/perle-in.com\/","logo":{"@type":"ImageObject","inLanguage":"en-CA","@id":"https:\/\/perle-in.com\/#\/schema\/logo\/image\/","url":"https:\/\/perle-in.com\/wp-content\/uploads\/2022\/12\/LOGO-PERLE-IN-COULEUR@3x.webp","contentUrl":"https:\/\/perle-in.com\/wp-content\/uploads\/2022\/12\/LOGO-PERLE-IN-COULEUR@3x.webp","width":1600,"height":490,"caption":"PERLE IN"},"image":{"@id":"https:\/\/perle-in.com\/#\/schema\/logo\/image\/"}}]}},"jetpack_sharing_enabled":true,"_links":{"self":[{"href":"https:\/\/perle-in.com\/en\/wp-json\/wp\/v2\/product\/568820","targetHints":{"allow":["GET"]}}],"collection":[{"href":"https:\/\/perle-in.com\/en\/wp-json\/wp\/v2\/product"}],"about":[{"href":"https:\/\/perle-in.com\/en\/wp-json\/wp\/v2\/types\/product"}],"version-history":[{"count":0,"href":"https:\/\/perle-in.com\/en\/wp-json\/wp\/v2\/product\/568820\/revisions"}],"wp:featuredmedia":[{"embeddable":true,"href":"https:\/\/perle-in.com\/en\/wp-json\/wp\/v2\/media\/568813"}],"wp:attachment":[{"href":"https:\/\/perle-in.com\/en\/wp-json\/wp\/v2\/media?parent=568820"}],"wp:term":[{"taxonomy":"product_brand","embeddable":true,"href":"https:\/\/perle-in.com\/en\/wp-json\/wp\/v2\/product_brand?post=568820"},{"taxonomy":"product_cat","embeddable":true,"href":"https:\/\/perle-in.com\/en\/wp-json\/wp\/v2\/product_cat?post=568820"},{"taxonomy":"product_tag","embeddable":true,"href":"https:\/\/perle-in.com\/en\/wp-json\/wp\/v2\/product_tag?post=568820"}],"curies":[{"name":"wp","href":"https:\/\/api.w.org\/{rel}","templated":true}]}}