{"id":568718,"date":"2025-10-15T22:37:21","date_gmt":"2025-10-15T20:37:21","guid":{"rendered":"https:\/\/perle-in.com\/produit\/cable-5-en-1-chechia-en-plastique-recycle-de-30-cm-pour-la-synchronisation-des-donnees-et-la-charge-rapide-de-27-w-avec-details-en-bambou\/"},"modified":"2025-10-15T22:37:31","modified_gmt":"2025-10-15T20:37:31","slug":"cable-5-en-1-chechia-en-plastique-recycle-de-30-cm-pour-la-synchronisation-des-donnees-et-la-charge-rapide-de-27-w-avec-details-en-bambou","status":"publish","type":"product","link":"https:\/\/perle-in.com\/en\/product\/cable-5-en-1-chechia-en-plastique-recycle-de-30-cm-pour-la-synchronisation-des-donnees-et-la-charge-rapide-de-27-w-avec-details-en-bambou\/","title":{"rendered":"C\u00e2ble 5 en 1 Chechia en plastique recycl\u00e9 de 30\u00a0cm pour la synchronisation des donn\u00e9es et la charge rapide de 27\u00a0W avec d\u00e9tails en bambou"},"content":{"rendered":"","protected":false},"excerpt":{"rendered":"<p>Le c\u00e2ble 5-en-1 de synchronisation des donn\u00e9es et de charge rapide 27\u00a0W Chechia est fabriqu\u00e9 \u00e0 partir de plastique recycl\u00e9 rehauss\u00e9 de bambou provenant de sources responsables. Ce c\u00e2ble est dot\u00e9 de connecteurs d\u2019entr\u00e9e USB-A et Type-C combin\u00e9s \u00e0 un connecteur de sortie Type-C et combi Lightning\/Micro USB. L\u2019USB-A vers l\u2019USB-C fournit une puissance de sortie maximale de 27\u00a0W. Toutes les autres options de connexion offrent une puissance maximale de 15\u00a0W. Compatible avec CarPlay et Android Auto. Que vous soyez \u00e0 la maison, au bureau ou en d\u00e9placement, le c\u00e2ble Chechia offre performance et style dans un ensemble compact. Longueur du c\u00e2ble\u00a0: 30\u00a0cm.<\/p>","protected":false},"featured_media":568708,"template":"","meta":{"_eb_attr":""},"product_brand":[],"product_cat":[1206,667],"product_tag":[3798,1983,1984,3797,816,3796,1967,671,510],"class_list":{"0":"post-568718","1":"product","2":"type-product","3":"status-publish","4":"has-post-thumbnail","6":"product_cat-cables","7":"product_cat-technologie","8":"product_tag-android-auto","9":"product_tag-cable","10":"product_tag-cables","11":"product_tag-carplay","12":"product_tag-charge","13":"product_tag-charger","14":"product_tag-chargeurs","15":"product_tag-telephone","16":"product_tag-voiture","17":"pa_couleurs-blanc","18":"pa_couleurs-noir","19":"pa_green-points-3218","20":"pa_matiere-bambou-certifie-fsc-plastique-recycle-abs","22":"first","23":"instock","24":"shipping-taxable","25":"purchasable","26":"product-type-variable"},"yoast_head":"<!-- This site is optimized with the Yoast SEO plugin v27.4 - https:\/\/yoast.com\/product\/yoast-seo-wordpress\/ -->\n<title>C\u00e2ble 5 en 1 Chechia en plastique recycl\u00e9 de 30\u00a0cm pour la synchronisation des donn\u00e9es et la charge rapide de 27\u00a0W avec d\u00e9tails en bambou - PERLE IN<\/title>\n<meta name=\"robots\" content=\"noindex, follow, max-snippet:-1, max-image-preview:large, max-video-preview:-1\" \/>\n<meta property=\"og:locale\" content=\"en_US\" \/>\n<meta property=\"og:type\" content=\"article\" \/>\n<meta property=\"og:title\" content=\"C\u00e2ble 5 en 1 Chechia en plastique recycl\u00e9 de 30\u00a0cm pour la synchronisation des donn\u00e9es et la charge rapide de 27\u00a0W avec d\u00e9tails en bambou - PERLE IN\" \/>\n<meta property=\"og:description\" content=\"Le c\u00e2ble 5-en-1 de synchronisation des donn\u00e9es et de charge rapide 27\u00a0W Chechia est fabriqu\u00e9 \u00e0 partir de plastique recycl\u00e9 rehauss\u00e9 de bambou provenant de sources responsables. Ce c\u00e2ble est dot\u00e9 de connecteurs d\u2019entr\u00e9e USB-A et Type-C combin\u00e9s \u00e0 un connecteur de sortie Type-C et combi Lightning\/Micro USB. L\u2019USB-A vers l\u2019USB-C fournit une puissance de sortie maximale de 27\u00a0W. Toutes les autres options de connexion offrent une puissance maximale de 15\u00a0W. Compatible avec CarPlay et Android Auto. Que vous soyez \u00e0 la maison, au bureau ou en d\u00e9placement, le c\u00e2ble Chechia offre performance et style dans un ensemble compact. Longueur du c\u00e2ble\u00a0: 30\u00a0cm.\" \/>\n<meta property=\"og:url\" content=\"https:\/\/perle-in.com\/en\/product\/cable-5-en-1-chechia-en-plastique-recycle-de-30-cm-pour-la-synchronisation-des-donnees-et-la-charge-rapide-de-27-w-avec-details-en-bambou\/\" \/>\n<meta property=\"og:site_name\" content=\"PERLE IN\" \/>\n<meta property=\"article:modified_time\" content=\"2025-10-15T20:37:31+00:00\" \/>\n<meta property=\"og:image\" content=\"https:\/\/perle-in.com\/wp-content\/uploads\/2025\/10\/12442101-1.jpg\" \/>\n\t<meta property=\"og:image:width\" content=\"1600\" \/>\n\t<meta property=\"og:image:height\" content=\"1600\" \/>\n\t<meta property=\"og:image:type\" content=\"image\/jpeg\" \/>\n<meta name=\"twitter:card\" content=\"summary_large_image\" \/>\n<script type=\"application\/ld+json\" class=\"yoast-schema-graph\">{\"@context\":\"https:\\\/\\\/schema.org\",\"@graph\":[{\"@type\":\"WebPage\",\"@id\":\"https:\\\/\\\/perle-in.com\\\/produit\\\/cable-5-en-1-chechia-en-plastique-recycle-de-30-cm-pour-la-synchronisation-des-donnees-et-la-charge-rapide-de-27-w-avec-details-en-bambou\\\/\",\"url\":\"https:\\\/\\\/perle-in.com\\\/produit\\\/cable-5-en-1-chechia-en-plastique-recycle-de-30-cm-pour-la-synchronisation-des-donnees-et-la-charge-rapide-de-27-w-avec-details-en-bambou\\\/\",\"name\":\"C\u00e2ble 5 en 1 Chechia en plastique recycl\u00e9 de 30\u00a0cm pour la synchronisation des donn\u00e9es et la charge rapide de 27\u00a0W avec d\u00e9tails en bambou - PERLE IN\",\"isPartOf\":{\"@id\":\"https:\\\/\\\/perle-in.com\\\/#website\"},\"primaryImageOfPage\":{\"@id\":\"https:\\\/\\\/perle-in.com\\\/produit\\\/cable-5-en-1-chechia-en-plastique-recycle-de-30-cm-pour-la-synchronisation-des-donnees-et-la-charge-rapide-de-27-w-avec-details-en-bambou\\\/#primaryimage\"},\"image\":{\"@id\":\"https:\\\/\\\/perle-in.com\\\/produit\\\/cable-5-en-1-chechia-en-plastique-recycle-de-30-cm-pour-la-synchronisation-des-donnees-et-la-charge-rapide-de-27-w-avec-details-en-bambou\\\/#primaryimage\"},\"thumbnailUrl\":\"https:\\\/\\\/perle-in.com\\\/wp-content\\\/uploads\\\/2025\\\/10\\\/12442101-1.jpg\",\"datePublished\":\"2025-10-15T20:37:21+00:00\",\"dateModified\":\"2025-10-15T20:37:31+00:00\",\"breadcrumb\":{\"@id\":\"https:\\\/\\\/perle-in.com\\\/produit\\\/cable-5-en-1-chechia-en-plastique-recycle-de-30-cm-pour-la-synchronisation-des-donnees-et-la-charge-rapide-de-27-w-avec-details-en-bambou\\\/#breadcrumb\"},\"inLanguage\":\"en-CA\",\"potentialAction\":[{\"@type\":\"ReadAction\",\"target\":[\"https:\\\/\\\/perle-in.com\\\/produit\\\/cable-5-en-1-chechia-en-plastique-recycle-de-30-cm-pour-la-synchronisation-des-donnees-et-la-charge-rapide-de-27-w-avec-details-en-bambou\\\/\"]}]},{\"@type\":\"ImageObject\",\"inLanguage\":\"en-CA\",\"@id\":\"https:\\\/\\\/perle-in.com\\\/produit\\\/cable-5-en-1-chechia-en-plastique-recycle-de-30-cm-pour-la-synchronisation-des-donnees-et-la-charge-rapide-de-27-w-avec-details-en-bambou\\\/#primaryimage\",\"url\":\"https:\\\/\\\/perle-in.com\\\/wp-content\\\/uploads\\\/2025\\\/10\\\/12442101-1.jpg\",\"contentUrl\":\"https:\\\/\\\/perle-in.com\\\/wp-content\\\/uploads\\\/2025\\\/10\\\/12442101-1.jpg\",\"width\":1600,\"height\":1600},{\"@type\":\"BreadcrumbList\",\"@id\":\"https:\\\/\\\/perle-in.com\\\/produit\\\/cable-5-en-1-chechia-en-plastique-recycle-de-30-cm-pour-la-synchronisation-des-donnees-et-la-charge-rapide-de-27-w-avec-details-en-bambou\\\/#breadcrumb\",\"itemListElement\":[{\"@type\":\"ListItem\",\"position\":1,\"name\":\"Accueil\",\"item\":\"https:\\\/\\\/perle-in.com\\\/\"},{\"@type\":\"ListItem\",\"position\":2,\"name\":\"Boutique\",\"item\":\"https:\\\/\\\/perle-in.com\\\/boutique\\\/\"},{\"@type\":\"ListItem\",\"position\":3,\"name\":\"C\u00e2ble 5 en 1 Chechia en plastique recycl\u00e9 de 30\u00a0cm pour la synchronisation des donn\u00e9es et la charge rapide de 27\u00a0W avec d\u00e9tails en bambou\"}]},{\"@type\":\"WebSite\",\"@id\":\"https:\\\/\\\/perle-in.com\\\/#website\",\"url\":\"https:\\\/\\\/perle-in.com\\\/\",\"name\":\"PERLE IN\",\"description\":\"\",\"publisher\":{\"@id\":\"https:\\\/\\\/perle-in.com\\\/#organization\"},\"potentialAction\":[{\"@type\":\"SearchAction\",\"target\":{\"@type\":\"EntryPoint\",\"urlTemplate\":\"https:\\\/\\\/perle-in.com\\\/?s={search_term_string}\"},\"query-input\":{\"@type\":\"PropertyValueSpecification\",\"valueRequired\":true,\"valueName\":\"search_term_string\"}}],\"inLanguage\":\"en-CA\"},{\"@type\":\"Organization\",\"@id\":\"https:\\\/\\\/perle-in.com\\\/#organization\",\"name\":\"PERLE IN\",\"url\":\"https:\\\/\\\/perle-in.com\\\/\",\"logo\":{\"@type\":\"ImageObject\",\"inLanguage\":\"en-CA\",\"@id\":\"https:\\\/\\\/perle-in.com\\\/#\\\/schema\\\/logo\\\/image\\\/\",\"url\":\"https:\\\/\\\/perle-in.com\\\/wp-content\\\/uploads\\\/2022\\\/12\\\/LOGO-PERLE-IN-COULEUR@3x.webp\",\"contentUrl\":\"https:\\\/\\\/perle-in.com\\\/wp-content\\\/uploads\\\/2022\\\/12\\\/LOGO-PERLE-IN-COULEUR@3x.webp\",\"width\":1600,\"height\":490,\"caption\":\"PERLE IN\"},\"image\":{\"@id\":\"https:\\\/\\\/perle-in.com\\\/#\\\/schema\\\/logo\\\/image\\\/\"}}]}<\/script>\n<!-- \/ Yoast SEO plugin. -->","yoast_head_json":{"title":"C\u00e2ble 5 en 1 Chechia en plastique recycl\u00e9 de 30\u00a0cm pour la synchronisation des donn\u00e9es et la charge rapide de 27\u00a0W avec d\u00e9tails en bambou - PERLE IN","robots":{"index":"noindex","follow":"follow","max-snippet":"max-snippet:-1","max-image-preview":"max-image-preview:large","max-video-preview":"max-video-preview:-1"},"og_locale":"en_US","og_type":"article","og_title":"C\u00e2ble 5 en 1 Chechia en plastique recycl\u00e9 de 30\u00a0cm pour la synchronisation des donn\u00e9es et la charge rapide de 27\u00a0W avec d\u00e9tails en bambou - PERLE IN","og_description":"Le c\u00e2ble 5-en-1 de synchronisation des donn\u00e9es et de charge rapide 27\u00a0W Chechia est fabriqu\u00e9 \u00e0 partir de plastique recycl\u00e9 rehauss\u00e9 de bambou provenant de sources responsables. Ce c\u00e2ble est dot\u00e9 de connecteurs d\u2019entr\u00e9e USB-A et Type-C combin\u00e9s \u00e0 un connecteur de sortie Type-C et combi Lightning\/Micro USB. L\u2019USB-A vers l\u2019USB-C fournit une puissance de sortie maximale de 27\u00a0W. Toutes les autres options de connexion offrent une puissance maximale de 15\u00a0W. Compatible avec CarPlay et Android Auto. Que vous soyez \u00e0 la maison, au bureau ou en d\u00e9placement, le c\u00e2ble Chechia offre performance et style dans un ensemble compact. Longueur du c\u00e2ble\u00a0: 30\u00a0cm.","og_url":"https:\/\/perle-in.com\/en\/product\/cable-5-en-1-chechia-en-plastique-recycle-de-30-cm-pour-la-synchronisation-des-donnees-et-la-charge-rapide-de-27-w-avec-details-en-bambou\/","og_site_name":"PERLE IN","article_modified_time":"2025-10-15T20:37:31+00:00","og_image":[{"width":1600,"height":1600,"url":"https:\/\/perle-in.com\/wp-content\/uploads\/2025\/10\/12442101-1.jpg","type":"image\/jpeg"}],"twitter_card":"summary_large_image","schema":{"@context":"https:\/\/schema.org","@graph":[{"@type":"WebPage","@id":"https:\/\/perle-in.com\/produit\/cable-5-en-1-chechia-en-plastique-recycle-de-30-cm-pour-la-synchronisation-des-donnees-et-la-charge-rapide-de-27-w-avec-details-en-bambou\/","url":"https:\/\/perle-in.com\/produit\/cable-5-en-1-chechia-en-plastique-recycle-de-30-cm-pour-la-synchronisation-des-donnees-et-la-charge-rapide-de-27-w-avec-details-en-bambou\/","name":"C\u00e2ble 5 en 1 Chechia en plastique recycl\u00e9 de 30\u00a0cm pour la synchronisation des donn\u00e9es et la charge rapide de 27\u00a0W avec d\u00e9tails en bambou - PERLE IN","isPartOf":{"@id":"https:\/\/perle-in.com\/#website"},"primaryImageOfPage":{"@id":"https:\/\/perle-in.com\/produit\/cable-5-en-1-chechia-en-plastique-recycle-de-30-cm-pour-la-synchronisation-des-donnees-et-la-charge-rapide-de-27-w-avec-details-en-bambou\/#primaryimage"},"image":{"@id":"https:\/\/perle-in.com\/produit\/cable-5-en-1-chechia-en-plastique-recycle-de-30-cm-pour-la-synchronisation-des-donnees-et-la-charge-rapide-de-27-w-avec-details-en-bambou\/#primaryimage"},"thumbnailUrl":"https:\/\/perle-in.com\/wp-content\/uploads\/2025\/10\/12442101-1.jpg","datePublished":"2025-10-15T20:37:21+00:00","dateModified":"2025-10-15T20:37:31+00:00","breadcrumb":{"@id":"https:\/\/perle-in.com\/produit\/cable-5-en-1-chechia-en-plastique-recycle-de-30-cm-pour-la-synchronisation-des-donnees-et-la-charge-rapide-de-27-w-avec-details-en-bambou\/#breadcrumb"},"inLanguage":"en-CA","potentialAction":[{"@type":"ReadAction","target":["https:\/\/perle-in.com\/produit\/cable-5-en-1-chechia-en-plastique-recycle-de-30-cm-pour-la-synchronisation-des-donnees-et-la-charge-rapide-de-27-w-avec-details-en-bambou\/"]}]},{"@type":"ImageObject","inLanguage":"en-CA","@id":"https:\/\/perle-in.com\/produit\/cable-5-en-1-chechia-en-plastique-recycle-de-30-cm-pour-la-synchronisation-des-donnees-et-la-charge-rapide-de-27-w-avec-details-en-bambou\/#primaryimage","url":"https:\/\/perle-in.com\/wp-content\/uploads\/2025\/10\/12442101-1.jpg","contentUrl":"https:\/\/perle-in.com\/wp-content\/uploads\/2025\/10\/12442101-1.jpg","width":1600,"height":1600},{"@type":"BreadcrumbList","@id":"https:\/\/perle-in.com\/produit\/cable-5-en-1-chechia-en-plastique-recycle-de-30-cm-pour-la-synchronisation-des-donnees-et-la-charge-rapide-de-27-w-avec-details-en-bambou\/#breadcrumb","itemListElement":[{"@type":"ListItem","position":1,"name":"Accueil","item":"https:\/\/perle-in.com\/"},{"@type":"ListItem","position":2,"name":"Boutique","item":"https:\/\/perle-in.com\/boutique\/"},{"@type":"ListItem","position":3,"name":"C\u00e2ble 5 en 1 Chechia en plastique recycl\u00e9 de 30\u00a0cm pour la synchronisation des donn\u00e9es et la charge rapide de 27\u00a0W avec d\u00e9tails en bambou"}]},{"@type":"WebSite","@id":"https:\/\/perle-in.com\/#website","url":"https:\/\/perle-in.com\/","name":"PERLE IN","description":"","publisher":{"@id":"https:\/\/perle-in.com\/#organization"},"potentialAction":[{"@type":"SearchAction","target":{"@type":"EntryPoint","urlTemplate":"https:\/\/perle-in.com\/?s={search_term_string}"},"query-input":{"@type":"PropertyValueSpecification","valueRequired":true,"valueName":"search_term_string"}}],"inLanguage":"en-CA"},{"@type":"Organization","@id":"https:\/\/perle-in.com\/#organization","name":"PERLE IN","url":"https:\/\/perle-in.com\/","logo":{"@type":"ImageObject","inLanguage":"en-CA","@id":"https:\/\/perle-in.com\/#\/schema\/logo\/image\/","url":"https:\/\/perle-in.com\/wp-content\/uploads\/2022\/12\/LOGO-PERLE-IN-COULEUR@3x.webp","contentUrl":"https:\/\/perle-in.com\/wp-content\/uploads\/2022\/12\/LOGO-PERLE-IN-COULEUR@3x.webp","width":1600,"height":490,"caption":"PERLE IN"},"image":{"@id":"https:\/\/perle-in.com\/#\/schema\/logo\/image\/"}}]}},"jetpack_sharing_enabled":true,"_links":{"self":[{"href":"https:\/\/perle-in.com\/en\/wp-json\/wp\/v2\/product\/568718","targetHints":{"allow":["GET"]}}],"collection":[{"href":"https:\/\/perle-in.com\/en\/wp-json\/wp\/v2\/product"}],"about":[{"href":"https:\/\/perle-in.com\/en\/wp-json\/wp\/v2\/types\/product"}],"version-history":[{"count":0,"href":"https:\/\/perle-in.com\/en\/wp-json\/wp\/v2\/product\/568718\/revisions"}],"wp:featuredmedia":[{"embeddable":true,"href":"https:\/\/perle-in.com\/en\/wp-json\/wp\/v2\/media\/568708"}],"wp:attachment":[{"href":"https:\/\/perle-in.com\/en\/wp-json\/wp\/v2\/media?parent=568718"}],"wp:term":[{"taxonomy":"product_brand","embeddable":true,"href":"https:\/\/perle-in.com\/en\/wp-json\/wp\/v2\/product_brand?post=568718"},{"taxonomy":"product_cat","embeddable":true,"href":"https:\/\/perle-in.com\/en\/wp-json\/wp\/v2\/product_cat?post=568718"},{"taxonomy":"product_tag","embeddable":true,"href":"https:\/\/perle-in.com\/en\/wp-json\/wp\/v2\/product_tag?post=568718"}],"curies":[{"name":"wp","href":"https:\/\/api.w.org\/{rel}","templated":true}]}}