{"id":568530,"date":"2025-10-15T22:23:01","date_gmt":"2025-10-15T20:23:01","guid":{"rendered":"https:\/\/perle-in.com\/produit\/plateau-en-bois-originalhome\/"},"modified":"2025-10-15T22:23:04","modified_gmt":"2025-10-15T20:23:04","slug":"plateau-en-bois-originalhome","status":"publish","type":"product","link":"https:\/\/perle-in.com\/en\/product\/plateau-en-bois-originalhome\/","title":{"rendered":"Plateau en bois Originalhome"},"content":{"rendered":"","protected":false},"excerpt":{"rendered":"<p>Plateau de forme ovale fabriqu\u00e9 \u00e0 partir de la racine d&#8217;un arbre de teck, un d\u00e9chet de l&#8217;industrie du teck. Il provient de plantations de teck certifi\u00e9es en Indon\u00e9sie et est fabriqu\u00e9 \u00e0 la main par des artisans dans un petit atelier rural de Java orientale. Ils conviennent pour servir des snacks, des sucreries, du caf\u00e9 ou du th\u00e9. Chaque article a un aspect naturel et unique. Convient aux aliments. Dimensions : 24 x 12 x 1,5 cm.<\/p>","protected":false},"featured_media":568522,"template":"","meta":{"_eb_attr":""},"product_brand":[],"product_cat":[1234,150],"product_tag":[861,862,880,3784,2996,3792,3597],"class_list":{"0":"post-568530","1":"product","2":"type-product","3":"status-publish","4":"has-post-thumbnail","6":"product_cat-kits-pour-servir","7":"product_cat-maison-et-cuisine","8":"product_tag-cuisine","9":"product_tag-maison","10":"product_tag-nourriture","11":"product_tag-original-home","12":"product_tag-plateau","13":"product_tag-service","14":"product_tag-snacks","15":"pa_couleurs-bois","16":"pa_marque-originalhome","17":"pa_matiere-recycled-wood","18":"pa_pays-d-origine-indonesie","20":"first","21":"instock","22":"shipping-taxable","23":"purchasable","24":"product-type-variable"},"yoast_head":"<!-- This site is optimized with the Yoast SEO plugin v27.4 - https:\/\/yoast.com\/product\/yoast-seo-wordpress\/ -->\n<title>Plateau en bois Originalhome - PERLE IN<\/title>\n<meta name=\"robots\" content=\"noindex, follow, max-snippet:-1, max-image-preview:large, max-video-preview:-1\" \/>\n<meta property=\"og:locale\" content=\"en_US\" \/>\n<meta property=\"og:type\" content=\"article\" \/>\n<meta property=\"og:title\" content=\"Plateau en bois Originalhome - PERLE IN\" \/>\n<meta property=\"og:description\" content=\"Plateau de forme ovale fabriqu\u00e9 \u00e0 partir de la racine d&#039;un arbre de teck, un d\u00e9chet de l&#039;industrie du teck. Il provient de plantations de teck certifi\u00e9es en Indon\u00e9sie et est fabriqu\u00e9 \u00e0 la main par des artisans dans un petit atelier rural de Java orientale. Ils conviennent pour servir des snacks, des sucreries, du caf\u00e9 ou du th\u00e9. Chaque article a un aspect naturel et unique. Convient aux aliments. Dimensions : 24 x 12 x 1,5 cm.\" \/>\n<meta property=\"og:url\" content=\"https:\/\/perle-in.com\/en\/product\/plateau-en-bois-originalhome\/\" \/>\n<meta property=\"og:site_name\" content=\"PERLE IN\" \/>\n<meta property=\"article:modified_time\" content=\"2025-10-15T20:23:04+00:00\" \/>\n<meta property=\"og:image\" content=\"https:\/\/perle-in.com\/wp-content\/uploads\/2025\/10\/11341071-1.jpg\" \/>\n\t<meta property=\"og:image:width\" content=\"1600\" \/>\n\t<meta property=\"og:image:height\" content=\"1600\" \/>\n\t<meta property=\"og:image:type\" content=\"image\/jpeg\" \/>\n<meta name=\"twitter:card\" content=\"summary_large_image\" \/>\n<script type=\"application\/ld+json\" class=\"yoast-schema-graph\">{\"@context\":\"https:\\\/\\\/schema.org\",\"@graph\":[{\"@type\":\"WebPage\",\"@id\":\"https:\\\/\\\/perle-in.com\\\/en\\\/product\\\/plateau-en-bois-originalhome\\\/\",\"url\":\"https:\\\/\\\/perle-in.com\\\/en\\\/product\\\/plateau-en-bois-originalhome\\\/\",\"name\":\"Plateau en bois Originalhome - PERLE IN\",\"isPartOf\":{\"@id\":\"https:\\\/\\\/perle-in.com\\\/#website\"},\"primaryImageOfPage\":{\"@id\":\"https:\\\/\\\/perle-in.com\\\/en\\\/product\\\/plateau-en-bois-originalhome\\\/#primaryimage\"},\"image\":{\"@id\":\"https:\\\/\\\/perle-in.com\\\/en\\\/product\\\/plateau-en-bois-originalhome\\\/#primaryimage\"},\"thumbnailUrl\":\"https:\\\/\\\/perle-in.com\\\/wp-content\\\/uploads\\\/2025\\\/10\\\/11341071-1.jpg\",\"datePublished\":\"2025-10-15T20:23:01+00:00\",\"dateModified\":\"2025-10-15T20:23:04+00:00\",\"breadcrumb\":{\"@id\":\"https:\\\/\\\/perle-in.com\\\/en\\\/product\\\/plateau-en-bois-originalhome\\\/#breadcrumb\"},\"inLanguage\":\"en-CA\",\"potentialAction\":[{\"@type\":\"ReadAction\",\"target\":[\"https:\\\/\\\/perle-in.com\\\/en\\\/product\\\/plateau-en-bois-originalhome\\\/\"]}]},{\"@type\":\"ImageObject\",\"inLanguage\":\"en-CA\",\"@id\":\"https:\\\/\\\/perle-in.com\\\/en\\\/product\\\/plateau-en-bois-originalhome\\\/#primaryimage\",\"url\":\"https:\\\/\\\/perle-in.com\\\/wp-content\\\/uploads\\\/2025\\\/10\\\/11341071-1.jpg\",\"contentUrl\":\"https:\\\/\\\/perle-in.com\\\/wp-content\\\/uploads\\\/2025\\\/10\\\/11341071-1.jpg\",\"width\":1600,\"height\":1600},{\"@type\":\"BreadcrumbList\",\"@id\":\"https:\\\/\\\/perle-in.com\\\/en\\\/product\\\/plateau-en-bois-originalhome\\\/#breadcrumb\",\"itemListElement\":[{\"@type\":\"ListItem\",\"position\":1,\"name\":\"Accueil\",\"item\":\"https:\\\/\\\/perle-in.com\\\/\"},{\"@type\":\"ListItem\",\"position\":2,\"name\":\"Boutique\",\"item\":\"https:\\\/\\\/perle-in.com\\\/boutique\\\/\"},{\"@type\":\"ListItem\",\"position\":3,\"name\":\"Plateau en bois Originalhome\"}]},{\"@type\":\"WebSite\",\"@id\":\"https:\\\/\\\/perle-in.com\\\/#website\",\"url\":\"https:\\\/\\\/perle-in.com\\\/\",\"name\":\"PERLE IN\",\"description\":\"\",\"publisher\":{\"@id\":\"https:\\\/\\\/perle-in.com\\\/#organization\"},\"potentialAction\":[{\"@type\":\"SearchAction\",\"target\":{\"@type\":\"EntryPoint\",\"urlTemplate\":\"https:\\\/\\\/perle-in.com\\\/?s={search_term_string}\"},\"query-input\":{\"@type\":\"PropertyValueSpecification\",\"valueRequired\":true,\"valueName\":\"search_term_string\"}}],\"inLanguage\":\"en-CA\"},{\"@type\":\"Organization\",\"@id\":\"https:\\\/\\\/perle-in.com\\\/#organization\",\"name\":\"PERLE IN\",\"url\":\"https:\\\/\\\/perle-in.com\\\/\",\"logo\":{\"@type\":\"ImageObject\",\"inLanguage\":\"en-CA\",\"@id\":\"https:\\\/\\\/perle-in.com\\\/#\\\/schema\\\/logo\\\/image\\\/\",\"url\":\"https:\\\/\\\/perle-in.com\\\/wp-content\\\/uploads\\\/2022\\\/12\\\/LOGO-PERLE-IN-COULEUR@3x.webp\",\"contentUrl\":\"https:\\\/\\\/perle-in.com\\\/wp-content\\\/uploads\\\/2022\\\/12\\\/LOGO-PERLE-IN-COULEUR@3x.webp\",\"width\":1600,\"height\":490,\"caption\":\"PERLE IN\"},\"image\":{\"@id\":\"https:\\\/\\\/perle-in.com\\\/#\\\/schema\\\/logo\\\/image\\\/\"}}]}<\/script>\n<!-- \/ Yoast SEO plugin. -->","yoast_head_json":{"title":"Plateau en bois Originalhome - PERLE IN","robots":{"index":"noindex","follow":"follow","max-snippet":"max-snippet:-1","max-image-preview":"max-image-preview:large","max-video-preview":"max-video-preview:-1"},"og_locale":"en_US","og_type":"article","og_title":"Plateau en bois Originalhome - PERLE IN","og_description":"Plateau de forme ovale fabriqu\u00e9 \u00e0 partir de la racine d'un arbre de teck, un d\u00e9chet de l'industrie du teck. Il provient de plantations de teck certifi\u00e9es en Indon\u00e9sie et est fabriqu\u00e9 \u00e0 la main par des artisans dans un petit atelier rural de Java orientale. Ils conviennent pour servir des snacks, des sucreries, du caf\u00e9 ou du th\u00e9. Chaque article a un aspect naturel et unique. Convient aux aliments. Dimensions : 24 x 12 x 1,5 cm.","og_url":"https:\/\/perle-in.com\/en\/product\/plateau-en-bois-originalhome\/","og_site_name":"PERLE IN","article_modified_time":"2025-10-15T20:23:04+00:00","og_image":[{"width":1600,"height":1600,"url":"https:\/\/perle-in.com\/wp-content\/uploads\/2025\/10\/11341071-1.jpg","type":"image\/jpeg"}],"twitter_card":"summary_large_image","schema":{"@context":"https:\/\/schema.org","@graph":[{"@type":"WebPage","@id":"https:\/\/perle-in.com\/en\/product\/plateau-en-bois-originalhome\/","url":"https:\/\/perle-in.com\/en\/product\/plateau-en-bois-originalhome\/","name":"Plateau en bois Originalhome - PERLE IN","isPartOf":{"@id":"https:\/\/perle-in.com\/#website"},"primaryImageOfPage":{"@id":"https:\/\/perle-in.com\/en\/product\/plateau-en-bois-originalhome\/#primaryimage"},"image":{"@id":"https:\/\/perle-in.com\/en\/product\/plateau-en-bois-originalhome\/#primaryimage"},"thumbnailUrl":"https:\/\/perle-in.com\/wp-content\/uploads\/2025\/10\/11341071-1.jpg","datePublished":"2025-10-15T20:23:01+00:00","dateModified":"2025-10-15T20:23:04+00:00","breadcrumb":{"@id":"https:\/\/perle-in.com\/en\/product\/plateau-en-bois-originalhome\/#breadcrumb"},"inLanguage":"en-CA","potentialAction":[{"@type":"ReadAction","target":["https:\/\/perle-in.com\/en\/product\/plateau-en-bois-originalhome\/"]}]},{"@type":"ImageObject","inLanguage":"en-CA","@id":"https:\/\/perle-in.com\/en\/product\/plateau-en-bois-originalhome\/#primaryimage","url":"https:\/\/perle-in.com\/wp-content\/uploads\/2025\/10\/11341071-1.jpg","contentUrl":"https:\/\/perle-in.com\/wp-content\/uploads\/2025\/10\/11341071-1.jpg","width":1600,"height":1600},{"@type":"BreadcrumbList","@id":"https:\/\/perle-in.com\/en\/product\/plateau-en-bois-originalhome\/#breadcrumb","itemListElement":[{"@type":"ListItem","position":1,"name":"Accueil","item":"https:\/\/perle-in.com\/"},{"@type":"ListItem","position":2,"name":"Boutique","item":"https:\/\/perle-in.com\/boutique\/"},{"@type":"ListItem","position":3,"name":"Plateau en bois Originalhome"}]},{"@type":"WebSite","@id":"https:\/\/perle-in.com\/#website","url":"https:\/\/perle-in.com\/","name":"PERLE IN","description":"","publisher":{"@id":"https:\/\/perle-in.com\/#organization"},"potentialAction":[{"@type":"SearchAction","target":{"@type":"EntryPoint","urlTemplate":"https:\/\/perle-in.com\/?s={search_term_string}"},"query-input":{"@type":"PropertyValueSpecification","valueRequired":true,"valueName":"search_term_string"}}],"inLanguage":"en-CA"},{"@type":"Organization","@id":"https:\/\/perle-in.com\/#organization","name":"PERLE IN","url":"https:\/\/perle-in.com\/","logo":{"@type":"ImageObject","inLanguage":"en-CA","@id":"https:\/\/perle-in.com\/#\/schema\/logo\/image\/","url":"https:\/\/perle-in.com\/wp-content\/uploads\/2022\/12\/LOGO-PERLE-IN-COULEUR@3x.webp","contentUrl":"https:\/\/perle-in.com\/wp-content\/uploads\/2022\/12\/LOGO-PERLE-IN-COULEUR@3x.webp","width":1600,"height":490,"caption":"PERLE IN"},"image":{"@id":"https:\/\/perle-in.com\/#\/schema\/logo\/image\/"}}]}},"jetpack_sharing_enabled":true,"_links":{"self":[{"href":"https:\/\/perle-in.com\/en\/wp-json\/wp\/v2\/product\/568530","targetHints":{"allow":["GET"]}}],"collection":[{"href":"https:\/\/perle-in.com\/en\/wp-json\/wp\/v2\/product"}],"about":[{"href":"https:\/\/perle-in.com\/en\/wp-json\/wp\/v2\/types\/product"}],"version-history":[{"count":0,"href":"https:\/\/perle-in.com\/en\/wp-json\/wp\/v2\/product\/568530\/revisions"}],"wp:featuredmedia":[{"embeddable":true,"href":"https:\/\/perle-in.com\/en\/wp-json\/wp\/v2\/media\/568522"}],"wp:attachment":[{"href":"https:\/\/perle-in.com\/en\/wp-json\/wp\/v2\/media?parent=568530"}],"wp:term":[{"taxonomy":"product_brand","embeddable":true,"href":"https:\/\/perle-in.com\/en\/wp-json\/wp\/v2\/product_brand?post=568530"},{"taxonomy":"product_cat","embeddable":true,"href":"https:\/\/perle-in.com\/en\/wp-json\/wp\/v2\/product_cat?post=568530"},{"taxonomy":"product_tag","embeddable":true,"href":"https:\/\/perle-in.com\/en\/wp-json\/wp\/v2\/product_tag?post=568530"}],"curies":[{"name":"wp","href":"https:\/\/api.w.org\/{rel}","templated":true}]}}