{"id":568513,"date":"2025-10-15T22:09:32","date_gmt":"2025-10-15T20:09:32","guid":{"rendered":"https:\/\/perle-in.com\/produit\/verres-a-biere-originalhome\/"},"modified":"2025-10-15T22:09:33","modified_gmt":"2025-10-15T20:09:33","slug":"verres-a-biere-originalhome","status":"publish","type":"product","link":"https:\/\/perle-in.com\/en\/product\/verres-a-biere-originalhome\/","title":{"rendered":"Verres \u00e0 bi\u00e8re Originalhome"},"content":{"rendered":"","protected":false},"excerpt":{"rendered":"<p>Lot de deux verres \u00e0 boire artisanaux de 160 ml fabriqu\u00e9s \u00e0 partir de bouteilles de bi\u00e8re vides recycl\u00e9es, un d\u00e9chet de l&#8217;industrie h\u00f4teli\u00e8re de Goa, en Inde. Ces verres \u00e0 boire conviennent parfaitement \u00e0 tout type de boisson, ce qui les rend id\u00e9aux pour un usage quotidien ou pour des occasions sp\u00e9ciales. Livr\u00e9s dans une bo\u00eete cadeau.<\/p>","protected":false},"featured_media":568510,"template":"","meta":{"_eb_attr":""},"product_brand":[],"product_cat":[150,1239],"product_tag":[3022,837,3784,836,1757],"class_list":{"0":"post-568513","1":"product","2":"type-product","3":"status-publish","4":"has-post-thumbnail","6":"product_cat-maison-et-cuisine","7":"product_cat-verres-et-carafes","8":"product_tag-biere","9":"product_tag-durable","10":"product_tag-original-home","11":"product_tag-recycle","12":"product_tag-verres","13":"pa_couleurs-marron","14":"pa_marque-originalhome","15":"pa_matiere-verre-recycle","16":"pa_pays-d-origine-inde","18":"first","19":"instock","20":"shipping-taxable","21":"purchasable","22":"product-type-variable"},"yoast_head":"<!-- This site is optimized with the Yoast SEO plugin v27.4 - https:\/\/yoast.com\/product\/yoast-seo-wordpress\/ -->\n<title>Verres \u00e0 bi\u00e8re Originalhome - PERLE IN<\/title>\n<meta name=\"robots\" content=\"noindex, follow, max-snippet:-1, max-image-preview:large, max-video-preview:-1\" \/>\n<meta property=\"og:locale\" content=\"en_US\" \/>\n<meta property=\"og:type\" content=\"article\" \/>\n<meta property=\"og:title\" content=\"Verres \u00e0 bi\u00e8re Originalhome - PERLE IN\" \/>\n<meta property=\"og:description\" content=\"Lot de deux verres \u00e0 boire artisanaux de 160 ml fabriqu\u00e9s \u00e0 partir de bouteilles de bi\u00e8re vides recycl\u00e9es, un d\u00e9chet de l&#039;industrie h\u00f4teli\u00e8re de Goa, en Inde. Ces verres \u00e0 boire conviennent parfaitement \u00e0 tout type de boisson, ce qui les rend id\u00e9aux pour un usage quotidien ou pour des occasions sp\u00e9ciales. Livr\u00e9s dans une bo\u00eete cadeau.\" \/>\n<meta property=\"og:url\" content=\"https:\/\/perle-in.com\/en\/product\/verres-a-biere-originalhome\/\" \/>\n<meta property=\"og:site_name\" content=\"PERLE IN\" \/>\n<meta property=\"article:modified_time\" content=\"2025-10-15T20:09:33+00:00\" \/>\n<meta property=\"og:image\" content=\"https:\/\/perle-in.com\/wp-content\/uploads\/2025\/10\/11340871-1.jpg\" \/>\n\t<meta property=\"og:image:width\" content=\"1600\" \/>\n\t<meta property=\"og:image:height\" content=\"1600\" \/>\n\t<meta property=\"og:image:type\" content=\"image\/jpeg\" \/>\n<meta name=\"twitter:card\" content=\"summary_large_image\" \/>\n<script type=\"application\/ld+json\" class=\"yoast-schema-graph\">{\"@context\":\"https:\\\/\\\/schema.org\",\"@graph\":[{\"@type\":\"WebPage\",\"@id\":\"https:\\\/\\\/perle-in.com\\\/produit\\\/verres-a-biere-originalhome\\\/\",\"url\":\"https:\\\/\\\/perle-in.com\\\/produit\\\/verres-a-biere-originalhome\\\/\",\"name\":\"Verres \u00e0 bi\u00e8re Originalhome - PERLE IN\",\"isPartOf\":{\"@id\":\"https:\\\/\\\/perle-in.com\\\/#website\"},\"primaryImageOfPage\":{\"@id\":\"https:\\\/\\\/perle-in.com\\\/produit\\\/verres-a-biere-originalhome\\\/#primaryimage\"},\"image\":{\"@id\":\"https:\\\/\\\/perle-in.com\\\/produit\\\/verres-a-biere-originalhome\\\/#primaryimage\"},\"thumbnailUrl\":\"https:\\\/\\\/perle-in.com\\\/wp-content\\\/uploads\\\/2025\\\/10\\\/11340871-1.jpg\",\"datePublished\":\"2025-10-15T20:09:32+00:00\",\"dateModified\":\"2025-10-15T20:09:33+00:00\",\"breadcrumb\":{\"@id\":\"https:\\\/\\\/perle-in.com\\\/produit\\\/verres-a-biere-originalhome\\\/#breadcrumb\"},\"inLanguage\":\"en-CA\",\"potentialAction\":[{\"@type\":\"ReadAction\",\"target\":[\"https:\\\/\\\/perle-in.com\\\/produit\\\/verres-a-biere-originalhome\\\/\"]}]},{\"@type\":\"ImageObject\",\"inLanguage\":\"en-CA\",\"@id\":\"https:\\\/\\\/perle-in.com\\\/produit\\\/verres-a-biere-originalhome\\\/#primaryimage\",\"url\":\"https:\\\/\\\/perle-in.com\\\/wp-content\\\/uploads\\\/2025\\\/10\\\/11340871-1.jpg\",\"contentUrl\":\"https:\\\/\\\/perle-in.com\\\/wp-content\\\/uploads\\\/2025\\\/10\\\/11340871-1.jpg\",\"width\":1600,\"height\":1600},{\"@type\":\"BreadcrumbList\",\"@id\":\"https:\\\/\\\/perle-in.com\\\/produit\\\/verres-a-biere-originalhome\\\/#breadcrumb\",\"itemListElement\":[{\"@type\":\"ListItem\",\"position\":1,\"name\":\"Accueil\",\"item\":\"https:\\\/\\\/perle-in.com\\\/\"},{\"@type\":\"ListItem\",\"position\":2,\"name\":\"Boutique\",\"item\":\"https:\\\/\\\/perle-in.com\\\/boutique\\\/\"},{\"@type\":\"ListItem\",\"position\":3,\"name\":\"Verres \u00e0 bi\u00e8re Originalhome\"}]},{\"@type\":\"WebSite\",\"@id\":\"https:\\\/\\\/perle-in.com\\\/#website\",\"url\":\"https:\\\/\\\/perle-in.com\\\/\",\"name\":\"PERLE IN\",\"description\":\"\",\"publisher\":{\"@id\":\"https:\\\/\\\/perle-in.com\\\/#organization\"},\"potentialAction\":[{\"@type\":\"SearchAction\",\"target\":{\"@type\":\"EntryPoint\",\"urlTemplate\":\"https:\\\/\\\/perle-in.com\\\/?s={search_term_string}\"},\"query-input\":{\"@type\":\"PropertyValueSpecification\",\"valueRequired\":true,\"valueName\":\"search_term_string\"}}],\"inLanguage\":\"en-CA\"},{\"@type\":\"Organization\",\"@id\":\"https:\\\/\\\/perle-in.com\\\/#organization\",\"name\":\"PERLE IN\",\"url\":\"https:\\\/\\\/perle-in.com\\\/\",\"logo\":{\"@type\":\"ImageObject\",\"inLanguage\":\"en-CA\",\"@id\":\"https:\\\/\\\/perle-in.com\\\/#\\\/schema\\\/logo\\\/image\\\/\",\"url\":\"https:\\\/\\\/perle-in.com\\\/wp-content\\\/uploads\\\/2022\\\/12\\\/LOGO-PERLE-IN-COULEUR@3x.webp\",\"contentUrl\":\"https:\\\/\\\/perle-in.com\\\/wp-content\\\/uploads\\\/2022\\\/12\\\/LOGO-PERLE-IN-COULEUR@3x.webp\",\"width\":1600,\"height\":490,\"caption\":\"PERLE IN\"},\"image\":{\"@id\":\"https:\\\/\\\/perle-in.com\\\/#\\\/schema\\\/logo\\\/image\\\/\"}}]}<\/script>\n<!-- \/ Yoast SEO plugin. -->","yoast_head_json":{"title":"Verres \u00e0 bi\u00e8re Originalhome - PERLE IN","robots":{"index":"noindex","follow":"follow","max-snippet":"max-snippet:-1","max-image-preview":"max-image-preview:large","max-video-preview":"max-video-preview:-1"},"og_locale":"en_US","og_type":"article","og_title":"Verres \u00e0 bi\u00e8re Originalhome - PERLE IN","og_description":"Lot de deux verres \u00e0 boire artisanaux de 160 ml fabriqu\u00e9s \u00e0 partir de bouteilles de bi\u00e8re vides recycl\u00e9es, un d\u00e9chet de l'industrie h\u00f4teli\u00e8re de Goa, en Inde. Ces verres \u00e0 boire conviennent parfaitement \u00e0 tout type de boisson, ce qui les rend id\u00e9aux pour un usage quotidien ou pour des occasions sp\u00e9ciales. Livr\u00e9s dans une bo\u00eete cadeau.","og_url":"https:\/\/perle-in.com\/en\/product\/verres-a-biere-originalhome\/","og_site_name":"PERLE IN","article_modified_time":"2025-10-15T20:09:33+00:00","og_image":[{"width":1600,"height":1600,"url":"https:\/\/perle-in.com\/wp-content\/uploads\/2025\/10\/11340871-1.jpg","type":"image\/jpeg"}],"twitter_card":"summary_large_image","schema":{"@context":"https:\/\/schema.org","@graph":[{"@type":"WebPage","@id":"https:\/\/perle-in.com\/produit\/verres-a-biere-originalhome\/","url":"https:\/\/perle-in.com\/produit\/verres-a-biere-originalhome\/","name":"Verres \u00e0 bi\u00e8re Originalhome - PERLE IN","isPartOf":{"@id":"https:\/\/perle-in.com\/#website"},"primaryImageOfPage":{"@id":"https:\/\/perle-in.com\/produit\/verres-a-biere-originalhome\/#primaryimage"},"image":{"@id":"https:\/\/perle-in.com\/produit\/verres-a-biere-originalhome\/#primaryimage"},"thumbnailUrl":"https:\/\/perle-in.com\/wp-content\/uploads\/2025\/10\/11340871-1.jpg","datePublished":"2025-10-15T20:09:32+00:00","dateModified":"2025-10-15T20:09:33+00:00","breadcrumb":{"@id":"https:\/\/perle-in.com\/produit\/verres-a-biere-originalhome\/#breadcrumb"},"inLanguage":"en-CA","potentialAction":[{"@type":"ReadAction","target":["https:\/\/perle-in.com\/produit\/verres-a-biere-originalhome\/"]}]},{"@type":"ImageObject","inLanguage":"en-CA","@id":"https:\/\/perle-in.com\/produit\/verres-a-biere-originalhome\/#primaryimage","url":"https:\/\/perle-in.com\/wp-content\/uploads\/2025\/10\/11340871-1.jpg","contentUrl":"https:\/\/perle-in.com\/wp-content\/uploads\/2025\/10\/11340871-1.jpg","width":1600,"height":1600},{"@type":"BreadcrumbList","@id":"https:\/\/perle-in.com\/produit\/verres-a-biere-originalhome\/#breadcrumb","itemListElement":[{"@type":"ListItem","position":1,"name":"Accueil","item":"https:\/\/perle-in.com\/"},{"@type":"ListItem","position":2,"name":"Boutique","item":"https:\/\/perle-in.com\/boutique\/"},{"@type":"ListItem","position":3,"name":"Verres \u00e0 bi\u00e8re Originalhome"}]},{"@type":"WebSite","@id":"https:\/\/perle-in.com\/#website","url":"https:\/\/perle-in.com\/","name":"PERLE IN","description":"","publisher":{"@id":"https:\/\/perle-in.com\/#organization"},"potentialAction":[{"@type":"SearchAction","target":{"@type":"EntryPoint","urlTemplate":"https:\/\/perle-in.com\/?s={search_term_string}"},"query-input":{"@type":"PropertyValueSpecification","valueRequired":true,"valueName":"search_term_string"}}],"inLanguage":"en-CA"},{"@type":"Organization","@id":"https:\/\/perle-in.com\/#organization","name":"PERLE IN","url":"https:\/\/perle-in.com\/","logo":{"@type":"ImageObject","inLanguage":"en-CA","@id":"https:\/\/perle-in.com\/#\/schema\/logo\/image\/","url":"https:\/\/perle-in.com\/wp-content\/uploads\/2022\/12\/LOGO-PERLE-IN-COULEUR@3x.webp","contentUrl":"https:\/\/perle-in.com\/wp-content\/uploads\/2022\/12\/LOGO-PERLE-IN-COULEUR@3x.webp","width":1600,"height":490,"caption":"PERLE IN"},"image":{"@id":"https:\/\/perle-in.com\/#\/schema\/logo\/image\/"}}]}},"jetpack_sharing_enabled":true,"_links":{"self":[{"href":"https:\/\/perle-in.com\/en\/wp-json\/wp\/v2\/product\/568513","targetHints":{"allow":["GET"]}}],"collection":[{"href":"https:\/\/perle-in.com\/en\/wp-json\/wp\/v2\/product"}],"about":[{"href":"https:\/\/perle-in.com\/en\/wp-json\/wp\/v2\/types\/product"}],"version-history":[{"count":0,"href":"https:\/\/perle-in.com\/en\/wp-json\/wp\/v2\/product\/568513\/revisions"}],"wp:featuredmedia":[{"embeddable":true,"href":"https:\/\/perle-in.com\/en\/wp-json\/wp\/v2\/media\/568510"}],"wp:attachment":[{"href":"https:\/\/perle-in.com\/en\/wp-json\/wp\/v2\/media?parent=568513"}],"wp:term":[{"taxonomy":"product_brand","embeddable":true,"href":"https:\/\/perle-in.com\/en\/wp-json\/wp\/v2\/product_brand?post=568513"},{"taxonomy":"product_cat","embeddable":true,"href":"https:\/\/perle-in.com\/en\/wp-json\/wp\/v2\/product_cat?post=568513"},{"taxonomy":"product_tag","embeddable":true,"href":"https:\/\/perle-in.com\/en\/wp-json\/wp\/v2\/product_tag?post=568513"}],"curies":[{"name":"wp","href":"https:\/\/api.w.org\/{rel}","templated":true}]}}