{"id":568501,"date":"2025-10-15T22:07:32","date_gmt":"2025-10-15T20:07:32","guid":{"rendered":"https:\/\/perle-in.com\/produit\/carafe-a-eau-originalhome\/"},"modified":"2025-10-15T22:07:34","modified_gmt":"2025-10-15T20:07:34","slug":"carafe-a-eau-originalhome","status":"publish","type":"product","link":"https:\/\/perle-in.com\/en\/product\/carafe-a-eau-originalhome\/","title":{"rendered":"Carafe \u00e0 eau Originalhome"},"content":{"rendered":"","protected":false},"excerpt":{"rendered":"<p>Carafe \u00e0 eau de 750 ml fabriqu\u00e9e \u00e0 la main \u00e0 partir de bouteilles de vin recycl\u00e9es provenant de Zanzibar, en Tanzanie. Les bouteilles de vin sont r\u00e9cup\u00e9r\u00e9es dans des h\u00f4tels, des restaurants et des bars, puis tri\u00e9es, nettoy\u00e9es et d\u00e9coup\u00e9es en diff\u00e9rentes formes et tailles. Livr\u00e9 dans un coffret cadeau.<\/p>","protected":false},"featured_media":568495,"template":"","meta":{"_eb_attr":""},"product_brand":[],"product_cat":[460,150],"product_tag":[837,3791,3784,836,3790],"class_list":{"0":"post-568501","1":"product","2":"type-product","3":"status-publish","4":"has-post-thumbnail","6":"product_cat-accessoires-pour-la-maison","7":"product_cat-maison-et-cuisine","8":"product_tag-durable","9":"product_tag-fleurs","10":"product_tag-original-home","11":"product_tag-recycle","12":"product_tag-vase","13":"pa_couleurs-vert","14":"pa_marque-originalhome","15":"pa_matiere-verre-recycle","16":"pa_pays-d-origine-tanzanie","18":"first","19":"instock","20":"shipping-taxable","21":"purchasable","22":"product-type-variable"},"yoast_head":"<!-- This site is optimized with the Yoast SEO plugin v27.4 - https:\/\/yoast.com\/product\/yoast-seo-wordpress\/ -->\n<title>Carafe \u00e0 eau Originalhome - PERLE IN<\/title>\n<meta name=\"robots\" content=\"noindex, follow, max-snippet:-1, max-image-preview:large, max-video-preview:-1\" \/>\n<meta property=\"og:locale\" content=\"en_US\" \/>\n<meta property=\"og:type\" content=\"article\" \/>\n<meta property=\"og:title\" content=\"Carafe \u00e0 eau Originalhome - PERLE IN\" \/>\n<meta property=\"og:description\" content=\"Carafe \u00e0 eau de 750 ml fabriqu\u00e9e \u00e0 la main \u00e0 partir de bouteilles de vin recycl\u00e9es provenant de Zanzibar, en Tanzanie. Les bouteilles de vin sont r\u00e9cup\u00e9r\u00e9es dans des h\u00f4tels, des restaurants et des bars, puis tri\u00e9es, nettoy\u00e9es et d\u00e9coup\u00e9es en diff\u00e9rentes formes et tailles. Livr\u00e9 dans un coffret cadeau.\" \/>\n<meta property=\"og:url\" content=\"https:\/\/perle-in.com\/en\/product\/carafe-a-eau-originalhome\/\" \/>\n<meta property=\"og:site_name\" content=\"PERLE IN\" \/>\n<meta property=\"article:modified_time\" content=\"2025-10-15T20:07:34+00:00\" \/>\n<meta property=\"og:image\" content=\"https:\/\/perle-in.com\/wp-content\/uploads\/2025\/10\/11340661-1.jpg\" \/>\n\t<meta property=\"og:image:width\" content=\"1600\" \/>\n\t<meta property=\"og:image:height\" content=\"1600\" \/>\n\t<meta property=\"og:image:type\" content=\"image\/jpeg\" \/>\n<meta name=\"twitter:card\" content=\"summary_large_image\" \/>\n<script type=\"application\/ld+json\" class=\"yoast-schema-graph\">{\"@context\":\"https:\\\/\\\/schema.org\",\"@graph\":[{\"@type\":\"WebPage\",\"@id\":\"https:\\\/\\\/perle-in.com\\\/produit\\\/carafe-a-eau-originalhome\\\/\",\"url\":\"https:\\\/\\\/perle-in.com\\\/produit\\\/carafe-a-eau-originalhome\\\/\",\"name\":\"Carafe \u00e0 eau Originalhome - PERLE IN\",\"isPartOf\":{\"@id\":\"https:\\\/\\\/perle-in.com\\\/#website\"},\"primaryImageOfPage\":{\"@id\":\"https:\\\/\\\/perle-in.com\\\/produit\\\/carafe-a-eau-originalhome\\\/#primaryimage\"},\"image\":{\"@id\":\"https:\\\/\\\/perle-in.com\\\/produit\\\/carafe-a-eau-originalhome\\\/#primaryimage\"},\"thumbnailUrl\":\"https:\\\/\\\/perle-in.com\\\/wp-content\\\/uploads\\\/2025\\\/10\\\/11340661-1.jpg\",\"datePublished\":\"2025-10-15T20:07:32+00:00\",\"dateModified\":\"2025-10-15T20:07:34+00:00\",\"breadcrumb\":{\"@id\":\"https:\\\/\\\/perle-in.com\\\/produit\\\/carafe-a-eau-originalhome\\\/#breadcrumb\"},\"inLanguage\":\"en-CA\",\"potentialAction\":[{\"@type\":\"ReadAction\",\"target\":[\"https:\\\/\\\/perle-in.com\\\/produit\\\/carafe-a-eau-originalhome\\\/\"]}]},{\"@type\":\"ImageObject\",\"inLanguage\":\"en-CA\",\"@id\":\"https:\\\/\\\/perle-in.com\\\/produit\\\/carafe-a-eau-originalhome\\\/#primaryimage\",\"url\":\"https:\\\/\\\/perle-in.com\\\/wp-content\\\/uploads\\\/2025\\\/10\\\/11340661-1.jpg\",\"contentUrl\":\"https:\\\/\\\/perle-in.com\\\/wp-content\\\/uploads\\\/2025\\\/10\\\/11340661-1.jpg\",\"width\":1600,\"height\":1600},{\"@type\":\"BreadcrumbList\",\"@id\":\"https:\\\/\\\/perle-in.com\\\/produit\\\/carafe-a-eau-originalhome\\\/#breadcrumb\",\"itemListElement\":[{\"@type\":\"ListItem\",\"position\":1,\"name\":\"Accueil\",\"item\":\"https:\\\/\\\/perle-in.com\\\/\"},{\"@type\":\"ListItem\",\"position\":2,\"name\":\"Boutique\",\"item\":\"https:\\\/\\\/perle-in.com\\\/boutique\\\/\"},{\"@type\":\"ListItem\",\"position\":3,\"name\":\"Carafe \u00e0 eau Originalhome\"}]},{\"@type\":\"WebSite\",\"@id\":\"https:\\\/\\\/perle-in.com\\\/#website\",\"url\":\"https:\\\/\\\/perle-in.com\\\/\",\"name\":\"PERLE IN\",\"description\":\"\",\"publisher\":{\"@id\":\"https:\\\/\\\/perle-in.com\\\/#organization\"},\"potentialAction\":[{\"@type\":\"SearchAction\",\"target\":{\"@type\":\"EntryPoint\",\"urlTemplate\":\"https:\\\/\\\/perle-in.com\\\/?s={search_term_string}\"},\"query-input\":{\"@type\":\"PropertyValueSpecification\",\"valueRequired\":true,\"valueName\":\"search_term_string\"}}],\"inLanguage\":\"en-CA\"},{\"@type\":\"Organization\",\"@id\":\"https:\\\/\\\/perle-in.com\\\/#organization\",\"name\":\"PERLE IN\",\"url\":\"https:\\\/\\\/perle-in.com\\\/\",\"logo\":{\"@type\":\"ImageObject\",\"inLanguage\":\"en-CA\",\"@id\":\"https:\\\/\\\/perle-in.com\\\/#\\\/schema\\\/logo\\\/image\\\/\",\"url\":\"https:\\\/\\\/perle-in.com\\\/wp-content\\\/uploads\\\/2022\\\/12\\\/LOGO-PERLE-IN-COULEUR@3x.webp\",\"contentUrl\":\"https:\\\/\\\/perle-in.com\\\/wp-content\\\/uploads\\\/2022\\\/12\\\/LOGO-PERLE-IN-COULEUR@3x.webp\",\"width\":1600,\"height\":490,\"caption\":\"PERLE IN\"},\"image\":{\"@id\":\"https:\\\/\\\/perle-in.com\\\/#\\\/schema\\\/logo\\\/image\\\/\"}}]}<\/script>\n<!-- \/ Yoast SEO plugin. -->","yoast_head_json":{"title":"Carafe \u00e0 eau Originalhome - PERLE IN","robots":{"index":"noindex","follow":"follow","max-snippet":"max-snippet:-1","max-image-preview":"max-image-preview:large","max-video-preview":"max-video-preview:-1"},"og_locale":"en_US","og_type":"article","og_title":"Carafe \u00e0 eau Originalhome - PERLE IN","og_description":"Carafe \u00e0 eau de 750 ml fabriqu\u00e9e \u00e0 la main \u00e0 partir de bouteilles de vin recycl\u00e9es provenant de Zanzibar, en Tanzanie. Les bouteilles de vin sont r\u00e9cup\u00e9r\u00e9es dans des h\u00f4tels, des restaurants et des bars, puis tri\u00e9es, nettoy\u00e9es et d\u00e9coup\u00e9es en diff\u00e9rentes formes et tailles. Livr\u00e9 dans un coffret cadeau.","og_url":"https:\/\/perle-in.com\/en\/product\/carafe-a-eau-originalhome\/","og_site_name":"PERLE IN","article_modified_time":"2025-10-15T20:07:34+00:00","og_image":[{"width":1600,"height":1600,"url":"https:\/\/perle-in.com\/wp-content\/uploads\/2025\/10\/11340661-1.jpg","type":"image\/jpeg"}],"twitter_card":"summary_large_image","schema":{"@context":"https:\/\/schema.org","@graph":[{"@type":"WebPage","@id":"https:\/\/perle-in.com\/produit\/carafe-a-eau-originalhome\/","url":"https:\/\/perle-in.com\/produit\/carafe-a-eau-originalhome\/","name":"Carafe \u00e0 eau Originalhome - PERLE IN","isPartOf":{"@id":"https:\/\/perle-in.com\/#website"},"primaryImageOfPage":{"@id":"https:\/\/perle-in.com\/produit\/carafe-a-eau-originalhome\/#primaryimage"},"image":{"@id":"https:\/\/perle-in.com\/produit\/carafe-a-eau-originalhome\/#primaryimage"},"thumbnailUrl":"https:\/\/perle-in.com\/wp-content\/uploads\/2025\/10\/11340661-1.jpg","datePublished":"2025-10-15T20:07:32+00:00","dateModified":"2025-10-15T20:07:34+00:00","breadcrumb":{"@id":"https:\/\/perle-in.com\/produit\/carafe-a-eau-originalhome\/#breadcrumb"},"inLanguage":"en-CA","potentialAction":[{"@type":"ReadAction","target":["https:\/\/perle-in.com\/produit\/carafe-a-eau-originalhome\/"]}]},{"@type":"ImageObject","inLanguage":"en-CA","@id":"https:\/\/perle-in.com\/produit\/carafe-a-eau-originalhome\/#primaryimage","url":"https:\/\/perle-in.com\/wp-content\/uploads\/2025\/10\/11340661-1.jpg","contentUrl":"https:\/\/perle-in.com\/wp-content\/uploads\/2025\/10\/11340661-1.jpg","width":1600,"height":1600},{"@type":"BreadcrumbList","@id":"https:\/\/perle-in.com\/produit\/carafe-a-eau-originalhome\/#breadcrumb","itemListElement":[{"@type":"ListItem","position":1,"name":"Accueil","item":"https:\/\/perle-in.com\/"},{"@type":"ListItem","position":2,"name":"Boutique","item":"https:\/\/perle-in.com\/boutique\/"},{"@type":"ListItem","position":3,"name":"Carafe \u00e0 eau Originalhome"}]},{"@type":"WebSite","@id":"https:\/\/perle-in.com\/#website","url":"https:\/\/perle-in.com\/","name":"PERLE IN","description":"","publisher":{"@id":"https:\/\/perle-in.com\/#organization"},"potentialAction":[{"@type":"SearchAction","target":{"@type":"EntryPoint","urlTemplate":"https:\/\/perle-in.com\/?s={search_term_string}"},"query-input":{"@type":"PropertyValueSpecification","valueRequired":true,"valueName":"search_term_string"}}],"inLanguage":"en-CA"},{"@type":"Organization","@id":"https:\/\/perle-in.com\/#organization","name":"PERLE IN","url":"https:\/\/perle-in.com\/","logo":{"@type":"ImageObject","inLanguage":"en-CA","@id":"https:\/\/perle-in.com\/#\/schema\/logo\/image\/","url":"https:\/\/perle-in.com\/wp-content\/uploads\/2022\/12\/LOGO-PERLE-IN-COULEUR@3x.webp","contentUrl":"https:\/\/perle-in.com\/wp-content\/uploads\/2022\/12\/LOGO-PERLE-IN-COULEUR@3x.webp","width":1600,"height":490,"caption":"PERLE IN"},"image":{"@id":"https:\/\/perle-in.com\/#\/schema\/logo\/image\/"}}]}},"jetpack_sharing_enabled":true,"_links":{"self":[{"href":"https:\/\/perle-in.com\/en\/wp-json\/wp\/v2\/product\/568501","targetHints":{"allow":["GET"]}}],"collection":[{"href":"https:\/\/perle-in.com\/en\/wp-json\/wp\/v2\/product"}],"about":[{"href":"https:\/\/perle-in.com\/en\/wp-json\/wp\/v2\/types\/product"}],"version-history":[{"count":0,"href":"https:\/\/perle-in.com\/en\/wp-json\/wp\/v2\/product\/568501\/revisions"}],"wp:featuredmedia":[{"embeddable":true,"href":"https:\/\/perle-in.com\/en\/wp-json\/wp\/v2\/media\/568495"}],"wp:attachment":[{"href":"https:\/\/perle-in.com\/en\/wp-json\/wp\/v2\/media?parent=568501"}],"wp:term":[{"taxonomy":"product_brand","embeddable":true,"href":"https:\/\/perle-in.com\/en\/wp-json\/wp\/v2\/product_brand?post=568501"},{"taxonomy":"product_cat","embeddable":true,"href":"https:\/\/perle-in.com\/en\/wp-json\/wp\/v2\/product_cat?post=568501"},{"taxonomy":"product_tag","embeddable":true,"href":"https:\/\/perle-in.com\/en\/wp-json\/wp\/v2\/product_tag?post=568501"}],"curies":[{"name":"wp","href":"https:\/\/api.w.org\/{rel}","templated":true}]}}