{"id":568410,"date":"2025-10-15T21:55:57","date_gmt":"2025-10-15T19:55:57","guid":{"rendered":"https:\/\/perle-in.com\/produit\/chapeau-de-paille-pricus\/"},"modified":"2025-10-15T21:56:04","modified_gmt":"2025-10-15T19:56:04","slug":"chapeau-de-paille-pricus","status":"publish","type":"product","link":"https:\/\/perle-in.com\/en\/product\/chapeau-de-paille-pricus\/","title":{"rendered":"Chapeau de paille Pricus"},"content":{"rendered":"","protected":false},"excerpt":{"rendered":"<p>Le chapeau de paille Pricus est fabriqu\u00e9 \u00e0 partir de 100\u00a0% de paille naturelle. Gr\u00e2ce \u00e0 sa conception respirante, le chapeau assure un confort parfait m\u00eame pendant les journ\u00e9es les plus chaudes, ce qui le rend id\u00e9al pour les aventures en plein air et les sorties d\u00e9contract\u00e9es. Le chapeau est d\u00e9cor\u00e9 d&#8217;une bande de polyester qui peut \u00eatre imprim\u00e9e. Circonf\u00e9rence de la t\u00eate\u00a0: 58\u00a0cm.<\/p>","protected":false},"featured_media":568400,"template":"","meta":{"_eb_attr":""},"product_brand":[],"product_cat":[1259,1024],"product_tag":[1697,3777,2064],"class_list":{"0":"post-568410","1":"product","2":"type-product","3":"status-publish","4":"has-post-thumbnail","6":"product_cat-casquettes-et-chapeaux","7":"product_cat-vetements","8":"product_tag-chapeau","9":"product_tag-chapeau-de-paille","10":"product_tag-paille","11":"pa_couleurs-blanc-naturel","12":"pa_couleurs-bleu-royal-naturel","13":"pa_couleurs-marine-naturel","14":"pa_couleurs-noir-naturel","15":"pa_couleurs-rouge-naturel","16":"pa_green-points-1692","17":"pa_matiere-tisse-paille-de-ble","19":"first","20":"instock","21":"shipping-taxable","22":"purchasable","23":"product-type-variable"},"yoast_head":"<!-- This site is optimized with the Yoast SEO plugin v27.4 - https:\/\/yoast.com\/product\/yoast-seo-wordpress\/ -->\n<title>Chapeau de paille Pricus - PERLE IN<\/title>\n<meta name=\"robots\" content=\"noindex, follow, max-snippet:-1, max-image-preview:large, max-video-preview:-1\" \/>\n<meta property=\"og:locale\" content=\"en_US\" \/>\n<meta property=\"og:type\" content=\"article\" \/>\n<meta property=\"og:title\" content=\"Chapeau de paille Pricus - PERLE IN\" \/>\n<meta property=\"og:description\" content=\"Le chapeau de paille Pricus est fabriqu\u00e9 \u00e0 partir de 100\u00a0% de paille naturelle. Gr\u00e2ce \u00e0 sa conception respirante, le chapeau assure un confort parfait m\u00eame pendant les journ\u00e9es les plus chaudes, ce qui le rend id\u00e9al pour les aventures en plein air et les sorties d\u00e9contract\u00e9es. Le chapeau est d\u00e9cor\u00e9 d&#039;une bande de polyester qui peut \u00eatre imprim\u00e9e. Circonf\u00e9rence de la t\u00eate\u00a0: 58\u00a0cm.\" \/>\n<meta property=\"og:url\" content=\"https:\/\/perle-in.com\/en\/product\/chapeau-de-paille-pricus\/\" \/>\n<meta property=\"og:site_name\" content=\"PERLE IN\" \/>\n<meta property=\"article:modified_time\" content=\"2025-10-15T19:56:04+00:00\" \/>\n<meta property=\"og:image\" content=\"https:\/\/perle-in.com\/wp-content\/uploads\/2025\/10\/38340010-1.jpg\" \/>\n\t<meta property=\"og:image:width\" content=\"1600\" \/>\n\t<meta property=\"og:image:height\" content=\"1600\" \/>\n\t<meta property=\"og:image:type\" content=\"image\/jpeg\" \/>\n<meta name=\"twitter:card\" content=\"summary_large_image\" \/>\n<script type=\"application\/ld+json\" class=\"yoast-schema-graph\">{\"@context\":\"https:\\\/\\\/schema.org\",\"@graph\":[{\"@type\":\"WebPage\",\"@id\":\"https:\\\/\\\/perle-in.com\\\/produit\\\/chapeau-de-paille-pricus\\\/\",\"url\":\"https:\\\/\\\/perle-in.com\\\/produit\\\/chapeau-de-paille-pricus\\\/\",\"name\":\"Chapeau de paille Pricus - PERLE IN\",\"isPartOf\":{\"@id\":\"https:\\\/\\\/perle-in.com\\\/#website\"},\"primaryImageOfPage\":{\"@id\":\"https:\\\/\\\/perle-in.com\\\/produit\\\/chapeau-de-paille-pricus\\\/#primaryimage\"},\"image\":{\"@id\":\"https:\\\/\\\/perle-in.com\\\/produit\\\/chapeau-de-paille-pricus\\\/#primaryimage\"},\"thumbnailUrl\":\"https:\\\/\\\/perle-in.com\\\/wp-content\\\/uploads\\\/2025\\\/10\\\/38340010-1.jpg\",\"datePublished\":\"2025-10-15T19:55:57+00:00\",\"dateModified\":\"2025-10-15T19:56:04+00:00\",\"breadcrumb\":{\"@id\":\"https:\\\/\\\/perle-in.com\\\/produit\\\/chapeau-de-paille-pricus\\\/#breadcrumb\"},\"inLanguage\":\"en-CA\",\"potentialAction\":[{\"@type\":\"ReadAction\",\"target\":[\"https:\\\/\\\/perle-in.com\\\/produit\\\/chapeau-de-paille-pricus\\\/\"]}]},{\"@type\":\"ImageObject\",\"inLanguage\":\"en-CA\",\"@id\":\"https:\\\/\\\/perle-in.com\\\/produit\\\/chapeau-de-paille-pricus\\\/#primaryimage\",\"url\":\"https:\\\/\\\/perle-in.com\\\/wp-content\\\/uploads\\\/2025\\\/10\\\/38340010-1.jpg\",\"contentUrl\":\"https:\\\/\\\/perle-in.com\\\/wp-content\\\/uploads\\\/2025\\\/10\\\/38340010-1.jpg\",\"width\":1600,\"height\":1600},{\"@type\":\"BreadcrumbList\",\"@id\":\"https:\\\/\\\/perle-in.com\\\/produit\\\/chapeau-de-paille-pricus\\\/#breadcrumb\",\"itemListElement\":[{\"@type\":\"ListItem\",\"position\":1,\"name\":\"Accueil\",\"item\":\"https:\\\/\\\/perle-in.com\\\/\"},{\"@type\":\"ListItem\",\"position\":2,\"name\":\"Boutique\",\"item\":\"https:\\\/\\\/perle-in.com\\\/boutique\\\/\"},{\"@type\":\"ListItem\",\"position\":3,\"name\":\"Chapeau de paille Pricus\"}]},{\"@type\":\"WebSite\",\"@id\":\"https:\\\/\\\/perle-in.com\\\/#website\",\"url\":\"https:\\\/\\\/perle-in.com\\\/\",\"name\":\"PERLE IN\",\"description\":\"\",\"publisher\":{\"@id\":\"https:\\\/\\\/perle-in.com\\\/#organization\"},\"potentialAction\":[{\"@type\":\"SearchAction\",\"target\":{\"@type\":\"EntryPoint\",\"urlTemplate\":\"https:\\\/\\\/perle-in.com\\\/?s={search_term_string}\"},\"query-input\":{\"@type\":\"PropertyValueSpecification\",\"valueRequired\":true,\"valueName\":\"search_term_string\"}}],\"inLanguage\":\"en-CA\"},{\"@type\":\"Organization\",\"@id\":\"https:\\\/\\\/perle-in.com\\\/#organization\",\"name\":\"PERLE IN\",\"url\":\"https:\\\/\\\/perle-in.com\\\/\",\"logo\":{\"@type\":\"ImageObject\",\"inLanguage\":\"en-CA\",\"@id\":\"https:\\\/\\\/perle-in.com\\\/#\\\/schema\\\/logo\\\/image\\\/\",\"url\":\"https:\\\/\\\/perle-in.com\\\/wp-content\\\/uploads\\\/2022\\\/12\\\/LOGO-PERLE-IN-COULEUR@3x.webp\",\"contentUrl\":\"https:\\\/\\\/perle-in.com\\\/wp-content\\\/uploads\\\/2022\\\/12\\\/LOGO-PERLE-IN-COULEUR@3x.webp\",\"width\":1600,\"height\":490,\"caption\":\"PERLE IN\"},\"image\":{\"@id\":\"https:\\\/\\\/perle-in.com\\\/#\\\/schema\\\/logo\\\/image\\\/\"}}]}<\/script>\n<!-- \/ Yoast SEO plugin. -->","yoast_head_json":{"title":"Chapeau de paille Pricus - PERLE IN","robots":{"index":"noindex","follow":"follow","max-snippet":"max-snippet:-1","max-image-preview":"max-image-preview:large","max-video-preview":"max-video-preview:-1"},"og_locale":"en_US","og_type":"article","og_title":"Chapeau de paille Pricus - PERLE IN","og_description":"Le chapeau de paille Pricus est fabriqu\u00e9 \u00e0 partir de 100\u00a0% de paille naturelle. Gr\u00e2ce \u00e0 sa conception respirante, le chapeau assure un confort parfait m\u00eame pendant les journ\u00e9es les plus chaudes, ce qui le rend id\u00e9al pour les aventures en plein air et les sorties d\u00e9contract\u00e9es. Le chapeau est d\u00e9cor\u00e9 d'une bande de polyester qui peut \u00eatre imprim\u00e9e. Circonf\u00e9rence de la t\u00eate\u00a0: 58\u00a0cm.","og_url":"https:\/\/perle-in.com\/en\/product\/chapeau-de-paille-pricus\/","og_site_name":"PERLE IN","article_modified_time":"2025-10-15T19:56:04+00:00","og_image":[{"width":1600,"height":1600,"url":"https:\/\/perle-in.com\/wp-content\/uploads\/2025\/10\/38340010-1.jpg","type":"image\/jpeg"}],"twitter_card":"summary_large_image","schema":{"@context":"https:\/\/schema.org","@graph":[{"@type":"WebPage","@id":"https:\/\/perle-in.com\/produit\/chapeau-de-paille-pricus\/","url":"https:\/\/perle-in.com\/produit\/chapeau-de-paille-pricus\/","name":"Chapeau de paille Pricus - PERLE IN","isPartOf":{"@id":"https:\/\/perle-in.com\/#website"},"primaryImageOfPage":{"@id":"https:\/\/perle-in.com\/produit\/chapeau-de-paille-pricus\/#primaryimage"},"image":{"@id":"https:\/\/perle-in.com\/produit\/chapeau-de-paille-pricus\/#primaryimage"},"thumbnailUrl":"https:\/\/perle-in.com\/wp-content\/uploads\/2025\/10\/38340010-1.jpg","datePublished":"2025-10-15T19:55:57+00:00","dateModified":"2025-10-15T19:56:04+00:00","breadcrumb":{"@id":"https:\/\/perle-in.com\/produit\/chapeau-de-paille-pricus\/#breadcrumb"},"inLanguage":"en-CA","potentialAction":[{"@type":"ReadAction","target":["https:\/\/perle-in.com\/produit\/chapeau-de-paille-pricus\/"]}]},{"@type":"ImageObject","inLanguage":"en-CA","@id":"https:\/\/perle-in.com\/produit\/chapeau-de-paille-pricus\/#primaryimage","url":"https:\/\/perle-in.com\/wp-content\/uploads\/2025\/10\/38340010-1.jpg","contentUrl":"https:\/\/perle-in.com\/wp-content\/uploads\/2025\/10\/38340010-1.jpg","width":1600,"height":1600},{"@type":"BreadcrumbList","@id":"https:\/\/perle-in.com\/produit\/chapeau-de-paille-pricus\/#breadcrumb","itemListElement":[{"@type":"ListItem","position":1,"name":"Accueil","item":"https:\/\/perle-in.com\/"},{"@type":"ListItem","position":2,"name":"Boutique","item":"https:\/\/perle-in.com\/boutique\/"},{"@type":"ListItem","position":3,"name":"Chapeau de paille Pricus"}]},{"@type":"WebSite","@id":"https:\/\/perle-in.com\/#website","url":"https:\/\/perle-in.com\/","name":"PERLE IN","description":"","publisher":{"@id":"https:\/\/perle-in.com\/#organization"},"potentialAction":[{"@type":"SearchAction","target":{"@type":"EntryPoint","urlTemplate":"https:\/\/perle-in.com\/?s={search_term_string}"},"query-input":{"@type":"PropertyValueSpecification","valueRequired":true,"valueName":"search_term_string"}}],"inLanguage":"en-CA"},{"@type":"Organization","@id":"https:\/\/perle-in.com\/#organization","name":"PERLE IN","url":"https:\/\/perle-in.com\/","logo":{"@type":"ImageObject","inLanguage":"en-CA","@id":"https:\/\/perle-in.com\/#\/schema\/logo\/image\/","url":"https:\/\/perle-in.com\/wp-content\/uploads\/2022\/12\/LOGO-PERLE-IN-COULEUR@3x.webp","contentUrl":"https:\/\/perle-in.com\/wp-content\/uploads\/2022\/12\/LOGO-PERLE-IN-COULEUR@3x.webp","width":1600,"height":490,"caption":"PERLE IN"},"image":{"@id":"https:\/\/perle-in.com\/#\/schema\/logo\/image\/"}}]}},"jetpack_sharing_enabled":true,"_links":{"self":[{"href":"https:\/\/perle-in.com\/en\/wp-json\/wp\/v2\/product\/568410","targetHints":{"allow":["GET"]}}],"collection":[{"href":"https:\/\/perle-in.com\/en\/wp-json\/wp\/v2\/product"}],"about":[{"href":"https:\/\/perle-in.com\/en\/wp-json\/wp\/v2\/types\/product"}],"version-history":[{"count":0,"href":"https:\/\/perle-in.com\/en\/wp-json\/wp\/v2\/product\/568410\/revisions"}],"wp:featuredmedia":[{"embeddable":true,"href":"https:\/\/perle-in.com\/en\/wp-json\/wp\/v2\/media\/568400"}],"wp:attachment":[{"href":"https:\/\/perle-in.com\/en\/wp-json\/wp\/v2\/media?parent=568410"}],"wp:term":[{"taxonomy":"product_brand","embeddable":true,"href":"https:\/\/perle-in.com\/en\/wp-json\/wp\/v2\/product_brand?post=568410"},{"taxonomy":"product_cat","embeddable":true,"href":"https:\/\/perle-in.com\/en\/wp-json\/wp\/v2\/product_cat?post=568410"},{"taxonomy":"product_tag","embeddable":true,"href":"https:\/\/perle-in.com\/en\/wp-json\/wp\/v2\/product_tag?post=568410"}],"curies":[{"name":"wp","href":"https:\/\/api.w.org\/{rel}","templated":true}]}}