{"id":568395,"date":"2025-10-15T21:54:19","date_gmt":"2025-10-15T19:54:19","guid":{"rendered":"https:\/\/perle-in.com\/produit\/serviette-de-hammam-anders-147-x-755-cm\/"},"modified":"2025-10-15T21:54:33","modified_gmt":"2025-10-15T19:54:33","slug":"serviette-de-hammam-anders-147-x-755-cm","status":"publish","type":"product","link":"https:\/\/perle-in.com\/en\/product\/serviette-de-hammam-anders-147-x-755-cm\/","title":{"rendered":"Serviette de hammam Anders 147 x 75,5\u00a0cm"},"content":{"rendered":"","protected":false},"excerpt":{"rendered":"<p>La serviette de hammam Anders offre un confort luxueux et des dimensions g\u00e9n\u00e9reuses (147 x 75,5\u00a0cm), garantissant une couverture suffisante, que vous vous pr\u00e9lassiez au bord de la piscine ou que vous profitiez d&#8217;une journ\u00e9e \u00e0 la plage. La serviette est orn\u00e9e d&#8217;\u00e9l\u00e9gants pompons aux deux extr\u00e9mit\u00e9s. Elle est compos\u00e9e de 30\u00a0% de coton, 35\u00a0% de coton recycl\u00e9 certifi\u00e9 GRS et 35\u00a0% de polyester recycl\u00e9 certifi\u00e9 GRS, 180\u00a0g\/m\u00b2.<\/p>","protected":false},"featured_media":568387,"template":"","meta":{"_eb_attr":""},"product_brand":[],"product_cat":[390,1243],"product_tag":[3268,3713,167,1800,1801],"class_list":{"0":"post-568395","1":"product","2":"type-product","3":"status-publish","4":"has-post-thumbnail","6":"product_cat-sant-et-hygine-personnelle","7":"product_cat-serviettes","8":"product_tag-hammam","9":"product_tag-piscine","10":"product_tag-plage","11":"product_tag-serviette","12":"product_tag-serviettes","13":"pa_couleurs-bleu-royal","14":"pa_couleurs-marine","15":"pa_couleurs-noir","16":"pa_couleurs-rouge","17":"pa_matiere-30-coton-et-35-coton-recycle-et-35-polyester-recycle-180-g-m2","19":"first","20":"instock","21":"shipping-taxable","22":"purchasable","23":"product-type-variable"},"yoast_head":"<!-- This site is optimized with the Yoast SEO plugin v27.4 - https:\/\/yoast.com\/product\/yoast-seo-wordpress\/ -->\n<title>Serviette de hammam Anders 147 x 75,5\u00a0cm - PERLE IN<\/title>\n<meta name=\"robots\" content=\"noindex, follow, max-snippet:-1, max-image-preview:large, max-video-preview:-1\" \/>\n<meta property=\"og:locale\" content=\"en_US\" \/>\n<meta property=\"og:type\" content=\"article\" \/>\n<meta property=\"og:title\" content=\"Serviette de hammam Anders 147 x 75,5\u00a0cm - PERLE IN\" \/>\n<meta property=\"og:description\" content=\"La serviette de hammam Anders offre un confort luxueux et des dimensions g\u00e9n\u00e9reuses (147 x 75,5\u00a0cm), garantissant une couverture suffisante, que vous vous pr\u00e9lassiez au bord de la piscine ou que vous profitiez d&#039;une journ\u00e9e \u00e0 la plage. La serviette est orn\u00e9e d&#039;\u00e9l\u00e9gants pompons aux deux extr\u00e9mit\u00e9s. Elle est compos\u00e9e de 30\u00a0% de coton, 35\u00a0% de coton recycl\u00e9 certifi\u00e9 GRS et 35\u00a0% de polyester recycl\u00e9 certifi\u00e9 GRS, 180\u00a0g\/m\u00b2.\" \/>\n<meta property=\"og:url\" content=\"https:\/\/perle-in.com\/en\/product\/serviette-de-hammam-anders-147-x-755-cm\/\" \/>\n<meta property=\"og:site_name\" content=\"PERLE IN\" \/>\n<meta property=\"article:modified_time\" content=\"2025-10-15T19:54:33+00:00\" \/>\n<meta property=\"og:image\" content=\"https:\/\/perle-in.com\/wp-content\/uploads\/2025\/10\/11351021-1.jpg\" \/>\n\t<meta property=\"og:image:width\" content=\"1600\" \/>\n\t<meta property=\"og:image:height\" content=\"1600\" \/>\n\t<meta property=\"og:image:type\" content=\"image\/jpeg\" \/>\n<meta name=\"twitter:card\" content=\"summary_large_image\" \/>\n<script type=\"application\/ld+json\" class=\"yoast-schema-graph\">{\"@context\":\"https:\\\/\\\/schema.org\",\"@graph\":[{\"@type\":\"WebPage\",\"@id\":\"https:\\\/\\\/perle-in.com\\\/produit\\\/serviette-de-hammam-anders-147-x-755-cm\\\/\",\"url\":\"https:\\\/\\\/perle-in.com\\\/produit\\\/serviette-de-hammam-anders-147-x-755-cm\\\/\",\"name\":\"Serviette de hammam Anders 147 x 75,5\u00a0cm - PERLE IN\",\"isPartOf\":{\"@id\":\"https:\\\/\\\/perle-in.com\\\/#website\"},\"primaryImageOfPage\":{\"@id\":\"https:\\\/\\\/perle-in.com\\\/produit\\\/serviette-de-hammam-anders-147-x-755-cm\\\/#primaryimage\"},\"image\":{\"@id\":\"https:\\\/\\\/perle-in.com\\\/produit\\\/serviette-de-hammam-anders-147-x-755-cm\\\/#primaryimage\"},\"thumbnailUrl\":\"https:\\\/\\\/perle-in.com\\\/wp-content\\\/uploads\\\/2025\\\/10\\\/11351021-1.jpg\",\"datePublished\":\"2025-10-15T19:54:19+00:00\",\"dateModified\":\"2025-10-15T19:54:33+00:00\",\"breadcrumb\":{\"@id\":\"https:\\\/\\\/perle-in.com\\\/produit\\\/serviette-de-hammam-anders-147-x-755-cm\\\/#breadcrumb\"},\"inLanguage\":\"en-CA\",\"potentialAction\":[{\"@type\":\"ReadAction\",\"target\":[\"https:\\\/\\\/perle-in.com\\\/produit\\\/serviette-de-hammam-anders-147-x-755-cm\\\/\"]}]},{\"@type\":\"ImageObject\",\"inLanguage\":\"en-CA\",\"@id\":\"https:\\\/\\\/perle-in.com\\\/produit\\\/serviette-de-hammam-anders-147-x-755-cm\\\/#primaryimage\",\"url\":\"https:\\\/\\\/perle-in.com\\\/wp-content\\\/uploads\\\/2025\\\/10\\\/11351021-1.jpg\",\"contentUrl\":\"https:\\\/\\\/perle-in.com\\\/wp-content\\\/uploads\\\/2025\\\/10\\\/11351021-1.jpg\",\"width\":1600,\"height\":1600},{\"@type\":\"BreadcrumbList\",\"@id\":\"https:\\\/\\\/perle-in.com\\\/produit\\\/serviette-de-hammam-anders-147-x-755-cm\\\/#breadcrumb\",\"itemListElement\":[{\"@type\":\"ListItem\",\"position\":1,\"name\":\"Accueil\",\"item\":\"https:\\\/\\\/perle-in.com\\\/\"},{\"@type\":\"ListItem\",\"position\":2,\"name\":\"Boutique\",\"item\":\"https:\\\/\\\/perle-in.com\\\/boutique\\\/\"},{\"@type\":\"ListItem\",\"position\":3,\"name\":\"Serviette de hammam Anders 147 x 75,5\u00a0cm\"}]},{\"@type\":\"WebSite\",\"@id\":\"https:\\\/\\\/perle-in.com\\\/#website\",\"url\":\"https:\\\/\\\/perle-in.com\\\/\",\"name\":\"PERLE IN\",\"description\":\"\",\"publisher\":{\"@id\":\"https:\\\/\\\/perle-in.com\\\/#organization\"},\"potentialAction\":[{\"@type\":\"SearchAction\",\"target\":{\"@type\":\"EntryPoint\",\"urlTemplate\":\"https:\\\/\\\/perle-in.com\\\/?s={search_term_string}\"},\"query-input\":{\"@type\":\"PropertyValueSpecification\",\"valueRequired\":true,\"valueName\":\"search_term_string\"}}],\"inLanguage\":\"en-CA\"},{\"@type\":\"Organization\",\"@id\":\"https:\\\/\\\/perle-in.com\\\/#organization\",\"name\":\"PERLE IN\",\"url\":\"https:\\\/\\\/perle-in.com\\\/\",\"logo\":{\"@type\":\"ImageObject\",\"inLanguage\":\"en-CA\",\"@id\":\"https:\\\/\\\/perle-in.com\\\/#\\\/schema\\\/logo\\\/image\\\/\",\"url\":\"https:\\\/\\\/perle-in.com\\\/wp-content\\\/uploads\\\/2022\\\/12\\\/LOGO-PERLE-IN-COULEUR@3x.webp\",\"contentUrl\":\"https:\\\/\\\/perle-in.com\\\/wp-content\\\/uploads\\\/2022\\\/12\\\/LOGO-PERLE-IN-COULEUR@3x.webp\",\"width\":1600,\"height\":490,\"caption\":\"PERLE IN\"},\"image\":{\"@id\":\"https:\\\/\\\/perle-in.com\\\/#\\\/schema\\\/logo\\\/image\\\/\"}}]}<\/script>\n<!-- \/ Yoast SEO plugin. -->","yoast_head_json":{"title":"Serviette de hammam Anders 147 x 75,5\u00a0cm - PERLE IN","robots":{"index":"noindex","follow":"follow","max-snippet":"max-snippet:-1","max-image-preview":"max-image-preview:large","max-video-preview":"max-video-preview:-1"},"og_locale":"en_US","og_type":"article","og_title":"Serviette de hammam Anders 147 x 75,5\u00a0cm - PERLE IN","og_description":"La serviette de hammam Anders offre un confort luxueux et des dimensions g\u00e9n\u00e9reuses (147 x 75,5\u00a0cm), garantissant une couverture suffisante, que vous vous pr\u00e9lassiez au bord de la piscine ou que vous profitiez d'une journ\u00e9e \u00e0 la plage. La serviette est orn\u00e9e d'\u00e9l\u00e9gants pompons aux deux extr\u00e9mit\u00e9s. Elle est compos\u00e9e de 30\u00a0% de coton, 35\u00a0% de coton recycl\u00e9 certifi\u00e9 GRS et 35\u00a0% de polyester recycl\u00e9 certifi\u00e9 GRS, 180\u00a0g\/m\u00b2.","og_url":"https:\/\/perle-in.com\/en\/product\/serviette-de-hammam-anders-147-x-755-cm\/","og_site_name":"PERLE IN","article_modified_time":"2025-10-15T19:54:33+00:00","og_image":[{"width":1600,"height":1600,"url":"https:\/\/perle-in.com\/wp-content\/uploads\/2025\/10\/11351021-1.jpg","type":"image\/jpeg"}],"twitter_card":"summary_large_image","schema":{"@context":"https:\/\/schema.org","@graph":[{"@type":"WebPage","@id":"https:\/\/perle-in.com\/produit\/serviette-de-hammam-anders-147-x-755-cm\/","url":"https:\/\/perle-in.com\/produit\/serviette-de-hammam-anders-147-x-755-cm\/","name":"Serviette de hammam Anders 147 x 75,5\u00a0cm - PERLE IN","isPartOf":{"@id":"https:\/\/perle-in.com\/#website"},"primaryImageOfPage":{"@id":"https:\/\/perle-in.com\/produit\/serviette-de-hammam-anders-147-x-755-cm\/#primaryimage"},"image":{"@id":"https:\/\/perle-in.com\/produit\/serviette-de-hammam-anders-147-x-755-cm\/#primaryimage"},"thumbnailUrl":"https:\/\/perle-in.com\/wp-content\/uploads\/2025\/10\/11351021-1.jpg","datePublished":"2025-10-15T19:54:19+00:00","dateModified":"2025-10-15T19:54:33+00:00","breadcrumb":{"@id":"https:\/\/perle-in.com\/produit\/serviette-de-hammam-anders-147-x-755-cm\/#breadcrumb"},"inLanguage":"en-CA","potentialAction":[{"@type":"ReadAction","target":["https:\/\/perle-in.com\/produit\/serviette-de-hammam-anders-147-x-755-cm\/"]}]},{"@type":"ImageObject","inLanguage":"en-CA","@id":"https:\/\/perle-in.com\/produit\/serviette-de-hammam-anders-147-x-755-cm\/#primaryimage","url":"https:\/\/perle-in.com\/wp-content\/uploads\/2025\/10\/11351021-1.jpg","contentUrl":"https:\/\/perle-in.com\/wp-content\/uploads\/2025\/10\/11351021-1.jpg","width":1600,"height":1600},{"@type":"BreadcrumbList","@id":"https:\/\/perle-in.com\/produit\/serviette-de-hammam-anders-147-x-755-cm\/#breadcrumb","itemListElement":[{"@type":"ListItem","position":1,"name":"Accueil","item":"https:\/\/perle-in.com\/"},{"@type":"ListItem","position":2,"name":"Boutique","item":"https:\/\/perle-in.com\/boutique\/"},{"@type":"ListItem","position":3,"name":"Serviette de hammam Anders 147 x 75,5\u00a0cm"}]},{"@type":"WebSite","@id":"https:\/\/perle-in.com\/#website","url":"https:\/\/perle-in.com\/","name":"PERLE IN","description":"","publisher":{"@id":"https:\/\/perle-in.com\/#organization"},"potentialAction":[{"@type":"SearchAction","target":{"@type":"EntryPoint","urlTemplate":"https:\/\/perle-in.com\/?s={search_term_string}"},"query-input":{"@type":"PropertyValueSpecification","valueRequired":true,"valueName":"search_term_string"}}],"inLanguage":"en-CA"},{"@type":"Organization","@id":"https:\/\/perle-in.com\/#organization","name":"PERLE IN","url":"https:\/\/perle-in.com\/","logo":{"@type":"ImageObject","inLanguage":"en-CA","@id":"https:\/\/perle-in.com\/#\/schema\/logo\/image\/","url":"https:\/\/perle-in.com\/wp-content\/uploads\/2022\/12\/LOGO-PERLE-IN-COULEUR@3x.webp","contentUrl":"https:\/\/perle-in.com\/wp-content\/uploads\/2022\/12\/LOGO-PERLE-IN-COULEUR@3x.webp","width":1600,"height":490,"caption":"PERLE IN"},"image":{"@id":"https:\/\/perle-in.com\/#\/schema\/logo\/image\/"}}]}},"jetpack_sharing_enabled":true,"_links":{"self":[{"href":"https:\/\/perle-in.com\/en\/wp-json\/wp\/v2\/product\/568395","targetHints":{"allow":["GET"]}}],"collection":[{"href":"https:\/\/perle-in.com\/en\/wp-json\/wp\/v2\/product"}],"about":[{"href":"https:\/\/perle-in.com\/en\/wp-json\/wp\/v2\/types\/product"}],"version-history":[{"count":0,"href":"https:\/\/perle-in.com\/en\/wp-json\/wp\/v2\/product\/568395\/revisions"}],"wp:featuredmedia":[{"embeddable":true,"href":"https:\/\/perle-in.com\/en\/wp-json\/wp\/v2\/media\/568387"}],"wp:attachment":[{"href":"https:\/\/perle-in.com\/en\/wp-json\/wp\/v2\/media?parent=568395"}],"wp:term":[{"taxonomy":"product_brand","embeddable":true,"href":"https:\/\/perle-in.com\/en\/wp-json\/wp\/v2\/product_brand?post=568395"},{"taxonomy":"product_cat","embeddable":true,"href":"https:\/\/perle-in.com\/en\/wp-json\/wp\/v2\/product_cat?post=568395"},{"taxonomy":"product_tag","embeddable":true,"href":"https:\/\/perle-in.com\/en\/wp-json\/wp\/v2\/product_tag?post=568395"}],"curies":[{"name":"wp","href":"https:\/\/api.w.org\/{rel}","templated":true}]}}