{"id":568381,"date":"2025-10-15T21:52:39","date_gmt":"2025-10-15T19:52:39","guid":{"rendered":"https:\/\/perle-in.com\/produit\/parapluie-21-rpet-dane\/"},"modified":"2025-10-15T21:52:53","modified_gmt":"2025-10-15T19:52:53","slug":"parapluie-21-rpet-dane","status":"publish","type":"product","link":"https:\/\/perle-in.com\/en\/product\/parapluie-21-rpet-dane\/","title":{"rendered":"Parapluie 21&#8243; RPET Dane"},"content":{"rendered":"","protected":false},"excerpt":{"rendered":"<p>Le parapluie manuel Dane est un compagnon fiable et \u00e9l\u00e9gant pour une utilisation quotidienne. Avec son tissu PET recycl\u00e9 190T, il offre une protection fiable contre la pluie. Le m\u00e2t en fer robuste \u00e0 3\u00a0sections et les nervures en fer avec placage noir garantissent une longue dur\u00e9e de vie. Une poign\u00e9e en bois classique ajoute \u00e0 la fois au confort et \u00e0 l\u2019attrait intemporel. Pour plus de commodit\u00e9, il est accompagn\u00e9 d\u2019une pochette et d\u2019une dragonne assorties, ce qui permet de le transporter facilement en d\u00e9placement. Avec un rayon de 53\u00a0cm, il offre un \u00e9quilibre parfait entre un design compact et une couverture efficace, id\u00e9al pour les voyages ou les d\u00e9placements quotidiens.<\/p>","protected":false},"featured_media":568370,"template":"","meta":{"_eb_attr":""},"product_brand":[],"product_cat":[244,1230],"product_tag":[3769,837,1661,248,836],"class_list":{"0":"post-568381","1":"product","2":"type-product","3":"status-publish","4":"has-post-thumbnail","6":"product_cat-parapluies","7":"product_cat-parapluies-standard","8":"product_tag-canopee","9":"product_tag-durable","10":"product_tag-parapluie","11":"product_tag-pluie","12":"product_tag-recycle","13":"pa_couleurs-blanc","14":"pa_couleurs-bleu-royal","15":"pa_couleurs-marine","16":"pa_couleurs-noir","17":"pa_couleurs-rouge","18":"pa_green-points-2847","19":"pa_matiere-190t-polyester-pongee","21":"first","22":"instock","23":"shipping-taxable","24":"purchasable","25":"product-type-variable"},"yoast_head":"<!-- This site is optimized with the Yoast SEO plugin v27.4 - https:\/\/yoast.com\/product\/yoast-seo-wordpress\/ -->\n<title>Parapluie 21&quot; RPET Dane - PERLE IN<\/title>\n<meta name=\"robots\" content=\"noindex, follow, max-snippet:-1, max-image-preview:large, max-video-preview:-1\" \/>\n<meta property=\"og:locale\" content=\"en_US\" \/>\n<meta property=\"og:type\" content=\"article\" \/>\n<meta property=\"og:title\" content=\"Parapluie 21&quot; RPET Dane - PERLE IN\" \/>\n<meta property=\"og:description\" content=\"Le parapluie manuel Dane est un compagnon fiable et \u00e9l\u00e9gant pour une utilisation quotidienne. Avec son tissu PET recycl\u00e9 190T, il offre une protection fiable contre la pluie. Le m\u00e2t en fer robuste \u00e0 3\u00a0sections et les nervures en fer avec placage noir garantissent une longue dur\u00e9e de vie. Une poign\u00e9e en bois classique ajoute \u00e0 la fois au confort et \u00e0 l\u2019attrait intemporel. Pour plus de commodit\u00e9, il est accompagn\u00e9 d\u2019une pochette et d\u2019une dragonne assorties, ce qui permet de le transporter facilement en d\u00e9placement. Avec un rayon de 53\u00a0cm, il offre un \u00e9quilibre parfait entre un design compact et une couverture efficace, id\u00e9al pour les voyages ou les d\u00e9placements quotidiens.\" \/>\n<meta property=\"og:url\" content=\"https:\/\/perle-in.com\/en\/product\/parapluie-21-rpet-dane\/\" \/>\n<meta property=\"og:site_name\" content=\"PERLE IN\" \/>\n<meta property=\"article:modified_time\" content=\"2025-10-15T19:52:53+00:00\" \/>\n<meta property=\"og:image\" content=\"https:\/\/perle-in.com\/wp-content\/uploads\/2025\/10\/11350801-1.jpg\" \/>\n\t<meta property=\"og:image:width\" content=\"1600\" \/>\n\t<meta property=\"og:image:height\" content=\"1600\" \/>\n\t<meta property=\"og:image:type\" content=\"image\/jpeg\" \/>\n<meta name=\"twitter:card\" content=\"summary_large_image\" \/>\n<script type=\"application\/ld+json\" class=\"yoast-schema-graph\">{\"@context\":\"https:\\\/\\\/schema.org\",\"@graph\":[{\"@type\":\"WebPage\",\"@id\":\"https:\\\/\\\/perle-in.com\\\/produit\\\/parapluie-21-rpet-dane\\\/\",\"url\":\"https:\\\/\\\/perle-in.com\\\/produit\\\/parapluie-21-rpet-dane\\\/\",\"name\":\"Parapluie 21\\\" RPET Dane - PERLE IN\",\"isPartOf\":{\"@id\":\"https:\\\/\\\/perle-in.com\\\/#website\"},\"primaryImageOfPage\":{\"@id\":\"https:\\\/\\\/perle-in.com\\\/produit\\\/parapluie-21-rpet-dane\\\/#primaryimage\"},\"image\":{\"@id\":\"https:\\\/\\\/perle-in.com\\\/produit\\\/parapluie-21-rpet-dane\\\/#primaryimage\"},\"thumbnailUrl\":\"https:\\\/\\\/perle-in.com\\\/wp-content\\\/uploads\\\/2025\\\/10\\\/11350801-1.jpg\",\"datePublished\":\"2025-10-15T19:52:39+00:00\",\"dateModified\":\"2025-10-15T19:52:53+00:00\",\"breadcrumb\":{\"@id\":\"https:\\\/\\\/perle-in.com\\\/produit\\\/parapluie-21-rpet-dane\\\/#breadcrumb\"},\"inLanguage\":\"en-CA\",\"potentialAction\":[{\"@type\":\"ReadAction\",\"target\":[\"https:\\\/\\\/perle-in.com\\\/produit\\\/parapluie-21-rpet-dane\\\/\"]}]},{\"@type\":\"ImageObject\",\"inLanguage\":\"en-CA\",\"@id\":\"https:\\\/\\\/perle-in.com\\\/produit\\\/parapluie-21-rpet-dane\\\/#primaryimage\",\"url\":\"https:\\\/\\\/perle-in.com\\\/wp-content\\\/uploads\\\/2025\\\/10\\\/11350801-1.jpg\",\"contentUrl\":\"https:\\\/\\\/perle-in.com\\\/wp-content\\\/uploads\\\/2025\\\/10\\\/11350801-1.jpg\",\"width\":1600,\"height\":1600},{\"@type\":\"BreadcrumbList\",\"@id\":\"https:\\\/\\\/perle-in.com\\\/produit\\\/parapluie-21-rpet-dane\\\/#breadcrumb\",\"itemListElement\":[{\"@type\":\"ListItem\",\"position\":1,\"name\":\"Accueil\",\"item\":\"https:\\\/\\\/perle-in.com\\\/\"},{\"@type\":\"ListItem\",\"position\":2,\"name\":\"Boutique\",\"item\":\"https:\\\/\\\/perle-in.com\\\/boutique\\\/\"},{\"@type\":\"ListItem\",\"position\":3,\"name\":\"Parapluie 21&#8243; RPET Dane\"}]},{\"@type\":\"WebSite\",\"@id\":\"https:\\\/\\\/perle-in.com\\\/#website\",\"url\":\"https:\\\/\\\/perle-in.com\\\/\",\"name\":\"PERLE IN\",\"description\":\"\",\"publisher\":{\"@id\":\"https:\\\/\\\/perle-in.com\\\/#organization\"},\"potentialAction\":[{\"@type\":\"SearchAction\",\"target\":{\"@type\":\"EntryPoint\",\"urlTemplate\":\"https:\\\/\\\/perle-in.com\\\/?s={search_term_string}\"},\"query-input\":{\"@type\":\"PropertyValueSpecification\",\"valueRequired\":true,\"valueName\":\"search_term_string\"}}],\"inLanguage\":\"en-CA\"},{\"@type\":\"Organization\",\"@id\":\"https:\\\/\\\/perle-in.com\\\/#organization\",\"name\":\"PERLE IN\",\"url\":\"https:\\\/\\\/perle-in.com\\\/\",\"logo\":{\"@type\":\"ImageObject\",\"inLanguage\":\"en-CA\",\"@id\":\"https:\\\/\\\/perle-in.com\\\/#\\\/schema\\\/logo\\\/image\\\/\",\"url\":\"https:\\\/\\\/perle-in.com\\\/wp-content\\\/uploads\\\/2022\\\/12\\\/LOGO-PERLE-IN-COULEUR@3x.webp\",\"contentUrl\":\"https:\\\/\\\/perle-in.com\\\/wp-content\\\/uploads\\\/2022\\\/12\\\/LOGO-PERLE-IN-COULEUR@3x.webp\",\"width\":1600,\"height\":490,\"caption\":\"PERLE IN\"},\"image\":{\"@id\":\"https:\\\/\\\/perle-in.com\\\/#\\\/schema\\\/logo\\\/image\\\/\"}}]}<\/script>\n<!-- \/ Yoast SEO plugin. -->","yoast_head_json":{"title":"Parapluie 21\" RPET Dane - PERLE IN","robots":{"index":"noindex","follow":"follow","max-snippet":"max-snippet:-1","max-image-preview":"max-image-preview:large","max-video-preview":"max-video-preview:-1"},"og_locale":"en_US","og_type":"article","og_title":"Parapluie 21\" RPET Dane - PERLE IN","og_description":"Le parapluie manuel Dane est un compagnon fiable et \u00e9l\u00e9gant pour une utilisation quotidienne. Avec son tissu PET recycl\u00e9 190T, il offre une protection fiable contre la pluie. Le m\u00e2t en fer robuste \u00e0 3\u00a0sections et les nervures en fer avec placage noir garantissent une longue dur\u00e9e de vie. Une poign\u00e9e en bois classique ajoute \u00e0 la fois au confort et \u00e0 l\u2019attrait intemporel. Pour plus de commodit\u00e9, il est accompagn\u00e9 d\u2019une pochette et d\u2019une dragonne assorties, ce qui permet de le transporter facilement en d\u00e9placement. Avec un rayon de 53\u00a0cm, il offre un \u00e9quilibre parfait entre un design compact et une couverture efficace, id\u00e9al pour les voyages ou les d\u00e9placements quotidiens.","og_url":"https:\/\/perle-in.com\/en\/product\/parapluie-21-rpet-dane\/","og_site_name":"PERLE IN","article_modified_time":"2025-10-15T19:52:53+00:00","og_image":[{"width":1600,"height":1600,"url":"https:\/\/perle-in.com\/wp-content\/uploads\/2025\/10\/11350801-1.jpg","type":"image\/jpeg"}],"twitter_card":"summary_large_image","schema":{"@context":"https:\/\/schema.org","@graph":[{"@type":"WebPage","@id":"https:\/\/perle-in.com\/produit\/parapluie-21-rpet-dane\/","url":"https:\/\/perle-in.com\/produit\/parapluie-21-rpet-dane\/","name":"Parapluie 21\" RPET Dane - PERLE IN","isPartOf":{"@id":"https:\/\/perle-in.com\/#website"},"primaryImageOfPage":{"@id":"https:\/\/perle-in.com\/produit\/parapluie-21-rpet-dane\/#primaryimage"},"image":{"@id":"https:\/\/perle-in.com\/produit\/parapluie-21-rpet-dane\/#primaryimage"},"thumbnailUrl":"https:\/\/perle-in.com\/wp-content\/uploads\/2025\/10\/11350801-1.jpg","datePublished":"2025-10-15T19:52:39+00:00","dateModified":"2025-10-15T19:52:53+00:00","breadcrumb":{"@id":"https:\/\/perle-in.com\/produit\/parapluie-21-rpet-dane\/#breadcrumb"},"inLanguage":"en-CA","potentialAction":[{"@type":"ReadAction","target":["https:\/\/perle-in.com\/produit\/parapluie-21-rpet-dane\/"]}]},{"@type":"ImageObject","inLanguage":"en-CA","@id":"https:\/\/perle-in.com\/produit\/parapluie-21-rpet-dane\/#primaryimage","url":"https:\/\/perle-in.com\/wp-content\/uploads\/2025\/10\/11350801-1.jpg","contentUrl":"https:\/\/perle-in.com\/wp-content\/uploads\/2025\/10\/11350801-1.jpg","width":1600,"height":1600},{"@type":"BreadcrumbList","@id":"https:\/\/perle-in.com\/produit\/parapluie-21-rpet-dane\/#breadcrumb","itemListElement":[{"@type":"ListItem","position":1,"name":"Accueil","item":"https:\/\/perle-in.com\/"},{"@type":"ListItem","position":2,"name":"Boutique","item":"https:\/\/perle-in.com\/boutique\/"},{"@type":"ListItem","position":3,"name":"Parapluie 21&#8243; RPET Dane"}]},{"@type":"WebSite","@id":"https:\/\/perle-in.com\/#website","url":"https:\/\/perle-in.com\/","name":"PERLE IN","description":"","publisher":{"@id":"https:\/\/perle-in.com\/#organization"},"potentialAction":[{"@type":"SearchAction","target":{"@type":"EntryPoint","urlTemplate":"https:\/\/perle-in.com\/?s={search_term_string}"},"query-input":{"@type":"PropertyValueSpecification","valueRequired":true,"valueName":"search_term_string"}}],"inLanguage":"en-CA"},{"@type":"Organization","@id":"https:\/\/perle-in.com\/#organization","name":"PERLE IN","url":"https:\/\/perle-in.com\/","logo":{"@type":"ImageObject","inLanguage":"en-CA","@id":"https:\/\/perle-in.com\/#\/schema\/logo\/image\/","url":"https:\/\/perle-in.com\/wp-content\/uploads\/2022\/12\/LOGO-PERLE-IN-COULEUR@3x.webp","contentUrl":"https:\/\/perle-in.com\/wp-content\/uploads\/2022\/12\/LOGO-PERLE-IN-COULEUR@3x.webp","width":1600,"height":490,"caption":"PERLE IN"},"image":{"@id":"https:\/\/perle-in.com\/#\/schema\/logo\/image\/"}}]}},"jetpack_sharing_enabled":true,"_links":{"self":[{"href":"https:\/\/perle-in.com\/en\/wp-json\/wp\/v2\/product\/568381","targetHints":{"allow":["GET"]}}],"collection":[{"href":"https:\/\/perle-in.com\/en\/wp-json\/wp\/v2\/product"}],"about":[{"href":"https:\/\/perle-in.com\/en\/wp-json\/wp\/v2\/types\/product"}],"version-history":[{"count":0,"href":"https:\/\/perle-in.com\/en\/wp-json\/wp\/v2\/product\/568381\/revisions"}],"wp:featuredmedia":[{"embeddable":true,"href":"https:\/\/perle-in.com\/en\/wp-json\/wp\/v2\/media\/568370"}],"wp:attachment":[{"href":"https:\/\/perle-in.com\/en\/wp-json\/wp\/v2\/media?parent=568381"}],"wp:term":[{"taxonomy":"product_brand","embeddable":true,"href":"https:\/\/perle-in.com\/en\/wp-json\/wp\/v2\/product_brand?post=568381"},{"taxonomy":"product_cat","embeddable":true,"href":"https:\/\/perle-in.com\/en\/wp-json\/wp\/v2\/product_cat?post=568381"},{"taxonomy":"product_tag","embeddable":true,"href":"https:\/\/perle-in.com\/en\/wp-json\/wp\/v2\/product_tag?post=568381"}],"curies":[{"name":"wp","href":"https:\/\/api.w.org\/{rel}","templated":true}]}}