{"id":568330,"date":"2025-10-15T21:44:39","date_gmt":"2025-10-15T19:44:39","guid":{"rendered":"https:\/\/perle-in.com\/produit\/stylo-bille-parker-jotter-se-global-icons-encre-bleue\/"},"modified":"2025-10-15T21:44:52","modified_gmt":"2025-10-15T19:44:52","slug":"stylo-bille-parker-jotter-se-global-icons-encre-bleue","status":"publish","type":"product","link":"https:\/\/perle-in.com\/en\/product\/stylo-bille-parker-jotter-se-global-icons-encre-bleue\/","title":{"rendered":"Stylo bille Parker Jotter SE Global Icons (encre bleue)"},"content":{"rendered":"","protected":false},"excerpt":{"rendered":"<p>Stylo bille \u00e0 encre bleue Parker Jotter SE Global Icons livr\u00e9 dans un coffret cadeau. La collection Parker Jotter SE Global Icons est une s\u00e9rie de stylos de la marque r\u00e9put\u00e9e Parker qui cr\u00e9e depuis longtemps des instruments d&#8217;\u00e9criture de haute qualit\u00e9. Le sigle \u00ab\u00a0SE\u00a0\u00bb signifie \u00ab\u00a0Special Edition\u00a0\u00bb (\u00e9dition sp\u00e9ciale) et le th\u00e8me \u00ab\u00a0Global Icons\u00a0\u00bb sugg\u00e8re un design mettant \u00e0 l&#8217;honneur des monuments embl\u00e9matiques du monde entier. Longueur d&#8217;\u00e9criture\u00a0: 2\u00a0000\u00a0m\u00e8tres.<\/p>","protected":false},"featured_media":568318,"template":"","meta":{"_eb_attr":""},"product_brand":[],"product_cat":[552,568],"product_tag":[2683,1450,1451,561,562],"class_list":{"0":"post-568330","1":"product","2":"type-product","3":"status-publish","4":"has-post-thumbnail","6":"product_cat-stylos-et-ecriture","7":"product_cat-stylos-bille","8":"product_tag-ecriture","9":"product_tag-jotter","10":"product_tag-parker","11":"product_tag-stylo","12":"product_tag-stylos","13":"pa_couleurs-bleu","14":"pa_couleurs-bleu-electrique","15":"pa_couleurs-bronze","16":"pa_couleurs-chrome","17":"pa_couleurs-gris","18":"pa_couleurs-rose","19":"pa_couleurs-rouge","20":"pa_couleurs-turquoise","21":"pa_green-points-1474","22":"pa_marque-parker","23":"pa_pays-d-origine-france","25":"first","26":"instock","27":"shipping-taxable","28":"purchasable","29":"product-type-variable"},"yoast_head":"<!-- This site is optimized with the Yoast SEO plugin v27.4 - https:\/\/yoast.com\/product\/yoast-seo-wordpress\/ -->\n<title>Stylo bille Parker Jotter SE Global Icons (encre bleue) - PERLE IN<\/title>\n<meta name=\"robots\" content=\"noindex, follow, max-snippet:-1, max-image-preview:large, max-video-preview:-1\" \/>\n<meta property=\"og:locale\" content=\"en_US\" \/>\n<meta property=\"og:type\" content=\"article\" \/>\n<meta property=\"og:title\" content=\"Stylo bille Parker Jotter SE Global Icons (encre bleue) - PERLE IN\" \/>\n<meta property=\"og:description\" content=\"Stylo bille \u00e0 encre bleue Parker Jotter SE Global Icons livr\u00e9 dans un coffret cadeau. La collection Parker Jotter SE Global Icons est une s\u00e9rie de stylos de la marque r\u00e9put\u00e9e Parker qui cr\u00e9e depuis longtemps des instruments d&#039;\u00e9criture de haute qualit\u00e9. Le sigle \u00ab\u00a0SE\u00a0\u00bb signifie \u00ab\u00a0Special Edition\u00a0\u00bb (\u00e9dition sp\u00e9ciale) et le th\u00e8me \u00ab\u00a0Global Icons\u00a0\u00bb sugg\u00e8re un design mettant \u00e0 l&#039;honneur des monuments embl\u00e9matiques du monde entier. Longueur d&#039;\u00e9criture\u00a0: 2\u00a0000\u00a0m\u00e8tres.\" \/>\n<meta property=\"og:url\" content=\"https:\/\/perle-in.com\/en\/product\/stylo-bille-parker-jotter-se-global-icons-encre-bleue\/\" \/>\n<meta property=\"og:site_name\" content=\"PERLE IN\" \/>\n<meta property=\"article:modified_time\" content=\"2025-10-15T19:44:52+00:00\" \/>\n<meta property=\"og:image\" content=\"https:\/\/perle-in.com\/wp-content\/uploads\/2025\/10\/10793321-1.jpg\" \/>\n\t<meta property=\"og:image:width\" content=\"1600\" \/>\n\t<meta property=\"og:image:height\" content=\"1600\" \/>\n\t<meta property=\"og:image:type\" content=\"image\/jpeg\" \/>\n<meta name=\"twitter:card\" content=\"summary_large_image\" \/>\n<script type=\"application\/ld+json\" class=\"yoast-schema-graph\">{\"@context\":\"https:\\\/\\\/schema.org\",\"@graph\":[{\"@type\":\"WebPage\",\"@id\":\"https:\\\/\\\/perle-in.com\\\/produit\\\/stylo-bille-parker-jotter-se-global-icons-encre-bleue\\\/\",\"url\":\"https:\\\/\\\/perle-in.com\\\/produit\\\/stylo-bille-parker-jotter-se-global-icons-encre-bleue\\\/\",\"name\":\"Stylo bille Parker Jotter SE Global Icons (encre bleue) - PERLE IN\",\"isPartOf\":{\"@id\":\"https:\\\/\\\/perle-in.com\\\/#website\"},\"primaryImageOfPage\":{\"@id\":\"https:\\\/\\\/perle-in.com\\\/produit\\\/stylo-bille-parker-jotter-se-global-icons-encre-bleue\\\/#primaryimage\"},\"image\":{\"@id\":\"https:\\\/\\\/perle-in.com\\\/produit\\\/stylo-bille-parker-jotter-se-global-icons-encre-bleue\\\/#primaryimage\"},\"thumbnailUrl\":\"https:\\\/\\\/perle-in.com\\\/wp-content\\\/uploads\\\/2025\\\/10\\\/10793321-1.jpg\",\"datePublished\":\"2025-10-15T19:44:39+00:00\",\"dateModified\":\"2025-10-15T19:44:52+00:00\",\"breadcrumb\":{\"@id\":\"https:\\\/\\\/perle-in.com\\\/produit\\\/stylo-bille-parker-jotter-se-global-icons-encre-bleue\\\/#breadcrumb\"},\"inLanguage\":\"en-CA\",\"potentialAction\":[{\"@type\":\"ReadAction\",\"target\":[\"https:\\\/\\\/perle-in.com\\\/produit\\\/stylo-bille-parker-jotter-se-global-icons-encre-bleue\\\/\"]}]},{\"@type\":\"ImageObject\",\"inLanguage\":\"en-CA\",\"@id\":\"https:\\\/\\\/perle-in.com\\\/produit\\\/stylo-bille-parker-jotter-se-global-icons-encre-bleue\\\/#primaryimage\",\"url\":\"https:\\\/\\\/perle-in.com\\\/wp-content\\\/uploads\\\/2025\\\/10\\\/10793321-1.jpg\",\"contentUrl\":\"https:\\\/\\\/perle-in.com\\\/wp-content\\\/uploads\\\/2025\\\/10\\\/10793321-1.jpg\",\"width\":1600,\"height\":1600},{\"@type\":\"BreadcrumbList\",\"@id\":\"https:\\\/\\\/perle-in.com\\\/produit\\\/stylo-bille-parker-jotter-se-global-icons-encre-bleue\\\/#breadcrumb\",\"itemListElement\":[{\"@type\":\"ListItem\",\"position\":1,\"name\":\"Accueil\",\"item\":\"https:\\\/\\\/perle-in.com\\\/\"},{\"@type\":\"ListItem\",\"position\":2,\"name\":\"Boutique\",\"item\":\"https:\\\/\\\/perle-in.com\\\/boutique\\\/\"},{\"@type\":\"ListItem\",\"position\":3,\"name\":\"Stylo bille Parker Jotter SE Global Icons (encre bleue)\"}]},{\"@type\":\"WebSite\",\"@id\":\"https:\\\/\\\/perle-in.com\\\/#website\",\"url\":\"https:\\\/\\\/perle-in.com\\\/\",\"name\":\"PERLE IN\",\"description\":\"\",\"publisher\":{\"@id\":\"https:\\\/\\\/perle-in.com\\\/#organization\"},\"potentialAction\":[{\"@type\":\"SearchAction\",\"target\":{\"@type\":\"EntryPoint\",\"urlTemplate\":\"https:\\\/\\\/perle-in.com\\\/?s={search_term_string}\"},\"query-input\":{\"@type\":\"PropertyValueSpecification\",\"valueRequired\":true,\"valueName\":\"search_term_string\"}}],\"inLanguage\":\"en-CA\"},{\"@type\":\"Organization\",\"@id\":\"https:\\\/\\\/perle-in.com\\\/#organization\",\"name\":\"PERLE IN\",\"url\":\"https:\\\/\\\/perle-in.com\\\/\",\"logo\":{\"@type\":\"ImageObject\",\"inLanguage\":\"en-CA\",\"@id\":\"https:\\\/\\\/perle-in.com\\\/#\\\/schema\\\/logo\\\/image\\\/\",\"url\":\"https:\\\/\\\/perle-in.com\\\/wp-content\\\/uploads\\\/2022\\\/12\\\/LOGO-PERLE-IN-COULEUR@3x.webp\",\"contentUrl\":\"https:\\\/\\\/perle-in.com\\\/wp-content\\\/uploads\\\/2022\\\/12\\\/LOGO-PERLE-IN-COULEUR@3x.webp\",\"width\":1600,\"height\":490,\"caption\":\"PERLE IN\"},\"image\":{\"@id\":\"https:\\\/\\\/perle-in.com\\\/#\\\/schema\\\/logo\\\/image\\\/\"}}]}<\/script>\n<!-- \/ Yoast SEO plugin. -->","yoast_head_json":{"title":"Stylo bille Parker Jotter SE Global Icons (encre bleue) - PERLE IN","robots":{"index":"noindex","follow":"follow","max-snippet":"max-snippet:-1","max-image-preview":"max-image-preview:large","max-video-preview":"max-video-preview:-1"},"og_locale":"en_US","og_type":"article","og_title":"Stylo bille Parker Jotter SE Global Icons (encre bleue) - PERLE IN","og_description":"Stylo bille \u00e0 encre bleue Parker Jotter SE Global Icons livr\u00e9 dans un coffret cadeau. La collection Parker Jotter SE Global Icons est une s\u00e9rie de stylos de la marque r\u00e9put\u00e9e Parker qui cr\u00e9e depuis longtemps des instruments d'\u00e9criture de haute qualit\u00e9. Le sigle \u00ab\u00a0SE\u00a0\u00bb signifie \u00ab\u00a0Special Edition\u00a0\u00bb (\u00e9dition sp\u00e9ciale) et le th\u00e8me \u00ab\u00a0Global Icons\u00a0\u00bb sugg\u00e8re un design mettant \u00e0 l'honneur des monuments embl\u00e9matiques du monde entier. Longueur d'\u00e9criture\u00a0: 2\u00a0000\u00a0m\u00e8tres.","og_url":"https:\/\/perle-in.com\/en\/product\/stylo-bille-parker-jotter-se-global-icons-encre-bleue\/","og_site_name":"PERLE IN","article_modified_time":"2025-10-15T19:44:52+00:00","og_image":[{"width":1600,"height":1600,"url":"https:\/\/perle-in.com\/wp-content\/uploads\/2025\/10\/10793321-1.jpg","type":"image\/jpeg"}],"twitter_card":"summary_large_image","schema":{"@context":"https:\/\/schema.org","@graph":[{"@type":"WebPage","@id":"https:\/\/perle-in.com\/produit\/stylo-bille-parker-jotter-se-global-icons-encre-bleue\/","url":"https:\/\/perle-in.com\/produit\/stylo-bille-parker-jotter-se-global-icons-encre-bleue\/","name":"Stylo bille Parker Jotter SE Global Icons (encre bleue) - PERLE IN","isPartOf":{"@id":"https:\/\/perle-in.com\/#website"},"primaryImageOfPage":{"@id":"https:\/\/perle-in.com\/produit\/stylo-bille-parker-jotter-se-global-icons-encre-bleue\/#primaryimage"},"image":{"@id":"https:\/\/perle-in.com\/produit\/stylo-bille-parker-jotter-se-global-icons-encre-bleue\/#primaryimage"},"thumbnailUrl":"https:\/\/perle-in.com\/wp-content\/uploads\/2025\/10\/10793321-1.jpg","datePublished":"2025-10-15T19:44:39+00:00","dateModified":"2025-10-15T19:44:52+00:00","breadcrumb":{"@id":"https:\/\/perle-in.com\/produit\/stylo-bille-parker-jotter-se-global-icons-encre-bleue\/#breadcrumb"},"inLanguage":"en-CA","potentialAction":[{"@type":"ReadAction","target":["https:\/\/perle-in.com\/produit\/stylo-bille-parker-jotter-se-global-icons-encre-bleue\/"]}]},{"@type":"ImageObject","inLanguage":"en-CA","@id":"https:\/\/perle-in.com\/produit\/stylo-bille-parker-jotter-se-global-icons-encre-bleue\/#primaryimage","url":"https:\/\/perle-in.com\/wp-content\/uploads\/2025\/10\/10793321-1.jpg","contentUrl":"https:\/\/perle-in.com\/wp-content\/uploads\/2025\/10\/10793321-1.jpg","width":1600,"height":1600},{"@type":"BreadcrumbList","@id":"https:\/\/perle-in.com\/produit\/stylo-bille-parker-jotter-se-global-icons-encre-bleue\/#breadcrumb","itemListElement":[{"@type":"ListItem","position":1,"name":"Accueil","item":"https:\/\/perle-in.com\/"},{"@type":"ListItem","position":2,"name":"Boutique","item":"https:\/\/perle-in.com\/boutique\/"},{"@type":"ListItem","position":3,"name":"Stylo bille Parker Jotter SE Global Icons (encre bleue)"}]},{"@type":"WebSite","@id":"https:\/\/perle-in.com\/#website","url":"https:\/\/perle-in.com\/","name":"PERLE IN","description":"","publisher":{"@id":"https:\/\/perle-in.com\/#organization"},"potentialAction":[{"@type":"SearchAction","target":{"@type":"EntryPoint","urlTemplate":"https:\/\/perle-in.com\/?s={search_term_string}"},"query-input":{"@type":"PropertyValueSpecification","valueRequired":true,"valueName":"search_term_string"}}],"inLanguage":"en-CA"},{"@type":"Organization","@id":"https:\/\/perle-in.com\/#organization","name":"PERLE IN","url":"https:\/\/perle-in.com\/","logo":{"@type":"ImageObject","inLanguage":"en-CA","@id":"https:\/\/perle-in.com\/#\/schema\/logo\/image\/","url":"https:\/\/perle-in.com\/wp-content\/uploads\/2022\/12\/LOGO-PERLE-IN-COULEUR@3x.webp","contentUrl":"https:\/\/perle-in.com\/wp-content\/uploads\/2022\/12\/LOGO-PERLE-IN-COULEUR@3x.webp","width":1600,"height":490,"caption":"PERLE IN"},"image":{"@id":"https:\/\/perle-in.com\/#\/schema\/logo\/image\/"}}]}},"jetpack_sharing_enabled":true,"_links":{"self":[{"href":"https:\/\/perle-in.com\/en\/wp-json\/wp\/v2\/product\/568330","targetHints":{"allow":["GET"]}}],"collection":[{"href":"https:\/\/perle-in.com\/en\/wp-json\/wp\/v2\/product"}],"about":[{"href":"https:\/\/perle-in.com\/en\/wp-json\/wp\/v2\/types\/product"}],"version-history":[{"count":0,"href":"https:\/\/perle-in.com\/en\/wp-json\/wp\/v2\/product\/568330\/revisions"}],"wp:featuredmedia":[{"embeddable":true,"href":"https:\/\/perle-in.com\/en\/wp-json\/wp\/v2\/media\/568318"}],"wp:attachment":[{"href":"https:\/\/perle-in.com\/en\/wp-json\/wp\/v2\/media?parent=568330"}],"wp:term":[{"taxonomy":"product_brand","embeddable":true,"href":"https:\/\/perle-in.com\/en\/wp-json\/wp\/v2\/product_brand?post=568330"},{"taxonomy":"product_cat","embeddable":true,"href":"https:\/\/perle-in.com\/en\/wp-json\/wp\/v2\/product_cat?post=568330"},{"taxonomy":"product_tag","embeddable":true,"href":"https:\/\/perle-in.com\/en\/wp-json\/wp\/v2\/product_tag?post=568330"}],"curies":[{"name":"wp","href":"https:\/\/api.w.org\/{rel}","templated":true}]}}