{"id":568158,"date":"2025-10-15T21:27:08","date_gmt":"2025-10-15T19:27:08","guid":{"rendered":"https:\/\/perle-in.com\/produit\/ensemble-de-sport-juve-unisexe\/"},"modified":"2025-10-15T21:27:48","modified_gmt":"2025-10-15T19:27:48","slug":"ensemble-de-sport-juve-unisexe","status":"publish","type":"product","link":"https:\/\/perle-in.com\/en\/product\/ensemble-de-sport-juve-unisexe\/","title":{"rendered":"Ensemble de sport Juve unisexe"},"content":{"rendered":"","protected":false},"excerpt":{"rendered":"<p>L\u2019ensemble se compose de 2\u00a0t-shirts et d\u2019un short. Chaque t-shirt pr\u00e9sente un coloris oppos\u00e9 \u00e0 l\u2019autre. Tissu technique et respirant. T-shirts \u00e0 manches semi-raglan avec imprim\u00e9. Col ras-du-cou avec tricot au dos. Short avec ceinture \u00e9lastique, cordon de serrage assorti et coutures de s\u00e9curit\u00e9. Short avec rayure lat\u00e9rale contrast\u00e9e et fentes au niveau de l\u2019ourlet. \u00c9tiquette d\u00e9tachable.<\/p>","protected":false},"featured_media":568129,"template":"","meta":{"_eb_attr":""},"product_brand":[],"product_cat":[1253,1024],"product_tag":[1115,1573,754,3538,237,2376,2393,2378],"class_list":{"0":"post-568158","1":"product","2":"type-product","3":"status-publish","4":"has-post-thumbnail","6":"product_cat-sets","7":"product_cat-vetements","8":"product_tag-course-a-pied","9":"product_tag-ensemble","10":"product_tag-exercice","11":"product_tag-short","12":"product_tag-sports","13":"product_tag-t-shirt","14":"product_tag-tee-shirt","15":"product_tag-tshirt","16":"pa_couleurs-blanc-bleu-royal","17":"pa_couleurs-blanc-noir","18":"pa_couleurs-jaune-bleu-royal","19":"pa_couleurs-jaune-fluo-noir","20":"pa_couleurs-orange-noir","21":"pa_couleurs-rouge-bleu-marine","22":"pa_couleurs-vert-fluo-bleu-marine","23":"pa_couleurs-vert-fougere-noir","24":"pa_genre-male","25":"pa_marque-roly","26":"pa_matiere-100-polyester-140-g-m2","27":"pa_pays-d-origine-bengladesh","28":"pa_taille-2xl","29":"pa_taille-l","30":"pa_taille-m","31":"pa_taille-s","32":"pa_taille-xl","34":"first","35":"instock","36":"shipping-taxable","37":"purchasable","38":"product-type-variable"},"yoast_head":"<!-- This site is optimized with the Yoast SEO plugin v27.4 - https:\/\/yoast.com\/product\/yoast-seo-wordpress\/ -->\n<title>Ensemble de sport Juve unisexe - PERLE IN<\/title>\n<meta name=\"robots\" content=\"noindex, follow, max-snippet:-1, max-image-preview:large, max-video-preview:-1\" \/>\n<meta property=\"og:locale\" content=\"en_US\" \/>\n<meta property=\"og:type\" content=\"article\" \/>\n<meta property=\"og:title\" content=\"Ensemble de sport Juve unisexe - PERLE IN\" \/>\n<meta property=\"og:description\" content=\"L\u2019ensemble se compose de 2\u00a0t-shirts et d\u2019un short. Chaque t-shirt pr\u00e9sente un coloris oppos\u00e9 \u00e0 l\u2019autre. Tissu technique et respirant. T-shirts \u00e0 manches semi-raglan avec imprim\u00e9. Col ras-du-cou avec tricot au dos. Short avec ceinture \u00e9lastique, cordon de serrage assorti et coutures de s\u00e9curit\u00e9. Short avec rayure lat\u00e9rale contrast\u00e9e et fentes au niveau de l\u2019ourlet. \u00c9tiquette d\u00e9tachable.\" \/>\n<meta property=\"og:url\" content=\"https:\/\/perle-in.com\/en\/product\/ensemble-de-sport-juve-unisexe\/\" \/>\n<meta property=\"og:site_name\" content=\"PERLE IN\" \/>\n<meta property=\"article:modified_time\" content=\"2025-10-15T19:27:48+00:00\" \/>\n<meta property=\"og:image\" content=\"https:\/\/perle-in.com\/wp-content\/uploads\/2025\/10\/R05258Q-1.jpg\" \/>\n\t<meta property=\"og:image:width\" content=\"1600\" \/>\n\t<meta property=\"og:image:height\" content=\"1600\" \/>\n\t<meta property=\"og:image:type\" content=\"image\/jpeg\" \/>\n<meta name=\"twitter:card\" content=\"summary_large_image\" \/>\n<script type=\"application\/ld+json\" class=\"yoast-schema-graph\">{\"@context\":\"https:\\\/\\\/schema.org\",\"@graph\":[{\"@type\":\"WebPage\",\"@id\":\"https:\\\/\\\/perle-in.com\\\/produit\\\/ensemble-de-sport-juve-unisexe\\\/\",\"url\":\"https:\\\/\\\/perle-in.com\\\/produit\\\/ensemble-de-sport-juve-unisexe\\\/\",\"name\":\"Ensemble de sport Juve unisexe - PERLE IN\",\"isPartOf\":{\"@id\":\"https:\\\/\\\/perle-in.com\\\/#website\"},\"primaryImageOfPage\":{\"@id\":\"https:\\\/\\\/perle-in.com\\\/produit\\\/ensemble-de-sport-juve-unisexe\\\/#primaryimage\"},\"image\":{\"@id\":\"https:\\\/\\\/perle-in.com\\\/produit\\\/ensemble-de-sport-juve-unisexe\\\/#primaryimage\"},\"thumbnailUrl\":\"https:\\\/\\\/perle-in.com\\\/wp-content\\\/uploads\\\/2025\\\/10\\\/R05258Q-1.jpg\",\"datePublished\":\"2025-10-15T19:27:08+00:00\",\"dateModified\":\"2025-10-15T19:27:48+00:00\",\"breadcrumb\":{\"@id\":\"https:\\\/\\\/perle-in.com\\\/produit\\\/ensemble-de-sport-juve-unisexe\\\/#breadcrumb\"},\"inLanguage\":\"en-CA\",\"potentialAction\":[{\"@type\":\"ReadAction\",\"target\":[\"https:\\\/\\\/perle-in.com\\\/produit\\\/ensemble-de-sport-juve-unisexe\\\/\"]}]},{\"@type\":\"ImageObject\",\"inLanguage\":\"en-CA\",\"@id\":\"https:\\\/\\\/perle-in.com\\\/produit\\\/ensemble-de-sport-juve-unisexe\\\/#primaryimage\",\"url\":\"https:\\\/\\\/perle-in.com\\\/wp-content\\\/uploads\\\/2025\\\/10\\\/R05258Q-1.jpg\",\"contentUrl\":\"https:\\\/\\\/perle-in.com\\\/wp-content\\\/uploads\\\/2025\\\/10\\\/R05258Q-1.jpg\",\"width\":1600,\"height\":1600},{\"@type\":\"BreadcrumbList\",\"@id\":\"https:\\\/\\\/perle-in.com\\\/produit\\\/ensemble-de-sport-juve-unisexe\\\/#breadcrumb\",\"itemListElement\":[{\"@type\":\"ListItem\",\"position\":1,\"name\":\"Accueil\",\"item\":\"https:\\\/\\\/perle-in.com\\\/\"},{\"@type\":\"ListItem\",\"position\":2,\"name\":\"Boutique\",\"item\":\"https:\\\/\\\/perle-in.com\\\/boutique\\\/\"},{\"@type\":\"ListItem\",\"position\":3,\"name\":\"Ensemble de sport Juve unisexe\"}]},{\"@type\":\"WebSite\",\"@id\":\"https:\\\/\\\/perle-in.com\\\/#website\",\"url\":\"https:\\\/\\\/perle-in.com\\\/\",\"name\":\"PERLE IN\",\"description\":\"\",\"publisher\":{\"@id\":\"https:\\\/\\\/perle-in.com\\\/#organization\"},\"potentialAction\":[{\"@type\":\"SearchAction\",\"target\":{\"@type\":\"EntryPoint\",\"urlTemplate\":\"https:\\\/\\\/perle-in.com\\\/?s={search_term_string}\"},\"query-input\":{\"@type\":\"PropertyValueSpecification\",\"valueRequired\":true,\"valueName\":\"search_term_string\"}}],\"inLanguage\":\"en-CA\"},{\"@type\":\"Organization\",\"@id\":\"https:\\\/\\\/perle-in.com\\\/#organization\",\"name\":\"PERLE IN\",\"url\":\"https:\\\/\\\/perle-in.com\\\/\",\"logo\":{\"@type\":\"ImageObject\",\"inLanguage\":\"en-CA\",\"@id\":\"https:\\\/\\\/perle-in.com\\\/#\\\/schema\\\/logo\\\/image\\\/\",\"url\":\"https:\\\/\\\/perle-in.com\\\/wp-content\\\/uploads\\\/2022\\\/12\\\/LOGO-PERLE-IN-COULEUR@3x.webp\",\"contentUrl\":\"https:\\\/\\\/perle-in.com\\\/wp-content\\\/uploads\\\/2022\\\/12\\\/LOGO-PERLE-IN-COULEUR@3x.webp\",\"width\":1600,\"height\":490,\"caption\":\"PERLE IN\"},\"image\":{\"@id\":\"https:\\\/\\\/perle-in.com\\\/#\\\/schema\\\/logo\\\/image\\\/\"}}]}<\/script>\n<!-- \/ Yoast SEO plugin. -->","yoast_head_json":{"title":"Ensemble de sport Juve unisexe - PERLE IN","robots":{"index":"noindex","follow":"follow","max-snippet":"max-snippet:-1","max-image-preview":"max-image-preview:large","max-video-preview":"max-video-preview:-1"},"og_locale":"en_US","og_type":"article","og_title":"Ensemble de sport Juve unisexe - PERLE IN","og_description":"L\u2019ensemble se compose de 2\u00a0t-shirts et d\u2019un short. Chaque t-shirt pr\u00e9sente un coloris oppos\u00e9 \u00e0 l\u2019autre. Tissu technique et respirant. T-shirts \u00e0 manches semi-raglan avec imprim\u00e9. Col ras-du-cou avec tricot au dos. Short avec ceinture \u00e9lastique, cordon de serrage assorti et coutures de s\u00e9curit\u00e9. Short avec rayure lat\u00e9rale contrast\u00e9e et fentes au niveau de l\u2019ourlet. \u00c9tiquette d\u00e9tachable.","og_url":"https:\/\/perle-in.com\/en\/product\/ensemble-de-sport-juve-unisexe\/","og_site_name":"PERLE IN","article_modified_time":"2025-10-15T19:27:48+00:00","og_image":[{"width":1600,"height":1600,"url":"https:\/\/perle-in.com\/wp-content\/uploads\/2025\/10\/R05258Q-1.jpg","type":"image\/jpeg"}],"twitter_card":"summary_large_image","schema":{"@context":"https:\/\/schema.org","@graph":[{"@type":"WebPage","@id":"https:\/\/perle-in.com\/produit\/ensemble-de-sport-juve-unisexe\/","url":"https:\/\/perle-in.com\/produit\/ensemble-de-sport-juve-unisexe\/","name":"Ensemble de sport Juve unisexe - PERLE IN","isPartOf":{"@id":"https:\/\/perle-in.com\/#website"},"primaryImageOfPage":{"@id":"https:\/\/perle-in.com\/produit\/ensemble-de-sport-juve-unisexe\/#primaryimage"},"image":{"@id":"https:\/\/perle-in.com\/produit\/ensemble-de-sport-juve-unisexe\/#primaryimage"},"thumbnailUrl":"https:\/\/perle-in.com\/wp-content\/uploads\/2025\/10\/R05258Q-1.jpg","datePublished":"2025-10-15T19:27:08+00:00","dateModified":"2025-10-15T19:27:48+00:00","breadcrumb":{"@id":"https:\/\/perle-in.com\/produit\/ensemble-de-sport-juve-unisexe\/#breadcrumb"},"inLanguage":"en-CA","potentialAction":[{"@type":"ReadAction","target":["https:\/\/perle-in.com\/produit\/ensemble-de-sport-juve-unisexe\/"]}]},{"@type":"ImageObject","inLanguage":"en-CA","@id":"https:\/\/perle-in.com\/produit\/ensemble-de-sport-juve-unisexe\/#primaryimage","url":"https:\/\/perle-in.com\/wp-content\/uploads\/2025\/10\/R05258Q-1.jpg","contentUrl":"https:\/\/perle-in.com\/wp-content\/uploads\/2025\/10\/R05258Q-1.jpg","width":1600,"height":1600},{"@type":"BreadcrumbList","@id":"https:\/\/perle-in.com\/produit\/ensemble-de-sport-juve-unisexe\/#breadcrumb","itemListElement":[{"@type":"ListItem","position":1,"name":"Accueil","item":"https:\/\/perle-in.com\/"},{"@type":"ListItem","position":2,"name":"Boutique","item":"https:\/\/perle-in.com\/boutique\/"},{"@type":"ListItem","position":3,"name":"Ensemble de sport Juve unisexe"}]},{"@type":"WebSite","@id":"https:\/\/perle-in.com\/#website","url":"https:\/\/perle-in.com\/","name":"PERLE IN","description":"","publisher":{"@id":"https:\/\/perle-in.com\/#organization"},"potentialAction":[{"@type":"SearchAction","target":{"@type":"EntryPoint","urlTemplate":"https:\/\/perle-in.com\/?s={search_term_string}"},"query-input":{"@type":"PropertyValueSpecification","valueRequired":true,"valueName":"search_term_string"}}],"inLanguage":"en-CA"},{"@type":"Organization","@id":"https:\/\/perle-in.com\/#organization","name":"PERLE IN","url":"https:\/\/perle-in.com\/","logo":{"@type":"ImageObject","inLanguage":"en-CA","@id":"https:\/\/perle-in.com\/#\/schema\/logo\/image\/","url":"https:\/\/perle-in.com\/wp-content\/uploads\/2022\/12\/LOGO-PERLE-IN-COULEUR@3x.webp","contentUrl":"https:\/\/perle-in.com\/wp-content\/uploads\/2022\/12\/LOGO-PERLE-IN-COULEUR@3x.webp","width":1600,"height":490,"caption":"PERLE IN"},"image":{"@id":"https:\/\/perle-in.com\/#\/schema\/logo\/image\/"}}]}},"jetpack_sharing_enabled":true,"_links":{"self":[{"href":"https:\/\/perle-in.com\/en\/wp-json\/wp\/v2\/product\/568158","targetHints":{"allow":["GET"]}}],"collection":[{"href":"https:\/\/perle-in.com\/en\/wp-json\/wp\/v2\/product"}],"about":[{"href":"https:\/\/perle-in.com\/en\/wp-json\/wp\/v2\/types\/product"}],"version-history":[{"count":0,"href":"https:\/\/perle-in.com\/en\/wp-json\/wp\/v2\/product\/568158\/revisions"}],"wp:featuredmedia":[{"embeddable":true,"href":"https:\/\/perle-in.com\/en\/wp-json\/wp\/v2\/media\/568129"}],"wp:attachment":[{"href":"https:\/\/perle-in.com\/en\/wp-json\/wp\/v2\/media?parent=568158"}],"wp:term":[{"taxonomy":"product_brand","embeddable":true,"href":"https:\/\/perle-in.com\/en\/wp-json\/wp\/v2\/product_brand?post=568158"},{"taxonomy":"product_cat","embeddable":true,"href":"https:\/\/perle-in.com\/en\/wp-json\/wp\/v2\/product_cat?post=568158"},{"taxonomy":"product_tag","embeddable":true,"href":"https:\/\/perle-in.com\/en\/wp-json\/wp\/v2\/product_tag?post=568158"}],"curies":[{"name":"wp","href":"https:\/\/api.w.org\/{rel}","templated":true}]}}