{"id":568007,"date":"2025-10-15T21:23:12","date_gmt":"2025-10-15T19:23:12","guid":{"rendered":"https:\/\/perle-in.com\/produit\/survetement-evans-pour-enfant\/"},"modified":"2025-10-15T21:25:12","modified_gmt":"2025-10-15T19:25:12","slug":"survetement-evans-pour-enfant","status":"publish","type":"product","link":"https:\/\/perle-in.com\/en\/product\/survetement-evans-pour-enfant\/","title":{"rendered":"Surv\u00eatement Evans pour enfant"},"content":{"rendered":"","protected":false},"excerpt":{"rendered":"<p>Surv\u00eatement en tissu l\u00e9ger et \u00e9lastique. Veste avec couleur contrast\u00e9e et finitions cousues sur la poitrine. Col montant avec coutures contrast\u00e9es. Fermeture \u00e0 glissi\u00e8re centrale sur le devant. Poches lat\u00e9rales. Poignets et taille c\u00f4tel\u00e9s 2&#215;2. Pantalon avec ceinture \u00e9lastique et cordon de serrage. Pi\u00e8ce lat\u00e9rale contrast\u00e9e avec finition cousue. Ourlet zipp\u00e9. <\/p>","protected":false},"featured_media":567987,"template":"","meta":{"_eb_attr":""},"product_brand":[],"product_cat":[1253,1024],"product_tag":[1115,2506,754,3754,203,3762,3763],"class_list":{"0":"post-568007","1":"product","2":"type-product","3":"status-publish","4":"has-post-thumbnail","6":"product_cat-sets","7":"product_cat-vetements","8":"product_tag-course-a-pied","9":"product_tag-enfant","10":"product_tag-exercice","11":"product_tag-pantalon","12":"product_tag-sport","13":"product_tag-survetement","14":"product_tag-survetements","15":"pa_couleurs-bleu-marine-blanc","16":"pa_couleurs-bleu-marine-bleu-royal","17":"pa_couleurs-bleu-marine-jaune","18":"pa_couleurs-bleu-marine-vert-fougere","19":"pa_couleurs-noir-citron-vert","20":"pa_couleurs-noir-ebene","21":"pa_couleurs-noir-rouge","22":"pa_genre-kids","23":"pa_marque-roly","24":"pa_matiere-tricot-interlock-100-polyester-225-g-m2","25":"pa_pays-d-origine-myanmar","26":"pa_taille-3460","27":"pa_taille-3454","28":"pa_taille-3746","29":"pa_taille-3533","30":"pa_taille-3452","31":"pa_taille-3459","32":"pa_taille-3453","34":"first","35":"instock","36":"shipping-taxable","37":"purchasable","38":"product-type-variable"},"yoast_head":"<!-- This site is optimized with the Yoast SEO plugin v27.4 - https:\/\/yoast.com\/product\/yoast-seo-wordpress\/ -->\n<title>Surv\u00eatement Evans pour enfant - PERLE IN<\/title>\n<meta name=\"robots\" content=\"noindex, follow, max-snippet:-1, max-image-preview:large, max-video-preview:-1\" \/>\n<meta property=\"og:locale\" content=\"en_US\" \/>\n<meta property=\"og:type\" content=\"article\" \/>\n<meta property=\"og:title\" content=\"Surv\u00eatement Evans pour enfant - PERLE IN\" \/>\n<meta property=\"og:description\" content=\"Surv\u00eatement en tissu l\u00e9ger et \u00e9lastique. Veste avec couleur contrast\u00e9e et finitions cousues sur la poitrine. Col montant avec coutures contrast\u00e9es. Fermeture \u00e0 glissi\u00e8re centrale sur le devant. Poches lat\u00e9rales. Poignets et taille c\u00f4tel\u00e9s 2x2. Pantalon avec ceinture \u00e9lastique et cordon de serrage. Pi\u00e8ce lat\u00e9rale contrast\u00e9e avec finition cousue. Ourlet zipp\u00e9.\" \/>\n<meta property=\"og:url\" content=\"https:\/\/perle-in.com\/en\/product\/survetement-evans-pour-enfant\/\" \/>\n<meta property=\"og:site_name\" content=\"PERLE IN\" \/>\n<meta property=\"article:modified_time\" content=\"2025-10-15T19:25:12+00:00\" \/>\n<meta property=\"og:image\" content=\"https:\/\/perle-in.com\/wp-content\/uploads\/2025\/10\/K64028P-1.jpg\" \/>\n\t<meta property=\"og:image:width\" content=\"1600\" \/>\n\t<meta property=\"og:image:height\" content=\"1600\" \/>\n\t<meta property=\"og:image:type\" content=\"image\/jpeg\" \/>\n<meta name=\"twitter:card\" content=\"summary_large_image\" \/>\n<script type=\"application\/ld+json\" class=\"yoast-schema-graph\">{\"@context\":\"https:\\\/\\\/schema.org\",\"@graph\":[{\"@type\":\"WebPage\",\"@id\":\"https:\\\/\\\/perle-in.com\\\/produit\\\/survetement-evans-pour-enfant\\\/\",\"url\":\"https:\\\/\\\/perle-in.com\\\/produit\\\/survetement-evans-pour-enfant\\\/\",\"name\":\"Surv\u00eatement Evans pour enfant - PERLE IN\",\"isPartOf\":{\"@id\":\"https:\\\/\\\/perle-in.com\\\/#website\"},\"primaryImageOfPage\":{\"@id\":\"https:\\\/\\\/perle-in.com\\\/produit\\\/survetement-evans-pour-enfant\\\/#primaryimage\"},\"image\":{\"@id\":\"https:\\\/\\\/perle-in.com\\\/produit\\\/survetement-evans-pour-enfant\\\/#primaryimage\"},\"thumbnailUrl\":\"https:\\\/\\\/perle-in.com\\\/wp-content\\\/uploads\\\/2025\\\/10\\\/K64028P-1.jpg\",\"datePublished\":\"2025-10-15T19:23:12+00:00\",\"dateModified\":\"2025-10-15T19:25:12+00:00\",\"breadcrumb\":{\"@id\":\"https:\\\/\\\/perle-in.com\\\/produit\\\/survetement-evans-pour-enfant\\\/#breadcrumb\"},\"inLanguage\":\"en-CA\",\"potentialAction\":[{\"@type\":\"ReadAction\",\"target\":[\"https:\\\/\\\/perle-in.com\\\/produit\\\/survetement-evans-pour-enfant\\\/\"]}]},{\"@type\":\"ImageObject\",\"inLanguage\":\"en-CA\",\"@id\":\"https:\\\/\\\/perle-in.com\\\/produit\\\/survetement-evans-pour-enfant\\\/#primaryimage\",\"url\":\"https:\\\/\\\/perle-in.com\\\/wp-content\\\/uploads\\\/2025\\\/10\\\/K64028P-1.jpg\",\"contentUrl\":\"https:\\\/\\\/perle-in.com\\\/wp-content\\\/uploads\\\/2025\\\/10\\\/K64028P-1.jpg\",\"width\":1600,\"height\":1600},{\"@type\":\"BreadcrumbList\",\"@id\":\"https:\\\/\\\/perle-in.com\\\/produit\\\/survetement-evans-pour-enfant\\\/#breadcrumb\",\"itemListElement\":[{\"@type\":\"ListItem\",\"position\":1,\"name\":\"Accueil\",\"item\":\"https:\\\/\\\/perle-in.com\\\/\"},{\"@type\":\"ListItem\",\"position\":2,\"name\":\"Boutique\",\"item\":\"https:\\\/\\\/perle-in.com\\\/boutique\\\/\"},{\"@type\":\"ListItem\",\"position\":3,\"name\":\"Surv\u00eatement Evans pour enfant\"}]},{\"@type\":\"WebSite\",\"@id\":\"https:\\\/\\\/perle-in.com\\\/#website\",\"url\":\"https:\\\/\\\/perle-in.com\\\/\",\"name\":\"PERLE IN\",\"description\":\"\",\"publisher\":{\"@id\":\"https:\\\/\\\/perle-in.com\\\/#organization\"},\"potentialAction\":[{\"@type\":\"SearchAction\",\"target\":{\"@type\":\"EntryPoint\",\"urlTemplate\":\"https:\\\/\\\/perle-in.com\\\/?s={search_term_string}\"},\"query-input\":{\"@type\":\"PropertyValueSpecification\",\"valueRequired\":true,\"valueName\":\"search_term_string\"}}],\"inLanguage\":\"en-CA\"},{\"@type\":\"Organization\",\"@id\":\"https:\\\/\\\/perle-in.com\\\/#organization\",\"name\":\"PERLE IN\",\"url\":\"https:\\\/\\\/perle-in.com\\\/\",\"logo\":{\"@type\":\"ImageObject\",\"inLanguage\":\"en-CA\",\"@id\":\"https:\\\/\\\/perle-in.com\\\/#\\\/schema\\\/logo\\\/image\\\/\",\"url\":\"https:\\\/\\\/perle-in.com\\\/wp-content\\\/uploads\\\/2022\\\/12\\\/LOGO-PERLE-IN-COULEUR@3x.webp\",\"contentUrl\":\"https:\\\/\\\/perle-in.com\\\/wp-content\\\/uploads\\\/2022\\\/12\\\/LOGO-PERLE-IN-COULEUR@3x.webp\",\"width\":1600,\"height\":490,\"caption\":\"PERLE IN\"},\"image\":{\"@id\":\"https:\\\/\\\/perle-in.com\\\/#\\\/schema\\\/logo\\\/image\\\/\"}}]}<\/script>\n<!-- \/ Yoast SEO plugin. -->","yoast_head_json":{"title":"Surv\u00eatement Evans pour enfant - PERLE IN","robots":{"index":"noindex","follow":"follow","max-snippet":"max-snippet:-1","max-image-preview":"max-image-preview:large","max-video-preview":"max-video-preview:-1"},"og_locale":"en_US","og_type":"article","og_title":"Surv\u00eatement Evans pour enfant - PERLE IN","og_description":"Surv\u00eatement en tissu l\u00e9ger et \u00e9lastique. Veste avec couleur contrast\u00e9e et finitions cousues sur la poitrine. Col montant avec coutures contrast\u00e9es. Fermeture \u00e0 glissi\u00e8re centrale sur le devant. Poches lat\u00e9rales. Poignets et taille c\u00f4tel\u00e9s 2x2. Pantalon avec ceinture \u00e9lastique et cordon de serrage. Pi\u00e8ce lat\u00e9rale contrast\u00e9e avec finition cousue. Ourlet zipp\u00e9.","og_url":"https:\/\/perle-in.com\/en\/product\/survetement-evans-pour-enfant\/","og_site_name":"PERLE IN","article_modified_time":"2025-10-15T19:25:12+00:00","og_image":[{"width":1600,"height":1600,"url":"https:\/\/perle-in.com\/wp-content\/uploads\/2025\/10\/K64028P-1.jpg","type":"image\/jpeg"}],"twitter_card":"summary_large_image","schema":{"@context":"https:\/\/schema.org","@graph":[{"@type":"WebPage","@id":"https:\/\/perle-in.com\/produit\/survetement-evans-pour-enfant\/","url":"https:\/\/perle-in.com\/produit\/survetement-evans-pour-enfant\/","name":"Surv\u00eatement Evans pour enfant - PERLE IN","isPartOf":{"@id":"https:\/\/perle-in.com\/#website"},"primaryImageOfPage":{"@id":"https:\/\/perle-in.com\/produit\/survetement-evans-pour-enfant\/#primaryimage"},"image":{"@id":"https:\/\/perle-in.com\/produit\/survetement-evans-pour-enfant\/#primaryimage"},"thumbnailUrl":"https:\/\/perle-in.com\/wp-content\/uploads\/2025\/10\/K64028P-1.jpg","datePublished":"2025-10-15T19:23:12+00:00","dateModified":"2025-10-15T19:25:12+00:00","breadcrumb":{"@id":"https:\/\/perle-in.com\/produit\/survetement-evans-pour-enfant\/#breadcrumb"},"inLanguage":"en-CA","potentialAction":[{"@type":"ReadAction","target":["https:\/\/perle-in.com\/produit\/survetement-evans-pour-enfant\/"]}]},{"@type":"ImageObject","inLanguage":"en-CA","@id":"https:\/\/perle-in.com\/produit\/survetement-evans-pour-enfant\/#primaryimage","url":"https:\/\/perle-in.com\/wp-content\/uploads\/2025\/10\/K64028P-1.jpg","contentUrl":"https:\/\/perle-in.com\/wp-content\/uploads\/2025\/10\/K64028P-1.jpg","width":1600,"height":1600},{"@type":"BreadcrumbList","@id":"https:\/\/perle-in.com\/produit\/survetement-evans-pour-enfant\/#breadcrumb","itemListElement":[{"@type":"ListItem","position":1,"name":"Accueil","item":"https:\/\/perle-in.com\/"},{"@type":"ListItem","position":2,"name":"Boutique","item":"https:\/\/perle-in.com\/boutique\/"},{"@type":"ListItem","position":3,"name":"Surv\u00eatement Evans pour enfant"}]},{"@type":"WebSite","@id":"https:\/\/perle-in.com\/#website","url":"https:\/\/perle-in.com\/","name":"PERLE IN","description":"","publisher":{"@id":"https:\/\/perle-in.com\/#organization"},"potentialAction":[{"@type":"SearchAction","target":{"@type":"EntryPoint","urlTemplate":"https:\/\/perle-in.com\/?s={search_term_string}"},"query-input":{"@type":"PropertyValueSpecification","valueRequired":true,"valueName":"search_term_string"}}],"inLanguage":"en-CA"},{"@type":"Organization","@id":"https:\/\/perle-in.com\/#organization","name":"PERLE IN","url":"https:\/\/perle-in.com\/","logo":{"@type":"ImageObject","inLanguage":"en-CA","@id":"https:\/\/perle-in.com\/#\/schema\/logo\/image\/","url":"https:\/\/perle-in.com\/wp-content\/uploads\/2022\/12\/LOGO-PERLE-IN-COULEUR@3x.webp","contentUrl":"https:\/\/perle-in.com\/wp-content\/uploads\/2022\/12\/LOGO-PERLE-IN-COULEUR@3x.webp","width":1600,"height":490,"caption":"PERLE IN"},"image":{"@id":"https:\/\/perle-in.com\/#\/schema\/logo\/image\/"}}]}},"jetpack_sharing_enabled":true,"_links":{"self":[{"href":"https:\/\/perle-in.com\/en\/wp-json\/wp\/v2\/product\/568007","targetHints":{"allow":["GET"]}}],"collection":[{"href":"https:\/\/perle-in.com\/en\/wp-json\/wp\/v2\/product"}],"about":[{"href":"https:\/\/perle-in.com\/en\/wp-json\/wp\/v2\/types\/product"}],"version-history":[{"count":0,"href":"https:\/\/perle-in.com\/en\/wp-json\/wp\/v2\/product\/568007\/revisions"}],"wp:featuredmedia":[{"embeddable":true,"href":"https:\/\/perle-in.com\/en\/wp-json\/wp\/v2\/media\/567987"}],"wp:attachment":[{"href":"https:\/\/perle-in.com\/en\/wp-json\/wp\/v2\/media?parent=568007"}],"wp:term":[{"taxonomy":"product_brand","embeddable":true,"href":"https:\/\/perle-in.com\/en\/wp-json\/wp\/v2\/product_brand?post=568007"},{"taxonomy":"product_cat","embeddable":true,"href":"https:\/\/perle-in.com\/en\/wp-json\/wp\/v2\/product_cat?post=568007"},{"taxonomy":"product_tag","embeddable":true,"href":"https:\/\/perle-in.com\/en\/wp-json\/wp\/v2\/product_tag?post=568007"}],"curies":[{"name":"wp","href":"https:\/\/api.w.org\/{rel}","templated":true}]}}