{"id":567734,"date":"2025-10-15T21:15:26","date_gmt":"2025-10-15T19:15:26","guid":{"rendered":"https:\/\/perle-in.com\/produit\/sweatshirt-epiro-a-manches-longues-unisexe-avec-fermeture-demi-zip\/"},"modified":"2025-10-15T21:16:00","modified_gmt":"2025-10-15T19:16:00","slug":"sweatshirt-epiro-a-manches-longues-unisexe-avec-fermeture-demi-zip","status":"publish","type":"product","link":"https:\/\/perle-in.com\/en\/product\/sweatshirt-epiro-a-manches-longues-unisexe-avec-fermeture-demi-zip\/","title":{"rendered":"Sweatshirt Epiro \u00e0 manches longues unisexe avec fermeture demi-zip"},"content":{"rendered":"","protected":false},"excerpt":{"rendered":"<p>Tissu technique. Manches raglan. Int\u00e9rieur en polaire. Col avec demi-zip et bande de propret\u00e9 renforc\u00e9e \u00e0 l&#8217;int\u00e9rieur . Bords c\u00f4tel\u00e9s 1&#215;1 au niveau du col, des poignets et de l\u2019ourlet du dos. \u00c9tiquette d\u00e9tachable. Sweatshirt assorti au pantalon Neapolis. <\/p>","protected":false},"featured_media":567428,"template":"","meta":{"_eb_attr":""},"product_brand":[],"product_cat":[1262,1024],"product_tag":[2451,3393,2433,2662],"class_list":{"0":"post-567734","1":"product","2":"type-product","3":"status-publish","4":"has-post-thumbnail","6":"product_cat-sweat","7":"product_cat-vetements","8":"product_tag-pull","9":"product_tag-pull-over","10":"product_tag-sweat","11":"product_tag-sweatshirt","12":"pa_couleurs-bleu-marine","13":"pa_couleurs-bleu-royal","14":"pa_couleurs-jaune","15":"pa_couleurs-noir","16":"pa_couleurs-rouge","17":"pa_couleurs-vert-fluo","18":"pa_couleurs-vert-fougere","19":"pa_genre-male","20":"pa_marque-roly","21":"pa_matiere-maille-finition-cool-fit-100-polyester-200-g-m2","22":"pa_pays-d-origine-bengladesh","23":"pa_taille-2xl","24":"pa_taille-l","25":"pa_taille-m","26":"pa_taille-s","27":"pa_taille-xl","29":"first","30":"instock","31":"shipping-taxable","32":"purchasable","33":"product-type-variable"},"yoast_head":"<!-- This site is optimized with the Yoast SEO plugin v27.4 - https:\/\/yoast.com\/product\/yoast-seo-wordpress\/ -->\n<title>Sweatshirt Epiro \u00e0 manches longues unisexe avec fermeture demi-zip - PERLE IN<\/title>\n<meta name=\"robots\" content=\"noindex, follow, max-snippet:-1, max-image-preview:large, max-video-preview:-1\" \/>\n<meta property=\"og:locale\" content=\"en_US\" \/>\n<meta property=\"og:type\" content=\"article\" \/>\n<meta property=\"og:title\" content=\"Sweatshirt Epiro \u00e0 manches longues unisexe avec fermeture demi-zip - PERLE IN\" \/>\n<meta property=\"og:description\" content=\"Tissu technique. Manches raglan. Int\u00e9rieur en polaire. Col avec demi-zip et bande de propret\u00e9 renforc\u00e9e \u00e0 l&#039;int\u00e9rieur . Bords c\u00f4tel\u00e9s 1x1 au niveau du col, des poignets et de l\u2019ourlet du dos. \u00c9tiquette d\u00e9tachable. Sweatshirt assorti au pantalon Neapolis.\" \/>\n<meta property=\"og:url\" content=\"https:\/\/perle-in.com\/en\/product\/sweatshirt-epiro-a-manches-longues-unisexe-avec-fermeture-demi-zip\/\" \/>\n<meta property=\"og:site_name\" content=\"PERLE IN\" \/>\n<meta property=\"article:modified_time\" content=\"2025-10-15T19:16:00+00:00\" \/>\n<meta property=\"og:image\" content=\"https:\/\/perle-in.com\/wp-content\/uploads\/2025\/10\/R11151B-1.jpg\" \/>\n\t<meta property=\"og:image:width\" content=\"1600\" \/>\n\t<meta property=\"og:image:height\" content=\"1600\" \/>\n\t<meta property=\"og:image:type\" content=\"image\/jpeg\" \/>\n<meta name=\"twitter:card\" content=\"summary_large_image\" \/>\n<script type=\"application\/ld+json\" class=\"yoast-schema-graph\">{\"@context\":\"https:\\\/\\\/schema.org\",\"@graph\":[{\"@type\":\"WebPage\",\"@id\":\"https:\\\/\\\/perle-in.com\\\/produit\\\/sweatshirt-epiro-a-manches-longues-unisexe-avec-fermeture-demi-zip\\\/\",\"url\":\"https:\\\/\\\/perle-in.com\\\/produit\\\/sweatshirt-epiro-a-manches-longues-unisexe-avec-fermeture-demi-zip\\\/\",\"name\":\"Sweatshirt Epiro \u00e0 manches longues unisexe avec fermeture demi-zip - PERLE IN\",\"isPartOf\":{\"@id\":\"https:\\\/\\\/perle-in.com\\\/#website\"},\"primaryImageOfPage\":{\"@id\":\"https:\\\/\\\/perle-in.com\\\/produit\\\/sweatshirt-epiro-a-manches-longues-unisexe-avec-fermeture-demi-zip\\\/#primaryimage\"},\"image\":{\"@id\":\"https:\\\/\\\/perle-in.com\\\/produit\\\/sweatshirt-epiro-a-manches-longues-unisexe-avec-fermeture-demi-zip\\\/#primaryimage\"},\"thumbnailUrl\":\"https:\\\/\\\/perle-in.com\\\/wp-content\\\/uploads\\\/2025\\\/10\\\/R11151B-1.jpg\",\"datePublished\":\"2025-10-15T19:15:26+00:00\",\"dateModified\":\"2025-10-15T19:16:00+00:00\",\"breadcrumb\":{\"@id\":\"https:\\\/\\\/perle-in.com\\\/produit\\\/sweatshirt-epiro-a-manches-longues-unisexe-avec-fermeture-demi-zip\\\/#breadcrumb\"},\"inLanguage\":\"en-CA\",\"potentialAction\":[{\"@type\":\"ReadAction\",\"target\":[\"https:\\\/\\\/perle-in.com\\\/produit\\\/sweatshirt-epiro-a-manches-longues-unisexe-avec-fermeture-demi-zip\\\/\"]}]},{\"@type\":\"ImageObject\",\"inLanguage\":\"en-CA\",\"@id\":\"https:\\\/\\\/perle-in.com\\\/produit\\\/sweatshirt-epiro-a-manches-longues-unisexe-avec-fermeture-demi-zip\\\/#primaryimage\",\"url\":\"https:\\\/\\\/perle-in.com\\\/wp-content\\\/uploads\\\/2025\\\/10\\\/R11151B-1.jpg\",\"contentUrl\":\"https:\\\/\\\/perle-in.com\\\/wp-content\\\/uploads\\\/2025\\\/10\\\/R11151B-1.jpg\",\"width\":1600,\"height\":1600},{\"@type\":\"BreadcrumbList\",\"@id\":\"https:\\\/\\\/perle-in.com\\\/produit\\\/sweatshirt-epiro-a-manches-longues-unisexe-avec-fermeture-demi-zip\\\/#breadcrumb\",\"itemListElement\":[{\"@type\":\"ListItem\",\"position\":1,\"name\":\"Accueil\",\"item\":\"https:\\\/\\\/perle-in.com\\\/\"},{\"@type\":\"ListItem\",\"position\":2,\"name\":\"Boutique\",\"item\":\"https:\\\/\\\/perle-in.com\\\/boutique\\\/\"},{\"@type\":\"ListItem\",\"position\":3,\"name\":\"Sweatshirt Epiro \u00e0 manches longues unisexe avec fermeture demi-zip\"}]},{\"@type\":\"WebSite\",\"@id\":\"https:\\\/\\\/perle-in.com\\\/#website\",\"url\":\"https:\\\/\\\/perle-in.com\\\/\",\"name\":\"PERLE IN\",\"description\":\"\",\"publisher\":{\"@id\":\"https:\\\/\\\/perle-in.com\\\/#organization\"},\"potentialAction\":[{\"@type\":\"SearchAction\",\"target\":{\"@type\":\"EntryPoint\",\"urlTemplate\":\"https:\\\/\\\/perle-in.com\\\/?s={search_term_string}\"},\"query-input\":{\"@type\":\"PropertyValueSpecification\",\"valueRequired\":true,\"valueName\":\"search_term_string\"}}],\"inLanguage\":\"en-CA\"},{\"@type\":\"Organization\",\"@id\":\"https:\\\/\\\/perle-in.com\\\/#organization\",\"name\":\"PERLE IN\",\"url\":\"https:\\\/\\\/perle-in.com\\\/\",\"logo\":{\"@type\":\"ImageObject\",\"inLanguage\":\"en-CA\",\"@id\":\"https:\\\/\\\/perle-in.com\\\/#\\\/schema\\\/logo\\\/image\\\/\",\"url\":\"https:\\\/\\\/perle-in.com\\\/wp-content\\\/uploads\\\/2022\\\/12\\\/LOGO-PERLE-IN-COULEUR@3x.webp\",\"contentUrl\":\"https:\\\/\\\/perle-in.com\\\/wp-content\\\/uploads\\\/2022\\\/12\\\/LOGO-PERLE-IN-COULEUR@3x.webp\",\"width\":1600,\"height\":490,\"caption\":\"PERLE IN\"},\"image\":{\"@id\":\"https:\\\/\\\/perle-in.com\\\/#\\\/schema\\\/logo\\\/image\\\/\"}}]}<\/script>\n<!-- \/ Yoast SEO plugin. -->","yoast_head_json":{"title":"Sweatshirt Epiro \u00e0 manches longues unisexe avec fermeture demi-zip - PERLE IN","robots":{"index":"noindex","follow":"follow","max-snippet":"max-snippet:-1","max-image-preview":"max-image-preview:large","max-video-preview":"max-video-preview:-1"},"og_locale":"en_US","og_type":"article","og_title":"Sweatshirt Epiro \u00e0 manches longues unisexe avec fermeture demi-zip - PERLE IN","og_description":"Tissu technique. Manches raglan. Int\u00e9rieur en polaire. Col avec demi-zip et bande de propret\u00e9 renforc\u00e9e \u00e0 l'int\u00e9rieur . Bords c\u00f4tel\u00e9s 1x1 au niveau du col, des poignets et de l\u2019ourlet du dos. \u00c9tiquette d\u00e9tachable. Sweatshirt assorti au pantalon Neapolis.","og_url":"https:\/\/perle-in.com\/en\/product\/sweatshirt-epiro-a-manches-longues-unisexe-avec-fermeture-demi-zip\/","og_site_name":"PERLE IN","article_modified_time":"2025-10-15T19:16:00+00:00","og_image":[{"width":1600,"height":1600,"url":"https:\/\/perle-in.com\/wp-content\/uploads\/2025\/10\/R11151B-1.jpg","type":"image\/jpeg"}],"twitter_card":"summary_large_image","schema":{"@context":"https:\/\/schema.org","@graph":[{"@type":"WebPage","@id":"https:\/\/perle-in.com\/produit\/sweatshirt-epiro-a-manches-longues-unisexe-avec-fermeture-demi-zip\/","url":"https:\/\/perle-in.com\/produit\/sweatshirt-epiro-a-manches-longues-unisexe-avec-fermeture-demi-zip\/","name":"Sweatshirt Epiro \u00e0 manches longues unisexe avec fermeture demi-zip - PERLE IN","isPartOf":{"@id":"https:\/\/perle-in.com\/#website"},"primaryImageOfPage":{"@id":"https:\/\/perle-in.com\/produit\/sweatshirt-epiro-a-manches-longues-unisexe-avec-fermeture-demi-zip\/#primaryimage"},"image":{"@id":"https:\/\/perle-in.com\/produit\/sweatshirt-epiro-a-manches-longues-unisexe-avec-fermeture-demi-zip\/#primaryimage"},"thumbnailUrl":"https:\/\/perle-in.com\/wp-content\/uploads\/2025\/10\/R11151B-1.jpg","datePublished":"2025-10-15T19:15:26+00:00","dateModified":"2025-10-15T19:16:00+00:00","breadcrumb":{"@id":"https:\/\/perle-in.com\/produit\/sweatshirt-epiro-a-manches-longues-unisexe-avec-fermeture-demi-zip\/#breadcrumb"},"inLanguage":"en-CA","potentialAction":[{"@type":"ReadAction","target":["https:\/\/perle-in.com\/produit\/sweatshirt-epiro-a-manches-longues-unisexe-avec-fermeture-demi-zip\/"]}]},{"@type":"ImageObject","inLanguage":"en-CA","@id":"https:\/\/perle-in.com\/produit\/sweatshirt-epiro-a-manches-longues-unisexe-avec-fermeture-demi-zip\/#primaryimage","url":"https:\/\/perle-in.com\/wp-content\/uploads\/2025\/10\/R11151B-1.jpg","contentUrl":"https:\/\/perle-in.com\/wp-content\/uploads\/2025\/10\/R11151B-1.jpg","width":1600,"height":1600},{"@type":"BreadcrumbList","@id":"https:\/\/perle-in.com\/produit\/sweatshirt-epiro-a-manches-longues-unisexe-avec-fermeture-demi-zip\/#breadcrumb","itemListElement":[{"@type":"ListItem","position":1,"name":"Accueil","item":"https:\/\/perle-in.com\/"},{"@type":"ListItem","position":2,"name":"Boutique","item":"https:\/\/perle-in.com\/boutique\/"},{"@type":"ListItem","position":3,"name":"Sweatshirt Epiro \u00e0 manches longues unisexe avec fermeture demi-zip"}]},{"@type":"WebSite","@id":"https:\/\/perle-in.com\/#website","url":"https:\/\/perle-in.com\/","name":"PERLE IN","description":"","publisher":{"@id":"https:\/\/perle-in.com\/#organization"},"potentialAction":[{"@type":"SearchAction","target":{"@type":"EntryPoint","urlTemplate":"https:\/\/perle-in.com\/?s={search_term_string}"},"query-input":{"@type":"PropertyValueSpecification","valueRequired":true,"valueName":"search_term_string"}}],"inLanguage":"en-CA"},{"@type":"Organization","@id":"https:\/\/perle-in.com\/#organization","name":"PERLE IN","url":"https:\/\/perle-in.com\/","logo":{"@type":"ImageObject","inLanguage":"en-CA","@id":"https:\/\/perle-in.com\/#\/schema\/logo\/image\/","url":"https:\/\/perle-in.com\/wp-content\/uploads\/2022\/12\/LOGO-PERLE-IN-COULEUR@3x.webp","contentUrl":"https:\/\/perle-in.com\/wp-content\/uploads\/2022\/12\/LOGO-PERLE-IN-COULEUR@3x.webp","width":1600,"height":490,"caption":"PERLE IN"},"image":{"@id":"https:\/\/perle-in.com\/#\/schema\/logo\/image\/"}}]}},"jetpack_sharing_enabled":true,"_links":{"self":[{"href":"https:\/\/perle-in.com\/en\/wp-json\/wp\/v2\/product\/567734","targetHints":{"allow":["GET"]}}],"collection":[{"href":"https:\/\/perle-in.com\/en\/wp-json\/wp\/v2\/product"}],"about":[{"href":"https:\/\/perle-in.com\/en\/wp-json\/wp\/v2\/types\/product"}],"version-history":[{"count":0,"href":"https:\/\/perle-in.com\/en\/wp-json\/wp\/v2\/product\/567734\/revisions"}],"wp:featuredmedia":[{"embeddable":true,"href":"https:\/\/perle-in.com\/en\/wp-json\/wp\/v2\/media\/567428"}],"wp:attachment":[{"href":"https:\/\/perle-in.com\/en\/wp-json\/wp\/v2\/media?parent=567734"}],"wp:term":[{"taxonomy":"product_brand","embeddable":true,"href":"https:\/\/perle-in.com\/en\/wp-json\/wp\/v2\/product_brand?post=567734"},{"taxonomy":"product_cat","embeddable":true,"href":"https:\/\/perle-in.com\/en\/wp-json\/wp\/v2\/product_cat?post=567734"},{"taxonomy":"product_tag","embeddable":true,"href":"https:\/\/perle-in.com\/en\/wp-json\/wp\/v2\/product_tag?post=567734"}],"curies":[{"name":"wp","href":"https:\/\/api.w.org\/{rel}","templated":true}]}}