{"id":567518,"date":"2025-10-15T21:07:35","date_gmt":"2025-10-15T19:07:35","guid":{"rendered":"https:\/\/perle-in.com\/produit\/bodywarmer-de-course-jannu-leger-unisexe\/"},"modified":"2025-10-15T21:08:01","modified_gmt":"2025-10-15T19:08:01","slug":"bodywarmer-de-course-jannu-leger-unisexe","status":"publish","type":"product","link":"https:\/\/perle-in.com\/en\/product\/bodywarmer-de-course-jannu-leger-unisexe\/","title":{"rendered":"Bodywarmer de course Jannu l\u00e9ger unisexe"},"content":{"rendered":"","protected":false},"excerpt":{"rendered":"<p>Coupe-vent et respirant. Fermeture \u00e0 glissi\u00e8re sur le devant avec prot\u00e8ge-menton assorti. Liser\u00e9 \u00e9lastique \u00e0 l\u2019emmanchure et au bas. Partie inf\u00e9rieure du dos en tissu microperfor\u00e9. D\u00e9tails fluorescents sur le dessus, le devant et dans le dos. Pochette avec lani\u00e8re \u00e9lastique pour ranger le gilet et le porter au poignet. \u00c9tiquette d\u00e9tachable.<\/p>","protected":false},"featured_media":566481,"template":"","meta":{"_eb_attr":""},"product_brand":[],"product_cat":[1250,1024],"product_tag":[2573,1115,754,1960,203,2548],"class_list":{"0":"post-567518","1":"product","2":"type-product","3":"status-publish","4":"has-post-thumbnail","6":"product_cat-bodywarmers","7":"product_cat-vetements","8":"product_tag-bodywarmer","9":"product_tag-course-a-pied","10":"product_tag-exercice","11":"product_tag-gilet","12":"product_tag-sport","13":"product_tag-veste","14":"pa_couleurs-bleu-royal","15":"pa_couleurs-jaune-fluo","16":"pa_couleurs-noir","17":"pa_couleurs-rouge","18":"pa_genre-unisex","19":"pa_marque-roly","20":"pa_matiere-100-polyester-70-g-m2-contrast-fabric-maille-finition-cool-fit-100-polyester-70-g-m2","21":"pa_pays-d-origine-bengladesh","22":"pa_taille-2xl","23":"pa_taille-l","24":"pa_taille-m","25":"pa_taille-s","26":"pa_taille-xl","27":"pa_taille-xs","29":"first","30":"instock","31":"shipping-taxable","32":"purchasable","33":"product-type-variable"},"yoast_head":"<!-- This site is optimized with the Yoast SEO plugin v27.4 - https:\/\/yoast.com\/product\/yoast-seo-wordpress\/ -->\n<title>Bodywarmer de course Jannu l\u00e9ger unisexe - PERLE IN<\/title>\n<meta name=\"robots\" content=\"noindex, follow, max-snippet:-1, max-image-preview:large, max-video-preview:-1\" \/>\n<meta property=\"og:locale\" content=\"en_US\" \/>\n<meta property=\"og:type\" content=\"article\" \/>\n<meta property=\"og:title\" content=\"Bodywarmer de course Jannu l\u00e9ger unisexe - PERLE IN\" \/>\n<meta property=\"og:description\" content=\"Coupe-vent et respirant. Fermeture \u00e0 glissi\u00e8re sur le devant avec prot\u00e8ge-menton assorti. Liser\u00e9 \u00e9lastique \u00e0 l\u2019emmanchure et au bas. Partie inf\u00e9rieure du dos en tissu microperfor\u00e9. D\u00e9tails fluorescents sur le dessus, le devant et dans le dos. Pochette avec lani\u00e8re \u00e9lastique pour ranger le gilet et le porter au poignet. \u00c9tiquette d\u00e9tachable.\" \/>\n<meta property=\"og:url\" content=\"https:\/\/perle-in.com\/en\/product\/bodywarmer-de-course-jannu-leger-unisexe\/\" \/>\n<meta property=\"og:site_name\" content=\"PERLE IN\" \/>\n<meta property=\"article:modified_time\" content=\"2025-10-15T19:08:01+00:00\" \/>\n<meta property=\"og:image\" content=\"https:\/\/perle-in.com\/wp-content\/uploads\/2025\/10\/R66841C-1.jpg\" \/>\n\t<meta property=\"og:image:width\" content=\"1600\" \/>\n\t<meta property=\"og:image:height\" content=\"1600\" \/>\n\t<meta property=\"og:image:type\" content=\"image\/jpeg\" \/>\n<meta name=\"twitter:card\" content=\"summary_large_image\" \/>\n<script type=\"application\/ld+json\" class=\"yoast-schema-graph\">{\"@context\":\"https:\\\/\\\/schema.org\",\"@graph\":[{\"@type\":\"WebPage\",\"@id\":\"https:\\\/\\\/perle-in.com\\\/produit\\\/bodywarmer-de-course-jannu-leger-unisexe\\\/\",\"url\":\"https:\\\/\\\/perle-in.com\\\/produit\\\/bodywarmer-de-course-jannu-leger-unisexe\\\/\",\"name\":\"Bodywarmer de course Jannu l\u00e9ger unisexe - PERLE IN\",\"isPartOf\":{\"@id\":\"https:\\\/\\\/perle-in.com\\\/#website\"},\"primaryImageOfPage\":{\"@id\":\"https:\\\/\\\/perle-in.com\\\/produit\\\/bodywarmer-de-course-jannu-leger-unisexe\\\/#primaryimage\"},\"image\":{\"@id\":\"https:\\\/\\\/perle-in.com\\\/produit\\\/bodywarmer-de-course-jannu-leger-unisexe\\\/#primaryimage\"},\"thumbnailUrl\":\"https:\\\/\\\/perle-in.com\\\/wp-content\\\/uploads\\\/2025\\\/10\\\/R66841C-1.jpg\",\"datePublished\":\"2025-10-15T19:07:35+00:00\",\"dateModified\":\"2025-10-15T19:08:01+00:00\",\"breadcrumb\":{\"@id\":\"https:\\\/\\\/perle-in.com\\\/produit\\\/bodywarmer-de-course-jannu-leger-unisexe\\\/#breadcrumb\"},\"inLanguage\":\"en-CA\",\"potentialAction\":[{\"@type\":\"ReadAction\",\"target\":[\"https:\\\/\\\/perle-in.com\\\/produit\\\/bodywarmer-de-course-jannu-leger-unisexe\\\/\"]}]},{\"@type\":\"ImageObject\",\"inLanguage\":\"en-CA\",\"@id\":\"https:\\\/\\\/perle-in.com\\\/produit\\\/bodywarmer-de-course-jannu-leger-unisexe\\\/#primaryimage\",\"url\":\"https:\\\/\\\/perle-in.com\\\/wp-content\\\/uploads\\\/2025\\\/10\\\/R66841C-1.jpg\",\"contentUrl\":\"https:\\\/\\\/perle-in.com\\\/wp-content\\\/uploads\\\/2025\\\/10\\\/R66841C-1.jpg\",\"width\":1600,\"height\":1600},{\"@type\":\"BreadcrumbList\",\"@id\":\"https:\\\/\\\/perle-in.com\\\/produit\\\/bodywarmer-de-course-jannu-leger-unisexe\\\/#breadcrumb\",\"itemListElement\":[{\"@type\":\"ListItem\",\"position\":1,\"name\":\"Accueil\",\"item\":\"https:\\\/\\\/perle-in.com\\\/\"},{\"@type\":\"ListItem\",\"position\":2,\"name\":\"Boutique\",\"item\":\"https:\\\/\\\/perle-in.com\\\/boutique\\\/\"},{\"@type\":\"ListItem\",\"position\":3,\"name\":\"Bodywarmer de course Jannu l\u00e9ger unisexe\"}]},{\"@type\":\"WebSite\",\"@id\":\"https:\\\/\\\/perle-in.com\\\/#website\",\"url\":\"https:\\\/\\\/perle-in.com\\\/\",\"name\":\"PERLE IN\",\"description\":\"\",\"publisher\":{\"@id\":\"https:\\\/\\\/perle-in.com\\\/#organization\"},\"potentialAction\":[{\"@type\":\"SearchAction\",\"target\":{\"@type\":\"EntryPoint\",\"urlTemplate\":\"https:\\\/\\\/perle-in.com\\\/?s={search_term_string}\"},\"query-input\":{\"@type\":\"PropertyValueSpecification\",\"valueRequired\":true,\"valueName\":\"search_term_string\"}}],\"inLanguage\":\"en-CA\"},{\"@type\":\"Organization\",\"@id\":\"https:\\\/\\\/perle-in.com\\\/#organization\",\"name\":\"PERLE IN\",\"url\":\"https:\\\/\\\/perle-in.com\\\/\",\"logo\":{\"@type\":\"ImageObject\",\"inLanguage\":\"en-CA\",\"@id\":\"https:\\\/\\\/perle-in.com\\\/#\\\/schema\\\/logo\\\/image\\\/\",\"url\":\"https:\\\/\\\/perle-in.com\\\/wp-content\\\/uploads\\\/2022\\\/12\\\/LOGO-PERLE-IN-COULEUR@3x.webp\",\"contentUrl\":\"https:\\\/\\\/perle-in.com\\\/wp-content\\\/uploads\\\/2022\\\/12\\\/LOGO-PERLE-IN-COULEUR@3x.webp\",\"width\":1600,\"height\":490,\"caption\":\"PERLE IN\"},\"image\":{\"@id\":\"https:\\\/\\\/perle-in.com\\\/#\\\/schema\\\/logo\\\/image\\\/\"}}]}<\/script>\n<!-- \/ Yoast SEO plugin. -->","yoast_head_json":{"title":"Bodywarmer de course Jannu l\u00e9ger unisexe - PERLE IN","robots":{"index":"noindex","follow":"follow","max-snippet":"max-snippet:-1","max-image-preview":"max-image-preview:large","max-video-preview":"max-video-preview:-1"},"og_locale":"en_US","og_type":"article","og_title":"Bodywarmer de course Jannu l\u00e9ger unisexe - PERLE IN","og_description":"Coupe-vent et respirant. Fermeture \u00e0 glissi\u00e8re sur le devant avec prot\u00e8ge-menton assorti. Liser\u00e9 \u00e9lastique \u00e0 l\u2019emmanchure et au bas. Partie inf\u00e9rieure du dos en tissu microperfor\u00e9. D\u00e9tails fluorescents sur le dessus, le devant et dans le dos. Pochette avec lani\u00e8re \u00e9lastique pour ranger le gilet et le porter au poignet. \u00c9tiquette d\u00e9tachable.","og_url":"https:\/\/perle-in.com\/en\/product\/bodywarmer-de-course-jannu-leger-unisexe\/","og_site_name":"PERLE IN","article_modified_time":"2025-10-15T19:08:01+00:00","og_image":[{"width":1600,"height":1600,"url":"https:\/\/perle-in.com\/wp-content\/uploads\/2025\/10\/R66841C-1.jpg","type":"image\/jpeg"}],"twitter_card":"summary_large_image","schema":{"@context":"https:\/\/schema.org","@graph":[{"@type":"WebPage","@id":"https:\/\/perle-in.com\/produit\/bodywarmer-de-course-jannu-leger-unisexe\/","url":"https:\/\/perle-in.com\/produit\/bodywarmer-de-course-jannu-leger-unisexe\/","name":"Bodywarmer de course Jannu l\u00e9ger unisexe - PERLE IN","isPartOf":{"@id":"https:\/\/perle-in.com\/#website"},"primaryImageOfPage":{"@id":"https:\/\/perle-in.com\/produit\/bodywarmer-de-course-jannu-leger-unisexe\/#primaryimage"},"image":{"@id":"https:\/\/perle-in.com\/produit\/bodywarmer-de-course-jannu-leger-unisexe\/#primaryimage"},"thumbnailUrl":"https:\/\/perle-in.com\/wp-content\/uploads\/2025\/10\/R66841C-1.jpg","datePublished":"2025-10-15T19:07:35+00:00","dateModified":"2025-10-15T19:08:01+00:00","breadcrumb":{"@id":"https:\/\/perle-in.com\/produit\/bodywarmer-de-course-jannu-leger-unisexe\/#breadcrumb"},"inLanguage":"en-CA","potentialAction":[{"@type":"ReadAction","target":["https:\/\/perle-in.com\/produit\/bodywarmer-de-course-jannu-leger-unisexe\/"]}]},{"@type":"ImageObject","inLanguage":"en-CA","@id":"https:\/\/perle-in.com\/produit\/bodywarmer-de-course-jannu-leger-unisexe\/#primaryimage","url":"https:\/\/perle-in.com\/wp-content\/uploads\/2025\/10\/R66841C-1.jpg","contentUrl":"https:\/\/perle-in.com\/wp-content\/uploads\/2025\/10\/R66841C-1.jpg","width":1600,"height":1600},{"@type":"BreadcrumbList","@id":"https:\/\/perle-in.com\/produit\/bodywarmer-de-course-jannu-leger-unisexe\/#breadcrumb","itemListElement":[{"@type":"ListItem","position":1,"name":"Accueil","item":"https:\/\/perle-in.com\/"},{"@type":"ListItem","position":2,"name":"Boutique","item":"https:\/\/perle-in.com\/boutique\/"},{"@type":"ListItem","position":3,"name":"Bodywarmer de course Jannu l\u00e9ger unisexe"}]},{"@type":"WebSite","@id":"https:\/\/perle-in.com\/#website","url":"https:\/\/perle-in.com\/","name":"PERLE IN","description":"","publisher":{"@id":"https:\/\/perle-in.com\/#organization"},"potentialAction":[{"@type":"SearchAction","target":{"@type":"EntryPoint","urlTemplate":"https:\/\/perle-in.com\/?s={search_term_string}"},"query-input":{"@type":"PropertyValueSpecification","valueRequired":true,"valueName":"search_term_string"}}],"inLanguage":"en-CA"},{"@type":"Organization","@id":"https:\/\/perle-in.com\/#organization","name":"PERLE IN","url":"https:\/\/perle-in.com\/","logo":{"@type":"ImageObject","inLanguage":"en-CA","@id":"https:\/\/perle-in.com\/#\/schema\/logo\/image\/","url":"https:\/\/perle-in.com\/wp-content\/uploads\/2022\/12\/LOGO-PERLE-IN-COULEUR@3x.webp","contentUrl":"https:\/\/perle-in.com\/wp-content\/uploads\/2022\/12\/LOGO-PERLE-IN-COULEUR@3x.webp","width":1600,"height":490,"caption":"PERLE IN"},"image":{"@id":"https:\/\/perle-in.com\/#\/schema\/logo\/image\/"}}]}},"jetpack_sharing_enabled":true,"_links":{"self":[{"href":"https:\/\/perle-in.com\/en\/wp-json\/wp\/v2\/product\/567518","targetHints":{"allow":["GET"]}}],"collection":[{"href":"https:\/\/perle-in.com\/en\/wp-json\/wp\/v2\/product"}],"about":[{"href":"https:\/\/perle-in.com\/en\/wp-json\/wp\/v2\/types\/product"}],"version-history":[{"count":0,"href":"https:\/\/perle-in.com\/en\/wp-json\/wp\/v2\/product\/567518\/revisions"}],"wp:featuredmedia":[{"embeddable":true,"href":"https:\/\/perle-in.com\/en\/wp-json\/wp\/v2\/media\/566481"}],"wp:attachment":[{"href":"https:\/\/perle-in.com\/en\/wp-json\/wp\/v2\/media?parent=567518"}],"wp:term":[{"taxonomy":"product_brand","embeddable":true,"href":"https:\/\/perle-in.com\/en\/wp-json\/wp\/v2\/product_brand?post=567518"},{"taxonomy":"product_cat","embeddable":true,"href":"https:\/\/perle-in.com\/en\/wp-json\/wp\/v2\/product_cat?post=567518"},{"taxonomy":"product_tag","embeddable":true,"href":"https:\/\/perle-in.com\/en\/wp-json\/wp\/v2\/product_tag?post=567518"}],"curies":[{"name":"wp","href":"https:\/\/api.w.org\/{rel}","templated":true}]}}