{"id":567250,"date":"2025-10-15T20:52:53","date_gmt":"2025-10-15T18:52:53","guid":{"rendered":"https:\/\/perle-in.com\/produit\/polo-de-sport-tamil-a-manches-courtes-pour-enfant\/"},"modified":"2025-10-15T20:53:25","modified_gmt":"2025-10-15T18:53:25","slug":"polo-de-sport-tamil-a-manches-courtes-pour-enfant","status":"publish","type":"product","link":"https:\/\/perle-in.com\/en\/product\/polo-de-sport-tamil-a-manches-courtes-pour-enfant\/","title":{"rendered":"Polo de sport Tamil \u00e0 manches courtes pour enfant"},"content":{"rendered":"","protected":false},"excerpt":{"rendered":"<p>Tissu en polyester recycl\u00e9 antibact\u00e9rien. Col et manches c\u00f4tel\u00e9s 1&#215;1. Surpiq\u00fbres renforc\u00e9es au niveau du col. Patte de boutonnage avec 2\u00a0boutons \u00e0 fermoir dissimul\u00e9s. D\u00e9tails et \u00e9paules contrast\u00e9s. Fentes lat\u00e9rales au niveau de l\u2019ourlet. \u00c9tiquette d\u00e9tachable.<\/p>","protected":false},"featured_media":567219,"template":"","meta":{"_eb_attr":""},"product_brand":[],"product_cat":[1256,1024],"product_tag":[2656,2366,237],"class_list":{"0":"post-567250","1":"product","2":"type-product","3":"status-publish","4":"has-post-thumbnail","6":"product_cat-polos","7":"product_cat-vetements","8":"product_tag-polo","9":"product_tag-polos","10":"product_tag-sports","11":"pa_couleurs-blanc-noir","12":"pa_couleurs-bleu-marine-blanc","13":"pa_couleurs-bleu-royal-blanc","14":"pa_couleurs-noir-blanc","15":"pa_couleurs-rouge-blanc","16":"pa_genre-kids","17":"pa_marque-roly","18":"pa_matiere-maille-piquee-finition-cool-fit-respirante-50-polyester-recycle-et-50-polyester-140-g-m","19":"pa_pays-d-origine-myanmar","20":"pa_taille-3454","21":"pa_taille-3533","22":"pa_taille-3452","23":"pa_taille-3453","25":"first","26":"instock","27":"shipping-taxable","28":"purchasable","29":"product-type-variable"},"yoast_head":"<!-- This site is optimized with the Yoast SEO plugin v27.4 - https:\/\/yoast.com\/product\/yoast-seo-wordpress\/ -->\n<title>Polo de sport Tamil \u00e0 manches courtes pour enfant - PERLE IN<\/title>\n<meta name=\"robots\" content=\"noindex, follow, max-snippet:-1, max-image-preview:large, max-video-preview:-1\" \/>\n<meta property=\"og:locale\" content=\"en_US\" \/>\n<meta property=\"og:type\" content=\"article\" \/>\n<meta property=\"og:title\" content=\"Polo de sport Tamil \u00e0 manches courtes pour enfant - PERLE IN\" \/>\n<meta property=\"og:description\" content=\"Tissu en polyester recycl\u00e9 antibact\u00e9rien. Col et manches c\u00f4tel\u00e9s 1x1. Surpiq\u00fbres renforc\u00e9es au niveau du col. Patte de boutonnage avec 2\u00a0boutons \u00e0 fermoir dissimul\u00e9s. D\u00e9tails et \u00e9paules contrast\u00e9s. Fentes lat\u00e9rales au niveau de l\u2019ourlet. \u00c9tiquette d\u00e9tachable.\" \/>\n<meta property=\"og:url\" content=\"https:\/\/perle-in.com\/en\/product\/polo-de-sport-tamil-a-manches-courtes-pour-enfant\/\" \/>\n<meta property=\"og:site_name\" content=\"PERLE IN\" \/>\n<meta property=\"article:modified_time\" content=\"2025-10-15T18:53:25+00:00\" \/>\n<meta property=\"og:image\" content=\"https:\/\/perle-in.com\/wp-content\/uploads\/2025\/10\/K04028C-2.jpg\" \/>\n\t<meta property=\"og:image:width\" content=\"1600\" \/>\n\t<meta property=\"og:image:height\" content=\"1600\" \/>\n\t<meta property=\"og:image:type\" content=\"image\/jpeg\" \/>\n<meta name=\"twitter:card\" content=\"summary_large_image\" \/>\n<script type=\"application\/ld+json\" class=\"yoast-schema-graph\">{\"@context\":\"https:\\\/\\\/schema.org\",\"@graph\":[{\"@type\":\"WebPage\",\"@id\":\"https:\\\/\\\/perle-in.com\\\/produit\\\/polo-de-sport-tamil-a-manches-courtes-pour-enfant\\\/\",\"url\":\"https:\\\/\\\/perle-in.com\\\/produit\\\/polo-de-sport-tamil-a-manches-courtes-pour-enfant\\\/\",\"name\":\"Polo de sport Tamil \u00e0 manches courtes pour enfant - PERLE IN\",\"isPartOf\":{\"@id\":\"https:\\\/\\\/perle-in.com\\\/#website\"},\"primaryImageOfPage\":{\"@id\":\"https:\\\/\\\/perle-in.com\\\/produit\\\/polo-de-sport-tamil-a-manches-courtes-pour-enfant\\\/#primaryimage\"},\"image\":{\"@id\":\"https:\\\/\\\/perle-in.com\\\/produit\\\/polo-de-sport-tamil-a-manches-courtes-pour-enfant\\\/#primaryimage\"},\"thumbnailUrl\":\"https:\\\/\\\/perle-in.com\\\/wp-content\\\/uploads\\\/2025\\\/10\\\/K04028C-2.jpg\",\"datePublished\":\"2025-10-15T18:52:53+00:00\",\"dateModified\":\"2025-10-15T18:53:25+00:00\",\"breadcrumb\":{\"@id\":\"https:\\\/\\\/perle-in.com\\\/produit\\\/polo-de-sport-tamil-a-manches-courtes-pour-enfant\\\/#breadcrumb\"},\"inLanguage\":\"en-CA\",\"potentialAction\":[{\"@type\":\"ReadAction\",\"target\":[\"https:\\\/\\\/perle-in.com\\\/produit\\\/polo-de-sport-tamil-a-manches-courtes-pour-enfant\\\/\"]}]},{\"@type\":\"ImageObject\",\"inLanguage\":\"en-CA\",\"@id\":\"https:\\\/\\\/perle-in.com\\\/produit\\\/polo-de-sport-tamil-a-manches-courtes-pour-enfant\\\/#primaryimage\",\"url\":\"https:\\\/\\\/perle-in.com\\\/wp-content\\\/uploads\\\/2025\\\/10\\\/K04028C-2.jpg\",\"contentUrl\":\"https:\\\/\\\/perle-in.com\\\/wp-content\\\/uploads\\\/2025\\\/10\\\/K04028C-2.jpg\",\"width\":1600,\"height\":1600},{\"@type\":\"BreadcrumbList\",\"@id\":\"https:\\\/\\\/perle-in.com\\\/produit\\\/polo-de-sport-tamil-a-manches-courtes-pour-enfant\\\/#breadcrumb\",\"itemListElement\":[{\"@type\":\"ListItem\",\"position\":1,\"name\":\"Accueil\",\"item\":\"https:\\\/\\\/perle-in.com\\\/\"},{\"@type\":\"ListItem\",\"position\":2,\"name\":\"Boutique\",\"item\":\"https:\\\/\\\/perle-in.com\\\/boutique\\\/\"},{\"@type\":\"ListItem\",\"position\":3,\"name\":\"Polo de sport Tamil \u00e0 manches courtes pour enfant\"}]},{\"@type\":\"WebSite\",\"@id\":\"https:\\\/\\\/perle-in.com\\\/#website\",\"url\":\"https:\\\/\\\/perle-in.com\\\/\",\"name\":\"PERLE IN\",\"description\":\"\",\"publisher\":{\"@id\":\"https:\\\/\\\/perle-in.com\\\/#organization\"},\"potentialAction\":[{\"@type\":\"SearchAction\",\"target\":{\"@type\":\"EntryPoint\",\"urlTemplate\":\"https:\\\/\\\/perle-in.com\\\/?s={search_term_string}\"},\"query-input\":{\"@type\":\"PropertyValueSpecification\",\"valueRequired\":true,\"valueName\":\"search_term_string\"}}],\"inLanguage\":\"en-CA\"},{\"@type\":\"Organization\",\"@id\":\"https:\\\/\\\/perle-in.com\\\/#organization\",\"name\":\"PERLE IN\",\"url\":\"https:\\\/\\\/perle-in.com\\\/\",\"logo\":{\"@type\":\"ImageObject\",\"inLanguage\":\"en-CA\",\"@id\":\"https:\\\/\\\/perle-in.com\\\/#\\\/schema\\\/logo\\\/image\\\/\",\"url\":\"https:\\\/\\\/perle-in.com\\\/wp-content\\\/uploads\\\/2022\\\/12\\\/LOGO-PERLE-IN-COULEUR@3x.webp\",\"contentUrl\":\"https:\\\/\\\/perle-in.com\\\/wp-content\\\/uploads\\\/2022\\\/12\\\/LOGO-PERLE-IN-COULEUR@3x.webp\",\"width\":1600,\"height\":490,\"caption\":\"PERLE IN\"},\"image\":{\"@id\":\"https:\\\/\\\/perle-in.com\\\/#\\\/schema\\\/logo\\\/image\\\/\"}}]}<\/script>\n<!-- \/ Yoast SEO plugin. -->","yoast_head_json":{"title":"Polo de sport Tamil \u00e0 manches courtes pour enfant - PERLE IN","robots":{"index":"noindex","follow":"follow","max-snippet":"max-snippet:-1","max-image-preview":"max-image-preview:large","max-video-preview":"max-video-preview:-1"},"og_locale":"en_US","og_type":"article","og_title":"Polo de sport Tamil \u00e0 manches courtes pour enfant - PERLE IN","og_description":"Tissu en polyester recycl\u00e9 antibact\u00e9rien. Col et manches c\u00f4tel\u00e9s 1x1. Surpiq\u00fbres renforc\u00e9es au niveau du col. Patte de boutonnage avec 2\u00a0boutons \u00e0 fermoir dissimul\u00e9s. D\u00e9tails et \u00e9paules contrast\u00e9s. Fentes lat\u00e9rales au niveau de l\u2019ourlet. \u00c9tiquette d\u00e9tachable.","og_url":"https:\/\/perle-in.com\/en\/product\/polo-de-sport-tamil-a-manches-courtes-pour-enfant\/","og_site_name":"PERLE IN","article_modified_time":"2025-10-15T18:53:25+00:00","og_image":[{"width":1600,"height":1600,"url":"https:\/\/perle-in.com\/wp-content\/uploads\/2025\/10\/K04028C-2.jpg","type":"image\/jpeg"}],"twitter_card":"summary_large_image","schema":{"@context":"https:\/\/schema.org","@graph":[{"@type":"WebPage","@id":"https:\/\/perle-in.com\/produit\/polo-de-sport-tamil-a-manches-courtes-pour-enfant\/","url":"https:\/\/perle-in.com\/produit\/polo-de-sport-tamil-a-manches-courtes-pour-enfant\/","name":"Polo de sport Tamil \u00e0 manches courtes pour enfant - PERLE IN","isPartOf":{"@id":"https:\/\/perle-in.com\/#website"},"primaryImageOfPage":{"@id":"https:\/\/perle-in.com\/produit\/polo-de-sport-tamil-a-manches-courtes-pour-enfant\/#primaryimage"},"image":{"@id":"https:\/\/perle-in.com\/produit\/polo-de-sport-tamil-a-manches-courtes-pour-enfant\/#primaryimage"},"thumbnailUrl":"https:\/\/perle-in.com\/wp-content\/uploads\/2025\/10\/K04028C-2.jpg","datePublished":"2025-10-15T18:52:53+00:00","dateModified":"2025-10-15T18:53:25+00:00","breadcrumb":{"@id":"https:\/\/perle-in.com\/produit\/polo-de-sport-tamil-a-manches-courtes-pour-enfant\/#breadcrumb"},"inLanguage":"en-CA","potentialAction":[{"@type":"ReadAction","target":["https:\/\/perle-in.com\/produit\/polo-de-sport-tamil-a-manches-courtes-pour-enfant\/"]}]},{"@type":"ImageObject","inLanguage":"en-CA","@id":"https:\/\/perle-in.com\/produit\/polo-de-sport-tamil-a-manches-courtes-pour-enfant\/#primaryimage","url":"https:\/\/perle-in.com\/wp-content\/uploads\/2025\/10\/K04028C-2.jpg","contentUrl":"https:\/\/perle-in.com\/wp-content\/uploads\/2025\/10\/K04028C-2.jpg","width":1600,"height":1600},{"@type":"BreadcrumbList","@id":"https:\/\/perle-in.com\/produit\/polo-de-sport-tamil-a-manches-courtes-pour-enfant\/#breadcrumb","itemListElement":[{"@type":"ListItem","position":1,"name":"Accueil","item":"https:\/\/perle-in.com\/"},{"@type":"ListItem","position":2,"name":"Boutique","item":"https:\/\/perle-in.com\/boutique\/"},{"@type":"ListItem","position":3,"name":"Polo de sport Tamil \u00e0 manches courtes pour enfant"}]},{"@type":"WebSite","@id":"https:\/\/perle-in.com\/#website","url":"https:\/\/perle-in.com\/","name":"PERLE IN","description":"","publisher":{"@id":"https:\/\/perle-in.com\/#organization"},"potentialAction":[{"@type":"SearchAction","target":{"@type":"EntryPoint","urlTemplate":"https:\/\/perle-in.com\/?s={search_term_string}"},"query-input":{"@type":"PropertyValueSpecification","valueRequired":true,"valueName":"search_term_string"}}],"inLanguage":"en-CA"},{"@type":"Organization","@id":"https:\/\/perle-in.com\/#organization","name":"PERLE IN","url":"https:\/\/perle-in.com\/","logo":{"@type":"ImageObject","inLanguage":"en-CA","@id":"https:\/\/perle-in.com\/#\/schema\/logo\/image\/","url":"https:\/\/perle-in.com\/wp-content\/uploads\/2022\/12\/LOGO-PERLE-IN-COULEUR@3x.webp","contentUrl":"https:\/\/perle-in.com\/wp-content\/uploads\/2022\/12\/LOGO-PERLE-IN-COULEUR@3x.webp","width":1600,"height":490,"caption":"PERLE IN"},"image":{"@id":"https:\/\/perle-in.com\/#\/schema\/logo\/image\/"}}]}},"jetpack_sharing_enabled":true,"_links":{"self":[{"href":"https:\/\/perle-in.com\/en\/wp-json\/wp\/v2\/product\/567250","targetHints":{"allow":["GET"]}}],"collection":[{"href":"https:\/\/perle-in.com\/en\/wp-json\/wp\/v2\/product"}],"about":[{"href":"https:\/\/perle-in.com\/en\/wp-json\/wp\/v2\/types\/product"}],"version-history":[{"count":0,"href":"https:\/\/perle-in.com\/en\/wp-json\/wp\/v2\/product\/567250\/revisions"}],"wp:featuredmedia":[{"embeddable":true,"href":"https:\/\/perle-in.com\/en\/wp-json\/wp\/v2\/media\/567219"}],"wp:attachment":[{"href":"https:\/\/perle-in.com\/en\/wp-json\/wp\/v2\/media?parent=567250"}],"wp:term":[{"taxonomy":"product_brand","embeddable":true,"href":"https:\/\/perle-in.com\/en\/wp-json\/wp\/v2\/product_brand?post=567250"},{"taxonomy":"product_cat","embeddable":true,"href":"https:\/\/perle-in.com\/en\/wp-json\/wp\/v2\/product_cat?post=567250"},{"taxonomy":"product_tag","embeddable":true,"href":"https:\/\/perle-in.com\/en\/wp-json\/wp\/v2\/product_tag?post=567250"}],"curies":[{"name":"wp","href":"https:\/\/api.w.org\/{rel}","templated":true}]}}