{"id":566365,"date":"2025-10-15T20:14:25","date_gmt":"2025-10-15T18:14:25","guid":{"rendered":"https:\/\/perle-in.com\/produit\/t-shirt-de-sport-detroit-a-manches-courtes-unisexe\/"},"modified":"2025-10-15T20:15:12","modified_gmt":"2025-10-15T18:15:12","slug":"t-shirt-de-sport-detroit-a-manches-courtes-unisexe","status":"publish","type":"product","link":"https:\/\/perle-in.com\/en\/product\/t-shirt-de-sport-detroit-a-manches-courtes-unisexe\/","title":{"rendered":"T-shirt de sport Detroit \u00e0 manches courtes unisexe"},"content":{"rendered":"","protected":false},"excerpt":{"rendered":"<p>Tissu technique et respirant, facile \u00e0 s\u00e9cher. Col ras-du-cou. Confectionn\u00e9 avec deux tissus en polyester sur le dos et les \u00e9paules. Tissu \u0153il d\u2019oiseau \u00e0 l\u2019avant et tissu en maille 3D respirant \u00e0 l\u2019arri\u00e8re. Tissu con\u00e7u pour absorber l\u2019humidit\u00e9. Point arri\u00e8re d\u00e9coratif en zigzag sur les c\u00f4t\u00e9s et les \u00e9paules. Patron du dos l\u00e9g\u00e8rement plus long. \u00c9tiquette d\u00e9tachable.<\/p>","protected":false},"featured_media":566320,"template":"","meta":{"_eb_attr":""},"product_brand":[],"product_cat":[1258,1024],"product_tag":[754,755,237,2376,2393,2378],"class_list":{"0":"post-566365","1":"product","2":"type-product","3":"status-publish","4":"has-post-thumbnail","6":"product_cat-t-shirts","7":"product_cat-vetements","8":"product_tag-exercice","9":"product_tag-gym","10":"product_tag-sports","11":"product_tag-t-shirt","12":"product_tag-tee-shirt","13":"product_tag-tshirt","14":"pa_couleurs-blanc-turquoise","15":"pa_couleurs-bleu-royal","16":"pa_couleurs-bleu-royal-royal-clair","17":"pa_couleurs-citron-vert-noir","18":"pa_couleurs-corail-fluo-noir","19":"pa_couleurs-ebene-noir","20":"pa_couleurs-fushia-noir","21":"pa_couleurs-rouge","22":"pa_genre-male","23":"pa_marque-roly","24":"pa_matiere-maille-finition-cool-fit-100-polyester-130-g-m2-contrast-fabric-maille-finition-cool-f","25":"pa_pays-d-origine-bengladesh","26":"pa_taille-2xl","27":"pa_taille-l","28":"pa_taille-m","29":"pa_taille-s","30":"pa_taille-xl","32":"first","33":"instock","34":"shipping-taxable","35":"purchasable","36":"product-type-variable"},"yoast_head":"<!-- This site is optimized with the Yoast SEO plugin v27.4 - https:\/\/yoast.com\/product\/yoast-seo-wordpress\/ -->\n<title>T-shirt de sport Detroit \u00e0 manches courtes unisexe - PERLE IN<\/title>\n<meta name=\"robots\" content=\"noindex, follow, max-snippet:-1, max-image-preview:large, max-video-preview:-1\" \/>\n<meta property=\"og:locale\" content=\"en_US\" \/>\n<meta property=\"og:type\" content=\"article\" \/>\n<meta property=\"og:title\" content=\"T-shirt de sport Detroit \u00e0 manches courtes unisexe - PERLE IN\" \/>\n<meta property=\"og:description\" content=\"Tissu technique et respirant, facile \u00e0 s\u00e9cher. Col ras-du-cou. Confectionn\u00e9 avec deux tissus en polyester sur le dos et les \u00e9paules. Tissu \u0153il d\u2019oiseau \u00e0 l\u2019avant et tissu en maille 3D respirant \u00e0 l\u2019arri\u00e8re. Tissu con\u00e7u pour absorber l\u2019humidit\u00e9. Point arri\u00e8re d\u00e9coratif en zigzag sur les c\u00f4t\u00e9s et les \u00e9paules. Patron du dos l\u00e9g\u00e8rement plus long. \u00c9tiquette d\u00e9tachable.\" \/>\n<meta property=\"og:url\" content=\"https:\/\/perle-in.com\/en\/product\/t-shirt-de-sport-detroit-a-manches-courtes-unisexe\/\" \/>\n<meta property=\"og:site_name\" content=\"PERLE IN\" \/>\n<meta property=\"article:modified_time\" content=\"2025-10-15T18:15:12+00:00\" \/>\n<meta property=\"og:image\" content=\"https:\/\/perle-in.com\/wp-content\/uploads\/2025\/10\/R66529C-1.jpg\" \/>\n\t<meta property=\"og:image:width\" content=\"1600\" \/>\n\t<meta property=\"og:image:height\" content=\"1600\" \/>\n\t<meta property=\"og:image:type\" content=\"image\/jpeg\" \/>\n<meta name=\"twitter:card\" content=\"summary_large_image\" \/>\n<script type=\"application\/ld+json\" class=\"yoast-schema-graph\">{\"@context\":\"https:\\\/\\\/schema.org\",\"@graph\":[{\"@type\":\"WebPage\",\"@id\":\"https:\\\/\\\/perle-in.com\\\/produit\\\/t-shirt-de-sport-detroit-a-manches-courtes-unisexe\\\/\",\"url\":\"https:\\\/\\\/perle-in.com\\\/produit\\\/t-shirt-de-sport-detroit-a-manches-courtes-unisexe\\\/\",\"name\":\"T-shirt de sport Detroit \u00e0 manches courtes unisexe - PERLE IN\",\"isPartOf\":{\"@id\":\"https:\\\/\\\/perle-in.com\\\/#website\"},\"primaryImageOfPage\":{\"@id\":\"https:\\\/\\\/perle-in.com\\\/produit\\\/t-shirt-de-sport-detroit-a-manches-courtes-unisexe\\\/#primaryimage\"},\"image\":{\"@id\":\"https:\\\/\\\/perle-in.com\\\/produit\\\/t-shirt-de-sport-detroit-a-manches-courtes-unisexe\\\/#primaryimage\"},\"thumbnailUrl\":\"https:\\\/\\\/perle-in.com\\\/wp-content\\\/uploads\\\/2025\\\/10\\\/R66529C-1.jpg\",\"datePublished\":\"2025-10-15T18:14:25+00:00\",\"dateModified\":\"2025-10-15T18:15:12+00:00\",\"breadcrumb\":{\"@id\":\"https:\\\/\\\/perle-in.com\\\/produit\\\/t-shirt-de-sport-detroit-a-manches-courtes-unisexe\\\/#breadcrumb\"},\"inLanguage\":\"en-CA\",\"potentialAction\":[{\"@type\":\"ReadAction\",\"target\":[\"https:\\\/\\\/perle-in.com\\\/produit\\\/t-shirt-de-sport-detroit-a-manches-courtes-unisexe\\\/\"]}]},{\"@type\":\"ImageObject\",\"inLanguage\":\"en-CA\",\"@id\":\"https:\\\/\\\/perle-in.com\\\/produit\\\/t-shirt-de-sport-detroit-a-manches-courtes-unisexe\\\/#primaryimage\",\"url\":\"https:\\\/\\\/perle-in.com\\\/wp-content\\\/uploads\\\/2025\\\/10\\\/R66529C-1.jpg\",\"contentUrl\":\"https:\\\/\\\/perle-in.com\\\/wp-content\\\/uploads\\\/2025\\\/10\\\/R66529C-1.jpg\",\"width\":1600,\"height\":1600},{\"@type\":\"BreadcrumbList\",\"@id\":\"https:\\\/\\\/perle-in.com\\\/produit\\\/t-shirt-de-sport-detroit-a-manches-courtes-unisexe\\\/#breadcrumb\",\"itemListElement\":[{\"@type\":\"ListItem\",\"position\":1,\"name\":\"Accueil\",\"item\":\"https:\\\/\\\/perle-in.com\\\/\"},{\"@type\":\"ListItem\",\"position\":2,\"name\":\"Boutique\",\"item\":\"https:\\\/\\\/perle-in.com\\\/boutique\\\/\"},{\"@type\":\"ListItem\",\"position\":3,\"name\":\"T-shirt de sport Detroit \u00e0 manches courtes unisexe\"}]},{\"@type\":\"WebSite\",\"@id\":\"https:\\\/\\\/perle-in.com\\\/#website\",\"url\":\"https:\\\/\\\/perle-in.com\\\/\",\"name\":\"PERLE IN\",\"description\":\"\",\"publisher\":{\"@id\":\"https:\\\/\\\/perle-in.com\\\/#organization\"},\"potentialAction\":[{\"@type\":\"SearchAction\",\"target\":{\"@type\":\"EntryPoint\",\"urlTemplate\":\"https:\\\/\\\/perle-in.com\\\/?s={search_term_string}\"},\"query-input\":{\"@type\":\"PropertyValueSpecification\",\"valueRequired\":true,\"valueName\":\"search_term_string\"}}],\"inLanguage\":\"en-CA\"},{\"@type\":\"Organization\",\"@id\":\"https:\\\/\\\/perle-in.com\\\/#organization\",\"name\":\"PERLE IN\",\"url\":\"https:\\\/\\\/perle-in.com\\\/\",\"logo\":{\"@type\":\"ImageObject\",\"inLanguage\":\"en-CA\",\"@id\":\"https:\\\/\\\/perle-in.com\\\/#\\\/schema\\\/logo\\\/image\\\/\",\"url\":\"https:\\\/\\\/perle-in.com\\\/wp-content\\\/uploads\\\/2022\\\/12\\\/LOGO-PERLE-IN-COULEUR@3x.webp\",\"contentUrl\":\"https:\\\/\\\/perle-in.com\\\/wp-content\\\/uploads\\\/2022\\\/12\\\/LOGO-PERLE-IN-COULEUR@3x.webp\",\"width\":1600,\"height\":490,\"caption\":\"PERLE IN\"},\"image\":{\"@id\":\"https:\\\/\\\/perle-in.com\\\/#\\\/schema\\\/logo\\\/image\\\/\"}}]}<\/script>\n<!-- \/ Yoast SEO plugin. -->","yoast_head_json":{"title":"T-shirt de sport Detroit \u00e0 manches courtes unisexe - PERLE IN","robots":{"index":"noindex","follow":"follow","max-snippet":"max-snippet:-1","max-image-preview":"max-image-preview:large","max-video-preview":"max-video-preview:-1"},"og_locale":"en_US","og_type":"article","og_title":"T-shirt de sport Detroit \u00e0 manches courtes unisexe - PERLE IN","og_description":"Tissu technique et respirant, facile \u00e0 s\u00e9cher. Col ras-du-cou. Confectionn\u00e9 avec deux tissus en polyester sur le dos et les \u00e9paules. Tissu \u0153il d\u2019oiseau \u00e0 l\u2019avant et tissu en maille 3D respirant \u00e0 l\u2019arri\u00e8re. Tissu con\u00e7u pour absorber l\u2019humidit\u00e9. Point arri\u00e8re d\u00e9coratif en zigzag sur les c\u00f4t\u00e9s et les \u00e9paules. Patron du dos l\u00e9g\u00e8rement plus long. \u00c9tiquette d\u00e9tachable.","og_url":"https:\/\/perle-in.com\/en\/product\/t-shirt-de-sport-detroit-a-manches-courtes-unisexe\/","og_site_name":"PERLE IN","article_modified_time":"2025-10-15T18:15:12+00:00","og_image":[{"width":1600,"height":1600,"url":"https:\/\/perle-in.com\/wp-content\/uploads\/2025\/10\/R66529C-1.jpg","type":"image\/jpeg"}],"twitter_card":"summary_large_image","schema":{"@context":"https:\/\/schema.org","@graph":[{"@type":"WebPage","@id":"https:\/\/perle-in.com\/produit\/t-shirt-de-sport-detroit-a-manches-courtes-unisexe\/","url":"https:\/\/perle-in.com\/produit\/t-shirt-de-sport-detroit-a-manches-courtes-unisexe\/","name":"T-shirt de sport Detroit \u00e0 manches courtes unisexe - PERLE IN","isPartOf":{"@id":"https:\/\/perle-in.com\/#website"},"primaryImageOfPage":{"@id":"https:\/\/perle-in.com\/produit\/t-shirt-de-sport-detroit-a-manches-courtes-unisexe\/#primaryimage"},"image":{"@id":"https:\/\/perle-in.com\/produit\/t-shirt-de-sport-detroit-a-manches-courtes-unisexe\/#primaryimage"},"thumbnailUrl":"https:\/\/perle-in.com\/wp-content\/uploads\/2025\/10\/R66529C-1.jpg","datePublished":"2025-10-15T18:14:25+00:00","dateModified":"2025-10-15T18:15:12+00:00","breadcrumb":{"@id":"https:\/\/perle-in.com\/produit\/t-shirt-de-sport-detroit-a-manches-courtes-unisexe\/#breadcrumb"},"inLanguage":"en-CA","potentialAction":[{"@type":"ReadAction","target":["https:\/\/perle-in.com\/produit\/t-shirt-de-sport-detroit-a-manches-courtes-unisexe\/"]}]},{"@type":"ImageObject","inLanguage":"en-CA","@id":"https:\/\/perle-in.com\/produit\/t-shirt-de-sport-detroit-a-manches-courtes-unisexe\/#primaryimage","url":"https:\/\/perle-in.com\/wp-content\/uploads\/2025\/10\/R66529C-1.jpg","contentUrl":"https:\/\/perle-in.com\/wp-content\/uploads\/2025\/10\/R66529C-1.jpg","width":1600,"height":1600},{"@type":"BreadcrumbList","@id":"https:\/\/perle-in.com\/produit\/t-shirt-de-sport-detroit-a-manches-courtes-unisexe\/#breadcrumb","itemListElement":[{"@type":"ListItem","position":1,"name":"Accueil","item":"https:\/\/perle-in.com\/"},{"@type":"ListItem","position":2,"name":"Boutique","item":"https:\/\/perle-in.com\/boutique\/"},{"@type":"ListItem","position":3,"name":"T-shirt de sport Detroit \u00e0 manches courtes unisexe"}]},{"@type":"WebSite","@id":"https:\/\/perle-in.com\/#website","url":"https:\/\/perle-in.com\/","name":"PERLE IN","description":"","publisher":{"@id":"https:\/\/perle-in.com\/#organization"},"potentialAction":[{"@type":"SearchAction","target":{"@type":"EntryPoint","urlTemplate":"https:\/\/perle-in.com\/?s={search_term_string}"},"query-input":{"@type":"PropertyValueSpecification","valueRequired":true,"valueName":"search_term_string"}}],"inLanguage":"en-CA"},{"@type":"Organization","@id":"https:\/\/perle-in.com\/#organization","name":"PERLE IN","url":"https:\/\/perle-in.com\/","logo":{"@type":"ImageObject","inLanguage":"en-CA","@id":"https:\/\/perle-in.com\/#\/schema\/logo\/image\/","url":"https:\/\/perle-in.com\/wp-content\/uploads\/2022\/12\/LOGO-PERLE-IN-COULEUR@3x.webp","contentUrl":"https:\/\/perle-in.com\/wp-content\/uploads\/2022\/12\/LOGO-PERLE-IN-COULEUR@3x.webp","width":1600,"height":490,"caption":"PERLE IN"},"image":{"@id":"https:\/\/perle-in.com\/#\/schema\/logo\/image\/"}}]}},"jetpack_sharing_enabled":true,"_links":{"self":[{"href":"https:\/\/perle-in.com\/en\/wp-json\/wp\/v2\/product\/566365","targetHints":{"allow":["GET"]}}],"collection":[{"href":"https:\/\/perle-in.com\/en\/wp-json\/wp\/v2\/product"}],"about":[{"href":"https:\/\/perle-in.com\/en\/wp-json\/wp\/v2\/types\/product"}],"version-history":[{"count":0,"href":"https:\/\/perle-in.com\/en\/wp-json\/wp\/v2\/product\/566365\/revisions"}],"wp:featuredmedia":[{"embeddable":true,"href":"https:\/\/perle-in.com\/en\/wp-json\/wp\/v2\/media\/566320"}],"wp:attachment":[{"href":"https:\/\/perle-in.com\/en\/wp-json\/wp\/v2\/media?parent=566365"}],"wp:term":[{"taxonomy":"product_brand","embeddable":true,"href":"https:\/\/perle-in.com\/en\/wp-json\/wp\/v2\/product_brand?post=566365"},{"taxonomy":"product_cat","embeddable":true,"href":"https:\/\/perle-in.com\/en\/wp-json\/wp\/v2\/product_cat?post=566365"},{"taxonomy":"product_tag","embeddable":true,"href":"https:\/\/perle-in.com\/en\/wp-json\/wp\/v2\/product_tag?post=566365"}],"curies":[{"name":"wp","href":"https:\/\/api.w.org\/{rel}","templated":true}]}}