{"id":565211,"date":"2025-10-15T19:34:40","date_gmt":"2025-10-15T17:34:40","guid":{"rendered":"https:\/\/perle-in.com\/produit\/grand-album-aquarelle-moleskine\/"},"modified":"2025-10-15T19:34:41","modified_gmt":"2025-10-15T17:34:41","slug":"grand-album-aquarelle-moleskine","status":"publish","type":"product","link":"https:\/\/perle-in.com\/en\/product\/grand-album-aquarelle-moleskine\/","title":{"rendered":"Grand album aquarelle Moleskine"},"content":{"rendered":"","protected":false},"excerpt":{"rendered":"<p>Le grand album \u00e0 aquarelle Moleskine est un carnet \u00e0 couverture rigide haut de gamme con\u00e7u pour les artistes, comprenant 72 pages de papier press\u00e9 \u00e0 froid sans acide de 200 g\/m2, id\u00e9al pour l\u2019aquarelle, les croquis et les techniques mixtes. Mesurant 13\u00a0x\u00a021\u00a0cm, il est dot\u00e9 d\u2019une fermeture \u00e9lastique et d\u2019une poche int\u00e9rieure extensible. Un outil id\u00e9al pour la cr\u00e9ativit\u00e9 en d\u00e9placement\u00a0! Le papier de haute qualit\u00e9 garantit une excellente capacit\u00e9 d\u2019absorption et une d\u00e9formation minimale.<\/p>","protected":false},"featured_media":565204,"template":"","meta":{"_eb_attr":""},"product_brand":[],"product_cat":[587,4196],"product_tag":[3718,3717,3238,1513,3052,1542],"class_list":{"0":"post-565211","1":"product","2":"type-product","3":"status-publish","4":"has-post-thumbnail","6":"product_cat-bloc-notes-couverture-rigide","7":"product_cat-blocs-notes-et-papeterie-personnalisee","8":"product_tag-album","9":"product_tag-aquarelle","10":"product_tag-art","11":"product_tag-carnet","12":"product_tag-dessin","13":"product_tag-moleskine","14":"pa_couleurs-noir","15":"pa_marque-moleskine","17":"first","18":"instock","19":"shipping-taxable","20":"purchasable","21":"product-type-variable"},"yoast_head":"<!-- This site is optimized with the Yoast SEO plugin v27.4 - https:\/\/yoast.com\/product\/yoast-seo-wordpress\/ -->\n<title>Grand album aquarelle Moleskine - PERLE IN<\/title>\n<meta name=\"robots\" content=\"noindex, follow, max-snippet:-1, max-image-preview:large, max-video-preview:-1\" \/>\n<meta property=\"og:locale\" content=\"en_US\" \/>\n<meta property=\"og:type\" content=\"article\" \/>\n<meta property=\"og:title\" content=\"Grand album aquarelle Moleskine - PERLE IN\" \/>\n<meta property=\"og:description\" content=\"Le grand album \u00e0 aquarelle Moleskine est un carnet \u00e0 couverture rigide haut de gamme con\u00e7u pour les artistes, comprenant 72 pages de papier press\u00e9 \u00e0 froid sans acide de 200 g\/m2, id\u00e9al pour l\u2019aquarelle, les croquis et les techniques mixtes. Mesurant 13\u00a0x\u00a021\u00a0cm, il est dot\u00e9 d\u2019une fermeture \u00e9lastique et d\u2019une poche int\u00e9rieure extensible. Un outil id\u00e9al pour la cr\u00e9ativit\u00e9 en d\u00e9placement\u00a0! Le papier de haute qualit\u00e9 garantit une excellente capacit\u00e9 d\u2019absorption et une d\u00e9formation minimale.\" \/>\n<meta property=\"og:url\" content=\"https:\/\/perle-in.com\/en\/product\/grand-album-aquarelle-moleskine\/\" \/>\n<meta property=\"og:site_name\" content=\"PERLE IN\" \/>\n<meta property=\"article:modified_time\" content=\"2025-10-15T17:34:41+00:00\" \/>\n<meta property=\"og:image\" content=\"https:\/\/perle-in.com\/wp-content\/uploads\/2025\/10\/10795490-1.jpg\" \/>\n\t<meta property=\"og:image:width\" content=\"1600\" \/>\n\t<meta property=\"og:image:height\" content=\"1600\" \/>\n\t<meta property=\"og:image:type\" content=\"image\/jpeg\" \/>\n<meta name=\"twitter:card\" content=\"summary_large_image\" \/>\n<script type=\"application\/ld+json\" class=\"yoast-schema-graph\">{\"@context\":\"https:\\\/\\\/schema.org\",\"@graph\":[{\"@type\":\"WebPage\",\"@id\":\"https:\\\/\\\/perle-in.com\\\/produit\\\/grand-album-aquarelle-moleskine\\\/\",\"url\":\"https:\\\/\\\/perle-in.com\\\/produit\\\/grand-album-aquarelle-moleskine\\\/\",\"name\":\"Grand album aquarelle Moleskine - PERLE IN\",\"isPartOf\":{\"@id\":\"https:\\\/\\\/perle-in.com\\\/#website\"},\"primaryImageOfPage\":{\"@id\":\"https:\\\/\\\/perle-in.com\\\/produit\\\/grand-album-aquarelle-moleskine\\\/#primaryimage\"},\"image\":{\"@id\":\"https:\\\/\\\/perle-in.com\\\/produit\\\/grand-album-aquarelle-moleskine\\\/#primaryimage\"},\"thumbnailUrl\":\"https:\\\/\\\/perle-in.com\\\/wp-content\\\/uploads\\\/2025\\\/10\\\/10795490-1.jpg\",\"datePublished\":\"2025-10-15T17:34:40+00:00\",\"dateModified\":\"2025-10-15T17:34:41+00:00\",\"breadcrumb\":{\"@id\":\"https:\\\/\\\/perle-in.com\\\/produit\\\/grand-album-aquarelle-moleskine\\\/#breadcrumb\"},\"inLanguage\":\"en-CA\",\"potentialAction\":[{\"@type\":\"ReadAction\",\"target\":[\"https:\\\/\\\/perle-in.com\\\/produit\\\/grand-album-aquarelle-moleskine\\\/\"]}]},{\"@type\":\"ImageObject\",\"inLanguage\":\"en-CA\",\"@id\":\"https:\\\/\\\/perle-in.com\\\/produit\\\/grand-album-aquarelle-moleskine\\\/#primaryimage\",\"url\":\"https:\\\/\\\/perle-in.com\\\/wp-content\\\/uploads\\\/2025\\\/10\\\/10795490-1.jpg\",\"contentUrl\":\"https:\\\/\\\/perle-in.com\\\/wp-content\\\/uploads\\\/2025\\\/10\\\/10795490-1.jpg\",\"width\":1600,\"height\":1600},{\"@type\":\"BreadcrumbList\",\"@id\":\"https:\\\/\\\/perle-in.com\\\/produit\\\/grand-album-aquarelle-moleskine\\\/#breadcrumb\",\"itemListElement\":[{\"@type\":\"ListItem\",\"position\":1,\"name\":\"Accueil\",\"item\":\"https:\\\/\\\/perle-in.com\\\/\"},{\"@type\":\"ListItem\",\"position\":2,\"name\":\"Boutique\",\"item\":\"https:\\\/\\\/perle-in.com\\\/boutique\\\/\"},{\"@type\":\"ListItem\",\"position\":3,\"name\":\"Grand album aquarelle Moleskine\"}]},{\"@type\":\"WebSite\",\"@id\":\"https:\\\/\\\/perle-in.com\\\/#website\",\"url\":\"https:\\\/\\\/perle-in.com\\\/\",\"name\":\"PERLE IN\",\"description\":\"\",\"publisher\":{\"@id\":\"https:\\\/\\\/perle-in.com\\\/#organization\"},\"potentialAction\":[{\"@type\":\"SearchAction\",\"target\":{\"@type\":\"EntryPoint\",\"urlTemplate\":\"https:\\\/\\\/perle-in.com\\\/?s={search_term_string}\"},\"query-input\":{\"@type\":\"PropertyValueSpecification\",\"valueRequired\":true,\"valueName\":\"search_term_string\"}}],\"inLanguage\":\"en-CA\"},{\"@type\":\"Organization\",\"@id\":\"https:\\\/\\\/perle-in.com\\\/#organization\",\"name\":\"PERLE IN\",\"url\":\"https:\\\/\\\/perle-in.com\\\/\",\"logo\":{\"@type\":\"ImageObject\",\"inLanguage\":\"en-CA\",\"@id\":\"https:\\\/\\\/perle-in.com\\\/#\\\/schema\\\/logo\\\/image\\\/\",\"url\":\"https:\\\/\\\/perle-in.com\\\/wp-content\\\/uploads\\\/2022\\\/12\\\/LOGO-PERLE-IN-COULEUR@3x.webp\",\"contentUrl\":\"https:\\\/\\\/perle-in.com\\\/wp-content\\\/uploads\\\/2022\\\/12\\\/LOGO-PERLE-IN-COULEUR@3x.webp\",\"width\":1600,\"height\":490,\"caption\":\"PERLE IN\"},\"image\":{\"@id\":\"https:\\\/\\\/perle-in.com\\\/#\\\/schema\\\/logo\\\/image\\\/\"}}]}<\/script>\n<!-- \/ Yoast SEO plugin. -->","yoast_head_json":{"title":"Grand album aquarelle Moleskine - PERLE IN","robots":{"index":"noindex","follow":"follow","max-snippet":"max-snippet:-1","max-image-preview":"max-image-preview:large","max-video-preview":"max-video-preview:-1"},"og_locale":"en_US","og_type":"article","og_title":"Grand album aquarelle Moleskine - PERLE IN","og_description":"Le grand album \u00e0 aquarelle Moleskine est un carnet \u00e0 couverture rigide haut de gamme con\u00e7u pour les artistes, comprenant 72 pages de papier press\u00e9 \u00e0 froid sans acide de 200 g\/m2, id\u00e9al pour l\u2019aquarelle, les croquis et les techniques mixtes. Mesurant 13\u00a0x\u00a021\u00a0cm, il est dot\u00e9 d\u2019une fermeture \u00e9lastique et d\u2019une poche int\u00e9rieure extensible. Un outil id\u00e9al pour la cr\u00e9ativit\u00e9 en d\u00e9placement\u00a0! Le papier de haute qualit\u00e9 garantit une excellente capacit\u00e9 d\u2019absorption et une d\u00e9formation minimale.","og_url":"https:\/\/perle-in.com\/en\/product\/grand-album-aquarelle-moleskine\/","og_site_name":"PERLE IN","article_modified_time":"2025-10-15T17:34:41+00:00","og_image":[{"width":1600,"height":1600,"url":"https:\/\/perle-in.com\/wp-content\/uploads\/2025\/10\/10795490-1.jpg","type":"image\/jpeg"}],"twitter_card":"summary_large_image","schema":{"@context":"https:\/\/schema.org","@graph":[{"@type":"WebPage","@id":"https:\/\/perle-in.com\/produit\/grand-album-aquarelle-moleskine\/","url":"https:\/\/perle-in.com\/produit\/grand-album-aquarelle-moleskine\/","name":"Grand album aquarelle Moleskine - PERLE IN","isPartOf":{"@id":"https:\/\/perle-in.com\/#website"},"primaryImageOfPage":{"@id":"https:\/\/perle-in.com\/produit\/grand-album-aquarelle-moleskine\/#primaryimage"},"image":{"@id":"https:\/\/perle-in.com\/produit\/grand-album-aquarelle-moleskine\/#primaryimage"},"thumbnailUrl":"https:\/\/perle-in.com\/wp-content\/uploads\/2025\/10\/10795490-1.jpg","datePublished":"2025-10-15T17:34:40+00:00","dateModified":"2025-10-15T17:34:41+00:00","breadcrumb":{"@id":"https:\/\/perle-in.com\/produit\/grand-album-aquarelle-moleskine\/#breadcrumb"},"inLanguage":"en-CA","potentialAction":[{"@type":"ReadAction","target":["https:\/\/perle-in.com\/produit\/grand-album-aquarelle-moleskine\/"]}]},{"@type":"ImageObject","inLanguage":"en-CA","@id":"https:\/\/perle-in.com\/produit\/grand-album-aquarelle-moleskine\/#primaryimage","url":"https:\/\/perle-in.com\/wp-content\/uploads\/2025\/10\/10795490-1.jpg","contentUrl":"https:\/\/perle-in.com\/wp-content\/uploads\/2025\/10\/10795490-1.jpg","width":1600,"height":1600},{"@type":"BreadcrumbList","@id":"https:\/\/perle-in.com\/produit\/grand-album-aquarelle-moleskine\/#breadcrumb","itemListElement":[{"@type":"ListItem","position":1,"name":"Accueil","item":"https:\/\/perle-in.com\/"},{"@type":"ListItem","position":2,"name":"Boutique","item":"https:\/\/perle-in.com\/boutique\/"},{"@type":"ListItem","position":3,"name":"Grand album aquarelle Moleskine"}]},{"@type":"WebSite","@id":"https:\/\/perle-in.com\/#website","url":"https:\/\/perle-in.com\/","name":"PERLE IN","description":"","publisher":{"@id":"https:\/\/perle-in.com\/#organization"},"potentialAction":[{"@type":"SearchAction","target":{"@type":"EntryPoint","urlTemplate":"https:\/\/perle-in.com\/?s={search_term_string}"},"query-input":{"@type":"PropertyValueSpecification","valueRequired":true,"valueName":"search_term_string"}}],"inLanguage":"en-CA"},{"@type":"Organization","@id":"https:\/\/perle-in.com\/#organization","name":"PERLE IN","url":"https:\/\/perle-in.com\/","logo":{"@type":"ImageObject","inLanguage":"en-CA","@id":"https:\/\/perle-in.com\/#\/schema\/logo\/image\/","url":"https:\/\/perle-in.com\/wp-content\/uploads\/2022\/12\/LOGO-PERLE-IN-COULEUR@3x.webp","contentUrl":"https:\/\/perle-in.com\/wp-content\/uploads\/2022\/12\/LOGO-PERLE-IN-COULEUR@3x.webp","width":1600,"height":490,"caption":"PERLE IN"},"image":{"@id":"https:\/\/perle-in.com\/#\/schema\/logo\/image\/"}}]}},"jetpack_sharing_enabled":true,"_links":{"self":[{"href":"https:\/\/perle-in.com\/en\/wp-json\/wp\/v2\/product\/565211","targetHints":{"allow":["GET"]}}],"collection":[{"href":"https:\/\/perle-in.com\/en\/wp-json\/wp\/v2\/product"}],"about":[{"href":"https:\/\/perle-in.com\/en\/wp-json\/wp\/v2\/types\/product"}],"version-history":[{"count":0,"href":"https:\/\/perle-in.com\/en\/wp-json\/wp\/v2\/product\/565211\/revisions"}],"wp:featuredmedia":[{"embeddable":true,"href":"https:\/\/perle-in.com\/en\/wp-json\/wp\/v2\/media\/565204"}],"wp:attachment":[{"href":"https:\/\/perle-in.com\/en\/wp-json\/wp\/v2\/media?parent=565211"}],"wp:term":[{"taxonomy":"product_brand","embeddable":true,"href":"https:\/\/perle-in.com\/en\/wp-json\/wp\/v2\/product_brand?post=565211"},{"taxonomy":"product_cat","embeddable":true,"href":"https:\/\/perle-in.com\/en\/wp-json\/wp\/v2\/product_cat?post=565211"},{"taxonomy":"product_tag","embeddable":true,"href":"https:\/\/perle-in.com\/en\/wp-json\/wp\/v2\/product_tag?post=565211"}],"curies":[{"name":"wp","href":"https:\/\/api.w.org\/{rel}","templated":true}]}}