{"id":565201,"date":"2025-10-15T19:32:57","date_gmt":"2025-10-15T17:32:57","guid":{"rendered":"https:\/\/perle-in.com\/produit\/carnet-l-moleskine-smart-ligne\/"},"modified":"2025-10-15T19:32:59","modified_gmt":"2025-10-15T17:32:59","slug":"carnet-l-moleskine-smart-ligne","status":"publish","type":"product","link":"https:\/\/perle-in.com\/en\/product\/carnet-l-moleskine-smart-ligne\/","title":{"rendered":"Carnet L Moleskine Smart &#8211; lign\u00e9"},"content":{"rendered":"","protected":false},"excerpt":{"rendered":"<p>Au c\u0153ur de la gamme Smart Writing Set de Moleskine se trouve le Smart Notebook, avec sa forme Moleskine classique et son papier ivoire. Chaque page contient des Ncodes invisibles qui permettent au Smart Pen de cr\u00e9er une copie num\u00e9rique instantan\u00e9e de chaque mot et croquis dans l&#8217;application Moleskine Notes. Il est dot\u00e9 d&#8217;une fermeture \u00e9lastique, d&#8217;un papier lign\u00e9es sans acide de 100 g\/m\u00b2 de couleur ivoire, d&#8217;un papier sp\u00e9cial con\u00e7u pour fonctionner avec le Smart Pen de Moleskine, d&#8217;un avis \u00ab &#8216;En cas de perte \u00bb imprim\u00e9 sur la page de garde et d&#8217;une pochette int\u00e9rieure extensible au verso.<\/p>","protected":false},"featured_media":565191,"template":"","meta":{"_eb_attr":""},"product_brand":[],"product_cat":[587,4196],"product_tag":[1513,3716,1514,1547,1542],"class_list":{"0":"post-565201","1":"product","2":"type-product","3":"status-publish","4":"has-post-thumbnail","6":"product_cat-bloc-notes-couverture-rigide","7":"product_cat-blocs-notes-et-papeterie-personnalisee","8":"product_tag-carnet","9":"product_tag-carnet-digital","10":"product_tag-carnets","11":"product_tag-couverture-rigide","12":"product_tag-moleskine","13":"pa_couleurs-bleu","14":"pa_couleurs-noir","15":"pa_marque-moleskine","17":"first","18":"instock","19":"shipping-taxable","20":"purchasable","21":"product-type-variable"},"yoast_head":"<!-- This site is optimized with the Yoast SEO plugin v27.4 - https:\/\/yoast.com\/product\/yoast-seo-wordpress\/ -->\n<title>Carnet L Moleskine Smart - lign\u00e9 - PERLE IN<\/title>\n<meta name=\"robots\" content=\"noindex, follow, max-snippet:-1, max-image-preview:large, max-video-preview:-1\" \/>\n<meta property=\"og:locale\" content=\"en_US\" \/>\n<meta property=\"og:type\" content=\"article\" \/>\n<meta property=\"og:title\" content=\"Carnet L Moleskine Smart - lign\u00e9 - PERLE IN\" \/>\n<meta property=\"og:description\" content=\"Au c\u0153ur de la gamme Smart Writing Set de Moleskine se trouve le Smart Notebook, avec sa forme Moleskine classique et son papier ivoire. Chaque page contient des Ncodes invisibles qui permettent au Smart Pen de cr\u00e9er une copie num\u00e9rique instantan\u00e9e de chaque mot et croquis dans l&#039;application Moleskine Notes. Il est dot\u00e9 d&#039;une fermeture \u00e9lastique, d&#039;un papier lign\u00e9es sans acide de 100 g\/m\u00b2 de couleur ivoire, d&#039;un papier sp\u00e9cial con\u00e7u pour fonctionner avec le Smart Pen de Moleskine, d&#039;un avis \u00ab &#039;En cas de perte \u00bb imprim\u00e9 sur la page de garde et d&#039;une pochette int\u00e9rieure extensible au verso.\" \/>\n<meta property=\"og:url\" content=\"https:\/\/perle-in.com\/en\/product\/carnet-l-moleskine-smart-ligne\/\" \/>\n<meta property=\"og:site_name\" content=\"PERLE IN\" \/>\n<meta property=\"article:modified_time\" content=\"2025-10-15T17:32:59+00:00\" \/>\n<meta property=\"og:image\" content=\"https:\/\/perle-in.com\/wp-content\/uploads\/2025\/10\/10795352-1.jpg\" \/>\n\t<meta property=\"og:image:width\" content=\"1600\" \/>\n\t<meta property=\"og:image:height\" content=\"1600\" \/>\n\t<meta property=\"og:image:type\" content=\"image\/jpeg\" \/>\n<meta name=\"twitter:card\" content=\"summary_large_image\" \/>\n<script type=\"application\/ld+json\" class=\"yoast-schema-graph\">{\"@context\":\"https:\\\/\\\/schema.org\",\"@graph\":[{\"@type\":\"WebPage\",\"@id\":\"https:\\\/\\\/perle-in.com\\\/produit\\\/carnet-l-moleskine-smart-ligne\\\/\",\"url\":\"https:\\\/\\\/perle-in.com\\\/produit\\\/carnet-l-moleskine-smart-ligne\\\/\",\"name\":\"Carnet L Moleskine Smart - lign\u00e9 - PERLE IN\",\"isPartOf\":{\"@id\":\"https:\\\/\\\/perle-in.com\\\/#website\"},\"primaryImageOfPage\":{\"@id\":\"https:\\\/\\\/perle-in.com\\\/produit\\\/carnet-l-moleskine-smart-ligne\\\/#primaryimage\"},\"image\":{\"@id\":\"https:\\\/\\\/perle-in.com\\\/produit\\\/carnet-l-moleskine-smart-ligne\\\/#primaryimage\"},\"thumbnailUrl\":\"https:\\\/\\\/perle-in.com\\\/wp-content\\\/uploads\\\/2025\\\/10\\\/10795352-1.jpg\",\"datePublished\":\"2025-10-15T17:32:57+00:00\",\"dateModified\":\"2025-10-15T17:32:59+00:00\",\"breadcrumb\":{\"@id\":\"https:\\\/\\\/perle-in.com\\\/produit\\\/carnet-l-moleskine-smart-ligne\\\/#breadcrumb\"},\"inLanguage\":\"en-CA\",\"potentialAction\":[{\"@type\":\"ReadAction\",\"target\":[\"https:\\\/\\\/perle-in.com\\\/produit\\\/carnet-l-moleskine-smart-ligne\\\/\"]}]},{\"@type\":\"ImageObject\",\"inLanguage\":\"en-CA\",\"@id\":\"https:\\\/\\\/perle-in.com\\\/produit\\\/carnet-l-moleskine-smart-ligne\\\/#primaryimage\",\"url\":\"https:\\\/\\\/perle-in.com\\\/wp-content\\\/uploads\\\/2025\\\/10\\\/10795352-1.jpg\",\"contentUrl\":\"https:\\\/\\\/perle-in.com\\\/wp-content\\\/uploads\\\/2025\\\/10\\\/10795352-1.jpg\",\"width\":1600,\"height\":1600},{\"@type\":\"BreadcrumbList\",\"@id\":\"https:\\\/\\\/perle-in.com\\\/produit\\\/carnet-l-moleskine-smart-ligne\\\/#breadcrumb\",\"itemListElement\":[{\"@type\":\"ListItem\",\"position\":1,\"name\":\"Accueil\",\"item\":\"https:\\\/\\\/perle-in.com\\\/\"},{\"@type\":\"ListItem\",\"position\":2,\"name\":\"Boutique\",\"item\":\"https:\\\/\\\/perle-in.com\\\/boutique\\\/\"},{\"@type\":\"ListItem\",\"position\":3,\"name\":\"Carnet L Moleskine Smart &#8211; lign\u00e9\"}]},{\"@type\":\"WebSite\",\"@id\":\"https:\\\/\\\/perle-in.com\\\/#website\",\"url\":\"https:\\\/\\\/perle-in.com\\\/\",\"name\":\"PERLE IN\",\"description\":\"\",\"publisher\":{\"@id\":\"https:\\\/\\\/perle-in.com\\\/#organization\"},\"potentialAction\":[{\"@type\":\"SearchAction\",\"target\":{\"@type\":\"EntryPoint\",\"urlTemplate\":\"https:\\\/\\\/perle-in.com\\\/?s={search_term_string}\"},\"query-input\":{\"@type\":\"PropertyValueSpecification\",\"valueRequired\":true,\"valueName\":\"search_term_string\"}}],\"inLanguage\":\"en-CA\"},{\"@type\":\"Organization\",\"@id\":\"https:\\\/\\\/perle-in.com\\\/#organization\",\"name\":\"PERLE IN\",\"url\":\"https:\\\/\\\/perle-in.com\\\/\",\"logo\":{\"@type\":\"ImageObject\",\"inLanguage\":\"en-CA\",\"@id\":\"https:\\\/\\\/perle-in.com\\\/#\\\/schema\\\/logo\\\/image\\\/\",\"url\":\"https:\\\/\\\/perle-in.com\\\/wp-content\\\/uploads\\\/2022\\\/12\\\/LOGO-PERLE-IN-COULEUR@3x.webp\",\"contentUrl\":\"https:\\\/\\\/perle-in.com\\\/wp-content\\\/uploads\\\/2022\\\/12\\\/LOGO-PERLE-IN-COULEUR@3x.webp\",\"width\":1600,\"height\":490,\"caption\":\"PERLE IN\"},\"image\":{\"@id\":\"https:\\\/\\\/perle-in.com\\\/#\\\/schema\\\/logo\\\/image\\\/\"}}]}<\/script>\n<!-- \/ Yoast SEO plugin. -->","yoast_head_json":{"title":"Carnet L Moleskine Smart - lign\u00e9 - PERLE IN","robots":{"index":"noindex","follow":"follow","max-snippet":"max-snippet:-1","max-image-preview":"max-image-preview:large","max-video-preview":"max-video-preview:-1"},"og_locale":"en_US","og_type":"article","og_title":"Carnet L Moleskine Smart - lign\u00e9 - PERLE IN","og_description":"Au c\u0153ur de la gamme Smart Writing Set de Moleskine se trouve le Smart Notebook, avec sa forme Moleskine classique et son papier ivoire. Chaque page contient des Ncodes invisibles qui permettent au Smart Pen de cr\u00e9er une copie num\u00e9rique instantan\u00e9e de chaque mot et croquis dans l'application Moleskine Notes. Il est dot\u00e9 d'une fermeture \u00e9lastique, d'un papier lign\u00e9es sans acide de 100 g\/m\u00b2 de couleur ivoire, d'un papier sp\u00e9cial con\u00e7u pour fonctionner avec le Smart Pen de Moleskine, d'un avis \u00ab 'En cas de perte \u00bb imprim\u00e9 sur la page de garde et d'une pochette int\u00e9rieure extensible au verso.","og_url":"https:\/\/perle-in.com\/en\/product\/carnet-l-moleskine-smart-ligne\/","og_site_name":"PERLE IN","article_modified_time":"2025-10-15T17:32:59+00:00","og_image":[{"width":1600,"height":1600,"url":"https:\/\/perle-in.com\/wp-content\/uploads\/2025\/10\/10795352-1.jpg","type":"image\/jpeg"}],"twitter_card":"summary_large_image","schema":{"@context":"https:\/\/schema.org","@graph":[{"@type":"WebPage","@id":"https:\/\/perle-in.com\/produit\/carnet-l-moleskine-smart-ligne\/","url":"https:\/\/perle-in.com\/produit\/carnet-l-moleskine-smart-ligne\/","name":"Carnet L Moleskine Smart - lign\u00e9 - PERLE IN","isPartOf":{"@id":"https:\/\/perle-in.com\/#website"},"primaryImageOfPage":{"@id":"https:\/\/perle-in.com\/produit\/carnet-l-moleskine-smart-ligne\/#primaryimage"},"image":{"@id":"https:\/\/perle-in.com\/produit\/carnet-l-moleskine-smart-ligne\/#primaryimage"},"thumbnailUrl":"https:\/\/perle-in.com\/wp-content\/uploads\/2025\/10\/10795352-1.jpg","datePublished":"2025-10-15T17:32:57+00:00","dateModified":"2025-10-15T17:32:59+00:00","breadcrumb":{"@id":"https:\/\/perle-in.com\/produit\/carnet-l-moleskine-smart-ligne\/#breadcrumb"},"inLanguage":"en-CA","potentialAction":[{"@type":"ReadAction","target":["https:\/\/perle-in.com\/produit\/carnet-l-moleskine-smart-ligne\/"]}]},{"@type":"ImageObject","inLanguage":"en-CA","@id":"https:\/\/perle-in.com\/produit\/carnet-l-moleskine-smart-ligne\/#primaryimage","url":"https:\/\/perle-in.com\/wp-content\/uploads\/2025\/10\/10795352-1.jpg","contentUrl":"https:\/\/perle-in.com\/wp-content\/uploads\/2025\/10\/10795352-1.jpg","width":1600,"height":1600},{"@type":"BreadcrumbList","@id":"https:\/\/perle-in.com\/produit\/carnet-l-moleskine-smart-ligne\/#breadcrumb","itemListElement":[{"@type":"ListItem","position":1,"name":"Accueil","item":"https:\/\/perle-in.com\/"},{"@type":"ListItem","position":2,"name":"Boutique","item":"https:\/\/perle-in.com\/boutique\/"},{"@type":"ListItem","position":3,"name":"Carnet L Moleskine Smart &#8211; lign\u00e9"}]},{"@type":"WebSite","@id":"https:\/\/perle-in.com\/#website","url":"https:\/\/perle-in.com\/","name":"PERLE IN","description":"","publisher":{"@id":"https:\/\/perle-in.com\/#organization"},"potentialAction":[{"@type":"SearchAction","target":{"@type":"EntryPoint","urlTemplate":"https:\/\/perle-in.com\/?s={search_term_string}"},"query-input":{"@type":"PropertyValueSpecification","valueRequired":true,"valueName":"search_term_string"}}],"inLanguage":"en-CA"},{"@type":"Organization","@id":"https:\/\/perle-in.com\/#organization","name":"PERLE IN","url":"https:\/\/perle-in.com\/","logo":{"@type":"ImageObject","inLanguage":"en-CA","@id":"https:\/\/perle-in.com\/#\/schema\/logo\/image\/","url":"https:\/\/perle-in.com\/wp-content\/uploads\/2022\/12\/LOGO-PERLE-IN-COULEUR@3x.webp","contentUrl":"https:\/\/perle-in.com\/wp-content\/uploads\/2022\/12\/LOGO-PERLE-IN-COULEUR@3x.webp","width":1600,"height":490,"caption":"PERLE IN"},"image":{"@id":"https:\/\/perle-in.com\/#\/schema\/logo\/image\/"}}]}},"jetpack_sharing_enabled":true,"_links":{"self":[{"href":"https:\/\/perle-in.com\/en\/wp-json\/wp\/v2\/product\/565201","targetHints":{"allow":["GET"]}}],"collection":[{"href":"https:\/\/perle-in.com\/en\/wp-json\/wp\/v2\/product"}],"about":[{"href":"https:\/\/perle-in.com\/en\/wp-json\/wp\/v2\/types\/product"}],"version-history":[{"count":0,"href":"https:\/\/perle-in.com\/en\/wp-json\/wp\/v2\/product\/565201\/revisions"}],"wp:featuredmedia":[{"embeddable":true,"href":"https:\/\/perle-in.com\/en\/wp-json\/wp\/v2\/media\/565191"}],"wp:attachment":[{"href":"https:\/\/perle-in.com\/en\/wp-json\/wp\/v2\/media?parent=565201"}],"wp:term":[{"taxonomy":"product_brand","embeddable":true,"href":"https:\/\/perle-in.com\/en\/wp-json\/wp\/v2\/product_brand?post=565201"},{"taxonomy":"product_cat","embeddable":true,"href":"https:\/\/perle-in.com\/en\/wp-json\/wp\/v2\/product_cat?post=565201"},{"taxonomy":"product_tag","embeddable":true,"href":"https:\/\/perle-in.com\/en\/wp-json\/wp\/v2\/product_tag?post=565201"}],"curies":[{"name":"wp","href":"https:\/\/api.w.org\/{rel}","templated":true}]}}