{"id":565085,"date":"2025-10-15T19:18:23","date_gmt":"2025-10-15T17:18:23","guid":{"rendered":"https:\/\/perle-in.com\/produit\/carnet-l-moleskine-100-vegea-boa-a-couverture-souple-ligne\/"},"modified":"2025-10-15T19:18:25","modified_gmt":"2025-10-15T17:18:25","slug":"carnet-l-moleskine-100-vegea-boa-a-couverture-souple-ligne","status":"publish","type":"product","link":"https:\/\/perle-in.com\/en\/product\/carnet-l-moleskine-100-vegea-boa-a-couverture-souple-ligne\/","title":{"rendered":"Carnet L Moleskine 100% VEGEA\u00ae Boa \u00e0 couverture souple &#8211; lign\u00e9"},"content":{"rendered":"","protected":false},"excerpt":{"rendered":"<p>L&#8217;attention port\u00e9e aux d\u00e9tails, au design et \u00e0 l&#8217;artisanat se retrouve dans ce luxueux carnet r\u00e9alis\u00e9 en partenariat avec VEGEA\u00ae, une entreprise pionni\u00e8re qui transforme les d\u00e9chets organiques de l&#8217;industrie viticole italienne en nouveaux mat\u00e9riaux.  Il est dot\u00e9 d&#8217;une couverture souple \u00e0 effet python (100 % VEGEA\u00ae), de coins arrondis, d&#8217;une fermeture \u00e9lastique et d&#8217;un marqueur ruban assorti, d&#8217;un papier sans acide de couleur ivoire et de 100 g\/m\u00b2, d&#8217;autocollants pour la personnalisation du dos, d&#8217;une pochette int\u00e9rieure extensible, d&#8217;un avis \u00ab En cas de perte \u00bb imprim\u00e9 sur la page de garde et d&#8217;une bo\u00eete-cadeau noire r\u00e9utilisable.<\/p>","protected":false},"featured_media":565077,"template":"","meta":{"_eb_attr":""},"product_brand":[],"product_cat":[1224,4196],"product_tag":[1513,1514,1554,1542,3710],"class_list":{"0":"post-565085","1":"product","2":"type-product","3":"status-publish","4":"has-post-thumbnail","6":"product_cat-bloc-notes-couverture-souple","7":"product_cat-blocs-notes-et-papeterie-personnalisee","8":"product_tag-carnet","9":"product_tag-carnets","10":"product_tag-couverture-souple","11":"product_tag-moleskine","12":"product_tag-vegan","13":"pa_couleurs-noir","14":"pa_couleurs-vert","15":"pa_marque-moleskine","17":"first","18":"instock","19":"shipping-taxable","20":"purchasable","21":"product-type-variable"},"yoast_head":"<!-- This site is optimized with the Yoast SEO plugin v27.4 - https:\/\/yoast.com\/product\/yoast-seo-wordpress\/ -->\n<title>Carnet L Moleskine 100% VEGEA\u00ae Boa \u00e0 couverture souple - lign\u00e9 - PERLE IN<\/title>\n<meta name=\"robots\" content=\"noindex, follow, max-snippet:-1, max-image-preview:large, max-video-preview:-1\" \/>\n<meta property=\"og:locale\" content=\"en_US\" \/>\n<meta property=\"og:type\" content=\"article\" \/>\n<meta property=\"og:title\" content=\"Carnet L Moleskine 100% VEGEA\u00ae Boa \u00e0 couverture souple - lign\u00e9 - PERLE IN\" \/>\n<meta property=\"og:description\" content=\"L&#039;attention port\u00e9e aux d\u00e9tails, au design et \u00e0 l&#039;artisanat se retrouve dans ce luxueux carnet r\u00e9alis\u00e9 en partenariat avec VEGEA\u00ae, une entreprise pionni\u00e8re qui transforme les d\u00e9chets organiques de l&#039;industrie viticole italienne en nouveaux mat\u00e9riaux. Il est dot\u00e9 d&#039;une couverture souple \u00e0 effet python (100 % VEGEA\u00ae), de coins arrondis, d&#039;une fermeture \u00e9lastique et d&#039;un marqueur ruban assorti, d&#039;un papier sans acide de couleur ivoire et de 100 g\/m\u00b2, d&#039;autocollants pour la personnalisation du dos, d&#039;une pochette int\u00e9rieure extensible, d&#039;un avis \u00ab En cas de perte \u00bb imprim\u00e9 sur la page de garde et d&#039;une bo\u00eete-cadeau noire r\u00e9utilisable.\" \/>\n<meta property=\"og:url\" content=\"https:\/\/perle-in.com\/en\/product\/carnet-l-moleskine-100-vegea-boa-a-couverture-souple-ligne\/\" \/>\n<meta property=\"og:site_name\" content=\"PERLE IN\" \/>\n<meta property=\"article:modified_time\" content=\"2025-10-15T17:18:25+00:00\" \/>\n<meta property=\"og:image\" content=\"https:\/\/perle-in.com\/wp-content\/uploads\/2025\/10\/10793161-1.jpg\" \/>\n\t<meta property=\"og:image:width\" content=\"1600\" \/>\n\t<meta property=\"og:image:height\" content=\"1600\" \/>\n\t<meta property=\"og:image:type\" content=\"image\/jpeg\" \/>\n<meta name=\"twitter:card\" content=\"summary_large_image\" \/>\n<script type=\"application\/ld+json\" class=\"yoast-schema-graph\">{\"@context\":\"https:\\\/\\\/schema.org\",\"@graph\":[{\"@type\":\"WebPage\",\"@id\":\"https:\\\/\\\/perle-in.com\\\/en\\\/product\\\/carnet-l-moleskine-100-vegea-boa-a-couverture-souple-ligne\\\/\",\"url\":\"https:\\\/\\\/perle-in.com\\\/en\\\/product\\\/carnet-l-moleskine-100-vegea-boa-a-couverture-souple-ligne\\\/\",\"name\":\"Carnet L Moleskine 100% VEGEA\u00ae Boa \u00e0 couverture souple - lign\u00e9 - PERLE IN\",\"isPartOf\":{\"@id\":\"https:\\\/\\\/perle-in.com\\\/#website\"},\"primaryImageOfPage\":{\"@id\":\"https:\\\/\\\/perle-in.com\\\/en\\\/product\\\/carnet-l-moleskine-100-vegea-boa-a-couverture-souple-ligne\\\/#primaryimage\"},\"image\":{\"@id\":\"https:\\\/\\\/perle-in.com\\\/en\\\/product\\\/carnet-l-moleskine-100-vegea-boa-a-couverture-souple-ligne\\\/#primaryimage\"},\"thumbnailUrl\":\"https:\\\/\\\/perle-in.com\\\/wp-content\\\/uploads\\\/2025\\\/10\\\/10793161-1.jpg\",\"datePublished\":\"2025-10-15T17:18:23+00:00\",\"dateModified\":\"2025-10-15T17:18:25+00:00\",\"breadcrumb\":{\"@id\":\"https:\\\/\\\/perle-in.com\\\/en\\\/product\\\/carnet-l-moleskine-100-vegea-boa-a-couverture-souple-ligne\\\/#breadcrumb\"},\"inLanguage\":\"en-CA\",\"potentialAction\":[{\"@type\":\"ReadAction\",\"target\":[\"https:\\\/\\\/perle-in.com\\\/en\\\/product\\\/carnet-l-moleskine-100-vegea-boa-a-couverture-souple-ligne\\\/\"]}]},{\"@type\":\"ImageObject\",\"inLanguage\":\"en-CA\",\"@id\":\"https:\\\/\\\/perle-in.com\\\/en\\\/product\\\/carnet-l-moleskine-100-vegea-boa-a-couverture-souple-ligne\\\/#primaryimage\",\"url\":\"https:\\\/\\\/perle-in.com\\\/wp-content\\\/uploads\\\/2025\\\/10\\\/10793161-1.jpg\",\"contentUrl\":\"https:\\\/\\\/perle-in.com\\\/wp-content\\\/uploads\\\/2025\\\/10\\\/10793161-1.jpg\",\"width\":1600,\"height\":1600},{\"@type\":\"BreadcrumbList\",\"@id\":\"https:\\\/\\\/perle-in.com\\\/en\\\/product\\\/carnet-l-moleskine-100-vegea-boa-a-couverture-souple-ligne\\\/#breadcrumb\",\"itemListElement\":[{\"@type\":\"ListItem\",\"position\":1,\"name\":\"Accueil\",\"item\":\"https:\\\/\\\/perle-in.com\\\/\"},{\"@type\":\"ListItem\",\"position\":2,\"name\":\"Boutique\",\"item\":\"https:\\\/\\\/perle-in.com\\\/boutique\\\/\"},{\"@type\":\"ListItem\",\"position\":3,\"name\":\"Carnet L Moleskine 100% VEGEA\u00ae Boa \u00e0 couverture souple &#8211; lign\u00e9\"}]},{\"@type\":\"WebSite\",\"@id\":\"https:\\\/\\\/perle-in.com\\\/#website\",\"url\":\"https:\\\/\\\/perle-in.com\\\/\",\"name\":\"PERLE IN\",\"description\":\"\",\"publisher\":{\"@id\":\"https:\\\/\\\/perle-in.com\\\/#organization\"},\"potentialAction\":[{\"@type\":\"SearchAction\",\"target\":{\"@type\":\"EntryPoint\",\"urlTemplate\":\"https:\\\/\\\/perle-in.com\\\/?s={search_term_string}\"},\"query-input\":{\"@type\":\"PropertyValueSpecification\",\"valueRequired\":true,\"valueName\":\"search_term_string\"}}],\"inLanguage\":\"en-CA\"},{\"@type\":\"Organization\",\"@id\":\"https:\\\/\\\/perle-in.com\\\/#organization\",\"name\":\"PERLE IN\",\"url\":\"https:\\\/\\\/perle-in.com\\\/\",\"logo\":{\"@type\":\"ImageObject\",\"inLanguage\":\"en-CA\",\"@id\":\"https:\\\/\\\/perle-in.com\\\/#\\\/schema\\\/logo\\\/image\\\/\",\"url\":\"https:\\\/\\\/perle-in.com\\\/wp-content\\\/uploads\\\/2022\\\/12\\\/LOGO-PERLE-IN-COULEUR@3x.webp\",\"contentUrl\":\"https:\\\/\\\/perle-in.com\\\/wp-content\\\/uploads\\\/2022\\\/12\\\/LOGO-PERLE-IN-COULEUR@3x.webp\",\"width\":1600,\"height\":490,\"caption\":\"PERLE IN\"},\"image\":{\"@id\":\"https:\\\/\\\/perle-in.com\\\/#\\\/schema\\\/logo\\\/image\\\/\"}}]}<\/script>\n<!-- \/ Yoast SEO plugin. -->","yoast_head_json":{"title":"Carnet L Moleskine 100% VEGEA\u00ae Boa \u00e0 couverture souple - lign\u00e9 - PERLE IN","robots":{"index":"noindex","follow":"follow","max-snippet":"max-snippet:-1","max-image-preview":"max-image-preview:large","max-video-preview":"max-video-preview:-1"},"og_locale":"en_US","og_type":"article","og_title":"Carnet L Moleskine 100% VEGEA\u00ae Boa \u00e0 couverture souple - lign\u00e9 - PERLE IN","og_description":"L'attention port\u00e9e aux d\u00e9tails, au design et \u00e0 l'artisanat se retrouve dans ce luxueux carnet r\u00e9alis\u00e9 en partenariat avec VEGEA\u00ae, une entreprise pionni\u00e8re qui transforme les d\u00e9chets organiques de l'industrie viticole italienne en nouveaux mat\u00e9riaux. Il est dot\u00e9 d'une couverture souple \u00e0 effet python (100 % VEGEA\u00ae), de coins arrondis, d'une fermeture \u00e9lastique et d'un marqueur ruban assorti, d'un papier sans acide de couleur ivoire et de 100 g\/m\u00b2, d'autocollants pour la personnalisation du dos, d'une pochette int\u00e9rieure extensible, d'un avis \u00ab En cas de perte \u00bb imprim\u00e9 sur la page de garde et d'une bo\u00eete-cadeau noire r\u00e9utilisable.","og_url":"https:\/\/perle-in.com\/en\/product\/carnet-l-moleskine-100-vegea-boa-a-couverture-souple-ligne\/","og_site_name":"PERLE IN","article_modified_time":"2025-10-15T17:18:25+00:00","og_image":[{"width":1600,"height":1600,"url":"https:\/\/perle-in.com\/wp-content\/uploads\/2025\/10\/10793161-1.jpg","type":"image\/jpeg"}],"twitter_card":"summary_large_image","schema":{"@context":"https:\/\/schema.org","@graph":[{"@type":"WebPage","@id":"https:\/\/perle-in.com\/en\/product\/carnet-l-moleskine-100-vegea-boa-a-couverture-souple-ligne\/","url":"https:\/\/perle-in.com\/en\/product\/carnet-l-moleskine-100-vegea-boa-a-couverture-souple-ligne\/","name":"Carnet L Moleskine 100% VEGEA\u00ae Boa \u00e0 couverture souple - lign\u00e9 - PERLE IN","isPartOf":{"@id":"https:\/\/perle-in.com\/#website"},"primaryImageOfPage":{"@id":"https:\/\/perle-in.com\/en\/product\/carnet-l-moleskine-100-vegea-boa-a-couverture-souple-ligne\/#primaryimage"},"image":{"@id":"https:\/\/perle-in.com\/en\/product\/carnet-l-moleskine-100-vegea-boa-a-couverture-souple-ligne\/#primaryimage"},"thumbnailUrl":"https:\/\/perle-in.com\/wp-content\/uploads\/2025\/10\/10793161-1.jpg","datePublished":"2025-10-15T17:18:23+00:00","dateModified":"2025-10-15T17:18:25+00:00","breadcrumb":{"@id":"https:\/\/perle-in.com\/en\/product\/carnet-l-moleskine-100-vegea-boa-a-couverture-souple-ligne\/#breadcrumb"},"inLanguage":"en-CA","potentialAction":[{"@type":"ReadAction","target":["https:\/\/perle-in.com\/en\/product\/carnet-l-moleskine-100-vegea-boa-a-couverture-souple-ligne\/"]}]},{"@type":"ImageObject","inLanguage":"en-CA","@id":"https:\/\/perle-in.com\/en\/product\/carnet-l-moleskine-100-vegea-boa-a-couverture-souple-ligne\/#primaryimage","url":"https:\/\/perle-in.com\/wp-content\/uploads\/2025\/10\/10793161-1.jpg","contentUrl":"https:\/\/perle-in.com\/wp-content\/uploads\/2025\/10\/10793161-1.jpg","width":1600,"height":1600},{"@type":"BreadcrumbList","@id":"https:\/\/perle-in.com\/en\/product\/carnet-l-moleskine-100-vegea-boa-a-couverture-souple-ligne\/#breadcrumb","itemListElement":[{"@type":"ListItem","position":1,"name":"Accueil","item":"https:\/\/perle-in.com\/"},{"@type":"ListItem","position":2,"name":"Boutique","item":"https:\/\/perle-in.com\/boutique\/"},{"@type":"ListItem","position":3,"name":"Carnet L Moleskine 100% VEGEA\u00ae Boa \u00e0 couverture souple &#8211; lign\u00e9"}]},{"@type":"WebSite","@id":"https:\/\/perle-in.com\/#website","url":"https:\/\/perle-in.com\/","name":"PERLE IN","description":"","publisher":{"@id":"https:\/\/perle-in.com\/#organization"},"potentialAction":[{"@type":"SearchAction","target":{"@type":"EntryPoint","urlTemplate":"https:\/\/perle-in.com\/?s={search_term_string}"},"query-input":{"@type":"PropertyValueSpecification","valueRequired":true,"valueName":"search_term_string"}}],"inLanguage":"en-CA"},{"@type":"Organization","@id":"https:\/\/perle-in.com\/#organization","name":"PERLE IN","url":"https:\/\/perle-in.com\/","logo":{"@type":"ImageObject","inLanguage":"en-CA","@id":"https:\/\/perle-in.com\/#\/schema\/logo\/image\/","url":"https:\/\/perle-in.com\/wp-content\/uploads\/2022\/12\/LOGO-PERLE-IN-COULEUR@3x.webp","contentUrl":"https:\/\/perle-in.com\/wp-content\/uploads\/2022\/12\/LOGO-PERLE-IN-COULEUR@3x.webp","width":1600,"height":490,"caption":"PERLE IN"},"image":{"@id":"https:\/\/perle-in.com\/#\/schema\/logo\/image\/"}}]}},"jetpack_sharing_enabled":true,"_links":{"self":[{"href":"https:\/\/perle-in.com\/en\/wp-json\/wp\/v2\/product\/565085","targetHints":{"allow":["GET"]}}],"collection":[{"href":"https:\/\/perle-in.com\/en\/wp-json\/wp\/v2\/product"}],"about":[{"href":"https:\/\/perle-in.com\/en\/wp-json\/wp\/v2\/types\/product"}],"version-history":[{"count":0,"href":"https:\/\/perle-in.com\/en\/wp-json\/wp\/v2\/product\/565085\/revisions"}],"wp:featuredmedia":[{"embeddable":true,"href":"https:\/\/perle-in.com\/en\/wp-json\/wp\/v2\/media\/565077"}],"wp:attachment":[{"href":"https:\/\/perle-in.com\/en\/wp-json\/wp\/v2\/media?parent=565085"}],"wp:term":[{"taxonomy":"product_brand","embeddable":true,"href":"https:\/\/perle-in.com\/en\/wp-json\/wp\/v2\/product_brand?post=565085"},{"taxonomy":"product_cat","embeddable":true,"href":"https:\/\/perle-in.com\/en\/wp-json\/wp\/v2\/product_cat?post=565085"},{"taxonomy":"product_tag","embeddable":true,"href":"https:\/\/perle-in.com\/en\/wp-json\/wp\/v2\/product_tag?post=565085"}],"curies":[{"name":"wp","href":"https:\/\/api.w.org\/{rel}","templated":true}]}}