{"id":564948,"date":"2025-10-15T18:58:23","date_gmt":"2025-10-15T16:58:23","guid":{"rendered":"https:\/\/perle-in.com\/produit\/pistolet-de-massage-prixton-mgf80-synergy\/"},"modified":"2025-10-15T18:58:25","modified_gmt":"2025-10-15T16:58:25","slug":"pistolet-de-massage-prixton-mgf80-synergy","status":"publish","type":"product","link":"https:\/\/perle-in.com\/en\/product\/pistolet-de-massage-prixton-mgf80-synergy\/","title":{"rendered":"Pistolet de massage Prixton MGF80 Synergy"},"content":{"rendered":"","protected":false},"excerpt":{"rendered":"<p>Pistolet de massage sans fil qui peut \u00eatre utilis\u00e9 aussi bien pour le fitness que pour la physioth\u00e9rapie. Utilisez-le pour vous \u00e9chauffer avant le sport, r\u00e9cup\u00e9rer apr\u00e8s des s\u00e9ances d&#8217;entra\u00eenement de faible intensit\u00e9, soulager la douleur apr\u00e8s des s\u00e9ances d&#8217;entra\u00eenement intense ou pr\u00e9venir les blessures. Avec 4\u00a0t\u00eates pour effectuer diff\u00e9rents types de massages sur diff\u00e9rentes parties du corps. De plus, il dispose de 5\u00a0r\u00e9glages de vitesse diff\u00e9rents afin de r\u00e9pondre \u00e0 tous les besoins. Puissance du moteur\u00a0: 50\u00a0W. R\u00e9sistance\u00a0: 2\u00a0700\u00a0tr\/min. Batterie de 2\u00a0000\u00a0mAh\/12\u00a0V. Temps de chargement 4\u00a0&#8211;\u00a05\u00a0heures. Autonomie 4\u00a0&#8211;\u00a05\u00a0heures. Niveau sonore &lt; 60\u00a0dB.<\/p>","protected":false},"featured_media":564939,"template":"","meta":{"_eb_attr":""},"product_brand":[],"product_cat":[232,129],"product_tag":[952,754,1011,975,3700,976,783],"class_list":{"0":"post-564948","1":"product","2":"type-product","3":"status-publish","4":"has-post-thumbnail","6":"product_cat-articles-de-fitness-et-de-sport","7":"product_cat-sport-et-loisirs","8":"product_tag-entrainement","9":"product_tag-exercice","10":"product_tag-fitness","11":"product_tag-massage","12":"product_tag-muscle","13":"product_tag-pistolet","14":"product_tag-prixton","15":"pa_couleurs-noir","17":"first","18":"outofstock","19":"shipping-taxable","20":"purchasable","21":"product-type-variable"},"yoast_head":"<!-- This site is optimized with the Yoast SEO plugin v27.4 - https:\/\/yoast.com\/product\/yoast-seo-wordpress\/ -->\n<title>Pistolet de massage Prixton MGF80 Synergy - PERLE IN<\/title>\n<meta name=\"robots\" content=\"noindex, follow, max-snippet:-1, max-image-preview:large, max-video-preview:-1\" \/>\n<meta property=\"og:locale\" content=\"en_US\" \/>\n<meta property=\"og:type\" content=\"article\" \/>\n<meta property=\"og:title\" content=\"Pistolet de massage Prixton MGF80 Synergy - PERLE IN\" \/>\n<meta property=\"og:description\" content=\"Pistolet de massage sans fil qui peut \u00eatre utilis\u00e9 aussi bien pour le fitness que pour la physioth\u00e9rapie. Utilisez-le pour vous \u00e9chauffer avant le sport, r\u00e9cup\u00e9rer apr\u00e8s des s\u00e9ances d&#039;entra\u00eenement de faible intensit\u00e9, soulager la douleur apr\u00e8s des s\u00e9ances d&#039;entra\u00eenement intense ou pr\u00e9venir les blessures. Avec 4\u00a0t\u00eates pour effectuer diff\u00e9rents types de massages sur diff\u00e9rentes parties du corps. De plus, il dispose de 5\u00a0r\u00e9glages de vitesse diff\u00e9rents afin de r\u00e9pondre \u00e0 tous les besoins. Puissance du moteur\u00a0: 50\u00a0W. R\u00e9sistance\u00a0: 2\u00a0700\u00a0tr\/min. Batterie de 2\u00a0000\u00a0mAh\/12\u00a0V. Temps de chargement 4\u00a0-\u00a05\u00a0heures. Autonomie 4\u00a0-\u00a05\u00a0heures. Niveau sonore &lt; 60\u00a0dB.\" \/>\n<meta property=\"og:url\" content=\"https:\/\/perle-in.com\/en\/product\/pistolet-de-massage-prixton-mgf80-synergy\/\" \/>\n<meta property=\"og:site_name\" content=\"PERLE IN\" \/>\n<meta property=\"article:modified_time\" content=\"2025-10-15T16:58:25+00:00\" \/>\n<meta property=\"og:image\" content=\"https:\/\/perle-in.com\/wp-content\/uploads\/2025\/10\/2PA14390-1.jpg\" \/>\n\t<meta property=\"og:image:width\" content=\"1600\" \/>\n\t<meta property=\"og:image:height\" content=\"1600\" \/>\n\t<meta property=\"og:image:type\" content=\"image\/jpeg\" \/>\n<meta name=\"twitter:card\" content=\"summary_large_image\" \/>\n<script type=\"application\/ld+json\" class=\"yoast-schema-graph\">{\"@context\":\"https:\\\/\\\/schema.org\",\"@graph\":[{\"@type\":\"WebPage\",\"@id\":\"https:\\\/\\\/perle-in.com\\\/produit\\\/pistolet-de-massage-prixton-mgf80-synergy\\\/\",\"url\":\"https:\\\/\\\/perle-in.com\\\/produit\\\/pistolet-de-massage-prixton-mgf80-synergy\\\/\",\"name\":\"Pistolet de massage Prixton MGF80 Synergy - PERLE IN\",\"isPartOf\":{\"@id\":\"https:\\\/\\\/perle-in.com\\\/#website\"},\"primaryImageOfPage\":{\"@id\":\"https:\\\/\\\/perle-in.com\\\/produit\\\/pistolet-de-massage-prixton-mgf80-synergy\\\/#primaryimage\"},\"image\":{\"@id\":\"https:\\\/\\\/perle-in.com\\\/produit\\\/pistolet-de-massage-prixton-mgf80-synergy\\\/#primaryimage\"},\"thumbnailUrl\":\"https:\\\/\\\/perle-in.com\\\/wp-content\\\/uploads\\\/2025\\\/10\\\/2PA14390-1.jpg\",\"datePublished\":\"2025-10-15T16:58:23+00:00\",\"dateModified\":\"2025-10-15T16:58:25+00:00\",\"breadcrumb\":{\"@id\":\"https:\\\/\\\/perle-in.com\\\/produit\\\/pistolet-de-massage-prixton-mgf80-synergy\\\/#breadcrumb\"},\"inLanguage\":\"en-CA\",\"potentialAction\":[{\"@type\":\"ReadAction\",\"target\":[\"https:\\\/\\\/perle-in.com\\\/produit\\\/pistolet-de-massage-prixton-mgf80-synergy\\\/\"]}]},{\"@type\":\"ImageObject\",\"inLanguage\":\"en-CA\",\"@id\":\"https:\\\/\\\/perle-in.com\\\/produit\\\/pistolet-de-massage-prixton-mgf80-synergy\\\/#primaryimage\",\"url\":\"https:\\\/\\\/perle-in.com\\\/wp-content\\\/uploads\\\/2025\\\/10\\\/2PA14390-1.jpg\",\"contentUrl\":\"https:\\\/\\\/perle-in.com\\\/wp-content\\\/uploads\\\/2025\\\/10\\\/2PA14390-1.jpg\",\"width\":1600,\"height\":1600},{\"@type\":\"BreadcrumbList\",\"@id\":\"https:\\\/\\\/perle-in.com\\\/produit\\\/pistolet-de-massage-prixton-mgf80-synergy\\\/#breadcrumb\",\"itemListElement\":[{\"@type\":\"ListItem\",\"position\":1,\"name\":\"Accueil\",\"item\":\"https:\\\/\\\/perle-in.com\\\/\"},{\"@type\":\"ListItem\",\"position\":2,\"name\":\"Boutique\",\"item\":\"https:\\\/\\\/perle-in.com\\\/boutique\\\/\"},{\"@type\":\"ListItem\",\"position\":3,\"name\":\"Pistolet de massage Prixton MGF80 Synergy\"}]},{\"@type\":\"WebSite\",\"@id\":\"https:\\\/\\\/perle-in.com\\\/#website\",\"url\":\"https:\\\/\\\/perle-in.com\\\/\",\"name\":\"PERLE IN\",\"description\":\"\",\"publisher\":{\"@id\":\"https:\\\/\\\/perle-in.com\\\/#organization\"},\"potentialAction\":[{\"@type\":\"SearchAction\",\"target\":{\"@type\":\"EntryPoint\",\"urlTemplate\":\"https:\\\/\\\/perle-in.com\\\/?s={search_term_string}\"},\"query-input\":{\"@type\":\"PropertyValueSpecification\",\"valueRequired\":true,\"valueName\":\"search_term_string\"}}],\"inLanguage\":\"en-CA\"},{\"@type\":\"Organization\",\"@id\":\"https:\\\/\\\/perle-in.com\\\/#organization\",\"name\":\"PERLE IN\",\"url\":\"https:\\\/\\\/perle-in.com\\\/\",\"logo\":{\"@type\":\"ImageObject\",\"inLanguage\":\"en-CA\",\"@id\":\"https:\\\/\\\/perle-in.com\\\/#\\\/schema\\\/logo\\\/image\\\/\",\"url\":\"https:\\\/\\\/perle-in.com\\\/wp-content\\\/uploads\\\/2022\\\/12\\\/LOGO-PERLE-IN-COULEUR@3x.webp\",\"contentUrl\":\"https:\\\/\\\/perle-in.com\\\/wp-content\\\/uploads\\\/2022\\\/12\\\/LOGO-PERLE-IN-COULEUR@3x.webp\",\"width\":1600,\"height\":490,\"caption\":\"PERLE IN\"},\"image\":{\"@id\":\"https:\\\/\\\/perle-in.com\\\/#\\\/schema\\\/logo\\\/image\\\/\"}}]}<\/script>\n<!-- \/ Yoast SEO plugin. -->","yoast_head_json":{"title":"Pistolet de massage Prixton MGF80 Synergy - PERLE IN","robots":{"index":"noindex","follow":"follow","max-snippet":"max-snippet:-1","max-image-preview":"max-image-preview:large","max-video-preview":"max-video-preview:-1"},"og_locale":"en_US","og_type":"article","og_title":"Pistolet de massage Prixton MGF80 Synergy - PERLE IN","og_description":"Pistolet de massage sans fil qui peut \u00eatre utilis\u00e9 aussi bien pour le fitness que pour la physioth\u00e9rapie. Utilisez-le pour vous \u00e9chauffer avant le sport, r\u00e9cup\u00e9rer apr\u00e8s des s\u00e9ances d'entra\u00eenement de faible intensit\u00e9, soulager la douleur apr\u00e8s des s\u00e9ances d'entra\u00eenement intense ou pr\u00e9venir les blessures. Avec 4\u00a0t\u00eates pour effectuer diff\u00e9rents types de massages sur diff\u00e9rentes parties du corps. De plus, il dispose de 5\u00a0r\u00e9glages de vitesse diff\u00e9rents afin de r\u00e9pondre \u00e0 tous les besoins. Puissance du moteur\u00a0: 50\u00a0W. R\u00e9sistance\u00a0: 2\u00a0700\u00a0tr\/min. Batterie de 2\u00a0000\u00a0mAh\/12\u00a0V. Temps de chargement 4\u00a0-\u00a05\u00a0heures. Autonomie 4\u00a0-\u00a05\u00a0heures. Niveau sonore &lt; 60\u00a0dB.","og_url":"https:\/\/perle-in.com\/en\/product\/pistolet-de-massage-prixton-mgf80-synergy\/","og_site_name":"PERLE IN","article_modified_time":"2025-10-15T16:58:25+00:00","og_image":[{"width":1600,"height":1600,"url":"https:\/\/perle-in.com\/wp-content\/uploads\/2025\/10\/2PA14390-1.jpg","type":"image\/jpeg"}],"twitter_card":"summary_large_image","schema":{"@context":"https:\/\/schema.org","@graph":[{"@type":"WebPage","@id":"https:\/\/perle-in.com\/produit\/pistolet-de-massage-prixton-mgf80-synergy\/","url":"https:\/\/perle-in.com\/produit\/pistolet-de-massage-prixton-mgf80-synergy\/","name":"Pistolet de massage Prixton MGF80 Synergy - PERLE IN","isPartOf":{"@id":"https:\/\/perle-in.com\/#website"},"primaryImageOfPage":{"@id":"https:\/\/perle-in.com\/produit\/pistolet-de-massage-prixton-mgf80-synergy\/#primaryimage"},"image":{"@id":"https:\/\/perle-in.com\/produit\/pistolet-de-massage-prixton-mgf80-synergy\/#primaryimage"},"thumbnailUrl":"https:\/\/perle-in.com\/wp-content\/uploads\/2025\/10\/2PA14390-1.jpg","datePublished":"2025-10-15T16:58:23+00:00","dateModified":"2025-10-15T16:58:25+00:00","breadcrumb":{"@id":"https:\/\/perle-in.com\/produit\/pistolet-de-massage-prixton-mgf80-synergy\/#breadcrumb"},"inLanguage":"en-CA","potentialAction":[{"@type":"ReadAction","target":["https:\/\/perle-in.com\/produit\/pistolet-de-massage-prixton-mgf80-synergy\/"]}]},{"@type":"ImageObject","inLanguage":"en-CA","@id":"https:\/\/perle-in.com\/produit\/pistolet-de-massage-prixton-mgf80-synergy\/#primaryimage","url":"https:\/\/perle-in.com\/wp-content\/uploads\/2025\/10\/2PA14390-1.jpg","contentUrl":"https:\/\/perle-in.com\/wp-content\/uploads\/2025\/10\/2PA14390-1.jpg","width":1600,"height":1600},{"@type":"BreadcrumbList","@id":"https:\/\/perle-in.com\/produit\/pistolet-de-massage-prixton-mgf80-synergy\/#breadcrumb","itemListElement":[{"@type":"ListItem","position":1,"name":"Accueil","item":"https:\/\/perle-in.com\/"},{"@type":"ListItem","position":2,"name":"Boutique","item":"https:\/\/perle-in.com\/boutique\/"},{"@type":"ListItem","position":3,"name":"Pistolet de massage Prixton MGF80 Synergy"}]},{"@type":"WebSite","@id":"https:\/\/perle-in.com\/#website","url":"https:\/\/perle-in.com\/","name":"PERLE IN","description":"","publisher":{"@id":"https:\/\/perle-in.com\/#organization"},"potentialAction":[{"@type":"SearchAction","target":{"@type":"EntryPoint","urlTemplate":"https:\/\/perle-in.com\/?s={search_term_string}"},"query-input":{"@type":"PropertyValueSpecification","valueRequired":true,"valueName":"search_term_string"}}],"inLanguage":"en-CA"},{"@type":"Organization","@id":"https:\/\/perle-in.com\/#organization","name":"PERLE IN","url":"https:\/\/perle-in.com\/","logo":{"@type":"ImageObject","inLanguage":"en-CA","@id":"https:\/\/perle-in.com\/#\/schema\/logo\/image\/","url":"https:\/\/perle-in.com\/wp-content\/uploads\/2022\/12\/LOGO-PERLE-IN-COULEUR@3x.webp","contentUrl":"https:\/\/perle-in.com\/wp-content\/uploads\/2022\/12\/LOGO-PERLE-IN-COULEUR@3x.webp","width":1600,"height":490,"caption":"PERLE IN"},"image":{"@id":"https:\/\/perle-in.com\/#\/schema\/logo\/image\/"}}]}},"jetpack_sharing_enabled":true,"_links":{"self":[{"href":"https:\/\/perle-in.com\/en\/wp-json\/wp\/v2\/product\/564948","targetHints":{"allow":["GET"]}}],"collection":[{"href":"https:\/\/perle-in.com\/en\/wp-json\/wp\/v2\/product"}],"about":[{"href":"https:\/\/perle-in.com\/en\/wp-json\/wp\/v2\/types\/product"}],"version-history":[{"count":0,"href":"https:\/\/perle-in.com\/en\/wp-json\/wp\/v2\/product\/564948\/revisions"}],"wp:featuredmedia":[{"embeddable":true,"href":"https:\/\/perle-in.com\/en\/wp-json\/wp\/v2\/media\/564939"}],"wp:attachment":[{"href":"https:\/\/perle-in.com\/en\/wp-json\/wp\/v2\/media?parent=564948"}],"wp:term":[{"taxonomy":"product_brand","embeddable":true,"href":"https:\/\/perle-in.com\/en\/wp-json\/wp\/v2\/product_brand?post=564948"},{"taxonomy":"product_cat","embeddable":true,"href":"https:\/\/perle-in.com\/en\/wp-json\/wp\/v2\/product_cat?post=564948"},{"taxonomy":"product_tag","embeddable":true,"href":"https:\/\/perle-in.com\/en\/wp-json\/wp\/v2\/product_tag?post=564948"}],"curies":[{"name":"wp","href":"https:\/\/api.w.org\/{rel}","templated":true}]}}