{"id":564908,"date":"2025-10-15T18:53:33","date_gmt":"2025-10-15T16:53:33","guid":{"rendered":"https:\/\/perle-in.com\/produit\/haut-parleur-prixton-dance-box\/"},"modified":"2025-10-15T18:53:34","modified_gmt":"2025-10-15T16:53:34","slug":"haut-parleur-prixton-dance-box","status":"publish","type":"product","link":"https:\/\/perle-in.com\/en\/product\/haut-parleur-prixton-dance-box\/","title":{"rendered":"Haut-parleur Prixton Dance Box"},"content":{"rendered":"","protected":false},"excerpt":{"rendered":"<p>L&#8217;enceinte Dance Box de 10\u00a0W offre une autonomie de 8 \u00e0 10\u00a0heures et peut \u00eatre enti\u00e8rement charg\u00e9e en 2 \u00e0 3\u00a0heures. La version Bluetooth\u00ae 5.1 fournit une connexion stable avec d&#8217;autres appareils. Dot\u00e9e d&#8217;un microphone et d&#8217;une fonction mains libres pour une gestion facile des appels t\u00e9l\u00e9phoniques. Niveau d&#8217;\u00e9tanch\u00e9it\u00e9 IPX7.<\/p>","protected":false},"featured_media":564900,"template":"","meta":{"_eb_attr":""},"product_brand":[],"product_cat":[817,667],"product_tag":[818,1656,3696,822,783],"class_list":{"0":"post-564908","1":"product","2":"type-product","3":"status-publish","4":"has-post-thumbnail","6":"product_cat-enceintes","7":"product_cat-technologie","8":"product_tag-bluetooth","9":"product_tag-enceinte","10":"product_tag-ipx7","11":"product_tag-musique","12":"product_tag-prixton","13":"pa_couleurs-noir","14":"pa_matiere-plastique-abs-plastique-tpu","16":"first","17":"instock","18":"shipping-taxable","19":"purchasable","20":"product-type-variable"},"yoast_head":"<!-- This site is optimized with the Yoast SEO plugin v27.4 - https:\/\/yoast.com\/product\/yoast-seo-wordpress\/ -->\n<title>Haut-parleur Prixton Dance Box - PERLE IN<\/title>\n<meta name=\"robots\" content=\"noindex, follow, max-snippet:-1, max-image-preview:large, max-video-preview:-1\" \/>\n<meta property=\"og:locale\" content=\"en_US\" \/>\n<meta property=\"og:type\" content=\"article\" \/>\n<meta property=\"og:title\" content=\"Haut-parleur Prixton Dance Box - PERLE IN\" \/>\n<meta property=\"og:description\" content=\"L&#039;enceinte Dance Box de 10\u00a0W offre une autonomie de 8 \u00e0 10\u00a0heures et peut \u00eatre enti\u00e8rement charg\u00e9e en 2 \u00e0 3\u00a0heures. La version Bluetooth\u00ae 5.1 fournit une connexion stable avec d&#039;autres appareils. Dot\u00e9e d&#039;un microphone et d&#039;une fonction mains libres pour une gestion facile des appels t\u00e9l\u00e9phoniques. Niveau d&#039;\u00e9tanch\u00e9it\u00e9 IPX7.\" \/>\n<meta property=\"og:url\" content=\"https:\/\/perle-in.com\/en\/product\/haut-parleur-prixton-dance-box\/\" \/>\n<meta property=\"og:site_name\" content=\"PERLE IN\" \/>\n<meta property=\"article:modified_time\" content=\"2025-10-15T16:53:34+00:00\" \/>\n<meta property=\"og:image\" content=\"https:\/\/perle-in.com\/wp-content\/uploads\/2025\/10\/2PA16490-1.jpg\" \/>\n\t<meta property=\"og:image:width\" content=\"1600\" \/>\n\t<meta property=\"og:image:height\" content=\"1600\" \/>\n\t<meta property=\"og:image:type\" content=\"image\/jpeg\" \/>\n<meta name=\"twitter:card\" content=\"summary_large_image\" \/>\n<script type=\"application\/ld+json\" class=\"yoast-schema-graph\">{\"@context\":\"https:\\\/\\\/schema.org\",\"@graph\":[{\"@type\":\"WebPage\",\"@id\":\"https:\\\/\\\/perle-in.com\\\/produit\\\/haut-parleur-prixton-dance-box\\\/\",\"url\":\"https:\\\/\\\/perle-in.com\\\/produit\\\/haut-parleur-prixton-dance-box\\\/\",\"name\":\"Haut-parleur Prixton Dance Box - PERLE IN\",\"isPartOf\":{\"@id\":\"https:\\\/\\\/perle-in.com\\\/#website\"},\"primaryImageOfPage\":{\"@id\":\"https:\\\/\\\/perle-in.com\\\/produit\\\/haut-parleur-prixton-dance-box\\\/#primaryimage\"},\"image\":{\"@id\":\"https:\\\/\\\/perle-in.com\\\/produit\\\/haut-parleur-prixton-dance-box\\\/#primaryimage\"},\"thumbnailUrl\":\"https:\\\/\\\/perle-in.com\\\/wp-content\\\/uploads\\\/2025\\\/10\\\/2PA16490-1.jpg\",\"datePublished\":\"2025-10-15T16:53:33+00:00\",\"dateModified\":\"2025-10-15T16:53:34+00:00\",\"breadcrumb\":{\"@id\":\"https:\\\/\\\/perle-in.com\\\/produit\\\/haut-parleur-prixton-dance-box\\\/#breadcrumb\"},\"inLanguage\":\"en-CA\",\"potentialAction\":[{\"@type\":\"ReadAction\",\"target\":[\"https:\\\/\\\/perle-in.com\\\/produit\\\/haut-parleur-prixton-dance-box\\\/\"]}]},{\"@type\":\"ImageObject\",\"inLanguage\":\"en-CA\",\"@id\":\"https:\\\/\\\/perle-in.com\\\/produit\\\/haut-parleur-prixton-dance-box\\\/#primaryimage\",\"url\":\"https:\\\/\\\/perle-in.com\\\/wp-content\\\/uploads\\\/2025\\\/10\\\/2PA16490-1.jpg\",\"contentUrl\":\"https:\\\/\\\/perle-in.com\\\/wp-content\\\/uploads\\\/2025\\\/10\\\/2PA16490-1.jpg\",\"width\":1600,\"height\":1600},{\"@type\":\"BreadcrumbList\",\"@id\":\"https:\\\/\\\/perle-in.com\\\/produit\\\/haut-parleur-prixton-dance-box\\\/#breadcrumb\",\"itemListElement\":[{\"@type\":\"ListItem\",\"position\":1,\"name\":\"Accueil\",\"item\":\"https:\\\/\\\/perle-in.com\\\/\"},{\"@type\":\"ListItem\",\"position\":2,\"name\":\"Boutique\",\"item\":\"https:\\\/\\\/perle-in.com\\\/boutique\\\/\"},{\"@type\":\"ListItem\",\"position\":3,\"name\":\"Haut-parleur Prixton Dance Box\"}]},{\"@type\":\"WebSite\",\"@id\":\"https:\\\/\\\/perle-in.com\\\/#website\",\"url\":\"https:\\\/\\\/perle-in.com\\\/\",\"name\":\"PERLE IN\",\"description\":\"\",\"publisher\":{\"@id\":\"https:\\\/\\\/perle-in.com\\\/#organization\"},\"potentialAction\":[{\"@type\":\"SearchAction\",\"target\":{\"@type\":\"EntryPoint\",\"urlTemplate\":\"https:\\\/\\\/perle-in.com\\\/?s={search_term_string}\"},\"query-input\":{\"@type\":\"PropertyValueSpecification\",\"valueRequired\":true,\"valueName\":\"search_term_string\"}}],\"inLanguage\":\"en-CA\"},{\"@type\":\"Organization\",\"@id\":\"https:\\\/\\\/perle-in.com\\\/#organization\",\"name\":\"PERLE IN\",\"url\":\"https:\\\/\\\/perle-in.com\\\/\",\"logo\":{\"@type\":\"ImageObject\",\"inLanguage\":\"en-CA\",\"@id\":\"https:\\\/\\\/perle-in.com\\\/#\\\/schema\\\/logo\\\/image\\\/\",\"url\":\"https:\\\/\\\/perle-in.com\\\/wp-content\\\/uploads\\\/2022\\\/12\\\/LOGO-PERLE-IN-COULEUR@3x.webp\",\"contentUrl\":\"https:\\\/\\\/perle-in.com\\\/wp-content\\\/uploads\\\/2022\\\/12\\\/LOGO-PERLE-IN-COULEUR@3x.webp\",\"width\":1600,\"height\":490,\"caption\":\"PERLE IN\"},\"image\":{\"@id\":\"https:\\\/\\\/perle-in.com\\\/#\\\/schema\\\/logo\\\/image\\\/\"}}]}<\/script>\n<!-- \/ Yoast SEO plugin. -->","yoast_head_json":{"title":"Haut-parleur Prixton Dance Box - PERLE IN","robots":{"index":"noindex","follow":"follow","max-snippet":"max-snippet:-1","max-image-preview":"max-image-preview:large","max-video-preview":"max-video-preview:-1"},"og_locale":"en_US","og_type":"article","og_title":"Haut-parleur Prixton Dance Box - PERLE IN","og_description":"L'enceinte Dance Box de 10\u00a0W offre une autonomie de 8 \u00e0 10\u00a0heures et peut \u00eatre enti\u00e8rement charg\u00e9e en 2 \u00e0 3\u00a0heures. La version Bluetooth\u00ae 5.1 fournit une connexion stable avec d'autres appareils. Dot\u00e9e d'un microphone et d'une fonction mains libres pour une gestion facile des appels t\u00e9l\u00e9phoniques. Niveau d'\u00e9tanch\u00e9it\u00e9 IPX7.","og_url":"https:\/\/perle-in.com\/en\/product\/haut-parleur-prixton-dance-box\/","og_site_name":"PERLE IN","article_modified_time":"2025-10-15T16:53:34+00:00","og_image":[{"width":1600,"height":1600,"url":"https:\/\/perle-in.com\/wp-content\/uploads\/2025\/10\/2PA16490-1.jpg","type":"image\/jpeg"}],"twitter_card":"summary_large_image","schema":{"@context":"https:\/\/schema.org","@graph":[{"@type":"WebPage","@id":"https:\/\/perle-in.com\/produit\/haut-parleur-prixton-dance-box\/","url":"https:\/\/perle-in.com\/produit\/haut-parleur-prixton-dance-box\/","name":"Haut-parleur Prixton Dance Box - PERLE IN","isPartOf":{"@id":"https:\/\/perle-in.com\/#website"},"primaryImageOfPage":{"@id":"https:\/\/perle-in.com\/produit\/haut-parleur-prixton-dance-box\/#primaryimage"},"image":{"@id":"https:\/\/perle-in.com\/produit\/haut-parleur-prixton-dance-box\/#primaryimage"},"thumbnailUrl":"https:\/\/perle-in.com\/wp-content\/uploads\/2025\/10\/2PA16490-1.jpg","datePublished":"2025-10-15T16:53:33+00:00","dateModified":"2025-10-15T16:53:34+00:00","breadcrumb":{"@id":"https:\/\/perle-in.com\/produit\/haut-parleur-prixton-dance-box\/#breadcrumb"},"inLanguage":"en-CA","potentialAction":[{"@type":"ReadAction","target":["https:\/\/perle-in.com\/produit\/haut-parleur-prixton-dance-box\/"]}]},{"@type":"ImageObject","inLanguage":"en-CA","@id":"https:\/\/perle-in.com\/produit\/haut-parleur-prixton-dance-box\/#primaryimage","url":"https:\/\/perle-in.com\/wp-content\/uploads\/2025\/10\/2PA16490-1.jpg","contentUrl":"https:\/\/perle-in.com\/wp-content\/uploads\/2025\/10\/2PA16490-1.jpg","width":1600,"height":1600},{"@type":"BreadcrumbList","@id":"https:\/\/perle-in.com\/produit\/haut-parleur-prixton-dance-box\/#breadcrumb","itemListElement":[{"@type":"ListItem","position":1,"name":"Accueil","item":"https:\/\/perle-in.com\/"},{"@type":"ListItem","position":2,"name":"Boutique","item":"https:\/\/perle-in.com\/boutique\/"},{"@type":"ListItem","position":3,"name":"Haut-parleur Prixton Dance Box"}]},{"@type":"WebSite","@id":"https:\/\/perle-in.com\/#website","url":"https:\/\/perle-in.com\/","name":"PERLE IN","description":"","publisher":{"@id":"https:\/\/perle-in.com\/#organization"},"potentialAction":[{"@type":"SearchAction","target":{"@type":"EntryPoint","urlTemplate":"https:\/\/perle-in.com\/?s={search_term_string}"},"query-input":{"@type":"PropertyValueSpecification","valueRequired":true,"valueName":"search_term_string"}}],"inLanguage":"en-CA"},{"@type":"Organization","@id":"https:\/\/perle-in.com\/#organization","name":"PERLE IN","url":"https:\/\/perle-in.com\/","logo":{"@type":"ImageObject","inLanguage":"en-CA","@id":"https:\/\/perle-in.com\/#\/schema\/logo\/image\/","url":"https:\/\/perle-in.com\/wp-content\/uploads\/2022\/12\/LOGO-PERLE-IN-COULEUR@3x.webp","contentUrl":"https:\/\/perle-in.com\/wp-content\/uploads\/2022\/12\/LOGO-PERLE-IN-COULEUR@3x.webp","width":1600,"height":490,"caption":"PERLE IN"},"image":{"@id":"https:\/\/perle-in.com\/#\/schema\/logo\/image\/"}}]}},"jetpack_sharing_enabled":true,"_links":{"self":[{"href":"https:\/\/perle-in.com\/en\/wp-json\/wp\/v2\/product\/564908","targetHints":{"allow":["GET"]}}],"collection":[{"href":"https:\/\/perle-in.com\/en\/wp-json\/wp\/v2\/product"}],"about":[{"href":"https:\/\/perle-in.com\/en\/wp-json\/wp\/v2\/types\/product"}],"version-history":[{"count":0,"href":"https:\/\/perle-in.com\/en\/wp-json\/wp\/v2\/product\/564908\/revisions"}],"wp:featuredmedia":[{"embeddable":true,"href":"https:\/\/perle-in.com\/en\/wp-json\/wp\/v2\/media\/564900"}],"wp:attachment":[{"href":"https:\/\/perle-in.com\/en\/wp-json\/wp\/v2\/media?parent=564908"}],"wp:term":[{"taxonomy":"product_brand","embeddable":true,"href":"https:\/\/perle-in.com\/en\/wp-json\/wp\/v2\/product_brand?post=564908"},{"taxonomy":"product_cat","embeddable":true,"href":"https:\/\/perle-in.com\/en\/wp-json\/wp\/v2\/product_cat?post=564908"},{"taxonomy":"product_tag","embeddable":true,"href":"https:\/\/perle-in.com\/en\/wp-json\/wp\/v2\/product_tag?post=564908"}],"curies":[{"name":"wp","href":"https:\/\/api.w.org\/{rel}","templated":true}]}}