{"id":564884,"date":"2025-10-15T18:51:21","date_gmt":"2025-10-15T16:51:21","guid":{"rendered":"https:\/\/perle-in.com\/produit\/enceinte-bluetooth-4-en-1-prixton-de-10-w-avec-lumiere-led-et-station-de-charge-sans-fil\/"},"modified":"2025-10-15T18:51:23","modified_gmt":"2025-10-15T16:51:23","slug":"enceinte-bluetooth-4-en-1-prixton-de-10-w-avec-lumiere-led-et-station-de-charge-sans-fil","status":"publish","type":"product","link":"https:\/\/perle-in.com\/en\/product\/enceinte-bluetooth-4-en-1-prixton-de-10-w-avec-lumiere-led-et-station-de-charge-sans-fil\/","title":{"rendered":"Enceinte Bluetooth\u00ae 4-en-1 Prixton de 10\u00a0W avec lumi\u00e8re LED et station de charge sans fil"},"content":{"rendered":"","protected":false},"excerpt":{"rendered":"<p>Cet article propose 4\u00a0fonctions diff\u00e9rentes\u00a0: Une enceinte Bluetooth\u00ae sans fil, une base de charge sans fil, une lampe LED avec 3\u00a0niveaux de luminosit\u00e9 r\u00e9glables et un support pour t\u00e9l\u00e9phone portable. Gr\u00e2ce \u00e0 sa fonction multifonction, vous pouvez profiter de votre musique pr\u00e9f\u00e9r\u00e9e tout en chargeant votre t\u00e9l\u00e9phone. Livr\u00e9 avec un c\u00e2ble de charge Type-C et un c\u00e2ble auxiliaire.<\/p>","protected":false},"featured_media":564876,"template":"","meta":{"_eb_attr":""},"product_brand":[],"product_cat":[817,667],"product_tag":[818,816,815,1656,2685,2890,533,783,2762,1019,3693],"class_list":{"0":"post-564884","1":"product","2":"type-product","3":"status-publish","4":"has-post-thumbnail","6":"product_cat-enceintes","7":"product_cat-technologie","8":"product_tag-bluetooth","9":"product_tag-charge","10":"product_tag-chargeur","11":"product_tag-enceinte","12":"product_tag-induction","13":"product_tag-lampe","14":"product_tag-led","15":"product_tag-prixton","16":"product_tag-recharge","17":"product_tag-sans-fil","18":"product_tag-support-de-telephone","19":"pa_couleurs-blanc","20":"pa_couleurs-bois","22":"first","23":"instock","24":"shipping-taxable","25":"purchasable","26":"product-type-variable"},"yoast_head":"<!-- This site is optimized with the Yoast SEO plugin v27.4 - https:\/\/yoast.com\/product\/yoast-seo-wordpress\/ -->\n<title>Enceinte Bluetooth\u00ae 4-en-1 Prixton de 10\u00a0W avec lumi\u00e8re LED et station de charge sans fil - PERLE IN<\/title>\n<meta name=\"robots\" content=\"noindex, follow, max-snippet:-1, max-image-preview:large, max-video-preview:-1\" \/>\n<meta property=\"og:locale\" content=\"en_US\" \/>\n<meta property=\"og:type\" content=\"article\" \/>\n<meta property=\"og:title\" content=\"Enceinte Bluetooth\u00ae 4-en-1 Prixton de 10\u00a0W avec lumi\u00e8re LED et station de charge sans fil - PERLE IN\" \/>\n<meta property=\"og:description\" content=\"Cet article propose 4\u00a0fonctions diff\u00e9rentes\u00a0: Une enceinte Bluetooth\u00ae sans fil, une base de charge sans fil, une lampe LED avec 3\u00a0niveaux de luminosit\u00e9 r\u00e9glables et un support pour t\u00e9l\u00e9phone portable. Gr\u00e2ce \u00e0 sa fonction multifonction, vous pouvez profiter de votre musique pr\u00e9f\u00e9r\u00e9e tout en chargeant votre t\u00e9l\u00e9phone. Livr\u00e9 avec un c\u00e2ble de charge Type-C et un c\u00e2ble auxiliaire.\" \/>\n<meta property=\"og:url\" content=\"https:\/\/perle-in.com\/en\/product\/enceinte-bluetooth-4-en-1-prixton-de-10-w-avec-lumiere-led-et-station-de-charge-sans-fil\/\" \/>\n<meta property=\"og:site_name\" content=\"PERLE IN\" \/>\n<meta property=\"article:modified_time\" content=\"2025-10-15T16:51:23+00:00\" \/>\n<meta property=\"og:image\" content=\"https:\/\/perle-in.com\/wp-content\/uploads\/2025\/10\/2PA16001-1.jpg\" \/>\n\t<meta property=\"og:image:width\" content=\"1600\" \/>\n\t<meta property=\"og:image:height\" content=\"1600\" \/>\n\t<meta property=\"og:image:type\" content=\"image\/jpeg\" \/>\n<meta name=\"twitter:card\" content=\"summary_large_image\" \/>\n<script type=\"application\/ld+json\" class=\"yoast-schema-graph\">{\"@context\":\"https:\\\/\\\/schema.org\",\"@graph\":[{\"@type\":\"WebPage\",\"@id\":\"https:\\\/\\\/perle-in.com\\\/produit\\\/enceinte-bluetooth-4-en-1-prixton-de-10-w-avec-lumiere-led-et-station-de-charge-sans-fil\\\/\",\"url\":\"https:\\\/\\\/perle-in.com\\\/produit\\\/enceinte-bluetooth-4-en-1-prixton-de-10-w-avec-lumiere-led-et-station-de-charge-sans-fil\\\/\",\"name\":\"Enceinte Bluetooth\u00ae 4-en-1 Prixton de 10\u00a0W avec lumi\u00e8re LED et station de charge sans fil - PERLE IN\",\"isPartOf\":{\"@id\":\"https:\\\/\\\/perle-in.com\\\/#website\"},\"primaryImageOfPage\":{\"@id\":\"https:\\\/\\\/perle-in.com\\\/produit\\\/enceinte-bluetooth-4-en-1-prixton-de-10-w-avec-lumiere-led-et-station-de-charge-sans-fil\\\/#primaryimage\"},\"image\":{\"@id\":\"https:\\\/\\\/perle-in.com\\\/produit\\\/enceinte-bluetooth-4-en-1-prixton-de-10-w-avec-lumiere-led-et-station-de-charge-sans-fil\\\/#primaryimage\"},\"thumbnailUrl\":\"https:\\\/\\\/perle-in.com\\\/wp-content\\\/uploads\\\/2025\\\/10\\\/2PA16001-1.jpg\",\"datePublished\":\"2025-10-15T16:51:21+00:00\",\"dateModified\":\"2025-10-15T16:51:23+00:00\",\"breadcrumb\":{\"@id\":\"https:\\\/\\\/perle-in.com\\\/produit\\\/enceinte-bluetooth-4-en-1-prixton-de-10-w-avec-lumiere-led-et-station-de-charge-sans-fil\\\/#breadcrumb\"},\"inLanguage\":\"en-CA\",\"potentialAction\":[{\"@type\":\"ReadAction\",\"target\":[\"https:\\\/\\\/perle-in.com\\\/produit\\\/enceinte-bluetooth-4-en-1-prixton-de-10-w-avec-lumiere-led-et-station-de-charge-sans-fil\\\/\"]}]},{\"@type\":\"ImageObject\",\"inLanguage\":\"en-CA\",\"@id\":\"https:\\\/\\\/perle-in.com\\\/produit\\\/enceinte-bluetooth-4-en-1-prixton-de-10-w-avec-lumiere-led-et-station-de-charge-sans-fil\\\/#primaryimage\",\"url\":\"https:\\\/\\\/perle-in.com\\\/wp-content\\\/uploads\\\/2025\\\/10\\\/2PA16001-1.jpg\",\"contentUrl\":\"https:\\\/\\\/perle-in.com\\\/wp-content\\\/uploads\\\/2025\\\/10\\\/2PA16001-1.jpg\",\"width\":1600,\"height\":1600},{\"@type\":\"BreadcrumbList\",\"@id\":\"https:\\\/\\\/perle-in.com\\\/produit\\\/enceinte-bluetooth-4-en-1-prixton-de-10-w-avec-lumiere-led-et-station-de-charge-sans-fil\\\/#breadcrumb\",\"itemListElement\":[{\"@type\":\"ListItem\",\"position\":1,\"name\":\"Accueil\",\"item\":\"https:\\\/\\\/perle-in.com\\\/\"},{\"@type\":\"ListItem\",\"position\":2,\"name\":\"Boutique\",\"item\":\"https:\\\/\\\/perle-in.com\\\/boutique\\\/\"},{\"@type\":\"ListItem\",\"position\":3,\"name\":\"Enceinte Bluetooth\u00ae 4-en-1 Prixton de 10\u00a0W avec lumi\u00e8re LED et station de charge sans fil\"}]},{\"@type\":\"WebSite\",\"@id\":\"https:\\\/\\\/perle-in.com\\\/#website\",\"url\":\"https:\\\/\\\/perle-in.com\\\/\",\"name\":\"PERLE IN\",\"description\":\"\",\"publisher\":{\"@id\":\"https:\\\/\\\/perle-in.com\\\/#organization\"},\"potentialAction\":[{\"@type\":\"SearchAction\",\"target\":{\"@type\":\"EntryPoint\",\"urlTemplate\":\"https:\\\/\\\/perle-in.com\\\/?s={search_term_string}\"},\"query-input\":{\"@type\":\"PropertyValueSpecification\",\"valueRequired\":true,\"valueName\":\"search_term_string\"}}],\"inLanguage\":\"en-CA\"},{\"@type\":\"Organization\",\"@id\":\"https:\\\/\\\/perle-in.com\\\/#organization\",\"name\":\"PERLE IN\",\"url\":\"https:\\\/\\\/perle-in.com\\\/\",\"logo\":{\"@type\":\"ImageObject\",\"inLanguage\":\"en-CA\",\"@id\":\"https:\\\/\\\/perle-in.com\\\/#\\\/schema\\\/logo\\\/image\\\/\",\"url\":\"https:\\\/\\\/perle-in.com\\\/wp-content\\\/uploads\\\/2022\\\/12\\\/LOGO-PERLE-IN-COULEUR@3x.webp\",\"contentUrl\":\"https:\\\/\\\/perle-in.com\\\/wp-content\\\/uploads\\\/2022\\\/12\\\/LOGO-PERLE-IN-COULEUR@3x.webp\",\"width\":1600,\"height\":490,\"caption\":\"PERLE IN\"},\"image\":{\"@id\":\"https:\\\/\\\/perle-in.com\\\/#\\\/schema\\\/logo\\\/image\\\/\"}}]}<\/script>\n<!-- \/ Yoast SEO plugin. -->","yoast_head_json":{"title":"Enceinte Bluetooth\u00ae 4-en-1 Prixton de 10\u00a0W avec lumi\u00e8re LED et station de charge sans fil - PERLE IN","robots":{"index":"noindex","follow":"follow","max-snippet":"max-snippet:-1","max-image-preview":"max-image-preview:large","max-video-preview":"max-video-preview:-1"},"og_locale":"en_US","og_type":"article","og_title":"Enceinte Bluetooth\u00ae 4-en-1 Prixton de 10\u00a0W avec lumi\u00e8re LED et station de charge sans fil - PERLE IN","og_description":"Cet article propose 4\u00a0fonctions diff\u00e9rentes\u00a0: Une enceinte Bluetooth\u00ae sans fil, une base de charge sans fil, une lampe LED avec 3\u00a0niveaux de luminosit\u00e9 r\u00e9glables et un support pour t\u00e9l\u00e9phone portable. Gr\u00e2ce \u00e0 sa fonction multifonction, vous pouvez profiter de votre musique pr\u00e9f\u00e9r\u00e9e tout en chargeant votre t\u00e9l\u00e9phone. Livr\u00e9 avec un c\u00e2ble de charge Type-C et un c\u00e2ble auxiliaire.","og_url":"https:\/\/perle-in.com\/en\/product\/enceinte-bluetooth-4-en-1-prixton-de-10-w-avec-lumiere-led-et-station-de-charge-sans-fil\/","og_site_name":"PERLE IN","article_modified_time":"2025-10-15T16:51:23+00:00","og_image":[{"width":1600,"height":1600,"url":"https:\/\/perle-in.com\/wp-content\/uploads\/2025\/10\/2PA16001-1.jpg","type":"image\/jpeg"}],"twitter_card":"summary_large_image","schema":{"@context":"https:\/\/schema.org","@graph":[{"@type":"WebPage","@id":"https:\/\/perle-in.com\/produit\/enceinte-bluetooth-4-en-1-prixton-de-10-w-avec-lumiere-led-et-station-de-charge-sans-fil\/","url":"https:\/\/perle-in.com\/produit\/enceinte-bluetooth-4-en-1-prixton-de-10-w-avec-lumiere-led-et-station-de-charge-sans-fil\/","name":"Enceinte Bluetooth\u00ae 4-en-1 Prixton de 10\u00a0W avec lumi\u00e8re LED et station de charge sans fil - PERLE IN","isPartOf":{"@id":"https:\/\/perle-in.com\/#website"},"primaryImageOfPage":{"@id":"https:\/\/perle-in.com\/produit\/enceinte-bluetooth-4-en-1-prixton-de-10-w-avec-lumiere-led-et-station-de-charge-sans-fil\/#primaryimage"},"image":{"@id":"https:\/\/perle-in.com\/produit\/enceinte-bluetooth-4-en-1-prixton-de-10-w-avec-lumiere-led-et-station-de-charge-sans-fil\/#primaryimage"},"thumbnailUrl":"https:\/\/perle-in.com\/wp-content\/uploads\/2025\/10\/2PA16001-1.jpg","datePublished":"2025-10-15T16:51:21+00:00","dateModified":"2025-10-15T16:51:23+00:00","breadcrumb":{"@id":"https:\/\/perle-in.com\/produit\/enceinte-bluetooth-4-en-1-prixton-de-10-w-avec-lumiere-led-et-station-de-charge-sans-fil\/#breadcrumb"},"inLanguage":"en-CA","potentialAction":[{"@type":"ReadAction","target":["https:\/\/perle-in.com\/produit\/enceinte-bluetooth-4-en-1-prixton-de-10-w-avec-lumiere-led-et-station-de-charge-sans-fil\/"]}]},{"@type":"ImageObject","inLanguage":"en-CA","@id":"https:\/\/perle-in.com\/produit\/enceinte-bluetooth-4-en-1-prixton-de-10-w-avec-lumiere-led-et-station-de-charge-sans-fil\/#primaryimage","url":"https:\/\/perle-in.com\/wp-content\/uploads\/2025\/10\/2PA16001-1.jpg","contentUrl":"https:\/\/perle-in.com\/wp-content\/uploads\/2025\/10\/2PA16001-1.jpg","width":1600,"height":1600},{"@type":"BreadcrumbList","@id":"https:\/\/perle-in.com\/produit\/enceinte-bluetooth-4-en-1-prixton-de-10-w-avec-lumiere-led-et-station-de-charge-sans-fil\/#breadcrumb","itemListElement":[{"@type":"ListItem","position":1,"name":"Accueil","item":"https:\/\/perle-in.com\/"},{"@type":"ListItem","position":2,"name":"Boutique","item":"https:\/\/perle-in.com\/boutique\/"},{"@type":"ListItem","position":3,"name":"Enceinte Bluetooth\u00ae 4-en-1 Prixton de 10\u00a0W avec lumi\u00e8re LED et station de charge sans fil"}]},{"@type":"WebSite","@id":"https:\/\/perle-in.com\/#website","url":"https:\/\/perle-in.com\/","name":"PERLE IN","description":"","publisher":{"@id":"https:\/\/perle-in.com\/#organization"},"potentialAction":[{"@type":"SearchAction","target":{"@type":"EntryPoint","urlTemplate":"https:\/\/perle-in.com\/?s={search_term_string}"},"query-input":{"@type":"PropertyValueSpecification","valueRequired":true,"valueName":"search_term_string"}}],"inLanguage":"en-CA"},{"@type":"Organization","@id":"https:\/\/perle-in.com\/#organization","name":"PERLE IN","url":"https:\/\/perle-in.com\/","logo":{"@type":"ImageObject","inLanguage":"en-CA","@id":"https:\/\/perle-in.com\/#\/schema\/logo\/image\/","url":"https:\/\/perle-in.com\/wp-content\/uploads\/2022\/12\/LOGO-PERLE-IN-COULEUR@3x.webp","contentUrl":"https:\/\/perle-in.com\/wp-content\/uploads\/2022\/12\/LOGO-PERLE-IN-COULEUR@3x.webp","width":1600,"height":490,"caption":"PERLE IN"},"image":{"@id":"https:\/\/perle-in.com\/#\/schema\/logo\/image\/"}}]}},"jetpack_sharing_enabled":true,"_links":{"self":[{"href":"https:\/\/perle-in.com\/en\/wp-json\/wp\/v2\/product\/564884","targetHints":{"allow":["GET"]}}],"collection":[{"href":"https:\/\/perle-in.com\/en\/wp-json\/wp\/v2\/product"}],"about":[{"href":"https:\/\/perle-in.com\/en\/wp-json\/wp\/v2\/types\/product"}],"version-history":[{"count":0,"href":"https:\/\/perle-in.com\/en\/wp-json\/wp\/v2\/product\/564884\/revisions"}],"wp:featuredmedia":[{"embeddable":true,"href":"https:\/\/perle-in.com\/en\/wp-json\/wp\/v2\/media\/564876"}],"wp:attachment":[{"href":"https:\/\/perle-in.com\/en\/wp-json\/wp\/v2\/media?parent=564884"}],"wp:term":[{"taxonomy":"product_brand","embeddable":true,"href":"https:\/\/perle-in.com\/en\/wp-json\/wp\/v2\/product_brand?post=564884"},{"taxonomy":"product_cat","embeddable":true,"href":"https:\/\/perle-in.com\/en\/wp-json\/wp\/v2\/product_cat?post=564884"},{"taxonomy":"product_tag","embeddable":true,"href":"https:\/\/perle-in.com\/en\/wp-json\/wp\/v2\/product_tag?post=564884"}],"curies":[{"name":"wp","href":"https:\/\/api.w.org\/{rel}","templated":true}]}}