{"id":564850,"date":"2025-10-15T18:47:33","date_gmt":"2025-10-15T16:47:33","guid":{"rendered":"https:\/\/perle-in.com\/produit\/valise-de-cabine-thule-subterra-2-a-roulettes\/"},"modified":"2025-10-15T18:47:34","modified_gmt":"2025-10-15T16:47:34","slug":"valise-de-cabine-thule-subterra-2-a-roulettes","status":"publish","type":"product","link":"https:\/\/perle-in.com\/en\/product\/valise-de-cabine-thule-subterra-2-a-roulettes\/","title":{"rendered":"Valise de cabine Thule Subterra\u00a02 \u00e0 roulettes"},"content":{"rendered":"","protected":false},"excerpt":{"rendered":"<p>La valise de cabine \u00e0 roulettes Thule Subterra\u00a02 est polyvalente et optimise l&#8217;espace de rangement afin de parfaitement ranger chaque objet. Le s\u00e9parateur pliable permet d&#8217;organiser et de s\u00e9parer les chaussures des v\u00eatements, et le panneau de compression amovible ainsi que les sangles de compression optimisent l&#8217;espace de rangement. L&#8217;ext\u00e9rieur est dot\u00e9 d&#8217;une poche \u00e0 acc\u00e8s rapide qui offre un acc\u00e8s facile aux articles rang\u00e9s dans la grande poche. Afin de faciliter le transport et d&#8217;offrir une excellente maniabilit\u00e9, cette valise est \u00e9quip\u00e9e de roulettes silencieuses et d&#8217;une poign\u00e9e t\u00e9lescopique en\u00a0V. <\/p>","protected":false},"featured_media":564843,"template":"","meta":{"_eb_attr":""},"product_brand":[],"product_cat":[159,1221],"product_tag":[284,3691,3566,3072,835,3692,3690,291],"class_list":{"0":"post-564850","1":"product","2":"type-product","3":"status-publish","4":"has-post-thumbnail","6":"product_cat-sacs","7":"product_cat-trolleys-et-valises","8":"product_tag-bagage","9":"product_tag-bagage-a-main","10":"product_tag-subterra","11":"product_tag-thule","12":"product_tag-valise","13":"product_tag-valise-a-roulettes","14":"product_tag-valise-de-cabine","15":"product_tag-voyage","16":"pa_couleurs-noir","17":"pa_marque-thule","18":"pa_pays-d-origine-vietnam","20":"first","21":"instock","22":"shipping-taxable","23":"purchasable","24":"product-type-variable"},"yoast_head":"<!-- This site is optimized with the Yoast SEO plugin v27.4 - https:\/\/yoast.com\/product\/yoast-seo-wordpress\/ -->\n<title>Valise de cabine Thule Subterra\u00a02 \u00e0 roulettes - PERLE IN<\/title>\n<meta name=\"robots\" content=\"noindex, follow, max-snippet:-1, max-image-preview:large, max-video-preview:-1\" \/>\n<meta property=\"og:locale\" content=\"en_US\" \/>\n<meta property=\"og:type\" content=\"article\" \/>\n<meta property=\"og:title\" content=\"Valise de cabine Thule Subterra\u00a02 \u00e0 roulettes - PERLE IN\" \/>\n<meta property=\"og:description\" content=\"La valise de cabine \u00e0 roulettes Thule Subterra\u00a02 est polyvalente et optimise l&#039;espace de rangement afin de parfaitement ranger chaque objet. Le s\u00e9parateur pliable permet d&#039;organiser et de s\u00e9parer les chaussures des v\u00eatements, et le panneau de compression amovible ainsi que les sangles de compression optimisent l&#039;espace de rangement. L&#039;ext\u00e9rieur est dot\u00e9 d&#039;une poche \u00e0 acc\u00e8s rapide qui offre un acc\u00e8s facile aux articles rang\u00e9s dans la grande poche. Afin de faciliter le transport et d&#039;offrir une excellente maniabilit\u00e9, cette valise est \u00e9quip\u00e9e de roulettes silencieuses et d&#039;une poign\u00e9e t\u00e9lescopique en\u00a0V.\" \/>\n<meta property=\"og:url\" content=\"https:\/\/perle-in.com\/en\/product\/valise-de-cabine-thule-subterra-2-a-roulettes\/\" \/>\n<meta property=\"og:site_name\" content=\"PERLE IN\" \/>\n<meta property=\"article:modified_time\" content=\"2025-10-15T16:47:34+00:00\" \/>\n<meta property=\"og:image\" content=\"https:\/\/perle-in.com\/wp-content\/uploads\/2025\/10\/12074390-1.jpg\" \/>\n\t<meta property=\"og:image:width\" content=\"1600\" \/>\n\t<meta property=\"og:image:height\" content=\"1600\" \/>\n\t<meta property=\"og:image:type\" content=\"image\/jpeg\" \/>\n<meta name=\"twitter:card\" content=\"summary_large_image\" \/>\n<script type=\"application\/ld+json\" class=\"yoast-schema-graph\">{\"@context\":\"https:\\\/\\\/schema.org\",\"@graph\":[{\"@type\":\"WebPage\",\"@id\":\"https:\\\/\\\/perle-in.com\\\/produit\\\/valise-de-cabine-thule-subterra-2-a-roulettes\\\/\",\"url\":\"https:\\\/\\\/perle-in.com\\\/produit\\\/valise-de-cabine-thule-subterra-2-a-roulettes\\\/\",\"name\":\"Valise de cabine Thule Subterra\u00a02 \u00e0 roulettes - PERLE IN\",\"isPartOf\":{\"@id\":\"https:\\\/\\\/perle-in.com\\\/#website\"},\"primaryImageOfPage\":{\"@id\":\"https:\\\/\\\/perle-in.com\\\/produit\\\/valise-de-cabine-thule-subterra-2-a-roulettes\\\/#primaryimage\"},\"image\":{\"@id\":\"https:\\\/\\\/perle-in.com\\\/produit\\\/valise-de-cabine-thule-subterra-2-a-roulettes\\\/#primaryimage\"},\"thumbnailUrl\":\"https:\\\/\\\/perle-in.com\\\/wp-content\\\/uploads\\\/2025\\\/10\\\/12074390-1.jpg\",\"datePublished\":\"2025-10-15T16:47:33+00:00\",\"dateModified\":\"2025-10-15T16:47:34+00:00\",\"breadcrumb\":{\"@id\":\"https:\\\/\\\/perle-in.com\\\/produit\\\/valise-de-cabine-thule-subterra-2-a-roulettes\\\/#breadcrumb\"},\"inLanguage\":\"en-CA\",\"potentialAction\":[{\"@type\":\"ReadAction\",\"target\":[\"https:\\\/\\\/perle-in.com\\\/produit\\\/valise-de-cabine-thule-subterra-2-a-roulettes\\\/\"]}]},{\"@type\":\"ImageObject\",\"inLanguage\":\"en-CA\",\"@id\":\"https:\\\/\\\/perle-in.com\\\/produit\\\/valise-de-cabine-thule-subterra-2-a-roulettes\\\/#primaryimage\",\"url\":\"https:\\\/\\\/perle-in.com\\\/wp-content\\\/uploads\\\/2025\\\/10\\\/12074390-1.jpg\",\"contentUrl\":\"https:\\\/\\\/perle-in.com\\\/wp-content\\\/uploads\\\/2025\\\/10\\\/12074390-1.jpg\",\"width\":1600,\"height\":1600},{\"@type\":\"BreadcrumbList\",\"@id\":\"https:\\\/\\\/perle-in.com\\\/produit\\\/valise-de-cabine-thule-subterra-2-a-roulettes\\\/#breadcrumb\",\"itemListElement\":[{\"@type\":\"ListItem\",\"position\":1,\"name\":\"Accueil\",\"item\":\"https:\\\/\\\/perle-in.com\\\/\"},{\"@type\":\"ListItem\",\"position\":2,\"name\":\"Boutique\",\"item\":\"https:\\\/\\\/perle-in.com\\\/boutique\\\/\"},{\"@type\":\"ListItem\",\"position\":3,\"name\":\"Valise de cabine Thule Subterra\u00a02 \u00e0 roulettes\"}]},{\"@type\":\"WebSite\",\"@id\":\"https:\\\/\\\/perle-in.com\\\/#website\",\"url\":\"https:\\\/\\\/perle-in.com\\\/\",\"name\":\"PERLE IN\",\"description\":\"\",\"publisher\":{\"@id\":\"https:\\\/\\\/perle-in.com\\\/#organization\"},\"potentialAction\":[{\"@type\":\"SearchAction\",\"target\":{\"@type\":\"EntryPoint\",\"urlTemplate\":\"https:\\\/\\\/perle-in.com\\\/?s={search_term_string}\"},\"query-input\":{\"@type\":\"PropertyValueSpecification\",\"valueRequired\":true,\"valueName\":\"search_term_string\"}}],\"inLanguage\":\"en-CA\"},{\"@type\":\"Organization\",\"@id\":\"https:\\\/\\\/perle-in.com\\\/#organization\",\"name\":\"PERLE IN\",\"url\":\"https:\\\/\\\/perle-in.com\\\/\",\"logo\":{\"@type\":\"ImageObject\",\"inLanguage\":\"en-CA\",\"@id\":\"https:\\\/\\\/perle-in.com\\\/#\\\/schema\\\/logo\\\/image\\\/\",\"url\":\"https:\\\/\\\/perle-in.com\\\/wp-content\\\/uploads\\\/2022\\\/12\\\/LOGO-PERLE-IN-COULEUR@3x.webp\",\"contentUrl\":\"https:\\\/\\\/perle-in.com\\\/wp-content\\\/uploads\\\/2022\\\/12\\\/LOGO-PERLE-IN-COULEUR@3x.webp\",\"width\":1600,\"height\":490,\"caption\":\"PERLE IN\"},\"image\":{\"@id\":\"https:\\\/\\\/perle-in.com\\\/#\\\/schema\\\/logo\\\/image\\\/\"}}]}<\/script>\n<!-- \/ Yoast SEO plugin. -->","yoast_head_json":{"title":"Valise de cabine Thule Subterra\u00a02 \u00e0 roulettes - PERLE IN","robots":{"index":"noindex","follow":"follow","max-snippet":"max-snippet:-1","max-image-preview":"max-image-preview:large","max-video-preview":"max-video-preview:-1"},"og_locale":"en_US","og_type":"article","og_title":"Valise de cabine Thule Subterra\u00a02 \u00e0 roulettes - PERLE IN","og_description":"La valise de cabine \u00e0 roulettes Thule Subterra\u00a02 est polyvalente et optimise l'espace de rangement afin de parfaitement ranger chaque objet. Le s\u00e9parateur pliable permet d'organiser et de s\u00e9parer les chaussures des v\u00eatements, et le panneau de compression amovible ainsi que les sangles de compression optimisent l'espace de rangement. L'ext\u00e9rieur est dot\u00e9 d'une poche \u00e0 acc\u00e8s rapide qui offre un acc\u00e8s facile aux articles rang\u00e9s dans la grande poche. Afin de faciliter le transport et d'offrir une excellente maniabilit\u00e9, cette valise est \u00e9quip\u00e9e de roulettes silencieuses et d'une poign\u00e9e t\u00e9lescopique en\u00a0V.","og_url":"https:\/\/perle-in.com\/en\/product\/valise-de-cabine-thule-subterra-2-a-roulettes\/","og_site_name":"PERLE IN","article_modified_time":"2025-10-15T16:47:34+00:00","og_image":[{"width":1600,"height":1600,"url":"https:\/\/perle-in.com\/wp-content\/uploads\/2025\/10\/12074390-1.jpg","type":"image\/jpeg"}],"twitter_card":"summary_large_image","schema":{"@context":"https:\/\/schema.org","@graph":[{"@type":"WebPage","@id":"https:\/\/perle-in.com\/produit\/valise-de-cabine-thule-subterra-2-a-roulettes\/","url":"https:\/\/perle-in.com\/produit\/valise-de-cabine-thule-subterra-2-a-roulettes\/","name":"Valise de cabine Thule Subterra\u00a02 \u00e0 roulettes - PERLE IN","isPartOf":{"@id":"https:\/\/perle-in.com\/#website"},"primaryImageOfPage":{"@id":"https:\/\/perle-in.com\/produit\/valise-de-cabine-thule-subterra-2-a-roulettes\/#primaryimage"},"image":{"@id":"https:\/\/perle-in.com\/produit\/valise-de-cabine-thule-subterra-2-a-roulettes\/#primaryimage"},"thumbnailUrl":"https:\/\/perle-in.com\/wp-content\/uploads\/2025\/10\/12074390-1.jpg","datePublished":"2025-10-15T16:47:33+00:00","dateModified":"2025-10-15T16:47:34+00:00","breadcrumb":{"@id":"https:\/\/perle-in.com\/produit\/valise-de-cabine-thule-subterra-2-a-roulettes\/#breadcrumb"},"inLanguage":"en-CA","potentialAction":[{"@type":"ReadAction","target":["https:\/\/perle-in.com\/produit\/valise-de-cabine-thule-subterra-2-a-roulettes\/"]}]},{"@type":"ImageObject","inLanguage":"en-CA","@id":"https:\/\/perle-in.com\/produit\/valise-de-cabine-thule-subterra-2-a-roulettes\/#primaryimage","url":"https:\/\/perle-in.com\/wp-content\/uploads\/2025\/10\/12074390-1.jpg","contentUrl":"https:\/\/perle-in.com\/wp-content\/uploads\/2025\/10\/12074390-1.jpg","width":1600,"height":1600},{"@type":"BreadcrumbList","@id":"https:\/\/perle-in.com\/produit\/valise-de-cabine-thule-subterra-2-a-roulettes\/#breadcrumb","itemListElement":[{"@type":"ListItem","position":1,"name":"Accueil","item":"https:\/\/perle-in.com\/"},{"@type":"ListItem","position":2,"name":"Boutique","item":"https:\/\/perle-in.com\/boutique\/"},{"@type":"ListItem","position":3,"name":"Valise de cabine Thule Subterra\u00a02 \u00e0 roulettes"}]},{"@type":"WebSite","@id":"https:\/\/perle-in.com\/#website","url":"https:\/\/perle-in.com\/","name":"PERLE IN","description":"","publisher":{"@id":"https:\/\/perle-in.com\/#organization"},"potentialAction":[{"@type":"SearchAction","target":{"@type":"EntryPoint","urlTemplate":"https:\/\/perle-in.com\/?s={search_term_string}"},"query-input":{"@type":"PropertyValueSpecification","valueRequired":true,"valueName":"search_term_string"}}],"inLanguage":"en-CA"},{"@type":"Organization","@id":"https:\/\/perle-in.com\/#organization","name":"PERLE IN","url":"https:\/\/perle-in.com\/","logo":{"@type":"ImageObject","inLanguage":"en-CA","@id":"https:\/\/perle-in.com\/#\/schema\/logo\/image\/","url":"https:\/\/perle-in.com\/wp-content\/uploads\/2022\/12\/LOGO-PERLE-IN-COULEUR@3x.webp","contentUrl":"https:\/\/perle-in.com\/wp-content\/uploads\/2022\/12\/LOGO-PERLE-IN-COULEUR@3x.webp","width":1600,"height":490,"caption":"PERLE IN"},"image":{"@id":"https:\/\/perle-in.com\/#\/schema\/logo\/image\/"}}]}},"jetpack_sharing_enabled":true,"_links":{"self":[{"href":"https:\/\/perle-in.com\/en\/wp-json\/wp\/v2\/product\/564850","targetHints":{"allow":["GET"]}}],"collection":[{"href":"https:\/\/perle-in.com\/en\/wp-json\/wp\/v2\/product"}],"about":[{"href":"https:\/\/perle-in.com\/en\/wp-json\/wp\/v2\/types\/product"}],"version-history":[{"count":0,"href":"https:\/\/perle-in.com\/en\/wp-json\/wp\/v2\/product\/564850\/revisions"}],"wp:featuredmedia":[{"embeddable":true,"href":"https:\/\/perle-in.com\/en\/wp-json\/wp\/v2\/media\/564843"}],"wp:attachment":[{"href":"https:\/\/perle-in.com\/en\/wp-json\/wp\/v2\/media?parent=564850"}],"wp:term":[{"taxonomy":"product_brand","embeddable":true,"href":"https:\/\/perle-in.com\/en\/wp-json\/wp\/v2\/product_brand?post=564850"},{"taxonomy":"product_cat","embeddable":true,"href":"https:\/\/perle-in.com\/en\/wp-json\/wp\/v2\/product_cat?post=564850"},{"taxonomy":"product_tag","embeddable":true,"href":"https:\/\/perle-in.com\/en\/wp-json\/wp\/v2\/product_tag?post=564850"}],"curies":[{"name":"wp","href":"https:\/\/api.w.org\/{rel}","templated":true}]}}