{"id":564783,"date":"2025-10-15T18:41:21","date_gmt":"2025-10-15T16:41:21","guid":{"rendered":"https:\/\/perle-in.com\/produit\/bouteille-deau-thor-de-500-ml-en-acier-inoxydable-certifie-rcs\/"},"modified":"2025-10-15T18:41:42","modified_gmt":"2025-10-15T16:41:42","slug":"bouteille-deau-thor-de-500-ml-en-acier-inoxydable-certifie-rcs","status":"publish","type":"product","link":"https:\/\/perle-in.com\/en\/product\/bouteille-deau-thor-de-500-ml-en-acier-inoxydable-certifie-rcs\/","title":{"rendered":"Bouteille d\u2019eau Thor de 500\u00a0ml en acier inoxydable certifi\u00e9 RCS"},"content":{"rendered":"","protected":false},"excerpt":{"rendered":"<p>Bouteille d\u2019eau en acier inoxydable durable, \u00e0 double paroi, avec isolation par le vide et certifi\u00e9e RCS, un couvercle \u00e0 vis en acier inoxydable et une boucle de poign\u00e9e en acier inoxydable durable. Elle conserve les boissons chaudes pendant 12 heures ou froides pendant 24 heures. Capacit\u00e9\u00a0: 500\u00a0ml. \u00c9tanche. Pr\u00e9sent\u00e9e dans une bo\u00eete cadeau.<\/p>","protected":false},"featured_media":564767,"template":"","meta":{"_eb_attr":""},"product_brand":[],"product_cat":[257,173],"product_tag":[3224,275,176,837,274,2884,836,203],"class_list":{"0":"post-564783","1":"product","2":"type-product","3":"status-publish","4":"has-post-thumbnail","6":"product_cat-bouteilles-isothermes","7":"product_cat-drinkware","8":"product_tag-articles-pour-boissons","9":"product_tag-boissons","10":"product_tag-bouteilles","11":"product_tag-durable","12":"product_tag-eau","13":"product_tag-rcs","14":"product_tag-recycle","15":"product_tag-sport","16":"pa_couleurs-argent","17":"pa_couleurs-blanc","18":"pa_couleurs-bleu-clair","19":"pa_couleurs-marine","20":"pa_couleurs-noir","21":"pa_couleurs-orange","22":"pa_couleurs-rose","23":"pa_couleurs-rouge","24":"pa_couleurs-turquoise","25":"pa_green-points-2166","26":"pa_matiere-acier-inoxydable-recycle-certifie-rcs","28":"first","29":"instock","30":"shipping-taxable","31":"purchasable","32":"product-type-variable"},"yoast_head":"<!-- This site is optimized with the Yoast SEO plugin v27.4 - https:\/\/yoast.com\/product\/yoast-seo-wordpress\/ -->\n<title>Bouteille d\u2019eau Thor de 500\u00a0ml en acier inoxydable certifi\u00e9 RCS - PERLE IN<\/title>\n<meta name=\"robots\" content=\"noindex, follow, max-snippet:-1, max-image-preview:large, max-video-preview:-1\" \/>\n<meta property=\"og:locale\" content=\"en_US\" \/>\n<meta property=\"og:type\" content=\"article\" \/>\n<meta property=\"og:title\" content=\"Bouteille d\u2019eau Thor de 500\u00a0ml en acier inoxydable certifi\u00e9 RCS - PERLE IN\" \/>\n<meta property=\"og:description\" content=\"Bouteille d\u2019eau en acier inoxydable durable, \u00e0 double paroi, avec isolation par le vide et certifi\u00e9e RCS, un couvercle \u00e0 vis en acier inoxydable et une boucle de poign\u00e9e en acier inoxydable durable. Elle conserve les boissons chaudes pendant 12 heures ou froides pendant 24 heures. Capacit\u00e9\u00a0: 500\u00a0ml. \u00c9tanche. Pr\u00e9sent\u00e9e dans une bo\u00eete cadeau.\" \/>\n<meta property=\"og:url\" content=\"https:\/\/perle-in.com\/en\/product\/bouteille-deau-thor-de-500-ml-en-acier-inoxydable-certifie-rcs\/\" \/>\n<meta property=\"og:site_name\" content=\"PERLE IN\" \/>\n<meta property=\"article:modified_time\" content=\"2025-10-15T16:41:42+00:00\" \/>\n<meta property=\"og:image\" content=\"https:\/\/perle-in.com\/wp-content\/uploads\/2025\/10\/10081901-1.jpg\" \/>\n\t<meta property=\"og:image:width\" content=\"1600\" \/>\n\t<meta property=\"og:image:height\" content=\"1600\" \/>\n\t<meta property=\"og:image:type\" content=\"image\/jpeg\" \/>\n<meta name=\"twitter:card\" content=\"summary_large_image\" \/>\n<script type=\"application\/ld+json\" class=\"yoast-schema-graph\">{\"@context\":\"https:\\\/\\\/schema.org\",\"@graph\":[{\"@type\":\"WebPage\",\"@id\":\"https:\\\/\\\/perle-in.com\\\/produit\\\/bouteille-deau-thor-de-500-ml-en-acier-inoxydable-certifie-rcs\\\/\",\"url\":\"https:\\\/\\\/perle-in.com\\\/produit\\\/bouteille-deau-thor-de-500-ml-en-acier-inoxydable-certifie-rcs\\\/\",\"name\":\"Bouteille d\u2019eau Thor de 500\u00a0ml en acier inoxydable certifi\u00e9 RCS - PERLE IN\",\"isPartOf\":{\"@id\":\"https:\\\/\\\/perle-in.com\\\/#website\"},\"primaryImageOfPage\":{\"@id\":\"https:\\\/\\\/perle-in.com\\\/produit\\\/bouteille-deau-thor-de-500-ml-en-acier-inoxydable-certifie-rcs\\\/#primaryimage\"},\"image\":{\"@id\":\"https:\\\/\\\/perle-in.com\\\/produit\\\/bouteille-deau-thor-de-500-ml-en-acier-inoxydable-certifie-rcs\\\/#primaryimage\"},\"thumbnailUrl\":\"https:\\\/\\\/perle-in.com\\\/wp-content\\\/uploads\\\/2025\\\/10\\\/10081901-1.jpg\",\"datePublished\":\"2025-10-15T16:41:21+00:00\",\"dateModified\":\"2025-10-15T16:41:42+00:00\",\"breadcrumb\":{\"@id\":\"https:\\\/\\\/perle-in.com\\\/produit\\\/bouteille-deau-thor-de-500-ml-en-acier-inoxydable-certifie-rcs\\\/#breadcrumb\"},\"inLanguage\":\"en-CA\",\"potentialAction\":[{\"@type\":\"ReadAction\",\"target\":[\"https:\\\/\\\/perle-in.com\\\/produit\\\/bouteille-deau-thor-de-500-ml-en-acier-inoxydable-certifie-rcs\\\/\"]}]},{\"@type\":\"ImageObject\",\"inLanguage\":\"en-CA\",\"@id\":\"https:\\\/\\\/perle-in.com\\\/produit\\\/bouteille-deau-thor-de-500-ml-en-acier-inoxydable-certifie-rcs\\\/#primaryimage\",\"url\":\"https:\\\/\\\/perle-in.com\\\/wp-content\\\/uploads\\\/2025\\\/10\\\/10081901-1.jpg\",\"contentUrl\":\"https:\\\/\\\/perle-in.com\\\/wp-content\\\/uploads\\\/2025\\\/10\\\/10081901-1.jpg\",\"width\":1600,\"height\":1600},{\"@type\":\"BreadcrumbList\",\"@id\":\"https:\\\/\\\/perle-in.com\\\/produit\\\/bouteille-deau-thor-de-500-ml-en-acier-inoxydable-certifie-rcs\\\/#breadcrumb\",\"itemListElement\":[{\"@type\":\"ListItem\",\"position\":1,\"name\":\"Accueil\",\"item\":\"https:\\\/\\\/perle-in.com\\\/\"},{\"@type\":\"ListItem\",\"position\":2,\"name\":\"Boutique\",\"item\":\"https:\\\/\\\/perle-in.com\\\/boutique\\\/\"},{\"@type\":\"ListItem\",\"position\":3,\"name\":\"Bouteille d\u2019eau Thor de 500\u00a0ml en acier inoxydable certifi\u00e9 RCS\"}]},{\"@type\":\"WebSite\",\"@id\":\"https:\\\/\\\/perle-in.com\\\/#website\",\"url\":\"https:\\\/\\\/perle-in.com\\\/\",\"name\":\"PERLE IN\",\"description\":\"\",\"publisher\":{\"@id\":\"https:\\\/\\\/perle-in.com\\\/#organization\"},\"potentialAction\":[{\"@type\":\"SearchAction\",\"target\":{\"@type\":\"EntryPoint\",\"urlTemplate\":\"https:\\\/\\\/perle-in.com\\\/?s={search_term_string}\"},\"query-input\":{\"@type\":\"PropertyValueSpecification\",\"valueRequired\":true,\"valueName\":\"search_term_string\"}}],\"inLanguage\":\"en-CA\"},{\"@type\":\"Organization\",\"@id\":\"https:\\\/\\\/perle-in.com\\\/#organization\",\"name\":\"PERLE IN\",\"url\":\"https:\\\/\\\/perle-in.com\\\/\",\"logo\":{\"@type\":\"ImageObject\",\"inLanguage\":\"en-CA\",\"@id\":\"https:\\\/\\\/perle-in.com\\\/#\\\/schema\\\/logo\\\/image\\\/\",\"url\":\"https:\\\/\\\/perle-in.com\\\/wp-content\\\/uploads\\\/2022\\\/12\\\/LOGO-PERLE-IN-COULEUR@3x.webp\",\"contentUrl\":\"https:\\\/\\\/perle-in.com\\\/wp-content\\\/uploads\\\/2022\\\/12\\\/LOGO-PERLE-IN-COULEUR@3x.webp\",\"width\":1600,\"height\":490,\"caption\":\"PERLE IN\"},\"image\":{\"@id\":\"https:\\\/\\\/perle-in.com\\\/#\\\/schema\\\/logo\\\/image\\\/\"}}]}<\/script>\n<!-- \/ Yoast SEO plugin. -->","yoast_head_json":{"title":"Bouteille d\u2019eau Thor de 500\u00a0ml en acier inoxydable certifi\u00e9 RCS - PERLE IN","robots":{"index":"noindex","follow":"follow","max-snippet":"max-snippet:-1","max-image-preview":"max-image-preview:large","max-video-preview":"max-video-preview:-1"},"og_locale":"en_US","og_type":"article","og_title":"Bouteille d\u2019eau Thor de 500\u00a0ml en acier inoxydable certifi\u00e9 RCS - PERLE IN","og_description":"Bouteille d\u2019eau en acier inoxydable durable, \u00e0 double paroi, avec isolation par le vide et certifi\u00e9e RCS, un couvercle \u00e0 vis en acier inoxydable et une boucle de poign\u00e9e en acier inoxydable durable. Elle conserve les boissons chaudes pendant 12 heures ou froides pendant 24 heures. Capacit\u00e9\u00a0: 500\u00a0ml. \u00c9tanche. Pr\u00e9sent\u00e9e dans une bo\u00eete cadeau.","og_url":"https:\/\/perle-in.com\/en\/product\/bouteille-deau-thor-de-500-ml-en-acier-inoxydable-certifie-rcs\/","og_site_name":"PERLE IN","article_modified_time":"2025-10-15T16:41:42+00:00","og_image":[{"width":1600,"height":1600,"url":"https:\/\/perle-in.com\/wp-content\/uploads\/2025\/10\/10081901-1.jpg","type":"image\/jpeg"}],"twitter_card":"summary_large_image","schema":{"@context":"https:\/\/schema.org","@graph":[{"@type":"WebPage","@id":"https:\/\/perle-in.com\/produit\/bouteille-deau-thor-de-500-ml-en-acier-inoxydable-certifie-rcs\/","url":"https:\/\/perle-in.com\/produit\/bouteille-deau-thor-de-500-ml-en-acier-inoxydable-certifie-rcs\/","name":"Bouteille d\u2019eau Thor de 500\u00a0ml en acier inoxydable certifi\u00e9 RCS - PERLE IN","isPartOf":{"@id":"https:\/\/perle-in.com\/#website"},"primaryImageOfPage":{"@id":"https:\/\/perle-in.com\/produit\/bouteille-deau-thor-de-500-ml-en-acier-inoxydable-certifie-rcs\/#primaryimage"},"image":{"@id":"https:\/\/perle-in.com\/produit\/bouteille-deau-thor-de-500-ml-en-acier-inoxydable-certifie-rcs\/#primaryimage"},"thumbnailUrl":"https:\/\/perle-in.com\/wp-content\/uploads\/2025\/10\/10081901-1.jpg","datePublished":"2025-10-15T16:41:21+00:00","dateModified":"2025-10-15T16:41:42+00:00","breadcrumb":{"@id":"https:\/\/perle-in.com\/produit\/bouteille-deau-thor-de-500-ml-en-acier-inoxydable-certifie-rcs\/#breadcrumb"},"inLanguage":"en-CA","potentialAction":[{"@type":"ReadAction","target":["https:\/\/perle-in.com\/produit\/bouteille-deau-thor-de-500-ml-en-acier-inoxydable-certifie-rcs\/"]}]},{"@type":"ImageObject","inLanguage":"en-CA","@id":"https:\/\/perle-in.com\/produit\/bouteille-deau-thor-de-500-ml-en-acier-inoxydable-certifie-rcs\/#primaryimage","url":"https:\/\/perle-in.com\/wp-content\/uploads\/2025\/10\/10081901-1.jpg","contentUrl":"https:\/\/perle-in.com\/wp-content\/uploads\/2025\/10\/10081901-1.jpg","width":1600,"height":1600},{"@type":"BreadcrumbList","@id":"https:\/\/perle-in.com\/produit\/bouteille-deau-thor-de-500-ml-en-acier-inoxydable-certifie-rcs\/#breadcrumb","itemListElement":[{"@type":"ListItem","position":1,"name":"Accueil","item":"https:\/\/perle-in.com\/"},{"@type":"ListItem","position":2,"name":"Boutique","item":"https:\/\/perle-in.com\/boutique\/"},{"@type":"ListItem","position":3,"name":"Bouteille d\u2019eau Thor de 500\u00a0ml en acier inoxydable certifi\u00e9 RCS"}]},{"@type":"WebSite","@id":"https:\/\/perle-in.com\/#website","url":"https:\/\/perle-in.com\/","name":"PERLE IN","description":"","publisher":{"@id":"https:\/\/perle-in.com\/#organization"},"potentialAction":[{"@type":"SearchAction","target":{"@type":"EntryPoint","urlTemplate":"https:\/\/perle-in.com\/?s={search_term_string}"},"query-input":{"@type":"PropertyValueSpecification","valueRequired":true,"valueName":"search_term_string"}}],"inLanguage":"en-CA"},{"@type":"Organization","@id":"https:\/\/perle-in.com\/#organization","name":"PERLE IN","url":"https:\/\/perle-in.com\/","logo":{"@type":"ImageObject","inLanguage":"en-CA","@id":"https:\/\/perle-in.com\/#\/schema\/logo\/image\/","url":"https:\/\/perle-in.com\/wp-content\/uploads\/2022\/12\/LOGO-PERLE-IN-COULEUR@3x.webp","contentUrl":"https:\/\/perle-in.com\/wp-content\/uploads\/2022\/12\/LOGO-PERLE-IN-COULEUR@3x.webp","width":1600,"height":490,"caption":"PERLE IN"},"image":{"@id":"https:\/\/perle-in.com\/#\/schema\/logo\/image\/"}}]}},"jetpack_sharing_enabled":true,"_links":{"self":[{"href":"https:\/\/perle-in.com\/en\/wp-json\/wp\/v2\/product\/564783","targetHints":{"allow":["GET"]}}],"collection":[{"href":"https:\/\/perle-in.com\/en\/wp-json\/wp\/v2\/product"}],"about":[{"href":"https:\/\/perle-in.com\/en\/wp-json\/wp\/v2\/types\/product"}],"version-history":[{"count":0,"href":"https:\/\/perle-in.com\/en\/wp-json\/wp\/v2\/product\/564783\/revisions"}],"wp:featuredmedia":[{"embeddable":true,"href":"https:\/\/perle-in.com\/en\/wp-json\/wp\/v2\/media\/564767"}],"wp:attachment":[{"href":"https:\/\/perle-in.com\/en\/wp-json\/wp\/v2\/media?parent=564783"}],"wp:term":[{"taxonomy":"product_brand","embeddable":true,"href":"https:\/\/perle-in.com\/en\/wp-json\/wp\/v2\/product_brand?post=564783"},{"taxonomy":"product_cat","embeddable":true,"href":"https:\/\/perle-in.com\/en\/wp-json\/wp\/v2\/product_cat?post=564783"},{"taxonomy":"product_tag","embeddable":true,"href":"https:\/\/perle-in.com\/en\/wp-json\/wp\/v2\/product_tag?post=564783"}],"curies":[{"name":"wp","href":"https:\/\/api.w.org\/{rel}","templated":true}]}}