{"id":564621,"date":"2025-10-15T18:08:46","date_gmt":"2025-10-15T16:08:46","guid":{"rendered":"https:\/\/perle-in.com\/produit\/bloc-memos-sandal\/"},"modified":"2025-10-15T18:08:51","modified_gmt":"2025-10-15T16:08:51","slug":"bloc-memos-sandal","status":"publish","type":"product","link":"https:\/\/perle-in.com\/en\/product\/bloc-memos-sandal\/","title":{"rendered":"Bloc-m\u00e9mos Sandal"},"content":{"rendered":"","protected":false},"excerpt":{"rendered":"<p>Ce bloc-notes est parfait pour noter rapidement des notes, des rappels et des listes. Sa taille compacte le rend id\u00e9al pour une utilisation \u00e0 la maison, au bureau ou \u00e0 l&#8217;\u00e9cole. Contient 3\u00a0types diff\u00e9rents de notes autocollantes avec du papier 70\u00a0g\/m2. 100\u00a0feuilles (10 x 7,5\u00a0cm), 25\u00a0feuilles (7,5 x 5\u00a0cm), plus au total 125\u00a0petits autocollants de couleur (4,4 x 1,2\u00a0cm). <\/p>","protected":false},"featured_media":564615,"template":"","meta":{"_eb_attr":""},"product_brand":[],"product_cat":[4196,1269],"product_tag":[3661,599,593,2286,594,2287],"class_list":{"0":"post-564621","1":"product","2":"type-product","3":"status-publish","4":"has-post-thumbnail","6":"product_cat-blocs-notes-et-papeterie-personnalisee","7":"product_cat-notes-adhesives","8":"product_tag-autocollants","9":"product_tag-bloc-notes","10":"product_tag-note","11":"product_tag-note-autocollante","12":"product_tag-notes","13":"product_tag-notes-autocollantes","14":"pa_couleurs-beige","15":"pa_green-points-2847","16":"pa_matiere-papier-recycle-carton","18":"first","19":"instock","20":"shipping-taxable","21":"purchasable","22":"product-type-variable"},"yoast_head":"<!-- This site is optimized with the Yoast SEO plugin v27.4 - https:\/\/yoast.com\/product\/yoast-seo-wordpress\/ -->\n<title>Bloc-m\u00e9mos Sandal - PERLE IN<\/title>\n<meta name=\"robots\" content=\"noindex, follow, max-snippet:-1, max-image-preview:large, max-video-preview:-1\" \/>\n<meta property=\"og:locale\" content=\"en_US\" \/>\n<meta property=\"og:type\" content=\"article\" \/>\n<meta property=\"og:title\" content=\"Bloc-m\u00e9mos Sandal - PERLE IN\" \/>\n<meta property=\"og:description\" content=\"Ce bloc-notes est parfait pour noter rapidement des notes, des rappels et des listes. Sa taille compacte le rend id\u00e9al pour une utilisation \u00e0 la maison, au bureau ou \u00e0 l&#039;\u00e9cole. Contient 3\u00a0types diff\u00e9rents de notes autocollantes avec du papier 70\u00a0g\/m2. 100\u00a0feuilles (10 x 7,5\u00a0cm), 25\u00a0feuilles (7,5 x 5\u00a0cm), plus au total 125\u00a0petits autocollants de couleur (4,4 x 1,2\u00a0cm).\" \/>\n<meta property=\"og:url\" content=\"https:\/\/perle-in.com\/en\/product\/bloc-memos-sandal\/\" \/>\n<meta property=\"og:site_name\" content=\"PERLE IN\" \/>\n<meta property=\"article:modified_time\" content=\"2025-10-15T16:08:51+00:00\" \/>\n<meta property=\"og:image\" content=\"https:\/\/perle-in.com\/wp-content\/uploads\/2025\/10\/10736702-1.jpg\" \/>\n\t<meta property=\"og:image:width\" content=\"1600\" \/>\n\t<meta property=\"og:image:height\" content=\"1600\" \/>\n\t<meta property=\"og:image:type\" content=\"image\/jpeg\" \/>\n<meta name=\"twitter:card\" content=\"summary_large_image\" \/>\n<script type=\"application\/ld+json\" class=\"yoast-schema-graph\">{\"@context\":\"https:\\\/\\\/schema.org\",\"@graph\":[{\"@type\":\"WebPage\",\"@id\":\"https:\\\/\\\/perle-in.com\\\/produit\\\/bloc-memos-sandal\\\/\",\"url\":\"https:\\\/\\\/perle-in.com\\\/produit\\\/bloc-memos-sandal\\\/\",\"name\":\"Bloc-m\u00e9mos Sandal - PERLE IN\",\"isPartOf\":{\"@id\":\"https:\\\/\\\/perle-in.com\\\/#website\"},\"primaryImageOfPage\":{\"@id\":\"https:\\\/\\\/perle-in.com\\\/produit\\\/bloc-memos-sandal\\\/#primaryimage\"},\"image\":{\"@id\":\"https:\\\/\\\/perle-in.com\\\/produit\\\/bloc-memos-sandal\\\/#primaryimage\"},\"thumbnailUrl\":\"https:\\\/\\\/perle-in.com\\\/wp-content\\\/uploads\\\/2025\\\/10\\\/10736702-1.jpg\",\"datePublished\":\"2025-10-15T16:08:46+00:00\",\"dateModified\":\"2025-10-15T16:08:51+00:00\",\"breadcrumb\":{\"@id\":\"https:\\\/\\\/perle-in.com\\\/produit\\\/bloc-memos-sandal\\\/#breadcrumb\"},\"inLanguage\":\"en-CA\",\"potentialAction\":[{\"@type\":\"ReadAction\",\"target\":[\"https:\\\/\\\/perle-in.com\\\/produit\\\/bloc-memos-sandal\\\/\"]}]},{\"@type\":\"ImageObject\",\"inLanguage\":\"en-CA\",\"@id\":\"https:\\\/\\\/perle-in.com\\\/produit\\\/bloc-memos-sandal\\\/#primaryimage\",\"url\":\"https:\\\/\\\/perle-in.com\\\/wp-content\\\/uploads\\\/2025\\\/10\\\/10736702-1.jpg\",\"contentUrl\":\"https:\\\/\\\/perle-in.com\\\/wp-content\\\/uploads\\\/2025\\\/10\\\/10736702-1.jpg\",\"width\":1600,\"height\":1600},{\"@type\":\"BreadcrumbList\",\"@id\":\"https:\\\/\\\/perle-in.com\\\/produit\\\/bloc-memos-sandal\\\/#breadcrumb\",\"itemListElement\":[{\"@type\":\"ListItem\",\"position\":1,\"name\":\"Accueil\",\"item\":\"https:\\\/\\\/perle-in.com\\\/\"},{\"@type\":\"ListItem\",\"position\":2,\"name\":\"Boutique\",\"item\":\"https:\\\/\\\/perle-in.com\\\/boutique\\\/\"},{\"@type\":\"ListItem\",\"position\":3,\"name\":\"Bloc-m\u00e9mos Sandal\"}]},{\"@type\":\"WebSite\",\"@id\":\"https:\\\/\\\/perle-in.com\\\/#website\",\"url\":\"https:\\\/\\\/perle-in.com\\\/\",\"name\":\"PERLE IN\",\"description\":\"\",\"publisher\":{\"@id\":\"https:\\\/\\\/perle-in.com\\\/#organization\"},\"potentialAction\":[{\"@type\":\"SearchAction\",\"target\":{\"@type\":\"EntryPoint\",\"urlTemplate\":\"https:\\\/\\\/perle-in.com\\\/?s={search_term_string}\"},\"query-input\":{\"@type\":\"PropertyValueSpecification\",\"valueRequired\":true,\"valueName\":\"search_term_string\"}}],\"inLanguage\":\"en-CA\"},{\"@type\":\"Organization\",\"@id\":\"https:\\\/\\\/perle-in.com\\\/#organization\",\"name\":\"PERLE IN\",\"url\":\"https:\\\/\\\/perle-in.com\\\/\",\"logo\":{\"@type\":\"ImageObject\",\"inLanguage\":\"en-CA\",\"@id\":\"https:\\\/\\\/perle-in.com\\\/#\\\/schema\\\/logo\\\/image\\\/\",\"url\":\"https:\\\/\\\/perle-in.com\\\/wp-content\\\/uploads\\\/2022\\\/12\\\/LOGO-PERLE-IN-COULEUR@3x.webp\",\"contentUrl\":\"https:\\\/\\\/perle-in.com\\\/wp-content\\\/uploads\\\/2022\\\/12\\\/LOGO-PERLE-IN-COULEUR@3x.webp\",\"width\":1600,\"height\":490,\"caption\":\"PERLE IN\"},\"image\":{\"@id\":\"https:\\\/\\\/perle-in.com\\\/#\\\/schema\\\/logo\\\/image\\\/\"}}]}<\/script>\n<!-- \/ Yoast SEO plugin. -->","yoast_head_json":{"title":"Bloc-m\u00e9mos Sandal - PERLE IN","robots":{"index":"noindex","follow":"follow","max-snippet":"max-snippet:-1","max-image-preview":"max-image-preview:large","max-video-preview":"max-video-preview:-1"},"og_locale":"en_US","og_type":"article","og_title":"Bloc-m\u00e9mos Sandal - PERLE IN","og_description":"Ce bloc-notes est parfait pour noter rapidement des notes, des rappels et des listes. Sa taille compacte le rend id\u00e9al pour une utilisation \u00e0 la maison, au bureau ou \u00e0 l'\u00e9cole. Contient 3\u00a0types diff\u00e9rents de notes autocollantes avec du papier 70\u00a0g\/m2. 100\u00a0feuilles (10 x 7,5\u00a0cm), 25\u00a0feuilles (7,5 x 5\u00a0cm), plus au total 125\u00a0petits autocollants de couleur (4,4 x 1,2\u00a0cm).","og_url":"https:\/\/perle-in.com\/en\/product\/bloc-memos-sandal\/","og_site_name":"PERLE IN","article_modified_time":"2025-10-15T16:08:51+00:00","og_image":[{"width":1600,"height":1600,"url":"https:\/\/perle-in.com\/wp-content\/uploads\/2025\/10\/10736702-1.jpg","type":"image\/jpeg"}],"twitter_card":"summary_large_image","schema":{"@context":"https:\/\/schema.org","@graph":[{"@type":"WebPage","@id":"https:\/\/perle-in.com\/produit\/bloc-memos-sandal\/","url":"https:\/\/perle-in.com\/produit\/bloc-memos-sandal\/","name":"Bloc-m\u00e9mos Sandal - PERLE IN","isPartOf":{"@id":"https:\/\/perle-in.com\/#website"},"primaryImageOfPage":{"@id":"https:\/\/perle-in.com\/produit\/bloc-memos-sandal\/#primaryimage"},"image":{"@id":"https:\/\/perle-in.com\/produit\/bloc-memos-sandal\/#primaryimage"},"thumbnailUrl":"https:\/\/perle-in.com\/wp-content\/uploads\/2025\/10\/10736702-1.jpg","datePublished":"2025-10-15T16:08:46+00:00","dateModified":"2025-10-15T16:08:51+00:00","breadcrumb":{"@id":"https:\/\/perle-in.com\/produit\/bloc-memos-sandal\/#breadcrumb"},"inLanguage":"en-CA","potentialAction":[{"@type":"ReadAction","target":["https:\/\/perle-in.com\/produit\/bloc-memos-sandal\/"]}]},{"@type":"ImageObject","inLanguage":"en-CA","@id":"https:\/\/perle-in.com\/produit\/bloc-memos-sandal\/#primaryimage","url":"https:\/\/perle-in.com\/wp-content\/uploads\/2025\/10\/10736702-1.jpg","contentUrl":"https:\/\/perle-in.com\/wp-content\/uploads\/2025\/10\/10736702-1.jpg","width":1600,"height":1600},{"@type":"BreadcrumbList","@id":"https:\/\/perle-in.com\/produit\/bloc-memos-sandal\/#breadcrumb","itemListElement":[{"@type":"ListItem","position":1,"name":"Accueil","item":"https:\/\/perle-in.com\/"},{"@type":"ListItem","position":2,"name":"Boutique","item":"https:\/\/perle-in.com\/boutique\/"},{"@type":"ListItem","position":3,"name":"Bloc-m\u00e9mos Sandal"}]},{"@type":"WebSite","@id":"https:\/\/perle-in.com\/#website","url":"https:\/\/perle-in.com\/","name":"PERLE IN","description":"","publisher":{"@id":"https:\/\/perle-in.com\/#organization"},"potentialAction":[{"@type":"SearchAction","target":{"@type":"EntryPoint","urlTemplate":"https:\/\/perle-in.com\/?s={search_term_string}"},"query-input":{"@type":"PropertyValueSpecification","valueRequired":true,"valueName":"search_term_string"}}],"inLanguage":"en-CA"},{"@type":"Organization","@id":"https:\/\/perle-in.com\/#organization","name":"PERLE IN","url":"https:\/\/perle-in.com\/","logo":{"@type":"ImageObject","inLanguage":"en-CA","@id":"https:\/\/perle-in.com\/#\/schema\/logo\/image\/","url":"https:\/\/perle-in.com\/wp-content\/uploads\/2022\/12\/LOGO-PERLE-IN-COULEUR@3x.webp","contentUrl":"https:\/\/perle-in.com\/wp-content\/uploads\/2022\/12\/LOGO-PERLE-IN-COULEUR@3x.webp","width":1600,"height":490,"caption":"PERLE IN"},"image":{"@id":"https:\/\/perle-in.com\/#\/schema\/logo\/image\/"}}]}},"jetpack_sharing_enabled":true,"_links":{"self":[{"href":"https:\/\/perle-in.com\/en\/wp-json\/wp\/v2\/product\/564621","targetHints":{"allow":["GET"]}}],"collection":[{"href":"https:\/\/perle-in.com\/en\/wp-json\/wp\/v2\/product"}],"about":[{"href":"https:\/\/perle-in.com\/en\/wp-json\/wp\/v2\/types\/product"}],"version-history":[{"count":0,"href":"https:\/\/perle-in.com\/en\/wp-json\/wp\/v2\/product\/564621\/revisions"}],"wp:featuredmedia":[{"embeddable":true,"href":"https:\/\/perle-in.com\/en\/wp-json\/wp\/v2\/media\/564615"}],"wp:attachment":[{"href":"https:\/\/perle-in.com\/en\/wp-json\/wp\/v2\/media?parent=564621"}],"wp:term":[{"taxonomy":"product_brand","embeddable":true,"href":"https:\/\/perle-in.com\/en\/wp-json\/wp\/v2\/product_brand?post=564621"},{"taxonomy":"product_cat","embeddable":true,"href":"https:\/\/perle-in.com\/en\/wp-json\/wp\/v2\/product_cat?post=564621"},{"taxonomy":"product_tag","embeddable":true,"href":"https:\/\/perle-in.com\/en\/wp-json\/wp\/v2\/product_tag?post=564621"}],"curies":[{"name":"wp","href":"https:\/\/api.w.org\/{rel}","templated":true}]}}