{"id":564584,"date":"2025-10-15T18:05:34","date_gmt":"2025-10-15T16:05:34","guid":{"rendered":"https:\/\/perle-in.com\/produit\/gobelet-isotherme-ocean-bottle-de-350-ml\/"},"modified":"2025-10-15T18:05:43","modified_gmt":"2025-10-15T16:05:43","slug":"gobelet-isotherme-ocean-bottle-de-350-ml","status":"publish","type":"product","link":"https:\/\/perle-in.com\/en\/product\/gobelet-isotherme-ocean-bottle-de-350-ml\/","title":{"rendered":"Gobelet isotherme Ocean Bottle de 350\u00a0ml"},"content":{"rendered":"","protected":false},"excerpt":{"rendered":"<p>Le gobelet Ocean Bottle de 350\u00a0ml est dot\u00e9 d\u2019une double paroi qui permet de garder les boissons chaudes jusqu\u2019\u00e0 quatre heures et froides jusqu\u2019\u00e0 dix heures. La taille du gobelet s\u2019adapte parfaitement \u00e0 la plupart des machines \u00e0 caf\u00e9 et porte-gobelets de voiture. Chaque mug de voyage est enti\u00e8rement neutre en carbone et perme la collecte de 1\u00a0000\u00a0bouteilles en plastique pour am\u00e9liorer les moyens de subsistance dans les communaut\u00e9s c\u00f4ti\u00e8res. Le gobelet est fabriqu\u00e9 \u00e0 partir de mat\u00e9riaux recycl\u00e9s, dont 90\u00a0% d\u2019acier inoxydable recycl\u00e9. Livr\u00e9 dans un coffret cadeau en carton recycl\u00e9 provenant de sources responsables.<\/p>","protected":false},"featured_media":564574,"template":"","meta":{"_eb_attr":""},"product_brand":[],"product_cat":[173,189],"product_tag":[276,275,225,274,308,192,190,3306,227,291],"class_list":{"0":"post-564584","1":"product","2":"type-product","3":"status-publish","4":"has-post-thumbnail","6":"product_cat-drinkware","7":"product_cat-mugs-isothermes","8":"product_tag-boire","9":"product_tag-boissons","10":"product_tag-cafe","11":"product_tag-eau","12":"product_tag-gobelet","13":"product_tag-gourde","14":"product_tag-mug","15":"product_tag-ocean-bottle","16":"product_tag-the","17":"product_tag-voyage","18":"pa_couleurs-acier","19":"pa_couleurs-noir-obsidienne","20":"pa_green-points-2893","21":"pa_marque-ocean-bottle","22":"pa_matiere-acier-inoxydable-recycle","24":"first","25":"instock","26":"shipping-taxable","27":"purchasable","28":"product-type-variable"},"yoast_head":"<!-- This site is optimized with the Yoast SEO plugin v27.4 - https:\/\/yoast.com\/product\/yoast-seo-wordpress\/ -->\n<title>Gobelet isotherme Ocean Bottle de 350\u00a0ml - PERLE IN<\/title>\n<meta name=\"robots\" content=\"noindex, follow, max-snippet:-1, max-image-preview:large, max-video-preview:-1\" \/>\n<meta property=\"og:locale\" content=\"en_US\" \/>\n<meta property=\"og:type\" content=\"article\" \/>\n<meta property=\"og:title\" content=\"Gobelet isotherme Ocean Bottle de 350\u00a0ml - PERLE IN\" \/>\n<meta property=\"og:description\" content=\"Le gobelet Ocean Bottle de 350\u00a0ml est dot\u00e9 d\u2019une double paroi qui permet de garder les boissons chaudes jusqu\u2019\u00e0 quatre heures et froides jusqu\u2019\u00e0 dix heures. La taille du gobelet s\u2019adapte parfaitement \u00e0 la plupart des machines \u00e0 caf\u00e9 et porte-gobelets de voiture. Chaque mug de voyage est enti\u00e8rement neutre en carbone et perme la collecte de 1\u00a0000\u00a0bouteilles en plastique pour am\u00e9liorer les moyens de subsistance dans les communaut\u00e9s c\u00f4ti\u00e8res. Le gobelet est fabriqu\u00e9 \u00e0 partir de mat\u00e9riaux recycl\u00e9s, dont 90\u00a0% d\u2019acier inoxydable recycl\u00e9. Livr\u00e9 dans un coffret cadeau en carton recycl\u00e9 provenant de sources responsables.\" \/>\n<meta property=\"og:url\" content=\"https:\/\/perle-in.com\/en\/product\/gobelet-isotherme-ocean-bottle-de-350-ml\/\" \/>\n<meta property=\"og:site_name\" content=\"PERLE IN\" \/>\n<meta property=\"article:modified_time\" content=\"2025-10-15T16:05:43+00:00\" \/>\n<meta property=\"og:image\" content=\"https:\/\/perle-in.com\/wp-content\/uploads\/2025\/10\/10081882-1.jpg\" \/>\n\t<meta property=\"og:image:width\" content=\"1600\" \/>\n\t<meta property=\"og:image:height\" content=\"1600\" \/>\n\t<meta property=\"og:image:type\" content=\"image\/jpeg\" \/>\n<meta name=\"twitter:card\" content=\"summary_large_image\" \/>\n<script type=\"application\/ld+json\" class=\"yoast-schema-graph\">{\"@context\":\"https:\\\/\\\/schema.org\",\"@graph\":[{\"@type\":\"WebPage\",\"@id\":\"https:\\\/\\\/perle-in.com\\\/produit\\\/gobelet-isotherme-ocean-bottle-de-350-ml\\\/\",\"url\":\"https:\\\/\\\/perle-in.com\\\/produit\\\/gobelet-isotherme-ocean-bottle-de-350-ml\\\/\",\"name\":\"Gobelet isotherme Ocean Bottle de 350\u00a0ml - PERLE IN\",\"isPartOf\":{\"@id\":\"https:\\\/\\\/perle-in.com\\\/#website\"},\"primaryImageOfPage\":{\"@id\":\"https:\\\/\\\/perle-in.com\\\/produit\\\/gobelet-isotherme-ocean-bottle-de-350-ml\\\/#primaryimage\"},\"image\":{\"@id\":\"https:\\\/\\\/perle-in.com\\\/produit\\\/gobelet-isotherme-ocean-bottle-de-350-ml\\\/#primaryimage\"},\"thumbnailUrl\":\"https:\\\/\\\/perle-in.com\\\/wp-content\\\/uploads\\\/2025\\\/10\\\/10081882-1.jpg\",\"datePublished\":\"2025-10-15T16:05:34+00:00\",\"dateModified\":\"2025-10-15T16:05:43+00:00\",\"breadcrumb\":{\"@id\":\"https:\\\/\\\/perle-in.com\\\/produit\\\/gobelet-isotherme-ocean-bottle-de-350-ml\\\/#breadcrumb\"},\"inLanguage\":\"en-CA\",\"potentialAction\":[{\"@type\":\"ReadAction\",\"target\":[\"https:\\\/\\\/perle-in.com\\\/produit\\\/gobelet-isotherme-ocean-bottle-de-350-ml\\\/\"]}]},{\"@type\":\"ImageObject\",\"inLanguage\":\"en-CA\",\"@id\":\"https:\\\/\\\/perle-in.com\\\/produit\\\/gobelet-isotherme-ocean-bottle-de-350-ml\\\/#primaryimage\",\"url\":\"https:\\\/\\\/perle-in.com\\\/wp-content\\\/uploads\\\/2025\\\/10\\\/10081882-1.jpg\",\"contentUrl\":\"https:\\\/\\\/perle-in.com\\\/wp-content\\\/uploads\\\/2025\\\/10\\\/10081882-1.jpg\",\"width\":1600,\"height\":1600},{\"@type\":\"BreadcrumbList\",\"@id\":\"https:\\\/\\\/perle-in.com\\\/produit\\\/gobelet-isotherme-ocean-bottle-de-350-ml\\\/#breadcrumb\",\"itemListElement\":[{\"@type\":\"ListItem\",\"position\":1,\"name\":\"Accueil\",\"item\":\"https:\\\/\\\/perle-in.com\\\/\"},{\"@type\":\"ListItem\",\"position\":2,\"name\":\"Boutique\",\"item\":\"https:\\\/\\\/perle-in.com\\\/boutique\\\/\"},{\"@type\":\"ListItem\",\"position\":3,\"name\":\"Gobelet isotherme Ocean Bottle de 350\u00a0ml\"}]},{\"@type\":\"WebSite\",\"@id\":\"https:\\\/\\\/perle-in.com\\\/#website\",\"url\":\"https:\\\/\\\/perle-in.com\\\/\",\"name\":\"PERLE IN\",\"description\":\"\",\"publisher\":{\"@id\":\"https:\\\/\\\/perle-in.com\\\/#organization\"},\"potentialAction\":[{\"@type\":\"SearchAction\",\"target\":{\"@type\":\"EntryPoint\",\"urlTemplate\":\"https:\\\/\\\/perle-in.com\\\/?s={search_term_string}\"},\"query-input\":{\"@type\":\"PropertyValueSpecification\",\"valueRequired\":true,\"valueName\":\"search_term_string\"}}],\"inLanguage\":\"en-CA\"},{\"@type\":\"Organization\",\"@id\":\"https:\\\/\\\/perle-in.com\\\/#organization\",\"name\":\"PERLE IN\",\"url\":\"https:\\\/\\\/perle-in.com\\\/\",\"logo\":{\"@type\":\"ImageObject\",\"inLanguage\":\"en-CA\",\"@id\":\"https:\\\/\\\/perle-in.com\\\/#\\\/schema\\\/logo\\\/image\\\/\",\"url\":\"https:\\\/\\\/perle-in.com\\\/wp-content\\\/uploads\\\/2022\\\/12\\\/LOGO-PERLE-IN-COULEUR@3x.webp\",\"contentUrl\":\"https:\\\/\\\/perle-in.com\\\/wp-content\\\/uploads\\\/2022\\\/12\\\/LOGO-PERLE-IN-COULEUR@3x.webp\",\"width\":1600,\"height\":490,\"caption\":\"PERLE IN\"},\"image\":{\"@id\":\"https:\\\/\\\/perle-in.com\\\/#\\\/schema\\\/logo\\\/image\\\/\"}}]}<\/script>\n<!-- \/ Yoast SEO plugin. -->","yoast_head_json":{"title":"Gobelet isotherme Ocean Bottle de 350\u00a0ml - PERLE IN","robots":{"index":"noindex","follow":"follow","max-snippet":"max-snippet:-1","max-image-preview":"max-image-preview:large","max-video-preview":"max-video-preview:-1"},"og_locale":"en_US","og_type":"article","og_title":"Gobelet isotherme Ocean Bottle de 350\u00a0ml - PERLE IN","og_description":"Le gobelet Ocean Bottle de 350\u00a0ml est dot\u00e9 d\u2019une double paroi qui permet de garder les boissons chaudes jusqu\u2019\u00e0 quatre heures et froides jusqu\u2019\u00e0 dix heures. La taille du gobelet s\u2019adapte parfaitement \u00e0 la plupart des machines \u00e0 caf\u00e9 et porte-gobelets de voiture. Chaque mug de voyage est enti\u00e8rement neutre en carbone et perme la collecte de 1\u00a0000\u00a0bouteilles en plastique pour am\u00e9liorer les moyens de subsistance dans les communaut\u00e9s c\u00f4ti\u00e8res. Le gobelet est fabriqu\u00e9 \u00e0 partir de mat\u00e9riaux recycl\u00e9s, dont 90\u00a0% d\u2019acier inoxydable recycl\u00e9. Livr\u00e9 dans un coffret cadeau en carton recycl\u00e9 provenant de sources responsables.","og_url":"https:\/\/perle-in.com\/en\/product\/gobelet-isotherme-ocean-bottle-de-350-ml\/","og_site_name":"PERLE IN","article_modified_time":"2025-10-15T16:05:43+00:00","og_image":[{"width":1600,"height":1600,"url":"https:\/\/perle-in.com\/wp-content\/uploads\/2025\/10\/10081882-1.jpg","type":"image\/jpeg"}],"twitter_card":"summary_large_image","schema":{"@context":"https:\/\/schema.org","@graph":[{"@type":"WebPage","@id":"https:\/\/perle-in.com\/produit\/gobelet-isotherme-ocean-bottle-de-350-ml\/","url":"https:\/\/perle-in.com\/produit\/gobelet-isotherme-ocean-bottle-de-350-ml\/","name":"Gobelet isotherme Ocean Bottle de 350\u00a0ml - PERLE IN","isPartOf":{"@id":"https:\/\/perle-in.com\/#website"},"primaryImageOfPage":{"@id":"https:\/\/perle-in.com\/produit\/gobelet-isotherme-ocean-bottle-de-350-ml\/#primaryimage"},"image":{"@id":"https:\/\/perle-in.com\/produit\/gobelet-isotherme-ocean-bottle-de-350-ml\/#primaryimage"},"thumbnailUrl":"https:\/\/perle-in.com\/wp-content\/uploads\/2025\/10\/10081882-1.jpg","datePublished":"2025-10-15T16:05:34+00:00","dateModified":"2025-10-15T16:05:43+00:00","breadcrumb":{"@id":"https:\/\/perle-in.com\/produit\/gobelet-isotherme-ocean-bottle-de-350-ml\/#breadcrumb"},"inLanguage":"en-CA","potentialAction":[{"@type":"ReadAction","target":["https:\/\/perle-in.com\/produit\/gobelet-isotherme-ocean-bottle-de-350-ml\/"]}]},{"@type":"ImageObject","inLanguage":"en-CA","@id":"https:\/\/perle-in.com\/produit\/gobelet-isotherme-ocean-bottle-de-350-ml\/#primaryimage","url":"https:\/\/perle-in.com\/wp-content\/uploads\/2025\/10\/10081882-1.jpg","contentUrl":"https:\/\/perle-in.com\/wp-content\/uploads\/2025\/10\/10081882-1.jpg","width":1600,"height":1600},{"@type":"BreadcrumbList","@id":"https:\/\/perle-in.com\/produit\/gobelet-isotherme-ocean-bottle-de-350-ml\/#breadcrumb","itemListElement":[{"@type":"ListItem","position":1,"name":"Accueil","item":"https:\/\/perle-in.com\/"},{"@type":"ListItem","position":2,"name":"Boutique","item":"https:\/\/perle-in.com\/boutique\/"},{"@type":"ListItem","position":3,"name":"Gobelet isotherme Ocean Bottle de 350\u00a0ml"}]},{"@type":"WebSite","@id":"https:\/\/perle-in.com\/#website","url":"https:\/\/perle-in.com\/","name":"PERLE IN","description":"","publisher":{"@id":"https:\/\/perle-in.com\/#organization"},"potentialAction":[{"@type":"SearchAction","target":{"@type":"EntryPoint","urlTemplate":"https:\/\/perle-in.com\/?s={search_term_string}"},"query-input":{"@type":"PropertyValueSpecification","valueRequired":true,"valueName":"search_term_string"}}],"inLanguage":"en-CA"},{"@type":"Organization","@id":"https:\/\/perle-in.com\/#organization","name":"PERLE IN","url":"https:\/\/perle-in.com\/","logo":{"@type":"ImageObject","inLanguage":"en-CA","@id":"https:\/\/perle-in.com\/#\/schema\/logo\/image\/","url":"https:\/\/perle-in.com\/wp-content\/uploads\/2022\/12\/LOGO-PERLE-IN-COULEUR@3x.webp","contentUrl":"https:\/\/perle-in.com\/wp-content\/uploads\/2022\/12\/LOGO-PERLE-IN-COULEUR@3x.webp","width":1600,"height":490,"caption":"PERLE IN"},"image":{"@id":"https:\/\/perle-in.com\/#\/schema\/logo\/image\/"}}]}},"jetpack_sharing_enabled":true,"_links":{"self":[{"href":"https:\/\/perle-in.com\/en\/wp-json\/wp\/v2\/product\/564584","targetHints":{"allow":["GET"]}}],"collection":[{"href":"https:\/\/perle-in.com\/en\/wp-json\/wp\/v2\/product"}],"about":[{"href":"https:\/\/perle-in.com\/en\/wp-json\/wp\/v2\/types\/product"}],"version-history":[{"count":0,"href":"https:\/\/perle-in.com\/en\/wp-json\/wp\/v2\/product\/564584\/revisions"}],"wp:featuredmedia":[{"embeddable":true,"href":"https:\/\/perle-in.com\/en\/wp-json\/wp\/v2\/media\/564574"}],"wp:attachment":[{"href":"https:\/\/perle-in.com\/en\/wp-json\/wp\/v2\/media?parent=564584"}],"wp:term":[{"taxonomy":"product_brand","embeddable":true,"href":"https:\/\/perle-in.com\/en\/wp-json\/wp\/v2\/product_brand?post=564584"},{"taxonomy":"product_cat","embeddable":true,"href":"https:\/\/perle-in.com\/en\/wp-json\/wp\/v2\/product_cat?post=564584"},{"taxonomy":"product_tag","embeddable":true,"href":"https:\/\/perle-in.com\/en\/wp-json\/wp\/v2\/product_tag?post=564584"}],"curies":[{"name":"wp","href":"https:\/\/api.w.org\/{rel}","templated":true}]}}