{"id":564550,"date":"2025-10-15T18:01:04","date_gmt":"2025-10-15T16:01:04","guid":{"rendered":"https:\/\/perle-in.com\/produit\/bouteille-ocean-bottle-go-isotherme-de-500-ml\/"},"modified":"2025-10-15T18:01:13","modified_gmt":"2025-10-15T16:01:13","slug":"bouteille-ocean-bottle-go-isotherme-de-500-ml","status":"publish","type":"product","link":"https:\/\/perle-in.com\/en\/product\/bouteille-ocean-bottle-go-isotherme-de-500-ml\/","title":{"rendered":"Bouteille Ocean Bottle GO isotherme de 500\u00a0ml"},"content":{"rendered":"","protected":false},"excerpt":{"rendered":"<p>La bouteille Ocean Bottle GO de 500\u00a0ml est dot\u00e9e d\u2019une double paroi isolante pour garder les boissons froides jusqu\u2019\u00e0 dix-huit heures et offre un double syst\u00e8me d\u2019ouverture, ce qui la rend id\u00e9ale pour les d\u00e9placements. Elle est munie d\u2019un couvercle \u00e9tanche et offre un acc\u00e8s facile pour le remplissage, le nettoyage et l\u2019ajout de gla\u00e7ons. La bouteille GO reprend les meilleures caract\u00e9ristiques de la bouteille Ocean Bottle originale, mais arbore un design plus sportif qui vous permet de boire d\u2019une seule main. Chaque bouteille Ocean Bottle est enti\u00e8rement neutre en carbone et permet la collecte de 1\u00a0000\u00a0bouteilles en plastique pour am\u00e9liorer les moyens de subsistance dans les communaut\u00e9s c\u00f4ti\u00e8res. La bouteille est fabriqu\u00e9e \u00e0 partir de mat\u00e9riaux recycl\u00e9s, dont 90\u00a0% d\u2019acier inoxydable recycl\u00e9. Compte tenu de la paille en silicone, la bouteille GO ne peut \u00eatre utilis\u00e9e que pour des boissons froides. Livr\u00e9 dans un coffret cadeau en carton recycl\u00e9 provenant de sources responsables.<\/p>","protected":false},"featured_media":564539,"template":"","meta":{"_eb_attr":""},"product_brand":[],"product_cat":[174,173],"product_tag":[276,275,175,274,192,3306],"class_list":{"0":"post-564550","1":"product","2":"type-product","3":"status-publish","4":"has-post-thumbnail","6":"product_cat-bouteilles-deau","7":"product_cat-drinkware","8":"product_tag-boire","9":"product_tag-boissons","10":"product_tag-bouteille","11":"product_tag-eau","12":"product_tag-gourde","13":"product_tag-ocean-bottle","14":"pa_couleurs-bleu-ciel","15":"pa_couleurs-bleu-ocean","16":"pa_couleurs-gris-roche","17":"pa_couleurs-noir-obsidienne","18":"pa_couleurs-orange-soleil","19":"pa_couleurs-vert-foret","20":"pa_green-points-2893","21":"pa_marque-ocean-bottle","22":"pa_matiere-acier-inoxydable-recycle","24":"first","25":"instock","26":"shipping-taxable","27":"purchasable","28":"product-type-variable"},"yoast_head":"<!-- This site is optimized with the Yoast SEO plugin v27.4 - https:\/\/yoast.com\/product\/yoast-seo-wordpress\/ -->\n<title>Bouteille Ocean Bottle GO isotherme de 500\u00a0ml - PERLE IN<\/title>\n<meta name=\"robots\" content=\"noindex, follow, max-snippet:-1, max-image-preview:large, max-video-preview:-1\" \/>\n<meta property=\"og:locale\" content=\"en_US\" \/>\n<meta property=\"og:type\" content=\"article\" \/>\n<meta property=\"og:title\" content=\"Bouteille Ocean Bottle GO isotherme de 500\u00a0ml - PERLE IN\" \/>\n<meta property=\"og:description\" content=\"La bouteille Ocean Bottle GO de 500\u00a0ml est dot\u00e9e d\u2019une double paroi isolante pour garder les boissons froides jusqu\u2019\u00e0 dix-huit heures et offre un double syst\u00e8me d\u2019ouverture, ce qui la rend id\u00e9ale pour les d\u00e9placements. Elle est munie d\u2019un couvercle \u00e9tanche et offre un acc\u00e8s facile pour le remplissage, le nettoyage et l\u2019ajout de gla\u00e7ons. La bouteille GO reprend les meilleures caract\u00e9ristiques de la bouteille Ocean Bottle originale, mais arbore un design plus sportif qui vous permet de boire d\u2019une seule main. Chaque bouteille Ocean Bottle est enti\u00e8rement neutre en carbone et permet la collecte de 1\u00a0000\u00a0bouteilles en plastique pour am\u00e9liorer les moyens de subsistance dans les communaut\u00e9s c\u00f4ti\u00e8res. La bouteille est fabriqu\u00e9e \u00e0 partir de mat\u00e9riaux recycl\u00e9s, dont 90\u00a0% d\u2019acier inoxydable recycl\u00e9. Compte tenu de la paille en silicone, la bouteille GO ne peut \u00eatre utilis\u00e9e que pour des boissons froides. Livr\u00e9 dans un coffret cadeau en carton recycl\u00e9 provenant de sources responsables.\" \/>\n<meta property=\"og:url\" content=\"https:\/\/perle-in.com\/en\/product\/bouteille-ocean-bottle-go-isotherme-de-500-ml\/\" \/>\n<meta property=\"og:site_name\" content=\"PERLE IN\" \/>\n<meta property=\"article:modified_time\" content=\"2025-10-15T16:01:13+00:00\" \/>\n<meta property=\"og:image\" content=\"https:\/\/perle-in.com\/wp-content\/uploads\/2025\/10\/10081630-1.jpg\" \/>\n\t<meta property=\"og:image:width\" content=\"1600\" \/>\n\t<meta property=\"og:image:height\" content=\"1600\" \/>\n\t<meta property=\"og:image:type\" content=\"image\/jpeg\" \/>\n<meta name=\"twitter:card\" content=\"summary_large_image\" \/>\n<script type=\"application\/ld+json\" class=\"yoast-schema-graph\">{\"@context\":\"https:\\\/\\\/schema.org\",\"@graph\":[{\"@type\":\"WebPage\",\"@id\":\"https:\\\/\\\/perle-in.com\\\/produit\\\/bouteille-ocean-bottle-go-isotherme-de-500-ml\\\/\",\"url\":\"https:\\\/\\\/perle-in.com\\\/produit\\\/bouteille-ocean-bottle-go-isotherme-de-500-ml\\\/\",\"name\":\"Bouteille Ocean Bottle GO isotherme de 500\u00a0ml - PERLE IN\",\"isPartOf\":{\"@id\":\"https:\\\/\\\/perle-in.com\\\/#website\"},\"primaryImageOfPage\":{\"@id\":\"https:\\\/\\\/perle-in.com\\\/produit\\\/bouteille-ocean-bottle-go-isotherme-de-500-ml\\\/#primaryimage\"},\"image\":{\"@id\":\"https:\\\/\\\/perle-in.com\\\/produit\\\/bouteille-ocean-bottle-go-isotherme-de-500-ml\\\/#primaryimage\"},\"thumbnailUrl\":\"https:\\\/\\\/perle-in.com\\\/wp-content\\\/uploads\\\/2025\\\/10\\\/10081630-1.jpg\",\"datePublished\":\"2025-10-15T16:01:04+00:00\",\"dateModified\":\"2025-10-15T16:01:13+00:00\",\"breadcrumb\":{\"@id\":\"https:\\\/\\\/perle-in.com\\\/produit\\\/bouteille-ocean-bottle-go-isotherme-de-500-ml\\\/#breadcrumb\"},\"inLanguage\":\"en-CA\",\"potentialAction\":[{\"@type\":\"ReadAction\",\"target\":[\"https:\\\/\\\/perle-in.com\\\/produit\\\/bouteille-ocean-bottle-go-isotherme-de-500-ml\\\/\"]}]},{\"@type\":\"ImageObject\",\"inLanguage\":\"en-CA\",\"@id\":\"https:\\\/\\\/perle-in.com\\\/produit\\\/bouteille-ocean-bottle-go-isotherme-de-500-ml\\\/#primaryimage\",\"url\":\"https:\\\/\\\/perle-in.com\\\/wp-content\\\/uploads\\\/2025\\\/10\\\/10081630-1.jpg\",\"contentUrl\":\"https:\\\/\\\/perle-in.com\\\/wp-content\\\/uploads\\\/2025\\\/10\\\/10081630-1.jpg\",\"width\":1600,\"height\":1600},{\"@type\":\"BreadcrumbList\",\"@id\":\"https:\\\/\\\/perle-in.com\\\/produit\\\/bouteille-ocean-bottle-go-isotherme-de-500-ml\\\/#breadcrumb\",\"itemListElement\":[{\"@type\":\"ListItem\",\"position\":1,\"name\":\"Accueil\",\"item\":\"https:\\\/\\\/perle-in.com\\\/\"},{\"@type\":\"ListItem\",\"position\":2,\"name\":\"Boutique\",\"item\":\"https:\\\/\\\/perle-in.com\\\/boutique\\\/\"},{\"@type\":\"ListItem\",\"position\":3,\"name\":\"Bouteille Ocean Bottle GO isotherme de 500\u00a0ml\"}]},{\"@type\":\"WebSite\",\"@id\":\"https:\\\/\\\/perle-in.com\\\/#website\",\"url\":\"https:\\\/\\\/perle-in.com\\\/\",\"name\":\"PERLE IN\",\"description\":\"\",\"publisher\":{\"@id\":\"https:\\\/\\\/perle-in.com\\\/#organization\"},\"potentialAction\":[{\"@type\":\"SearchAction\",\"target\":{\"@type\":\"EntryPoint\",\"urlTemplate\":\"https:\\\/\\\/perle-in.com\\\/?s={search_term_string}\"},\"query-input\":{\"@type\":\"PropertyValueSpecification\",\"valueRequired\":true,\"valueName\":\"search_term_string\"}}],\"inLanguage\":\"en-CA\"},{\"@type\":\"Organization\",\"@id\":\"https:\\\/\\\/perle-in.com\\\/#organization\",\"name\":\"PERLE IN\",\"url\":\"https:\\\/\\\/perle-in.com\\\/\",\"logo\":{\"@type\":\"ImageObject\",\"inLanguage\":\"en-CA\",\"@id\":\"https:\\\/\\\/perle-in.com\\\/#\\\/schema\\\/logo\\\/image\\\/\",\"url\":\"https:\\\/\\\/perle-in.com\\\/wp-content\\\/uploads\\\/2022\\\/12\\\/LOGO-PERLE-IN-COULEUR@3x.webp\",\"contentUrl\":\"https:\\\/\\\/perle-in.com\\\/wp-content\\\/uploads\\\/2022\\\/12\\\/LOGO-PERLE-IN-COULEUR@3x.webp\",\"width\":1600,\"height\":490,\"caption\":\"PERLE IN\"},\"image\":{\"@id\":\"https:\\\/\\\/perle-in.com\\\/#\\\/schema\\\/logo\\\/image\\\/\"}}]}<\/script>\n<!-- \/ Yoast SEO plugin. -->","yoast_head_json":{"title":"Bouteille Ocean Bottle GO isotherme de 500\u00a0ml - PERLE IN","robots":{"index":"noindex","follow":"follow","max-snippet":"max-snippet:-1","max-image-preview":"max-image-preview:large","max-video-preview":"max-video-preview:-1"},"og_locale":"en_US","og_type":"article","og_title":"Bouteille Ocean Bottle GO isotherme de 500\u00a0ml - PERLE IN","og_description":"La bouteille Ocean Bottle GO de 500\u00a0ml est dot\u00e9e d\u2019une double paroi isolante pour garder les boissons froides jusqu\u2019\u00e0 dix-huit heures et offre un double syst\u00e8me d\u2019ouverture, ce qui la rend id\u00e9ale pour les d\u00e9placements. Elle est munie d\u2019un couvercle \u00e9tanche et offre un acc\u00e8s facile pour le remplissage, le nettoyage et l\u2019ajout de gla\u00e7ons. La bouteille GO reprend les meilleures caract\u00e9ristiques de la bouteille Ocean Bottle originale, mais arbore un design plus sportif qui vous permet de boire d\u2019une seule main. Chaque bouteille Ocean Bottle est enti\u00e8rement neutre en carbone et permet la collecte de 1\u00a0000\u00a0bouteilles en plastique pour am\u00e9liorer les moyens de subsistance dans les communaut\u00e9s c\u00f4ti\u00e8res. La bouteille est fabriqu\u00e9e \u00e0 partir de mat\u00e9riaux recycl\u00e9s, dont 90\u00a0% d\u2019acier inoxydable recycl\u00e9. Compte tenu de la paille en silicone, la bouteille GO ne peut \u00eatre utilis\u00e9e que pour des boissons froides. Livr\u00e9 dans un coffret cadeau en carton recycl\u00e9 provenant de sources responsables.","og_url":"https:\/\/perle-in.com\/en\/product\/bouteille-ocean-bottle-go-isotherme-de-500-ml\/","og_site_name":"PERLE IN","article_modified_time":"2025-10-15T16:01:13+00:00","og_image":[{"width":1600,"height":1600,"url":"https:\/\/perle-in.com\/wp-content\/uploads\/2025\/10\/10081630-1.jpg","type":"image\/jpeg"}],"twitter_card":"summary_large_image","schema":{"@context":"https:\/\/schema.org","@graph":[{"@type":"WebPage","@id":"https:\/\/perle-in.com\/produit\/bouteille-ocean-bottle-go-isotherme-de-500-ml\/","url":"https:\/\/perle-in.com\/produit\/bouteille-ocean-bottle-go-isotherme-de-500-ml\/","name":"Bouteille Ocean Bottle GO isotherme de 500\u00a0ml - PERLE IN","isPartOf":{"@id":"https:\/\/perle-in.com\/#website"},"primaryImageOfPage":{"@id":"https:\/\/perle-in.com\/produit\/bouteille-ocean-bottle-go-isotherme-de-500-ml\/#primaryimage"},"image":{"@id":"https:\/\/perle-in.com\/produit\/bouteille-ocean-bottle-go-isotherme-de-500-ml\/#primaryimage"},"thumbnailUrl":"https:\/\/perle-in.com\/wp-content\/uploads\/2025\/10\/10081630-1.jpg","datePublished":"2025-10-15T16:01:04+00:00","dateModified":"2025-10-15T16:01:13+00:00","breadcrumb":{"@id":"https:\/\/perle-in.com\/produit\/bouteille-ocean-bottle-go-isotherme-de-500-ml\/#breadcrumb"},"inLanguage":"en-CA","potentialAction":[{"@type":"ReadAction","target":["https:\/\/perle-in.com\/produit\/bouteille-ocean-bottle-go-isotherme-de-500-ml\/"]}]},{"@type":"ImageObject","inLanguage":"en-CA","@id":"https:\/\/perle-in.com\/produit\/bouteille-ocean-bottle-go-isotherme-de-500-ml\/#primaryimage","url":"https:\/\/perle-in.com\/wp-content\/uploads\/2025\/10\/10081630-1.jpg","contentUrl":"https:\/\/perle-in.com\/wp-content\/uploads\/2025\/10\/10081630-1.jpg","width":1600,"height":1600},{"@type":"BreadcrumbList","@id":"https:\/\/perle-in.com\/produit\/bouteille-ocean-bottle-go-isotherme-de-500-ml\/#breadcrumb","itemListElement":[{"@type":"ListItem","position":1,"name":"Accueil","item":"https:\/\/perle-in.com\/"},{"@type":"ListItem","position":2,"name":"Boutique","item":"https:\/\/perle-in.com\/boutique\/"},{"@type":"ListItem","position":3,"name":"Bouteille Ocean Bottle GO isotherme de 500\u00a0ml"}]},{"@type":"WebSite","@id":"https:\/\/perle-in.com\/#website","url":"https:\/\/perle-in.com\/","name":"PERLE IN","description":"","publisher":{"@id":"https:\/\/perle-in.com\/#organization"},"potentialAction":[{"@type":"SearchAction","target":{"@type":"EntryPoint","urlTemplate":"https:\/\/perle-in.com\/?s={search_term_string}"},"query-input":{"@type":"PropertyValueSpecification","valueRequired":true,"valueName":"search_term_string"}}],"inLanguage":"en-CA"},{"@type":"Organization","@id":"https:\/\/perle-in.com\/#organization","name":"PERLE IN","url":"https:\/\/perle-in.com\/","logo":{"@type":"ImageObject","inLanguage":"en-CA","@id":"https:\/\/perle-in.com\/#\/schema\/logo\/image\/","url":"https:\/\/perle-in.com\/wp-content\/uploads\/2022\/12\/LOGO-PERLE-IN-COULEUR@3x.webp","contentUrl":"https:\/\/perle-in.com\/wp-content\/uploads\/2022\/12\/LOGO-PERLE-IN-COULEUR@3x.webp","width":1600,"height":490,"caption":"PERLE IN"},"image":{"@id":"https:\/\/perle-in.com\/#\/schema\/logo\/image\/"}}]}},"jetpack_sharing_enabled":true,"_links":{"self":[{"href":"https:\/\/perle-in.com\/en\/wp-json\/wp\/v2\/product\/564550","targetHints":{"allow":["GET"]}}],"collection":[{"href":"https:\/\/perle-in.com\/en\/wp-json\/wp\/v2\/product"}],"about":[{"href":"https:\/\/perle-in.com\/en\/wp-json\/wp\/v2\/types\/product"}],"version-history":[{"count":0,"href":"https:\/\/perle-in.com\/en\/wp-json\/wp\/v2\/product\/564550\/revisions"}],"wp:featuredmedia":[{"embeddable":true,"href":"https:\/\/perle-in.com\/en\/wp-json\/wp\/v2\/media\/564539"}],"wp:attachment":[{"href":"https:\/\/perle-in.com\/en\/wp-json\/wp\/v2\/media?parent=564550"}],"wp:term":[{"taxonomy":"product_brand","embeddable":true,"href":"https:\/\/perle-in.com\/en\/wp-json\/wp\/v2\/product_brand?post=564550"},{"taxonomy":"product_cat","embeddable":true,"href":"https:\/\/perle-in.com\/en\/wp-json\/wp\/v2\/product_cat?post=564550"},{"taxonomy":"product_tag","embeddable":true,"href":"https:\/\/perle-in.com\/en\/wp-json\/wp\/v2\/product_tag?post=564550"}],"curies":[{"name":"wp","href":"https:\/\/api.w.org\/{rel}","templated":true}]}}