{"id":564517,"date":"2025-10-15T17:58:36","date_gmt":"2025-10-15T15:58:36","guid":{"rendered":"https:\/\/perle-in.com\/produit\/doudoune-homme-athenas-recyclee\/"},"modified":"2025-10-15T17:59:40","modified_gmt":"2025-10-15T15:59:40","slug":"doudoune-homme-athenas-recyclee","status":"publish","type":"product","link":"https:\/\/perle-in.com\/en\/product\/doudoune-homme-athenas-recyclee\/","title":{"rendered":"Doudoune homme Athenas, recycl\u00e9e"},"content":{"rendered":"","protected":false},"excerpt":{"rendered":"<p>La veste isol\u00e9e Athenas pour homme recycl\u00e9 est un m\u00e9lange parfait de style et de fonctionnalit\u00e9. Prot\u00e9gez-vous du froid et du vent gr\u00e2ce au rabat-temp\u00eate int\u00e9rieur dot\u00e9 d&#8217;un chinguard. La poche de poitrine de la veste, avec fermeture \u00e0 glissi\u00e8re, offre un espace s\u00fbr pour vos objets essentiels. La bordure \u00e9lastique ajoute une touche de style tout en garantissant un bon maintien. Fabriqu\u00e9e en nylon 380T (38 g\/m\u00b2), la veste pr\u00e9sente un aspect ext\u00e9rieur \u00e9l\u00e9gant et durable. Le rembourrage et le garnissage se composent d&#8217;une isolation en faux duvet en polyester, offrant une chaleur l\u00e9g\u00e8re sans compromis sur le confort. <\/p>","protected":false},"featured_media":564488,"template":"","meta":{"_eb_attr":""},"product_brand":[],"product_cat":[1260,1024],"product_tag":[3657,2477,3658,837,2654,2412,196,165,2478,836],"class_list":{"0":"post-564517","1":"product","2":"type-product","3":"status-publish","4":"has-post-thumbnail","6":"product_cat-jackets","7":"product_cat-vetements","8":"product_tag-athenas","9":"product_tag-blousons","10":"product_tag-cire","11":"product_tag-durable","12":"product_tag-grs","13":"product_tag-hommes","14":"product_tag-isolant","15":"product_tag-isotherme","16":"product_tag-pour-homme","17":"product_tag-recycle","18":"pa_couleurs-gris-storm","19":"pa_couleurs-marine","20":"pa_couleurs-noir","21":"pa_green-points-2156","22":"pa_marque-elevate-essentials","23":"pa_matiere-tisse-380t-dull-cire-nylon-recycle-38-g-m2-210t-100-polyester","24":"pa_pays-d-origine-bengladesh","25":"pa_taille-3xl","26":"pa_taille-l","27":"pa_taille-m","28":"pa_taille-s","29":"pa_taille-xl","30":"pa_taille-xs","31":"pa_taille-xxl","33":"first","34":"instock","35":"shipping-taxable","36":"purchasable","37":"product-type-variable"},"yoast_head":"<!-- This site is optimized with the Yoast SEO plugin v27.4 - https:\/\/yoast.com\/product\/yoast-seo-wordpress\/ -->\n<title>Doudoune homme Athenas, recycl\u00e9e - PERLE IN<\/title>\n<meta name=\"robots\" content=\"noindex, follow, max-snippet:-1, max-image-preview:large, max-video-preview:-1\" \/>\n<meta property=\"og:locale\" content=\"en_US\" \/>\n<meta property=\"og:type\" content=\"article\" \/>\n<meta property=\"og:title\" content=\"Doudoune homme Athenas, recycl\u00e9e - PERLE IN\" \/>\n<meta property=\"og:description\" content=\"La veste isol\u00e9e Athenas pour homme recycl\u00e9 est un m\u00e9lange parfait de style et de fonctionnalit\u00e9. Prot\u00e9gez-vous du froid et du vent gr\u00e2ce au rabat-temp\u00eate int\u00e9rieur dot\u00e9 d&#039;un chinguard. La poche de poitrine de la veste, avec fermeture \u00e0 glissi\u00e8re, offre un espace s\u00fbr pour vos objets essentiels. La bordure \u00e9lastique ajoute une touche de style tout en garantissant un bon maintien. Fabriqu\u00e9e en nylon 380T (38 g\/m\u00b2), la veste pr\u00e9sente un aspect ext\u00e9rieur \u00e9l\u00e9gant et durable. Le rembourrage et le garnissage se composent d&#039;une isolation en faux duvet en polyester, offrant une chaleur l\u00e9g\u00e8re sans compromis sur le confort.\" \/>\n<meta property=\"og:url\" content=\"https:\/\/perle-in.com\/en\/product\/doudoune-homme-athenas-recyclee\/\" \/>\n<meta property=\"og:site_name\" content=\"PERLE IN\" \/>\n<meta property=\"article:modified_time\" content=\"2025-10-15T15:59:40+00:00\" \/>\n<meta property=\"og:image\" content=\"https:\/\/perle-in.com\/wp-content\/uploads\/2025\/10\/3934155-1.jpg\" \/>\n\t<meta property=\"og:image:width\" content=\"1600\" \/>\n\t<meta property=\"og:image:height\" content=\"1600\" \/>\n\t<meta property=\"og:image:type\" content=\"image\/jpeg\" \/>\n<meta name=\"twitter:card\" content=\"summary_large_image\" \/>\n<script type=\"application\/ld+json\" class=\"yoast-schema-graph\">{\"@context\":\"https:\\\/\\\/schema.org\",\"@graph\":[{\"@type\":\"WebPage\",\"@id\":\"https:\\\/\\\/perle-in.com\\\/produit\\\/doudoune-homme-athenas-recyclee\\\/\",\"url\":\"https:\\\/\\\/perle-in.com\\\/produit\\\/doudoune-homme-athenas-recyclee\\\/\",\"name\":\"Doudoune homme Athenas, recycl\u00e9e - PERLE IN\",\"isPartOf\":{\"@id\":\"https:\\\/\\\/perle-in.com\\\/#website\"},\"primaryImageOfPage\":{\"@id\":\"https:\\\/\\\/perle-in.com\\\/produit\\\/doudoune-homme-athenas-recyclee\\\/#primaryimage\"},\"image\":{\"@id\":\"https:\\\/\\\/perle-in.com\\\/produit\\\/doudoune-homme-athenas-recyclee\\\/#primaryimage\"},\"thumbnailUrl\":\"https:\\\/\\\/perle-in.com\\\/wp-content\\\/uploads\\\/2025\\\/10\\\/3934155-1.jpg\",\"datePublished\":\"2025-10-15T15:58:36+00:00\",\"dateModified\":\"2025-10-15T15:59:40+00:00\",\"breadcrumb\":{\"@id\":\"https:\\\/\\\/perle-in.com\\\/produit\\\/doudoune-homme-athenas-recyclee\\\/#breadcrumb\"},\"inLanguage\":\"en-CA\",\"potentialAction\":[{\"@type\":\"ReadAction\",\"target\":[\"https:\\\/\\\/perle-in.com\\\/produit\\\/doudoune-homme-athenas-recyclee\\\/\"]}]},{\"@type\":\"ImageObject\",\"inLanguage\":\"en-CA\",\"@id\":\"https:\\\/\\\/perle-in.com\\\/produit\\\/doudoune-homme-athenas-recyclee\\\/#primaryimage\",\"url\":\"https:\\\/\\\/perle-in.com\\\/wp-content\\\/uploads\\\/2025\\\/10\\\/3934155-1.jpg\",\"contentUrl\":\"https:\\\/\\\/perle-in.com\\\/wp-content\\\/uploads\\\/2025\\\/10\\\/3934155-1.jpg\",\"width\":1600,\"height\":1600},{\"@type\":\"BreadcrumbList\",\"@id\":\"https:\\\/\\\/perle-in.com\\\/produit\\\/doudoune-homme-athenas-recyclee\\\/#breadcrumb\",\"itemListElement\":[{\"@type\":\"ListItem\",\"position\":1,\"name\":\"Accueil\",\"item\":\"https:\\\/\\\/perle-in.com\\\/\"},{\"@type\":\"ListItem\",\"position\":2,\"name\":\"Boutique\",\"item\":\"https:\\\/\\\/perle-in.com\\\/boutique\\\/\"},{\"@type\":\"ListItem\",\"position\":3,\"name\":\"Doudoune homme Athenas, recycl\u00e9e\"}]},{\"@type\":\"WebSite\",\"@id\":\"https:\\\/\\\/perle-in.com\\\/#website\",\"url\":\"https:\\\/\\\/perle-in.com\\\/\",\"name\":\"PERLE IN\",\"description\":\"\",\"publisher\":{\"@id\":\"https:\\\/\\\/perle-in.com\\\/#organization\"},\"potentialAction\":[{\"@type\":\"SearchAction\",\"target\":{\"@type\":\"EntryPoint\",\"urlTemplate\":\"https:\\\/\\\/perle-in.com\\\/?s={search_term_string}\"},\"query-input\":{\"@type\":\"PropertyValueSpecification\",\"valueRequired\":true,\"valueName\":\"search_term_string\"}}],\"inLanguage\":\"en-CA\"},{\"@type\":\"Organization\",\"@id\":\"https:\\\/\\\/perle-in.com\\\/#organization\",\"name\":\"PERLE IN\",\"url\":\"https:\\\/\\\/perle-in.com\\\/\",\"logo\":{\"@type\":\"ImageObject\",\"inLanguage\":\"en-CA\",\"@id\":\"https:\\\/\\\/perle-in.com\\\/#\\\/schema\\\/logo\\\/image\\\/\",\"url\":\"https:\\\/\\\/perle-in.com\\\/wp-content\\\/uploads\\\/2022\\\/12\\\/LOGO-PERLE-IN-COULEUR@3x.webp\",\"contentUrl\":\"https:\\\/\\\/perle-in.com\\\/wp-content\\\/uploads\\\/2022\\\/12\\\/LOGO-PERLE-IN-COULEUR@3x.webp\",\"width\":1600,\"height\":490,\"caption\":\"PERLE IN\"},\"image\":{\"@id\":\"https:\\\/\\\/perle-in.com\\\/#\\\/schema\\\/logo\\\/image\\\/\"}}]}<\/script>\n<!-- \/ Yoast SEO plugin. -->","yoast_head_json":{"title":"Doudoune homme Athenas, recycl\u00e9e - PERLE IN","robots":{"index":"noindex","follow":"follow","max-snippet":"max-snippet:-1","max-image-preview":"max-image-preview:large","max-video-preview":"max-video-preview:-1"},"og_locale":"en_US","og_type":"article","og_title":"Doudoune homme Athenas, recycl\u00e9e - PERLE IN","og_description":"La veste isol\u00e9e Athenas pour homme recycl\u00e9 est un m\u00e9lange parfait de style et de fonctionnalit\u00e9. Prot\u00e9gez-vous du froid et du vent gr\u00e2ce au rabat-temp\u00eate int\u00e9rieur dot\u00e9 d'un chinguard. La poche de poitrine de la veste, avec fermeture \u00e0 glissi\u00e8re, offre un espace s\u00fbr pour vos objets essentiels. La bordure \u00e9lastique ajoute une touche de style tout en garantissant un bon maintien. Fabriqu\u00e9e en nylon 380T (38 g\/m\u00b2), la veste pr\u00e9sente un aspect ext\u00e9rieur \u00e9l\u00e9gant et durable. Le rembourrage et le garnissage se composent d'une isolation en faux duvet en polyester, offrant une chaleur l\u00e9g\u00e8re sans compromis sur le confort.","og_url":"https:\/\/perle-in.com\/en\/product\/doudoune-homme-athenas-recyclee\/","og_site_name":"PERLE IN","article_modified_time":"2025-10-15T15:59:40+00:00","og_image":[{"width":1600,"height":1600,"url":"https:\/\/perle-in.com\/wp-content\/uploads\/2025\/10\/3934155-1.jpg","type":"image\/jpeg"}],"twitter_card":"summary_large_image","schema":{"@context":"https:\/\/schema.org","@graph":[{"@type":"WebPage","@id":"https:\/\/perle-in.com\/produit\/doudoune-homme-athenas-recyclee\/","url":"https:\/\/perle-in.com\/produit\/doudoune-homme-athenas-recyclee\/","name":"Doudoune homme Athenas, recycl\u00e9e - PERLE IN","isPartOf":{"@id":"https:\/\/perle-in.com\/#website"},"primaryImageOfPage":{"@id":"https:\/\/perle-in.com\/produit\/doudoune-homme-athenas-recyclee\/#primaryimage"},"image":{"@id":"https:\/\/perle-in.com\/produit\/doudoune-homme-athenas-recyclee\/#primaryimage"},"thumbnailUrl":"https:\/\/perle-in.com\/wp-content\/uploads\/2025\/10\/3934155-1.jpg","datePublished":"2025-10-15T15:58:36+00:00","dateModified":"2025-10-15T15:59:40+00:00","breadcrumb":{"@id":"https:\/\/perle-in.com\/produit\/doudoune-homme-athenas-recyclee\/#breadcrumb"},"inLanguage":"en-CA","potentialAction":[{"@type":"ReadAction","target":["https:\/\/perle-in.com\/produit\/doudoune-homme-athenas-recyclee\/"]}]},{"@type":"ImageObject","inLanguage":"en-CA","@id":"https:\/\/perle-in.com\/produit\/doudoune-homme-athenas-recyclee\/#primaryimage","url":"https:\/\/perle-in.com\/wp-content\/uploads\/2025\/10\/3934155-1.jpg","contentUrl":"https:\/\/perle-in.com\/wp-content\/uploads\/2025\/10\/3934155-1.jpg","width":1600,"height":1600},{"@type":"BreadcrumbList","@id":"https:\/\/perle-in.com\/produit\/doudoune-homme-athenas-recyclee\/#breadcrumb","itemListElement":[{"@type":"ListItem","position":1,"name":"Accueil","item":"https:\/\/perle-in.com\/"},{"@type":"ListItem","position":2,"name":"Boutique","item":"https:\/\/perle-in.com\/boutique\/"},{"@type":"ListItem","position":3,"name":"Doudoune homme Athenas, recycl\u00e9e"}]},{"@type":"WebSite","@id":"https:\/\/perle-in.com\/#website","url":"https:\/\/perle-in.com\/","name":"PERLE IN","description":"","publisher":{"@id":"https:\/\/perle-in.com\/#organization"},"potentialAction":[{"@type":"SearchAction","target":{"@type":"EntryPoint","urlTemplate":"https:\/\/perle-in.com\/?s={search_term_string}"},"query-input":{"@type":"PropertyValueSpecification","valueRequired":true,"valueName":"search_term_string"}}],"inLanguage":"en-CA"},{"@type":"Organization","@id":"https:\/\/perle-in.com\/#organization","name":"PERLE IN","url":"https:\/\/perle-in.com\/","logo":{"@type":"ImageObject","inLanguage":"en-CA","@id":"https:\/\/perle-in.com\/#\/schema\/logo\/image\/","url":"https:\/\/perle-in.com\/wp-content\/uploads\/2022\/12\/LOGO-PERLE-IN-COULEUR@3x.webp","contentUrl":"https:\/\/perle-in.com\/wp-content\/uploads\/2022\/12\/LOGO-PERLE-IN-COULEUR@3x.webp","width":1600,"height":490,"caption":"PERLE IN"},"image":{"@id":"https:\/\/perle-in.com\/#\/schema\/logo\/image\/"}}]}},"jetpack_sharing_enabled":true,"_links":{"self":[{"href":"https:\/\/perle-in.com\/en\/wp-json\/wp\/v2\/product\/564517","targetHints":{"allow":["GET"]}}],"collection":[{"href":"https:\/\/perle-in.com\/en\/wp-json\/wp\/v2\/product"}],"about":[{"href":"https:\/\/perle-in.com\/en\/wp-json\/wp\/v2\/types\/product"}],"version-history":[{"count":0,"href":"https:\/\/perle-in.com\/en\/wp-json\/wp\/v2\/product\/564517\/revisions"}],"wp:featuredmedia":[{"embeddable":true,"href":"https:\/\/perle-in.com\/en\/wp-json\/wp\/v2\/media\/564488"}],"wp:attachment":[{"href":"https:\/\/perle-in.com\/en\/wp-json\/wp\/v2\/media?parent=564517"}],"wp:term":[{"taxonomy":"product_brand","embeddable":true,"href":"https:\/\/perle-in.com\/en\/wp-json\/wp\/v2\/product_brand?post=564517"},{"taxonomy":"product_cat","embeddable":true,"href":"https:\/\/perle-in.com\/en\/wp-json\/wp\/v2\/product_cat?post=564517"},{"taxonomy":"product_tag","embeddable":true,"href":"https:\/\/perle-in.com\/en\/wp-json\/wp\/v2\/product_tag?post=564517"}],"curies":[{"name":"wp","href":"https:\/\/api.w.org\/{rel}","templated":true}]}}