{"id":564424,"date":"2025-10-15T17:49:48","date_gmt":"2025-10-15T15:49:48","guid":{"rendered":"https:\/\/perle-in.com\/produit\/bodywarmer-matelasse-homme-pallas-recycle\/"},"modified":"2025-10-15T17:49:52","modified_gmt":"2025-10-15T15:49:52","slug":"bodywarmer-matelasse-homme-pallas-recycle","status":"publish","type":"product","link":"https:\/\/perle-in.com\/en\/product\/bodywarmer-matelasse-homme-pallas-recycle\/","title":{"rendered":"Bodywarmer matelass\u00e9 Homme Pallas recycl\u00e9"},"content":{"rendered":"","protected":false},"excerpt":{"rendered":"<p>Le bodywarmer isol\u00e9 Pallas pour homme recycl\u00e9 est un m\u00e9lange parfait de style et de fonctionnalit\u00e9. Prot\u00e9gez-vous du froid et du vent gr\u00e2ce au rabat-temp\u00eate int\u00e9rieur dot\u00e9 d&#8217;une mentonni\u00e8re. La poche de poitrine du gilet avec fermeture \u00e0 glissi\u00e8re vous permet de ranger vos affaires en toute s\u00e9curit\u00e9. Le lien \u00e9lastique ajoute une touche de style tout en assurant un bon maintien. Fabriqu\u00e9 en nylon 380T (38 g\/m\u00b2), ce bodywarmer pr\u00e9sente un aspect ext\u00e9rieur \u00e9l\u00e9gant et durable. Le rembourrage et le garnissage sont constitu\u00e9s d&#8217;une isolation en faux duvet en polyester, offrant une chaleur l\u00e9g\u00e8re sans compromis sur le confort. <\/p>","protected":false},"featured_media":564378,"template":"","meta":{"_eb_attr":""},"product_brand":[],"product_cat":[1250,1024],"product_tag":[2477,2573,837,2654,2412,196,165,2576,2478,836],"class_list":{"0":"post-564424","1":"product","2":"type-product","3":"status-publish","4":"has-post-thumbnail","6":"product_cat-bodywarmers","7":"product_cat-vetements","8":"product_tag-blousons","9":"product_tag-bodywarmer","10":"product_tag-durable","11":"product_tag-grs","12":"product_tag-hommes","13":"product_tag-isolant","14":"product_tag-isotherme","15":"product_tag-pallas","16":"product_tag-pour-homme","17":"product_tag-recycle","18":"pa_couleurs-gris-storm","19":"pa_couleurs-marine","20":"pa_couleurs-noir","21":"pa_green-points-2156","22":"pa_marque-elevate-nxt","23":"pa_matiere-tisse-380t-dull-cire-nylon-recycle-38-g-m2-210t-100-polyester","24":"pa_pays-d-origine-bengladesh","25":"pa_taille-2xl","26":"pa_taille-3xl","27":"pa_taille-l","28":"pa_taille-m","29":"pa_taille-s","30":"pa_taille-xl","31":"pa_taille-xs","33":"first","34":"instock","35":"shipping-taxable","36":"purchasable","37":"product-type-variable"},"yoast_head":"<!-- This site is optimized with the Yoast SEO plugin v27.4 - https:\/\/yoast.com\/product\/yoast-seo-wordpress\/ -->\n<title>Bodywarmer matelass\u00e9 Homme Pallas recycl\u00e9 - PERLE IN<\/title>\n<meta name=\"robots\" content=\"noindex, follow, max-snippet:-1, max-image-preview:large, max-video-preview:-1\" \/>\n<meta property=\"og:locale\" content=\"en_US\" \/>\n<meta property=\"og:type\" content=\"article\" \/>\n<meta property=\"og:title\" content=\"Bodywarmer matelass\u00e9 Homme Pallas recycl\u00e9 - PERLE IN\" \/>\n<meta property=\"og:description\" content=\"Le bodywarmer isol\u00e9 Pallas pour homme recycl\u00e9 est un m\u00e9lange parfait de style et de fonctionnalit\u00e9. Prot\u00e9gez-vous du froid et du vent gr\u00e2ce au rabat-temp\u00eate int\u00e9rieur dot\u00e9 d&#039;une mentonni\u00e8re. La poche de poitrine du gilet avec fermeture \u00e0 glissi\u00e8re vous permet de ranger vos affaires en toute s\u00e9curit\u00e9. Le lien \u00e9lastique ajoute une touche de style tout en assurant un bon maintien. Fabriqu\u00e9 en nylon 380T (38 g\/m\u00b2), ce bodywarmer pr\u00e9sente un aspect ext\u00e9rieur \u00e9l\u00e9gant et durable. Le rembourrage et le garnissage sont constitu\u00e9s d&#039;une isolation en faux duvet en polyester, offrant une chaleur l\u00e9g\u00e8re sans compromis sur le confort.\" \/>\n<meta property=\"og:url\" content=\"https:\/\/perle-in.com\/en\/product\/bodywarmer-matelasse-homme-pallas-recycle\/\" \/>\n<meta property=\"og:site_name\" content=\"PERLE IN\" \/>\n<meta property=\"article:modified_time\" content=\"2025-10-15T15:49:52+00:00\" \/>\n<meta property=\"og:image\" content=\"https:\/\/perle-in.com\/wp-content\/uploads\/2025\/10\/3943755-1.jpg\" \/>\n\t<meta property=\"og:image:width\" content=\"1600\" \/>\n\t<meta property=\"og:image:height\" content=\"1600\" \/>\n\t<meta property=\"og:image:type\" content=\"image\/jpeg\" \/>\n<meta name=\"twitter:card\" content=\"summary_large_image\" \/>\n<script type=\"application\/ld+json\" class=\"yoast-schema-graph\">{\"@context\":\"https:\\\/\\\/schema.org\",\"@graph\":[{\"@type\":\"WebPage\",\"@id\":\"https:\\\/\\\/perle-in.com\\\/produit\\\/bodywarmer-matelasse-homme-pallas-recycle\\\/\",\"url\":\"https:\\\/\\\/perle-in.com\\\/produit\\\/bodywarmer-matelasse-homme-pallas-recycle\\\/\",\"name\":\"Bodywarmer matelass\u00e9 Homme Pallas recycl\u00e9 - PERLE IN\",\"isPartOf\":{\"@id\":\"https:\\\/\\\/perle-in.com\\\/#website\"},\"primaryImageOfPage\":{\"@id\":\"https:\\\/\\\/perle-in.com\\\/produit\\\/bodywarmer-matelasse-homme-pallas-recycle\\\/#primaryimage\"},\"image\":{\"@id\":\"https:\\\/\\\/perle-in.com\\\/produit\\\/bodywarmer-matelasse-homme-pallas-recycle\\\/#primaryimage\"},\"thumbnailUrl\":\"https:\\\/\\\/perle-in.com\\\/wp-content\\\/uploads\\\/2025\\\/10\\\/3943755-1.jpg\",\"datePublished\":\"2025-10-15T15:49:48+00:00\",\"dateModified\":\"2025-10-15T15:49:52+00:00\",\"breadcrumb\":{\"@id\":\"https:\\\/\\\/perle-in.com\\\/produit\\\/bodywarmer-matelasse-homme-pallas-recycle\\\/#breadcrumb\"},\"inLanguage\":\"en-CA\",\"potentialAction\":[{\"@type\":\"ReadAction\",\"target\":[\"https:\\\/\\\/perle-in.com\\\/produit\\\/bodywarmer-matelasse-homme-pallas-recycle\\\/\"]}]},{\"@type\":\"ImageObject\",\"inLanguage\":\"en-CA\",\"@id\":\"https:\\\/\\\/perle-in.com\\\/produit\\\/bodywarmer-matelasse-homme-pallas-recycle\\\/#primaryimage\",\"url\":\"https:\\\/\\\/perle-in.com\\\/wp-content\\\/uploads\\\/2025\\\/10\\\/3943755-1.jpg\",\"contentUrl\":\"https:\\\/\\\/perle-in.com\\\/wp-content\\\/uploads\\\/2025\\\/10\\\/3943755-1.jpg\",\"width\":1600,\"height\":1600},{\"@type\":\"BreadcrumbList\",\"@id\":\"https:\\\/\\\/perle-in.com\\\/produit\\\/bodywarmer-matelasse-homme-pallas-recycle\\\/#breadcrumb\",\"itemListElement\":[{\"@type\":\"ListItem\",\"position\":1,\"name\":\"Accueil\",\"item\":\"https:\\\/\\\/perle-in.com\\\/\"},{\"@type\":\"ListItem\",\"position\":2,\"name\":\"Boutique\",\"item\":\"https:\\\/\\\/perle-in.com\\\/boutique\\\/\"},{\"@type\":\"ListItem\",\"position\":3,\"name\":\"Bodywarmer matelass\u00e9 Homme Pallas recycl\u00e9\"}]},{\"@type\":\"WebSite\",\"@id\":\"https:\\\/\\\/perle-in.com\\\/#website\",\"url\":\"https:\\\/\\\/perle-in.com\\\/\",\"name\":\"PERLE IN\",\"description\":\"\",\"publisher\":{\"@id\":\"https:\\\/\\\/perle-in.com\\\/#organization\"},\"potentialAction\":[{\"@type\":\"SearchAction\",\"target\":{\"@type\":\"EntryPoint\",\"urlTemplate\":\"https:\\\/\\\/perle-in.com\\\/?s={search_term_string}\"},\"query-input\":{\"@type\":\"PropertyValueSpecification\",\"valueRequired\":true,\"valueName\":\"search_term_string\"}}],\"inLanguage\":\"en-CA\"},{\"@type\":\"Organization\",\"@id\":\"https:\\\/\\\/perle-in.com\\\/#organization\",\"name\":\"PERLE IN\",\"url\":\"https:\\\/\\\/perle-in.com\\\/\",\"logo\":{\"@type\":\"ImageObject\",\"inLanguage\":\"en-CA\",\"@id\":\"https:\\\/\\\/perle-in.com\\\/#\\\/schema\\\/logo\\\/image\\\/\",\"url\":\"https:\\\/\\\/perle-in.com\\\/wp-content\\\/uploads\\\/2022\\\/12\\\/LOGO-PERLE-IN-COULEUR@3x.webp\",\"contentUrl\":\"https:\\\/\\\/perle-in.com\\\/wp-content\\\/uploads\\\/2022\\\/12\\\/LOGO-PERLE-IN-COULEUR@3x.webp\",\"width\":1600,\"height\":490,\"caption\":\"PERLE IN\"},\"image\":{\"@id\":\"https:\\\/\\\/perle-in.com\\\/#\\\/schema\\\/logo\\\/image\\\/\"}}]}<\/script>\n<!-- \/ Yoast SEO plugin. -->","yoast_head_json":{"title":"Bodywarmer matelass\u00e9 Homme Pallas recycl\u00e9 - PERLE IN","robots":{"index":"noindex","follow":"follow","max-snippet":"max-snippet:-1","max-image-preview":"max-image-preview:large","max-video-preview":"max-video-preview:-1"},"og_locale":"en_US","og_type":"article","og_title":"Bodywarmer matelass\u00e9 Homme Pallas recycl\u00e9 - PERLE IN","og_description":"Le bodywarmer isol\u00e9 Pallas pour homme recycl\u00e9 est un m\u00e9lange parfait de style et de fonctionnalit\u00e9. Prot\u00e9gez-vous du froid et du vent gr\u00e2ce au rabat-temp\u00eate int\u00e9rieur dot\u00e9 d'une mentonni\u00e8re. La poche de poitrine du gilet avec fermeture \u00e0 glissi\u00e8re vous permet de ranger vos affaires en toute s\u00e9curit\u00e9. Le lien \u00e9lastique ajoute une touche de style tout en assurant un bon maintien. Fabriqu\u00e9 en nylon 380T (38 g\/m\u00b2), ce bodywarmer pr\u00e9sente un aspect ext\u00e9rieur \u00e9l\u00e9gant et durable. Le rembourrage et le garnissage sont constitu\u00e9s d'une isolation en faux duvet en polyester, offrant une chaleur l\u00e9g\u00e8re sans compromis sur le confort.","og_url":"https:\/\/perle-in.com\/en\/product\/bodywarmer-matelasse-homme-pallas-recycle\/","og_site_name":"PERLE IN","article_modified_time":"2025-10-15T15:49:52+00:00","og_image":[{"width":1600,"height":1600,"url":"https:\/\/perle-in.com\/wp-content\/uploads\/2025\/10\/3943755-1.jpg","type":"image\/jpeg"}],"twitter_card":"summary_large_image","schema":{"@context":"https:\/\/schema.org","@graph":[{"@type":"WebPage","@id":"https:\/\/perle-in.com\/produit\/bodywarmer-matelasse-homme-pallas-recycle\/","url":"https:\/\/perle-in.com\/produit\/bodywarmer-matelasse-homme-pallas-recycle\/","name":"Bodywarmer matelass\u00e9 Homme Pallas recycl\u00e9 - PERLE IN","isPartOf":{"@id":"https:\/\/perle-in.com\/#website"},"primaryImageOfPage":{"@id":"https:\/\/perle-in.com\/produit\/bodywarmer-matelasse-homme-pallas-recycle\/#primaryimage"},"image":{"@id":"https:\/\/perle-in.com\/produit\/bodywarmer-matelasse-homme-pallas-recycle\/#primaryimage"},"thumbnailUrl":"https:\/\/perle-in.com\/wp-content\/uploads\/2025\/10\/3943755-1.jpg","datePublished":"2025-10-15T15:49:48+00:00","dateModified":"2025-10-15T15:49:52+00:00","breadcrumb":{"@id":"https:\/\/perle-in.com\/produit\/bodywarmer-matelasse-homme-pallas-recycle\/#breadcrumb"},"inLanguage":"en-CA","potentialAction":[{"@type":"ReadAction","target":["https:\/\/perle-in.com\/produit\/bodywarmer-matelasse-homme-pallas-recycle\/"]}]},{"@type":"ImageObject","inLanguage":"en-CA","@id":"https:\/\/perle-in.com\/produit\/bodywarmer-matelasse-homme-pallas-recycle\/#primaryimage","url":"https:\/\/perle-in.com\/wp-content\/uploads\/2025\/10\/3943755-1.jpg","contentUrl":"https:\/\/perle-in.com\/wp-content\/uploads\/2025\/10\/3943755-1.jpg","width":1600,"height":1600},{"@type":"BreadcrumbList","@id":"https:\/\/perle-in.com\/produit\/bodywarmer-matelasse-homme-pallas-recycle\/#breadcrumb","itemListElement":[{"@type":"ListItem","position":1,"name":"Accueil","item":"https:\/\/perle-in.com\/"},{"@type":"ListItem","position":2,"name":"Boutique","item":"https:\/\/perle-in.com\/boutique\/"},{"@type":"ListItem","position":3,"name":"Bodywarmer matelass\u00e9 Homme Pallas recycl\u00e9"}]},{"@type":"WebSite","@id":"https:\/\/perle-in.com\/#website","url":"https:\/\/perle-in.com\/","name":"PERLE IN","description":"","publisher":{"@id":"https:\/\/perle-in.com\/#organization"},"potentialAction":[{"@type":"SearchAction","target":{"@type":"EntryPoint","urlTemplate":"https:\/\/perle-in.com\/?s={search_term_string}"},"query-input":{"@type":"PropertyValueSpecification","valueRequired":true,"valueName":"search_term_string"}}],"inLanguage":"en-CA"},{"@type":"Organization","@id":"https:\/\/perle-in.com\/#organization","name":"PERLE IN","url":"https:\/\/perle-in.com\/","logo":{"@type":"ImageObject","inLanguage":"en-CA","@id":"https:\/\/perle-in.com\/#\/schema\/logo\/image\/","url":"https:\/\/perle-in.com\/wp-content\/uploads\/2022\/12\/LOGO-PERLE-IN-COULEUR@3x.webp","contentUrl":"https:\/\/perle-in.com\/wp-content\/uploads\/2022\/12\/LOGO-PERLE-IN-COULEUR@3x.webp","width":1600,"height":490,"caption":"PERLE IN"},"image":{"@id":"https:\/\/perle-in.com\/#\/schema\/logo\/image\/"}}]}},"jetpack_sharing_enabled":true,"_links":{"self":[{"href":"https:\/\/perle-in.com\/en\/wp-json\/wp\/v2\/product\/564424","targetHints":{"allow":["GET"]}}],"collection":[{"href":"https:\/\/perle-in.com\/en\/wp-json\/wp\/v2\/product"}],"about":[{"href":"https:\/\/perle-in.com\/en\/wp-json\/wp\/v2\/types\/product"}],"version-history":[{"count":0,"href":"https:\/\/perle-in.com\/en\/wp-json\/wp\/v2\/product\/564424\/revisions"}],"wp:featuredmedia":[{"embeddable":true,"href":"https:\/\/perle-in.com\/en\/wp-json\/wp\/v2\/media\/564378"}],"wp:attachment":[{"href":"https:\/\/perle-in.com\/en\/wp-json\/wp\/v2\/media?parent=564424"}],"wp:term":[{"taxonomy":"product_brand","embeddable":true,"href":"https:\/\/perle-in.com\/en\/wp-json\/wp\/v2\/product_brand?post=564424"},{"taxonomy":"product_cat","embeddable":true,"href":"https:\/\/perle-in.com\/en\/wp-json\/wp\/v2\/product_cat?post=564424"},{"taxonomy":"product_tag","embeddable":true,"href":"https:\/\/perle-in.com\/en\/wp-json\/wp\/v2\/product_tag?post=564424"}],"curies":[{"name":"wp","href":"https:\/\/api.w.org\/{rel}","templated":true}]}}