{"id":564316,"date":"2025-10-15T17:34:02","date_gmt":"2025-10-15T15:34:02","guid":{"rendered":"https:\/\/perle-in.com\/produit\/batterie-de-secours-a-charge-rapide-xtorm-xg205-go2-de-12-w-et-5-000-mah\/"},"modified":"2025-10-15T17:34:18","modified_gmt":"2025-10-15T15:34:18","slug":"batterie-de-secours-a-charge-rapide-xtorm-xg205-go2-de-12-w-et-5-000-mah","status":"publish","type":"product","link":"https:\/\/perle-in.com\/en\/product\/batterie-de-secours-a-charge-rapide-xtorm-xg205-go2-de-12-w-et-5-000-mah\/","title":{"rendered":"Batterie de secours \u00e0 charge rapide Xtorm XG205 Go2 de 12\u00a0W et 5\u00a0000\u00a0mAh"},"content":{"rendered":"","protected":false},"excerpt":{"rendered":"<p>Petite batterie de secours compacte de 5\u00a0000\u00a0mAh, permettant au moins une charge compl\u00e8te d&#8217;un smartphone ou d&#8217;\u00e9couteurs. La batterie de secours dispose de 2\u00a0ports USB et se charge tr\u00e8s rapidement gr\u00e2ce \u00e0 la technologie FastCharge 12\u00a0W de Xtorm.<\/p>","protected":false},"featured_media":564304,"template":"","meta":{"_eb_attr":""},"product_brand":[],"product_cat":[811,667],"product_tag":[813,812,938,816,815,947,2762,3587],"class_list":{"0":"post-564316","1":"product","2":"type-product","3":"status-publish","4":"has-post-thumbnail","6":"product_cat-batteries-externes","7":"product_cat-technologie","8":"product_tag-batterie","9":"product_tag-batterie-de-secours","10":"product_tag-batteries-de-secours","11":"product_tag-charge","12":"product_tag-chargeur","13":"product_tag-powerbank","14":"product_tag-recharge","15":"product_tag-xtorm","16":"pa_couleurs-blanc","17":"pa_couleurs-noir","18":"pa_green-points-2847","19":"pa_marque-xtorm","20":"pa_matiere-plastique-recycle-abs","22":"first","23":"instock","24":"shipping-taxable","25":"purchasable","26":"product-type-variable"},"yoast_head":"<!-- This site is optimized with the Yoast SEO plugin v27.4 - https:\/\/yoast.com\/product\/yoast-seo-wordpress\/ -->\n<title>Batterie de secours \u00e0 charge rapide Xtorm XG205 Go2 de 12\u00a0W et 5\u00a0000\u00a0mAh - PERLE IN<\/title>\n<meta name=\"robots\" content=\"noindex, follow, max-snippet:-1, max-image-preview:large, max-video-preview:-1\" \/>\n<meta property=\"og:locale\" content=\"en_US\" \/>\n<meta property=\"og:type\" content=\"article\" \/>\n<meta property=\"og:title\" content=\"Batterie de secours \u00e0 charge rapide Xtorm XG205 Go2 de 12\u00a0W et 5\u00a0000\u00a0mAh - PERLE IN\" \/>\n<meta property=\"og:description\" content=\"Petite batterie de secours compacte de 5\u00a0000\u00a0mAh, permettant au moins une charge compl\u00e8te d&#039;un smartphone ou d&#039;\u00e9couteurs. La batterie de secours dispose de 2\u00a0ports USB et se charge tr\u00e8s rapidement gr\u00e2ce \u00e0 la technologie FastCharge 12\u00a0W de Xtorm.\" \/>\n<meta property=\"og:url\" content=\"https:\/\/perle-in.com\/en\/product\/batterie-de-secours-a-charge-rapide-xtorm-xg205-go2-de-12-w-et-5-000-mah\/\" \/>\n<meta property=\"og:site_name\" content=\"PERLE IN\" \/>\n<meta property=\"article:modified_time\" content=\"2025-10-15T15:34:18+00:00\" \/>\n<meta property=\"og:image\" content=\"https:\/\/perle-in.com\/wp-content\/uploads\/2025\/10\/12440901-1.jpg\" \/>\n\t<meta property=\"og:image:width\" content=\"1600\" \/>\n\t<meta property=\"og:image:height\" content=\"1600\" \/>\n\t<meta property=\"og:image:type\" content=\"image\/jpeg\" \/>\n<meta name=\"twitter:card\" content=\"summary_large_image\" \/>\n<script type=\"application\/ld+json\" class=\"yoast-schema-graph\">{\"@context\":\"https:\\\/\\\/schema.org\",\"@graph\":[{\"@type\":\"WebPage\",\"@id\":\"https:\\\/\\\/perle-in.com\\\/produit\\\/batterie-de-secours-a-charge-rapide-xtorm-xg205-go2-de-12-w-et-5-000-mah\\\/\",\"url\":\"https:\\\/\\\/perle-in.com\\\/produit\\\/batterie-de-secours-a-charge-rapide-xtorm-xg205-go2-de-12-w-et-5-000-mah\\\/\",\"name\":\"Batterie de secours \u00e0 charge rapide Xtorm XG205 Go2 de 12\u00a0W et 5\u00a0000\u00a0mAh - PERLE IN\",\"isPartOf\":{\"@id\":\"https:\\\/\\\/perle-in.com\\\/#website\"},\"primaryImageOfPage\":{\"@id\":\"https:\\\/\\\/perle-in.com\\\/produit\\\/batterie-de-secours-a-charge-rapide-xtorm-xg205-go2-de-12-w-et-5-000-mah\\\/#primaryimage\"},\"image\":{\"@id\":\"https:\\\/\\\/perle-in.com\\\/produit\\\/batterie-de-secours-a-charge-rapide-xtorm-xg205-go2-de-12-w-et-5-000-mah\\\/#primaryimage\"},\"thumbnailUrl\":\"https:\\\/\\\/perle-in.com\\\/wp-content\\\/uploads\\\/2025\\\/10\\\/12440901-1.jpg\",\"datePublished\":\"2025-10-15T15:34:02+00:00\",\"dateModified\":\"2025-10-15T15:34:18+00:00\",\"breadcrumb\":{\"@id\":\"https:\\\/\\\/perle-in.com\\\/produit\\\/batterie-de-secours-a-charge-rapide-xtorm-xg205-go2-de-12-w-et-5-000-mah\\\/#breadcrumb\"},\"inLanguage\":\"en-CA\",\"potentialAction\":[{\"@type\":\"ReadAction\",\"target\":[\"https:\\\/\\\/perle-in.com\\\/produit\\\/batterie-de-secours-a-charge-rapide-xtorm-xg205-go2-de-12-w-et-5-000-mah\\\/\"]}]},{\"@type\":\"ImageObject\",\"inLanguage\":\"en-CA\",\"@id\":\"https:\\\/\\\/perle-in.com\\\/produit\\\/batterie-de-secours-a-charge-rapide-xtorm-xg205-go2-de-12-w-et-5-000-mah\\\/#primaryimage\",\"url\":\"https:\\\/\\\/perle-in.com\\\/wp-content\\\/uploads\\\/2025\\\/10\\\/12440901-1.jpg\",\"contentUrl\":\"https:\\\/\\\/perle-in.com\\\/wp-content\\\/uploads\\\/2025\\\/10\\\/12440901-1.jpg\",\"width\":1600,\"height\":1600},{\"@type\":\"BreadcrumbList\",\"@id\":\"https:\\\/\\\/perle-in.com\\\/produit\\\/batterie-de-secours-a-charge-rapide-xtorm-xg205-go2-de-12-w-et-5-000-mah\\\/#breadcrumb\",\"itemListElement\":[{\"@type\":\"ListItem\",\"position\":1,\"name\":\"Accueil\",\"item\":\"https:\\\/\\\/perle-in.com\\\/\"},{\"@type\":\"ListItem\",\"position\":2,\"name\":\"Boutique\",\"item\":\"https:\\\/\\\/perle-in.com\\\/boutique\\\/\"},{\"@type\":\"ListItem\",\"position\":3,\"name\":\"Batterie de secours \u00e0 charge rapide Xtorm XG205 Go2 de 12\u00a0W et 5\u00a0000\u00a0mAh\"}]},{\"@type\":\"WebSite\",\"@id\":\"https:\\\/\\\/perle-in.com\\\/#website\",\"url\":\"https:\\\/\\\/perle-in.com\\\/\",\"name\":\"PERLE IN\",\"description\":\"\",\"publisher\":{\"@id\":\"https:\\\/\\\/perle-in.com\\\/#organization\"},\"potentialAction\":[{\"@type\":\"SearchAction\",\"target\":{\"@type\":\"EntryPoint\",\"urlTemplate\":\"https:\\\/\\\/perle-in.com\\\/?s={search_term_string}\"},\"query-input\":{\"@type\":\"PropertyValueSpecification\",\"valueRequired\":true,\"valueName\":\"search_term_string\"}}],\"inLanguage\":\"en-CA\"},{\"@type\":\"Organization\",\"@id\":\"https:\\\/\\\/perle-in.com\\\/#organization\",\"name\":\"PERLE IN\",\"url\":\"https:\\\/\\\/perle-in.com\\\/\",\"logo\":{\"@type\":\"ImageObject\",\"inLanguage\":\"en-CA\",\"@id\":\"https:\\\/\\\/perle-in.com\\\/#\\\/schema\\\/logo\\\/image\\\/\",\"url\":\"https:\\\/\\\/perle-in.com\\\/wp-content\\\/uploads\\\/2022\\\/12\\\/LOGO-PERLE-IN-COULEUR@3x.webp\",\"contentUrl\":\"https:\\\/\\\/perle-in.com\\\/wp-content\\\/uploads\\\/2022\\\/12\\\/LOGO-PERLE-IN-COULEUR@3x.webp\",\"width\":1600,\"height\":490,\"caption\":\"PERLE IN\"},\"image\":{\"@id\":\"https:\\\/\\\/perle-in.com\\\/#\\\/schema\\\/logo\\\/image\\\/\"}}]}<\/script>\n<!-- \/ Yoast SEO plugin. -->","yoast_head_json":{"title":"Batterie de secours \u00e0 charge rapide Xtorm XG205 Go2 de 12\u00a0W et 5\u00a0000\u00a0mAh - PERLE IN","robots":{"index":"noindex","follow":"follow","max-snippet":"max-snippet:-1","max-image-preview":"max-image-preview:large","max-video-preview":"max-video-preview:-1"},"og_locale":"en_US","og_type":"article","og_title":"Batterie de secours \u00e0 charge rapide Xtorm XG205 Go2 de 12\u00a0W et 5\u00a0000\u00a0mAh - PERLE IN","og_description":"Petite batterie de secours compacte de 5\u00a0000\u00a0mAh, permettant au moins une charge compl\u00e8te d'un smartphone ou d'\u00e9couteurs. La batterie de secours dispose de 2\u00a0ports USB et se charge tr\u00e8s rapidement gr\u00e2ce \u00e0 la technologie FastCharge 12\u00a0W de Xtorm.","og_url":"https:\/\/perle-in.com\/en\/product\/batterie-de-secours-a-charge-rapide-xtorm-xg205-go2-de-12-w-et-5-000-mah\/","og_site_name":"PERLE IN","article_modified_time":"2025-10-15T15:34:18+00:00","og_image":[{"width":1600,"height":1600,"url":"https:\/\/perle-in.com\/wp-content\/uploads\/2025\/10\/12440901-1.jpg","type":"image\/jpeg"}],"twitter_card":"summary_large_image","schema":{"@context":"https:\/\/schema.org","@graph":[{"@type":"WebPage","@id":"https:\/\/perle-in.com\/produit\/batterie-de-secours-a-charge-rapide-xtorm-xg205-go2-de-12-w-et-5-000-mah\/","url":"https:\/\/perle-in.com\/produit\/batterie-de-secours-a-charge-rapide-xtorm-xg205-go2-de-12-w-et-5-000-mah\/","name":"Batterie de secours \u00e0 charge rapide Xtorm XG205 Go2 de 12\u00a0W et 5\u00a0000\u00a0mAh - PERLE IN","isPartOf":{"@id":"https:\/\/perle-in.com\/#website"},"primaryImageOfPage":{"@id":"https:\/\/perle-in.com\/produit\/batterie-de-secours-a-charge-rapide-xtorm-xg205-go2-de-12-w-et-5-000-mah\/#primaryimage"},"image":{"@id":"https:\/\/perle-in.com\/produit\/batterie-de-secours-a-charge-rapide-xtorm-xg205-go2-de-12-w-et-5-000-mah\/#primaryimage"},"thumbnailUrl":"https:\/\/perle-in.com\/wp-content\/uploads\/2025\/10\/12440901-1.jpg","datePublished":"2025-10-15T15:34:02+00:00","dateModified":"2025-10-15T15:34:18+00:00","breadcrumb":{"@id":"https:\/\/perle-in.com\/produit\/batterie-de-secours-a-charge-rapide-xtorm-xg205-go2-de-12-w-et-5-000-mah\/#breadcrumb"},"inLanguage":"en-CA","potentialAction":[{"@type":"ReadAction","target":["https:\/\/perle-in.com\/produit\/batterie-de-secours-a-charge-rapide-xtorm-xg205-go2-de-12-w-et-5-000-mah\/"]}]},{"@type":"ImageObject","inLanguage":"en-CA","@id":"https:\/\/perle-in.com\/produit\/batterie-de-secours-a-charge-rapide-xtorm-xg205-go2-de-12-w-et-5-000-mah\/#primaryimage","url":"https:\/\/perle-in.com\/wp-content\/uploads\/2025\/10\/12440901-1.jpg","contentUrl":"https:\/\/perle-in.com\/wp-content\/uploads\/2025\/10\/12440901-1.jpg","width":1600,"height":1600},{"@type":"BreadcrumbList","@id":"https:\/\/perle-in.com\/produit\/batterie-de-secours-a-charge-rapide-xtorm-xg205-go2-de-12-w-et-5-000-mah\/#breadcrumb","itemListElement":[{"@type":"ListItem","position":1,"name":"Accueil","item":"https:\/\/perle-in.com\/"},{"@type":"ListItem","position":2,"name":"Boutique","item":"https:\/\/perle-in.com\/boutique\/"},{"@type":"ListItem","position":3,"name":"Batterie de secours \u00e0 charge rapide Xtorm XG205 Go2 de 12\u00a0W et 5\u00a0000\u00a0mAh"}]},{"@type":"WebSite","@id":"https:\/\/perle-in.com\/#website","url":"https:\/\/perle-in.com\/","name":"PERLE IN","description":"","publisher":{"@id":"https:\/\/perle-in.com\/#organization"},"potentialAction":[{"@type":"SearchAction","target":{"@type":"EntryPoint","urlTemplate":"https:\/\/perle-in.com\/?s={search_term_string}"},"query-input":{"@type":"PropertyValueSpecification","valueRequired":true,"valueName":"search_term_string"}}],"inLanguage":"en-CA"},{"@type":"Organization","@id":"https:\/\/perle-in.com\/#organization","name":"PERLE IN","url":"https:\/\/perle-in.com\/","logo":{"@type":"ImageObject","inLanguage":"en-CA","@id":"https:\/\/perle-in.com\/#\/schema\/logo\/image\/","url":"https:\/\/perle-in.com\/wp-content\/uploads\/2022\/12\/LOGO-PERLE-IN-COULEUR@3x.webp","contentUrl":"https:\/\/perle-in.com\/wp-content\/uploads\/2022\/12\/LOGO-PERLE-IN-COULEUR@3x.webp","width":1600,"height":490,"caption":"PERLE IN"},"image":{"@id":"https:\/\/perle-in.com\/#\/schema\/logo\/image\/"}}]}},"jetpack_sharing_enabled":true,"_links":{"self":[{"href":"https:\/\/perle-in.com\/en\/wp-json\/wp\/v2\/product\/564316","targetHints":{"allow":["GET"]}}],"collection":[{"href":"https:\/\/perle-in.com\/en\/wp-json\/wp\/v2\/product"}],"about":[{"href":"https:\/\/perle-in.com\/en\/wp-json\/wp\/v2\/types\/product"}],"version-history":[{"count":0,"href":"https:\/\/perle-in.com\/en\/wp-json\/wp\/v2\/product\/564316\/revisions"}],"wp:featuredmedia":[{"embeddable":true,"href":"https:\/\/perle-in.com\/en\/wp-json\/wp\/v2\/media\/564304"}],"wp:attachment":[{"href":"https:\/\/perle-in.com\/en\/wp-json\/wp\/v2\/media?parent=564316"}],"wp:term":[{"taxonomy":"product_brand","embeddable":true,"href":"https:\/\/perle-in.com\/en\/wp-json\/wp\/v2\/product_brand?post=564316"},{"taxonomy":"product_cat","embeddable":true,"href":"https:\/\/perle-in.com\/en\/wp-json\/wp\/v2\/product_cat?post=564316"},{"taxonomy":"product_tag","embeddable":true,"href":"https:\/\/perle-in.com\/en\/wp-json\/wp\/v2\/product_tag?post=564316"}],"curies":[{"name":"wp","href":"https:\/\/api.w.org\/{rel}","templated":true}]}}