{"id":564279,"date":"2025-10-15T17:26:19","date_gmt":"2025-10-15T15:26:19","guid":{"rendered":"https:\/\/perle-in.com\/produit\/sac-shopping-a-soufflets-florida-certifie-grs-270-g-m%c2%b2-14l\/"},"modified":"2025-10-15T17:26:27","modified_gmt":"2025-10-15T15:26:27","slug":"sac-shopping-a-soufflets-florida-certifie-grs-270-g-m%c2%b2-14l","status":"publish","type":"product","link":"https:\/\/perle-in.com\/en\/product\/sac-shopping-a-soufflets-florida-certifie-grs-270-g-m%c2%b2-14l\/","title":{"rendered":"Sac shopping \u00e0 soufflets Florida certifi\u00e9 GRS 270\u00a0g\/m\u00b2 14L"},"content":{"rendered":"","protected":false},"excerpt":{"rendered":"<p>Fabriqu\u00e9 \u00e0 partir de coton recycl\u00e9 certifi\u00e9 GRS de 270\u00a0g\/m\u00b2, le sac shopping Florida \u00e0 soufflet est un choix plus responsable et durable pour vos besoins quotidiens. Avec une capacit\u00e9 de 14\u00a0litres et des poign\u00e9es de 30\u00a0cm de long, il est parfait pour transporter sans effort des courses, des livres ou des objets de la vie quotidienne.<\/p>","protected":false},"featured_media":564266,"template":"","meta":{"_eb_attr":""},"product_brand":[],"product_cat":[159,959],"product_tag":[3652,2654,282,1790,1791,904,3086,1779],"class_list":{"0":"post-564279","1":"product","2":"type-product","3":"status-publish","4":"has-post-thumbnail","6":"product_cat-sacs","7":"product_cat-sacs-de-shopping","8":"product_tag-acheteur","9":"product_tag-grs","10":"product_tag-sac","11":"product_tag-sac-shopping","12":"product_tag-sacs-shopping","13":"product_tag-shopping","14":"product_tag-tote-bag","15":"product_tag-totebag","16":"pa_couleurs-blanc","17":"pa_couleurs-bleu-royal","18":"pa_couleurs-gris","19":"pa_couleurs-marine","20":"pa_couleurs-naturel","21":"pa_couleurs-noir","22":"pa_couleurs-rouge","23":"pa_green-points-2652","25":"first","26":"instock","27":"shipping-taxable","28":"purchasable","29":"product-type-variable"},"yoast_head":"<!-- This site is optimized with the Yoast SEO plugin v27.4 - https:\/\/yoast.com\/product\/yoast-seo-wordpress\/ -->\n<title>Sac shopping \u00e0 soufflets Florida certifi\u00e9 GRS 270\u00a0g\/m\u00b2 14L - PERLE IN<\/title>\n<meta name=\"robots\" content=\"noindex, follow, max-snippet:-1, max-image-preview:large, max-video-preview:-1\" \/>\n<meta property=\"og:locale\" content=\"en_US\" \/>\n<meta property=\"og:type\" content=\"article\" \/>\n<meta property=\"og:title\" content=\"Sac shopping \u00e0 soufflets Florida certifi\u00e9 GRS 270\u00a0g\/m\u00b2 14L - PERLE IN\" \/>\n<meta property=\"og:description\" content=\"Fabriqu\u00e9 \u00e0 partir de coton recycl\u00e9 certifi\u00e9 GRS de 270\u00a0g\/m\u00b2, le sac shopping Florida \u00e0 soufflet est un choix plus responsable et durable pour vos besoins quotidiens. Avec une capacit\u00e9 de 14\u00a0litres et des poign\u00e9es de 30\u00a0cm de long, il est parfait pour transporter sans effort des courses, des livres ou des objets de la vie quotidienne.\" \/>\n<meta property=\"og:url\" content=\"https:\/\/perle-in.com\/en\/product\/sac-shopping-a-soufflets-florida-certifie-grs-270-g-m\u00b2-14l\/\" \/>\n<meta property=\"og:site_name\" content=\"PERLE IN\" \/>\n<meta property=\"article:modified_time\" content=\"2025-10-15T15:26:27+00:00\" \/>\n<meta property=\"og:image\" content=\"https:\/\/perle-in.com\/wp-content\/uploads\/2025\/10\/12073701-1.jpg\" \/>\n\t<meta property=\"og:image:width\" content=\"1600\" \/>\n\t<meta property=\"og:image:height\" content=\"1600\" \/>\n\t<meta property=\"og:image:type\" content=\"image\/jpeg\" \/>\n<meta name=\"twitter:card\" content=\"summary_large_image\" \/>\n<script type=\"application\/ld+json\" class=\"yoast-schema-graph\">{\"@context\":\"https:\\\/\\\/schema.org\",\"@graph\":[{\"@type\":\"WebPage\",\"@id\":\"https:\\\/\\\/perle-in.com\\\/produit\\\/sac-shopping-a-soufflets-florida-certifie-grs-270-g-m%c2%b2-14l\\\/\",\"url\":\"https:\\\/\\\/perle-in.com\\\/produit\\\/sac-shopping-a-soufflets-florida-certifie-grs-270-g-m%c2%b2-14l\\\/\",\"name\":\"Sac shopping \u00e0 soufflets Florida certifi\u00e9 GRS 270\u00a0g\\\/m\u00b2 14L - PERLE IN\",\"isPartOf\":{\"@id\":\"https:\\\/\\\/perle-in.com\\\/#website\"},\"primaryImageOfPage\":{\"@id\":\"https:\\\/\\\/perle-in.com\\\/produit\\\/sac-shopping-a-soufflets-florida-certifie-grs-270-g-m%c2%b2-14l\\\/#primaryimage\"},\"image\":{\"@id\":\"https:\\\/\\\/perle-in.com\\\/produit\\\/sac-shopping-a-soufflets-florida-certifie-grs-270-g-m%c2%b2-14l\\\/#primaryimage\"},\"thumbnailUrl\":\"https:\\\/\\\/perle-in.com\\\/wp-content\\\/uploads\\\/2025\\\/10\\\/12073701-1.jpg\",\"datePublished\":\"2025-10-15T15:26:19+00:00\",\"dateModified\":\"2025-10-15T15:26:27+00:00\",\"breadcrumb\":{\"@id\":\"https:\\\/\\\/perle-in.com\\\/produit\\\/sac-shopping-a-soufflets-florida-certifie-grs-270-g-m%c2%b2-14l\\\/#breadcrumb\"},\"inLanguage\":\"en-CA\",\"potentialAction\":[{\"@type\":\"ReadAction\",\"target\":[\"https:\\\/\\\/perle-in.com\\\/produit\\\/sac-shopping-a-soufflets-florida-certifie-grs-270-g-m%c2%b2-14l\\\/\"]}]},{\"@type\":\"ImageObject\",\"inLanguage\":\"en-CA\",\"@id\":\"https:\\\/\\\/perle-in.com\\\/produit\\\/sac-shopping-a-soufflets-florida-certifie-grs-270-g-m%c2%b2-14l\\\/#primaryimage\",\"url\":\"https:\\\/\\\/perle-in.com\\\/wp-content\\\/uploads\\\/2025\\\/10\\\/12073701-1.jpg\",\"contentUrl\":\"https:\\\/\\\/perle-in.com\\\/wp-content\\\/uploads\\\/2025\\\/10\\\/12073701-1.jpg\",\"width\":1600,\"height\":1600},{\"@type\":\"BreadcrumbList\",\"@id\":\"https:\\\/\\\/perle-in.com\\\/produit\\\/sac-shopping-a-soufflets-florida-certifie-grs-270-g-m%c2%b2-14l\\\/#breadcrumb\",\"itemListElement\":[{\"@type\":\"ListItem\",\"position\":1,\"name\":\"Accueil\",\"item\":\"https:\\\/\\\/perle-in.com\\\/\"},{\"@type\":\"ListItem\",\"position\":2,\"name\":\"Boutique\",\"item\":\"https:\\\/\\\/perle-in.com\\\/boutique\\\/\"},{\"@type\":\"ListItem\",\"position\":3,\"name\":\"Sac shopping \u00e0 soufflets Florida certifi\u00e9 GRS 270\u00a0g\\\/m\u00b2 14L\"}]},{\"@type\":\"WebSite\",\"@id\":\"https:\\\/\\\/perle-in.com\\\/#website\",\"url\":\"https:\\\/\\\/perle-in.com\\\/\",\"name\":\"PERLE IN\",\"description\":\"\",\"publisher\":{\"@id\":\"https:\\\/\\\/perle-in.com\\\/#organization\"},\"potentialAction\":[{\"@type\":\"SearchAction\",\"target\":{\"@type\":\"EntryPoint\",\"urlTemplate\":\"https:\\\/\\\/perle-in.com\\\/?s={search_term_string}\"},\"query-input\":{\"@type\":\"PropertyValueSpecification\",\"valueRequired\":true,\"valueName\":\"search_term_string\"}}],\"inLanguage\":\"en-CA\"},{\"@type\":\"Organization\",\"@id\":\"https:\\\/\\\/perle-in.com\\\/#organization\",\"name\":\"PERLE IN\",\"url\":\"https:\\\/\\\/perle-in.com\\\/\",\"logo\":{\"@type\":\"ImageObject\",\"inLanguage\":\"en-CA\",\"@id\":\"https:\\\/\\\/perle-in.com\\\/#\\\/schema\\\/logo\\\/image\\\/\",\"url\":\"https:\\\/\\\/perle-in.com\\\/wp-content\\\/uploads\\\/2022\\\/12\\\/LOGO-PERLE-IN-COULEUR@3x.webp\",\"contentUrl\":\"https:\\\/\\\/perle-in.com\\\/wp-content\\\/uploads\\\/2022\\\/12\\\/LOGO-PERLE-IN-COULEUR@3x.webp\",\"width\":1600,\"height\":490,\"caption\":\"PERLE IN\"},\"image\":{\"@id\":\"https:\\\/\\\/perle-in.com\\\/#\\\/schema\\\/logo\\\/image\\\/\"}}]}<\/script>\n<!-- \/ Yoast SEO plugin. -->","yoast_head_json":{"title":"Sac shopping \u00e0 soufflets Florida certifi\u00e9 GRS 270\u00a0g\/m\u00b2 14L - PERLE IN","robots":{"index":"noindex","follow":"follow","max-snippet":"max-snippet:-1","max-image-preview":"max-image-preview:large","max-video-preview":"max-video-preview:-1"},"og_locale":"en_US","og_type":"article","og_title":"Sac shopping \u00e0 soufflets Florida certifi\u00e9 GRS 270\u00a0g\/m\u00b2 14L - PERLE IN","og_description":"Fabriqu\u00e9 \u00e0 partir de coton recycl\u00e9 certifi\u00e9 GRS de 270\u00a0g\/m\u00b2, le sac shopping Florida \u00e0 soufflet est un choix plus responsable et durable pour vos besoins quotidiens. Avec une capacit\u00e9 de 14\u00a0litres et des poign\u00e9es de 30\u00a0cm de long, il est parfait pour transporter sans effort des courses, des livres ou des objets de la vie quotidienne.","og_url":"https:\/\/perle-in.com\/en\/product\/sac-shopping-a-soufflets-florida-certifie-grs-270-g-m\u00b2-14l\/","og_site_name":"PERLE IN","article_modified_time":"2025-10-15T15:26:27+00:00","og_image":[{"width":1600,"height":1600,"url":"https:\/\/perle-in.com\/wp-content\/uploads\/2025\/10\/12073701-1.jpg","type":"image\/jpeg"}],"twitter_card":"summary_large_image","schema":{"@context":"https:\/\/schema.org","@graph":[{"@type":"WebPage","@id":"https:\/\/perle-in.com\/produit\/sac-shopping-a-soufflets-florida-certifie-grs-270-g-m%c2%b2-14l\/","url":"https:\/\/perle-in.com\/produit\/sac-shopping-a-soufflets-florida-certifie-grs-270-g-m%c2%b2-14l\/","name":"Sac shopping \u00e0 soufflets Florida certifi\u00e9 GRS 270\u00a0g\/m\u00b2 14L - PERLE IN","isPartOf":{"@id":"https:\/\/perle-in.com\/#website"},"primaryImageOfPage":{"@id":"https:\/\/perle-in.com\/produit\/sac-shopping-a-soufflets-florida-certifie-grs-270-g-m%c2%b2-14l\/#primaryimage"},"image":{"@id":"https:\/\/perle-in.com\/produit\/sac-shopping-a-soufflets-florida-certifie-grs-270-g-m%c2%b2-14l\/#primaryimage"},"thumbnailUrl":"https:\/\/perle-in.com\/wp-content\/uploads\/2025\/10\/12073701-1.jpg","datePublished":"2025-10-15T15:26:19+00:00","dateModified":"2025-10-15T15:26:27+00:00","breadcrumb":{"@id":"https:\/\/perle-in.com\/produit\/sac-shopping-a-soufflets-florida-certifie-grs-270-g-m%c2%b2-14l\/#breadcrumb"},"inLanguage":"en-CA","potentialAction":[{"@type":"ReadAction","target":["https:\/\/perle-in.com\/produit\/sac-shopping-a-soufflets-florida-certifie-grs-270-g-m%c2%b2-14l\/"]}]},{"@type":"ImageObject","inLanguage":"en-CA","@id":"https:\/\/perle-in.com\/produit\/sac-shopping-a-soufflets-florida-certifie-grs-270-g-m%c2%b2-14l\/#primaryimage","url":"https:\/\/perle-in.com\/wp-content\/uploads\/2025\/10\/12073701-1.jpg","contentUrl":"https:\/\/perle-in.com\/wp-content\/uploads\/2025\/10\/12073701-1.jpg","width":1600,"height":1600},{"@type":"BreadcrumbList","@id":"https:\/\/perle-in.com\/produit\/sac-shopping-a-soufflets-florida-certifie-grs-270-g-m%c2%b2-14l\/#breadcrumb","itemListElement":[{"@type":"ListItem","position":1,"name":"Accueil","item":"https:\/\/perle-in.com\/"},{"@type":"ListItem","position":2,"name":"Boutique","item":"https:\/\/perle-in.com\/boutique\/"},{"@type":"ListItem","position":3,"name":"Sac shopping \u00e0 soufflets Florida certifi\u00e9 GRS 270\u00a0g\/m\u00b2 14L"}]},{"@type":"WebSite","@id":"https:\/\/perle-in.com\/#website","url":"https:\/\/perle-in.com\/","name":"PERLE IN","description":"","publisher":{"@id":"https:\/\/perle-in.com\/#organization"},"potentialAction":[{"@type":"SearchAction","target":{"@type":"EntryPoint","urlTemplate":"https:\/\/perle-in.com\/?s={search_term_string}"},"query-input":{"@type":"PropertyValueSpecification","valueRequired":true,"valueName":"search_term_string"}}],"inLanguage":"en-CA"},{"@type":"Organization","@id":"https:\/\/perle-in.com\/#organization","name":"PERLE IN","url":"https:\/\/perle-in.com\/","logo":{"@type":"ImageObject","inLanguage":"en-CA","@id":"https:\/\/perle-in.com\/#\/schema\/logo\/image\/","url":"https:\/\/perle-in.com\/wp-content\/uploads\/2022\/12\/LOGO-PERLE-IN-COULEUR@3x.webp","contentUrl":"https:\/\/perle-in.com\/wp-content\/uploads\/2022\/12\/LOGO-PERLE-IN-COULEUR@3x.webp","width":1600,"height":490,"caption":"PERLE IN"},"image":{"@id":"https:\/\/perle-in.com\/#\/schema\/logo\/image\/"}}]}},"jetpack_sharing_enabled":true,"_links":{"self":[{"href":"https:\/\/perle-in.com\/en\/wp-json\/wp\/v2\/product\/564279","targetHints":{"allow":["GET"]}}],"collection":[{"href":"https:\/\/perle-in.com\/en\/wp-json\/wp\/v2\/product"}],"about":[{"href":"https:\/\/perle-in.com\/en\/wp-json\/wp\/v2\/types\/product"}],"version-history":[{"count":0,"href":"https:\/\/perle-in.com\/en\/wp-json\/wp\/v2\/product\/564279\/revisions"}],"wp:featuredmedia":[{"embeddable":true,"href":"https:\/\/perle-in.com\/en\/wp-json\/wp\/v2\/media\/564266"}],"wp:attachment":[{"href":"https:\/\/perle-in.com\/en\/wp-json\/wp\/v2\/media?parent=564279"}],"wp:term":[{"taxonomy":"product_brand","embeddable":true,"href":"https:\/\/perle-in.com\/en\/wp-json\/wp\/v2\/product_brand?post=564279"},{"taxonomy":"product_cat","embeddable":true,"href":"https:\/\/perle-in.com\/en\/wp-json\/wp\/v2\/product_cat?post=564279"},{"taxonomy":"product_tag","embeddable":true,"href":"https:\/\/perle-in.com\/en\/wp-json\/wp\/v2\/product_tag?post=564279"}],"curies":[{"name":"wp","href":"https:\/\/api.w.org\/{rel}","templated":true}]}}