{"id":564258,"date":"2025-10-15T17:23:50","date_gmt":"2025-10-15T15:23:50","guid":{"rendered":"https:\/\/perle-in.com\/produit\/sac-shopping-florida-certifie-grs-270-g-m%c2%b2-10l\/"},"modified":"2025-10-15T17:23:57","modified_gmt":"2025-10-15T15:23:57","slug":"sac-shopping-florida-certifie-grs-270-g-m%c2%b2-10l","status":"publish","type":"product","link":"https:\/\/perle-in.com\/en\/product\/sac-shopping-florida-certifie-grs-270-g-m%c2%b2-10l\/","title":{"rendered":"Sac shopping Florida certifi\u00e9 GRS 270\u00a0g\/m\u00b2 10L"},"content":{"rendered":"","protected":false},"excerpt":{"rendered":"<p>Fabriqu\u00e9 \u00e0 partir de coton recycl\u00e9 certifi\u00e9 GRS de 270\u00a0g\/m\u00b2, le sac shopping Florida \u00e0 fond large est un choix plus responsable et durable pour vos besoins quotidiens. Gr\u00e2ce \u00e0 son large fond, il offre un espace suppl\u00e9mentaire pour vos objets essentiels en toute occasion, qu&#8217;il s&#8217;agisse d&#8217;une vir\u00e9e shopping ou d&#8217;une sortie d\u00e9contract\u00e9e. Longueur de la poign\u00e9e\u00a0: 30\u00a0cm. Volume\u00a0: 10\u00a0litres.<\/p>","protected":false},"featured_media":564242,"template":"","meta":{"_eb_attr":""},"product_brand":[],"product_cat":[159,959],"product_tag":[3652,2654,282,1790,1791,904,3086,1779],"class_list":{"0":"post-564258","1":"product","2":"type-product","3":"status-publish","4":"has-post-thumbnail","6":"product_cat-sacs","7":"product_cat-sacs-de-shopping","8":"product_tag-acheteur","9":"product_tag-grs","10":"product_tag-sac","11":"product_tag-sac-shopping","12":"product_tag-sacs-shopping","13":"product_tag-shopping","14":"product_tag-tote-bag","15":"product_tag-totebag","16":"pa_couleurs-blanc","17":"pa_couleurs-bleu-royal","18":"pa_couleurs-gris","19":"pa_couleurs-marine","20":"pa_couleurs-naturel","21":"pa_couleurs-noir","22":"pa_couleurs-rouge","23":"pa_green-points-2652","25":"first","26":"instock","27":"shipping-taxable","28":"purchasable","29":"product-type-variable"},"yoast_head":"<!-- This site is optimized with the Yoast SEO plugin v27.4 - https:\/\/yoast.com\/product\/yoast-seo-wordpress\/ -->\n<title>Sac shopping Florida certifi\u00e9 GRS 270\u00a0g\/m\u00b2 10L - PERLE IN<\/title>\n<meta name=\"robots\" content=\"noindex, follow, max-snippet:-1, max-image-preview:large, max-video-preview:-1\" \/>\n<meta property=\"og:locale\" content=\"en_US\" \/>\n<meta property=\"og:type\" content=\"article\" \/>\n<meta property=\"og:title\" content=\"Sac shopping Florida certifi\u00e9 GRS 270\u00a0g\/m\u00b2 10L - PERLE IN\" \/>\n<meta property=\"og:description\" content=\"Fabriqu\u00e9 \u00e0 partir de coton recycl\u00e9 certifi\u00e9 GRS de 270\u00a0g\/m\u00b2, le sac shopping Florida \u00e0 fond large est un choix plus responsable et durable pour vos besoins quotidiens. Gr\u00e2ce \u00e0 son large fond, il offre un espace suppl\u00e9mentaire pour vos objets essentiels en toute occasion, qu&#039;il s&#039;agisse d&#039;une vir\u00e9e shopping ou d&#039;une sortie d\u00e9contract\u00e9e. Longueur de la poign\u00e9e\u00a0: 30\u00a0cm. Volume\u00a0: 10\u00a0litres.\" \/>\n<meta property=\"og:url\" content=\"https:\/\/perle-in.com\/en\/product\/sac-shopping-florida-certifie-grs-270-g-m\u00b2-10l\/\" \/>\n<meta property=\"og:site_name\" content=\"PERLE IN\" \/>\n<meta property=\"article:modified_time\" content=\"2025-10-15T15:23:57+00:00\" \/>\n<meta property=\"og:image\" content=\"https:\/\/perle-in.com\/wp-content\/uploads\/2025\/10\/12073601-1.jpg\" \/>\n\t<meta property=\"og:image:width\" content=\"1600\" \/>\n\t<meta property=\"og:image:height\" content=\"1600\" \/>\n\t<meta property=\"og:image:type\" content=\"image\/jpeg\" \/>\n<meta name=\"twitter:card\" content=\"summary_large_image\" \/>\n<script type=\"application\/ld+json\" class=\"yoast-schema-graph\">{\"@context\":\"https:\\\/\\\/schema.org\",\"@graph\":[{\"@type\":\"WebPage\",\"@id\":\"https:\\\/\\\/perle-in.com\\\/produit\\\/sac-shopping-florida-certifie-grs-270-g-m%c2%b2-10l\\\/\",\"url\":\"https:\\\/\\\/perle-in.com\\\/produit\\\/sac-shopping-florida-certifie-grs-270-g-m%c2%b2-10l\\\/\",\"name\":\"Sac shopping Florida certifi\u00e9 GRS 270\u00a0g\\\/m\u00b2 10L - PERLE IN\",\"isPartOf\":{\"@id\":\"https:\\\/\\\/perle-in.com\\\/#website\"},\"primaryImageOfPage\":{\"@id\":\"https:\\\/\\\/perle-in.com\\\/produit\\\/sac-shopping-florida-certifie-grs-270-g-m%c2%b2-10l\\\/#primaryimage\"},\"image\":{\"@id\":\"https:\\\/\\\/perle-in.com\\\/produit\\\/sac-shopping-florida-certifie-grs-270-g-m%c2%b2-10l\\\/#primaryimage\"},\"thumbnailUrl\":\"https:\\\/\\\/perle-in.com\\\/wp-content\\\/uploads\\\/2025\\\/10\\\/12073601-1.jpg\",\"datePublished\":\"2025-10-15T15:23:50+00:00\",\"dateModified\":\"2025-10-15T15:23:57+00:00\",\"breadcrumb\":{\"@id\":\"https:\\\/\\\/perle-in.com\\\/produit\\\/sac-shopping-florida-certifie-grs-270-g-m%c2%b2-10l\\\/#breadcrumb\"},\"inLanguage\":\"en-CA\",\"potentialAction\":[{\"@type\":\"ReadAction\",\"target\":[\"https:\\\/\\\/perle-in.com\\\/produit\\\/sac-shopping-florida-certifie-grs-270-g-m%c2%b2-10l\\\/\"]}]},{\"@type\":\"ImageObject\",\"inLanguage\":\"en-CA\",\"@id\":\"https:\\\/\\\/perle-in.com\\\/produit\\\/sac-shopping-florida-certifie-grs-270-g-m%c2%b2-10l\\\/#primaryimage\",\"url\":\"https:\\\/\\\/perle-in.com\\\/wp-content\\\/uploads\\\/2025\\\/10\\\/12073601-1.jpg\",\"contentUrl\":\"https:\\\/\\\/perle-in.com\\\/wp-content\\\/uploads\\\/2025\\\/10\\\/12073601-1.jpg\",\"width\":1600,\"height\":1600},{\"@type\":\"BreadcrumbList\",\"@id\":\"https:\\\/\\\/perle-in.com\\\/produit\\\/sac-shopping-florida-certifie-grs-270-g-m%c2%b2-10l\\\/#breadcrumb\",\"itemListElement\":[{\"@type\":\"ListItem\",\"position\":1,\"name\":\"Accueil\",\"item\":\"https:\\\/\\\/perle-in.com\\\/\"},{\"@type\":\"ListItem\",\"position\":2,\"name\":\"Boutique\",\"item\":\"https:\\\/\\\/perle-in.com\\\/boutique\\\/\"},{\"@type\":\"ListItem\",\"position\":3,\"name\":\"Sac shopping Florida certifi\u00e9 GRS 270\u00a0g\\\/m\u00b2 10L\"}]},{\"@type\":\"WebSite\",\"@id\":\"https:\\\/\\\/perle-in.com\\\/#website\",\"url\":\"https:\\\/\\\/perle-in.com\\\/\",\"name\":\"PERLE IN\",\"description\":\"\",\"publisher\":{\"@id\":\"https:\\\/\\\/perle-in.com\\\/#organization\"},\"potentialAction\":[{\"@type\":\"SearchAction\",\"target\":{\"@type\":\"EntryPoint\",\"urlTemplate\":\"https:\\\/\\\/perle-in.com\\\/?s={search_term_string}\"},\"query-input\":{\"@type\":\"PropertyValueSpecification\",\"valueRequired\":true,\"valueName\":\"search_term_string\"}}],\"inLanguage\":\"en-CA\"},{\"@type\":\"Organization\",\"@id\":\"https:\\\/\\\/perle-in.com\\\/#organization\",\"name\":\"PERLE IN\",\"url\":\"https:\\\/\\\/perle-in.com\\\/\",\"logo\":{\"@type\":\"ImageObject\",\"inLanguage\":\"en-CA\",\"@id\":\"https:\\\/\\\/perle-in.com\\\/#\\\/schema\\\/logo\\\/image\\\/\",\"url\":\"https:\\\/\\\/perle-in.com\\\/wp-content\\\/uploads\\\/2022\\\/12\\\/LOGO-PERLE-IN-COULEUR@3x.webp\",\"contentUrl\":\"https:\\\/\\\/perle-in.com\\\/wp-content\\\/uploads\\\/2022\\\/12\\\/LOGO-PERLE-IN-COULEUR@3x.webp\",\"width\":1600,\"height\":490,\"caption\":\"PERLE IN\"},\"image\":{\"@id\":\"https:\\\/\\\/perle-in.com\\\/#\\\/schema\\\/logo\\\/image\\\/\"}}]}<\/script>\n<!-- \/ Yoast SEO plugin. -->","yoast_head_json":{"title":"Sac shopping Florida certifi\u00e9 GRS 270\u00a0g\/m\u00b2 10L - PERLE IN","robots":{"index":"noindex","follow":"follow","max-snippet":"max-snippet:-1","max-image-preview":"max-image-preview:large","max-video-preview":"max-video-preview:-1"},"og_locale":"en_US","og_type":"article","og_title":"Sac shopping Florida certifi\u00e9 GRS 270\u00a0g\/m\u00b2 10L - PERLE IN","og_description":"Fabriqu\u00e9 \u00e0 partir de coton recycl\u00e9 certifi\u00e9 GRS de 270\u00a0g\/m\u00b2, le sac shopping Florida \u00e0 fond large est un choix plus responsable et durable pour vos besoins quotidiens. Gr\u00e2ce \u00e0 son large fond, il offre un espace suppl\u00e9mentaire pour vos objets essentiels en toute occasion, qu'il s'agisse d'une vir\u00e9e shopping ou d'une sortie d\u00e9contract\u00e9e. Longueur de la poign\u00e9e\u00a0: 30\u00a0cm. Volume\u00a0: 10\u00a0litres.","og_url":"https:\/\/perle-in.com\/en\/product\/sac-shopping-florida-certifie-grs-270-g-m\u00b2-10l\/","og_site_name":"PERLE IN","article_modified_time":"2025-10-15T15:23:57+00:00","og_image":[{"width":1600,"height":1600,"url":"https:\/\/perle-in.com\/wp-content\/uploads\/2025\/10\/12073601-1.jpg","type":"image\/jpeg"}],"twitter_card":"summary_large_image","schema":{"@context":"https:\/\/schema.org","@graph":[{"@type":"WebPage","@id":"https:\/\/perle-in.com\/produit\/sac-shopping-florida-certifie-grs-270-g-m%c2%b2-10l\/","url":"https:\/\/perle-in.com\/produit\/sac-shopping-florida-certifie-grs-270-g-m%c2%b2-10l\/","name":"Sac shopping Florida certifi\u00e9 GRS 270\u00a0g\/m\u00b2 10L - PERLE IN","isPartOf":{"@id":"https:\/\/perle-in.com\/#website"},"primaryImageOfPage":{"@id":"https:\/\/perle-in.com\/produit\/sac-shopping-florida-certifie-grs-270-g-m%c2%b2-10l\/#primaryimage"},"image":{"@id":"https:\/\/perle-in.com\/produit\/sac-shopping-florida-certifie-grs-270-g-m%c2%b2-10l\/#primaryimage"},"thumbnailUrl":"https:\/\/perle-in.com\/wp-content\/uploads\/2025\/10\/12073601-1.jpg","datePublished":"2025-10-15T15:23:50+00:00","dateModified":"2025-10-15T15:23:57+00:00","breadcrumb":{"@id":"https:\/\/perle-in.com\/produit\/sac-shopping-florida-certifie-grs-270-g-m%c2%b2-10l\/#breadcrumb"},"inLanguage":"en-CA","potentialAction":[{"@type":"ReadAction","target":["https:\/\/perle-in.com\/produit\/sac-shopping-florida-certifie-grs-270-g-m%c2%b2-10l\/"]}]},{"@type":"ImageObject","inLanguage":"en-CA","@id":"https:\/\/perle-in.com\/produit\/sac-shopping-florida-certifie-grs-270-g-m%c2%b2-10l\/#primaryimage","url":"https:\/\/perle-in.com\/wp-content\/uploads\/2025\/10\/12073601-1.jpg","contentUrl":"https:\/\/perle-in.com\/wp-content\/uploads\/2025\/10\/12073601-1.jpg","width":1600,"height":1600},{"@type":"BreadcrumbList","@id":"https:\/\/perle-in.com\/produit\/sac-shopping-florida-certifie-grs-270-g-m%c2%b2-10l\/#breadcrumb","itemListElement":[{"@type":"ListItem","position":1,"name":"Accueil","item":"https:\/\/perle-in.com\/"},{"@type":"ListItem","position":2,"name":"Boutique","item":"https:\/\/perle-in.com\/boutique\/"},{"@type":"ListItem","position":3,"name":"Sac shopping Florida certifi\u00e9 GRS 270\u00a0g\/m\u00b2 10L"}]},{"@type":"WebSite","@id":"https:\/\/perle-in.com\/#website","url":"https:\/\/perle-in.com\/","name":"PERLE IN","description":"","publisher":{"@id":"https:\/\/perle-in.com\/#organization"},"potentialAction":[{"@type":"SearchAction","target":{"@type":"EntryPoint","urlTemplate":"https:\/\/perle-in.com\/?s={search_term_string}"},"query-input":{"@type":"PropertyValueSpecification","valueRequired":true,"valueName":"search_term_string"}}],"inLanguage":"en-CA"},{"@type":"Organization","@id":"https:\/\/perle-in.com\/#organization","name":"PERLE IN","url":"https:\/\/perle-in.com\/","logo":{"@type":"ImageObject","inLanguage":"en-CA","@id":"https:\/\/perle-in.com\/#\/schema\/logo\/image\/","url":"https:\/\/perle-in.com\/wp-content\/uploads\/2022\/12\/LOGO-PERLE-IN-COULEUR@3x.webp","contentUrl":"https:\/\/perle-in.com\/wp-content\/uploads\/2022\/12\/LOGO-PERLE-IN-COULEUR@3x.webp","width":1600,"height":490,"caption":"PERLE IN"},"image":{"@id":"https:\/\/perle-in.com\/#\/schema\/logo\/image\/"}}]}},"jetpack_sharing_enabled":true,"_links":{"self":[{"href":"https:\/\/perle-in.com\/en\/wp-json\/wp\/v2\/product\/564258","targetHints":{"allow":["GET"]}}],"collection":[{"href":"https:\/\/perle-in.com\/en\/wp-json\/wp\/v2\/product"}],"about":[{"href":"https:\/\/perle-in.com\/en\/wp-json\/wp\/v2\/types\/product"}],"version-history":[{"count":0,"href":"https:\/\/perle-in.com\/en\/wp-json\/wp\/v2\/product\/564258\/revisions"}],"wp:featuredmedia":[{"embeddable":true,"href":"https:\/\/perle-in.com\/en\/wp-json\/wp\/v2\/media\/564242"}],"wp:attachment":[{"href":"https:\/\/perle-in.com\/en\/wp-json\/wp\/v2\/media?parent=564258"}],"wp:term":[{"taxonomy":"product_brand","embeddable":true,"href":"https:\/\/perle-in.com\/en\/wp-json\/wp\/v2\/product_brand?post=564258"},{"taxonomy":"product_cat","embeddable":true,"href":"https:\/\/perle-in.com\/en\/wp-json\/wp\/v2\/product_cat?post=564258"},{"taxonomy":"product_tag","embeddable":true,"href":"https:\/\/perle-in.com\/en\/wp-json\/wp\/v2\/product_tag?post=564258"}],"curies":[{"name":"wp","href":"https:\/\/api.w.org\/{rel}","templated":true}]}}