{"id":564210,"date":"2025-10-15T17:14:51","date_gmt":"2025-10-15T15:14:51","guid":{"rendered":"https:\/\/perle-in.com\/produit\/bac-a-batonnets-de-glace-freeze-it\/"},"modified":"2025-10-15T17:15:09","modified_gmt":"2025-10-15T15:15:09","slug":"bac-a-batonnets-de-glace-freeze-it","status":"publish","type":"product","link":"https:\/\/perle-in.com\/en\/product\/bac-a-batonnets-de-glace-freeze-it\/","title":{"rendered":"Bac \u00e0 b\u00e2tonnets de glace Freeze-it"},"content":{"rendered":"","protected":false},"excerpt":{"rendered":"<p>Gardez vos boissons au frais gr\u00e2ce au tr\u00e8s pratique bac \u00e0 b\u00e2tonnets de glace Freeze-it. Les moules longs et fins cr\u00e9ent des b\u00e2tonnets de glace parfaits pour les utiliser dans des bouteilles. Ces bacs \u00e0 gla\u00e7ons sont fabriqu\u00e9s sur mesure. Votre logo peut donc \u00eatre moul\u00e9 en relief sur la zone centrale, donnant ainsi un effet 3D. Fabriqu\u00e9 au Royaume-Uni.<\/p>","protected":false},"featured_media":564202,"template":"","meta":{"_eb_attr":""},"product_brand":[],"product_cat":[460,150],"product_tag":[3646,3648,275,3647,2779],"class_list":{"0":"post-564210","1":"product","2":"type-product","3":"status-publish","4":"has-post-thumbnail","6":"product_cat-accessoires-pour-la-maison","7":"product_cat-maison-et-cuisine","8":"product_tag-baton","9":"product_tag-batonnet","10":"product_tag-boissons","11":"product_tag-cubes","12":"product_tag-glace","13":"pa_couleurs-blanc","14":"pa_couleurs-bleu","15":"pa_couleurs-noir","16":"pa_couleurs-rouge","17":"pa_couleurs-vert-eau","18":"pa_matiere-plastique-ldpe-plastique-eva","19":"pa_pays-d-origine-angleterre","21":"first","22":"instock","23":"shipping-taxable","24":"purchasable","25":"product-type-variable"},"yoast_head":"<!-- This site is optimized with the Yoast SEO plugin v27.4 - https:\/\/yoast.com\/product\/yoast-seo-wordpress\/ -->\n<title>Bac \u00e0 b\u00e2tonnets de glace Freeze-it - PERLE IN<\/title>\n<meta name=\"robots\" content=\"noindex, follow, max-snippet:-1, max-image-preview:large, max-video-preview:-1\" \/>\n<meta property=\"og:locale\" content=\"en_US\" \/>\n<meta property=\"og:type\" content=\"article\" \/>\n<meta property=\"og:title\" content=\"Bac \u00e0 b\u00e2tonnets de glace Freeze-it - PERLE IN\" \/>\n<meta property=\"og:description\" content=\"Gardez vos boissons au frais gr\u00e2ce au tr\u00e8s pratique bac \u00e0 b\u00e2tonnets de glace Freeze-it. Les moules longs et fins cr\u00e9ent des b\u00e2tonnets de glace parfaits pour les utiliser dans des bouteilles. Ces bacs \u00e0 gla\u00e7ons sont fabriqu\u00e9s sur mesure. Votre logo peut donc \u00eatre moul\u00e9 en relief sur la zone centrale, donnant ainsi un effet 3D. Fabriqu\u00e9 au Royaume-Uni.\" \/>\n<meta property=\"og:url\" content=\"https:\/\/perle-in.com\/en\/product\/bac-a-batonnets-de-glace-freeze-it\/\" \/>\n<meta property=\"og:site_name\" content=\"PERLE IN\" \/>\n<meta property=\"article:modified_time\" content=\"2025-10-15T15:15:09+00:00\" \/>\n<meta property=\"og:image\" content=\"https:\/\/perle-in.com\/wp-content\/uploads\/2025\/10\/21029401-1.jpg\" \/>\n\t<meta property=\"og:image:width\" content=\"1600\" \/>\n\t<meta property=\"og:image:height\" content=\"1600\" \/>\n\t<meta property=\"og:image:type\" content=\"image\/jpeg\" \/>\n<meta name=\"twitter:card\" content=\"summary_large_image\" \/>\n<script type=\"application\/ld+json\" class=\"yoast-schema-graph\">{\"@context\":\"https:\\\/\\\/schema.org\",\"@graph\":[{\"@type\":\"WebPage\",\"@id\":\"https:\\\/\\\/perle-in.com\\\/produit\\\/bac-a-batonnets-de-glace-freeze-it\\\/\",\"url\":\"https:\\\/\\\/perle-in.com\\\/produit\\\/bac-a-batonnets-de-glace-freeze-it\\\/\",\"name\":\"Bac \u00e0 b\u00e2tonnets de glace Freeze-it - PERLE IN\",\"isPartOf\":{\"@id\":\"https:\\\/\\\/perle-in.com\\\/#website\"},\"primaryImageOfPage\":{\"@id\":\"https:\\\/\\\/perle-in.com\\\/produit\\\/bac-a-batonnets-de-glace-freeze-it\\\/#primaryimage\"},\"image\":{\"@id\":\"https:\\\/\\\/perle-in.com\\\/produit\\\/bac-a-batonnets-de-glace-freeze-it\\\/#primaryimage\"},\"thumbnailUrl\":\"https:\\\/\\\/perle-in.com\\\/wp-content\\\/uploads\\\/2025\\\/10\\\/21029401-1.jpg\",\"datePublished\":\"2025-10-15T15:14:51+00:00\",\"dateModified\":\"2025-10-15T15:15:09+00:00\",\"breadcrumb\":{\"@id\":\"https:\\\/\\\/perle-in.com\\\/produit\\\/bac-a-batonnets-de-glace-freeze-it\\\/#breadcrumb\"},\"inLanguage\":\"en-CA\",\"potentialAction\":[{\"@type\":\"ReadAction\",\"target\":[\"https:\\\/\\\/perle-in.com\\\/produit\\\/bac-a-batonnets-de-glace-freeze-it\\\/\"]}]},{\"@type\":\"ImageObject\",\"inLanguage\":\"en-CA\",\"@id\":\"https:\\\/\\\/perle-in.com\\\/produit\\\/bac-a-batonnets-de-glace-freeze-it\\\/#primaryimage\",\"url\":\"https:\\\/\\\/perle-in.com\\\/wp-content\\\/uploads\\\/2025\\\/10\\\/21029401-1.jpg\",\"contentUrl\":\"https:\\\/\\\/perle-in.com\\\/wp-content\\\/uploads\\\/2025\\\/10\\\/21029401-1.jpg\",\"width\":1600,\"height\":1600},{\"@type\":\"BreadcrumbList\",\"@id\":\"https:\\\/\\\/perle-in.com\\\/produit\\\/bac-a-batonnets-de-glace-freeze-it\\\/#breadcrumb\",\"itemListElement\":[{\"@type\":\"ListItem\",\"position\":1,\"name\":\"Accueil\",\"item\":\"https:\\\/\\\/perle-in.com\\\/\"},{\"@type\":\"ListItem\",\"position\":2,\"name\":\"Boutique\",\"item\":\"https:\\\/\\\/perle-in.com\\\/boutique\\\/\"},{\"@type\":\"ListItem\",\"position\":3,\"name\":\"Bac \u00e0 b\u00e2tonnets de glace Freeze-it\"}]},{\"@type\":\"WebSite\",\"@id\":\"https:\\\/\\\/perle-in.com\\\/#website\",\"url\":\"https:\\\/\\\/perle-in.com\\\/\",\"name\":\"PERLE IN\",\"description\":\"\",\"publisher\":{\"@id\":\"https:\\\/\\\/perle-in.com\\\/#organization\"},\"potentialAction\":[{\"@type\":\"SearchAction\",\"target\":{\"@type\":\"EntryPoint\",\"urlTemplate\":\"https:\\\/\\\/perle-in.com\\\/?s={search_term_string}\"},\"query-input\":{\"@type\":\"PropertyValueSpecification\",\"valueRequired\":true,\"valueName\":\"search_term_string\"}}],\"inLanguage\":\"en-CA\"},{\"@type\":\"Organization\",\"@id\":\"https:\\\/\\\/perle-in.com\\\/#organization\",\"name\":\"PERLE IN\",\"url\":\"https:\\\/\\\/perle-in.com\\\/\",\"logo\":{\"@type\":\"ImageObject\",\"inLanguage\":\"en-CA\",\"@id\":\"https:\\\/\\\/perle-in.com\\\/#\\\/schema\\\/logo\\\/image\\\/\",\"url\":\"https:\\\/\\\/perle-in.com\\\/wp-content\\\/uploads\\\/2022\\\/12\\\/LOGO-PERLE-IN-COULEUR@3x.webp\",\"contentUrl\":\"https:\\\/\\\/perle-in.com\\\/wp-content\\\/uploads\\\/2022\\\/12\\\/LOGO-PERLE-IN-COULEUR@3x.webp\",\"width\":1600,\"height\":490,\"caption\":\"PERLE IN\"},\"image\":{\"@id\":\"https:\\\/\\\/perle-in.com\\\/#\\\/schema\\\/logo\\\/image\\\/\"}}]}<\/script>\n<!-- \/ Yoast SEO plugin. -->","yoast_head_json":{"title":"Bac \u00e0 b\u00e2tonnets de glace Freeze-it - PERLE IN","robots":{"index":"noindex","follow":"follow","max-snippet":"max-snippet:-1","max-image-preview":"max-image-preview:large","max-video-preview":"max-video-preview:-1"},"og_locale":"en_US","og_type":"article","og_title":"Bac \u00e0 b\u00e2tonnets de glace Freeze-it - PERLE IN","og_description":"Gardez vos boissons au frais gr\u00e2ce au tr\u00e8s pratique bac \u00e0 b\u00e2tonnets de glace Freeze-it. Les moules longs et fins cr\u00e9ent des b\u00e2tonnets de glace parfaits pour les utiliser dans des bouteilles. Ces bacs \u00e0 gla\u00e7ons sont fabriqu\u00e9s sur mesure. Votre logo peut donc \u00eatre moul\u00e9 en relief sur la zone centrale, donnant ainsi un effet 3D. Fabriqu\u00e9 au Royaume-Uni.","og_url":"https:\/\/perle-in.com\/en\/product\/bac-a-batonnets-de-glace-freeze-it\/","og_site_name":"PERLE IN","article_modified_time":"2025-10-15T15:15:09+00:00","og_image":[{"width":1600,"height":1600,"url":"https:\/\/perle-in.com\/wp-content\/uploads\/2025\/10\/21029401-1.jpg","type":"image\/jpeg"}],"twitter_card":"summary_large_image","schema":{"@context":"https:\/\/schema.org","@graph":[{"@type":"WebPage","@id":"https:\/\/perle-in.com\/produit\/bac-a-batonnets-de-glace-freeze-it\/","url":"https:\/\/perle-in.com\/produit\/bac-a-batonnets-de-glace-freeze-it\/","name":"Bac \u00e0 b\u00e2tonnets de glace Freeze-it - PERLE IN","isPartOf":{"@id":"https:\/\/perle-in.com\/#website"},"primaryImageOfPage":{"@id":"https:\/\/perle-in.com\/produit\/bac-a-batonnets-de-glace-freeze-it\/#primaryimage"},"image":{"@id":"https:\/\/perle-in.com\/produit\/bac-a-batonnets-de-glace-freeze-it\/#primaryimage"},"thumbnailUrl":"https:\/\/perle-in.com\/wp-content\/uploads\/2025\/10\/21029401-1.jpg","datePublished":"2025-10-15T15:14:51+00:00","dateModified":"2025-10-15T15:15:09+00:00","breadcrumb":{"@id":"https:\/\/perle-in.com\/produit\/bac-a-batonnets-de-glace-freeze-it\/#breadcrumb"},"inLanguage":"en-CA","potentialAction":[{"@type":"ReadAction","target":["https:\/\/perle-in.com\/produit\/bac-a-batonnets-de-glace-freeze-it\/"]}]},{"@type":"ImageObject","inLanguage":"en-CA","@id":"https:\/\/perle-in.com\/produit\/bac-a-batonnets-de-glace-freeze-it\/#primaryimage","url":"https:\/\/perle-in.com\/wp-content\/uploads\/2025\/10\/21029401-1.jpg","contentUrl":"https:\/\/perle-in.com\/wp-content\/uploads\/2025\/10\/21029401-1.jpg","width":1600,"height":1600},{"@type":"BreadcrumbList","@id":"https:\/\/perle-in.com\/produit\/bac-a-batonnets-de-glace-freeze-it\/#breadcrumb","itemListElement":[{"@type":"ListItem","position":1,"name":"Accueil","item":"https:\/\/perle-in.com\/"},{"@type":"ListItem","position":2,"name":"Boutique","item":"https:\/\/perle-in.com\/boutique\/"},{"@type":"ListItem","position":3,"name":"Bac \u00e0 b\u00e2tonnets de glace Freeze-it"}]},{"@type":"WebSite","@id":"https:\/\/perle-in.com\/#website","url":"https:\/\/perle-in.com\/","name":"PERLE IN","description":"","publisher":{"@id":"https:\/\/perle-in.com\/#organization"},"potentialAction":[{"@type":"SearchAction","target":{"@type":"EntryPoint","urlTemplate":"https:\/\/perle-in.com\/?s={search_term_string}"},"query-input":{"@type":"PropertyValueSpecification","valueRequired":true,"valueName":"search_term_string"}}],"inLanguage":"en-CA"},{"@type":"Organization","@id":"https:\/\/perle-in.com\/#organization","name":"PERLE IN","url":"https:\/\/perle-in.com\/","logo":{"@type":"ImageObject","inLanguage":"en-CA","@id":"https:\/\/perle-in.com\/#\/schema\/logo\/image\/","url":"https:\/\/perle-in.com\/wp-content\/uploads\/2022\/12\/LOGO-PERLE-IN-COULEUR@3x.webp","contentUrl":"https:\/\/perle-in.com\/wp-content\/uploads\/2022\/12\/LOGO-PERLE-IN-COULEUR@3x.webp","width":1600,"height":490,"caption":"PERLE IN"},"image":{"@id":"https:\/\/perle-in.com\/#\/schema\/logo\/image\/"}}]}},"jetpack_sharing_enabled":true,"_links":{"self":[{"href":"https:\/\/perle-in.com\/en\/wp-json\/wp\/v2\/product\/564210","targetHints":{"allow":["GET"]}}],"collection":[{"href":"https:\/\/perle-in.com\/en\/wp-json\/wp\/v2\/product"}],"about":[{"href":"https:\/\/perle-in.com\/en\/wp-json\/wp\/v2\/types\/product"}],"version-history":[{"count":0,"href":"https:\/\/perle-in.com\/en\/wp-json\/wp\/v2\/product\/564210\/revisions"}],"wp:featuredmedia":[{"embeddable":true,"href":"https:\/\/perle-in.com\/en\/wp-json\/wp\/v2\/media\/564202"}],"wp:attachment":[{"href":"https:\/\/perle-in.com\/en\/wp-json\/wp\/v2\/media?parent=564210"}],"wp:term":[{"taxonomy":"product_brand","embeddable":true,"href":"https:\/\/perle-in.com\/en\/wp-json\/wp\/v2\/product_brand?post=564210"},{"taxonomy":"product_cat","embeddable":true,"href":"https:\/\/perle-in.com\/en\/wp-json\/wp\/v2\/product_cat?post=564210"},{"taxonomy":"product_tag","embeddable":true,"href":"https:\/\/perle-in.com\/en\/wp-json\/wp\/v2\/product_tag?post=564210"}],"curies":[{"name":"wp","href":"https:\/\/api.w.org\/{rel}","templated":true}]}}