{"id":564200,"date":"2025-10-15T17:12:44","date_gmt":"2025-10-15T15:12:44","guid":{"rendered":"https:\/\/perle-in.com\/produit\/chargeur-mural-xtorm-xec035-gan%c2%b2-ultra-de-35-w-prise-britannique\/"},"modified":"2025-10-15T22:31:40","modified_gmt":"2025-10-15T20:31:40","slug":"chargeur-mural-xtorm-xec035-gan%c2%b2-ultra-de-35-w-prise-britannique","status":"publish","type":"product","link":"https:\/\/perle-in.com\/en\/product\/chargeur-mural-xtorm-xec035-gan%c2%b2-ultra-de-35-w-prise-britannique\/","title":{"rendered":"Chargeur mural Xtorm XEC035 GaN\u00b2 Ultra de 35\u00a0W &#8211; Prise britannique"},"content":{"rendered":"","protected":false},"excerpt":{"rendered":"<p>Le chargeur mural GaN\u00b2 Ultra de 35\u00a0W avec prise britannique est con\u00e7u pour \u00eatre plus compact et plus puissant que jamais. Avec son design compact et sa fonctionnalit\u00e9 double port, ce chargeur mural est parfait pour vos d\u00e9placements, au bureau ou \u00e0 la maison. Pour r\u00e9duire les d\u00e9chets et contribuer \u00e0 un avenir plus durable, le chargeur est fabriqu\u00e9 \u00e0 partir de 97\u00a0% de plastique recycl\u00e9. Sortie\u00a0: 1\u00a0port\u00a0USB-C pour l&#8217;alimentation \u00e9lectrique de 35\u00a0W et 1\u00a0port USB-A pour charge rapide 3.0 de 18\u00a0W. Livr\u00e9 avec un manuel d&#8217;utilisation.<\/p>","protected":false},"featured_media":564193,"template":"","meta":{"_eb_attr":""},"product_brand":[],"product_cat":[1208,667],"product_tag":[816,814,815,3588,784,3587],"class_list":{"0":"post-564200","1":"product","2":"type-product","3":"status-publish","4":"has-post-thumbnail","6":"product_cat-chargeurs","7":"product_cat-technologie","8":"product_tag-charge","9":"product_tag-chargement","10":"product_tag-chargeur","11":"product_tag-mural","12":"product_tag-ordinateur-portable","13":"product_tag-xtorm","14":"pa_couleurs-blanc","15":"pa_green-points-2652","16":"pa_marque-xtorm","17":"pa_matiere-abs-recycle-certifie-grs","19":"first","20":"instock","21":"sale","22":"shipping-taxable","23":"purchasable","24":"product-type-variable"},"yoast_head":"<!-- This site is optimized with the Yoast SEO plugin v27.4 - https:\/\/yoast.com\/product\/yoast-seo-wordpress\/ -->\n<title>Chargeur mural Xtorm XEC035 GaN\u00b2 Ultra de 35\u00a0W - Prise britannique - PERLE IN<\/title>\n<meta name=\"robots\" content=\"noindex, follow, max-snippet:-1, max-image-preview:large, max-video-preview:-1\" \/>\n<meta property=\"og:locale\" content=\"en_US\" \/>\n<meta property=\"og:type\" content=\"article\" \/>\n<meta property=\"og:title\" content=\"Chargeur mural Xtorm XEC035 GaN\u00b2 Ultra de 35\u00a0W - Prise britannique - PERLE IN\" \/>\n<meta property=\"og:description\" content=\"Le chargeur mural GaN\u00b2 Ultra de 35\u00a0W avec prise britannique est con\u00e7u pour \u00eatre plus compact et plus puissant que jamais. Avec son design compact et sa fonctionnalit\u00e9 double port, ce chargeur mural est parfait pour vos d\u00e9placements, au bureau ou \u00e0 la maison. Pour r\u00e9duire les d\u00e9chets et contribuer \u00e0 un avenir plus durable, le chargeur est fabriqu\u00e9 \u00e0 partir de 97\u00a0% de plastique recycl\u00e9. Sortie\u00a0: 1\u00a0port\u00a0USB-C pour l&#039;alimentation \u00e9lectrique de 35\u00a0W et 1\u00a0port USB-A pour charge rapide 3.0 de 18\u00a0W. Livr\u00e9 avec un manuel d&#039;utilisation.\" \/>\n<meta property=\"og:url\" content=\"https:\/\/perle-in.com\/en\/product\/chargeur-mural-xtorm-xec035-gan\u00b2-ultra-de-35-w-prise-britannique\/\" \/>\n<meta property=\"og:site_name\" content=\"PERLE IN\" \/>\n<meta property=\"article:modified_time\" content=\"2025-10-15T20:31:40+00:00\" \/>\n<meta property=\"og:image\" content=\"https:\/\/perle-in.com\/wp-content\/uploads\/2025\/10\/12440801-1.jpg\" \/>\n\t<meta property=\"og:image:width\" content=\"1600\" \/>\n\t<meta property=\"og:image:height\" content=\"1600\" \/>\n\t<meta property=\"og:image:type\" content=\"image\/jpeg\" \/>\n<meta name=\"twitter:card\" content=\"summary_large_image\" \/>\n<script type=\"application\/ld+json\" class=\"yoast-schema-graph\">{\"@context\":\"https:\\\/\\\/schema.org\",\"@graph\":[{\"@type\":\"WebPage\",\"@id\":\"https:\\\/\\\/perle-in.com\\\/produit\\\/chargeur-mural-xtorm-xec035-gan%c2%b2-ultra-de-35-w-prise-britannique\\\/\",\"url\":\"https:\\\/\\\/perle-in.com\\\/produit\\\/chargeur-mural-xtorm-xec035-gan%c2%b2-ultra-de-35-w-prise-britannique\\\/\",\"name\":\"Chargeur mural Xtorm XEC035 GaN\u00b2 Ultra de 35\u00a0W - Prise britannique - PERLE IN\",\"isPartOf\":{\"@id\":\"https:\\\/\\\/perle-in.com\\\/#website\"},\"primaryImageOfPage\":{\"@id\":\"https:\\\/\\\/perle-in.com\\\/produit\\\/chargeur-mural-xtorm-xec035-gan%c2%b2-ultra-de-35-w-prise-britannique\\\/#primaryimage\"},\"image\":{\"@id\":\"https:\\\/\\\/perle-in.com\\\/produit\\\/chargeur-mural-xtorm-xec035-gan%c2%b2-ultra-de-35-w-prise-britannique\\\/#primaryimage\"},\"thumbnailUrl\":\"https:\\\/\\\/perle-in.com\\\/wp-content\\\/uploads\\\/2025\\\/10\\\/12440801-1.jpg\",\"datePublished\":\"2025-10-15T15:12:44+00:00\",\"dateModified\":\"2025-10-15T20:31:40+00:00\",\"breadcrumb\":{\"@id\":\"https:\\\/\\\/perle-in.com\\\/produit\\\/chargeur-mural-xtorm-xec035-gan%c2%b2-ultra-de-35-w-prise-britannique\\\/#breadcrumb\"},\"inLanguage\":\"en-CA\",\"potentialAction\":[{\"@type\":\"ReadAction\",\"target\":[\"https:\\\/\\\/perle-in.com\\\/produit\\\/chargeur-mural-xtorm-xec035-gan%c2%b2-ultra-de-35-w-prise-britannique\\\/\"]}]},{\"@type\":\"ImageObject\",\"inLanguage\":\"en-CA\",\"@id\":\"https:\\\/\\\/perle-in.com\\\/produit\\\/chargeur-mural-xtorm-xec035-gan%c2%b2-ultra-de-35-w-prise-britannique\\\/#primaryimage\",\"url\":\"https:\\\/\\\/perle-in.com\\\/wp-content\\\/uploads\\\/2025\\\/10\\\/12440801-1.jpg\",\"contentUrl\":\"https:\\\/\\\/perle-in.com\\\/wp-content\\\/uploads\\\/2025\\\/10\\\/12440801-1.jpg\",\"width\":1600,\"height\":1600},{\"@type\":\"BreadcrumbList\",\"@id\":\"https:\\\/\\\/perle-in.com\\\/produit\\\/chargeur-mural-xtorm-xec035-gan%c2%b2-ultra-de-35-w-prise-britannique\\\/#breadcrumb\",\"itemListElement\":[{\"@type\":\"ListItem\",\"position\":1,\"name\":\"Accueil\",\"item\":\"https:\\\/\\\/perle-in.com\\\/\"},{\"@type\":\"ListItem\",\"position\":2,\"name\":\"Boutique\",\"item\":\"https:\\\/\\\/perle-in.com\\\/boutique\\\/\"},{\"@type\":\"ListItem\",\"position\":3,\"name\":\"Chargeur mural Xtorm XEC035 GaN\u00b2 Ultra de 35\u00a0W &#8211; Prise britannique\"}]},{\"@type\":\"WebSite\",\"@id\":\"https:\\\/\\\/perle-in.com\\\/#website\",\"url\":\"https:\\\/\\\/perle-in.com\\\/\",\"name\":\"PERLE IN\",\"description\":\"\",\"publisher\":{\"@id\":\"https:\\\/\\\/perle-in.com\\\/#organization\"},\"potentialAction\":[{\"@type\":\"SearchAction\",\"target\":{\"@type\":\"EntryPoint\",\"urlTemplate\":\"https:\\\/\\\/perle-in.com\\\/?s={search_term_string}\"},\"query-input\":{\"@type\":\"PropertyValueSpecification\",\"valueRequired\":true,\"valueName\":\"search_term_string\"}}],\"inLanguage\":\"en-CA\"},{\"@type\":\"Organization\",\"@id\":\"https:\\\/\\\/perle-in.com\\\/#organization\",\"name\":\"PERLE IN\",\"url\":\"https:\\\/\\\/perle-in.com\\\/\",\"logo\":{\"@type\":\"ImageObject\",\"inLanguage\":\"en-CA\",\"@id\":\"https:\\\/\\\/perle-in.com\\\/#\\\/schema\\\/logo\\\/image\\\/\",\"url\":\"https:\\\/\\\/perle-in.com\\\/wp-content\\\/uploads\\\/2022\\\/12\\\/LOGO-PERLE-IN-COULEUR@3x.webp\",\"contentUrl\":\"https:\\\/\\\/perle-in.com\\\/wp-content\\\/uploads\\\/2022\\\/12\\\/LOGO-PERLE-IN-COULEUR@3x.webp\",\"width\":1600,\"height\":490,\"caption\":\"PERLE IN\"},\"image\":{\"@id\":\"https:\\\/\\\/perle-in.com\\\/#\\\/schema\\\/logo\\\/image\\\/\"}}]}<\/script>\n<!-- \/ Yoast SEO plugin. -->","yoast_head_json":{"title":"Chargeur mural Xtorm XEC035 GaN\u00b2 Ultra de 35\u00a0W - Prise britannique - PERLE IN","robots":{"index":"noindex","follow":"follow","max-snippet":"max-snippet:-1","max-image-preview":"max-image-preview:large","max-video-preview":"max-video-preview:-1"},"og_locale":"en_US","og_type":"article","og_title":"Chargeur mural Xtorm XEC035 GaN\u00b2 Ultra de 35\u00a0W - Prise britannique - PERLE IN","og_description":"Le chargeur mural GaN\u00b2 Ultra de 35\u00a0W avec prise britannique est con\u00e7u pour \u00eatre plus compact et plus puissant que jamais. Avec son design compact et sa fonctionnalit\u00e9 double port, ce chargeur mural est parfait pour vos d\u00e9placements, au bureau ou \u00e0 la maison. Pour r\u00e9duire les d\u00e9chets et contribuer \u00e0 un avenir plus durable, le chargeur est fabriqu\u00e9 \u00e0 partir de 97\u00a0% de plastique recycl\u00e9. Sortie\u00a0: 1\u00a0port\u00a0USB-C pour l'alimentation \u00e9lectrique de 35\u00a0W et 1\u00a0port USB-A pour charge rapide 3.0 de 18\u00a0W. Livr\u00e9 avec un manuel d'utilisation.","og_url":"https:\/\/perle-in.com\/en\/product\/chargeur-mural-xtorm-xec035-gan\u00b2-ultra-de-35-w-prise-britannique\/","og_site_name":"PERLE IN","article_modified_time":"2025-10-15T20:31:40+00:00","og_image":[{"width":1600,"height":1600,"url":"https:\/\/perle-in.com\/wp-content\/uploads\/2025\/10\/12440801-1.jpg","type":"image\/jpeg"}],"twitter_card":"summary_large_image","schema":{"@context":"https:\/\/schema.org","@graph":[{"@type":"WebPage","@id":"https:\/\/perle-in.com\/produit\/chargeur-mural-xtorm-xec035-gan%c2%b2-ultra-de-35-w-prise-britannique\/","url":"https:\/\/perle-in.com\/produit\/chargeur-mural-xtorm-xec035-gan%c2%b2-ultra-de-35-w-prise-britannique\/","name":"Chargeur mural Xtorm XEC035 GaN\u00b2 Ultra de 35\u00a0W - Prise britannique - PERLE IN","isPartOf":{"@id":"https:\/\/perle-in.com\/#website"},"primaryImageOfPage":{"@id":"https:\/\/perle-in.com\/produit\/chargeur-mural-xtorm-xec035-gan%c2%b2-ultra-de-35-w-prise-britannique\/#primaryimage"},"image":{"@id":"https:\/\/perle-in.com\/produit\/chargeur-mural-xtorm-xec035-gan%c2%b2-ultra-de-35-w-prise-britannique\/#primaryimage"},"thumbnailUrl":"https:\/\/perle-in.com\/wp-content\/uploads\/2025\/10\/12440801-1.jpg","datePublished":"2025-10-15T15:12:44+00:00","dateModified":"2025-10-15T20:31:40+00:00","breadcrumb":{"@id":"https:\/\/perle-in.com\/produit\/chargeur-mural-xtorm-xec035-gan%c2%b2-ultra-de-35-w-prise-britannique\/#breadcrumb"},"inLanguage":"en-CA","potentialAction":[{"@type":"ReadAction","target":["https:\/\/perle-in.com\/produit\/chargeur-mural-xtorm-xec035-gan%c2%b2-ultra-de-35-w-prise-britannique\/"]}]},{"@type":"ImageObject","inLanguage":"en-CA","@id":"https:\/\/perle-in.com\/produit\/chargeur-mural-xtorm-xec035-gan%c2%b2-ultra-de-35-w-prise-britannique\/#primaryimage","url":"https:\/\/perle-in.com\/wp-content\/uploads\/2025\/10\/12440801-1.jpg","contentUrl":"https:\/\/perle-in.com\/wp-content\/uploads\/2025\/10\/12440801-1.jpg","width":1600,"height":1600},{"@type":"BreadcrumbList","@id":"https:\/\/perle-in.com\/produit\/chargeur-mural-xtorm-xec035-gan%c2%b2-ultra-de-35-w-prise-britannique\/#breadcrumb","itemListElement":[{"@type":"ListItem","position":1,"name":"Accueil","item":"https:\/\/perle-in.com\/"},{"@type":"ListItem","position":2,"name":"Boutique","item":"https:\/\/perle-in.com\/boutique\/"},{"@type":"ListItem","position":3,"name":"Chargeur mural Xtorm XEC035 GaN\u00b2 Ultra de 35\u00a0W &#8211; Prise britannique"}]},{"@type":"WebSite","@id":"https:\/\/perle-in.com\/#website","url":"https:\/\/perle-in.com\/","name":"PERLE IN","description":"","publisher":{"@id":"https:\/\/perle-in.com\/#organization"},"potentialAction":[{"@type":"SearchAction","target":{"@type":"EntryPoint","urlTemplate":"https:\/\/perle-in.com\/?s={search_term_string}"},"query-input":{"@type":"PropertyValueSpecification","valueRequired":true,"valueName":"search_term_string"}}],"inLanguage":"en-CA"},{"@type":"Organization","@id":"https:\/\/perle-in.com\/#organization","name":"PERLE IN","url":"https:\/\/perle-in.com\/","logo":{"@type":"ImageObject","inLanguage":"en-CA","@id":"https:\/\/perle-in.com\/#\/schema\/logo\/image\/","url":"https:\/\/perle-in.com\/wp-content\/uploads\/2022\/12\/LOGO-PERLE-IN-COULEUR@3x.webp","contentUrl":"https:\/\/perle-in.com\/wp-content\/uploads\/2022\/12\/LOGO-PERLE-IN-COULEUR@3x.webp","width":1600,"height":490,"caption":"PERLE IN"},"image":{"@id":"https:\/\/perle-in.com\/#\/schema\/logo\/image\/"}}]}},"jetpack_sharing_enabled":true,"_links":{"self":[{"href":"https:\/\/perle-in.com\/en\/wp-json\/wp\/v2\/product\/564200","targetHints":{"allow":["GET"]}}],"collection":[{"href":"https:\/\/perle-in.com\/en\/wp-json\/wp\/v2\/product"}],"about":[{"href":"https:\/\/perle-in.com\/en\/wp-json\/wp\/v2\/types\/product"}],"version-history":[{"count":0,"href":"https:\/\/perle-in.com\/en\/wp-json\/wp\/v2\/product\/564200\/revisions"}],"wp:featuredmedia":[{"embeddable":true,"href":"https:\/\/perle-in.com\/en\/wp-json\/wp\/v2\/media\/564193"}],"wp:attachment":[{"href":"https:\/\/perle-in.com\/en\/wp-json\/wp\/v2\/media?parent=564200"}],"wp:term":[{"taxonomy":"product_brand","embeddable":true,"href":"https:\/\/perle-in.com\/en\/wp-json\/wp\/v2\/product_brand?post=564200"},{"taxonomy":"product_cat","embeddable":true,"href":"https:\/\/perle-in.com\/en\/wp-json\/wp\/v2\/product_cat?post=564200"},{"taxonomy":"product_tag","embeddable":true,"href":"https:\/\/perle-in.com\/en\/wp-json\/wp\/v2\/product_tag?post=564200"}],"curies":[{"name":"wp","href":"https:\/\/api.w.org\/{rel}","templated":true}]}}